{"id":1938,"date":"2022-07-03T12:27:31","date_gmt":"2022-07-03T12:27:31","guid":{"rendered":"https:\/\/gooddealersmeds.com\/da\/?post_type=product&#038;p=1938"},"modified":"2023-01-17T16:49:17","modified_gmt":"2023-01-17T16:49:17","slug":"kob-dexedrin-5mg-piller-online","status":"publish","type":"product","link":"https:\/\/gooddealersmeds.com\/da\/product\/kob-dexedrin-5mg-piller-online\/","title":{"rendered":"K\u00f8b Dexedrine 5mg piller online"},"content":{"rendered":"<h2>Bestil Dexedrine 5mg piller online i vores butik &#8211; Dexedrine til salg<\/h2>\n<p>Concerta er et l\u00e6gemiddel, der bruges til at behandle opm\u00e6rksomhedsforstyrrelser med hyperaktivitet (ADHD) . Det er en amfetamin, hvilket betyder, at den virker ved at stimulere centralnervesystemet. Dexedrine til salg<\/p>\n<p>Dexedrine indeholder d-amfetaminsalte og indgives oralt eller via injektion. Det kan tages med eller uden mad. Den anbefalede dosis til voksne er 10 mg \u00e9n gang dagligt, men nogle mennesker kan have brug for mere eller mindre afh\u00e6ngigt af deres individuelle behov. Det skal dog bem\u00e6rkes, at det kan v\u00e6re farligt, hvis det tages i h\u00f8jere doser end foreskrevet af din l\u00e6ge.<\/p>\n<p>Concerta kommer i pilleform og kan tages \u00e9n gang dagligt. Det kommer i styrker fra 5 mg til 60 mg om dagen. Den anbefalede dosis afh\u00e6nger af alder og v\u00e6gt, men de fleste voksne tager 15 mg dagligt eller mindre.<\/p>\n<p>&nbsp;<\/p>\n<p><strong>Hvorfor k\u00f8be Dexedrine 5mg piller online?<\/strong><\/p>\n<p>Du vil m\u00e5ske overveje at k\u00f8be din receptpligtige medicin online, hvis du vil spare nogle penge p\u00e5 dem. Du kan f\u00e5 rabatter, mens du k\u00f8ber online, og det er super nemt at g\u00f8re. Her er grunden: Dexedrine til salg<\/p>\n<ul>\n<li>K\u00f8b af medicin online kan s\u00e6nke prisen drastisk.<\/li>\n<li>Du har flere muligheder end nogensinde, med apoteker, der tilbyder alt fra generiske l\u00e6gemidler til varem\u00e6rkemuligheder.<\/li>\n<li>Apoteket kr\u00e6ver ikke, at du st\u00e5r i k\u00f8 i lange perioder.<\/li>\n<li>Du beh\u00f8ver ikke at bekymre dig om at blive snydt eller se en, du kender, fors\u00f8ge at s\u00e6lge dig noget.<\/li>\n<\/ul>\n<p>&nbsp;<\/p>\n<p><strong>Hvor kan man bestille Dexedrine 5mg piller online?\u00a0<\/strong><\/p>\n<p>Mange apoteker s\u00e6lger Dexedrine 5mg piller online, men kun hvis de har adgang til gode leverand\u00f8rer af h\u00f8j kvalitet! Men den gode nyhed er, at du ogs\u00e5 kan k\u00f8be <a href=\"https:\/\/gooddealersmeds.com\/da\/product\/buy-dexedrine-5mg-pills-online\/\">Dexedrine 5mg piller<\/a> online fra gode forhandlere Meds.<\/p>\n<p>Du vil blive forsynet med alle detaljer om din ordre, f\u00f8r du forts\u00e6tter med k\u00f8bsprocessen, s\u00e5 der er ingen grund til at bekymre dig om noget!<\/p>\n","protected":false},"excerpt":{"rendered":"<p>K\u00f8b Dexedrine 5 mg piller online uden recept. Bestil dexedrin meget hurtigt og nemt. Vores leveringsservice vil give dig din ordre p\u00e5 Dextroamphetamin p\u00e5 kortest mulig tid!<\/p>\n","protected":false},"featured_media":1943,"comment_status":"open","ping_status":"closed","template":"","meta":{"inline_featured_image":false},"product_brand":[],"product_cat":[346],"product_tag":[500,492,493,497,499,498,491,494,495,496,501],"class_list":{"0":"post-1938","1":"product","2":"type-product","3":"status-publish","4":"has-post-thumbnail","6":"product_cat-stimulanser","7":"product_tag-bestil-dexedrine-online","8":"product_tag-buy-dexedrine-5mg-canada","9":"product_tag-buy-dexedrine-5mg-online","10":"product_tag-dexedrin-5mg-usa","11":"product_tag-dextroamphetamin-5mg-leverandr","12":"product_tag-dextroamphetamin-5mg-usa","13":"product_tag-kb-billig-dexedrin","14":"product_tag-kb-dexedrin-5mg-tabletter-online","15":"product_tag-buy-dexedrine-5mg-usa","16":"product_tag-buy-dexedrine-australien","17":"product_tag-kb-dexedrine-online","19":"first","20":"instock","21":"shipping-taxable","22":"purchasable","23":"product-type-variable","24":"has-default-attributes"},"yoast_head":"<!-- This site is optimized with the Yoast SEO Premium plugin v20.6 (Yoast SEO v27.4) - https:\/\/yoast.com\/product\/yoast-seo-premium-wordpress\/ -->\n<title>Dexedrine til salg | K\u00f8b Dexedrine 5mg piller online | Good Dealers Meds<\/title>\n<meta name=\"description\" content=\"K\u00f8b Dexedrine 5mg piller online uden recept. Bestil dexedrin og f\u00e5 leveringsservice lige ved d\u00f8ren p\u00e5 kortest mulig tid! Dexedrine til salg\" \/>\n<meta name=\"robots\" content=\"index, follow, max-snippet:-1, max-image-preview:large, max-video-preview:-1\" \/>\n<link rel=\"canonical\" href=\"https:\/\/gooddealersmeds.com\/da\/product\/kob-dexedrin-5mg-piller-online\/\" \/>\n<meta property=\"og:locale\" content=\"en_US\" \/>\n<meta property=\"og:type\" content=\"article\" \/>\n<meta property=\"og:title\" content=\"K\u00f8b Dexedrine 5mg piller online\" \/>\n<meta property=\"og:description\" content=\"K\u00f8b Dexedrine 5mg piller online uden recept. Bestil dexedrin og f\u00e5 leveringsservice lige ved d\u00f8ren p\u00e5 kortest mulig tid! Dexedrine til salg\" \/>\n<meta property=\"og:url\" content=\"https:\/\/gooddealersmeds.com\/da\/product\/kob-dexedrin-5mg-piller-online\/\" \/>\n<meta property=\"og:site_name\" content=\"Good Dealers Meds\" \/>\n<meta property=\"article:modified_time\" content=\"2023-01-17T16:49:17+00:00\" \/>\n<meta property=\"og:image\" content=\"https:\/\/gooddealersmeds.com\/da\/wp-content\/uploads\/sites\/2\/2022\/07\/Buy-Dexedrine-5mg-Pills-Online.jpg\" \/>\n\t<meta property=\"og:image:width\" content=\"600\" \/>\n\t<meta property=\"og:image:height\" content=\"600\" \/>\n\t<meta property=\"og:image:type\" content=\"image\/jpeg\" \/>\n<meta name=\"twitter:card\" content=\"summary_large_image\" \/>\n<meta name=\"twitter:label1\" content=\"Est. reading time\" \/>\n\t<meta name=\"twitter:data1\" content=\"2 minutes\" \/>\n<script type=\"application\/ld+json\" class=\"yoast-schema-graph\">{\"@context\":\"https:\\\/\\\/schema.org\",\"@graph\":[{\"@type\":\"WebPage\",\"@id\":\"https:\\\/\\\/gooddealersmeds.com\\\/da\\\/product\\\/kob-dexedrin-5mg-piller-online\\\/\",\"url\":\"https:\\\/\\\/gooddealersmeds.com\\\/da\\\/product\\\/kob-dexedrin-5mg-piller-online\\\/\",\"name\":\"Dexedrine til salg | K\u00f8b Dexedrine 5mg piller online | Good Dealers Meds\",\"isPartOf\":{\"@id\":\"https:\\\/\\\/gooddealersmeds.com\\\/da\\\/#website\"},\"primaryImageOfPage\":{\"@id\":\"https:\\\/\\\/gooddealersmeds.com\\\/da\\\/product\\\/kob-dexedrin-5mg-piller-online\\\/#primaryimage\"},\"image\":{\"@id\":\"https:\\\/\\\/gooddealersmeds.com\\\/da\\\/product\\\/kob-dexedrin-5mg-piller-online\\\/#primaryimage\"},\"thumbnailUrl\":\"https:\\\/\\\/gooddealersmeds.com\\\/da\\\/wp-content\\\/uploads\\\/sites\\\/2\\\/2022\\\/07\\\/Buy-Dexedrine-5mg-Pills-Online.jpg\",\"datePublished\":\"2022-07-03T12:27:31+00:00\",\"dateModified\":\"2023-01-17T16:49:17+00:00\",\"description\":\"K\u00f8b Dexedrine 5mg piller online uden recept. Bestil dexedrin og f\u00e5 leveringsservice lige ved d\u00f8ren p\u00e5 kortest mulig tid! Dexedrine til salg\",\"breadcrumb\":{\"@id\":\"https:\\\/\\\/gooddealersmeds.com\\\/da\\\/product\\\/kob-dexedrin-5mg-piller-online\\\/#breadcrumb\"},\"inLanguage\":\"en-US\",\"potentialAction\":[{\"@type\":\"ReadAction\",\"target\":[\"https:\\\/\\\/gooddealersmeds.com\\\/da\\\/product\\\/kob-dexedrin-5mg-piller-online\\\/\"]}]},{\"@type\":\"ImageObject\",\"inLanguage\":\"en-US\",\"@id\":\"https:\\\/\\\/gooddealersmeds.com\\\/da\\\/product\\\/kob-dexedrin-5mg-piller-online\\\/#primaryimage\",\"url\":\"https:\\\/\\\/gooddealersmeds.com\\\/da\\\/wp-content\\\/uploads\\\/sites\\\/2\\\/2022\\\/07\\\/Buy-Dexedrine-5mg-Pills-Online.jpg\",\"contentUrl\":\"https:\\\/\\\/gooddealersmeds.com\\\/da\\\/wp-content\\\/uploads\\\/sites\\\/2\\\/2022\\\/07\\\/Buy-Dexedrine-5mg-Pills-Online.jpg\",\"width\":600,\"height\":600,\"caption\":\"Buy Dexedrine 5mg Pills\"},{\"@type\":\"BreadcrumbList\",\"@id\":\"https:\\\/\\\/gooddealersmeds.com\\\/da\\\/product\\\/kob-dexedrin-5mg-piller-online\\\/#breadcrumb\",\"itemListElement\":[{\"@type\":\"ListItem\",\"position\":1,\"name\":\"Home\",\"item\":\"https:\\\/\\\/gooddealersmeds.com\\\/da\\\/\"},{\"@type\":\"ListItem\",\"position\":2,\"name\":\"Produkter\",\"item\":\"https:\\\/\\\/gooddealersmeds.com\\\/da\\\/produkter\\\/\"},{\"@type\":\"ListItem\",\"position\":3,\"name\":\"K\u00f8b Dexedrine 5mg piller online\"}]},{\"@type\":\"WebSite\",\"@id\":\"https:\\\/\\\/gooddealersmeds.com\\\/da\\\/#website\",\"url\":\"https:\\\/\\\/gooddealersmeds.com\\\/da\\\/\",\"name\":\"Good Dealers Meds\",\"description\":\"All our best\",\"publisher\":{\"@id\":\"https:\\\/\\\/gooddealersmeds.com\\\/da\\\/#organization\"},\"potentialAction\":[{\"@type\":\"SearchAction\",\"target\":{\"@type\":\"EntryPoint\",\"urlTemplate\":\"https:\\\/\\\/gooddealersmeds.com\\\/da\\\/?s={search_term_string}\"},\"query-input\":{\"@type\":\"PropertyValueSpecification\",\"valueRequired\":true,\"valueName\":\"search_term_string\"}}],\"inLanguage\":\"en-US\"},{\"@type\":\"Organization\",\"@id\":\"https:\\\/\\\/gooddealersmeds.com\\\/da\\\/#organization\",\"name\":\"Good Dealers Meds\",\"url\":\"https:\\\/\\\/gooddealersmeds.com\\\/da\\\/\",\"logo\":{\"@type\":\"ImageObject\",\"inLanguage\":\"en-US\",\"@id\":\"https:\\\/\\\/gooddealersmeds.com\\\/da\\\/#\\\/schema\\\/logo\\\/image\\\/\",\"url\":\"https:\\\/\\\/gooddealersmeds.com\\\/da\\\/wp-content\\\/uploads\\\/sites\\\/2\\\/2022\\\/03\\\/gooddealersmeds__logo__20220317T222800Z.00.png\",\"contentUrl\":\"https:\\\/\\\/gooddealersmeds.com\\\/da\\\/wp-content\\\/uploads\\\/sites\\\/2\\\/2022\\\/03\\\/gooddealersmeds__logo__20220317T222800Z.00.png\",\"width\":500,\"height\":325,\"caption\":\"Good Dealers Meds\"},\"image\":{\"@id\":\"https:\\\/\\\/gooddealersmeds.com\\\/da\\\/#\\\/schema\\\/logo\\\/image\\\/\"}}]}<\/script>\n<!-- \/ Yoast SEO Premium plugin. -->","yoast_head_json":{"title":"Dexedrine til salg | K\u00f8b Dexedrine 5mg piller online | Good Dealers Meds","description":"K\u00f8b Dexedrine 5mg piller online uden recept. Bestil dexedrin og f\u00e5 leveringsservice lige ved d\u00f8ren p\u00e5 kortest mulig tid! Dexedrine til salg","robots":{"index":"index","follow":"follow","max-snippet":"max-snippet:-1","max-image-preview":"max-image-preview:large","max-video-preview":"max-video-preview:-1"},"canonical":"https:\/\/gooddealersmeds.com\/da\/product\/kob-dexedrin-5mg-piller-online\/","og_locale":"en_US","og_type":"article","og_title":"K\u00f8b Dexedrine 5mg piller online","og_description":"K\u00f8b Dexedrine 5mg piller online uden recept. Bestil dexedrin og f\u00e5 leveringsservice lige ved d\u00f8ren p\u00e5 kortest mulig tid! Dexedrine til salg","og_url":"https:\/\/gooddealersmeds.com\/da\/product\/kob-dexedrin-5mg-piller-online\/","og_site_name":"Good Dealers Meds","article_modified_time":"2023-01-17T16:49:17+00:00","og_image":[{"width":600,"height":600,"url":"https:\/\/gooddealersmeds.com\/da\/wp-content\/uploads\/sites\/2\/2022\/07\/Buy-Dexedrine-5mg-Pills-Online.jpg","type":"image\/jpeg"}],"twitter_card":"summary_large_image","twitter_misc":{"Est. reading time":"2 minutes"},"schema":{"@context":"https:\/\/schema.org","@graph":[{"@type":"WebPage","@id":"https:\/\/gooddealersmeds.com\/da\/product\/kob-dexedrin-5mg-piller-online\/","url":"https:\/\/gooddealersmeds.com\/da\/product\/kob-dexedrin-5mg-piller-online\/","name":"Dexedrine til salg | K\u00f8b Dexedrine 5mg piller online | Good Dealers Meds","isPartOf":{"@id":"https:\/\/gooddealersmeds.com\/da\/#website"},"primaryImageOfPage":{"@id":"https:\/\/gooddealersmeds.com\/da\/product\/kob-dexedrin-5mg-piller-online\/#primaryimage"},"image":{"@id":"https:\/\/gooddealersmeds.com\/da\/product\/kob-dexedrin-5mg-piller-online\/#primaryimage"},"thumbnailUrl":"https:\/\/gooddealersmeds.com\/da\/wp-content\/uploads\/sites\/2\/2022\/07\/Buy-Dexedrine-5mg-Pills-Online.jpg","datePublished":"2022-07-03T12:27:31+00:00","dateModified":"2023-01-17T16:49:17+00:00","description":"K\u00f8b Dexedrine 5mg piller online uden recept. Bestil dexedrin og f\u00e5 leveringsservice lige ved d\u00f8ren p\u00e5 kortest mulig tid! Dexedrine til salg","breadcrumb":{"@id":"https:\/\/gooddealersmeds.com\/da\/product\/kob-dexedrin-5mg-piller-online\/#breadcrumb"},"inLanguage":"en-US","potentialAction":[{"@type":"ReadAction","target":["https:\/\/gooddealersmeds.com\/da\/product\/kob-dexedrin-5mg-piller-online\/"]}]},{"@type":"ImageObject","inLanguage":"en-US","@id":"https:\/\/gooddealersmeds.com\/da\/product\/kob-dexedrin-5mg-piller-online\/#primaryimage","url":"https:\/\/gooddealersmeds.com\/da\/wp-content\/uploads\/sites\/2\/2022\/07\/Buy-Dexedrine-5mg-Pills-Online.jpg","contentUrl":"https:\/\/gooddealersmeds.com\/da\/wp-content\/uploads\/sites\/2\/2022\/07\/Buy-Dexedrine-5mg-Pills-Online.jpg","width":600,"height":600,"caption":"Buy Dexedrine 5mg Pills"},{"@type":"BreadcrumbList","@id":"https:\/\/gooddealersmeds.com\/da\/product\/kob-dexedrin-5mg-piller-online\/#breadcrumb","itemListElement":[{"@type":"ListItem","position":1,"name":"Home","item":"https:\/\/gooddealersmeds.com\/da\/"},{"@type":"ListItem","position":2,"name":"Produkter","item":"https:\/\/gooddealersmeds.com\/da\/produkter\/"},{"@type":"ListItem","position":3,"name":"K\u00f8b Dexedrine 5mg piller online"}]},{"@type":"WebSite","@id":"https:\/\/gooddealersmeds.com\/da\/#website","url":"https:\/\/gooddealersmeds.com\/da\/","name":"Good Dealers Meds","description":"All our best","publisher":{"@id":"https:\/\/gooddealersmeds.com\/da\/#organization"},"potentialAction":[{"@type":"SearchAction","target":{"@type":"EntryPoint","urlTemplate":"https:\/\/gooddealersmeds.com\/da\/?s={search_term_string}"},"query-input":{"@type":"PropertyValueSpecification","valueRequired":true,"valueName":"search_term_string"}}],"inLanguage":"en-US"},{"@type":"Organization","@id":"https:\/\/gooddealersmeds.com\/da\/#organization","name":"Good Dealers Meds","url":"https:\/\/gooddealersmeds.com\/da\/","logo":{"@type":"ImageObject","inLanguage":"en-US","@id":"https:\/\/gooddealersmeds.com\/da\/#\/schema\/logo\/image\/","url":"https:\/\/gooddealersmeds.com\/da\/wp-content\/uploads\/sites\/2\/2022\/03\/gooddealersmeds__logo__20220317T222800Z.00.png","contentUrl":"https:\/\/gooddealersmeds.com\/da\/wp-content\/uploads\/sites\/2\/2022\/03\/gooddealersmeds__logo__20220317T222800Z.00.png","width":500,"height":325,"caption":"Good Dealers Meds"},"image":{"@id":"https:\/\/gooddealersmeds.com\/da\/#\/schema\/logo\/image\/"}}]}},"_links":{"self":[{"href":"https:\/\/gooddealersmeds.com\/da\/wp-json\/wp\/v2\/product\/1938","targetHints":{"allow":["GET"]}}],"collection":[{"href":"https:\/\/gooddealersmeds.com\/da\/wp-json\/wp\/v2\/product"}],"about":[{"href":"https:\/\/gooddealersmeds.com\/da\/wp-json\/wp\/v2\/types\/product"}],"replies":[{"embeddable":true,"href":"https:\/\/gooddealersmeds.com\/da\/wp-json\/wp\/v2\/comments?post=1938"}],"wp:featuredmedia":[{"embeddable":true,"href":"https:\/\/gooddealersmeds.com\/da\/wp-json\/wp\/v2\/media\/1943"}],"wp:attachment":[{"href":"https:\/\/gooddealersmeds.com\/da\/wp-json\/wp\/v2\/media?parent=1938"}],"wp:term":[{"taxonomy":"product_brand","embeddable":true,"href":"https:\/\/gooddealersmeds.com\/da\/wp-json\/wp\/v2\/product_brand?post=1938"},{"taxonomy":"product_cat","embeddable":true,"href":"https:\/\/gooddealersmeds.com\/da\/wp-json\/wp\/v2\/product_cat?post=1938"},{"taxonomy":"product_tag","embeddable":true,"href":"https:\/\/gooddealersmeds.com\/da\/wp-json\/wp\/v2\/product_tag?post=1938"}],"curies":[{"name":"wp","href":"https:\/\/api.w.org\/{rel}","templated":true}]}}