{"id":1932,"date":"2022-07-03T12:18:16","date_gmt":"2022-07-03T12:18:16","guid":{"rendered":"https:\/\/gooddealersmeds.com\/da\/?post_type=product&#038;p=1932"},"modified":"2023-01-17T16:57:22","modified_gmt":"2023-01-17T16:57:22","slug":"4-fea-stoffer","status":"publish","type":"product","link":"https:\/\/gooddealersmeds.com\/da\/product\/4-fea-stoffer\/","title":{"rendered":"K\u00f8b 4-FEA L\u00e6gemidler online"},"content":{"rendered":"<h2>K\u00f8b 4-FEA-l\u00e6gemidler online<\/h2>\n<p>Kortikosteroider er en gruppe l\u00e6gemidler, der har v\u00e6ret brugt i \u00e5revis til at behandle alle mulige tilstande, herunder astma og allergiske reaktioner. De bruges ogs\u00e5 til at behandle bipolar lidelse og andre psykiske lidelser.<\/p>\n<p>Men nu er en ny generation af kortikosteroider tilg\u00e6ngelig &#8211; og det er sikrere end nogensinde! Denne nyere generation kommer i form af <a href=\"https:\/\/gooddealersmeds.com\/da\/product\/4-fea-drugs\/\">4-FEA-l\u00e6gemidler<\/a>. Disse l\u00e6gemidler er designet til at v\u00e6re nemmere for din krop end andre traditionelle kortikosteroider, s\u00e5 du kan bruge dem uden at bekymre dig om bivirkninger.<\/p>\n<p>Vil du vide, &#8220;Hvordan virker 4-FEA-l\u00e6gemidler?&#8221;<\/p>\n<p><a href=\"https:\/\/www.rcsb.org\/structure\/4fea\">4-FEA<\/a> l\u00e6gemidler virker ved at reducere bet\u00e6ndelse i din krop. De reducerer ogs\u00e5 h\u00e6velse og hj\u00e6lper dit immunsystem med at bek\u00e6mpe infektioner. Fordi de ikke kommer med de samme bivirkninger som andre behandlingsmuligheder, er de perfekte til folk, der vil have noget, der virker hurtigt uden at for\u00e5rsage smerte eller ubehag.<\/p>\n<p>&nbsp;<\/p>\n<p><strong>Hvorfor bestille 4-FEA-l\u00e6gemidler online?<\/strong><\/p>\n<p>&nbsp;<\/p>\n<p>Der er ingen risici forbundet med at k\u00f8be 4-FEA-l\u00e6gemidler online, som kan v\u00e6re der, n\u00e5r du k\u00f8b dem personligt.<\/p>\n<p>At k\u00f8be 4-FEA-l\u00e6gemidler online kan v\u00e6re billigere end at k\u00f8be dem p\u00e5 et kontor eller apotek. N\u00e5r du shopper rundt efter priser p\u00e5 4-FEA-l\u00e6gemidler, skal du s\u00f8rge for at sammenligne forskellige websteder og se, hvad de har at tilbyde.<\/p>\n<p>N\u00e5r du k\u00f8ber 4-FEA-l\u00e6gemidler online, kan du f\u00e5 adgang til alle dine l\u00e6gemidler p\u00e5 \u00e9n gang. Is\u00e6r hvis du har problemer med at huske, hvorn\u00e5r dine recepter forfalder, beh\u00f8ver du ikke l\u00e6ngere bes\u00f8ge flere apoteker for at f\u00e5 din medicin.<\/p>\n<p>&nbsp;<\/p>\n<p><strong>Hvor skal du henvende dig for at k\u00f8be 4 -FEA Drugs Online?<\/strong><\/p>\n<p>&nbsp;<\/p>\n<p>Du kan k\u00f8be 4-FEA medicin online hos Good Dealers Meds til overkommelige priser. Vi tilbyder dig de bedste priser for at foretage dit k\u00f8b og tage os af alt, hvad du gerne vil se i dit medicink\u00f8b online: for eksempel kvalitet, komfort og privatliv.<\/p>\n","protected":false},"excerpt":{"rendered":"<p>K\u00f8b 4-FEA-l\u00e6gemidler online er et stimulerende l\u00e6gemiddel relateret til metamfetamin og 4-fluoramfetamin. Det er blevet rapporteret, at det s\u00e6lges som et designerl\u00e6gemiddel, men der er lidt kendt om dets farmakologi eller toksikologi.<\/p>\n","protected":false},"featured_media":1937,"comment_status":"open","ping_status":"closed","template":"","meta":{"inline_featured_image":false},"product_brand":[],"product_cat":[344],"product_tag":[],"class_list":{"0":"post-1932","1":"product","2":"type-product","3":"status-publish","4":"has-post-thumbnail","6":"product_cat-forsknings-kemikalier","8":"first","9":"instock","10":"shipping-taxable","11":"purchasable","12":"product-type-variable","13":"has-default-attributes"},"yoast_head":"<!-- This site is optimized with the Yoast SEO Premium plugin v20.6 (Yoast SEO v27.4) - https:\/\/yoast.com\/product\/yoast-seo-premium-wordpress\/ -->\n<title>K\u00f8b 4-FEA online - Bestil Kvalitet 4-FEA l\u00e6gemiddel | Good Dealers Meds<\/title>\n<meta name=\"description\" content=\"K\u00f8b 4-FEA online er et stimulerende stof relateret til metamfetamin og 4-fluoramfetamin fra Good Dealers Meds. 4-FEA l\u00e6gemidler til salg\" \/>\n<meta name=\"robots\" content=\"index, follow, max-snippet:-1, max-image-preview:large, max-video-preview:-1\" \/>\n<link rel=\"canonical\" href=\"https:\/\/gooddealersmeds.com\/da\/product\/4-fea-stoffer\/\" \/>\n<meta property=\"og:locale\" content=\"en_US\" \/>\n<meta property=\"og:type\" content=\"article\" \/>\n<meta property=\"og:title\" content=\"K\u00f8b 4-FEA L\u00e6gemidler online\" \/>\n<meta property=\"og:description\" content=\"K\u00f8b 4-FEA online er et stimulerende stof relateret til metamfetamin og 4-fluoramfetamin fra Good Dealers Meds. 4-FEA l\u00e6gemidler til salg\" \/>\n<meta property=\"og:url\" content=\"https:\/\/gooddealersmeds.com\/da\/product\/4-fea-stoffer\/\" \/>\n<meta property=\"og:site_name\" content=\"Good Dealers Meds\" \/>\n<meta property=\"article:modified_time\" content=\"2023-01-17T16:57:22+00:00\" \/>\n<meta property=\"og:image\" content=\"https:\/\/gooddealersmeds.com\/da\/wp-content\/uploads\/sites\/2\/2022\/07\/4-FEA-Drugs.jpg\" \/>\n\t<meta property=\"og:image:width\" content=\"600\" \/>\n\t<meta property=\"og:image:height\" content=\"600\" \/>\n\t<meta property=\"og:image:type\" content=\"image\/jpeg\" \/>\n<meta name=\"twitter:card\" content=\"summary_large_image\" \/>\n<meta name=\"twitter:label1\" content=\"Est. reading time\" \/>\n\t<meta name=\"twitter:data1\" content=\"2 minutes\" \/>\n<script type=\"application\/ld+json\" class=\"yoast-schema-graph\">{\"@context\":\"https:\\\/\\\/schema.org\",\"@graph\":[{\"@type\":\"WebPage\",\"@id\":\"https:\\\/\\\/gooddealersmeds.com\\\/da\\\/product\\\/4-fea-stoffer\\\/\",\"url\":\"https:\\\/\\\/gooddealersmeds.com\\\/da\\\/product\\\/4-fea-stoffer\\\/\",\"name\":\"K\u00f8b 4-FEA online - Bestil Kvalitet 4-FEA l\u00e6gemiddel | Good Dealers Meds\",\"isPartOf\":{\"@id\":\"https:\\\/\\\/gooddealersmeds.com\\\/da\\\/#website\"},\"primaryImageOfPage\":{\"@id\":\"https:\\\/\\\/gooddealersmeds.com\\\/da\\\/product\\\/4-fea-stoffer\\\/#primaryimage\"},\"image\":{\"@id\":\"https:\\\/\\\/gooddealersmeds.com\\\/da\\\/product\\\/4-fea-stoffer\\\/#primaryimage\"},\"thumbnailUrl\":\"https:\\\/\\\/gooddealersmeds.com\\\/da\\\/wp-content\\\/uploads\\\/sites\\\/2\\\/2022\\\/07\\\/4-FEA-Drugs.jpg\",\"datePublished\":\"2022-07-03T12:18:16+00:00\",\"dateModified\":\"2023-01-17T16:57:22+00:00\",\"description\":\"K\u00f8b 4-FEA online er et stimulerende stof relateret til metamfetamin og 4-fluoramfetamin fra Good Dealers Meds. 4-FEA l\u00e6gemidler til salg\",\"breadcrumb\":{\"@id\":\"https:\\\/\\\/gooddealersmeds.com\\\/da\\\/product\\\/4-fea-stoffer\\\/#breadcrumb\"},\"inLanguage\":\"en-US\",\"potentialAction\":[{\"@type\":\"ReadAction\",\"target\":[\"https:\\\/\\\/gooddealersmeds.com\\\/da\\\/product\\\/4-fea-stoffer\\\/\"]}]},{\"@type\":\"ImageObject\",\"inLanguage\":\"en-US\",\"@id\":\"https:\\\/\\\/gooddealersmeds.com\\\/da\\\/product\\\/4-fea-stoffer\\\/#primaryimage\",\"url\":\"https:\\\/\\\/gooddealersmeds.com\\\/da\\\/wp-content\\\/uploads\\\/sites\\\/2\\\/2022\\\/07\\\/4-FEA-Drugs.jpg\",\"contentUrl\":\"https:\\\/\\\/gooddealersmeds.com\\\/da\\\/wp-content\\\/uploads\\\/sites\\\/2\\\/2022\\\/07\\\/4-FEA-Drugs.jpg\",\"width\":600,\"height\":600,\"caption\":\"4-FEA Drugs\"},{\"@type\":\"BreadcrumbList\",\"@id\":\"https:\\\/\\\/gooddealersmeds.com\\\/da\\\/product\\\/4-fea-stoffer\\\/#breadcrumb\",\"itemListElement\":[{\"@type\":\"ListItem\",\"position\":1,\"name\":\"Home\",\"item\":\"https:\\\/\\\/gooddealersmeds.com\\\/da\\\/\"},{\"@type\":\"ListItem\",\"position\":2,\"name\":\"Produkter\",\"item\":\"https:\\\/\\\/gooddealersmeds.com\\\/da\\\/produkter\\\/\"},{\"@type\":\"ListItem\",\"position\":3,\"name\":\"K\u00f8b 4-FEA L\u00e6gemidler online\"}]},{\"@type\":\"WebSite\",\"@id\":\"https:\\\/\\\/gooddealersmeds.com\\\/da\\\/#website\",\"url\":\"https:\\\/\\\/gooddealersmeds.com\\\/da\\\/\",\"name\":\"Good Dealers Meds\",\"description\":\"All our best\",\"publisher\":{\"@id\":\"https:\\\/\\\/gooddealersmeds.com\\\/da\\\/#organization\"},\"potentialAction\":[{\"@type\":\"SearchAction\",\"target\":{\"@type\":\"EntryPoint\",\"urlTemplate\":\"https:\\\/\\\/gooddealersmeds.com\\\/da\\\/?s={search_term_string}\"},\"query-input\":{\"@type\":\"PropertyValueSpecification\",\"valueRequired\":true,\"valueName\":\"search_term_string\"}}],\"inLanguage\":\"en-US\"},{\"@type\":\"Organization\",\"@id\":\"https:\\\/\\\/gooddealersmeds.com\\\/da\\\/#organization\",\"name\":\"Good Dealers Meds\",\"url\":\"https:\\\/\\\/gooddealersmeds.com\\\/da\\\/\",\"logo\":{\"@type\":\"ImageObject\",\"inLanguage\":\"en-US\",\"@id\":\"https:\\\/\\\/gooddealersmeds.com\\\/da\\\/#\\\/schema\\\/logo\\\/image\\\/\",\"url\":\"https:\\\/\\\/gooddealersmeds.com\\\/da\\\/wp-content\\\/uploads\\\/sites\\\/2\\\/2022\\\/03\\\/gooddealersmeds__logo__20220317T222800Z.00.png\",\"contentUrl\":\"https:\\\/\\\/gooddealersmeds.com\\\/da\\\/wp-content\\\/uploads\\\/sites\\\/2\\\/2022\\\/03\\\/gooddealersmeds__logo__20220317T222800Z.00.png\",\"width\":500,\"height\":325,\"caption\":\"Good Dealers Meds\"},\"image\":{\"@id\":\"https:\\\/\\\/gooddealersmeds.com\\\/da\\\/#\\\/schema\\\/logo\\\/image\\\/\"}}]}<\/script>\n<!-- \/ Yoast SEO Premium plugin. -->","yoast_head_json":{"title":"K\u00f8b 4-FEA online - Bestil Kvalitet 4-FEA l\u00e6gemiddel | Good Dealers Meds","description":"K\u00f8b 4-FEA online er et stimulerende stof relateret til metamfetamin og 4-fluoramfetamin fra Good Dealers Meds. 4-FEA l\u00e6gemidler til salg","robots":{"index":"index","follow":"follow","max-snippet":"max-snippet:-1","max-image-preview":"max-image-preview:large","max-video-preview":"max-video-preview:-1"},"canonical":"https:\/\/gooddealersmeds.com\/da\/product\/4-fea-stoffer\/","og_locale":"en_US","og_type":"article","og_title":"K\u00f8b 4-FEA L\u00e6gemidler online","og_description":"K\u00f8b 4-FEA online er et stimulerende stof relateret til metamfetamin og 4-fluoramfetamin fra Good Dealers Meds. 4-FEA l\u00e6gemidler til salg","og_url":"https:\/\/gooddealersmeds.com\/da\/product\/4-fea-stoffer\/","og_site_name":"Good Dealers Meds","article_modified_time":"2023-01-17T16:57:22+00:00","og_image":[{"width":600,"height":600,"url":"https:\/\/gooddealersmeds.com\/da\/wp-content\/uploads\/sites\/2\/2022\/07\/4-FEA-Drugs.jpg","type":"image\/jpeg"}],"twitter_card":"summary_large_image","twitter_misc":{"Est. reading time":"2 minutes"},"schema":{"@context":"https:\/\/schema.org","@graph":[{"@type":"WebPage","@id":"https:\/\/gooddealersmeds.com\/da\/product\/4-fea-stoffer\/","url":"https:\/\/gooddealersmeds.com\/da\/product\/4-fea-stoffer\/","name":"K\u00f8b 4-FEA online - Bestil Kvalitet 4-FEA l\u00e6gemiddel | Good Dealers Meds","isPartOf":{"@id":"https:\/\/gooddealersmeds.com\/da\/#website"},"primaryImageOfPage":{"@id":"https:\/\/gooddealersmeds.com\/da\/product\/4-fea-stoffer\/#primaryimage"},"image":{"@id":"https:\/\/gooddealersmeds.com\/da\/product\/4-fea-stoffer\/#primaryimage"},"thumbnailUrl":"https:\/\/gooddealersmeds.com\/da\/wp-content\/uploads\/sites\/2\/2022\/07\/4-FEA-Drugs.jpg","datePublished":"2022-07-03T12:18:16+00:00","dateModified":"2023-01-17T16:57:22+00:00","description":"K\u00f8b 4-FEA online er et stimulerende stof relateret til metamfetamin og 4-fluoramfetamin fra Good Dealers Meds. 4-FEA l\u00e6gemidler til salg","breadcrumb":{"@id":"https:\/\/gooddealersmeds.com\/da\/product\/4-fea-stoffer\/#breadcrumb"},"inLanguage":"en-US","potentialAction":[{"@type":"ReadAction","target":["https:\/\/gooddealersmeds.com\/da\/product\/4-fea-stoffer\/"]}]},{"@type":"ImageObject","inLanguage":"en-US","@id":"https:\/\/gooddealersmeds.com\/da\/product\/4-fea-stoffer\/#primaryimage","url":"https:\/\/gooddealersmeds.com\/da\/wp-content\/uploads\/sites\/2\/2022\/07\/4-FEA-Drugs.jpg","contentUrl":"https:\/\/gooddealersmeds.com\/da\/wp-content\/uploads\/sites\/2\/2022\/07\/4-FEA-Drugs.jpg","width":600,"height":600,"caption":"4-FEA Drugs"},{"@type":"BreadcrumbList","@id":"https:\/\/gooddealersmeds.com\/da\/product\/4-fea-stoffer\/#breadcrumb","itemListElement":[{"@type":"ListItem","position":1,"name":"Home","item":"https:\/\/gooddealersmeds.com\/da\/"},{"@type":"ListItem","position":2,"name":"Produkter","item":"https:\/\/gooddealersmeds.com\/da\/produkter\/"},{"@type":"ListItem","position":3,"name":"K\u00f8b 4-FEA L\u00e6gemidler online"}]},{"@type":"WebSite","@id":"https:\/\/gooddealersmeds.com\/da\/#website","url":"https:\/\/gooddealersmeds.com\/da\/","name":"Good Dealers Meds","description":"All our best","publisher":{"@id":"https:\/\/gooddealersmeds.com\/da\/#organization"},"potentialAction":[{"@type":"SearchAction","target":{"@type":"EntryPoint","urlTemplate":"https:\/\/gooddealersmeds.com\/da\/?s={search_term_string}"},"query-input":{"@type":"PropertyValueSpecification","valueRequired":true,"valueName":"search_term_string"}}],"inLanguage":"en-US"},{"@type":"Organization","@id":"https:\/\/gooddealersmeds.com\/da\/#organization","name":"Good Dealers Meds","url":"https:\/\/gooddealersmeds.com\/da\/","logo":{"@type":"ImageObject","inLanguage":"en-US","@id":"https:\/\/gooddealersmeds.com\/da\/#\/schema\/logo\/image\/","url":"https:\/\/gooddealersmeds.com\/da\/wp-content\/uploads\/sites\/2\/2022\/03\/gooddealersmeds__logo__20220317T222800Z.00.png","contentUrl":"https:\/\/gooddealersmeds.com\/da\/wp-content\/uploads\/sites\/2\/2022\/03\/gooddealersmeds__logo__20220317T222800Z.00.png","width":500,"height":325,"caption":"Good Dealers Meds"},"image":{"@id":"https:\/\/gooddealersmeds.com\/da\/#\/schema\/logo\/image\/"}}]}},"_links":{"self":[{"href":"https:\/\/gooddealersmeds.com\/da\/wp-json\/wp\/v2\/product\/1932","targetHints":{"allow":["GET"]}}],"collection":[{"href":"https:\/\/gooddealersmeds.com\/da\/wp-json\/wp\/v2\/product"}],"about":[{"href":"https:\/\/gooddealersmeds.com\/da\/wp-json\/wp\/v2\/types\/product"}],"replies":[{"embeddable":true,"href":"https:\/\/gooddealersmeds.com\/da\/wp-json\/wp\/v2\/comments?post=1932"}],"wp:featuredmedia":[{"embeddable":true,"href":"https:\/\/gooddealersmeds.com\/da\/wp-json\/wp\/v2\/media\/1937"}],"wp:attachment":[{"href":"https:\/\/gooddealersmeds.com\/da\/wp-json\/wp\/v2\/media?parent=1932"}],"wp:term":[{"taxonomy":"product_brand","embeddable":true,"href":"https:\/\/gooddealersmeds.com\/da\/wp-json\/wp\/v2\/product_brand?post=1932"},{"taxonomy":"product_cat","embeddable":true,"href":"https:\/\/gooddealersmeds.com\/da\/wp-json\/wp\/v2\/product_cat?post=1932"},{"taxonomy":"product_tag","embeddable":true,"href":"https:\/\/gooddealersmeds.com\/da\/wp-json\/wp\/v2\/product_tag?post=1932"}],"curies":[{"name":"wp","href":"https:\/\/api.w.org\/{rel}","templated":true}]}}