{"id":1925,"date":"2022-07-03T12:14:01","date_gmt":"2022-07-03T12:14:01","guid":{"rendered":"https:\/\/gooddealersmeds.com\/da\/?post_type=product&#038;p=1925"},"modified":"2023-01-17T17:02:43","modified_gmt":"2023-01-17T17:02:43","slug":"2-oxo-pce-laegemidler","status":"publish","type":"product","link":"https:\/\/gooddealersmeds.com\/da\/product\/2-oxo-pce-laegemidler\/","title":{"rendered":"Bestil 2 Oxo Pce L\u00e6gemidler"},"content":{"rendered":"<h2>2 Oxo Pce l\u00e6gemidler til salg online<\/h2>\n<p>Oxo Pce-l\u00e6gemidler er en type medicin, der kan bruges til at behandle lavt blodsukker. De virker ved at hj\u00e6lpe bugspytkirtlen med at lave hormonerne insulin og glukagon, som hj\u00e6lper med at holde dit blodsukkerniveau stabilt, K\u00f8b 2 Oxo Pce online.<\/p>\n<p>I mods\u00e6tning til de fleste andre antiinflammatoriske midler virker Oxo-Pce p\u00e5 mere end blot \u00e9n type bet\u00e6ndelse. Det vil hj\u00e6lpe mod leddegigt, slidgigt og andre inflammatoriske sygdomme s\u00e5som psoriasis og gigt.<\/p>\n<p>Medikamentet har ogs\u00e5 vist sig at v\u00e6re effektivt til at reducere morgenstivhed for\u00e5rsaget af slidgigt og leddegigt (RA). Dette hj\u00e6lper folk med at st\u00e5 op og fungere normalt hele dagen uden at skulle bekymre sig om stive led, der g\u00f8r det sv\u00e6rt at bev\u00e6ge sig rundt eller udf\u00f8re grundl\u00e6ggende opgaver som at st\u00e5 ud af sengen hver morgen. K\u00f8b 2 Oxo Pce online<\/p>\n<p>&nbsp;<\/p>\n<p><strong>Hvorfor k\u00f8be 2 Oxo Pce Drugs online?<\/strong><\/p>\n<p>De vigtigste grunde til at k\u00f8be 2 Oxo Pce Drugs online kan v\u00e6re tre:<\/p>\n<ul>\n<li>Bekvemmelighed<\/li>\n<li>Privatliv<\/li>\n<li>Kvalitet<\/li>\n<\/ul>\n<p>Hvis du vil nyde den bedste blanding af alle disse tre komponenter i dit k\u00f8b, skal du g\u00e5 efter at k\u00f8be online .<\/p>\n<p>&nbsp;<\/p>\n<p><strong>Det bedste sted at bestille 2 Oxo Pce-l\u00e6gemidler online<\/strong><\/p>\n<p><strong>\u00a0<\/strong><\/p>\n<p><a href=\"https:\/\/gooddealersmeds.com\/da\/product\/2-oxo-pce-drugs\/\">Good Dealers Meds<\/a> er det bedste sted til 2 Oxo Pce-l\u00e6gemidler til salg online. Vi s\u00e6lger en bred vifte af forskellige slags medicin, inklusive 2 Oxo Pce Drugs, s\u00e5 du er sikker p\u00e5 at finde det, du har brug for. Hvis du leder efter en nem m\u00e5de at tage h\u00e5nd om dine gigtsymptomer p\u00e5 uden at bruge en arm og et ben hver m\u00e5ned p\u00e5 receptpligtig medicin, kan 2 Oxo Pce Drugs v\u00e6re det rigtige for dig!<\/p>\n","protected":false},"excerpt":{"rendered":"<p>K\u00f8b 2\u2032-OXO-PCE l\u00e6gemidler Online er forskningskemikalier af h\u00f8j kvalitet. Du kan k\u00f8be 2\u2032-Oxo-PCE (Eticyclidon, O-PCE) online til engrospris fra trov\u00e6rdig leverand\u00f8r Virgin Health Pharmacy.<\/p>\n","protected":false},"featured_media":1931,"comment_status":"open","ping_status":"closed","template":"","meta":{"inline_featured_image":false},"product_brand":[],"product_cat":[344],"product_tag":[],"class_list":{"0":"post-1925","1":"product","2":"type-product","3":"status-publish","4":"has-post-thumbnail","6":"product_cat-forsknings-kemikalier","8":"first","9":"instock","10":"shipping-taxable","11":"purchasable","12":"product-type-variable","13":"has-default-attributes"},"yoast_head":"<!-- This site is optimized with the Yoast SEO Premium plugin v20.6 (Yoast SEO v27.4) - https:\/\/yoast.com\/product\/yoast-seo-premium-wordpress\/ -->\n<title>K\u00f8b 2 Oxo Pce online | 2 Oxo Pce til salg | Good Dealers Meds<\/title>\n<meta name=\"description\" content=\"K\u00f8b 2 Oxo Pce online (ogs\u00e5 kendt som Eticyclidon) til engrospris fra p\u00e5lidelige leverand\u00f8rer med den h\u00f8jeste renhed.\" \/>\n<meta name=\"robots\" content=\"index, follow, max-snippet:-1, max-image-preview:large, max-video-preview:-1\" \/>\n<link rel=\"canonical\" href=\"https:\/\/gooddealersmeds.com\/da\/product\/2-oxo-pce-laegemidler\/\" \/>\n<meta property=\"og:locale\" content=\"en_US\" \/>\n<meta property=\"og:type\" content=\"article\" \/>\n<meta property=\"og:title\" content=\"Bestil 2 Oxo Pce L\u00e6gemidler\" \/>\n<meta property=\"og:description\" content=\"K\u00f8b 2 Oxo Pce online (ogs\u00e5 kendt som Eticyclidon) til engrospris fra p\u00e5lidelige leverand\u00f8rer med den h\u00f8jeste renhed.\" \/>\n<meta property=\"og:url\" content=\"https:\/\/gooddealersmeds.com\/da\/product\/2-oxo-pce-laegemidler\/\" \/>\n<meta property=\"og:site_name\" content=\"Good Dealers Meds\" \/>\n<meta property=\"article:modified_time\" content=\"2023-01-17T17:02:43+00:00\" \/>\n<meta property=\"og:image\" content=\"https:\/\/gooddealersmeds.com\/da\/wp-content\/uploads\/sites\/2\/2022\/07\/2-Oxo-Pce-Drugs.jpg\" \/>\n\t<meta property=\"og:image:width\" content=\"600\" \/>\n\t<meta property=\"og:image:height\" content=\"600\" \/>\n\t<meta property=\"og:image:type\" content=\"image\/jpeg\" \/>\n<meta name=\"twitter:card\" content=\"summary_large_image\" \/>\n<meta name=\"twitter:label1\" content=\"Est. reading time\" \/>\n\t<meta name=\"twitter:data1\" content=\"1 minute\" \/>\n<script type=\"application\/ld+json\" class=\"yoast-schema-graph\">{\"@context\":\"https:\\\/\\\/schema.org\",\"@graph\":[{\"@type\":\"WebPage\",\"@id\":\"https:\\\/\\\/gooddealersmeds.com\\\/da\\\/product\\\/2-oxo-pce-laegemidler\\\/\",\"url\":\"https:\\\/\\\/gooddealersmeds.com\\\/da\\\/product\\\/2-oxo-pce-laegemidler\\\/\",\"name\":\"K\u00f8b 2 Oxo Pce online | 2 Oxo Pce til salg | Good Dealers Meds\",\"isPartOf\":{\"@id\":\"https:\\\/\\\/gooddealersmeds.com\\\/da\\\/#website\"},\"primaryImageOfPage\":{\"@id\":\"https:\\\/\\\/gooddealersmeds.com\\\/da\\\/product\\\/2-oxo-pce-laegemidler\\\/#primaryimage\"},\"image\":{\"@id\":\"https:\\\/\\\/gooddealersmeds.com\\\/da\\\/product\\\/2-oxo-pce-laegemidler\\\/#primaryimage\"},\"thumbnailUrl\":\"https:\\\/\\\/gooddealersmeds.com\\\/da\\\/wp-content\\\/uploads\\\/sites\\\/2\\\/2022\\\/07\\\/2-Oxo-Pce-Drugs.jpg\",\"datePublished\":\"2022-07-03T12:14:01+00:00\",\"dateModified\":\"2023-01-17T17:02:43+00:00\",\"description\":\"K\u00f8b 2 Oxo Pce online (ogs\u00e5 kendt som Eticyclidon) til engrospris fra p\u00e5lidelige leverand\u00f8rer med den h\u00f8jeste renhed.\",\"breadcrumb\":{\"@id\":\"https:\\\/\\\/gooddealersmeds.com\\\/da\\\/product\\\/2-oxo-pce-laegemidler\\\/#breadcrumb\"},\"inLanguage\":\"en-US\",\"potentialAction\":[{\"@type\":\"ReadAction\",\"target\":[\"https:\\\/\\\/gooddealersmeds.com\\\/da\\\/product\\\/2-oxo-pce-laegemidler\\\/\"]}]},{\"@type\":\"ImageObject\",\"inLanguage\":\"en-US\",\"@id\":\"https:\\\/\\\/gooddealersmeds.com\\\/da\\\/product\\\/2-oxo-pce-laegemidler\\\/#primaryimage\",\"url\":\"https:\\\/\\\/gooddealersmeds.com\\\/da\\\/wp-content\\\/uploads\\\/sites\\\/2\\\/2022\\\/07\\\/2-Oxo-Pce-Drugs.jpg\",\"contentUrl\":\"https:\\\/\\\/gooddealersmeds.com\\\/da\\\/wp-content\\\/uploads\\\/sites\\\/2\\\/2022\\\/07\\\/2-Oxo-Pce-Drugs.jpg\",\"width\":600,\"height\":600,\"caption\":\"Buy 2 Oxo Pce Drugs Online\"},{\"@type\":\"BreadcrumbList\",\"@id\":\"https:\\\/\\\/gooddealersmeds.com\\\/da\\\/product\\\/2-oxo-pce-laegemidler\\\/#breadcrumb\",\"itemListElement\":[{\"@type\":\"ListItem\",\"position\":1,\"name\":\"Home\",\"item\":\"https:\\\/\\\/gooddealersmeds.com\\\/da\\\/\"},{\"@type\":\"ListItem\",\"position\":2,\"name\":\"Produkter\",\"item\":\"https:\\\/\\\/gooddealersmeds.com\\\/da\\\/produkter\\\/\"},{\"@type\":\"ListItem\",\"position\":3,\"name\":\"Bestil 2 Oxo Pce L\u00e6gemidler\"}]},{\"@type\":\"WebSite\",\"@id\":\"https:\\\/\\\/gooddealersmeds.com\\\/da\\\/#website\",\"url\":\"https:\\\/\\\/gooddealersmeds.com\\\/da\\\/\",\"name\":\"Good Dealers Meds\",\"description\":\"All our best\",\"publisher\":{\"@id\":\"https:\\\/\\\/gooddealersmeds.com\\\/da\\\/#organization\"},\"potentialAction\":[{\"@type\":\"SearchAction\",\"target\":{\"@type\":\"EntryPoint\",\"urlTemplate\":\"https:\\\/\\\/gooddealersmeds.com\\\/da\\\/?s={search_term_string}\"},\"query-input\":{\"@type\":\"PropertyValueSpecification\",\"valueRequired\":true,\"valueName\":\"search_term_string\"}}],\"inLanguage\":\"en-US\"},{\"@type\":\"Organization\",\"@id\":\"https:\\\/\\\/gooddealersmeds.com\\\/da\\\/#organization\",\"name\":\"Good Dealers Meds\",\"url\":\"https:\\\/\\\/gooddealersmeds.com\\\/da\\\/\",\"logo\":{\"@type\":\"ImageObject\",\"inLanguage\":\"en-US\",\"@id\":\"https:\\\/\\\/gooddealersmeds.com\\\/da\\\/#\\\/schema\\\/logo\\\/image\\\/\",\"url\":\"https:\\\/\\\/gooddealersmeds.com\\\/da\\\/wp-content\\\/uploads\\\/sites\\\/2\\\/2022\\\/03\\\/gooddealersmeds__logo__20220317T222800Z.00.png\",\"contentUrl\":\"https:\\\/\\\/gooddealersmeds.com\\\/da\\\/wp-content\\\/uploads\\\/sites\\\/2\\\/2022\\\/03\\\/gooddealersmeds__logo__20220317T222800Z.00.png\",\"width\":500,\"height\":325,\"caption\":\"Good Dealers Meds\"},\"image\":{\"@id\":\"https:\\\/\\\/gooddealersmeds.com\\\/da\\\/#\\\/schema\\\/logo\\\/image\\\/\"}}]}<\/script>\n<!-- \/ Yoast SEO Premium plugin. -->","yoast_head_json":{"title":"K\u00f8b 2 Oxo Pce online | 2 Oxo Pce til salg | Good Dealers Meds","description":"K\u00f8b 2 Oxo Pce online (ogs\u00e5 kendt som Eticyclidon) til engrospris fra p\u00e5lidelige leverand\u00f8rer med den h\u00f8jeste renhed.","robots":{"index":"index","follow":"follow","max-snippet":"max-snippet:-1","max-image-preview":"max-image-preview:large","max-video-preview":"max-video-preview:-1"},"canonical":"https:\/\/gooddealersmeds.com\/da\/product\/2-oxo-pce-laegemidler\/","og_locale":"en_US","og_type":"article","og_title":"Bestil 2 Oxo Pce L\u00e6gemidler","og_description":"K\u00f8b 2 Oxo Pce online (ogs\u00e5 kendt som Eticyclidon) til engrospris fra p\u00e5lidelige leverand\u00f8rer med den h\u00f8jeste renhed.","og_url":"https:\/\/gooddealersmeds.com\/da\/product\/2-oxo-pce-laegemidler\/","og_site_name":"Good Dealers Meds","article_modified_time":"2023-01-17T17:02:43+00:00","og_image":[{"width":600,"height":600,"url":"https:\/\/gooddealersmeds.com\/da\/wp-content\/uploads\/sites\/2\/2022\/07\/2-Oxo-Pce-Drugs.jpg","type":"image\/jpeg"}],"twitter_card":"summary_large_image","twitter_misc":{"Est. reading time":"1 minute"},"schema":{"@context":"https:\/\/schema.org","@graph":[{"@type":"WebPage","@id":"https:\/\/gooddealersmeds.com\/da\/product\/2-oxo-pce-laegemidler\/","url":"https:\/\/gooddealersmeds.com\/da\/product\/2-oxo-pce-laegemidler\/","name":"K\u00f8b 2 Oxo Pce online | 2 Oxo Pce til salg | Good Dealers Meds","isPartOf":{"@id":"https:\/\/gooddealersmeds.com\/da\/#website"},"primaryImageOfPage":{"@id":"https:\/\/gooddealersmeds.com\/da\/product\/2-oxo-pce-laegemidler\/#primaryimage"},"image":{"@id":"https:\/\/gooddealersmeds.com\/da\/product\/2-oxo-pce-laegemidler\/#primaryimage"},"thumbnailUrl":"https:\/\/gooddealersmeds.com\/da\/wp-content\/uploads\/sites\/2\/2022\/07\/2-Oxo-Pce-Drugs.jpg","datePublished":"2022-07-03T12:14:01+00:00","dateModified":"2023-01-17T17:02:43+00:00","description":"K\u00f8b 2 Oxo Pce online (ogs\u00e5 kendt som Eticyclidon) til engrospris fra p\u00e5lidelige leverand\u00f8rer med den h\u00f8jeste renhed.","breadcrumb":{"@id":"https:\/\/gooddealersmeds.com\/da\/product\/2-oxo-pce-laegemidler\/#breadcrumb"},"inLanguage":"en-US","potentialAction":[{"@type":"ReadAction","target":["https:\/\/gooddealersmeds.com\/da\/product\/2-oxo-pce-laegemidler\/"]}]},{"@type":"ImageObject","inLanguage":"en-US","@id":"https:\/\/gooddealersmeds.com\/da\/product\/2-oxo-pce-laegemidler\/#primaryimage","url":"https:\/\/gooddealersmeds.com\/da\/wp-content\/uploads\/sites\/2\/2022\/07\/2-Oxo-Pce-Drugs.jpg","contentUrl":"https:\/\/gooddealersmeds.com\/da\/wp-content\/uploads\/sites\/2\/2022\/07\/2-Oxo-Pce-Drugs.jpg","width":600,"height":600,"caption":"Buy 2 Oxo Pce Drugs Online"},{"@type":"BreadcrumbList","@id":"https:\/\/gooddealersmeds.com\/da\/product\/2-oxo-pce-laegemidler\/#breadcrumb","itemListElement":[{"@type":"ListItem","position":1,"name":"Home","item":"https:\/\/gooddealersmeds.com\/da\/"},{"@type":"ListItem","position":2,"name":"Produkter","item":"https:\/\/gooddealersmeds.com\/da\/produkter\/"},{"@type":"ListItem","position":3,"name":"Bestil 2 Oxo Pce L\u00e6gemidler"}]},{"@type":"WebSite","@id":"https:\/\/gooddealersmeds.com\/da\/#website","url":"https:\/\/gooddealersmeds.com\/da\/","name":"Good Dealers Meds","description":"All our best","publisher":{"@id":"https:\/\/gooddealersmeds.com\/da\/#organization"},"potentialAction":[{"@type":"SearchAction","target":{"@type":"EntryPoint","urlTemplate":"https:\/\/gooddealersmeds.com\/da\/?s={search_term_string}"},"query-input":{"@type":"PropertyValueSpecification","valueRequired":true,"valueName":"search_term_string"}}],"inLanguage":"en-US"},{"@type":"Organization","@id":"https:\/\/gooddealersmeds.com\/da\/#organization","name":"Good Dealers Meds","url":"https:\/\/gooddealersmeds.com\/da\/","logo":{"@type":"ImageObject","inLanguage":"en-US","@id":"https:\/\/gooddealersmeds.com\/da\/#\/schema\/logo\/image\/","url":"https:\/\/gooddealersmeds.com\/da\/wp-content\/uploads\/sites\/2\/2022\/03\/gooddealersmeds__logo__20220317T222800Z.00.png","contentUrl":"https:\/\/gooddealersmeds.com\/da\/wp-content\/uploads\/sites\/2\/2022\/03\/gooddealersmeds__logo__20220317T222800Z.00.png","width":500,"height":325,"caption":"Good Dealers Meds"},"image":{"@id":"https:\/\/gooddealersmeds.com\/da\/#\/schema\/logo\/image\/"}}]}},"_links":{"self":[{"href":"https:\/\/gooddealersmeds.com\/da\/wp-json\/wp\/v2\/product\/1925","targetHints":{"allow":["GET"]}}],"collection":[{"href":"https:\/\/gooddealersmeds.com\/da\/wp-json\/wp\/v2\/product"}],"about":[{"href":"https:\/\/gooddealersmeds.com\/da\/wp-json\/wp\/v2\/types\/product"}],"replies":[{"embeddable":true,"href":"https:\/\/gooddealersmeds.com\/da\/wp-json\/wp\/v2\/comments?post=1925"}],"wp:featuredmedia":[{"embeddable":true,"href":"https:\/\/gooddealersmeds.com\/da\/wp-json\/wp\/v2\/media\/1931"}],"wp:attachment":[{"href":"https:\/\/gooddealersmeds.com\/da\/wp-json\/wp\/v2\/media?parent=1925"}],"wp:term":[{"taxonomy":"product_brand","embeddable":true,"href":"https:\/\/gooddealersmeds.com\/da\/wp-json\/wp\/v2\/product_brand?post=1925"},{"taxonomy":"product_cat","embeddable":true,"href":"https:\/\/gooddealersmeds.com\/da\/wp-json\/wp\/v2\/product_cat?post=1925"},{"taxonomy":"product_tag","embeddable":true,"href":"https:\/\/gooddealersmeds.com\/da\/wp-json\/wp\/v2\/product_tag?post=1925"}],"curies":[{"name":"wp","href":"https:\/\/api.w.org\/{rel}","templated":true}]}}