{"id":1918,"date":"2022-07-03T12:09:15","date_gmt":"2022-07-03T12:09:15","guid":{"rendered":"https:\/\/gooddealersmeds.com\/da\/?post_type=product&#038;p=1918"},"modified":"2023-01-17T17:05:37","modified_gmt":"2023-01-17T17:05:37","slug":"2-a1mp-laegemiddel","status":"publish","type":"product","link":"https:\/\/gooddealersmeds.com\/da\/product\/2-a1mp-laegemiddel\/","title":{"rendered":"2- A1MP l\u00e6gemiddel til salg"},"content":{"rendered":"<h2>K\u00f8b 2-A1MP l\u00e6gemiddel online<\/h2>\n<p>Du har m\u00e5ske h\u00f8rt om 2-A1MP f\u00f8r, men hvad er det? Det er et FDA-godkendt l\u00e6gemiddel, der bruges til at behandle mennesker med type 2-diabetes. Det virker ved at s\u00e6nke blodsukkerniveauet &#8211; og det er bevist sikkert og effektivt i kliniske fors\u00f8g. K\u00f8b 2-A1MP medicin online<\/p>\n<p>2-A1MP Drug Online er en medicin, der kan bruges til at behandle brystkr\u00e6ft. L\u00e6gemidlet reducerer risikoen for tilbagefald af brystkr\u00e6ft og forbedrer dets progression. Det virker ved at h\u00e6mme \u00f8strogenreceptorer og blokere \u00f8strogens virkning p\u00e5 v\u00e6v i kroppen. L\u00e6gemidlet hj\u00e6lper ogs\u00e5 med at reducere inflammation og forhindre kr\u00e6ftceller i at sprede sig.<\/p>\n<p><strong>Hvorfor bestille 2- A1MP l\u00e6gemidler online?<\/strong><\/p>\n<p>Hvis du leder efter et produkt, der er godkendt af FDA og er effektivt til at behandle din tilstand, s\u00e5 b\u00f8r du overveje at k\u00f8be\u00a0 2- A1MP Drug Online. Denne medicin kan hj\u00e6lpe dig med at opn\u00e5 bedre blodsukkerkontrol og mindske din risiko for at udvikle komplikationer fra diabetes. Det har ogs\u00e5 mindre bivirkninger end andre l\u00e6gemidler p\u00e5 markedet i dag.<\/p>\n<p><strong>\u00a0<\/strong><\/p>\n<p><strong>Hvad er det bedste sted at k\u00f8be 2- A1MP Drug Online ?<\/strong><\/p>\n<p>Du kan k\u00f8be\u00a0 <a href=\"https:\/\/knowdrugs.app\/drugs\/ygoGxSnCikksUIBqB6o7\/2-A1MP#footer\">2- A1MP Drug<\/a> Online mange forskellige steder. Du kan k\u00f8be det hos din l\u00e6ge eller gennem et apotek som CVS Health eller Walgreens. Hvis dette ikke er en mulighed for dig, s\u00e5 anbefaler vi at bruge et onlineapotek som Good Dealers Meds.<\/p>\n<p>Det bedste sted at k\u00f8be denne medicin er online p\u00e5 <a href=\"https:\/\/gooddealersmeds.com\/da\/product\/2-a1mp-laegemiddel\/\">Good Dealers Medicine<\/a>, fordi det er tilg\u00e6ngeligt til en lavere pris med produkter og tjenester af bedre kvalitet.<\/p>\n<p>&nbsp;<\/p>\n","protected":false},"excerpt":{"rendered":"<p>K\u00f8b 2-A1MP-l\u00e6gemiddel online er en kemisk forbindelse af cathinon-klassen, som er blevet solgt online som et designerl\u00e6gemiddel. Det er beta-ketonversionen af \u200b\u200b5-Methoxy-MDMA.<\/p>\n","protected":false},"featured_media":1924,"comment_status":"open","ping_status":"closed","template":"","meta":{"inline_featured_image":false},"product_brand":[],"product_cat":[344],"product_tag":[],"class_list":{"0":"post-1918","1":"product","2":"type-product","3":"status-publish","4":"has-post-thumbnail","6":"product_cat-forsknings-kemikalier","8":"first","9":"instock","10":"shipping-taxable","11":"purchasable","12":"product-type-variable","13":"has-default-attributes"},"yoast_head":"<!-- This site is optimized with the Yoast SEO Premium plugin v20.6 (Yoast SEO v27.4) - https:\/\/yoast.com\/product\/yoast-seo-premium-wordpress\/ -->\n<title>K\u00f8b 2-A1MP online | Bestil 2-A1MP online | Good Dealers Meds<\/title>\n<meta name=\"description\" content=\"K\u00f8b 2-A1MP online (almindeligvis kendt som 5-Methoxymethylone) til engrospris fra p\u00e5lidelige leverand\u00f8rer med den h\u00f8jeste renhed.\" \/>\n<meta name=\"robots\" content=\"index, follow, max-snippet:-1, max-image-preview:large, max-video-preview:-1\" \/>\n<link rel=\"canonical\" href=\"https:\/\/gooddealersmeds.com\/da\/product\/2-a1mp-laegemiddel\/\" \/>\n<meta property=\"og:locale\" content=\"en_US\" \/>\n<meta property=\"og:type\" content=\"article\" \/>\n<meta property=\"og:title\" content=\"2- A1MP l\u00e6gemiddel til salg\" \/>\n<meta property=\"og:description\" content=\"K\u00f8b 2-A1MP online (almindeligvis kendt som 5-Methoxymethylone) til engrospris fra p\u00e5lidelige leverand\u00f8rer med den h\u00f8jeste renhed.\" \/>\n<meta property=\"og:url\" content=\"https:\/\/gooddealersmeds.com\/da\/product\/2-a1mp-laegemiddel\/\" \/>\n<meta property=\"og:site_name\" content=\"Good Dealers Meds\" \/>\n<meta property=\"article:modified_time\" content=\"2023-01-17T17:05:37+00:00\" \/>\n<meta property=\"og:image\" content=\"https:\/\/gooddealersmeds.com\/da\/wp-content\/uploads\/sites\/2\/2022\/07\/Buy-2-A1MP-drug-online.jpg\" \/>\n\t<meta property=\"og:image:width\" content=\"600\" \/>\n\t<meta property=\"og:image:height\" content=\"600\" \/>\n\t<meta property=\"og:image:type\" content=\"image\/jpeg\" \/>\n<meta name=\"twitter:card\" content=\"summary_large_image\" \/>\n<meta name=\"twitter:label1\" content=\"Est. reading time\" \/>\n\t<meta name=\"twitter:data1\" content=\"1 minute\" \/>\n<script type=\"application\/ld+json\" class=\"yoast-schema-graph\">{\"@context\":\"https:\\\/\\\/schema.org\",\"@graph\":[{\"@type\":\"WebPage\",\"@id\":\"https:\\\/\\\/gooddealersmeds.com\\\/da\\\/product\\\/2-a1mp-laegemiddel\\\/\",\"url\":\"https:\\\/\\\/gooddealersmeds.com\\\/da\\\/product\\\/2-a1mp-laegemiddel\\\/\",\"name\":\"K\u00f8b 2-A1MP online | Bestil 2-A1MP online | Good Dealers Meds\",\"isPartOf\":{\"@id\":\"https:\\\/\\\/gooddealersmeds.com\\\/da\\\/#website\"},\"primaryImageOfPage\":{\"@id\":\"https:\\\/\\\/gooddealersmeds.com\\\/da\\\/product\\\/2-a1mp-laegemiddel\\\/#primaryimage\"},\"image\":{\"@id\":\"https:\\\/\\\/gooddealersmeds.com\\\/da\\\/product\\\/2-a1mp-laegemiddel\\\/#primaryimage\"},\"thumbnailUrl\":\"https:\\\/\\\/gooddealersmeds.com\\\/da\\\/wp-content\\\/uploads\\\/sites\\\/2\\\/2022\\\/07\\\/Buy-2-A1MP-drug-online.jpg\",\"datePublished\":\"2022-07-03T12:09:15+00:00\",\"dateModified\":\"2023-01-17T17:05:37+00:00\",\"description\":\"K\u00f8b 2-A1MP online (almindeligvis kendt som 5-Methoxymethylone) til engrospris fra p\u00e5lidelige leverand\u00f8rer med den h\u00f8jeste renhed.\",\"breadcrumb\":{\"@id\":\"https:\\\/\\\/gooddealersmeds.com\\\/da\\\/product\\\/2-a1mp-laegemiddel\\\/#breadcrumb\"},\"inLanguage\":\"en-US\",\"potentialAction\":[{\"@type\":\"ReadAction\",\"target\":[\"https:\\\/\\\/gooddealersmeds.com\\\/da\\\/product\\\/2-a1mp-laegemiddel\\\/\"]}]},{\"@type\":\"ImageObject\",\"inLanguage\":\"en-US\",\"@id\":\"https:\\\/\\\/gooddealersmeds.com\\\/da\\\/product\\\/2-a1mp-laegemiddel\\\/#primaryimage\",\"url\":\"https:\\\/\\\/gooddealersmeds.com\\\/da\\\/wp-content\\\/uploads\\\/sites\\\/2\\\/2022\\\/07\\\/Buy-2-A1MP-drug-online.jpg\",\"contentUrl\":\"https:\\\/\\\/gooddealersmeds.com\\\/da\\\/wp-content\\\/uploads\\\/sites\\\/2\\\/2022\\\/07\\\/Buy-2-A1MP-drug-online.jpg\",\"width\":600,\"height\":600,\"caption\":\"Buy 2-A1MP drug online\"},{\"@type\":\"BreadcrumbList\",\"@id\":\"https:\\\/\\\/gooddealersmeds.com\\\/da\\\/product\\\/2-a1mp-laegemiddel\\\/#breadcrumb\",\"itemListElement\":[{\"@type\":\"ListItem\",\"position\":1,\"name\":\"Home\",\"item\":\"https:\\\/\\\/gooddealersmeds.com\\\/da\\\/\"},{\"@type\":\"ListItem\",\"position\":2,\"name\":\"Produkter\",\"item\":\"https:\\\/\\\/gooddealersmeds.com\\\/da\\\/produkter\\\/\"},{\"@type\":\"ListItem\",\"position\":3,\"name\":\"2- A1MP l\u00e6gemiddel til salg\"}]},{\"@type\":\"WebSite\",\"@id\":\"https:\\\/\\\/gooddealersmeds.com\\\/da\\\/#website\",\"url\":\"https:\\\/\\\/gooddealersmeds.com\\\/da\\\/\",\"name\":\"Good Dealers Meds\",\"description\":\"All our best\",\"publisher\":{\"@id\":\"https:\\\/\\\/gooddealersmeds.com\\\/da\\\/#organization\"},\"potentialAction\":[{\"@type\":\"SearchAction\",\"target\":{\"@type\":\"EntryPoint\",\"urlTemplate\":\"https:\\\/\\\/gooddealersmeds.com\\\/da\\\/?s={search_term_string}\"},\"query-input\":{\"@type\":\"PropertyValueSpecification\",\"valueRequired\":true,\"valueName\":\"search_term_string\"}}],\"inLanguage\":\"en-US\"},{\"@type\":\"Organization\",\"@id\":\"https:\\\/\\\/gooddealersmeds.com\\\/da\\\/#organization\",\"name\":\"Good Dealers Meds\",\"url\":\"https:\\\/\\\/gooddealersmeds.com\\\/da\\\/\",\"logo\":{\"@type\":\"ImageObject\",\"inLanguage\":\"en-US\",\"@id\":\"https:\\\/\\\/gooddealersmeds.com\\\/da\\\/#\\\/schema\\\/logo\\\/image\\\/\",\"url\":\"https:\\\/\\\/gooddealersmeds.com\\\/da\\\/wp-content\\\/uploads\\\/sites\\\/2\\\/2022\\\/03\\\/gooddealersmeds__logo__20220317T222800Z.00.png\",\"contentUrl\":\"https:\\\/\\\/gooddealersmeds.com\\\/da\\\/wp-content\\\/uploads\\\/sites\\\/2\\\/2022\\\/03\\\/gooddealersmeds__logo__20220317T222800Z.00.png\",\"width\":500,\"height\":325,\"caption\":\"Good Dealers Meds\"},\"image\":{\"@id\":\"https:\\\/\\\/gooddealersmeds.com\\\/da\\\/#\\\/schema\\\/logo\\\/image\\\/\"}}]}<\/script>\n<!-- \/ Yoast SEO Premium plugin. -->","yoast_head_json":{"title":"K\u00f8b 2-A1MP online | Bestil 2-A1MP online | Good Dealers Meds","description":"K\u00f8b 2-A1MP online (almindeligvis kendt som 5-Methoxymethylone) til engrospris fra p\u00e5lidelige leverand\u00f8rer med den h\u00f8jeste renhed.","robots":{"index":"index","follow":"follow","max-snippet":"max-snippet:-1","max-image-preview":"max-image-preview:large","max-video-preview":"max-video-preview:-1"},"canonical":"https:\/\/gooddealersmeds.com\/da\/product\/2-a1mp-laegemiddel\/","og_locale":"en_US","og_type":"article","og_title":"2- A1MP l\u00e6gemiddel til salg","og_description":"K\u00f8b 2-A1MP online (almindeligvis kendt som 5-Methoxymethylone) til engrospris fra p\u00e5lidelige leverand\u00f8rer med den h\u00f8jeste renhed.","og_url":"https:\/\/gooddealersmeds.com\/da\/product\/2-a1mp-laegemiddel\/","og_site_name":"Good Dealers Meds","article_modified_time":"2023-01-17T17:05:37+00:00","og_image":[{"width":600,"height":600,"url":"https:\/\/gooddealersmeds.com\/da\/wp-content\/uploads\/sites\/2\/2022\/07\/Buy-2-A1MP-drug-online.jpg","type":"image\/jpeg"}],"twitter_card":"summary_large_image","twitter_misc":{"Est. reading time":"1 minute"},"schema":{"@context":"https:\/\/schema.org","@graph":[{"@type":"WebPage","@id":"https:\/\/gooddealersmeds.com\/da\/product\/2-a1mp-laegemiddel\/","url":"https:\/\/gooddealersmeds.com\/da\/product\/2-a1mp-laegemiddel\/","name":"K\u00f8b 2-A1MP online | Bestil 2-A1MP online | Good Dealers Meds","isPartOf":{"@id":"https:\/\/gooddealersmeds.com\/da\/#website"},"primaryImageOfPage":{"@id":"https:\/\/gooddealersmeds.com\/da\/product\/2-a1mp-laegemiddel\/#primaryimage"},"image":{"@id":"https:\/\/gooddealersmeds.com\/da\/product\/2-a1mp-laegemiddel\/#primaryimage"},"thumbnailUrl":"https:\/\/gooddealersmeds.com\/da\/wp-content\/uploads\/sites\/2\/2022\/07\/Buy-2-A1MP-drug-online.jpg","datePublished":"2022-07-03T12:09:15+00:00","dateModified":"2023-01-17T17:05:37+00:00","description":"K\u00f8b 2-A1MP online (almindeligvis kendt som 5-Methoxymethylone) til engrospris fra p\u00e5lidelige leverand\u00f8rer med den h\u00f8jeste renhed.","breadcrumb":{"@id":"https:\/\/gooddealersmeds.com\/da\/product\/2-a1mp-laegemiddel\/#breadcrumb"},"inLanguage":"en-US","potentialAction":[{"@type":"ReadAction","target":["https:\/\/gooddealersmeds.com\/da\/product\/2-a1mp-laegemiddel\/"]}]},{"@type":"ImageObject","inLanguage":"en-US","@id":"https:\/\/gooddealersmeds.com\/da\/product\/2-a1mp-laegemiddel\/#primaryimage","url":"https:\/\/gooddealersmeds.com\/da\/wp-content\/uploads\/sites\/2\/2022\/07\/Buy-2-A1MP-drug-online.jpg","contentUrl":"https:\/\/gooddealersmeds.com\/da\/wp-content\/uploads\/sites\/2\/2022\/07\/Buy-2-A1MP-drug-online.jpg","width":600,"height":600,"caption":"Buy 2-A1MP drug online"},{"@type":"BreadcrumbList","@id":"https:\/\/gooddealersmeds.com\/da\/product\/2-a1mp-laegemiddel\/#breadcrumb","itemListElement":[{"@type":"ListItem","position":1,"name":"Home","item":"https:\/\/gooddealersmeds.com\/da\/"},{"@type":"ListItem","position":2,"name":"Produkter","item":"https:\/\/gooddealersmeds.com\/da\/produkter\/"},{"@type":"ListItem","position":3,"name":"2- A1MP l\u00e6gemiddel til salg"}]},{"@type":"WebSite","@id":"https:\/\/gooddealersmeds.com\/da\/#website","url":"https:\/\/gooddealersmeds.com\/da\/","name":"Good Dealers Meds","description":"All our best","publisher":{"@id":"https:\/\/gooddealersmeds.com\/da\/#organization"},"potentialAction":[{"@type":"SearchAction","target":{"@type":"EntryPoint","urlTemplate":"https:\/\/gooddealersmeds.com\/da\/?s={search_term_string}"},"query-input":{"@type":"PropertyValueSpecification","valueRequired":true,"valueName":"search_term_string"}}],"inLanguage":"en-US"},{"@type":"Organization","@id":"https:\/\/gooddealersmeds.com\/da\/#organization","name":"Good Dealers Meds","url":"https:\/\/gooddealersmeds.com\/da\/","logo":{"@type":"ImageObject","inLanguage":"en-US","@id":"https:\/\/gooddealersmeds.com\/da\/#\/schema\/logo\/image\/","url":"https:\/\/gooddealersmeds.com\/da\/wp-content\/uploads\/sites\/2\/2022\/03\/gooddealersmeds__logo__20220317T222800Z.00.png","contentUrl":"https:\/\/gooddealersmeds.com\/da\/wp-content\/uploads\/sites\/2\/2022\/03\/gooddealersmeds__logo__20220317T222800Z.00.png","width":500,"height":325,"caption":"Good Dealers Meds"},"image":{"@id":"https:\/\/gooddealersmeds.com\/da\/#\/schema\/logo\/image\/"}}]}},"_links":{"self":[{"href":"https:\/\/gooddealersmeds.com\/da\/wp-json\/wp\/v2\/product\/1918","targetHints":{"allow":["GET"]}}],"collection":[{"href":"https:\/\/gooddealersmeds.com\/da\/wp-json\/wp\/v2\/product"}],"about":[{"href":"https:\/\/gooddealersmeds.com\/da\/wp-json\/wp\/v2\/types\/product"}],"replies":[{"embeddable":true,"href":"https:\/\/gooddealersmeds.com\/da\/wp-json\/wp\/v2\/comments?post=1918"}],"wp:featuredmedia":[{"embeddable":true,"href":"https:\/\/gooddealersmeds.com\/da\/wp-json\/wp\/v2\/media\/1924"}],"wp:attachment":[{"href":"https:\/\/gooddealersmeds.com\/da\/wp-json\/wp\/v2\/media?parent=1918"}],"wp:term":[{"taxonomy":"product_brand","embeddable":true,"href":"https:\/\/gooddealersmeds.com\/da\/wp-json\/wp\/v2\/product_brand?post=1918"},{"taxonomy":"product_cat","embeddable":true,"href":"https:\/\/gooddealersmeds.com\/da\/wp-json\/wp\/v2\/product_cat?post=1918"},{"taxonomy":"product_tag","embeddable":true,"href":"https:\/\/gooddealersmeds.com\/da\/wp-json\/wp\/v2\/product_tag?post=1918"}],"curies":[{"name":"wp","href":"https:\/\/api.w.org\/{rel}","templated":true}]}}