{"id":1912,"date":"2022-07-03T12:03:51","date_gmt":"2022-07-03T12:03:51","guid":{"rendered":"https:\/\/gooddealersmeds.com\/da\/?post_type=product&#038;p=1912"},"modified":"2023-01-17T17:10:29","modified_gmt":"2023-01-17T17:10:29","slug":"2-fdck-laegemiddel","status":"publish","type":"product","link":"https:\/\/gooddealersmeds.com\/da\/product\/2-fdck-laegemiddel\/","title":{"rendered":"K\u00f8b 2-Fdck Medicin Online"},"content":{"rendered":"<h2>K\u00f8b 2-Fdck Medicin Online<\/h2>\n<p>2-Fdck Drug online er en type medicin, der kan bruges til at behandle erektil dysfunktion eller for tidlig ejakulation. Det omtales almindeligvis som Viagra, Levitra, Cialis eller Stendra. Denne medicin virker ved at forbedre blodgennemstr\u00f8mningen til penis og g\u00f8re blodet tykkere, s\u00e5 det kan forblive oprejst i l\u00e6ngere perioder.<\/p>\n<p>2-Fdck-l\u00e6gemidlet online er tilg\u00e6ngeligt i form af tabletter og injektioner, som hver is\u00e6r har sine egne fordele og ulemper. Injektionsversionen kan tages umiddelbart efter sex, men det tager l\u00e6ngere tid end en pilleform at virke magi. Tabletformen kan tages op til 36 timer f\u00f8r seksuel aktivitet finder sted; dog kan det tage op til fire timer, f\u00f8r du begynder at m\u00e6rke nogen virkninger.<\/p>\n<p>&nbsp;<\/p>\n<p><strong>Hvorfor k\u00f8be 2-Fdck Drugs Online?<\/strong><\/p>\n<p>Den f\u00f8rste ting, der g\u00f8r k\u00f8b <a href=\"https:\/\/gooddealersmeds.com\/da\/product\/2-fdck- drug\/\">2-Fdck Drug Online<\/a> s\u00e5 fantastisk er det, at det er nemt. Der er ingen rodede recepter eller lange linjer med papirarbejde, kun en hjemmeside, der er nem at navigere p\u00e5, og f\u00e6rdiglavede pakker med medicin, der giver dig alt, hvad du har brug for uden besv\u00e6r overhovedet.<\/p>\n<p><strong>\u00a0<\/strong><\/p>\n<p><strong>Go-to-stedet for at k\u00f8be 2-Fdck Drug Online<\/strong><\/p>\n<p>Er du p\u00e5 udkig efter at k\u00f8be 2-Fdck Drug Online? Du er ikke alene.<\/p>\n<p>Mange mennesker har fundet ud af, at dette produkt kan hj\u00e6lpe dem med at forbedre deres sexliv, men det er vigtigt at v\u00e6re forsigtig, n\u00e5r du k\u00f8ber dette produkt.<\/p>\n<p>Der er mange forskellige steder, hvor du kan bestille 2-Fdck Drug Online, og hvis du ikke l\u00e6ser anmeldelserne grundigt, kan du ende med et produkt, der ikke virker s\u00e5 godt som andre. Det bedste sted at k\u00f8be 2-Fdck Drug Online er gennem vores hjemmeside, fordi vi har solgt denne type produkter i \u00e5revis, og vi ved, hvad der virker og hvad der ikke g\u00f8r, s\u00e5 vi kan sikre os, at alle, der k\u00f8ber hos os, ender med den bedst mulige oplevelse.<\/p>\n","protected":false},"excerpt":{"rendered":"<p>K\u00f8b 2-FDCK-l\u00e6gemidlet Purity online, 2-FDCK (ogs\u00e5 kendt som 2-Fl-2\u2032-Oxo-PCM, Fluoroketamin og 2-Fluorodeschlorketamin) er et dissociativt bed\u00f8velsesmiddel. Det er en analog af ketamin, hvor chlorgruppen er blevet erstattet af fluor.<\/p>\n","protected":false},"featured_media":1917,"comment_status":"open","ping_status":"closed","template":"","meta":{"inline_featured_image":false},"product_brand":[],"product_cat":[344],"product_tag":[],"class_list":{"0":"post-1912","1":"product","2":"type-product","3":"status-publish","4":"has-post-thumbnail","6":"product_cat-forsknings-kemikalier","8":"first","9":"instock","10":"shipping-taxable","11":"purchasable","12":"product-type-variable","13":"has-default-attributes"},"yoast_head":"<!-- This site is optimized with the Yoast SEO Premium plugin v20.6 (Yoast SEO v27.3) - https:\/\/yoast.com\/product\/yoast-seo-premium-wordpress\/ -->\n<title>K\u00f8b 2-Fdck Online | 2-fdck Til salg | Good Dealers Meds<\/title>\n<meta name=\"description\" content=\"K\u00f8b 2-FDCK-l\u00e6gemiddel online, 2-FDCK (ogs\u00e5 kendt som 2-Fl-2\u2032-Oxo-PCM, Fluoroketamin og 2-Fluorodeschlorketamin) er et dissociativt bed\u00f8velsesmiddel.\" \/>\n<meta name=\"robots\" content=\"index, follow, max-snippet:-1, max-image-preview:large, max-video-preview:-1\" \/>\n<link rel=\"canonical\" href=\"https:\/\/gooddealersmeds.com\/da\/product\/2-fdck-laegemiddel\/\" \/>\n<meta property=\"og:locale\" content=\"en_US\" \/>\n<meta property=\"og:type\" content=\"article\" \/>\n<meta property=\"og:title\" content=\"K\u00f8b 2-Fdck Medicin Online\" \/>\n<meta property=\"og:description\" content=\"K\u00f8b 2-FDCK-l\u00e6gemiddel online, 2-FDCK (ogs\u00e5 kendt som 2-Fl-2\u2032-Oxo-PCM, Fluoroketamin og 2-Fluorodeschlorketamin) er et dissociativt bed\u00f8velsesmiddel.\" \/>\n<meta property=\"og:url\" content=\"https:\/\/gooddealersmeds.com\/da\/product\/2-fdck-laegemiddel\/\" \/>\n<meta property=\"og:site_name\" content=\"Good Dealers Meds\" \/>\n<meta property=\"article:modified_time\" content=\"2023-01-17T17:10:29+00:00\" \/>\n<meta property=\"og:image\" content=\"https:\/\/gooddealersmeds.com\/da\/wp-content\/uploads\/sites\/2\/2022\/07\/2-Fdck-Drug.jpg\" \/>\n\t<meta property=\"og:image:width\" content=\"600\" \/>\n\t<meta property=\"og:image:height\" content=\"600\" \/>\n\t<meta property=\"og:image:type\" content=\"image\/jpeg\" \/>\n<meta name=\"twitter:card\" content=\"summary_large_image\" \/>\n<meta name=\"twitter:label1\" content=\"Est. reading time\" \/>\n\t<meta name=\"twitter:data1\" content=\"2 minutes\" \/>\n<script type=\"application\/ld+json\" class=\"yoast-schema-graph\">{\"@context\":\"https:\\\/\\\/schema.org\",\"@graph\":[{\"@type\":\"WebPage\",\"@id\":\"https:\\\/\\\/gooddealersmeds.com\\\/da\\\/product\\\/2-fdck-laegemiddel\\\/\",\"url\":\"https:\\\/\\\/gooddealersmeds.com\\\/da\\\/product\\\/2-fdck-laegemiddel\\\/\",\"name\":\"K\u00f8b 2-Fdck Online | 2-fdck Til salg | Good Dealers Meds\",\"isPartOf\":{\"@id\":\"https:\\\/\\\/gooddealersmeds.com\\\/da\\\/#website\"},\"primaryImageOfPage\":{\"@id\":\"https:\\\/\\\/gooddealersmeds.com\\\/da\\\/product\\\/2-fdck-laegemiddel\\\/#primaryimage\"},\"image\":{\"@id\":\"https:\\\/\\\/gooddealersmeds.com\\\/da\\\/product\\\/2-fdck-laegemiddel\\\/#primaryimage\"},\"thumbnailUrl\":\"https:\\\/\\\/gooddealersmeds.com\\\/da\\\/wp-content\\\/uploads\\\/sites\\\/2\\\/2022\\\/07\\\/2-Fdck-Drug.jpg\",\"datePublished\":\"2022-07-03T12:03:51+00:00\",\"dateModified\":\"2023-01-17T17:10:29+00:00\",\"description\":\"K\u00f8b 2-FDCK-l\u00e6gemiddel online, 2-FDCK (ogs\u00e5 kendt som 2-Fl-2\u2032-Oxo-PCM, Fluoroketamin og 2-Fluorodeschlorketamin) er et dissociativt bed\u00f8velsesmiddel.\",\"breadcrumb\":{\"@id\":\"https:\\\/\\\/gooddealersmeds.com\\\/da\\\/product\\\/2-fdck-laegemiddel\\\/#breadcrumb\"},\"inLanguage\":\"en-US\",\"potentialAction\":[{\"@type\":\"ReadAction\",\"target\":[\"https:\\\/\\\/gooddealersmeds.com\\\/da\\\/product\\\/2-fdck-laegemiddel\\\/\"]}]},{\"@type\":\"ImageObject\",\"inLanguage\":\"en-US\",\"@id\":\"https:\\\/\\\/gooddealersmeds.com\\\/da\\\/product\\\/2-fdck-laegemiddel\\\/#primaryimage\",\"url\":\"https:\\\/\\\/gooddealersmeds.com\\\/da\\\/wp-content\\\/uploads\\\/sites\\\/2\\\/2022\\\/07\\\/2-Fdck-Drug.jpg\",\"contentUrl\":\"https:\\\/\\\/gooddealersmeds.com\\\/da\\\/wp-content\\\/uploads\\\/sites\\\/2\\\/2022\\\/07\\\/2-Fdck-Drug.jpg\",\"width\":600,\"height\":600,\"caption\":\"Buy 2-Fdck Drug Online\"},{\"@type\":\"BreadcrumbList\",\"@id\":\"https:\\\/\\\/gooddealersmeds.com\\\/da\\\/product\\\/2-fdck-laegemiddel\\\/#breadcrumb\",\"itemListElement\":[{\"@type\":\"ListItem\",\"position\":1,\"name\":\"Home\",\"item\":\"https:\\\/\\\/gooddealersmeds.com\\\/da\\\/\"},{\"@type\":\"ListItem\",\"position\":2,\"name\":\"Produkter\",\"item\":\"https:\\\/\\\/gooddealersmeds.com\\\/da\\\/produkter\\\/\"},{\"@type\":\"ListItem\",\"position\":3,\"name\":\"K\u00f8b 2-Fdck Medicin Online\"}]},{\"@type\":\"WebSite\",\"@id\":\"https:\\\/\\\/gooddealersmeds.com\\\/da\\\/#website\",\"url\":\"https:\\\/\\\/gooddealersmeds.com\\\/da\\\/\",\"name\":\"Good Dealers Meds\",\"description\":\"All our best\",\"publisher\":{\"@id\":\"https:\\\/\\\/gooddealersmeds.com\\\/da\\\/#organization\"},\"potentialAction\":[{\"@type\":\"SearchAction\",\"target\":{\"@type\":\"EntryPoint\",\"urlTemplate\":\"https:\\\/\\\/gooddealersmeds.com\\\/da\\\/?s={search_term_string}\"},\"query-input\":{\"@type\":\"PropertyValueSpecification\",\"valueRequired\":true,\"valueName\":\"search_term_string\"}}],\"inLanguage\":\"en-US\"},{\"@type\":\"Organization\",\"@id\":\"https:\\\/\\\/gooddealersmeds.com\\\/da\\\/#organization\",\"name\":\"Good Dealers Meds\",\"url\":\"https:\\\/\\\/gooddealersmeds.com\\\/da\\\/\",\"logo\":{\"@type\":\"ImageObject\",\"inLanguage\":\"en-US\",\"@id\":\"https:\\\/\\\/gooddealersmeds.com\\\/da\\\/#\\\/schema\\\/logo\\\/image\\\/\",\"url\":\"https:\\\/\\\/gooddealersmeds.com\\\/da\\\/wp-content\\\/uploads\\\/sites\\\/2\\\/2022\\\/03\\\/gooddealersmeds__logo__20220317T222800Z.00.png\",\"contentUrl\":\"https:\\\/\\\/gooddealersmeds.com\\\/da\\\/wp-content\\\/uploads\\\/sites\\\/2\\\/2022\\\/03\\\/gooddealersmeds__logo__20220317T222800Z.00.png\",\"width\":500,\"height\":325,\"caption\":\"Good Dealers Meds\"},\"image\":{\"@id\":\"https:\\\/\\\/gooddealersmeds.com\\\/da\\\/#\\\/schema\\\/logo\\\/image\\\/\"}}]}<\/script>\n<!-- \/ Yoast SEO Premium plugin. -->","yoast_head_json":{"title":"K\u00f8b 2-Fdck Online | 2-fdck Til salg | Good Dealers Meds","description":"K\u00f8b 2-FDCK-l\u00e6gemiddel online, 2-FDCK (ogs\u00e5 kendt som 2-Fl-2\u2032-Oxo-PCM, Fluoroketamin og 2-Fluorodeschlorketamin) er et dissociativt bed\u00f8velsesmiddel.","robots":{"index":"index","follow":"follow","max-snippet":"max-snippet:-1","max-image-preview":"max-image-preview:large","max-video-preview":"max-video-preview:-1"},"canonical":"https:\/\/gooddealersmeds.com\/da\/product\/2-fdck-laegemiddel\/","og_locale":"en_US","og_type":"article","og_title":"K\u00f8b 2-Fdck Medicin Online","og_description":"K\u00f8b 2-FDCK-l\u00e6gemiddel online, 2-FDCK (ogs\u00e5 kendt som 2-Fl-2\u2032-Oxo-PCM, Fluoroketamin og 2-Fluorodeschlorketamin) er et dissociativt bed\u00f8velsesmiddel.","og_url":"https:\/\/gooddealersmeds.com\/da\/product\/2-fdck-laegemiddel\/","og_site_name":"Good Dealers Meds","article_modified_time":"2023-01-17T17:10:29+00:00","og_image":[{"width":600,"height":600,"url":"https:\/\/gooddealersmeds.com\/da\/wp-content\/uploads\/sites\/2\/2022\/07\/2-Fdck-Drug.jpg","type":"image\/jpeg"}],"twitter_card":"summary_large_image","twitter_misc":{"Est. reading time":"2 minutes"},"schema":{"@context":"https:\/\/schema.org","@graph":[{"@type":"WebPage","@id":"https:\/\/gooddealersmeds.com\/da\/product\/2-fdck-laegemiddel\/","url":"https:\/\/gooddealersmeds.com\/da\/product\/2-fdck-laegemiddel\/","name":"K\u00f8b 2-Fdck Online | 2-fdck Til salg | Good Dealers Meds","isPartOf":{"@id":"https:\/\/gooddealersmeds.com\/da\/#website"},"primaryImageOfPage":{"@id":"https:\/\/gooddealersmeds.com\/da\/product\/2-fdck-laegemiddel\/#primaryimage"},"image":{"@id":"https:\/\/gooddealersmeds.com\/da\/product\/2-fdck-laegemiddel\/#primaryimage"},"thumbnailUrl":"https:\/\/gooddealersmeds.com\/da\/wp-content\/uploads\/sites\/2\/2022\/07\/2-Fdck-Drug.jpg","datePublished":"2022-07-03T12:03:51+00:00","dateModified":"2023-01-17T17:10:29+00:00","description":"K\u00f8b 2-FDCK-l\u00e6gemiddel online, 2-FDCK (ogs\u00e5 kendt som 2-Fl-2\u2032-Oxo-PCM, Fluoroketamin og 2-Fluorodeschlorketamin) er et dissociativt bed\u00f8velsesmiddel.","breadcrumb":{"@id":"https:\/\/gooddealersmeds.com\/da\/product\/2-fdck-laegemiddel\/#breadcrumb"},"inLanguage":"en-US","potentialAction":[{"@type":"ReadAction","target":["https:\/\/gooddealersmeds.com\/da\/product\/2-fdck-laegemiddel\/"]}]},{"@type":"ImageObject","inLanguage":"en-US","@id":"https:\/\/gooddealersmeds.com\/da\/product\/2-fdck-laegemiddel\/#primaryimage","url":"https:\/\/gooddealersmeds.com\/da\/wp-content\/uploads\/sites\/2\/2022\/07\/2-Fdck-Drug.jpg","contentUrl":"https:\/\/gooddealersmeds.com\/da\/wp-content\/uploads\/sites\/2\/2022\/07\/2-Fdck-Drug.jpg","width":600,"height":600,"caption":"Buy 2-Fdck Drug Online"},{"@type":"BreadcrumbList","@id":"https:\/\/gooddealersmeds.com\/da\/product\/2-fdck-laegemiddel\/#breadcrumb","itemListElement":[{"@type":"ListItem","position":1,"name":"Home","item":"https:\/\/gooddealersmeds.com\/da\/"},{"@type":"ListItem","position":2,"name":"Produkter","item":"https:\/\/gooddealersmeds.com\/da\/produkter\/"},{"@type":"ListItem","position":3,"name":"K\u00f8b 2-Fdck Medicin Online"}]},{"@type":"WebSite","@id":"https:\/\/gooddealersmeds.com\/da\/#website","url":"https:\/\/gooddealersmeds.com\/da\/","name":"Good Dealers Meds","description":"All our best","publisher":{"@id":"https:\/\/gooddealersmeds.com\/da\/#organization"},"potentialAction":[{"@type":"SearchAction","target":{"@type":"EntryPoint","urlTemplate":"https:\/\/gooddealersmeds.com\/da\/?s={search_term_string}"},"query-input":{"@type":"PropertyValueSpecification","valueRequired":true,"valueName":"search_term_string"}}],"inLanguage":"en-US"},{"@type":"Organization","@id":"https:\/\/gooddealersmeds.com\/da\/#organization","name":"Good Dealers Meds","url":"https:\/\/gooddealersmeds.com\/da\/","logo":{"@type":"ImageObject","inLanguage":"en-US","@id":"https:\/\/gooddealersmeds.com\/da\/#\/schema\/logo\/image\/","url":"https:\/\/gooddealersmeds.com\/da\/wp-content\/uploads\/sites\/2\/2022\/03\/gooddealersmeds__logo__20220317T222800Z.00.png","contentUrl":"https:\/\/gooddealersmeds.com\/da\/wp-content\/uploads\/sites\/2\/2022\/03\/gooddealersmeds__logo__20220317T222800Z.00.png","width":500,"height":325,"caption":"Good Dealers Meds"},"image":{"@id":"https:\/\/gooddealersmeds.com\/da\/#\/schema\/logo\/image\/"}}]}},"_links":{"self":[{"href":"https:\/\/gooddealersmeds.com\/da\/wp-json\/wp\/v2\/product\/1912","targetHints":{"allow":["GET"]}}],"collection":[{"href":"https:\/\/gooddealersmeds.com\/da\/wp-json\/wp\/v2\/product"}],"about":[{"href":"https:\/\/gooddealersmeds.com\/da\/wp-json\/wp\/v2\/types\/product"}],"replies":[{"embeddable":true,"href":"https:\/\/gooddealersmeds.com\/da\/wp-json\/wp\/v2\/comments?post=1912"}],"wp:featuredmedia":[{"embeddable":true,"href":"https:\/\/gooddealersmeds.com\/da\/wp-json\/wp\/v2\/media\/1917"}],"wp:attachment":[{"href":"https:\/\/gooddealersmeds.com\/da\/wp-json\/wp\/v2\/media?parent=1912"}],"wp:term":[{"taxonomy":"product_brand","embeddable":true,"href":"https:\/\/gooddealersmeds.com\/da\/wp-json\/wp\/v2\/product_brand?post=1912"},{"taxonomy":"product_cat","embeddable":true,"href":"https:\/\/gooddealersmeds.com\/da\/wp-json\/wp\/v2\/product_cat?post=1912"},{"taxonomy":"product_tag","embeddable":true,"href":"https:\/\/gooddealersmeds.com\/da\/wp-json\/wp\/v2\/product_tag?post=1912"}],"curies":[{"name":"wp","href":"https:\/\/api.w.org\/{rel}","templated":true}]}}