{"id":1905,"date":"2022-07-03T11:59:56","date_gmt":"2022-07-03T11:59:56","guid":{"rendered":"https:\/\/gooddealersmeds.com\/da\/?post_type=product&#038;p=1905"},"modified":"2022-11-11T10:36:13","modified_gmt":"2022-11-11T10:36:13","slug":"25i-nboh-stoffer","status":"publish","type":"product","link":"https:\/\/gooddealersmeds.com\/da\/product\/25i-nboh-stoffer\/","title":{"rendered":"K\u00f8b 25i NBOH l\u00e6gemidler Online"},"content":{"rendered":"<p>25i NBOH til salg, eller phenethylamin klasse 2C-I-NBOH, er et nyt syntetisk psykedelisk stof, der er t\u00e6t besl\u00e6gtet med 25I-NBOMe. <a href=\"https:\/\/gooddealersmeds.com\/da\/product\/25i-nboh-stoffer\/\">25i NBOH<\/a> er et phenethylamin-afledt hallucinogen 2C-I-derivat. Et hold fra Purdue University opdagede det i 2006.<\/p>\n<p>Det er blevet unders\u00f8gt som et potentielt l\u00e6gemiddel til kortl\u00e6gning af positronemissionstomografi af 5-HT2A-receptorer i hjernen. Selvom deres fysiologiske og toksikologiske egenskaber ikke er fuldt karakteriserede, foresl\u00e5s NBOH-forbindelserne som et lovligt alternativ til NBOH-forbindelserne.<\/p>\n<p>NBOH-forbindelser er N-benzylhydroxy-derivater af 2C-hallucinogener-familien, der ofte indeholder et halogen. chlor, brom eller iod) i position 4 i A-ringen og en hydroxylgruppe i position 2&#8242; i B-ringen. Selvom deres fysiologiske og toksikologiske egenskaber ikke er fuldt karakteriserede, foresl\u00e5s NBOH-forbindelserne som et lovligt alternativ til NBOH-forbindelserne.<\/p>\n<ul>\n<li>NBOH-forbindelser er inaktive og b\u00f8r kun tages sublingualt og p\u00e5 en m\u00e5de der giver mulighed for hurtig absorption.<\/li>\n<li>Hvis blottere ikke virker s\u00e5 hurtigt, som du ville forvente, skal du ikke antage, at de er af lav kvalitet; de kan omfatte et andet l\u00e6gemiddel, der tager l\u00e6ngere tid at virke.<\/li>\n<li>Denne medicin b\u00f8r bruges med forsigtighed. Du b\u00f8r begynde med en lille dosis. Undg\u00e5 at kombinere det med andre stoffer, s\u00e5som alkohol eller ordineret medicin.<\/li>\n<\/ul>\n<p><strong>Kemi:<\/strong><\/p>\n<p>Phenethylamin 2C-I er et phenethylaminderivat af 25I-NBOH. Denne medicin er et serotoninergt N-benzylderivat. Methoxygrupperne CH3O og jod er til stede i den kemiske sammens\u00e6tning af 25I-NBOH.<\/p>\n<p><strong>Udseende:<\/strong><\/p>\n<p>Krystallinsk fast stof, pulver<\/p>\n<p><strong>Forsendelse &amp; Opbevaring:<\/strong><\/p>\n<ul>\n<li>Opbevaring: -20 C<\/li>\n<li>I v\u00e5d is<\/li>\n<li>Stabilitet: Ca. 2 \u00e5r<\/li>\n<\/ul>\n<p><strong>Forsigtighed:<\/strong><\/p>\n<p>Hvis du eller en du er sammen med bliver syg, skal du straks s\u00f8ge l\u00e6ge! Ring til hospitalet med det samme og forbliv hos dem. Hvis du deltager i en begivenhed eller festival, vil der v\u00e6re l\u00e6ge- og velf\u00e6rdspersonale klar til at hj\u00e6lpe dig. 25i NBOH til salg<\/p>\n<p><strong>Tilg\u00e6ngelighed:<\/strong><\/p>\n<p>Du kan k\u00f8be 25i NBOH L\u00e6gemidler online fra vores butik med garanteret levering.<\/p>\n","protected":false},"excerpt":{"rendered":"<p>K\u00f8b 25I-NBOH-l\u00e6gemidler online er forskningskemikalier af h\u00f8j kvalitet. Du kan k\u00f8be 25I-NBOH online til engrospris fra p\u00e5lidelig leverand\u00f8r. Sikker forsendelse 25I-NBOH til USA, BRASILIEN, EU, Storbritannien og andre lande.<\/p>\n","protected":false},"featured_media":1911,"comment_status":"open","ping_status":"closed","template":"","meta":{"inline_featured_image":false},"product_brand":[],"product_cat":[344],"product_tag":[],"class_list":{"0":"post-1905","1":"product","2":"type-product","3":"status-publish","4":"has-post-thumbnail","6":"product_cat-forsknings-kemikalier","8":"first","9":"instock","10":"shipping-taxable","11":"purchasable","12":"product-type-variable","13":"has-default-attributes"},"yoast_head":"<!-- This site is optimized with the Yoast SEO Premium plugin v20.6 (Yoast SEO v27.3) - https:\/\/yoast.com\/product\/yoast-seo-premium-wordpress\/ -->\n<title>25i NBOH til salg | K\u00f8b online i bedste kvalitet | Good Dealers Meds<\/title>\n<meta name=\"description\" content=\"25i NBOH til salg til engrospris fra p\u00e5lidelig leverand\u00f8r. Sikker forsendelse 25I-NBOH til USA, BRASILIEN, EU, UK og andre lande.\" \/>\n<meta name=\"robots\" content=\"index, follow, max-snippet:-1, max-image-preview:large, max-video-preview:-1\" \/>\n<link rel=\"canonical\" href=\"https:\/\/gooddealersmeds.com\/da\/product\/25i-nboh-stoffer\/\" \/>\n<meta property=\"og:locale\" content=\"en_US\" \/>\n<meta property=\"og:type\" content=\"article\" \/>\n<meta property=\"og:title\" content=\"K\u00f8b 25i NBOH l\u00e6gemidler Online\" \/>\n<meta property=\"og:description\" content=\"25i NBOH til salg til engrospris fra p\u00e5lidelig leverand\u00f8r. Sikker forsendelse 25I-NBOH til USA, BRASILIEN, EU, UK og andre lande.\" \/>\n<meta property=\"og:url\" content=\"https:\/\/gooddealersmeds.com\/da\/product\/25i-nboh-stoffer\/\" \/>\n<meta property=\"og:site_name\" content=\"Good Dealers Meds\" \/>\n<meta property=\"article:modified_time\" content=\"2022-11-11T10:36:13+00:00\" \/>\n<meta property=\"og:image\" content=\"https:\/\/gooddealersmeds.com\/da\/wp-content\/uploads\/sites\/2\/2022\/07\/25i-NBOH-Drugs.png\" \/>\n\t<meta property=\"og:image:width\" content=\"600\" \/>\n\t<meta property=\"og:image:height\" content=\"600\" \/>\n\t<meta property=\"og:image:type\" content=\"image\/png\" \/>\n<meta name=\"twitter:card\" content=\"summary_large_image\" \/>\n<meta name=\"twitter:label1\" content=\"Est. reading time\" \/>\n\t<meta name=\"twitter:data1\" content=\"2 minutes\" \/>\n<script type=\"application\/ld+json\" class=\"yoast-schema-graph\">{\"@context\":\"https:\\\/\\\/schema.org\",\"@graph\":[{\"@type\":\"WebPage\",\"@id\":\"https:\\\/\\\/gooddealersmeds.com\\\/da\\\/product\\\/25i-nboh-stoffer\\\/\",\"url\":\"https:\\\/\\\/gooddealersmeds.com\\\/da\\\/product\\\/25i-nboh-stoffer\\\/\",\"name\":\"25i NBOH til salg | K\u00f8b online i bedste kvalitet | Good Dealers Meds\",\"isPartOf\":{\"@id\":\"https:\\\/\\\/gooddealersmeds.com\\\/da\\\/#website\"},\"primaryImageOfPage\":{\"@id\":\"https:\\\/\\\/gooddealersmeds.com\\\/da\\\/product\\\/25i-nboh-stoffer\\\/#primaryimage\"},\"image\":{\"@id\":\"https:\\\/\\\/gooddealersmeds.com\\\/da\\\/product\\\/25i-nboh-stoffer\\\/#primaryimage\"},\"thumbnailUrl\":\"https:\\\/\\\/gooddealersmeds.com\\\/da\\\/wp-content\\\/uploads\\\/sites\\\/2\\\/2022\\\/07\\\/25i-NBOH-Drugs.png\",\"datePublished\":\"2022-07-03T11:59:56+00:00\",\"dateModified\":\"2022-11-11T10:36:13+00:00\",\"description\":\"25i NBOH til salg til engrospris fra p\u00e5lidelig leverand\u00f8r. Sikker forsendelse 25I-NBOH til USA, BRASILIEN, EU, UK og andre lande.\",\"breadcrumb\":{\"@id\":\"https:\\\/\\\/gooddealersmeds.com\\\/da\\\/product\\\/25i-nboh-stoffer\\\/#breadcrumb\"},\"inLanguage\":\"en-US\",\"potentialAction\":[{\"@type\":\"ReadAction\",\"target\":[\"https:\\\/\\\/gooddealersmeds.com\\\/da\\\/product\\\/25i-nboh-stoffer\\\/\"]}]},{\"@type\":\"ImageObject\",\"inLanguage\":\"en-US\",\"@id\":\"https:\\\/\\\/gooddealersmeds.com\\\/da\\\/product\\\/25i-nboh-stoffer\\\/#primaryimage\",\"url\":\"https:\\\/\\\/gooddealersmeds.com\\\/da\\\/wp-content\\\/uploads\\\/sites\\\/2\\\/2022\\\/07\\\/25i-NBOH-Drugs.png\",\"contentUrl\":\"https:\\\/\\\/gooddealersmeds.com\\\/da\\\/wp-content\\\/uploads\\\/sites\\\/2\\\/2022\\\/07\\\/25i-NBOH-Drugs.png\",\"width\":600,\"height\":600,\"caption\":\"25i NBOH Drugs\"},{\"@type\":\"BreadcrumbList\",\"@id\":\"https:\\\/\\\/gooddealersmeds.com\\\/da\\\/product\\\/25i-nboh-stoffer\\\/#breadcrumb\",\"itemListElement\":[{\"@type\":\"ListItem\",\"position\":1,\"name\":\"Home\",\"item\":\"https:\\\/\\\/gooddealersmeds.com\\\/da\\\/\"},{\"@type\":\"ListItem\",\"position\":2,\"name\":\"Produkter\",\"item\":\"https:\\\/\\\/gooddealersmeds.com\\\/da\\\/produkter\\\/\"},{\"@type\":\"ListItem\",\"position\":3,\"name\":\"K\u00f8b 25i NBOH l\u00e6gemidler Online\"}]},{\"@type\":\"WebSite\",\"@id\":\"https:\\\/\\\/gooddealersmeds.com\\\/da\\\/#website\",\"url\":\"https:\\\/\\\/gooddealersmeds.com\\\/da\\\/\",\"name\":\"Good Dealers Meds\",\"description\":\"All our best\",\"publisher\":{\"@id\":\"https:\\\/\\\/gooddealersmeds.com\\\/da\\\/#organization\"},\"potentialAction\":[{\"@type\":\"SearchAction\",\"target\":{\"@type\":\"EntryPoint\",\"urlTemplate\":\"https:\\\/\\\/gooddealersmeds.com\\\/da\\\/?s={search_term_string}\"},\"query-input\":{\"@type\":\"PropertyValueSpecification\",\"valueRequired\":true,\"valueName\":\"search_term_string\"}}],\"inLanguage\":\"en-US\"},{\"@type\":\"Organization\",\"@id\":\"https:\\\/\\\/gooddealersmeds.com\\\/da\\\/#organization\",\"name\":\"Good Dealers Meds\",\"url\":\"https:\\\/\\\/gooddealersmeds.com\\\/da\\\/\",\"logo\":{\"@type\":\"ImageObject\",\"inLanguage\":\"en-US\",\"@id\":\"https:\\\/\\\/gooddealersmeds.com\\\/da\\\/#\\\/schema\\\/logo\\\/image\\\/\",\"url\":\"https:\\\/\\\/gooddealersmeds.com\\\/da\\\/wp-content\\\/uploads\\\/sites\\\/2\\\/2022\\\/03\\\/gooddealersmeds__logo__20220317T222800Z.00.png\",\"contentUrl\":\"https:\\\/\\\/gooddealersmeds.com\\\/da\\\/wp-content\\\/uploads\\\/sites\\\/2\\\/2022\\\/03\\\/gooddealersmeds__logo__20220317T222800Z.00.png\",\"width\":500,\"height\":325,\"caption\":\"Good Dealers Meds\"},\"image\":{\"@id\":\"https:\\\/\\\/gooddealersmeds.com\\\/da\\\/#\\\/schema\\\/logo\\\/image\\\/\"}}]}<\/script>\n<!-- \/ Yoast SEO Premium plugin. -->","yoast_head_json":{"title":"25i NBOH til salg | K\u00f8b online i bedste kvalitet | Good Dealers Meds","description":"25i NBOH til salg til engrospris fra p\u00e5lidelig leverand\u00f8r. Sikker forsendelse 25I-NBOH til USA, BRASILIEN, EU, UK og andre lande.","robots":{"index":"index","follow":"follow","max-snippet":"max-snippet:-1","max-image-preview":"max-image-preview:large","max-video-preview":"max-video-preview:-1"},"canonical":"https:\/\/gooddealersmeds.com\/da\/product\/25i-nboh-stoffer\/","og_locale":"en_US","og_type":"article","og_title":"K\u00f8b 25i NBOH l\u00e6gemidler Online","og_description":"25i NBOH til salg til engrospris fra p\u00e5lidelig leverand\u00f8r. Sikker forsendelse 25I-NBOH til USA, BRASILIEN, EU, UK og andre lande.","og_url":"https:\/\/gooddealersmeds.com\/da\/product\/25i-nboh-stoffer\/","og_site_name":"Good Dealers Meds","article_modified_time":"2022-11-11T10:36:13+00:00","og_image":[{"width":600,"height":600,"url":"https:\/\/gooddealersmeds.com\/da\/wp-content\/uploads\/sites\/2\/2022\/07\/25i-NBOH-Drugs.png","type":"image\/png"}],"twitter_card":"summary_large_image","twitter_misc":{"Est. reading time":"2 minutes"},"schema":{"@context":"https:\/\/schema.org","@graph":[{"@type":"WebPage","@id":"https:\/\/gooddealersmeds.com\/da\/product\/25i-nboh-stoffer\/","url":"https:\/\/gooddealersmeds.com\/da\/product\/25i-nboh-stoffer\/","name":"25i NBOH til salg | K\u00f8b online i bedste kvalitet | Good Dealers Meds","isPartOf":{"@id":"https:\/\/gooddealersmeds.com\/da\/#website"},"primaryImageOfPage":{"@id":"https:\/\/gooddealersmeds.com\/da\/product\/25i-nboh-stoffer\/#primaryimage"},"image":{"@id":"https:\/\/gooddealersmeds.com\/da\/product\/25i-nboh-stoffer\/#primaryimage"},"thumbnailUrl":"https:\/\/gooddealersmeds.com\/da\/wp-content\/uploads\/sites\/2\/2022\/07\/25i-NBOH-Drugs.png","datePublished":"2022-07-03T11:59:56+00:00","dateModified":"2022-11-11T10:36:13+00:00","description":"25i NBOH til salg til engrospris fra p\u00e5lidelig leverand\u00f8r. Sikker forsendelse 25I-NBOH til USA, BRASILIEN, EU, UK og andre lande.","breadcrumb":{"@id":"https:\/\/gooddealersmeds.com\/da\/product\/25i-nboh-stoffer\/#breadcrumb"},"inLanguage":"en-US","potentialAction":[{"@type":"ReadAction","target":["https:\/\/gooddealersmeds.com\/da\/product\/25i-nboh-stoffer\/"]}]},{"@type":"ImageObject","inLanguage":"en-US","@id":"https:\/\/gooddealersmeds.com\/da\/product\/25i-nboh-stoffer\/#primaryimage","url":"https:\/\/gooddealersmeds.com\/da\/wp-content\/uploads\/sites\/2\/2022\/07\/25i-NBOH-Drugs.png","contentUrl":"https:\/\/gooddealersmeds.com\/da\/wp-content\/uploads\/sites\/2\/2022\/07\/25i-NBOH-Drugs.png","width":600,"height":600,"caption":"25i NBOH Drugs"},{"@type":"BreadcrumbList","@id":"https:\/\/gooddealersmeds.com\/da\/product\/25i-nboh-stoffer\/#breadcrumb","itemListElement":[{"@type":"ListItem","position":1,"name":"Home","item":"https:\/\/gooddealersmeds.com\/da\/"},{"@type":"ListItem","position":2,"name":"Produkter","item":"https:\/\/gooddealersmeds.com\/da\/produkter\/"},{"@type":"ListItem","position":3,"name":"K\u00f8b 25i NBOH l\u00e6gemidler Online"}]},{"@type":"WebSite","@id":"https:\/\/gooddealersmeds.com\/da\/#website","url":"https:\/\/gooddealersmeds.com\/da\/","name":"Good Dealers Meds","description":"All our best","publisher":{"@id":"https:\/\/gooddealersmeds.com\/da\/#organization"},"potentialAction":[{"@type":"SearchAction","target":{"@type":"EntryPoint","urlTemplate":"https:\/\/gooddealersmeds.com\/da\/?s={search_term_string}"},"query-input":{"@type":"PropertyValueSpecification","valueRequired":true,"valueName":"search_term_string"}}],"inLanguage":"en-US"},{"@type":"Organization","@id":"https:\/\/gooddealersmeds.com\/da\/#organization","name":"Good Dealers Meds","url":"https:\/\/gooddealersmeds.com\/da\/","logo":{"@type":"ImageObject","inLanguage":"en-US","@id":"https:\/\/gooddealersmeds.com\/da\/#\/schema\/logo\/image\/","url":"https:\/\/gooddealersmeds.com\/da\/wp-content\/uploads\/sites\/2\/2022\/03\/gooddealersmeds__logo__20220317T222800Z.00.png","contentUrl":"https:\/\/gooddealersmeds.com\/da\/wp-content\/uploads\/sites\/2\/2022\/03\/gooddealersmeds__logo__20220317T222800Z.00.png","width":500,"height":325,"caption":"Good Dealers Meds"},"image":{"@id":"https:\/\/gooddealersmeds.com\/da\/#\/schema\/logo\/image\/"}}]}},"_links":{"self":[{"href":"https:\/\/gooddealersmeds.com\/da\/wp-json\/wp\/v2\/product\/1905","targetHints":{"allow":["GET"]}}],"collection":[{"href":"https:\/\/gooddealersmeds.com\/da\/wp-json\/wp\/v2\/product"}],"about":[{"href":"https:\/\/gooddealersmeds.com\/da\/wp-json\/wp\/v2\/types\/product"}],"replies":[{"embeddable":true,"href":"https:\/\/gooddealersmeds.com\/da\/wp-json\/wp\/v2\/comments?post=1905"}],"wp:featuredmedia":[{"embeddable":true,"href":"https:\/\/gooddealersmeds.com\/da\/wp-json\/wp\/v2\/media\/1911"}],"wp:attachment":[{"href":"https:\/\/gooddealersmeds.com\/da\/wp-json\/wp\/v2\/media?parent=1905"}],"wp:term":[{"taxonomy":"product_brand","embeddable":true,"href":"https:\/\/gooddealersmeds.com\/da\/wp-json\/wp\/v2\/product_brand?post=1905"},{"taxonomy":"product_cat","embeddable":true,"href":"https:\/\/gooddealersmeds.com\/da\/wp-json\/wp\/v2\/product_cat?post=1905"},{"taxonomy":"product_tag","embeddable":true,"href":"https:\/\/gooddealersmeds.com\/da\/wp-json\/wp\/v2\/product_tag?post=1905"}],"curies":[{"name":"wp","href":"https:\/\/api.w.org\/{rel}","templated":true}]}}