{"id":1898,"date":"2022-07-03T11:54:52","date_gmt":"2022-07-03T11:54:52","guid":{"rendered":"https:\/\/gooddealersmeds.com\/da\/?post_type=product&#038;p=1898"},"modified":"2023-01-17T17:13:44","modified_gmt":"2023-01-17T17:13:44","slug":"25i-nbome-laegemiddel","status":"publish","type":"product","link":"https:\/\/gooddealersmeds.com\/da\/product\/25i-nbome-laegemiddel\/","title":{"rendered":"Bestil 25i NBOME l\u00e6gemiddel"},"content":{"rendered":"<h2>K\u00f8b Quality 25i NBOME l\u00e6gemiddel Online<\/h2>\n<p><a href=\"https:\/\/gooddealersmeds.com\/da\/product\/25i-nbome-laegemiddel\/\">25i NBOME<\/a>-l\u00e6gemiddel er en type l\u00e6gemiddel, der bruges til at behandle en lang r\u00e6kke medicinske tilstande. L\u00e6gemidlet er kendt som 1-methyl-4-phenyl-1,2,3,6-tetrahydropyridin (MPTP) og har tidligere v\u00e6ret brugt til at behandle Parkinsons sygdom. Men det er nu blevet forbudt p\u00e5 grund af dets toksiske virkninger p\u00e5 hjernen, og det er blevet klart, at brugen af \u200b\u200bdette stof kan for\u00e5rsage permanent skade p\u00e5 dit nervesystem. K\u00f8b 25I NBOMe medicin<\/p>\n<p>Hvis du overvejer at k\u00f8be 25i NBOME Drug Online, s\u00e5 skal du vide, at denne medicin er blevet brugt i kliniske fors\u00f8g. Resultaterne af disse unders\u00f8gelser viste, at det havde en generel fordel for patienter, der led af forskellige typer kr\u00e6ft, herunder lungekr\u00e6ft og lymfom. Derudover viste det sig at v\u00e6re effektiv mod flere typer kr\u00e6ft p\u00e5 \u00e9n gang.<\/p>\n<p><strong>\u00a0<\/strong><\/p>\n<p><strong>Hvorfor k\u00f8be 25i NBOME Drug Online?<\/strong><\/p>\n<p>Mange mennesker, der har brugt dette l\u00e6gemiddel i \u00e5revis, har rapporteret at f\u00f8le sig deprimerede eller have d\u00e5rlig koncentration efter at have brugt det for l\u00e6nge. Selvom det kan skyldes, at de har n\u00e5et deres dosisgr\u00e6nse eller holdt helt op med at tage det, vil nogle mennesker forts\u00e6tte med at lide af disse symptomer, selv efter de holder op med at tage 25i NBOME-l\u00e6gemidler online. Det betyder, at der er mange mennesker, der har lidt af bivirkninger som f\u00f8lge af at have brugt dette l\u00e6gemiddel uden at vide om dets farer p\u00e5 forh\u00e5nd!<\/p>\n<p><strong>\u00a0<\/strong><\/p>\n<p><strong>Hvor kan man k\u00f8be 25i NBOME Drug Online?<\/strong><\/p>\n<p>Hvis du \u00f8nsker at slippe af med de toksiske virkninger p\u00e5 din hjerne, s\u00e5 tjek 25i NBOME Drug Online. Good Dealers Meds tilbyder en bred vifte af produkter til alle dine hjernebehov.<\/p>\n<p>Vi har det, du har brug for, uanset om du leder efter noget, der kan hj\u00e6lpe dig med at slappe af eller komme p\u00e5 fode. Vi s\u00e6lger ogs\u00e5 anden medicin, der kan v\u00e6re nyttig. Selvf\u00f8lgelig, hvis du \u00f8nsker at k\u00f8be nogen af \u200b\u200bdisse l\u00e6gemidler uden besv\u00e6ret med at rejse til et egentligt apotek, s\u00e5 er vi stedet for dig! K\u00f8b 25I NBOMe medicin<\/p>\n<p><strong>\u00a0<\/strong><\/p>\n","protected":false},"excerpt":{"rendered":"<p>K\u00f8b 25I NBOMe Drug Online er forskningskemikalier af h\u00f8j kvalitet. Du kan k\u00f8be 25I-NBOMe online til engrospris. Sikker forsendelse af 25I-NBOMe til USA, EU, Storbritannien og andre lande.<\/p>\n","protected":false},"featured_media":1904,"comment_status":"open","ping_status":"closed","template":"","meta":{"inline_featured_image":false},"product_brand":[],"product_cat":[344],"product_tag":[],"class_list":{"0":"post-1898","1":"product","2":"type-product","3":"status-publish","4":"has-post-thumbnail","6":"product_cat-forsknings-kemikalier","8":"first","9":"instock","10":"shipping-taxable","11":"purchasable","12":"product-type-variable","13":"has-default-attributes"},"yoast_head":"<!-- This site is optimized with the Yoast SEO Premium plugin v20.6 (Yoast SEO v27.3) - https:\/\/yoast.com\/product\/yoast-seo-premium-wordpress\/ -->\n<title>K\u00f8b 25I NBOMe medicin | 25I NBOMe til salg | Good Dealers Meds<\/title>\n<meta name=\"description\" content=\"K\u00f8b 25I NBOMe medicin, Du kan k\u00f8be 25I-NBOMe online til engrospris. Sikker forsendelse 25I-NBOMe til USA, EU, Storbritannien og andre lande.\" \/>\n<meta name=\"robots\" content=\"index, follow, max-snippet:-1, max-image-preview:large, max-video-preview:-1\" \/>\n<link rel=\"canonical\" href=\"https:\/\/gooddealersmeds.com\/da\/product\/25i-nbome-laegemiddel\/\" \/>\n<meta property=\"og:locale\" content=\"en_US\" \/>\n<meta property=\"og:type\" content=\"article\" \/>\n<meta property=\"og:title\" content=\"Bestil 25i NBOME l\u00e6gemiddel\" \/>\n<meta property=\"og:description\" content=\"K\u00f8b 25I NBOMe medicin, Du kan k\u00f8be 25I-NBOMe online til engrospris. Sikker forsendelse 25I-NBOMe til USA, EU, Storbritannien og andre lande.\" \/>\n<meta property=\"og:url\" content=\"https:\/\/gooddealersmeds.com\/da\/product\/25i-nbome-laegemiddel\/\" \/>\n<meta property=\"og:site_name\" content=\"Good Dealers Meds\" \/>\n<meta property=\"article:modified_time\" content=\"2023-01-17T17:13:44+00:00\" \/>\n<meta property=\"og:image\" content=\"https:\/\/gooddealersmeds.com\/da\/wp-content\/uploads\/sites\/2\/2022\/07\/25i-NBOME-Drug.jpg\" \/>\n\t<meta property=\"og:image:width\" content=\"600\" \/>\n\t<meta property=\"og:image:height\" content=\"600\" \/>\n\t<meta property=\"og:image:type\" content=\"image\/jpeg\" \/>\n<meta name=\"twitter:card\" content=\"summary_large_image\" \/>\n<meta name=\"twitter:label1\" content=\"Est. reading time\" \/>\n\t<meta name=\"twitter:data1\" content=\"2 minutes\" \/>\n<script type=\"application\/ld+json\" class=\"yoast-schema-graph\">{\"@context\":\"https:\\\/\\\/schema.org\",\"@graph\":[{\"@type\":\"WebPage\",\"@id\":\"https:\\\/\\\/gooddealersmeds.com\\\/da\\\/product\\\/25i-nbome-laegemiddel\\\/\",\"url\":\"https:\\\/\\\/gooddealersmeds.com\\\/da\\\/product\\\/25i-nbome-laegemiddel\\\/\",\"name\":\"K\u00f8b 25I NBOMe medicin | 25I NBOMe til salg | Good Dealers Meds\",\"isPartOf\":{\"@id\":\"https:\\\/\\\/gooddealersmeds.com\\\/da\\\/#website\"},\"primaryImageOfPage\":{\"@id\":\"https:\\\/\\\/gooddealersmeds.com\\\/da\\\/product\\\/25i-nbome-laegemiddel\\\/#primaryimage\"},\"image\":{\"@id\":\"https:\\\/\\\/gooddealersmeds.com\\\/da\\\/product\\\/25i-nbome-laegemiddel\\\/#primaryimage\"},\"thumbnailUrl\":\"https:\\\/\\\/gooddealersmeds.com\\\/da\\\/wp-content\\\/uploads\\\/sites\\\/2\\\/2022\\\/07\\\/25i-NBOME-Drug.jpg\",\"datePublished\":\"2022-07-03T11:54:52+00:00\",\"dateModified\":\"2023-01-17T17:13:44+00:00\",\"description\":\"K\u00f8b 25I NBOMe medicin, Du kan k\u00f8be 25I-NBOMe online til engrospris. Sikker forsendelse 25I-NBOMe til USA, EU, Storbritannien og andre lande.\",\"breadcrumb\":{\"@id\":\"https:\\\/\\\/gooddealersmeds.com\\\/da\\\/product\\\/25i-nbome-laegemiddel\\\/#breadcrumb\"},\"inLanguage\":\"en-US\",\"potentialAction\":[{\"@type\":\"ReadAction\",\"target\":[\"https:\\\/\\\/gooddealersmeds.com\\\/da\\\/product\\\/25i-nbome-laegemiddel\\\/\"]}]},{\"@type\":\"ImageObject\",\"inLanguage\":\"en-US\",\"@id\":\"https:\\\/\\\/gooddealersmeds.com\\\/da\\\/product\\\/25i-nbome-laegemiddel\\\/#primaryimage\",\"url\":\"https:\\\/\\\/gooddealersmeds.com\\\/da\\\/wp-content\\\/uploads\\\/sites\\\/2\\\/2022\\\/07\\\/25i-NBOME-Drug.jpg\",\"contentUrl\":\"https:\\\/\\\/gooddealersmeds.com\\\/da\\\/wp-content\\\/uploads\\\/sites\\\/2\\\/2022\\\/07\\\/25i-NBOME-Drug.jpg\",\"width\":600,\"height\":600,\"caption\":\"Buy 25I NBOMe Drug\"},{\"@type\":\"BreadcrumbList\",\"@id\":\"https:\\\/\\\/gooddealersmeds.com\\\/da\\\/product\\\/25i-nbome-laegemiddel\\\/#breadcrumb\",\"itemListElement\":[{\"@type\":\"ListItem\",\"position\":1,\"name\":\"Home\",\"item\":\"https:\\\/\\\/gooddealersmeds.com\\\/da\\\/\"},{\"@type\":\"ListItem\",\"position\":2,\"name\":\"Produkter\",\"item\":\"https:\\\/\\\/gooddealersmeds.com\\\/da\\\/produkter\\\/\"},{\"@type\":\"ListItem\",\"position\":3,\"name\":\"Bestil 25i NBOME l\u00e6gemiddel\"}]},{\"@type\":\"WebSite\",\"@id\":\"https:\\\/\\\/gooddealersmeds.com\\\/da\\\/#website\",\"url\":\"https:\\\/\\\/gooddealersmeds.com\\\/da\\\/\",\"name\":\"Good Dealers Meds\",\"description\":\"All our best\",\"publisher\":{\"@id\":\"https:\\\/\\\/gooddealersmeds.com\\\/da\\\/#organization\"},\"potentialAction\":[{\"@type\":\"SearchAction\",\"target\":{\"@type\":\"EntryPoint\",\"urlTemplate\":\"https:\\\/\\\/gooddealersmeds.com\\\/da\\\/?s={search_term_string}\"},\"query-input\":{\"@type\":\"PropertyValueSpecification\",\"valueRequired\":true,\"valueName\":\"search_term_string\"}}],\"inLanguage\":\"en-US\"},{\"@type\":\"Organization\",\"@id\":\"https:\\\/\\\/gooddealersmeds.com\\\/da\\\/#organization\",\"name\":\"Good Dealers Meds\",\"url\":\"https:\\\/\\\/gooddealersmeds.com\\\/da\\\/\",\"logo\":{\"@type\":\"ImageObject\",\"inLanguage\":\"en-US\",\"@id\":\"https:\\\/\\\/gooddealersmeds.com\\\/da\\\/#\\\/schema\\\/logo\\\/image\\\/\",\"url\":\"https:\\\/\\\/gooddealersmeds.com\\\/da\\\/wp-content\\\/uploads\\\/sites\\\/2\\\/2022\\\/03\\\/gooddealersmeds__logo__20220317T222800Z.00.png\",\"contentUrl\":\"https:\\\/\\\/gooddealersmeds.com\\\/da\\\/wp-content\\\/uploads\\\/sites\\\/2\\\/2022\\\/03\\\/gooddealersmeds__logo__20220317T222800Z.00.png\",\"width\":500,\"height\":325,\"caption\":\"Good Dealers Meds\"},\"image\":{\"@id\":\"https:\\\/\\\/gooddealersmeds.com\\\/da\\\/#\\\/schema\\\/logo\\\/image\\\/\"}}]}<\/script>\n<!-- \/ Yoast SEO Premium plugin. -->","yoast_head_json":{"title":"K\u00f8b 25I NBOMe medicin | 25I NBOMe til salg | Good Dealers Meds","description":"K\u00f8b 25I NBOMe medicin, Du kan k\u00f8be 25I-NBOMe online til engrospris. Sikker forsendelse 25I-NBOMe til USA, EU, Storbritannien og andre lande.","robots":{"index":"index","follow":"follow","max-snippet":"max-snippet:-1","max-image-preview":"max-image-preview:large","max-video-preview":"max-video-preview:-1"},"canonical":"https:\/\/gooddealersmeds.com\/da\/product\/25i-nbome-laegemiddel\/","og_locale":"en_US","og_type":"article","og_title":"Bestil 25i NBOME l\u00e6gemiddel","og_description":"K\u00f8b 25I NBOMe medicin, Du kan k\u00f8be 25I-NBOMe online til engrospris. Sikker forsendelse 25I-NBOMe til USA, EU, Storbritannien og andre lande.","og_url":"https:\/\/gooddealersmeds.com\/da\/product\/25i-nbome-laegemiddel\/","og_site_name":"Good Dealers Meds","article_modified_time":"2023-01-17T17:13:44+00:00","og_image":[{"width":600,"height":600,"url":"https:\/\/gooddealersmeds.com\/da\/wp-content\/uploads\/sites\/2\/2022\/07\/25i-NBOME-Drug.jpg","type":"image\/jpeg"}],"twitter_card":"summary_large_image","twitter_misc":{"Est. reading time":"2 minutes"},"schema":{"@context":"https:\/\/schema.org","@graph":[{"@type":"WebPage","@id":"https:\/\/gooddealersmeds.com\/da\/product\/25i-nbome-laegemiddel\/","url":"https:\/\/gooddealersmeds.com\/da\/product\/25i-nbome-laegemiddel\/","name":"K\u00f8b 25I NBOMe medicin | 25I NBOMe til salg | Good Dealers Meds","isPartOf":{"@id":"https:\/\/gooddealersmeds.com\/da\/#website"},"primaryImageOfPage":{"@id":"https:\/\/gooddealersmeds.com\/da\/product\/25i-nbome-laegemiddel\/#primaryimage"},"image":{"@id":"https:\/\/gooddealersmeds.com\/da\/product\/25i-nbome-laegemiddel\/#primaryimage"},"thumbnailUrl":"https:\/\/gooddealersmeds.com\/da\/wp-content\/uploads\/sites\/2\/2022\/07\/25i-NBOME-Drug.jpg","datePublished":"2022-07-03T11:54:52+00:00","dateModified":"2023-01-17T17:13:44+00:00","description":"K\u00f8b 25I NBOMe medicin, Du kan k\u00f8be 25I-NBOMe online til engrospris. Sikker forsendelse 25I-NBOMe til USA, EU, Storbritannien og andre lande.","breadcrumb":{"@id":"https:\/\/gooddealersmeds.com\/da\/product\/25i-nbome-laegemiddel\/#breadcrumb"},"inLanguage":"en-US","potentialAction":[{"@type":"ReadAction","target":["https:\/\/gooddealersmeds.com\/da\/product\/25i-nbome-laegemiddel\/"]}]},{"@type":"ImageObject","inLanguage":"en-US","@id":"https:\/\/gooddealersmeds.com\/da\/product\/25i-nbome-laegemiddel\/#primaryimage","url":"https:\/\/gooddealersmeds.com\/da\/wp-content\/uploads\/sites\/2\/2022\/07\/25i-NBOME-Drug.jpg","contentUrl":"https:\/\/gooddealersmeds.com\/da\/wp-content\/uploads\/sites\/2\/2022\/07\/25i-NBOME-Drug.jpg","width":600,"height":600,"caption":"Buy 25I NBOMe Drug"},{"@type":"BreadcrumbList","@id":"https:\/\/gooddealersmeds.com\/da\/product\/25i-nbome-laegemiddel\/#breadcrumb","itemListElement":[{"@type":"ListItem","position":1,"name":"Home","item":"https:\/\/gooddealersmeds.com\/da\/"},{"@type":"ListItem","position":2,"name":"Produkter","item":"https:\/\/gooddealersmeds.com\/da\/produkter\/"},{"@type":"ListItem","position":3,"name":"Bestil 25i NBOME l\u00e6gemiddel"}]},{"@type":"WebSite","@id":"https:\/\/gooddealersmeds.com\/da\/#website","url":"https:\/\/gooddealersmeds.com\/da\/","name":"Good Dealers Meds","description":"All our best","publisher":{"@id":"https:\/\/gooddealersmeds.com\/da\/#organization"},"potentialAction":[{"@type":"SearchAction","target":{"@type":"EntryPoint","urlTemplate":"https:\/\/gooddealersmeds.com\/da\/?s={search_term_string}"},"query-input":{"@type":"PropertyValueSpecification","valueRequired":true,"valueName":"search_term_string"}}],"inLanguage":"en-US"},{"@type":"Organization","@id":"https:\/\/gooddealersmeds.com\/da\/#organization","name":"Good Dealers Meds","url":"https:\/\/gooddealersmeds.com\/da\/","logo":{"@type":"ImageObject","inLanguage":"en-US","@id":"https:\/\/gooddealersmeds.com\/da\/#\/schema\/logo\/image\/","url":"https:\/\/gooddealersmeds.com\/da\/wp-content\/uploads\/sites\/2\/2022\/03\/gooddealersmeds__logo__20220317T222800Z.00.png","contentUrl":"https:\/\/gooddealersmeds.com\/da\/wp-content\/uploads\/sites\/2\/2022\/03\/gooddealersmeds__logo__20220317T222800Z.00.png","width":500,"height":325,"caption":"Good Dealers Meds"},"image":{"@id":"https:\/\/gooddealersmeds.com\/da\/#\/schema\/logo\/image\/"}}]}},"_links":{"self":[{"href":"https:\/\/gooddealersmeds.com\/da\/wp-json\/wp\/v2\/product\/1898","targetHints":{"allow":["GET"]}}],"collection":[{"href":"https:\/\/gooddealersmeds.com\/da\/wp-json\/wp\/v2\/product"}],"about":[{"href":"https:\/\/gooddealersmeds.com\/da\/wp-json\/wp\/v2\/types\/product"}],"replies":[{"embeddable":true,"href":"https:\/\/gooddealersmeds.com\/da\/wp-json\/wp\/v2\/comments?post=1898"}],"wp:featuredmedia":[{"embeddable":true,"href":"https:\/\/gooddealersmeds.com\/da\/wp-json\/wp\/v2\/media\/1904"}],"wp:attachment":[{"href":"https:\/\/gooddealersmeds.com\/da\/wp-json\/wp\/v2\/media?parent=1898"}],"wp:term":[{"taxonomy":"product_brand","embeddable":true,"href":"https:\/\/gooddealersmeds.com\/da\/wp-json\/wp\/v2\/product_brand?post=1898"},{"taxonomy":"product_cat","embeddable":true,"href":"https:\/\/gooddealersmeds.com\/da\/wp-json\/wp\/v2\/product_cat?post=1898"},{"taxonomy":"product_tag","embeddable":true,"href":"https:\/\/gooddealersmeds.com\/da\/wp-json\/wp\/v2\/product_tag?post=1898"}],"curies":[{"name":"wp","href":"https:\/\/api.w.org\/{rel}","templated":true}]}}