{"id":1891,"date":"2022-07-03T11:48:53","date_gmt":"2022-07-03T11:48:53","guid":{"rendered":"https:\/\/gooddealersmeds.com\/da\/?post_type=product&#038;p=1891"},"modified":"2023-01-17T17:43:04","modified_gmt":"2023-01-17T17:43:04","slug":"3-meo-pcp-laegemiddel","status":"publish","type":"product","link":"https:\/\/gooddealersmeds.com\/da\/product\/3-meo-pcp-laegemiddel\/","title":{"rendered":"K\u00f8b 3-MEO PCP Drug"},"content":{"rendered":"<h2>K\u00f8b kvalitets 3-MEO PCP-l\u00e6gemiddel online<\/h2>\n<p>Designerl\u00e6gemidlet <a href=\"https:\/\/en.wikipedia.org\/wiki \/3-MeO-PCP\">3-Methoxyphencyclidin<\/a> tilh\u00f8rer arylcyclohexylamin-klassen af \u200b\u200bdissociative hallucinogener. NMDA-receptorer er dets prim\u00e6re m\u00e5l, men det interagerer ogs\u00e5 med sigma 1-3-receptorerne og serotonintransport\u00f8ren. Ingen opioidaktivitet er til stede i l\u00e6gemidlet, og det virker heller ikke som en dopamingenoptagelsesh\u00e6mmer. K\u00f8b 3-MeO-PCP Online.<\/p>\n<p>&nbsp;<\/p>\n<p><strong>Hvad g\u00f8r k\u00f8b af 25i NBOME-l\u00e6gemiddel online til det bedste?<\/strong><\/p>\n<p>Du \u00f8nsker m\u00e5ske at bestille 25i NBOME Drug online, hvis du leder efter en form for behandling uden at bekymre dig om bivirkninger eller hvor meget det koster p\u00e5 dit lokale apotek. Derudover synes de fleste at k\u00f8be disse l\u00e6gemidler online meget mere bekvemt og \u00f8konomisk end at k\u00f8be dem personligt.<\/p>\n<p>&nbsp;<\/p>\n<p><strong>Det bedste sted at bestille <\/strong><strong> 3-MEO PCP Drug<\/strong><\/p>\n<p>Det bedste sted at k\u00f8be 3-MEO PCP Drug Online er fra et velrenommeret apotek eller onlinebutik. Du b\u00f8r altid sikre dig, at virksomheden, der s\u00e6lger dette produkt, er licenseret af FDA og certificeret af et andet agentur, s\u00e5som National Association of Boards of Pharmacy (NABP). Dette vil sikre, at de f\u00f8lger strenge retningslinjer, n\u00e5r de distribuerer deres produkter landsd\u00e6kkende over hele landet. K\u00f8b 3-MeO-PCP Online<\/p>\n<p><strong>Generelle effekter noter<\/strong><\/p>\n<p>Virkningerne af 3-MeO-PCP sammenlignes normalt med ketamin og andre dissociativer som PCP, methoxetamin osv.<\/p>\n<p>3-MeO-PCP er rapporteret som mere fysisk stimulerende end ketamin og andre psykedeliske dissociativer. Hvor ketamin f\u00e5r mennesker til at blive fysisk bed\u00f8vet og uarbejdsdygtige ved st\u00e6rke doser, kan 3-MeO-PCPs kraftige virkninger p\u00e5 sindet ledsages af at rejse sig op, g\u00e5 rundt, tale og potentielt udf\u00f8re farlige aktiviteter.<\/p>\n<p>Og <a href=\"https:\/\/gooddealersmeds.com\/da\/product\/3-meo-pcp-drug \/\">Good Dealers Meds<\/a> er et sted, der krydser alle felterne i kravlisten.<\/p>\n","protected":false},"excerpt":{"rendered":"<p>K\u00f8b 3-MeO-PCP Drug Online engros fra producenten, h\u00f8j kvalitet til en lav pris med forsendelse over hele verden.3-meo-pcp med det formelle navn 1-[1-(3-methoxyphenyl)cyclohexyl]-piperidin er klassificeret som en dissociativ forbindelse.<\/p>\n","protected":false},"featured_media":1897,"comment_status":"open","ping_status":"closed","template":"","meta":{"inline_featured_image":false},"product_brand":[],"product_cat":[344],"product_tag":[],"class_list":{"0":"post-1891","1":"product","2":"type-product","3":"status-publish","4":"has-post-thumbnail","6":"product_cat-forsknings-kemikalier","8":"first","9":"instock","10":"shipping-taxable","11":"purchasable","12":"product-type-variable","13":"has-default-attributes"},"yoast_head":"<!-- This site is optimized with the Yoast SEO Premium plugin v20.6 (Yoast SEO v27.3) - https:\/\/yoast.com\/product\/yoast-seo-premium-wordpress\/ -->\n<title>K\u00f8b 3-MeO-PCP Online - 3-MeO-PCP til salg | Good Dealers Meds<\/title>\n<meta name=\"description\" content=\"K\u00f8b 3-MeO-PCP Online engros fra producenten hos Good Dealers Meds, h\u00f8j kvalitet til en lav pris med forsendelse til hele verden.\" \/>\n<meta name=\"robots\" content=\"index, follow, max-snippet:-1, max-image-preview:large, max-video-preview:-1\" \/>\n<link rel=\"canonical\" href=\"https:\/\/gooddealersmeds.com\/da\/product\/3-meo-pcp-laegemiddel\/\" \/>\n<meta property=\"og:locale\" content=\"en_US\" \/>\n<meta property=\"og:type\" content=\"article\" \/>\n<meta property=\"og:title\" content=\"K\u00f8b 3-MEO PCP Drug\" \/>\n<meta property=\"og:description\" content=\"K\u00f8b 3-MeO-PCP Online engros fra producenten hos Good Dealers Meds, h\u00f8j kvalitet til en lav pris med forsendelse til hele verden.\" \/>\n<meta property=\"og:url\" content=\"https:\/\/gooddealersmeds.com\/da\/product\/3-meo-pcp-laegemiddel\/\" \/>\n<meta property=\"og:site_name\" content=\"Good Dealers Meds\" \/>\n<meta property=\"article:modified_time\" content=\"2023-01-17T17:43:04+00:00\" \/>\n<meta property=\"og:image\" content=\"https:\/\/gooddealersmeds.com\/da\/wp-content\/uploads\/sites\/2\/2022\/07\/3-MEO-PCP-Drug.jpg\" \/>\n\t<meta property=\"og:image:width\" content=\"600\" \/>\n\t<meta property=\"og:image:height\" content=\"600\" \/>\n\t<meta property=\"og:image:type\" content=\"image\/jpeg\" \/>\n<meta name=\"twitter:card\" content=\"summary_large_image\" \/>\n<meta name=\"twitter:label1\" content=\"Est. reading time\" \/>\n\t<meta name=\"twitter:data1\" content=\"1 minute\" \/>\n<script type=\"application\/ld+json\" class=\"yoast-schema-graph\">{\"@context\":\"https:\\\/\\\/schema.org\",\"@graph\":[{\"@type\":\"WebPage\",\"@id\":\"https:\\\/\\\/gooddealersmeds.com\\\/da\\\/product\\\/3-meo-pcp-laegemiddel\\\/\",\"url\":\"https:\\\/\\\/gooddealersmeds.com\\\/da\\\/product\\\/3-meo-pcp-laegemiddel\\\/\",\"name\":\"K\u00f8b 3-MeO-PCP Online - 3-MeO-PCP til salg | Good Dealers Meds\",\"isPartOf\":{\"@id\":\"https:\\\/\\\/gooddealersmeds.com\\\/da\\\/#website\"},\"primaryImageOfPage\":{\"@id\":\"https:\\\/\\\/gooddealersmeds.com\\\/da\\\/product\\\/3-meo-pcp-laegemiddel\\\/#primaryimage\"},\"image\":{\"@id\":\"https:\\\/\\\/gooddealersmeds.com\\\/da\\\/product\\\/3-meo-pcp-laegemiddel\\\/#primaryimage\"},\"thumbnailUrl\":\"https:\\\/\\\/gooddealersmeds.com\\\/da\\\/wp-content\\\/uploads\\\/sites\\\/2\\\/2022\\\/07\\\/3-MEO-PCP-Drug.jpg\",\"datePublished\":\"2022-07-03T11:48:53+00:00\",\"dateModified\":\"2023-01-17T17:43:04+00:00\",\"description\":\"K\u00f8b 3-MeO-PCP Online engros fra producenten hos Good Dealers Meds, h\u00f8j kvalitet til en lav pris med forsendelse til hele verden.\",\"breadcrumb\":{\"@id\":\"https:\\\/\\\/gooddealersmeds.com\\\/da\\\/product\\\/3-meo-pcp-laegemiddel\\\/#breadcrumb\"},\"inLanguage\":\"en-US\",\"potentialAction\":[{\"@type\":\"ReadAction\",\"target\":[\"https:\\\/\\\/gooddealersmeds.com\\\/da\\\/product\\\/3-meo-pcp-laegemiddel\\\/\"]}]},{\"@type\":\"ImageObject\",\"inLanguage\":\"en-US\",\"@id\":\"https:\\\/\\\/gooddealersmeds.com\\\/da\\\/product\\\/3-meo-pcp-laegemiddel\\\/#primaryimage\",\"url\":\"https:\\\/\\\/gooddealersmeds.com\\\/da\\\/wp-content\\\/uploads\\\/sites\\\/2\\\/2022\\\/07\\\/3-MEO-PCP-Drug.jpg\",\"contentUrl\":\"https:\\\/\\\/gooddealersmeds.com\\\/da\\\/wp-content\\\/uploads\\\/sites\\\/2\\\/2022\\\/07\\\/3-MEO-PCP-Drug.jpg\",\"width\":600,\"height\":600,\"caption\":\"Buy 3-MeO-PCP Drug Online\"},{\"@type\":\"BreadcrumbList\",\"@id\":\"https:\\\/\\\/gooddealersmeds.com\\\/da\\\/product\\\/3-meo-pcp-laegemiddel\\\/#breadcrumb\",\"itemListElement\":[{\"@type\":\"ListItem\",\"position\":1,\"name\":\"Home\",\"item\":\"https:\\\/\\\/gooddealersmeds.com\\\/da\\\/\"},{\"@type\":\"ListItem\",\"position\":2,\"name\":\"Produkter\",\"item\":\"https:\\\/\\\/gooddealersmeds.com\\\/da\\\/produkter\\\/\"},{\"@type\":\"ListItem\",\"position\":3,\"name\":\"K\u00f8b 3-MEO PCP Drug\"}]},{\"@type\":\"WebSite\",\"@id\":\"https:\\\/\\\/gooddealersmeds.com\\\/da\\\/#website\",\"url\":\"https:\\\/\\\/gooddealersmeds.com\\\/da\\\/\",\"name\":\"Good Dealers Meds\",\"description\":\"All our best\",\"publisher\":{\"@id\":\"https:\\\/\\\/gooddealersmeds.com\\\/da\\\/#organization\"},\"potentialAction\":[{\"@type\":\"SearchAction\",\"target\":{\"@type\":\"EntryPoint\",\"urlTemplate\":\"https:\\\/\\\/gooddealersmeds.com\\\/da\\\/?s={search_term_string}\"},\"query-input\":{\"@type\":\"PropertyValueSpecification\",\"valueRequired\":true,\"valueName\":\"search_term_string\"}}],\"inLanguage\":\"en-US\"},{\"@type\":\"Organization\",\"@id\":\"https:\\\/\\\/gooddealersmeds.com\\\/da\\\/#organization\",\"name\":\"Good Dealers Meds\",\"url\":\"https:\\\/\\\/gooddealersmeds.com\\\/da\\\/\",\"logo\":{\"@type\":\"ImageObject\",\"inLanguage\":\"en-US\",\"@id\":\"https:\\\/\\\/gooddealersmeds.com\\\/da\\\/#\\\/schema\\\/logo\\\/image\\\/\",\"url\":\"https:\\\/\\\/gooddealersmeds.com\\\/da\\\/wp-content\\\/uploads\\\/sites\\\/2\\\/2022\\\/03\\\/gooddealersmeds__logo__20220317T222800Z.00.png\",\"contentUrl\":\"https:\\\/\\\/gooddealersmeds.com\\\/da\\\/wp-content\\\/uploads\\\/sites\\\/2\\\/2022\\\/03\\\/gooddealersmeds__logo__20220317T222800Z.00.png\",\"width\":500,\"height\":325,\"caption\":\"Good Dealers Meds\"},\"image\":{\"@id\":\"https:\\\/\\\/gooddealersmeds.com\\\/da\\\/#\\\/schema\\\/logo\\\/image\\\/\"}}]}<\/script>\n<!-- \/ Yoast SEO Premium plugin. -->","yoast_head_json":{"title":"K\u00f8b 3-MeO-PCP Online - 3-MeO-PCP til salg | Good Dealers Meds","description":"K\u00f8b 3-MeO-PCP Online engros fra producenten hos Good Dealers Meds, h\u00f8j kvalitet til en lav pris med forsendelse til hele verden.","robots":{"index":"index","follow":"follow","max-snippet":"max-snippet:-1","max-image-preview":"max-image-preview:large","max-video-preview":"max-video-preview:-1"},"canonical":"https:\/\/gooddealersmeds.com\/da\/product\/3-meo-pcp-laegemiddel\/","og_locale":"en_US","og_type":"article","og_title":"K\u00f8b 3-MEO PCP Drug","og_description":"K\u00f8b 3-MeO-PCP Online engros fra producenten hos Good Dealers Meds, h\u00f8j kvalitet til en lav pris med forsendelse til hele verden.","og_url":"https:\/\/gooddealersmeds.com\/da\/product\/3-meo-pcp-laegemiddel\/","og_site_name":"Good Dealers Meds","article_modified_time":"2023-01-17T17:43:04+00:00","og_image":[{"width":600,"height":600,"url":"https:\/\/gooddealersmeds.com\/da\/wp-content\/uploads\/sites\/2\/2022\/07\/3-MEO-PCP-Drug.jpg","type":"image\/jpeg"}],"twitter_card":"summary_large_image","twitter_misc":{"Est. reading time":"1 minute"},"schema":{"@context":"https:\/\/schema.org","@graph":[{"@type":"WebPage","@id":"https:\/\/gooddealersmeds.com\/da\/product\/3-meo-pcp-laegemiddel\/","url":"https:\/\/gooddealersmeds.com\/da\/product\/3-meo-pcp-laegemiddel\/","name":"K\u00f8b 3-MeO-PCP Online - 3-MeO-PCP til salg | Good Dealers Meds","isPartOf":{"@id":"https:\/\/gooddealersmeds.com\/da\/#website"},"primaryImageOfPage":{"@id":"https:\/\/gooddealersmeds.com\/da\/product\/3-meo-pcp-laegemiddel\/#primaryimage"},"image":{"@id":"https:\/\/gooddealersmeds.com\/da\/product\/3-meo-pcp-laegemiddel\/#primaryimage"},"thumbnailUrl":"https:\/\/gooddealersmeds.com\/da\/wp-content\/uploads\/sites\/2\/2022\/07\/3-MEO-PCP-Drug.jpg","datePublished":"2022-07-03T11:48:53+00:00","dateModified":"2023-01-17T17:43:04+00:00","description":"K\u00f8b 3-MeO-PCP Online engros fra producenten hos Good Dealers Meds, h\u00f8j kvalitet til en lav pris med forsendelse til hele verden.","breadcrumb":{"@id":"https:\/\/gooddealersmeds.com\/da\/product\/3-meo-pcp-laegemiddel\/#breadcrumb"},"inLanguage":"en-US","potentialAction":[{"@type":"ReadAction","target":["https:\/\/gooddealersmeds.com\/da\/product\/3-meo-pcp-laegemiddel\/"]}]},{"@type":"ImageObject","inLanguage":"en-US","@id":"https:\/\/gooddealersmeds.com\/da\/product\/3-meo-pcp-laegemiddel\/#primaryimage","url":"https:\/\/gooddealersmeds.com\/da\/wp-content\/uploads\/sites\/2\/2022\/07\/3-MEO-PCP-Drug.jpg","contentUrl":"https:\/\/gooddealersmeds.com\/da\/wp-content\/uploads\/sites\/2\/2022\/07\/3-MEO-PCP-Drug.jpg","width":600,"height":600,"caption":"Buy 3-MeO-PCP Drug Online"},{"@type":"BreadcrumbList","@id":"https:\/\/gooddealersmeds.com\/da\/product\/3-meo-pcp-laegemiddel\/#breadcrumb","itemListElement":[{"@type":"ListItem","position":1,"name":"Home","item":"https:\/\/gooddealersmeds.com\/da\/"},{"@type":"ListItem","position":2,"name":"Produkter","item":"https:\/\/gooddealersmeds.com\/da\/produkter\/"},{"@type":"ListItem","position":3,"name":"K\u00f8b 3-MEO PCP Drug"}]},{"@type":"WebSite","@id":"https:\/\/gooddealersmeds.com\/da\/#website","url":"https:\/\/gooddealersmeds.com\/da\/","name":"Good Dealers Meds","description":"All our best","publisher":{"@id":"https:\/\/gooddealersmeds.com\/da\/#organization"},"potentialAction":[{"@type":"SearchAction","target":{"@type":"EntryPoint","urlTemplate":"https:\/\/gooddealersmeds.com\/da\/?s={search_term_string}"},"query-input":{"@type":"PropertyValueSpecification","valueRequired":true,"valueName":"search_term_string"}}],"inLanguage":"en-US"},{"@type":"Organization","@id":"https:\/\/gooddealersmeds.com\/da\/#organization","name":"Good Dealers Meds","url":"https:\/\/gooddealersmeds.com\/da\/","logo":{"@type":"ImageObject","inLanguage":"en-US","@id":"https:\/\/gooddealersmeds.com\/da\/#\/schema\/logo\/image\/","url":"https:\/\/gooddealersmeds.com\/da\/wp-content\/uploads\/sites\/2\/2022\/03\/gooddealersmeds__logo__20220317T222800Z.00.png","contentUrl":"https:\/\/gooddealersmeds.com\/da\/wp-content\/uploads\/sites\/2\/2022\/03\/gooddealersmeds__logo__20220317T222800Z.00.png","width":500,"height":325,"caption":"Good Dealers Meds"},"image":{"@id":"https:\/\/gooddealersmeds.com\/da\/#\/schema\/logo\/image\/"}}]}},"_links":{"self":[{"href":"https:\/\/gooddealersmeds.com\/da\/wp-json\/wp\/v2\/product\/1891","targetHints":{"allow":["GET"]}}],"collection":[{"href":"https:\/\/gooddealersmeds.com\/da\/wp-json\/wp\/v2\/product"}],"about":[{"href":"https:\/\/gooddealersmeds.com\/da\/wp-json\/wp\/v2\/types\/product"}],"replies":[{"embeddable":true,"href":"https:\/\/gooddealersmeds.com\/da\/wp-json\/wp\/v2\/comments?post=1891"}],"wp:featuredmedia":[{"embeddable":true,"href":"https:\/\/gooddealersmeds.com\/da\/wp-json\/wp\/v2\/media\/1897"}],"wp:attachment":[{"href":"https:\/\/gooddealersmeds.com\/da\/wp-json\/wp\/v2\/media?parent=1891"}],"wp:term":[{"taxonomy":"product_brand","embeddable":true,"href":"https:\/\/gooddealersmeds.com\/da\/wp-json\/wp\/v2\/product_brand?post=1891"},{"taxonomy":"product_cat","embeddable":true,"href":"https:\/\/gooddealersmeds.com\/da\/wp-json\/wp\/v2\/product_cat?post=1891"},{"taxonomy":"product_tag","embeddable":true,"href":"https:\/\/gooddealersmeds.com\/da\/wp-json\/wp\/v2\/product_tag?post=1891"}],"curies":[{"name":"wp","href":"https:\/\/api.w.org\/{rel}","templated":true}]}}