{"id":1885,"date":"2022-07-03T11:42:40","date_gmt":"2022-07-03T11:42:40","guid":{"rendered":"https:\/\/gooddealersmeds.com\/da\/?post_type=product&#038;p=1885"},"modified":"2023-01-17T17:48:54","modified_gmt":"2023-01-17T17:48:54","slug":"4-aco-dmt-laegemiddel","status":"publish","type":"product","link":"https:\/\/gooddealersmeds.com\/da\/product\/4-aco-dmt-laegemiddel\/","title":{"rendered":"K\u00f8b 4-ACO DMT l\u00e6gemiddel"},"content":{"rendered":"<h2>K\u00f8b 4-ACO DMT Drug Online fra Good Dealers Meds.<\/h2>\n<p>4-ACO DMT l\u00e6gemiddel er et psykoaktivt stof fremstillet af giften fra kroppen fra en bestemt type bille. Navnet betyder &#8216;fire hundrede&#8217; p\u00e5 spansk. Indf\u00f8dte brugte det oprindeligt i Mexico og Mellemamerika til \u00e5ndelige form\u00e5l, men det er nu lovligt til rekreativ brug i nogle lande. K\u00f8b 4-ACO-DMT Drug Online<\/p>\n<p>Den aktive ingrediens i 4-ACO DMT Drug er 5-Methoxy-N (5-MeO-DIPT). Det ligner andre tryptaminer som psilocybinsvampe og salvia Divinorum, men st\u00e6rkere. Virkningerne af dette l\u00e6gemiddel varer l\u00e6ngere og er mindre tilb\u00f8jelige til at blive m\u00e6rket af folk, der bruger det rekreativt end dem, der bruger psilocybinsvampe eller salvia Divinorum rekreativt, fordi det har en meget h\u00f8jere koncentration af 5-MeO-DIPT end nogen af \u200b\u200bdisse andre forbindelser.<\/p>\n<p><strong>\u00a0<\/strong><\/p>\n<p><strong>Hvorfor k\u00f8be 4-ACO DMT-l\u00e6gemiddel online?<\/strong><\/p>\n<p>K\u00f8b 4-ACO DMT Drug Online er den bedste m\u00e5de at k\u00f8be stoffet p\u00e5, fordi mange online-websteder tilbyder idiotsikker bekvemmelighed og sikkerhed. Med internettets ankomst bruger flere og flere mennesker online-websteder og apoteker til at k\u00f8be stoffer, som de har sv\u00e6rt ved at k\u00f8be fysisk. K\u00f8b 4-ACO-DMT Drug Online<\/p>\n<p><strong>\u00a0<\/strong><\/p>\n<p><strong>Det bedste sted at bestille 4-ACO DMT-l\u00e6gemiddel<\/strong><\/p>\n<p>Det bedste sted at k\u00f8be 4-ACO DMT Drug Online er <a href=\"https:\/\/gooddealersmeds.com\/da\/product\/4-aco-dmt-drug\/\">Good Dealers Meds<\/a>. De tilbyder en bred vifte af forskellige typer medicin til lave priser, s\u00e5 du kan f\u00e5 pr\u00e6cis, hvad du \u00f8nsker, uden at bekymre dig om at bryde dit budget!<\/p>\n","protected":false},"excerpt":{"rendered":"<p>K\u00f8b 4-Aco-DMT Drug Online, 4-AcO-DMT \u00a0er et syntetisk fremstillet psykoaktivt stof og er blevet foresl\u00e5et af David Nichols som et potentielt nyttigt alternativ til psilocybin til farmakologiske unders\u00f8gelser.<\/p>\n","protected":false},"featured_media":1890,"comment_status":"open","ping_status":"closed","template":"","meta":{"inline_featured_image":false},"product_brand":[],"product_cat":[344],"product_tag":[],"class_list":{"0":"post-1885","1":"product","2":"type-product","3":"status-publish","4":"has-post-thumbnail","6":"product_cat-forsknings-kemikalier","8":"first","9":"instock","10":"shipping-taxable","11":"purchasable","12":"product-type-variable","13":"has-default-attributes"},"yoast_head":"<!-- This site is optimized with the Yoast SEO Premium plugin v20.6 (Yoast SEO v27.4) - https:\/\/yoast.com\/product\/yoast-seo-premium-wordpress\/ -->\n<title>K\u00f8b 4-ACO-DMT Online - 4-ACO-DMT til salg | Good Dealers Meds<\/title>\n<meta name=\"description\" content=\"K\u00f8b 4-Aco-DMT Online, syntetisk fremstillet psykoaktivt stof, potentielt nyttigt alternativ til psilocybin til farmakologiske unders\u00f8gelser.\" \/>\n<meta name=\"robots\" content=\"index, follow, max-snippet:-1, max-image-preview:large, max-video-preview:-1\" \/>\n<link rel=\"canonical\" href=\"https:\/\/gooddealersmeds.com\/da\/product\/4-aco-dmt-laegemiddel\/\" \/>\n<meta property=\"og:locale\" content=\"en_US\" \/>\n<meta property=\"og:type\" content=\"article\" \/>\n<meta property=\"og:title\" content=\"K\u00f8b 4-ACO DMT l\u00e6gemiddel\" \/>\n<meta property=\"og:description\" content=\"K\u00f8b 4-Aco-DMT Online, syntetisk fremstillet psykoaktivt stof, potentielt nyttigt alternativ til psilocybin til farmakologiske unders\u00f8gelser.\" \/>\n<meta property=\"og:url\" content=\"https:\/\/gooddealersmeds.com\/da\/product\/4-aco-dmt-laegemiddel\/\" \/>\n<meta property=\"og:site_name\" content=\"Good Dealers Meds\" \/>\n<meta property=\"article:modified_time\" content=\"2023-01-17T17:48:54+00:00\" \/>\n<meta property=\"og:image\" content=\"https:\/\/gooddealersmeds.com\/da\/wp-content\/uploads\/sites\/2\/2022\/07\/Buy-4-Aco-DMT-Quality-Drug-Online.jpg\" \/>\n\t<meta property=\"og:image:width\" content=\"600\" \/>\n\t<meta property=\"og:image:height\" content=\"600\" \/>\n\t<meta property=\"og:image:type\" content=\"image\/jpeg\" \/>\n<meta name=\"twitter:card\" content=\"summary_large_image\" \/>\n<meta name=\"twitter:label1\" content=\"Est. reading time\" \/>\n\t<meta name=\"twitter:data1\" content=\"1 minute\" \/>\n<script type=\"application\/ld+json\" class=\"yoast-schema-graph\">{\"@context\":\"https:\\\/\\\/schema.org\",\"@graph\":[{\"@type\":\"WebPage\",\"@id\":\"https:\\\/\\\/gooddealersmeds.com\\\/da\\\/product\\\/4-aco-dmt-laegemiddel\\\/\",\"url\":\"https:\\\/\\\/gooddealersmeds.com\\\/da\\\/product\\\/4-aco-dmt-laegemiddel\\\/\",\"name\":\"K\u00f8b 4-ACO-DMT Online - 4-ACO-DMT til salg | Good Dealers Meds\",\"isPartOf\":{\"@id\":\"https:\\\/\\\/gooddealersmeds.com\\\/da\\\/#website\"},\"primaryImageOfPage\":{\"@id\":\"https:\\\/\\\/gooddealersmeds.com\\\/da\\\/product\\\/4-aco-dmt-laegemiddel\\\/#primaryimage\"},\"image\":{\"@id\":\"https:\\\/\\\/gooddealersmeds.com\\\/da\\\/product\\\/4-aco-dmt-laegemiddel\\\/#primaryimage\"},\"thumbnailUrl\":\"https:\\\/\\\/gooddealersmeds.com\\\/da\\\/wp-content\\\/uploads\\\/sites\\\/2\\\/2022\\\/07\\\/Buy-4-Aco-DMT-Quality-Drug-Online.jpg\",\"datePublished\":\"2022-07-03T11:42:40+00:00\",\"dateModified\":\"2023-01-17T17:48:54+00:00\",\"description\":\"K\u00f8b 4-Aco-DMT Online, syntetisk fremstillet psykoaktivt stof, potentielt nyttigt alternativ til psilocybin til farmakologiske unders\u00f8gelser.\",\"breadcrumb\":{\"@id\":\"https:\\\/\\\/gooddealersmeds.com\\\/da\\\/product\\\/4-aco-dmt-laegemiddel\\\/#breadcrumb\"},\"inLanguage\":\"en-US\",\"potentialAction\":[{\"@type\":\"ReadAction\",\"target\":[\"https:\\\/\\\/gooddealersmeds.com\\\/da\\\/product\\\/4-aco-dmt-laegemiddel\\\/\"]}]},{\"@type\":\"ImageObject\",\"inLanguage\":\"en-US\",\"@id\":\"https:\\\/\\\/gooddealersmeds.com\\\/da\\\/product\\\/4-aco-dmt-laegemiddel\\\/#primaryimage\",\"url\":\"https:\\\/\\\/gooddealersmeds.com\\\/da\\\/wp-content\\\/uploads\\\/sites\\\/2\\\/2022\\\/07\\\/Buy-4-Aco-DMT-Quality-Drug-Online.jpg\",\"contentUrl\":\"https:\\\/\\\/gooddealersmeds.com\\\/da\\\/wp-content\\\/uploads\\\/sites\\\/2\\\/2022\\\/07\\\/Buy-4-Aco-DMT-Quality-Drug-Online.jpg\",\"width\":600,\"height\":600,\"caption\":\"Buy 4-ACO-DMT Drug Online\"},{\"@type\":\"BreadcrumbList\",\"@id\":\"https:\\\/\\\/gooddealersmeds.com\\\/da\\\/product\\\/4-aco-dmt-laegemiddel\\\/#breadcrumb\",\"itemListElement\":[{\"@type\":\"ListItem\",\"position\":1,\"name\":\"Home\",\"item\":\"https:\\\/\\\/gooddealersmeds.com\\\/da\\\/\"},{\"@type\":\"ListItem\",\"position\":2,\"name\":\"Produkter\",\"item\":\"https:\\\/\\\/gooddealersmeds.com\\\/da\\\/produkter\\\/\"},{\"@type\":\"ListItem\",\"position\":3,\"name\":\"K\u00f8b 4-ACO DMT l\u00e6gemiddel\"}]},{\"@type\":\"WebSite\",\"@id\":\"https:\\\/\\\/gooddealersmeds.com\\\/da\\\/#website\",\"url\":\"https:\\\/\\\/gooddealersmeds.com\\\/da\\\/\",\"name\":\"Good Dealers Meds\",\"description\":\"All our best\",\"publisher\":{\"@id\":\"https:\\\/\\\/gooddealersmeds.com\\\/da\\\/#organization\"},\"potentialAction\":[{\"@type\":\"SearchAction\",\"target\":{\"@type\":\"EntryPoint\",\"urlTemplate\":\"https:\\\/\\\/gooddealersmeds.com\\\/da\\\/?s={search_term_string}\"},\"query-input\":{\"@type\":\"PropertyValueSpecification\",\"valueRequired\":true,\"valueName\":\"search_term_string\"}}],\"inLanguage\":\"en-US\"},{\"@type\":\"Organization\",\"@id\":\"https:\\\/\\\/gooddealersmeds.com\\\/da\\\/#organization\",\"name\":\"Good Dealers Meds\",\"url\":\"https:\\\/\\\/gooddealersmeds.com\\\/da\\\/\",\"logo\":{\"@type\":\"ImageObject\",\"inLanguage\":\"en-US\",\"@id\":\"https:\\\/\\\/gooddealersmeds.com\\\/da\\\/#\\\/schema\\\/logo\\\/image\\\/\",\"url\":\"https:\\\/\\\/gooddealersmeds.com\\\/da\\\/wp-content\\\/uploads\\\/sites\\\/2\\\/2022\\\/03\\\/gooddealersmeds__logo__20220317T222800Z.00.png\",\"contentUrl\":\"https:\\\/\\\/gooddealersmeds.com\\\/da\\\/wp-content\\\/uploads\\\/sites\\\/2\\\/2022\\\/03\\\/gooddealersmeds__logo__20220317T222800Z.00.png\",\"width\":500,\"height\":325,\"caption\":\"Good Dealers Meds\"},\"image\":{\"@id\":\"https:\\\/\\\/gooddealersmeds.com\\\/da\\\/#\\\/schema\\\/logo\\\/image\\\/\"}}]}<\/script>\n<!-- \/ Yoast SEO Premium plugin. -->","yoast_head_json":{"title":"K\u00f8b 4-ACO-DMT Online - 4-ACO-DMT til salg | Good Dealers Meds","description":"K\u00f8b 4-Aco-DMT Online, syntetisk fremstillet psykoaktivt stof, potentielt nyttigt alternativ til psilocybin til farmakologiske unders\u00f8gelser.","robots":{"index":"index","follow":"follow","max-snippet":"max-snippet:-1","max-image-preview":"max-image-preview:large","max-video-preview":"max-video-preview:-1"},"canonical":"https:\/\/gooddealersmeds.com\/da\/product\/4-aco-dmt-laegemiddel\/","og_locale":"en_US","og_type":"article","og_title":"K\u00f8b 4-ACO DMT l\u00e6gemiddel","og_description":"K\u00f8b 4-Aco-DMT Online, syntetisk fremstillet psykoaktivt stof, potentielt nyttigt alternativ til psilocybin til farmakologiske unders\u00f8gelser.","og_url":"https:\/\/gooddealersmeds.com\/da\/product\/4-aco-dmt-laegemiddel\/","og_site_name":"Good Dealers Meds","article_modified_time":"2023-01-17T17:48:54+00:00","og_image":[{"width":600,"height":600,"url":"https:\/\/gooddealersmeds.com\/da\/wp-content\/uploads\/sites\/2\/2022\/07\/Buy-4-Aco-DMT-Quality-Drug-Online.jpg","type":"image\/jpeg"}],"twitter_card":"summary_large_image","twitter_misc":{"Est. reading time":"1 minute"},"schema":{"@context":"https:\/\/schema.org","@graph":[{"@type":"WebPage","@id":"https:\/\/gooddealersmeds.com\/da\/product\/4-aco-dmt-laegemiddel\/","url":"https:\/\/gooddealersmeds.com\/da\/product\/4-aco-dmt-laegemiddel\/","name":"K\u00f8b 4-ACO-DMT Online - 4-ACO-DMT til salg | Good Dealers Meds","isPartOf":{"@id":"https:\/\/gooddealersmeds.com\/da\/#website"},"primaryImageOfPage":{"@id":"https:\/\/gooddealersmeds.com\/da\/product\/4-aco-dmt-laegemiddel\/#primaryimage"},"image":{"@id":"https:\/\/gooddealersmeds.com\/da\/product\/4-aco-dmt-laegemiddel\/#primaryimage"},"thumbnailUrl":"https:\/\/gooddealersmeds.com\/da\/wp-content\/uploads\/sites\/2\/2022\/07\/Buy-4-Aco-DMT-Quality-Drug-Online.jpg","datePublished":"2022-07-03T11:42:40+00:00","dateModified":"2023-01-17T17:48:54+00:00","description":"K\u00f8b 4-Aco-DMT Online, syntetisk fremstillet psykoaktivt stof, potentielt nyttigt alternativ til psilocybin til farmakologiske unders\u00f8gelser.","breadcrumb":{"@id":"https:\/\/gooddealersmeds.com\/da\/product\/4-aco-dmt-laegemiddel\/#breadcrumb"},"inLanguage":"en-US","potentialAction":[{"@type":"ReadAction","target":["https:\/\/gooddealersmeds.com\/da\/product\/4-aco-dmt-laegemiddel\/"]}]},{"@type":"ImageObject","inLanguage":"en-US","@id":"https:\/\/gooddealersmeds.com\/da\/product\/4-aco-dmt-laegemiddel\/#primaryimage","url":"https:\/\/gooddealersmeds.com\/da\/wp-content\/uploads\/sites\/2\/2022\/07\/Buy-4-Aco-DMT-Quality-Drug-Online.jpg","contentUrl":"https:\/\/gooddealersmeds.com\/da\/wp-content\/uploads\/sites\/2\/2022\/07\/Buy-4-Aco-DMT-Quality-Drug-Online.jpg","width":600,"height":600,"caption":"Buy 4-ACO-DMT Drug Online"},{"@type":"BreadcrumbList","@id":"https:\/\/gooddealersmeds.com\/da\/product\/4-aco-dmt-laegemiddel\/#breadcrumb","itemListElement":[{"@type":"ListItem","position":1,"name":"Home","item":"https:\/\/gooddealersmeds.com\/da\/"},{"@type":"ListItem","position":2,"name":"Produkter","item":"https:\/\/gooddealersmeds.com\/da\/produkter\/"},{"@type":"ListItem","position":3,"name":"K\u00f8b 4-ACO DMT l\u00e6gemiddel"}]},{"@type":"WebSite","@id":"https:\/\/gooddealersmeds.com\/da\/#website","url":"https:\/\/gooddealersmeds.com\/da\/","name":"Good Dealers Meds","description":"All our best","publisher":{"@id":"https:\/\/gooddealersmeds.com\/da\/#organization"},"potentialAction":[{"@type":"SearchAction","target":{"@type":"EntryPoint","urlTemplate":"https:\/\/gooddealersmeds.com\/da\/?s={search_term_string}"},"query-input":{"@type":"PropertyValueSpecification","valueRequired":true,"valueName":"search_term_string"}}],"inLanguage":"en-US"},{"@type":"Organization","@id":"https:\/\/gooddealersmeds.com\/da\/#organization","name":"Good Dealers Meds","url":"https:\/\/gooddealersmeds.com\/da\/","logo":{"@type":"ImageObject","inLanguage":"en-US","@id":"https:\/\/gooddealersmeds.com\/da\/#\/schema\/logo\/image\/","url":"https:\/\/gooddealersmeds.com\/da\/wp-content\/uploads\/sites\/2\/2022\/03\/gooddealersmeds__logo__20220317T222800Z.00.png","contentUrl":"https:\/\/gooddealersmeds.com\/da\/wp-content\/uploads\/sites\/2\/2022\/03\/gooddealersmeds__logo__20220317T222800Z.00.png","width":500,"height":325,"caption":"Good Dealers Meds"},"image":{"@id":"https:\/\/gooddealersmeds.com\/da\/#\/schema\/logo\/image\/"}}]}},"_links":{"self":[{"href":"https:\/\/gooddealersmeds.com\/da\/wp-json\/wp\/v2\/product\/1885","targetHints":{"allow":["GET"]}}],"collection":[{"href":"https:\/\/gooddealersmeds.com\/da\/wp-json\/wp\/v2\/product"}],"about":[{"href":"https:\/\/gooddealersmeds.com\/da\/wp-json\/wp\/v2\/types\/product"}],"replies":[{"embeddable":true,"href":"https:\/\/gooddealersmeds.com\/da\/wp-json\/wp\/v2\/comments?post=1885"}],"wp:featuredmedia":[{"embeddable":true,"href":"https:\/\/gooddealersmeds.com\/da\/wp-json\/wp\/v2\/media\/1890"}],"wp:attachment":[{"href":"https:\/\/gooddealersmeds.com\/da\/wp-json\/wp\/v2\/media?parent=1885"}],"wp:term":[{"taxonomy":"product_brand","embeddable":true,"href":"https:\/\/gooddealersmeds.com\/da\/wp-json\/wp\/v2\/product_brand?post=1885"},{"taxonomy":"product_cat","embeddable":true,"href":"https:\/\/gooddealersmeds.com\/da\/wp-json\/wp\/v2\/product_cat?post=1885"},{"taxonomy":"product_tag","embeddable":true,"href":"https:\/\/gooddealersmeds.com\/da\/wp-json\/wp\/v2\/product_tag?post=1885"}],"curies":[{"name":"wp","href":"https:\/\/api.w.org\/{rel}","templated":true}]}}