{"id":1877,"date":"2022-07-03T11:36:36","date_gmt":"2022-07-03T11:36:36","guid":{"rendered":"https:\/\/gooddealersmeds.com\/da\/?post_type=product&#038;p=1877"},"modified":"2023-01-17T17:53:34","modified_gmt":"2023-01-17T17:53:34","slug":"4-cec-laegemiddel","status":"publish","type":"product","link":"https:\/\/gooddealersmeds.com\/da\/product\/4-cec-laegemiddel\/","title":{"rendered":"K\u00f8b 4-CEC Medicin online"},"content":{"rendered":"<h2>K\u00f8b 4-CEC l\u00e6gemiddel online fra Good Dealers Meds<\/h2>\n<p>4-CEC Drug online er en ny type l\u00e6gemiddel, der har udviklet til at hj\u00e6lpe mennesker, der lider af kroniske smerter. Det kan bruges til patienter, der har lidt af kroniske smerter i l\u00e6ngere tid, s\u00e5som rygsmerter eller iskias.<\/p>\n<p>Denne medicin er tilg\u00e6ngelig i tabletform, men den kan ogs\u00e5 tages sublingualt ved blot at placere en stykke under din tunge i 30 sekunder eller to stykker p\u00e5 \u00e9n gang, hvis du foretr\u00e6kker denne metode frem for at tygge eller sluge tabletter hele.<\/p>\n<p>&nbsp;<\/p>\n<p><strong>Grunde til at k\u00f8be 4-CEC Medicin Online.<\/strong><\/p>\n<p>Du b\u00f8r overveje <a href=\"https:\/\/infoboerse-neue-drogen.de\/substanzen\/4-cec-4-chloroethcatinon\/\">4-CEC<\/a> Stof online, fordi det har vist sig at virke hurtigere end andre stoffer. Brugere vil bem\u00e6rke en forbedring i deres tilstand inden for f\u00e5 dage efter at have brugt denne medicin. Fordelene ved at bruge 4-CEC Drug online omfatter:<\/p>\n<p>&nbsp;<\/p>\n<ol>\n<li>Det reducerer risikoen for yderligere skade og hj\u00e6lper dig med at komme dig hurtigere fra din nuv\u00e6rende skade;<\/li>\n<li>Det hj\u00e6lper med at reducere bet\u00e6ndelse og reducere h\u00e6velse, s\u00e5 det forbedrer din mobilitet;<\/li>\n<li>Det letter muskelspasmer og forbedrer mobiliteten ved at reducere smerte og stivhed;<\/li>\n<li>Det hj\u00e6lper med at lindre angst og depression og samtidig forbedre dit generelle hum\u00f8r;<\/li>\n<li>Det hj\u00e6lper med at genoprette balancen i din krop efter en ulykke eller operation ved at reducere bet\u00e6ndelse i det skadede omr\u00e5de;<\/li>\n<li>Det virker bedre end de fleste andre l\u00e6gemidler p\u00e5 marked i dag, fordi det ikke har nogen negative bivirkninger som mundt\u00f8rhed eller forstoppelse.<\/li>\n<\/ol>\n<p>&nbsp;<\/p>\n<p><strong>Hvor kan man k\u00f8be 4-CEC-l\u00e6gemidler online? <\/strong><\/p>\n<p>Det bedste sted at <a href=\"https:\/\/gooddealersmeds.com\/da\/product\/4-cec-drug\/\">k\u00f8be 4-CEC-l\u00e6gemidler online<\/a> er Great Dealers Meds. De tilbyder mange forskellige slags medicin til lave omkostninger, s\u00e5 du kan f\u00e5 pr\u00e6cis det, du har brug for, uden at stresse over at bruge flere penge, end du havde troet. K\u00f8b 4-CEC Drug Online.<\/p>\n","protected":false},"excerpt":{"rendered":"<p>K\u00f8b 4-CEC Drug Online, 4-Chloromethcathinone er et stimulerende l\u00e6gemiddel af cathinon-klassen, der er blevet solgt online som et designerl\u00e6gemiddel. Det ligner 4-CMC (analog 4-CMC).<\/p>\n","protected":false},"featured_media":1884,"comment_status":"open","ping_status":"closed","template":"","meta":{"inline_featured_image":false},"product_brand":[],"product_cat":[344],"product_tag":[],"class_list":{"0":"post-1877","1":"product","2":"type-product","3":"status-publish","4":"has-post-thumbnail","6":"product_cat-forsknings-kemikalier","8":"first","9":"instock","10":"shipping-taxable","11":"purchasable","12":"product-type-variable","13":"has-default-attributes"},"yoast_head":"<!-- This site is optimized with the Yoast SEO Premium plugin v20.6 (Yoast SEO v27.3) - https:\/\/yoast.com\/product\/yoast-seo-premium-wordpress\/ -->\n<title>K\u00f8b 4-CEC Online - (4-Chloroethcathinone) | Good Dealers Meds<\/title>\n<meta name=\"description\" content=\"K\u00f8b 4-CEC Online, Det er et stimulerende l\u00e6gemiddel af cathinon-klassen, der er blevet solgt online som et designerl\u00e6gemiddel. Det svarer til 4-CMC.\" \/>\n<meta name=\"robots\" content=\"index, follow, max-snippet:-1, max-image-preview:large, max-video-preview:-1\" \/>\n<link rel=\"canonical\" href=\"https:\/\/gooddealersmeds.com\/da\/product\/4-cec-laegemiddel\/\" \/>\n<meta property=\"og:locale\" content=\"en_US\" \/>\n<meta property=\"og:type\" content=\"article\" \/>\n<meta property=\"og:title\" content=\"K\u00f8b 4-CEC Medicin online\" \/>\n<meta property=\"og:description\" content=\"K\u00f8b 4-CEC Online, Det er et stimulerende l\u00e6gemiddel af cathinon-klassen, der er blevet solgt online som et designerl\u00e6gemiddel. Det svarer til 4-CMC.\" \/>\n<meta property=\"og:url\" content=\"https:\/\/gooddealersmeds.com\/da\/product\/4-cec-laegemiddel\/\" \/>\n<meta property=\"og:site_name\" content=\"Good Dealers Meds\" \/>\n<meta property=\"article:modified_time\" content=\"2023-01-17T17:53:34+00:00\" \/>\n<meta property=\"og:image\" content=\"https:\/\/gooddealersmeds.com\/da\/wp-content\/uploads\/sites\/2\/2022\/07\/4-CEC.jpg\" \/>\n\t<meta property=\"og:image:width\" content=\"600\" \/>\n\t<meta property=\"og:image:height\" content=\"600\" \/>\n\t<meta property=\"og:image:type\" content=\"image\/jpeg\" \/>\n<meta name=\"twitter:card\" content=\"summary_large_image\" \/>\n<meta name=\"twitter:label1\" content=\"Est. reading time\" \/>\n\t<meta name=\"twitter:data1\" content=\"2 minutes\" \/>\n<script type=\"application\/ld+json\" class=\"yoast-schema-graph\">{\"@context\":\"https:\\\/\\\/schema.org\",\"@graph\":[{\"@type\":\"WebPage\",\"@id\":\"https:\\\/\\\/gooddealersmeds.com\\\/da\\\/product\\\/4-cec-laegemiddel\\\/\",\"url\":\"https:\\\/\\\/gooddealersmeds.com\\\/da\\\/product\\\/4-cec-laegemiddel\\\/\",\"name\":\"K\u00f8b 4-CEC Online - (4-Chloroethcathinone) | Good Dealers Meds\",\"isPartOf\":{\"@id\":\"https:\\\/\\\/gooddealersmeds.com\\\/da\\\/#website\"},\"primaryImageOfPage\":{\"@id\":\"https:\\\/\\\/gooddealersmeds.com\\\/da\\\/product\\\/4-cec-laegemiddel\\\/#primaryimage\"},\"image\":{\"@id\":\"https:\\\/\\\/gooddealersmeds.com\\\/da\\\/product\\\/4-cec-laegemiddel\\\/#primaryimage\"},\"thumbnailUrl\":\"https:\\\/\\\/gooddealersmeds.com\\\/da\\\/wp-content\\\/uploads\\\/sites\\\/2\\\/2022\\\/07\\\/4-CEC.jpg\",\"datePublished\":\"2022-07-03T11:36:36+00:00\",\"dateModified\":\"2023-01-17T17:53:34+00:00\",\"description\":\"K\u00f8b 4-CEC Online, Det er et stimulerende l\u00e6gemiddel af cathinon-klassen, der er blevet solgt online som et designerl\u00e6gemiddel. Det svarer til 4-CMC.\",\"breadcrumb\":{\"@id\":\"https:\\\/\\\/gooddealersmeds.com\\\/da\\\/product\\\/4-cec-laegemiddel\\\/#breadcrumb\"},\"inLanguage\":\"en-US\",\"potentialAction\":[{\"@type\":\"ReadAction\",\"target\":[\"https:\\\/\\\/gooddealersmeds.com\\\/da\\\/product\\\/4-cec-laegemiddel\\\/\"]}]},{\"@type\":\"ImageObject\",\"inLanguage\":\"en-US\",\"@id\":\"https:\\\/\\\/gooddealersmeds.com\\\/da\\\/product\\\/4-cec-laegemiddel\\\/#primaryimage\",\"url\":\"https:\\\/\\\/gooddealersmeds.com\\\/da\\\/wp-content\\\/uploads\\\/sites\\\/2\\\/2022\\\/07\\\/4-CEC.jpg\",\"contentUrl\":\"https:\\\/\\\/gooddealersmeds.com\\\/da\\\/wp-content\\\/uploads\\\/sites\\\/2\\\/2022\\\/07\\\/4-CEC.jpg\",\"width\":600,\"height\":600,\"caption\":\"Buy 4-CEC Drug Online\"},{\"@type\":\"BreadcrumbList\",\"@id\":\"https:\\\/\\\/gooddealersmeds.com\\\/da\\\/product\\\/4-cec-laegemiddel\\\/#breadcrumb\",\"itemListElement\":[{\"@type\":\"ListItem\",\"position\":1,\"name\":\"Home\",\"item\":\"https:\\\/\\\/gooddealersmeds.com\\\/da\\\/\"},{\"@type\":\"ListItem\",\"position\":2,\"name\":\"Produkter\",\"item\":\"https:\\\/\\\/gooddealersmeds.com\\\/da\\\/produkter\\\/\"},{\"@type\":\"ListItem\",\"position\":3,\"name\":\"K\u00f8b 4-CEC Medicin online\"}]},{\"@type\":\"WebSite\",\"@id\":\"https:\\\/\\\/gooddealersmeds.com\\\/da\\\/#website\",\"url\":\"https:\\\/\\\/gooddealersmeds.com\\\/da\\\/\",\"name\":\"Good Dealers Meds\",\"description\":\"All our best\",\"publisher\":{\"@id\":\"https:\\\/\\\/gooddealersmeds.com\\\/da\\\/#organization\"},\"potentialAction\":[{\"@type\":\"SearchAction\",\"target\":{\"@type\":\"EntryPoint\",\"urlTemplate\":\"https:\\\/\\\/gooddealersmeds.com\\\/da\\\/?s={search_term_string}\"},\"query-input\":{\"@type\":\"PropertyValueSpecification\",\"valueRequired\":true,\"valueName\":\"search_term_string\"}}],\"inLanguage\":\"en-US\"},{\"@type\":\"Organization\",\"@id\":\"https:\\\/\\\/gooddealersmeds.com\\\/da\\\/#organization\",\"name\":\"Good Dealers Meds\",\"url\":\"https:\\\/\\\/gooddealersmeds.com\\\/da\\\/\",\"logo\":{\"@type\":\"ImageObject\",\"inLanguage\":\"en-US\",\"@id\":\"https:\\\/\\\/gooddealersmeds.com\\\/da\\\/#\\\/schema\\\/logo\\\/image\\\/\",\"url\":\"https:\\\/\\\/gooddealersmeds.com\\\/da\\\/wp-content\\\/uploads\\\/sites\\\/2\\\/2022\\\/03\\\/gooddealersmeds__logo__20220317T222800Z.00.png\",\"contentUrl\":\"https:\\\/\\\/gooddealersmeds.com\\\/da\\\/wp-content\\\/uploads\\\/sites\\\/2\\\/2022\\\/03\\\/gooddealersmeds__logo__20220317T222800Z.00.png\",\"width\":500,\"height\":325,\"caption\":\"Good Dealers Meds\"},\"image\":{\"@id\":\"https:\\\/\\\/gooddealersmeds.com\\\/da\\\/#\\\/schema\\\/logo\\\/image\\\/\"}}]}<\/script>\n<!-- \/ Yoast SEO Premium plugin. -->","yoast_head_json":{"title":"K\u00f8b 4-CEC Online - (4-Chloroethcathinone) | Good Dealers Meds","description":"K\u00f8b 4-CEC Online, Det er et stimulerende l\u00e6gemiddel af cathinon-klassen, der er blevet solgt online som et designerl\u00e6gemiddel. Det svarer til 4-CMC.","robots":{"index":"index","follow":"follow","max-snippet":"max-snippet:-1","max-image-preview":"max-image-preview:large","max-video-preview":"max-video-preview:-1"},"canonical":"https:\/\/gooddealersmeds.com\/da\/product\/4-cec-laegemiddel\/","og_locale":"en_US","og_type":"article","og_title":"K\u00f8b 4-CEC Medicin online","og_description":"K\u00f8b 4-CEC Online, Det er et stimulerende l\u00e6gemiddel af cathinon-klassen, der er blevet solgt online som et designerl\u00e6gemiddel. Det svarer til 4-CMC.","og_url":"https:\/\/gooddealersmeds.com\/da\/product\/4-cec-laegemiddel\/","og_site_name":"Good Dealers Meds","article_modified_time":"2023-01-17T17:53:34+00:00","og_image":[{"width":600,"height":600,"url":"https:\/\/gooddealersmeds.com\/da\/wp-content\/uploads\/sites\/2\/2022\/07\/4-CEC.jpg","type":"image\/jpeg"}],"twitter_card":"summary_large_image","twitter_misc":{"Est. reading time":"2 minutes"},"schema":{"@context":"https:\/\/schema.org","@graph":[{"@type":"WebPage","@id":"https:\/\/gooddealersmeds.com\/da\/product\/4-cec-laegemiddel\/","url":"https:\/\/gooddealersmeds.com\/da\/product\/4-cec-laegemiddel\/","name":"K\u00f8b 4-CEC Online - (4-Chloroethcathinone) | Good Dealers Meds","isPartOf":{"@id":"https:\/\/gooddealersmeds.com\/da\/#website"},"primaryImageOfPage":{"@id":"https:\/\/gooddealersmeds.com\/da\/product\/4-cec-laegemiddel\/#primaryimage"},"image":{"@id":"https:\/\/gooddealersmeds.com\/da\/product\/4-cec-laegemiddel\/#primaryimage"},"thumbnailUrl":"https:\/\/gooddealersmeds.com\/da\/wp-content\/uploads\/sites\/2\/2022\/07\/4-CEC.jpg","datePublished":"2022-07-03T11:36:36+00:00","dateModified":"2023-01-17T17:53:34+00:00","description":"K\u00f8b 4-CEC Online, Det er et stimulerende l\u00e6gemiddel af cathinon-klassen, der er blevet solgt online som et designerl\u00e6gemiddel. Det svarer til 4-CMC.","breadcrumb":{"@id":"https:\/\/gooddealersmeds.com\/da\/product\/4-cec-laegemiddel\/#breadcrumb"},"inLanguage":"en-US","potentialAction":[{"@type":"ReadAction","target":["https:\/\/gooddealersmeds.com\/da\/product\/4-cec-laegemiddel\/"]}]},{"@type":"ImageObject","inLanguage":"en-US","@id":"https:\/\/gooddealersmeds.com\/da\/product\/4-cec-laegemiddel\/#primaryimage","url":"https:\/\/gooddealersmeds.com\/da\/wp-content\/uploads\/sites\/2\/2022\/07\/4-CEC.jpg","contentUrl":"https:\/\/gooddealersmeds.com\/da\/wp-content\/uploads\/sites\/2\/2022\/07\/4-CEC.jpg","width":600,"height":600,"caption":"Buy 4-CEC Drug Online"},{"@type":"BreadcrumbList","@id":"https:\/\/gooddealersmeds.com\/da\/product\/4-cec-laegemiddel\/#breadcrumb","itemListElement":[{"@type":"ListItem","position":1,"name":"Home","item":"https:\/\/gooddealersmeds.com\/da\/"},{"@type":"ListItem","position":2,"name":"Produkter","item":"https:\/\/gooddealersmeds.com\/da\/produkter\/"},{"@type":"ListItem","position":3,"name":"K\u00f8b 4-CEC Medicin online"}]},{"@type":"WebSite","@id":"https:\/\/gooddealersmeds.com\/da\/#website","url":"https:\/\/gooddealersmeds.com\/da\/","name":"Good Dealers Meds","description":"All our best","publisher":{"@id":"https:\/\/gooddealersmeds.com\/da\/#organization"},"potentialAction":[{"@type":"SearchAction","target":{"@type":"EntryPoint","urlTemplate":"https:\/\/gooddealersmeds.com\/da\/?s={search_term_string}"},"query-input":{"@type":"PropertyValueSpecification","valueRequired":true,"valueName":"search_term_string"}}],"inLanguage":"en-US"},{"@type":"Organization","@id":"https:\/\/gooddealersmeds.com\/da\/#organization","name":"Good Dealers Meds","url":"https:\/\/gooddealersmeds.com\/da\/","logo":{"@type":"ImageObject","inLanguage":"en-US","@id":"https:\/\/gooddealersmeds.com\/da\/#\/schema\/logo\/image\/","url":"https:\/\/gooddealersmeds.com\/da\/wp-content\/uploads\/sites\/2\/2022\/03\/gooddealersmeds__logo__20220317T222800Z.00.png","contentUrl":"https:\/\/gooddealersmeds.com\/da\/wp-content\/uploads\/sites\/2\/2022\/03\/gooddealersmeds__logo__20220317T222800Z.00.png","width":500,"height":325,"caption":"Good Dealers Meds"},"image":{"@id":"https:\/\/gooddealersmeds.com\/da\/#\/schema\/logo\/image\/"}}]}},"_links":{"self":[{"href":"https:\/\/gooddealersmeds.com\/da\/wp-json\/wp\/v2\/product\/1877","targetHints":{"allow":["GET"]}}],"collection":[{"href":"https:\/\/gooddealersmeds.com\/da\/wp-json\/wp\/v2\/product"}],"about":[{"href":"https:\/\/gooddealersmeds.com\/da\/wp-json\/wp\/v2\/types\/product"}],"replies":[{"embeddable":true,"href":"https:\/\/gooddealersmeds.com\/da\/wp-json\/wp\/v2\/comments?post=1877"}],"wp:featuredmedia":[{"embeddable":true,"href":"https:\/\/gooddealersmeds.com\/da\/wp-json\/wp\/v2\/media\/1884"}],"wp:attachment":[{"href":"https:\/\/gooddealersmeds.com\/da\/wp-json\/wp\/v2\/media?parent=1877"}],"wp:term":[{"taxonomy":"product_brand","embeddable":true,"href":"https:\/\/gooddealersmeds.com\/da\/wp-json\/wp\/v2\/product_brand?post=1877"},{"taxonomy":"product_cat","embeddable":true,"href":"https:\/\/gooddealersmeds.com\/da\/wp-json\/wp\/v2\/product_cat?post=1877"},{"taxonomy":"product_tag","embeddable":true,"href":"https:\/\/gooddealersmeds.com\/da\/wp-json\/wp\/v2\/product_tag?post=1877"}],"curies":[{"name":"wp","href":"https:\/\/api.w.org\/{rel}","templated":true}]}}