{"id":1875,"date":"2022-06-30T00:12:13","date_gmt":"2022-06-30T00:12:13","guid":{"rendered":"https:\/\/gooddealersmeds.com\/da\/?post_type=product&#038;p=1875"},"modified":"2023-01-17T18:05:52","modified_gmt":"2023-01-17T18:05:52","slug":"lilla-dronning","status":"publish","type":"product","link":"https:\/\/gooddealersmeds.com\/da\/product\/lilla-dronning\/","title":{"rendered":"K\u00f8b Purple Queen Online"},"content":{"rendered":"<h2>Purple Queen Weed til salg online<\/h2>\n<p>K\u00f8b Purple Queen Online &#8211; Purple Queen online er en medicin, der bruges til behandling af en lang r\u00e6kke tilstande. Det er blevet godkendt af FDA og mange andre lande verden over. Det er et kraftfuldt antidepressivum, der virker ved at blokere overf\u00f8rslen af \u200b\u200bserotonin, noradrenalin, dopamin og andre neurotransmittere i din hjerne. N\u00e5r dette sker, vil du f\u00f8le dig gladere, mere afslappet og have bedre hum\u00f8r.<\/p>\n<p>Purple Queen Online er en medicin, der bruges til at behandle depression. Det virker ved at fremme produktionen af \u200b\u200bvisse kemikalier i hjernen.<\/p>\n<p>Purple Queen Online er ikke for alle \u2013 det b\u00f8r kun bruges, hvis du har pr\u00f8vet anden medicin uden held.<\/p>\n<p>Den gode nyheder er, at Purple Queen Online er blevet godkendt af FDA og generelt anses for sikkert at bruge. Det kan dog for\u00e5rsage bivirkninger hos nogle mennesker, s\u00e5 det er vigtigt, at du taler med din l\u00e6ge, f\u00f8r du tager denne medicin, hvis du har sp\u00f8rgsm\u00e5l eller bekymringer omkring brugen.<\/p>\n<p>Purple Queen Online virker bedst, n\u00e5r den tages p\u00e5 en regelm\u00e6ssig tidsplan, s\u00e5 det anbefales ikke til brug som en erstatning for terapi eller r\u00e5dgivningssessioner. Hvis du beslutter dig for at pr\u00f8ve det uden f\u00f8rst at konsultere din l\u00e6ge, s\u00e5 fort\u00e6l dem, hvilke skridt du planl\u00e6gger at tage, f\u00f8r du starter behandling med Purple Queen Online.<\/p>\n<p>Purple Queen f\u00e5s i tabletform, som kommer i en flaske indeholdende 120 tabletter (30 mg hver). Denne medicin b\u00f8r tages oralt 30 minutter f\u00f8r m\u00e5ltider med rigeligt vand.<\/p>\n<p><strong>Hvorfor k\u00f8be Purple Queen online?<\/strong><\/p>\n<p>Den bedste m\u00e5de at f\u00e5 Purple Queen Online p\u00e5 er at k\u00f8be det fra en betroet forhandler, som har solgt stoffer i \u00e5revis. Du kan stole p\u00e5 dem, fordi de ved, hvordan man sikrer sig, at du f\u00e5r det bedste l\u00e6gemiddel til dine behov uden problemer eller bivirkninger. De har stor viden om forskellige typer medicin, og hvordan de virker p\u00e5 din krop, s\u00e5 de er i stand til hurtigt og nemt at finde den rigtige for dig.<\/p>\n<p>Du kan k\u00f8b Purple Queen online hos Good Dealers Meds.<\/p>\n","protected":false},"excerpt":{"rendered":"<p>Purple Queen er ren indica royalty. Ved at kombinere de mest uh\u00e5ndgribelige og h\u00f8jt v\u00e6rdsatte lilla f\u00e6notyper af Kush-bjergstammer har mesteropdr\u00e6tterne hos Royal Queen Seeds udviklet en unik Kush-hybrid. Livlige lilla farver, skarpe fyrrebr\u00e6ndstofaromaer og en dybt gennemtr\u00e6ngende, fysisk stenet effekt kan forventes fra Purple Queen.<\/p>\n","protected":false},"featured_media":1876,"comment_status":"open","ping_status":"closed","template":"","meta":{"inline_featured_image":false},"product_brand":[],"product_cat":[348],"product_tag":[451,481,452,453,454,455,459,460,461,462,467,468,469,470,471,475,476,477,458,479,463,464,465,480,466,478,456,472,473,474,457,489,490,484,483,486,485,411,487,488,482],"class_list":{"0":"post-1875","1":"product","2":"type-product","3":"status-publish","4":"has-post-thumbnail","6":"product_cat-marihuana","7":"product_tag-100-cannabis-olie-til-salg","8":"product_tag-billig-cannabis-fr-til-salg","9":"product_tag-can-i-buy-cannabis","10":"product_tag-cannabis-buds-for-sale","11":"product_tag-cannabis-capsules-for-sale","12":"product_tag-cannabis-cigarettes-for-sale","13":"product_tag-cannabis-e-cigaretter-til-salg","14":"product_tag-cannabis-e-liquid-for-sale","15":"product_tag-cannabis-edibles-for-sale","16":"product_tag-cannabis-for-sale","17":"product_tag-cannabis-lights-for-sale","18":"product_tag-cannabis-oil-for-sale","19":"product_tag-cannabis-oil-for-sale-online","20":"product_tag-cannabis-oil-for-sale-uk","21":"product_tag-cannabis-plante-mad-til-salg","22":"product_tag-cannabis-pollen-for-sale","23":"product_tag-cannabis-resin-for-sale","24":"product_tag-cannabis-sale-uk","25":"product_tag-cannabis-stiklinger-til-salg-uk","26":"product_tag-cannabis-terpener-til-salg","27":"product_tag-cannabis-til-salg-online","28":"product_tag-cannabis-til-salg-online-uk","29":"product_tag-cannabis-til-salg-uk","30":"product_tag-cannabis-vaporizer-til-salg","31":"product_tag-cannabis-dyrke-telte-til-salg","32":"product_tag-cannabis-fr-til-salg-i-england","33":"product_tag-cannabis-kloner-til-salg","34":"product_tag-cannabis-plante-til-salg","35":"product_tag-cannabis-planter-til-salg","36":"product_tag-cannabis-planter-til-salg-uk","37":"product_tag-cannabis-stiklinger-til-salg","38":"product_tag-hvor-kan-jeg-f-cannabis","39":"product_tag-hvor-kan-bestilles-cannabis","40":"product_tag-legal-cannabis-for-sale-uk","41":"product_tag-lovlig-cannabis-til-salg","42":"product_tag-marihuana-fr-til-salg","43":"product_tag-marihuana-olie-til-salg","44":"product_tag-marihuana-til-salg","45":"product_tag-syntetisk-cannabis-til-salg","46":"product_tag-thc-cannabis-olie-til-salg","47":"product_tag-urte-cannabis-til-salg","49":"first","50":"instock","51":"shipping-taxable","52":"purchasable","53":"product-type-simple"},"yoast_head":"<!-- This site is optimized with the Yoast SEO Premium plugin v20.6 (Yoast SEO v27.3) - https:\/\/yoast.com\/product\/yoast-seo-premium-wordpress\/ -->\n<title>K\u00f8b Purple Queen Online - Bestil Marihuana | Good Dealers Meds<\/title>\n<meta name=\"description\" content=\"\u00d8nsker at k\u00f8b Purple Queen online til overkommelige priser &amp; f\u00e5 det leveret lige ved d\u00f8ren. Vi sender til hele verden, tilfredshedsgaranti.\" \/>\n<meta name=\"robots\" content=\"index, follow, max-snippet:-1, max-image-preview:large, max-video-preview:-1\" \/>\n<link rel=\"canonical\" href=\"https:\/\/gooddealersmeds.com\/da\/product\/lilla-dronning\/\" \/>\n<meta property=\"og:locale\" content=\"en_US\" \/>\n<meta property=\"og:type\" content=\"article\" \/>\n<meta property=\"og:title\" content=\"K\u00f8b Purple Queen Online\" \/>\n<meta property=\"og:description\" content=\"\u00d8nsker at k\u00f8b Purple Queen online til overkommelige priser &amp; f\u00e5 det leveret lige ved d\u00f8ren. Vi sender til hele verden, tilfredshedsgaranti.\" \/>\n<meta property=\"og:url\" content=\"https:\/\/gooddealersmeds.com\/da\/product\/lilla-dronning\/\" \/>\n<meta property=\"og:site_name\" content=\"Good Dealers Meds\" \/>\n<meta property=\"article:modified_time\" content=\"2023-01-17T18:05:52+00:00\" \/>\n<meta property=\"og:image\" content=\"https:\/\/gooddealersmeds.com\/da\/wp-content\/uploads\/sites\/2\/2022\/06\/PURPLE-QUEEN.jpg\" \/>\n\t<meta property=\"og:image:width\" content=\"600\" \/>\n\t<meta property=\"og:image:height\" content=\"600\" \/>\n\t<meta property=\"og:image:type\" content=\"image\/jpeg\" \/>\n<meta name=\"twitter:card\" content=\"summary_large_image\" \/>\n<meta name=\"twitter:label1\" content=\"Est. reading time\" \/>\n\t<meta name=\"twitter:data1\" content=\"2 minutes\" \/>\n<script type=\"application\/ld+json\" class=\"yoast-schema-graph\">{\"@context\":\"https:\\\/\\\/schema.org\",\"@graph\":[{\"@type\":\"WebPage\",\"@id\":\"https:\\\/\\\/gooddealersmeds.com\\\/da\\\/product\\\/lilla-dronning\\\/\",\"url\":\"https:\\\/\\\/gooddealersmeds.com\\\/da\\\/product\\\/lilla-dronning\\\/\",\"name\":\"K\u00f8b Purple Queen Online - Bestil Marihuana | Good Dealers Meds\",\"isPartOf\":{\"@id\":\"https:\\\/\\\/gooddealersmeds.com\\\/da\\\/#website\"},\"primaryImageOfPage\":{\"@id\":\"https:\\\/\\\/gooddealersmeds.com\\\/da\\\/product\\\/lilla-dronning\\\/#primaryimage\"},\"image\":{\"@id\":\"https:\\\/\\\/gooddealersmeds.com\\\/da\\\/product\\\/lilla-dronning\\\/#primaryimage\"},\"thumbnailUrl\":\"https:\\\/\\\/gooddealersmeds.com\\\/da\\\/wp-content\\\/uploads\\\/sites\\\/2\\\/2022\\\/06\\\/PURPLE-QUEEN.jpg\",\"datePublished\":\"2022-06-30T00:12:13+00:00\",\"dateModified\":\"2023-01-17T18:05:52+00:00\",\"description\":\"\u00d8nsker at k\u00f8b Purple Queen online til overkommelige priser & f\u00e5 det leveret lige ved d\u00f8ren. Vi sender til hele verden, tilfredshedsgaranti.\",\"breadcrumb\":{\"@id\":\"https:\\\/\\\/gooddealersmeds.com\\\/da\\\/product\\\/lilla-dronning\\\/#breadcrumb\"},\"inLanguage\":\"en-US\",\"potentialAction\":[{\"@type\":\"ReadAction\",\"target\":[\"https:\\\/\\\/gooddealersmeds.com\\\/da\\\/product\\\/lilla-dronning\\\/\"]}]},{\"@type\":\"ImageObject\",\"inLanguage\":\"en-US\",\"@id\":\"https:\\\/\\\/gooddealersmeds.com\\\/da\\\/product\\\/lilla-dronning\\\/#primaryimage\",\"url\":\"https:\\\/\\\/gooddealersmeds.com\\\/da\\\/wp-content\\\/uploads\\\/sites\\\/2\\\/2022\\\/06\\\/PURPLE-QUEEN.jpg\",\"contentUrl\":\"https:\\\/\\\/gooddealersmeds.com\\\/da\\\/wp-content\\\/uploads\\\/sites\\\/2\\\/2022\\\/06\\\/PURPLE-QUEEN.jpg\",\"width\":600,\"height\":600,\"caption\":\"Buy Purple Queen Online\"},{\"@type\":\"BreadcrumbList\",\"@id\":\"https:\\\/\\\/gooddealersmeds.com\\\/da\\\/product\\\/lilla-dronning\\\/#breadcrumb\",\"itemListElement\":[{\"@type\":\"ListItem\",\"position\":1,\"name\":\"Home\",\"item\":\"https:\\\/\\\/gooddealersmeds.com\\\/da\\\/\"},{\"@type\":\"ListItem\",\"position\":2,\"name\":\"Produkter\",\"item\":\"https:\\\/\\\/gooddealersmeds.com\\\/da\\\/produkter\\\/\"},{\"@type\":\"ListItem\",\"position\":3,\"name\":\"K\u00f8b Purple Queen Online\"}]},{\"@type\":\"WebSite\",\"@id\":\"https:\\\/\\\/gooddealersmeds.com\\\/da\\\/#website\",\"url\":\"https:\\\/\\\/gooddealersmeds.com\\\/da\\\/\",\"name\":\"Good Dealers Meds\",\"description\":\"All our best\",\"publisher\":{\"@id\":\"https:\\\/\\\/gooddealersmeds.com\\\/da\\\/#organization\"},\"potentialAction\":[{\"@type\":\"SearchAction\",\"target\":{\"@type\":\"EntryPoint\",\"urlTemplate\":\"https:\\\/\\\/gooddealersmeds.com\\\/da\\\/?s={search_term_string}\"},\"query-input\":{\"@type\":\"PropertyValueSpecification\",\"valueRequired\":true,\"valueName\":\"search_term_string\"}}],\"inLanguage\":\"en-US\"},{\"@type\":\"Organization\",\"@id\":\"https:\\\/\\\/gooddealersmeds.com\\\/da\\\/#organization\",\"name\":\"Good Dealers Meds\",\"url\":\"https:\\\/\\\/gooddealersmeds.com\\\/da\\\/\",\"logo\":{\"@type\":\"ImageObject\",\"inLanguage\":\"en-US\",\"@id\":\"https:\\\/\\\/gooddealersmeds.com\\\/da\\\/#\\\/schema\\\/logo\\\/image\\\/\",\"url\":\"https:\\\/\\\/gooddealersmeds.com\\\/da\\\/wp-content\\\/uploads\\\/sites\\\/2\\\/2022\\\/03\\\/gooddealersmeds__logo__20220317T222800Z.00.png\",\"contentUrl\":\"https:\\\/\\\/gooddealersmeds.com\\\/da\\\/wp-content\\\/uploads\\\/sites\\\/2\\\/2022\\\/03\\\/gooddealersmeds__logo__20220317T222800Z.00.png\",\"width\":500,\"height\":325,\"caption\":\"Good Dealers Meds\"},\"image\":{\"@id\":\"https:\\\/\\\/gooddealersmeds.com\\\/da\\\/#\\\/schema\\\/logo\\\/image\\\/\"}}]}<\/script>\n<!-- \/ Yoast SEO Premium plugin. -->","yoast_head_json":{"title":"K\u00f8b Purple Queen Online - Bestil Marihuana | Good Dealers Meds","description":"\u00d8nsker at k\u00f8b Purple Queen online til overkommelige priser & f\u00e5 det leveret lige ved d\u00f8ren. Vi sender til hele verden, tilfredshedsgaranti.","robots":{"index":"index","follow":"follow","max-snippet":"max-snippet:-1","max-image-preview":"max-image-preview:large","max-video-preview":"max-video-preview:-1"},"canonical":"https:\/\/gooddealersmeds.com\/da\/product\/lilla-dronning\/","og_locale":"en_US","og_type":"article","og_title":"K\u00f8b Purple Queen Online","og_description":"\u00d8nsker at k\u00f8b Purple Queen online til overkommelige priser & f\u00e5 det leveret lige ved d\u00f8ren. Vi sender til hele verden, tilfredshedsgaranti.","og_url":"https:\/\/gooddealersmeds.com\/da\/product\/lilla-dronning\/","og_site_name":"Good Dealers Meds","article_modified_time":"2023-01-17T18:05:52+00:00","og_image":[{"width":600,"height":600,"url":"https:\/\/gooddealersmeds.com\/da\/wp-content\/uploads\/sites\/2\/2022\/06\/PURPLE-QUEEN.jpg","type":"image\/jpeg"}],"twitter_card":"summary_large_image","twitter_misc":{"Est. reading time":"2 minutes"},"schema":{"@context":"https:\/\/schema.org","@graph":[{"@type":"WebPage","@id":"https:\/\/gooddealersmeds.com\/da\/product\/lilla-dronning\/","url":"https:\/\/gooddealersmeds.com\/da\/product\/lilla-dronning\/","name":"K\u00f8b Purple Queen Online - Bestil Marihuana | Good Dealers Meds","isPartOf":{"@id":"https:\/\/gooddealersmeds.com\/da\/#website"},"primaryImageOfPage":{"@id":"https:\/\/gooddealersmeds.com\/da\/product\/lilla-dronning\/#primaryimage"},"image":{"@id":"https:\/\/gooddealersmeds.com\/da\/product\/lilla-dronning\/#primaryimage"},"thumbnailUrl":"https:\/\/gooddealersmeds.com\/da\/wp-content\/uploads\/sites\/2\/2022\/06\/PURPLE-QUEEN.jpg","datePublished":"2022-06-30T00:12:13+00:00","dateModified":"2023-01-17T18:05:52+00:00","description":"\u00d8nsker at k\u00f8b Purple Queen online til overkommelige priser & f\u00e5 det leveret lige ved d\u00f8ren. Vi sender til hele verden, tilfredshedsgaranti.","breadcrumb":{"@id":"https:\/\/gooddealersmeds.com\/da\/product\/lilla-dronning\/#breadcrumb"},"inLanguage":"en-US","potentialAction":[{"@type":"ReadAction","target":["https:\/\/gooddealersmeds.com\/da\/product\/lilla-dronning\/"]}]},{"@type":"ImageObject","inLanguage":"en-US","@id":"https:\/\/gooddealersmeds.com\/da\/product\/lilla-dronning\/#primaryimage","url":"https:\/\/gooddealersmeds.com\/da\/wp-content\/uploads\/sites\/2\/2022\/06\/PURPLE-QUEEN.jpg","contentUrl":"https:\/\/gooddealersmeds.com\/da\/wp-content\/uploads\/sites\/2\/2022\/06\/PURPLE-QUEEN.jpg","width":600,"height":600,"caption":"Buy Purple Queen Online"},{"@type":"BreadcrumbList","@id":"https:\/\/gooddealersmeds.com\/da\/product\/lilla-dronning\/#breadcrumb","itemListElement":[{"@type":"ListItem","position":1,"name":"Home","item":"https:\/\/gooddealersmeds.com\/da\/"},{"@type":"ListItem","position":2,"name":"Produkter","item":"https:\/\/gooddealersmeds.com\/da\/produkter\/"},{"@type":"ListItem","position":3,"name":"K\u00f8b Purple Queen Online"}]},{"@type":"WebSite","@id":"https:\/\/gooddealersmeds.com\/da\/#website","url":"https:\/\/gooddealersmeds.com\/da\/","name":"Good Dealers Meds","description":"All our best","publisher":{"@id":"https:\/\/gooddealersmeds.com\/da\/#organization"},"potentialAction":[{"@type":"SearchAction","target":{"@type":"EntryPoint","urlTemplate":"https:\/\/gooddealersmeds.com\/da\/?s={search_term_string}"},"query-input":{"@type":"PropertyValueSpecification","valueRequired":true,"valueName":"search_term_string"}}],"inLanguage":"en-US"},{"@type":"Organization","@id":"https:\/\/gooddealersmeds.com\/da\/#organization","name":"Good Dealers Meds","url":"https:\/\/gooddealersmeds.com\/da\/","logo":{"@type":"ImageObject","inLanguage":"en-US","@id":"https:\/\/gooddealersmeds.com\/da\/#\/schema\/logo\/image\/","url":"https:\/\/gooddealersmeds.com\/da\/wp-content\/uploads\/sites\/2\/2022\/03\/gooddealersmeds__logo__20220317T222800Z.00.png","contentUrl":"https:\/\/gooddealersmeds.com\/da\/wp-content\/uploads\/sites\/2\/2022\/03\/gooddealersmeds__logo__20220317T222800Z.00.png","width":500,"height":325,"caption":"Good Dealers Meds"},"image":{"@id":"https:\/\/gooddealersmeds.com\/da\/#\/schema\/logo\/image\/"}}]}},"_links":{"self":[{"href":"https:\/\/gooddealersmeds.com\/da\/wp-json\/wp\/v2\/product\/1875","targetHints":{"allow":["GET"]}}],"collection":[{"href":"https:\/\/gooddealersmeds.com\/da\/wp-json\/wp\/v2\/product"}],"about":[{"href":"https:\/\/gooddealersmeds.com\/da\/wp-json\/wp\/v2\/types\/product"}],"replies":[{"embeddable":true,"href":"https:\/\/gooddealersmeds.com\/da\/wp-json\/wp\/v2\/comments?post=1875"}],"wp:featuredmedia":[{"embeddable":true,"href":"https:\/\/gooddealersmeds.com\/da\/wp-json\/wp\/v2\/media\/1876"}],"wp:attachment":[{"href":"https:\/\/gooddealersmeds.com\/da\/wp-json\/wp\/v2\/media?parent=1875"}],"wp:term":[{"taxonomy":"product_brand","embeddable":true,"href":"https:\/\/gooddealersmeds.com\/da\/wp-json\/wp\/v2\/product_brand?post=1875"},{"taxonomy":"product_cat","embeddable":true,"href":"https:\/\/gooddealersmeds.com\/da\/wp-json\/wp\/v2\/product_cat?post=1875"},{"taxonomy":"product_tag","embeddable":true,"href":"https:\/\/gooddealersmeds.com\/da\/wp-json\/wp\/v2\/product_tag?post=1875"}],"curies":[{"name":"wp","href":"https:\/\/api.w.org\/{rel}","templated":true}]}}