{"id":1873,"date":"2022-06-30T00:09:17","date_gmt":"2022-06-30T00:09:17","guid":{"rendered":"https:\/\/gooddealersmeds.com\/da\/?post_type=product&#038;p=1873"},"modified":"2022-11-12T11:27:39","modified_gmt":"2022-11-12T11:27:39","slug":"kob-hulkberry-online","status":"publish","type":"product","link":"https:\/\/gooddealersmeds.com\/da\/product\/kob-hulkberry-online\/","title":{"rendered":"K\u00f8b Hulkberry online"},"content":{"rendered":"<p>K\u00f8b Hulkberry Online fra vores butik. Denne dame er afkom af to h\u00f8jt respekterede stammer. OG Kush og Strawberry Diesel smeltede sammen i bjergene i Colorado for at skabe denne kraftige fugtige stamme. Slutresultatet er en sund dosis sirupsagtig, frugtagtig smag. HulkBerry-pr\u00f8ver har vist sig at indeholde 28 % THC. Mens de kun blev solgt i Colorado, blev de feminiseret og s\u00e6lges nu over hele verden.<\/p>\n<p>Stammens blade er komplekse, m\u00f8rkelilla og r\u00f8dbrune. Det st\u00e5r i smuk kontrast til nugs&#8217; livlige frodighed. Klumperne er ikke bare frodige; der er ogs\u00e5 et spind af m\u00f8rker\u00f8de h\u00e5r, der er n\u00e6sten brune og orange, der l\u00f8ber hen over knoppen.<\/p>\n<p>HulkBerry er den seneste stamme, der er opst\u00e5et fra jagten p\u00e5 h\u00f8jpotente stammer. Hun leverer pludselig og uventet en overv\u00e6ldende cerebral. Hun s\u00e6tter dig i en psykoaktiv tilstand. Nogle brugere kan finde hende skr\u00e6mmende.<\/p>\n<p>Selvom denne stamme giver en intens high, har den ogs\u00e5 en r\u00e6kke medicinske fordele. Dens styrke bek\u00e6mper stress, depression og frygt. Brugere kan tage sm\u00e5 doser af, indtil de er i stand til at h\u00e5ndtere deres depression. Andre rapporterer, at belastningen \u00f8ger deres appetit. Dens snacks er ideelle til folk, der lider af kvalme.<\/p>\n<p>HulkBerry Feminized Seeds er en af \u200b\u200bde mest popul\u00e6re medicinske marihuana-stammer p\u00e5 markedet i dag. Disse fr\u00f8 er velkendte for deres kraftfulde medicinske egenskaber, som omfatter smertelindring, angstlindring, depression og appetitl\u00f8shed. De er ogs\u00e5 kendt for at have et h\u00f8jt THC-indhold, hvilket g\u00f8r dem til et popul\u00e6rt valg blandt medicinske marihuanapatienter.<\/p>\n<p>Udover deres medicinske egenskaber er fr\u00f8ene ogs\u00e5 kendt for deres s\u00e6regne smag og aroma. Smagen og aromaen beskrives ofte som jordagtig og citrusagtig. Fr\u00f8ene er popul\u00e6re blandt b\u00e5de medicinske marihuanapatienter og rekreative marihuanabrugere.<\/p>\n<p>Vi leverer hulkberry af h\u00f8j kvalitet, k\u00f8b hulkberry online fra vores <a href=\"https:\/\/gooddealersmeds.com\/da\/products\/\"> butik<\/a>. Vores onlinebutik giver ogs\u00e5 patienter de ressourcer, de har brug for til at h\u00e5ndtere deres ADHD og f\u00f8le sig mere i kontrol over deres liv.<\/p>\n","protected":false},"excerpt":{"rendered":"<p>HulkBerry er alter-egoet til The Incredible Hulk. Denne sinsemilla superhelt er her for at redde hovedet. Et sted i Rocky Mountains i Colorado kolliderede de klamme styrker fra OG Kush og Strawberry Diesel. Nu skyller THC-blastb\u00f8lgen ind over Europa.<\/p>\n","protected":false},"featured_media":1874,"comment_status":"open","ping_status":"closed","template":"","meta":{"inline_featured_image":false},"product_brand":[],"product_cat":[348],"product_tag":[434,443,444,374,435,436,438,439,376,440,449,450,448,437,441,445,446,415,442,411,447,420],"class_list":{"0":"post-1873","1":"product","2":"type-product","3":"status-publish","4":"has-post-thumbnail","6":"product_cat-marihuana","7":"product_tag-amsterdam-ukrudt","8":"product_tag-bestil-ganja-her","9":"product_tag-bestil-ukrudt-online","10":"product_tag-buy-cheap-weed-online","11":"product_tag-buy-ganja-online","12":"product_tag-buy-weed-by-mail","13":"product_tag-buying-weed-online","14":"product_tag-cannbis-til-dig","15":"product_tag-ganja-for-sale","16":"product_tag-how-to-order-weed-online","17":"product_tag-hvor-kan-f-marihuana-i-london","18":"product_tag-hvor-kan-f-ukrudt-i-uk","19":"product_tag-hvor-kan-kbes-marihuana","20":"product_tag-kb-ukrudt-nr-mig","21":"product_tag-kush-online-shop","22":"product_tag-kvalitet-cannbis-online","23":"product_tag-kvalitets-ukrudt-online","24":"product_tag-marihuana-leverandr","25":"product_tag-marihuana-online","26":"product_tag-marihuana-til-salg","27":"product_tag-thc","28":"product_tag-ukrudt-til-salg","30":"first","31":"instock","32":"shipping-taxable","33":"purchasable","34":"product-type-simple"},"yoast_head":"<!-- This site is optimized with the Yoast SEO Premium plugin v20.6 (Yoast SEO v27.4) - https:\/\/yoast.com\/product\/yoast-seo-premium-wordpress\/ -->\n<title>K\u00f8b Hulkberry Online | K\u00f8b af kvalitets ukrudtsstammer online | Kush her<\/title>\n<meta name=\"description\" content=\"K\u00f8b Hulkberry Online, Vi leverer ukrudt af god kvalitet til overkommelige priser k\u00f8b her og f\u00e5 klasse A+stammer. Vi sender til hele Europa.\" \/>\n<meta name=\"robots\" content=\"index, follow, max-snippet:-1, max-image-preview:large, max-video-preview:-1\" \/>\n<link rel=\"canonical\" href=\"https:\/\/gooddealersmeds.com\/da\/product\/kob-hulkberry-online\/\" \/>\n<meta property=\"og:locale\" content=\"en_US\" \/>\n<meta property=\"og:type\" content=\"article\" \/>\n<meta property=\"og:title\" content=\"K\u00f8b Hulkberry online\" \/>\n<meta property=\"og:description\" content=\"K\u00f8b Hulkberry Online, Vi leverer ukrudt af god kvalitet til overkommelige priser k\u00f8b her og f\u00e5 klasse A+stammer. Vi sender til hele Europa.\" \/>\n<meta property=\"og:url\" content=\"https:\/\/gooddealersmeds.com\/da\/product\/kob-hulkberry-online\/\" \/>\n<meta property=\"og:site_name\" content=\"Good Dealers Meds\" \/>\n<meta property=\"article:modified_time\" content=\"2022-11-12T11:27:39+00:00\" \/>\n<meta property=\"og:image\" content=\"https:\/\/gooddealersmeds.com\/da\/wp-content\/uploads\/sites\/2\/2022\/06\/HULKBERRY.jpg\" \/>\n\t<meta property=\"og:image:width\" content=\"600\" \/>\n\t<meta property=\"og:image:height\" content=\"600\" \/>\n\t<meta property=\"og:image:type\" content=\"image\/jpeg\" \/>\n<meta name=\"twitter:card\" content=\"summary_large_image\" \/>\n<meta name=\"twitter:label1\" content=\"Est. reading time\" \/>\n\t<meta name=\"twitter:data1\" content=\"2 minutes\" \/>\n<script type=\"application\/ld+json\" class=\"yoast-schema-graph\">{\"@context\":\"https:\\\/\\\/schema.org\",\"@graph\":[{\"@type\":\"WebPage\",\"@id\":\"https:\\\/\\\/gooddealersmeds.com\\\/da\\\/product\\\/kob-hulkberry-online\\\/\",\"url\":\"https:\\\/\\\/gooddealersmeds.com\\\/da\\\/product\\\/kob-hulkberry-online\\\/\",\"name\":\"K\u00f8b Hulkberry Online | K\u00f8b af kvalitets ukrudtsstammer online | Kush her\",\"isPartOf\":{\"@id\":\"https:\\\/\\\/gooddealersmeds.com\\\/da\\\/#website\"},\"primaryImageOfPage\":{\"@id\":\"https:\\\/\\\/gooddealersmeds.com\\\/da\\\/product\\\/kob-hulkberry-online\\\/#primaryimage\"},\"image\":{\"@id\":\"https:\\\/\\\/gooddealersmeds.com\\\/da\\\/product\\\/kob-hulkberry-online\\\/#primaryimage\"},\"thumbnailUrl\":\"https:\\\/\\\/gooddealersmeds.com\\\/da\\\/wp-content\\\/uploads\\\/sites\\\/2\\\/2022\\\/06\\\/HULKBERRY.jpg\",\"datePublished\":\"2022-06-30T00:09:17+00:00\",\"dateModified\":\"2022-11-12T11:27:39+00:00\",\"description\":\"K\u00f8b Hulkberry Online, Vi leverer ukrudt af god kvalitet til overkommelige priser k\u00f8b her og f\u00e5 klasse A+stammer. Vi sender til hele Europa.\",\"breadcrumb\":{\"@id\":\"https:\\\/\\\/gooddealersmeds.com\\\/da\\\/product\\\/kob-hulkberry-online\\\/#breadcrumb\"},\"inLanguage\":\"en-US\",\"potentialAction\":[{\"@type\":\"ReadAction\",\"target\":[\"https:\\\/\\\/gooddealersmeds.com\\\/da\\\/product\\\/kob-hulkberry-online\\\/\"]}]},{\"@type\":\"ImageObject\",\"inLanguage\":\"en-US\",\"@id\":\"https:\\\/\\\/gooddealersmeds.com\\\/da\\\/product\\\/kob-hulkberry-online\\\/#primaryimage\",\"url\":\"https:\\\/\\\/gooddealersmeds.com\\\/da\\\/wp-content\\\/uploads\\\/sites\\\/2\\\/2022\\\/06\\\/HULKBERRY.jpg\",\"contentUrl\":\"https:\\\/\\\/gooddealersmeds.com\\\/da\\\/wp-content\\\/uploads\\\/sites\\\/2\\\/2022\\\/06\\\/HULKBERRY.jpg\",\"width\":600,\"height\":600,\"caption\":\"Buy Hulkberry Online\"},{\"@type\":\"BreadcrumbList\",\"@id\":\"https:\\\/\\\/gooddealersmeds.com\\\/da\\\/product\\\/kob-hulkberry-online\\\/#breadcrumb\",\"itemListElement\":[{\"@type\":\"ListItem\",\"position\":1,\"name\":\"Home\",\"item\":\"https:\\\/\\\/gooddealersmeds.com\\\/da\\\/\"},{\"@type\":\"ListItem\",\"position\":2,\"name\":\"Produkter\",\"item\":\"https:\\\/\\\/gooddealersmeds.com\\\/da\\\/produkter\\\/\"},{\"@type\":\"ListItem\",\"position\":3,\"name\":\"K\u00f8b Hulkberry online\"}]},{\"@type\":\"WebSite\",\"@id\":\"https:\\\/\\\/gooddealersmeds.com\\\/da\\\/#website\",\"url\":\"https:\\\/\\\/gooddealersmeds.com\\\/da\\\/\",\"name\":\"Good Dealers Meds\",\"description\":\"All our best\",\"publisher\":{\"@id\":\"https:\\\/\\\/gooddealersmeds.com\\\/da\\\/#organization\"},\"potentialAction\":[{\"@type\":\"SearchAction\",\"target\":{\"@type\":\"EntryPoint\",\"urlTemplate\":\"https:\\\/\\\/gooddealersmeds.com\\\/da\\\/?s={search_term_string}\"},\"query-input\":{\"@type\":\"PropertyValueSpecification\",\"valueRequired\":true,\"valueName\":\"search_term_string\"}}],\"inLanguage\":\"en-US\"},{\"@type\":\"Organization\",\"@id\":\"https:\\\/\\\/gooddealersmeds.com\\\/da\\\/#organization\",\"name\":\"Good Dealers Meds\",\"url\":\"https:\\\/\\\/gooddealersmeds.com\\\/da\\\/\",\"logo\":{\"@type\":\"ImageObject\",\"inLanguage\":\"en-US\",\"@id\":\"https:\\\/\\\/gooddealersmeds.com\\\/da\\\/#\\\/schema\\\/logo\\\/image\\\/\",\"url\":\"https:\\\/\\\/gooddealersmeds.com\\\/da\\\/wp-content\\\/uploads\\\/sites\\\/2\\\/2022\\\/03\\\/gooddealersmeds__logo__20220317T222800Z.00.png\",\"contentUrl\":\"https:\\\/\\\/gooddealersmeds.com\\\/da\\\/wp-content\\\/uploads\\\/sites\\\/2\\\/2022\\\/03\\\/gooddealersmeds__logo__20220317T222800Z.00.png\",\"width\":500,\"height\":325,\"caption\":\"Good Dealers Meds\"},\"image\":{\"@id\":\"https:\\\/\\\/gooddealersmeds.com\\\/da\\\/#\\\/schema\\\/logo\\\/image\\\/\"}}]}<\/script>\n<!-- \/ Yoast SEO Premium plugin. -->","yoast_head_json":{"title":"K\u00f8b Hulkberry Online | K\u00f8b af kvalitets ukrudtsstammer online | Kush her","description":"K\u00f8b Hulkberry Online, Vi leverer ukrudt af god kvalitet til overkommelige priser k\u00f8b her og f\u00e5 klasse A+stammer. Vi sender til hele Europa.","robots":{"index":"index","follow":"follow","max-snippet":"max-snippet:-1","max-image-preview":"max-image-preview:large","max-video-preview":"max-video-preview:-1"},"canonical":"https:\/\/gooddealersmeds.com\/da\/product\/kob-hulkberry-online\/","og_locale":"en_US","og_type":"article","og_title":"K\u00f8b Hulkberry online","og_description":"K\u00f8b Hulkberry Online, Vi leverer ukrudt af god kvalitet til overkommelige priser k\u00f8b her og f\u00e5 klasse A+stammer. Vi sender til hele Europa.","og_url":"https:\/\/gooddealersmeds.com\/da\/product\/kob-hulkberry-online\/","og_site_name":"Good Dealers Meds","article_modified_time":"2022-11-12T11:27:39+00:00","og_image":[{"width":600,"height":600,"url":"https:\/\/gooddealersmeds.com\/da\/wp-content\/uploads\/sites\/2\/2022\/06\/HULKBERRY.jpg","type":"image\/jpeg"}],"twitter_card":"summary_large_image","twitter_misc":{"Est. reading time":"2 minutes"},"schema":{"@context":"https:\/\/schema.org","@graph":[{"@type":"WebPage","@id":"https:\/\/gooddealersmeds.com\/da\/product\/kob-hulkberry-online\/","url":"https:\/\/gooddealersmeds.com\/da\/product\/kob-hulkberry-online\/","name":"K\u00f8b Hulkberry Online | K\u00f8b af kvalitets ukrudtsstammer online | Kush her","isPartOf":{"@id":"https:\/\/gooddealersmeds.com\/da\/#website"},"primaryImageOfPage":{"@id":"https:\/\/gooddealersmeds.com\/da\/product\/kob-hulkberry-online\/#primaryimage"},"image":{"@id":"https:\/\/gooddealersmeds.com\/da\/product\/kob-hulkberry-online\/#primaryimage"},"thumbnailUrl":"https:\/\/gooddealersmeds.com\/da\/wp-content\/uploads\/sites\/2\/2022\/06\/HULKBERRY.jpg","datePublished":"2022-06-30T00:09:17+00:00","dateModified":"2022-11-12T11:27:39+00:00","description":"K\u00f8b Hulkberry Online, Vi leverer ukrudt af god kvalitet til overkommelige priser k\u00f8b her og f\u00e5 klasse A+stammer. Vi sender til hele Europa.","breadcrumb":{"@id":"https:\/\/gooddealersmeds.com\/da\/product\/kob-hulkberry-online\/#breadcrumb"},"inLanguage":"en-US","potentialAction":[{"@type":"ReadAction","target":["https:\/\/gooddealersmeds.com\/da\/product\/kob-hulkberry-online\/"]}]},{"@type":"ImageObject","inLanguage":"en-US","@id":"https:\/\/gooddealersmeds.com\/da\/product\/kob-hulkberry-online\/#primaryimage","url":"https:\/\/gooddealersmeds.com\/da\/wp-content\/uploads\/sites\/2\/2022\/06\/HULKBERRY.jpg","contentUrl":"https:\/\/gooddealersmeds.com\/da\/wp-content\/uploads\/sites\/2\/2022\/06\/HULKBERRY.jpg","width":600,"height":600,"caption":"Buy Hulkberry Online"},{"@type":"BreadcrumbList","@id":"https:\/\/gooddealersmeds.com\/da\/product\/kob-hulkberry-online\/#breadcrumb","itemListElement":[{"@type":"ListItem","position":1,"name":"Home","item":"https:\/\/gooddealersmeds.com\/da\/"},{"@type":"ListItem","position":2,"name":"Produkter","item":"https:\/\/gooddealersmeds.com\/da\/produkter\/"},{"@type":"ListItem","position":3,"name":"K\u00f8b Hulkberry online"}]},{"@type":"WebSite","@id":"https:\/\/gooddealersmeds.com\/da\/#website","url":"https:\/\/gooddealersmeds.com\/da\/","name":"Good Dealers Meds","description":"All our best","publisher":{"@id":"https:\/\/gooddealersmeds.com\/da\/#organization"},"potentialAction":[{"@type":"SearchAction","target":{"@type":"EntryPoint","urlTemplate":"https:\/\/gooddealersmeds.com\/da\/?s={search_term_string}"},"query-input":{"@type":"PropertyValueSpecification","valueRequired":true,"valueName":"search_term_string"}}],"inLanguage":"en-US"},{"@type":"Organization","@id":"https:\/\/gooddealersmeds.com\/da\/#organization","name":"Good Dealers Meds","url":"https:\/\/gooddealersmeds.com\/da\/","logo":{"@type":"ImageObject","inLanguage":"en-US","@id":"https:\/\/gooddealersmeds.com\/da\/#\/schema\/logo\/image\/","url":"https:\/\/gooddealersmeds.com\/da\/wp-content\/uploads\/sites\/2\/2022\/03\/gooddealersmeds__logo__20220317T222800Z.00.png","contentUrl":"https:\/\/gooddealersmeds.com\/da\/wp-content\/uploads\/sites\/2\/2022\/03\/gooddealersmeds__logo__20220317T222800Z.00.png","width":500,"height":325,"caption":"Good Dealers Meds"},"image":{"@id":"https:\/\/gooddealersmeds.com\/da\/#\/schema\/logo\/image\/"}}]}},"_links":{"self":[{"href":"https:\/\/gooddealersmeds.com\/da\/wp-json\/wp\/v2\/product\/1873","targetHints":{"allow":["GET"]}}],"collection":[{"href":"https:\/\/gooddealersmeds.com\/da\/wp-json\/wp\/v2\/product"}],"about":[{"href":"https:\/\/gooddealersmeds.com\/da\/wp-json\/wp\/v2\/types\/product"}],"replies":[{"embeddable":true,"href":"https:\/\/gooddealersmeds.com\/da\/wp-json\/wp\/v2\/comments?post=1873"}],"wp:featuredmedia":[{"embeddable":true,"href":"https:\/\/gooddealersmeds.com\/da\/wp-json\/wp\/v2\/media\/1874"}],"wp:attachment":[{"href":"https:\/\/gooddealersmeds.com\/da\/wp-json\/wp\/v2\/media?parent=1873"}],"wp:term":[{"taxonomy":"product_brand","embeddable":true,"href":"https:\/\/gooddealersmeds.com\/da\/wp-json\/wp\/v2\/product_brand?post=1873"},{"taxonomy":"product_cat","embeddable":true,"href":"https:\/\/gooddealersmeds.com\/da\/wp-json\/wp\/v2\/product_cat?post=1873"},{"taxonomy":"product_tag","embeddable":true,"href":"https:\/\/gooddealersmeds.com\/da\/wp-json\/wp\/v2\/product_tag?post=1873"}],"curies":[{"name":"wp","href":"https:\/\/api.w.org\/{rel}","templated":true}]}}