{"id":1871,"date":"2022-06-30T00:04:45","date_gmt":"2022-06-30T00:04:45","guid":{"rendered":"https:\/\/gooddealersmeds.com\/da\/?post_type=product&#038;p=1871"},"modified":"2023-01-17T18:45:04","modified_gmt":"2023-01-17T18:45:04","slug":"fedt-banan","status":"publish","type":"product","link":"https:\/\/gooddealersmeds.com\/da\/product\/fedt-banan\/","title":{"rendered":"Bestil Fat Banana Online"},"content":{"rendered":"<h2>k\u00f8b Fat Banana ukrudtsstamme online top Kvalitet<\/h2>\n<p>Fat Banana Weed Strain er en stamme, der er ber\u00f8mt for sine Indica-dominerende egenskaber. Fat Banana Til salg, Den er kendt for at v\u00e6re ekstremt afslappende og opl\u00f8ftende, hvilket g\u00f8r den perfekt til dem, der \u00f8nsker at slappe af efter en lang dag p\u00e5 arbejde eller i skole. Stammen har ogs\u00e5 en s\u00f8d lugt, hvilket g\u00f8r den let at identificere, n\u00e5r man leder efter den rigtige marihuana p\u00e5 et apotek.<\/p>\n<p>Fed Banana Weed Strain, ogs\u00e5 kendt som Banana OG, er en potent hybridstamme af cannabis, der er kendt for sin frugtagtige, s\u00f8de aroma og smag. Beskrevet som at smage som bananer og tyggegummi, er det perfekt til behandling af angst og depression. Beskrevet som smagende som bananer og tyggegummi, er den perfekt til behandling af angst og depression.<\/p>\n<p>Fed Banana Weed Strain har vundet flere priser for sin medicinske effektivitet og dens evne til at hj\u00e6lpe brugerne med at slappe af. Det kan ogs\u00e5 bruges til at reducere stress og \u00f8ge fokus for at forbedre produktiviteten p\u00e5 arbejdet eller i skolen.<\/p>\n<p>&nbsp;<\/p>\n<p><strong>Hvorfor bestille Fat Banana Weed Strain Online?<\/strong><\/p>\n<p>&nbsp;<\/p>\n<p><a href=\"https:\/\/www.leafly.com\/strains\/fat-banana\">Fed Banana Weed Strain<\/a> er en af \u200b\u200bde bedste varianter at k\u00f8be online, fordi det er nemt at finde, og der er ingen grund til at bekymre sig om at blive snydt af en forhandler, der s\u00e6lger falsk ukrudt. Faktisk, hvis du k\u00f8ber fra en velrenommeret forhandler, sender de endda produktet direkte hjem til dig. S\u00e5 meget som vi selv elsker at k\u00f8be fra apoteker, har du nogle gange brug for noget hurtigt og bekvemt, n\u00e5r du l\u00f8ber t\u00f8r for tid eller bare ikke har tid til at k\u00f8re rundt og lede efter noget bestemt. Hvis det lyder som dig, s\u00e5 er Fat Banana Weed Strain m\u00e5ske lige, hvad du har brug for!<\/p>\n<p>&nbsp;<\/p>\n<p><strong>De bedste steder at k\u00f8be Fat Banana Weed Strain Online<\/strong><\/p>\n<p>Fordi denne stamme er s\u00e5 popul\u00e6r, er der mange m\u00e5der, du kan k\u00f8be Fat Banana Weed Strain online uden at blive snydt af forhandlere, der fors\u00f8ger at s\u00e6lge dig ringere produkter. Good Dealers Meds er det bedste sted at k\u00f8be Fat Banana Weed Strain online, Fat Banana til salg<\/p>\n","protected":false},"excerpt":{"rendered":"<p>Fat Banana er produktet af en superselektiv stammeudviklingsproces, der havde til form\u00e5l at hybridisere de st\u00f8rste, fedeste Banana OG-pr\u00f8ver. Nu kan RQS tilbyde dig det bedste fra flokken. Fed banan er stor i smagen og indeholder en seri\u00f8s m\u00e6ngde cannabinoider.<\/p>\n","protected":false},"featured_media":1872,"comment_status":"open","ping_status":"closed","template":"","meta":{"inline_featured_image":false},"product_brand":[],"product_cat":[348],"product_tag":[396,417,400,399,407,397,402,403,406,431,433,432,404,405,398,418,408,410,409,414,415,413,411,412,416,401,428,427,420,421,422,423,426,429,424,425,419,430],"class_list":{"0":"post-1871","1":"product","2":"type-product","3":"status-publish","4":"has-post-thumbnail","6":"product_cat-marihuana","7":"product_tag-100-ukrudt-til-salg","8":"product_tag-bestilling-ukrudt-online","9":"product_tag-billig-ukrudt-til-salg","10":"product_tag-can-i-buy-weed","11":"product_tag-er-ukrudt-lovligt","12":"product_tag-fordele-ved-ryge-marihuana","13":"product_tag-how-can-i-order-marijuana","14":"product_tag-how-much-is-marijuana","15":"product_tag-how-to-get-weed-online","16":"product_tag-hvor-kan-jeg-f-ukrudt","17":"product_tag-hvor-bestilles-ukrudt","18":"product_tag-hvor-kan-kbes-billigt-ukrudt","19":"product_tag-hvordan-man-erhverver-marihuana","20":"product_tag-hvordan-anskaffes-ukrudt","21":"product_tag-kb-ukrudt-online","22":"product_tag-kb-marihuana-online","23":"product_tag-kush-til-salg","24":"product_tag-legal-weedfor-sale","25":"product_tag-lovligt-ukrudt-til-salg","26":"product_tag-marihuana-butik","27":"product_tag-marihuana-leverandr","28":"product_tag-marihuana-sundhedsmssige-fordele","29":"product_tag-marihuana-til-salg","30":"product_tag-marihuana-til-salg-uk","31":"product_tag-medicinske-fordele-ved-marihuana","32":"product_tag-sundheds-fordele-ved-marihuana","33":"product_tag-ukrudtsbutik","34":"product_tag-ukrudtssalg-dk","35":"product_tag-ukrudt-til-salg","36":"product_tag-ukrudt-til-salg-i-england","37":"product_tag-ukrudt-til-salg-dk","38":"product_tag-ukrudt-dyrke-telte-til-salg","39":"product_tag-ukrudt-harpiks-til-salg","40":"product_tag-ukrudtsleverandr","41":"product_tag-ukrudtsplanter-til-salg","42":"product_tag-ukrudtsplanter-til-salg-uk","43":"product_tag-nsker-at-kbe-marihuana","44":"product_tag-ukrudtsfordamper-til-salg","46":"first","47":"instock","48":"shipping-taxable","49":"purchasable","50":"product-type-simple"},"yoast_head":"<!-- This site is optimized with the Yoast SEO Premium plugin v20.6 (Yoast SEO v27.3) - https:\/\/yoast.com\/product\/yoast-seo-premium-wordpress\/ -->\n<title>Fat Banana til salg - Bestil Cannabis Online | Good Dealers Meds<\/title>\n<meta name=\"description\" content=\"Fat Banana til salg er hybrid marihuana-stamme fremstillet ved at krydse OG Kush med Chiquita Banana. K\u00f8b det fra vores Cannabis butik online.\" \/>\n<meta name=\"robots\" content=\"index, follow, max-snippet:-1, max-image-preview:large, max-video-preview:-1\" \/>\n<link rel=\"canonical\" href=\"https:\/\/gooddealersmeds.com\/da\/product\/fedt-banan\/\" \/>\n<meta property=\"og:locale\" content=\"en_US\" \/>\n<meta property=\"og:type\" content=\"article\" \/>\n<meta property=\"og:title\" content=\"Bestil Fat Banana Online\" \/>\n<meta property=\"og:description\" content=\"Fat Banana til salg er hybrid marihuana-stamme fremstillet ved at krydse OG Kush med Chiquita Banana. K\u00f8b det fra vores Cannabis butik online.\" \/>\n<meta property=\"og:url\" content=\"https:\/\/gooddealersmeds.com\/da\/product\/fedt-banan\/\" \/>\n<meta property=\"og:site_name\" content=\"Good Dealers Meds\" \/>\n<meta property=\"article:modified_time\" content=\"2023-01-17T18:45:04+00:00\" \/>\n<meta property=\"og:image\" content=\"https:\/\/gooddealersmeds.com\/da\/wp-content\/uploads\/sites\/2\/2022\/06\/FAT-BANANA.jpg\" \/>\n\t<meta property=\"og:image:width\" content=\"600\" \/>\n\t<meta property=\"og:image:height\" content=\"600\" \/>\n\t<meta property=\"og:image:type\" content=\"image\/jpeg\" \/>\n<meta name=\"twitter:card\" content=\"summary_large_image\" \/>\n<meta name=\"twitter:label1\" content=\"Est. reading time\" \/>\n\t<meta name=\"twitter:data1\" content=\"2 minutes\" \/>\n<script type=\"application\/ld+json\" class=\"yoast-schema-graph\">{\"@context\":\"https:\\\/\\\/schema.org\",\"@graph\":[{\"@type\":\"WebPage\",\"@id\":\"https:\\\/\\\/gooddealersmeds.com\\\/da\\\/product\\\/fedt-banan\\\/\",\"url\":\"https:\\\/\\\/gooddealersmeds.com\\\/da\\\/product\\\/fedt-banan\\\/\",\"name\":\"Fat Banana til salg - Bestil Cannabis Online | Good Dealers Meds\",\"isPartOf\":{\"@id\":\"https:\\\/\\\/gooddealersmeds.com\\\/da\\\/#website\"},\"primaryImageOfPage\":{\"@id\":\"https:\\\/\\\/gooddealersmeds.com\\\/da\\\/product\\\/fedt-banan\\\/#primaryimage\"},\"image\":{\"@id\":\"https:\\\/\\\/gooddealersmeds.com\\\/da\\\/product\\\/fedt-banan\\\/#primaryimage\"},\"thumbnailUrl\":\"https:\\\/\\\/gooddealersmeds.com\\\/da\\\/wp-content\\\/uploads\\\/sites\\\/2\\\/2022\\\/06\\\/FAT-BANANA.jpg\",\"datePublished\":\"2022-06-30T00:04:45+00:00\",\"dateModified\":\"2023-01-17T18:45:04+00:00\",\"description\":\"Fat Banana til salg er hybrid marihuana-stamme fremstillet ved at krydse OG Kush med Chiquita Banana. K\u00f8b det fra vores Cannabis butik online.\",\"breadcrumb\":{\"@id\":\"https:\\\/\\\/gooddealersmeds.com\\\/da\\\/product\\\/fedt-banan\\\/#breadcrumb\"},\"inLanguage\":\"en-US\",\"potentialAction\":[{\"@type\":\"ReadAction\",\"target\":[\"https:\\\/\\\/gooddealersmeds.com\\\/da\\\/product\\\/fedt-banan\\\/\"]}]},{\"@type\":\"ImageObject\",\"inLanguage\":\"en-US\",\"@id\":\"https:\\\/\\\/gooddealersmeds.com\\\/da\\\/product\\\/fedt-banan\\\/#primaryimage\",\"url\":\"https:\\\/\\\/gooddealersmeds.com\\\/da\\\/wp-content\\\/uploads\\\/sites\\\/2\\\/2022\\\/06\\\/FAT-BANANA.jpg\",\"contentUrl\":\"https:\\\/\\\/gooddealersmeds.com\\\/da\\\/wp-content\\\/uploads\\\/sites\\\/2\\\/2022\\\/06\\\/FAT-BANANA.jpg\",\"width\":600,\"height\":600,\"caption\":\"Buy Fat Banana Online\"},{\"@type\":\"BreadcrumbList\",\"@id\":\"https:\\\/\\\/gooddealersmeds.com\\\/da\\\/product\\\/fedt-banan\\\/#breadcrumb\",\"itemListElement\":[{\"@type\":\"ListItem\",\"position\":1,\"name\":\"Home\",\"item\":\"https:\\\/\\\/gooddealersmeds.com\\\/da\\\/\"},{\"@type\":\"ListItem\",\"position\":2,\"name\":\"Produkter\",\"item\":\"https:\\\/\\\/gooddealersmeds.com\\\/da\\\/produkter\\\/\"},{\"@type\":\"ListItem\",\"position\":3,\"name\":\"Bestil Fat Banana Online\"}]},{\"@type\":\"WebSite\",\"@id\":\"https:\\\/\\\/gooddealersmeds.com\\\/da\\\/#website\",\"url\":\"https:\\\/\\\/gooddealersmeds.com\\\/da\\\/\",\"name\":\"Good Dealers Meds\",\"description\":\"All our best\",\"publisher\":{\"@id\":\"https:\\\/\\\/gooddealersmeds.com\\\/da\\\/#organization\"},\"potentialAction\":[{\"@type\":\"SearchAction\",\"target\":{\"@type\":\"EntryPoint\",\"urlTemplate\":\"https:\\\/\\\/gooddealersmeds.com\\\/da\\\/?s={search_term_string}\"},\"query-input\":{\"@type\":\"PropertyValueSpecification\",\"valueRequired\":true,\"valueName\":\"search_term_string\"}}],\"inLanguage\":\"en-US\"},{\"@type\":\"Organization\",\"@id\":\"https:\\\/\\\/gooddealersmeds.com\\\/da\\\/#organization\",\"name\":\"Good Dealers Meds\",\"url\":\"https:\\\/\\\/gooddealersmeds.com\\\/da\\\/\",\"logo\":{\"@type\":\"ImageObject\",\"inLanguage\":\"en-US\",\"@id\":\"https:\\\/\\\/gooddealersmeds.com\\\/da\\\/#\\\/schema\\\/logo\\\/image\\\/\",\"url\":\"https:\\\/\\\/gooddealersmeds.com\\\/da\\\/wp-content\\\/uploads\\\/sites\\\/2\\\/2022\\\/03\\\/gooddealersmeds__logo__20220317T222800Z.00.png\",\"contentUrl\":\"https:\\\/\\\/gooddealersmeds.com\\\/da\\\/wp-content\\\/uploads\\\/sites\\\/2\\\/2022\\\/03\\\/gooddealersmeds__logo__20220317T222800Z.00.png\",\"width\":500,\"height\":325,\"caption\":\"Good Dealers Meds\"},\"image\":{\"@id\":\"https:\\\/\\\/gooddealersmeds.com\\\/da\\\/#\\\/schema\\\/logo\\\/image\\\/\"}}]}<\/script>\n<!-- \/ Yoast SEO Premium plugin. -->","yoast_head_json":{"title":"Fat Banana til salg - Bestil Cannabis Online | Good Dealers Meds","description":"Fat Banana til salg er hybrid marihuana-stamme fremstillet ved at krydse OG Kush med Chiquita Banana. K\u00f8b det fra vores Cannabis butik online.","robots":{"index":"index","follow":"follow","max-snippet":"max-snippet:-1","max-image-preview":"max-image-preview:large","max-video-preview":"max-video-preview:-1"},"canonical":"https:\/\/gooddealersmeds.com\/da\/product\/fedt-banan\/","og_locale":"en_US","og_type":"article","og_title":"Bestil Fat Banana Online","og_description":"Fat Banana til salg er hybrid marihuana-stamme fremstillet ved at krydse OG Kush med Chiquita Banana. K\u00f8b det fra vores Cannabis butik online.","og_url":"https:\/\/gooddealersmeds.com\/da\/product\/fedt-banan\/","og_site_name":"Good Dealers Meds","article_modified_time":"2023-01-17T18:45:04+00:00","og_image":[{"width":600,"height":600,"url":"https:\/\/gooddealersmeds.com\/da\/wp-content\/uploads\/sites\/2\/2022\/06\/FAT-BANANA.jpg","type":"image\/jpeg"}],"twitter_card":"summary_large_image","twitter_misc":{"Est. reading time":"2 minutes"},"schema":{"@context":"https:\/\/schema.org","@graph":[{"@type":"WebPage","@id":"https:\/\/gooddealersmeds.com\/da\/product\/fedt-banan\/","url":"https:\/\/gooddealersmeds.com\/da\/product\/fedt-banan\/","name":"Fat Banana til salg - Bestil Cannabis Online | Good Dealers Meds","isPartOf":{"@id":"https:\/\/gooddealersmeds.com\/da\/#website"},"primaryImageOfPage":{"@id":"https:\/\/gooddealersmeds.com\/da\/product\/fedt-banan\/#primaryimage"},"image":{"@id":"https:\/\/gooddealersmeds.com\/da\/product\/fedt-banan\/#primaryimage"},"thumbnailUrl":"https:\/\/gooddealersmeds.com\/da\/wp-content\/uploads\/sites\/2\/2022\/06\/FAT-BANANA.jpg","datePublished":"2022-06-30T00:04:45+00:00","dateModified":"2023-01-17T18:45:04+00:00","description":"Fat Banana til salg er hybrid marihuana-stamme fremstillet ved at krydse OG Kush med Chiquita Banana. K\u00f8b det fra vores Cannabis butik online.","breadcrumb":{"@id":"https:\/\/gooddealersmeds.com\/da\/product\/fedt-banan\/#breadcrumb"},"inLanguage":"en-US","potentialAction":[{"@type":"ReadAction","target":["https:\/\/gooddealersmeds.com\/da\/product\/fedt-banan\/"]}]},{"@type":"ImageObject","inLanguage":"en-US","@id":"https:\/\/gooddealersmeds.com\/da\/product\/fedt-banan\/#primaryimage","url":"https:\/\/gooddealersmeds.com\/da\/wp-content\/uploads\/sites\/2\/2022\/06\/FAT-BANANA.jpg","contentUrl":"https:\/\/gooddealersmeds.com\/da\/wp-content\/uploads\/sites\/2\/2022\/06\/FAT-BANANA.jpg","width":600,"height":600,"caption":"Buy Fat Banana Online"},{"@type":"BreadcrumbList","@id":"https:\/\/gooddealersmeds.com\/da\/product\/fedt-banan\/#breadcrumb","itemListElement":[{"@type":"ListItem","position":1,"name":"Home","item":"https:\/\/gooddealersmeds.com\/da\/"},{"@type":"ListItem","position":2,"name":"Produkter","item":"https:\/\/gooddealersmeds.com\/da\/produkter\/"},{"@type":"ListItem","position":3,"name":"Bestil Fat Banana Online"}]},{"@type":"WebSite","@id":"https:\/\/gooddealersmeds.com\/da\/#website","url":"https:\/\/gooddealersmeds.com\/da\/","name":"Good Dealers Meds","description":"All our best","publisher":{"@id":"https:\/\/gooddealersmeds.com\/da\/#organization"},"potentialAction":[{"@type":"SearchAction","target":{"@type":"EntryPoint","urlTemplate":"https:\/\/gooddealersmeds.com\/da\/?s={search_term_string}"},"query-input":{"@type":"PropertyValueSpecification","valueRequired":true,"valueName":"search_term_string"}}],"inLanguage":"en-US"},{"@type":"Organization","@id":"https:\/\/gooddealersmeds.com\/da\/#organization","name":"Good Dealers Meds","url":"https:\/\/gooddealersmeds.com\/da\/","logo":{"@type":"ImageObject","inLanguage":"en-US","@id":"https:\/\/gooddealersmeds.com\/da\/#\/schema\/logo\/image\/","url":"https:\/\/gooddealersmeds.com\/da\/wp-content\/uploads\/sites\/2\/2022\/03\/gooddealersmeds__logo__20220317T222800Z.00.png","contentUrl":"https:\/\/gooddealersmeds.com\/da\/wp-content\/uploads\/sites\/2\/2022\/03\/gooddealersmeds__logo__20220317T222800Z.00.png","width":500,"height":325,"caption":"Good Dealers Meds"},"image":{"@id":"https:\/\/gooddealersmeds.com\/da\/#\/schema\/logo\/image\/"}}]}},"_links":{"self":[{"href":"https:\/\/gooddealersmeds.com\/da\/wp-json\/wp\/v2\/product\/1871","targetHints":{"allow":["GET"]}}],"collection":[{"href":"https:\/\/gooddealersmeds.com\/da\/wp-json\/wp\/v2\/product"}],"about":[{"href":"https:\/\/gooddealersmeds.com\/da\/wp-json\/wp\/v2\/types\/product"}],"replies":[{"embeddable":true,"href":"https:\/\/gooddealersmeds.com\/da\/wp-json\/wp\/v2\/comments?post=1871"}],"wp:featuredmedia":[{"embeddable":true,"href":"https:\/\/gooddealersmeds.com\/da\/wp-json\/wp\/v2\/media\/1872"}],"wp:attachment":[{"href":"https:\/\/gooddealersmeds.com\/da\/wp-json\/wp\/v2\/media?parent=1871"}],"wp:term":[{"taxonomy":"product_brand","embeddable":true,"href":"https:\/\/gooddealersmeds.com\/da\/wp-json\/wp\/v2\/product_brand?post=1871"},{"taxonomy":"product_cat","embeddable":true,"href":"https:\/\/gooddealersmeds.com\/da\/wp-json\/wp\/v2\/product_cat?post=1871"},{"taxonomy":"product_tag","embeddable":true,"href":"https:\/\/gooddealersmeds.com\/da\/wp-json\/wp\/v2\/product_tag?post=1871"}],"curies":[{"name":"wp","href":"https:\/\/api.w.org\/{rel}","templated":true}]}}