{"id":1869,"date":"2022-06-30T00:00:32","date_gmt":"2022-06-30T00:00:32","guid":{"rendered":"https:\/\/gooddealersmeds.com\/da\/?post_type=product&#038;p=1869"},"modified":"2023-01-17T19:05:26","modified_gmt":"2023-01-17T19:05:26","slug":"smakager-gelato","status":"publish","type":"product","link":"https:\/\/gooddealersmeds.com\/da\/product\/smakager-gelato\/","title":{"rendered":"K\u00f8b Cookies Gelato Online"},"content":{"rendered":"<h2>Cookies Gelato Til salg Topkvalitet<\/h2>\n<p>Cookies Gelato Online er et websted <a href=\"https:\/\/gooddealersmeds.com\/da\/product\/cookies-gelato\/\"> hvor du kan k\u00f8be cookie gelato online<\/a>. Cookies Gelato Til salg, Virksomheden blev grundlagt i 2016 og er baseret i New York. Cookies Gelato Online s\u00e6lger en r\u00e6kke forskellige slags gelato, men deres mest popul\u00e6re produkt er cookies gelato. De s\u00e6lger ogs\u00e5 andre typer is, men deres mest popul\u00e6re type is er cookie gelato. Virksomheden har eksisteret i omkring et \u00e5r nu og vokser stadig meget hurtigt! Cookies Gelato Online er blevet mere og mere popul\u00e6rt hver dag, fordi det er nemt at k\u00f8be gelato online hos dem; du udfylder bare en onlineformular med alle dine oplysninger, og s\u00e5 sender de din ordre ud med det samme!<\/p>\n<p><strong>\u00a0<\/strong><\/p>\n<p><strong>Hvorfor K\u00f8b Cookies Gelato Online?<\/strong><\/p>\n<p>&nbsp;<\/p>\n<p>Der er en masse grunde til, hvorfor du b\u00f8r k\u00f8be cookies Gelato online fra Cookies Gelato Online:<\/p>\n<p>1) Du kan v\u00e6lge, hvilken smag du vil have.<\/p>\n<p>2) Du beh\u00f8ver ikke at g\u00e5 nogen steder eller forlade huset.<\/p>\n<p>3) Du kan f\u00e5 pr\u00e6cis, hvad du vil uden noget b\u00f8vl.<\/p>\n<p>&nbsp;<\/p>\n<p><strong>Det bedste sted at k\u00f8be cookies Gelato online?<\/strong><\/p>\n<p>&nbsp;<\/p>\n<p>Der er mange af dem! Men hvis du \u00f8nsker at g\u00e5 p\u00e5 jagten og kun lande p\u00e5 \u00e9t sted, der tilbyder dig den bedste deal nogensinde, er Good Dealers Meds stedet at komme. Tjek hele vores udvalg af rekreative og medicinske l\u00e6gemidler for at finde de tilbud, du ikke vil fortryde, n\u00e5r du har brugt dine penge.<\/p>\n","protected":false},"excerpt":{"rendered":"<p>Cookies Gelato er k\u00e6rlighedsbarnet af to legendariske cannabisstammer. Hun arvede sindssyg styrke, en s\u00f8d smag og imponerende produktivitet.<\/p>\n","protected":false},"featured_media":1870,"comment_status":"open","ping_status":"closed","template":"","meta":{"inline_featured_image":false},"product_brand":[],"product_cat":[348],"product_tag":[369,387,371,372,373,374,382,388,376,377,378,379,380,394,381,375,370,383,384,385,386,392,389,390,391,393,395],"class_list":{"0":"post-1869","1":"product","2":"type-product","3":"status-publish","4":"has-post-thumbnail","6":"product_cat-marihuana","7":"product_tag-afghansk-kush","8":"product_tag-ananas-kush","9":"product_tag-bedste-ukrudtsfuger","10":"product_tag-big-bud","11":"product_tag-blbr-nam-nam","12":"product_tag-buy-cheap-weed-online","13":"product_tag-citron-drbe","14":"product_tag-flyvrag","15":"product_tag-ganja-for-sale","16":"product_tag-pige-spejder-cookies","17":"product_tag-grand-daddy-lilla","18":"product_tag-grn-revne","19":"product_tag-hamp-til-salg","20":"product_tag-hvidt-nsehorn","21":"product_tag-kandy-kush","22":"product_tag-kb-engros-marihuana","23":"product_tag-kuglesk","24":"product_tag-mango-kush","25":"product_tag-marihuana-planter","26":"product_tag-northern-lights-5","27":"product_tag-og-kush","28":"product_tag-over-diesel","29":"product_tag-purple-haze","30":"product_tag-purple-kush","31":"product_tag-sensi-star-x-ak47","32":"product_tag-sour-og-kush","33":"product_tag-hvid-enke-x-nordlys","35":"first","36":"instock","37":"shipping-taxable","38":"purchasable","39":"product-type-simple"},"yoast_head":"<!-- This site is optimized with the Yoast SEO Premium plugin v20.6 (Yoast SEO v27.4) - https:\/\/yoast.com\/product\/yoast-seo-premium-wordpress\/ -->\n<title>Cookies Gelato til salg | Bedste sted at k\u00f8be Kush | Good Dealers Meds<\/title>\n<meta name=\"description\" content=\"K\u00f8b Gelato Cookies Weed Online fra. Gelato er en fristende hybrid cannabisstamme fra Cookie Fam og Sherbinski. Cookies Gelato til salg\" \/>\n<meta name=\"robots\" content=\"index, follow, max-snippet:-1, max-image-preview:large, max-video-preview:-1\" \/>\n<link rel=\"canonical\" href=\"https:\/\/gooddealersmeds.com\/da\/product\/smakager-gelato\/\" \/>\n<meta property=\"og:locale\" content=\"en_US\" \/>\n<meta property=\"og:type\" content=\"article\" \/>\n<meta property=\"og:title\" content=\"K\u00f8b Cookies Gelato Online\" \/>\n<meta property=\"og:description\" content=\"K\u00f8b Gelato Cookies Weed Online fra. Gelato er en fristende hybrid cannabisstamme fra Cookie Fam og Sherbinski. Cookies Gelato til salg\" \/>\n<meta property=\"og:url\" content=\"https:\/\/gooddealersmeds.com\/da\/product\/smakager-gelato\/\" \/>\n<meta property=\"og:site_name\" content=\"Good Dealers Meds\" \/>\n<meta property=\"article:modified_time\" content=\"2023-01-17T19:05:26+00:00\" \/>\n<meta property=\"og:image\" content=\"https:\/\/gooddealersmeds.com\/da\/wp-content\/uploads\/sites\/2\/2022\/06\/COOKIES-GELATO.jpg\" \/>\n\t<meta property=\"og:image:width\" content=\"600\" \/>\n\t<meta property=\"og:image:height\" content=\"600\" \/>\n\t<meta property=\"og:image:type\" content=\"image\/jpeg\" \/>\n<meta name=\"twitter:card\" content=\"summary_large_image\" \/>\n<meta name=\"twitter:label1\" content=\"Est. reading time\" \/>\n\t<meta name=\"twitter:data1\" content=\"1 minute\" \/>\n<script type=\"application\/ld+json\" class=\"yoast-schema-graph\">{\"@context\":\"https:\\\/\\\/schema.org\",\"@graph\":[{\"@type\":\"WebPage\",\"@id\":\"https:\\\/\\\/gooddealersmeds.com\\\/da\\\/product\\\/smakager-gelato\\\/\",\"url\":\"https:\\\/\\\/gooddealersmeds.com\\\/da\\\/product\\\/smakager-gelato\\\/\",\"name\":\"Cookies Gelato til salg | Bedste sted at k\u00f8be Kush | Good Dealers Meds\",\"isPartOf\":{\"@id\":\"https:\\\/\\\/gooddealersmeds.com\\\/da\\\/#website\"},\"primaryImageOfPage\":{\"@id\":\"https:\\\/\\\/gooddealersmeds.com\\\/da\\\/product\\\/smakager-gelato\\\/#primaryimage\"},\"image\":{\"@id\":\"https:\\\/\\\/gooddealersmeds.com\\\/da\\\/product\\\/smakager-gelato\\\/#primaryimage\"},\"thumbnailUrl\":\"https:\\\/\\\/gooddealersmeds.com\\\/da\\\/wp-content\\\/uploads\\\/sites\\\/2\\\/2022\\\/06\\\/COOKIES-GELATO.jpg\",\"datePublished\":\"2022-06-30T00:00:32+00:00\",\"dateModified\":\"2023-01-17T19:05:26+00:00\",\"description\":\"K\u00f8b Gelato Cookies Weed Online fra. Gelato er en fristende hybrid cannabisstamme fra Cookie Fam og Sherbinski. Cookies Gelato til salg\",\"breadcrumb\":{\"@id\":\"https:\\\/\\\/gooddealersmeds.com\\\/da\\\/product\\\/smakager-gelato\\\/#breadcrumb\"},\"inLanguage\":\"en-US\",\"potentialAction\":[{\"@type\":\"ReadAction\",\"target\":[\"https:\\\/\\\/gooddealersmeds.com\\\/da\\\/product\\\/smakager-gelato\\\/\"]}]},{\"@type\":\"ImageObject\",\"inLanguage\":\"en-US\",\"@id\":\"https:\\\/\\\/gooddealersmeds.com\\\/da\\\/product\\\/smakager-gelato\\\/#primaryimage\",\"url\":\"https:\\\/\\\/gooddealersmeds.com\\\/da\\\/wp-content\\\/uploads\\\/sites\\\/2\\\/2022\\\/06\\\/COOKIES-GELATO.jpg\",\"contentUrl\":\"https:\\\/\\\/gooddealersmeds.com\\\/da\\\/wp-content\\\/uploads\\\/sites\\\/2\\\/2022\\\/06\\\/COOKIES-GELATO.jpg\",\"width\":600,\"height\":600,\"caption\":\"Cookies Gelato\"},{\"@type\":\"BreadcrumbList\",\"@id\":\"https:\\\/\\\/gooddealersmeds.com\\\/da\\\/product\\\/smakager-gelato\\\/#breadcrumb\",\"itemListElement\":[{\"@type\":\"ListItem\",\"position\":1,\"name\":\"Home\",\"item\":\"https:\\\/\\\/gooddealersmeds.com\\\/da\\\/\"},{\"@type\":\"ListItem\",\"position\":2,\"name\":\"Produkter\",\"item\":\"https:\\\/\\\/gooddealersmeds.com\\\/da\\\/produkter\\\/\"},{\"@type\":\"ListItem\",\"position\":3,\"name\":\"K\u00f8b Cookies Gelato Online\"}]},{\"@type\":\"WebSite\",\"@id\":\"https:\\\/\\\/gooddealersmeds.com\\\/da\\\/#website\",\"url\":\"https:\\\/\\\/gooddealersmeds.com\\\/da\\\/\",\"name\":\"Good Dealers Meds\",\"description\":\"All our best\",\"publisher\":{\"@id\":\"https:\\\/\\\/gooddealersmeds.com\\\/da\\\/#organization\"},\"potentialAction\":[{\"@type\":\"SearchAction\",\"target\":{\"@type\":\"EntryPoint\",\"urlTemplate\":\"https:\\\/\\\/gooddealersmeds.com\\\/da\\\/?s={search_term_string}\"},\"query-input\":{\"@type\":\"PropertyValueSpecification\",\"valueRequired\":true,\"valueName\":\"search_term_string\"}}],\"inLanguage\":\"en-US\"},{\"@type\":\"Organization\",\"@id\":\"https:\\\/\\\/gooddealersmeds.com\\\/da\\\/#organization\",\"name\":\"Good Dealers Meds\",\"url\":\"https:\\\/\\\/gooddealersmeds.com\\\/da\\\/\",\"logo\":{\"@type\":\"ImageObject\",\"inLanguage\":\"en-US\",\"@id\":\"https:\\\/\\\/gooddealersmeds.com\\\/da\\\/#\\\/schema\\\/logo\\\/image\\\/\",\"url\":\"https:\\\/\\\/gooddealersmeds.com\\\/da\\\/wp-content\\\/uploads\\\/sites\\\/2\\\/2022\\\/03\\\/gooddealersmeds__logo__20220317T222800Z.00.png\",\"contentUrl\":\"https:\\\/\\\/gooddealersmeds.com\\\/da\\\/wp-content\\\/uploads\\\/sites\\\/2\\\/2022\\\/03\\\/gooddealersmeds__logo__20220317T222800Z.00.png\",\"width\":500,\"height\":325,\"caption\":\"Good Dealers Meds\"},\"image\":{\"@id\":\"https:\\\/\\\/gooddealersmeds.com\\\/da\\\/#\\\/schema\\\/logo\\\/image\\\/\"}}]}<\/script>\n<!-- \/ Yoast SEO Premium plugin. -->","yoast_head_json":{"title":"Cookies Gelato til salg | Bedste sted at k\u00f8be Kush | Good Dealers Meds","description":"K\u00f8b Gelato Cookies Weed Online fra. Gelato er en fristende hybrid cannabisstamme fra Cookie Fam og Sherbinski. Cookies Gelato til salg","robots":{"index":"index","follow":"follow","max-snippet":"max-snippet:-1","max-image-preview":"max-image-preview:large","max-video-preview":"max-video-preview:-1"},"canonical":"https:\/\/gooddealersmeds.com\/da\/product\/smakager-gelato\/","og_locale":"en_US","og_type":"article","og_title":"K\u00f8b Cookies Gelato Online","og_description":"K\u00f8b Gelato Cookies Weed Online fra. Gelato er en fristende hybrid cannabisstamme fra Cookie Fam og Sherbinski. Cookies Gelato til salg","og_url":"https:\/\/gooddealersmeds.com\/da\/product\/smakager-gelato\/","og_site_name":"Good Dealers Meds","article_modified_time":"2023-01-17T19:05:26+00:00","og_image":[{"width":600,"height":600,"url":"https:\/\/gooddealersmeds.com\/da\/wp-content\/uploads\/sites\/2\/2022\/06\/COOKIES-GELATO.jpg","type":"image\/jpeg"}],"twitter_card":"summary_large_image","twitter_misc":{"Est. reading time":"1 minute"},"schema":{"@context":"https:\/\/schema.org","@graph":[{"@type":"WebPage","@id":"https:\/\/gooddealersmeds.com\/da\/product\/smakager-gelato\/","url":"https:\/\/gooddealersmeds.com\/da\/product\/smakager-gelato\/","name":"Cookies Gelato til salg | Bedste sted at k\u00f8be Kush | Good Dealers Meds","isPartOf":{"@id":"https:\/\/gooddealersmeds.com\/da\/#website"},"primaryImageOfPage":{"@id":"https:\/\/gooddealersmeds.com\/da\/product\/smakager-gelato\/#primaryimage"},"image":{"@id":"https:\/\/gooddealersmeds.com\/da\/product\/smakager-gelato\/#primaryimage"},"thumbnailUrl":"https:\/\/gooddealersmeds.com\/da\/wp-content\/uploads\/sites\/2\/2022\/06\/COOKIES-GELATO.jpg","datePublished":"2022-06-30T00:00:32+00:00","dateModified":"2023-01-17T19:05:26+00:00","description":"K\u00f8b Gelato Cookies Weed Online fra. Gelato er en fristende hybrid cannabisstamme fra Cookie Fam og Sherbinski. Cookies Gelato til salg","breadcrumb":{"@id":"https:\/\/gooddealersmeds.com\/da\/product\/smakager-gelato\/#breadcrumb"},"inLanguage":"en-US","potentialAction":[{"@type":"ReadAction","target":["https:\/\/gooddealersmeds.com\/da\/product\/smakager-gelato\/"]}]},{"@type":"ImageObject","inLanguage":"en-US","@id":"https:\/\/gooddealersmeds.com\/da\/product\/smakager-gelato\/#primaryimage","url":"https:\/\/gooddealersmeds.com\/da\/wp-content\/uploads\/sites\/2\/2022\/06\/COOKIES-GELATO.jpg","contentUrl":"https:\/\/gooddealersmeds.com\/da\/wp-content\/uploads\/sites\/2\/2022\/06\/COOKIES-GELATO.jpg","width":600,"height":600,"caption":"Cookies Gelato"},{"@type":"BreadcrumbList","@id":"https:\/\/gooddealersmeds.com\/da\/product\/smakager-gelato\/#breadcrumb","itemListElement":[{"@type":"ListItem","position":1,"name":"Home","item":"https:\/\/gooddealersmeds.com\/da\/"},{"@type":"ListItem","position":2,"name":"Produkter","item":"https:\/\/gooddealersmeds.com\/da\/produkter\/"},{"@type":"ListItem","position":3,"name":"K\u00f8b Cookies Gelato Online"}]},{"@type":"WebSite","@id":"https:\/\/gooddealersmeds.com\/da\/#website","url":"https:\/\/gooddealersmeds.com\/da\/","name":"Good Dealers Meds","description":"All our best","publisher":{"@id":"https:\/\/gooddealersmeds.com\/da\/#organization"},"potentialAction":[{"@type":"SearchAction","target":{"@type":"EntryPoint","urlTemplate":"https:\/\/gooddealersmeds.com\/da\/?s={search_term_string}"},"query-input":{"@type":"PropertyValueSpecification","valueRequired":true,"valueName":"search_term_string"}}],"inLanguage":"en-US"},{"@type":"Organization","@id":"https:\/\/gooddealersmeds.com\/da\/#organization","name":"Good Dealers Meds","url":"https:\/\/gooddealersmeds.com\/da\/","logo":{"@type":"ImageObject","inLanguage":"en-US","@id":"https:\/\/gooddealersmeds.com\/da\/#\/schema\/logo\/image\/","url":"https:\/\/gooddealersmeds.com\/da\/wp-content\/uploads\/sites\/2\/2022\/03\/gooddealersmeds__logo__20220317T222800Z.00.png","contentUrl":"https:\/\/gooddealersmeds.com\/da\/wp-content\/uploads\/sites\/2\/2022\/03\/gooddealersmeds__logo__20220317T222800Z.00.png","width":500,"height":325,"caption":"Good Dealers Meds"},"image":{"@id":"https:\/\/gooddealersmeds.com\/da\/#\/schema\/logo\/image\/"}}]}},"_links":{"self":[{"href":"https:\/\/gooddealersmeds.com\/da\/wp-json\/wp\/v2\/product\/1869","targetHints":{"allow":["GET"]}}],"collection":[{"href":"https:\/\/gooddealersmeds.com\/da\/wp-json\/wp\/v2\/product"}],"about":[{"href":"https:\/\/gooddealersmeds.com\/da\/wp-json\/wp\/v2\/types\/product"}],"replies":[{"embeddable":true,"href":"https:\/\/gooddealersmeds.com\/da\/wp-json\/wp\/v2\/comments?post=1869"}],"wp:featuredmedia":[{"embeddable":true,"href":"https:\/\/gooddealersmeds.com\/da\/wp-json\/wp\/v2\/media\/1870"}],"wp:attachment":[{"href":"https:\/\/gooddealersmeds.com\/da\/wp-json\/wp\/v2\/media?parent=1869"}],"wp:term":[{"taxonomy":"product_brand","embeddable":true,"href":"https:\/\/gooddealersmeds.com\/da\/wp-json\/wp\/v2\/product_brand?post=1869"},{"taxonomy":"product_cat","embeddable":true,"href":"https:\/\/gooddealersmeds.com\/da\/wp-json\/wp\/v2\/product_cat?post=1869"},{"taxonomy":"product_tag","embeddable":true,"href":"https:\/\/gooddealersmeds.com\/da\/wp-json\/wp\/v2\/product_tag?post=1869"}],"curies":[{"name":"wp","href":"https:\/\/api.w.org\/{rel}","templated":true}]}}