{"id":1867,"date":"2022-06-29T23:56:03","date_gmt":"2022-06-29T23:56:03","guid":{"rendered":"https:\/\/gooddealersmeds.com\/da\/?post_type=product&#038;p=1867"},"modified":"2023-01-17T19:09:41","modified_gmt":"2023-01-17T19:09:41","slug":"amnesi-dis","status":"publish","type":"product","link":"https:\/\/gooddealersmeds.com\/da\/product\/amnesi-dis\/","title":{"rendered":"K\u00f8b Amnesia Haze online"},"content":{"rendered":"<h2>Amnesia Haze Til salg Online Top kvalitet<\/h2>\n<p>&nbsp;<\/p>\n<p><a href=\"https:\/\/gooddealersmeds.com\/da\/ product\/amnesia-haze\/\">Amnesia Haze Online<\/a> er den bedste kvalitet og mest effektive cannabis-stammer, du kan finde. Det er en Sativa-dominerende stamme med en fugtig aroma og smag. High er meget st\u00e6rk og vil vare i omkring 2 timer. Den har et Sativa\/Indica-forhold p\u00e5 60\/40 med et THC-indhold p\u00e5 16 % og et CBD-indhold p\u00e5 1 %. K\u00f8b Amnesia Haze online<\/p>\n<p>Amnesia Haze er en potent Indica-stamme med fuld krop, der vokser i en busket, t\u00e6t form . Knopperne er d\u00e6kket af gr\u00f8nne pistiller og orange h\u00e5r. Knopperne har en st\u00e6rk skunky aroma med antydninger af s\u00f8de frugter. Planten er mellemstor, med lange, m\u00f8rkegr\u00f8nne blade. Blomsterne har lilla pistiller og orange h\u00e5r.<\/p>\n<p>Amnesia Haze er en bl\u00f8d high med effekter, der varer op til to timer. Den er ideel til at slappe af, l\u00e6se eller se film.<\/p>\n<p>H\u00f8jten kommer langsomt og bygges op over tid, efterh\u00e5nden som dens THC-indhold stiger gennem oplevelsen. De cerebrale virkninger omfatter st\u00e6rk eufori, der kan ledsages af svimmelhed, afslapning og reducerede angstniveauer. Kropsp\u00e5virkninger omfatter f\u00f8lelsesl\u00f8shed i ekstremiteter, mundt\u00f8rhed og kraftig synsneds\u00e6ttelse, hvilket kan resultere i d\u00e5rlig k\u00f8resikkerhed, mens du bruger dette produkt.<\/p>\n<p><strong>\u00a0<\/strong><\/p>\n<p><strong>Hvorfor k\u00f8be Amnesia Haze Online <\/strong><\/p>\n<p><strong>\u00a0<\/strong><\/p>\n<p>N\u00e5r du skal k\u00f8be cannabis, er der mange grunde til, hvorfor du b\u00f8r k\u00f8be amnesi Haze online .<\/p>\n<p>For det f\u00f8rste vil du kunne f\u00e5 adgang til forskellige stammer, mens de stadig er p\u00e5 lager.<\/p>\n<p>For det andet kan du spare tid, fordi der ikke er nogen venteperioder eller gr\u00e6nser, n\u00e5r det kommer til k\u00f8b af produkter online.<\/p>\n<p>For det tredje, hvis du \u00f8nsker at k\u00f8be noget ekstra tilbeh\u00f8r s\u00e5som bongs eller vaporizers, s\u00e5 er dette en anden fordel s\u00e5vel som til sidst, for mange mennesker, der ikke bor t\u00e6t nok p\u00e5 dengang, er dette heller ikke s\u00e5 stort et problem, fordi<\/p>\n<p><strong>\u00a0<\/strong><\/p>\n<p><strong>Det bedste sted at k\u00f8be Amnesia Haze Online<\/strong><\/p>\n<p>Har du nogensinde spekuleret p\u00e5, hvad der er det bedste sted at k\u00f8be Amnesia Haze Online? Du er ikke alene. Du kan bestille Amnesia Haze online fra Good Dealers Meds til de bedste priser. Bare afgiv din ordre hos os, l\u00e6n dig tilbage og slap af. Du f\u00e5r din ordre leveret inden for den lovede tidsramme.<\/p>\n","protected":false},"excerpt":{"rendered":"<p>Efter at haze-genetikken kom til Holland og adskillige hybrider blev fremstillet, ville en amerikansk udstationeret senere kombinere en af \u200b\u200bdisse hybrider med en han afledt af old school haze-fr\u00f8, der skabte Amnesia Haze.<\/p>\n","protected":false},"featured_media":1868,"comment_status":"open","ping_status":"closed","template":"","meta":{"inline_featured_image":false},"product_brand":[],"product_cat":[348],"product_tag":[349,351,355,368,361,365,367,362,364,366,363,359,357,358,356,354,352,353,350,360],"class_list":{"0":"post-1867","1":"product","2":"type-product","3":"status-publish","4":"has-post-thumbnail","6":"product_cat-marihuana","7":"product_tag-bedste-ukrudtslager-til-kb","8":"product_tag-can-you-buy-weed","9":"product_tag-how-to-buy-weed","10":"product_tag-hvor-kan-kbes-ukrudt-nr-mig","11":"product_tag-hvor-kan-kbes-ukrudt","12":"product_tag-hvor-kan-kbes-ukrudt-i-slovakiet","13":"product_tag-hvor-kan-kbes-ukrudt-i-dk","14":"product_tag-hvor-kan-kbes-ukrudt-i-strig","15":"product_tag-hvor-kan-kbes-ukrudt-i-polen","16":"product_tag-hvor-kan-kbes-ukrudt-i-schweitz","17":"product_tag-hvor-kan-kbes-ukrudt-i-tyskland","18":"product_tag-hvordan-man-kber-ukrudt-online","19":"product_tag-hvordan-man-kber-ukrudt-i-slovakiet","20":"product_tag-hvordan-man-kber-ukrudt-i-slovenien","21":"product_tag-hvordan-man-kber-ukrudt-i-tyskland","22":"product_tag-kan-du-kbe-ukrudt-online","23":"product_tag-kan-du-kbe-ukrudt-i-strig","24":"product_tag-kan-du-kbe-ukrudt-i-schweitz","25":"product_tag-kb-ukrudt-spiselige-online","26":"product_tag-ukrudtslagre-til-kb","28":"first","29":"instock","30":"shipping-taxable","31":"purchasable","32":"product-type-simple"},"yoast_head":"<!-- This site is optimized with the Yoast SEO Premium plugin v20.6 (Yoast SEO v27.5) - https:\/\/yoast.com\/product\/yoast-seo-premium-wordpress\/ -->\n<title>K\u00f8b Amnesia Haze Online - Cannabisfr\u00f8 | Good Dealers Meds<\/title>\n<meta name=\"description\" content=\"K\u00f8b Amnesia Haze online stamme hos gode forhandlere og f\u00e5 de bedste priser. Det bedste af schweizisk hamp under \u00e9t tag. K\u00f8b online nu!\" \/>\n<meta name=\"robots\" content=\"index, follow, max-snippet:-1, max-image-preview:large, max-video-preview:-1\" \/>\n<link rel=\"canonical\" href=\"https:\/\/gooddealersmeds.com\/da\/product\/amnesi-dis\/\" \/>\n<meta property=\"og:locale\" content=\"en_US\" \/>\n<meta property=\"og:type\" content=\"article\" \/>\n<meta property=\"og:title\" content=\"K\u00f8b Amnesia Haze online\" \/>\n<meta property=\"og:description\" content=\"K\u00f8b Amnesia Haze online stamme hos gode forhandlere og f\u00e5 de bedste priser. Det bedste af schweizisk hamp under \u00e9t tag. K\u00f8b online nu!\" \/>\n<meta property=\"og:url\" content=\"https:\/\/gooddealersmeds.com\/da\/product\/amnesi-dis\/\" \/>\n<meta property=\"og:site_name\" content=\"Good Dealers Meds\" \/>\n<meta property=\"article:modified_time\" content=\"2023-01-17T19:09:41+00:00\" \/>\n<meta property=\"og:image\" content=\"https:\/\/gooddealersmeds.com\/da\/wp-content\/uploads\/sites\/2\/2022\/06\/AMNESIA-HAZE.jpg\" \/>\n\t<meta property=\"og:image:width\" content=\"600\" \/>\n\t<meta property=\"og:image:height\" content=\"600\" \/>\n\t<meta property=\"og:image:type\" content=\"image\/jpeg\" \/>\n<meta name=\"twitter:card\" content=\"summary_large_image\" \/>\n<meta name=\"twitter:label1\" content=\"Est. reading time\" \/>\n\t<meta name=\"twitter:data1\" content=\"2 minutes\" \/>\n<script type=\"application\/ld+json\" class=\"yoast-schema-graph\">{\"@context\":\"https:\\\/\\\/schema.org\",\"@graph\":[{\"@type\":\"WebPage\",\"@id\":\"https:\\\/\\\/gooddealersmeds.com\\\/da\\\/product\\\/amnesi-dis\\\/\",\"url\":\"https:\\\/\\\/gooddealersmeds.com\\\/da\\\/product\\\/amnesi-dis\\\/\",\"name\":\"K\u00f8b Amnesia Haze Online - Cannabisfr\u00f8 | Good Dealers Meds\",\"isPartOf\":{\"@id\":\"https:\\\/\\\/gooddealersmeds.com\\\/da\\\/#website\"},\"primaryImageOfPage\":{\"@id\":\"https:\\\/\\\/gooddealersmeds.com\\\/da\\\/product\\\/amnesi-dis\\\/#primaryimage\"},\"image\":{\"@id\":\"https:\\\/\\\/gooddealersmeds.com\\\/da\\\/product\\\/amnesi-dis\\\/#primaryimage\"},\"thumbnailUrl\":\"https:\\\/\\\/gooddealersmeds.com\\\/da\\\/wp-content\\\/uploads\\\/sites\\\/2\\\/2022\\\/06\\\/AMNESIA-HAZE.jpg\",\"datePublished\":\"2022-06-29T23:56:03+00:00\",\"dateModified\":\"2023-01-17T19:09:41+00:00\",\"description\":\"K\u00f8b Amnesia Haze online stamme hos gode forhandlere og f\u00e5 de bedste priser. Det bedste af schweizisk hamp under \u00e9t tag. K\u00f8b online nu!\",\"breadcrumb\":{\"@id\":\"https:\\\/\\\/gooddealersmeds.com\\\/da\\\/product\\\/amnesi-dis\\\/#breadcrumb\"},\"inLanguage\":\"en-US\",\"potentialAction\":[{\"@type\":\"ReadAction\",\"target\":[\"https:\\\/\\\/gooddealersmeds.com\\\/da\\\/product\\\/amnesi-dis\\\/\"]}]},{\"@type\":\"ImageObject\",\"inLanguage\":\"en-US\",\"@id\":\"https:\\\/\\\/gooddealersmeds.com\\\/da\\\/product\\\/amnesi-dis\\\/#primaryimage\",\"url\":\"https:\\\/\\\/gooddealersmeds.com\\\/da\\\/wp-content\\\/uploads\\\/sites\\\/2\\\/2022\\\/06\\\/AMNESIA-HAZE.jpg\",\"contentUrl\":\"https:\\\/\\\/gooddealersmeds.com\\\/da\\\/wp-content\\\/uploads\\\/sites\\\/2\\\/2022\\\/06\\\/AMNESIA-HAZE.jpg\",\"width\":600,\"height\":600,\"caption\":\"Buy Amnesia Haze\"},{\"@type\":\"BreadcrumbList\",\"@id\":\"https:\\\/\\\/gooddealersmeds.com\\\/da\\\/product\\\/amnesi-dis\\\/#breadcrumb\",\"itemListElement\":[{\"@type\":\"ListItem\",\"position\":1,\"name\":\"Home\",\"item\":\"https:\\\/\\\/gooddealersmeds.com\\\/da\\\/\"},{\"@type\":\"ListItem\",\"position\":2,\"name\":\"Produkter\",\"item\":\"https:\\\/\\\/gooddealersmeds.com\\\/da\\\/produkter\\\/\"},{\"@type\":\"ListItem\",\"position\":3,\"name\":\"K\u00f8b Amnesia Haze online\"}]},{\"@type\":\"WebSite\",\"@id\":\"https:\\\/\\\/gooddealersmeds.com\\\/da\\\/#website\",\"url\":\"https:\\\/\\\/gooddealersmeds.com\\\/da\\\/\",\"name\":\"Good Dealers Meds\",\"description\":\"All our best\",\"publisher\":{\"@id\":\"https:\\\/\\\/gooddealersmeds.com\\\/da\\\/#organization\"},\"potentialAction\":[{\"@type\":\"SearchAction\",\"target\":{\"@type\":\"EntryPoint\",\"urlTemplate\":\"https:\\\/\\\/gooddealersmeds.com\\\/da\\\/?s={search_term_string}\"},\"query-input\":{\"@type\":\"PropertyValueSpecification\",\"valueRequired\":true,\"valueName\":\"search_term_string\"}}],\"inLanguage\":\"en-US\"},{\"@type\":\"Organization\",\"@id\":\"https:\\\/\\\/gooddealersmeds.com\\\/da\\\/#organization\",\"name\":\"Good Dealers Meds\",\"url\":\"https:\\\/\\\/gooddealersmeds.com\\\/da\\\/\",\"logo\":{\"@type\":\"ImageObject\",\"inLanguage\":\"en-US\",\"@id\":\"https:\\\/\\\/gooddealersmeds.com\\\/da\\\/#\\\/schema\\\/logo\\\/image\\\/\",\"url\":\"https:\\\/\\\/gooddealersmeds.com\\\/da\\\/wp-content\\\/uploads\\\/sites\\\/2\\\/2022\\\/03\\\/gooddealersmeds__logo__20220317T222800Z.00.png\",\"contentUrl\":\"https:\\\/\\\/gooddealersmeds.com\\\/da\\\/wp-content\\\/uploads\\\/sites\\\/2\\\/2022\\\/03\\\/gooddealersmeds__logo__20220317T222800Z.00.png\",\"width\":500,\"height\":325,\"caption\":\"Good Dealers Meds\"},\"image\":{\"@id\":\"https:\\\/\\\/gooddealersmeds.com\\\/da\\\/#\\\/schema\\\/logo\\\/image\\\/\"}}]}<\/script>\n<!-- \/ Yoast SEO Premium plugin. -->","yoast_head_json":{"title":"K\u00f8b Amnesia Haze Online - Cannabisfr\u00f8 | Good Dealers Meds","description":"K\u00f8b Amnesia Haze online stamme hos gode forhandlere og f\u00e5 de bedste priser. Det bedste af schweizisk hamp under \u00e9t tag. K\u00f8b online nu!","robots":{"index":"index","follow":"follow","max-snippet":"max-snippet:-1","max-image-preview":"max-image-preview:large","max-video-preview":"max-video-preview:-1"},"canonical":"https:\/\/gooddealersmeds.com\/da\/product\/amnesi-dis\/","og_locale":"en_US","og_type":"article","og_title":"K\u00f8b Amnesia Haze online","og_description":"K\u00f8b Amnesia Haze online stamme hos gode forhandlere og f\u00e5 de bedste priser. Det bedste af schweizisk hamp under \u00e9t tag. K\u00f8b online nu!","og_url":"https:\/\/gooddealersmeds.com\/da\/product\/amnesi-dis\/","og_site_name":"Good Dealers Meds","article_modified_time":"2023-01-17T19:09:41+00:00","og_image":[{"width":600,"height":600,"url":"https:\/\/gooddealersmeds.com\/da\/wp-content\/uploads\/sites\/2\/2022\/06\/AMNESIA-HAZE.jpg","type":"image\/jpeg"}],"twitter_card":"summary_large_image","twitter_misc":{"Est. reading time":"2 minutes"},"schema":{"@context":"https:\/\/schema.org","@graph":[{"@type":"WebPage","@id":"https:\/\/gooddealersmeds.com\/da\/product\/amnesi-dis\/","url":"https:\/\/gooddealersmeds.com\/da\/product\/amnesi-dis\/","name":"K\u00f8b Amnesia Haze Online - Cannabisfr\u00f8 | Good Dealers Meds","isPartOf":{"@id":"https:\/\/gooddealersmeds.com\/da\/#website"},"primaryImageOfPage":{"@id":"https:\/\/gooddealersmeds.com\/da\/product\/amnesi-dis\/#primaryimage"},"image":{"@id":"https:\/\/gooddealersmeds.com\/da\/product\/amnesi-dis\/#primaryimage"},"thumbnailUrl":"https:\/\/gooddealersmeds.com\/da\/wp-content\/uploads\/sites\/2\/2022\/06\/AMNESIA-HAZE.jpg","datePublished":"2022-06-29T23:56:03+00:00","dateModified":"2023-01-17T19:09:41+00:00","description":"K\u00f8b Amnesia Haze online stamme hos gode forhandlere og f\u00e5 de bedste priser. Det bedste af schweizisk hamp under \u00e9t tag. K\u00f8b online nu!","breadcrumb":{"@id":"https:\/\/gooddealersmeds.com\/da\/product\/amnesi-dis\/#breadcrumb"},"inLanguage":"en-US","potentialAction":[{"@type":"ReadAction","target":["https:\/\/gooddealersmeds.com\/da\/product\/amnesi-dis\/"]}]},{"@type":"ImageObject","inLanguage":"en-US","@id":"https:\/\/gooddealersmeds.com\/da\/product\/amnesi-dis\/#primaryimage","url":"https:\/\/gooddealersmeds.com\/da\/wp-content\/uploads\/sites\/2\/2022\/06\/AMNESIA-HAZE.jpg","contentUrl":"https:\/\/gooddealersmeds.com\/da\/wp-content\/uploads\/sites\/2\/2022\/06\/AMNESIA-HAZE.jpg","width":600,"height":600,"caption":"Buy Amnesia Haze"},{"@type":"BreadcrumbList","@id":"https:\/\/gooddealersmeds.com\/da\/product\/amnesi-dis\/#breadcrumb","itemListElement":[{"@type":"ListItem","position":1,"name":"Home","item":"https:\/\/gooddealersmeds.com\/da\/"},{"@type":"ListItem","position":2,"name":"Produkter","item":"https:\/\/gooddealersmeds.com\/da\/produkter\/"},{"@type":"ListItem","position":3,"name":"K\u00f8b Amnesia Haze online"}]},{"@type":"WebSite","@id":"https:\/\/gooddealersmeds.com\/da\/#website","url":"https:\/\/gooddealersmeds.com\/da\/","name":"Good Dealers Meds","description":"All our best","publisher":{"@id":"https:\/\/gooddealersmeds.com\/da\/#organization"},"potentialAction":[{"@type":"SearchAction","target":{"@type":"EntryPoint","urlTemplate":"https:\/\/gooddealersmeds.com\/da\/?s={search_term_string}"},"query-input":{"@type":"PropertyValueSpecification","valueRequired":true,"valueName":"search_term_string"}}],"inLanguage":"en-US"},{"@type":"Organization","@id":"https:\/\/gooddealersmeds.com\/da\/#organization","name":"Good Dealers Meds","url":"https:\/\/gooddealersmeds.com\/da\/","logo":{"@type":"ImageObject","inLanguage":"en-US","@id":"https:\/\/gooddealersmeds.com\/da\/#\/schema\/logo\/image\/","url":"https:\/\/gooddealersmeds.com\/da\/wp-content\/uploads\/sites\/2\/2022\/03\/gooddealersmeds__logo__20220317T222800Z.00.png","contentUrl":"https:\/\/gooddealersmeds.com\/da\/wp-content\/uploads\/sites\/2\/2022\/03\/gooddealersmeds__logo__20220317T222800Z.00.png","width":500,"height":325,"caption":"Good Dealers Meds"},"image":{"@id":"https:\/\/gooddealersmeds.com\/da\/#\/schema\/logo\/image\/"}}]}},"_links":{"self":[{"href":"https:\/\/gooddealersmeds.com\/da\/wp-json\/wp\/v2\/product\/1867","targetHints":{"allow":["GET"]}}],"collection":[{"href":"https:\/\/gooddealersmeds.com\/da\/wp-json\/wp\/v2\/product"}],"about":[{"href":"https:\/\/gooddealersmeds.com\/da\/wp-json\/wp\/v2\/types\/product"}],"replies":[{"embeddable":true,"href":"https:\/\/gooddealersmeds.com\/da\/wp-json\/wp\/v2\/comments?post=1867"}],"wp:featuredmedia":[{"embeddable":true,"href":"https:\/\/gooddealersmeds.com\/da\/wp-json\/wp\/v2\/media\/1868"}],"wp:attachment":[{"href":"https:\/\/gooddealersmeds.com\/da\/wp-json\/wp\/v2\/media?parent=1867"}],"wp:term":[{"taxonomy":"product_brand","embeddable":true,"href":"https:\/\/gooddealersmeds.com\/da\/wp-json\/wp\/v2\/product_brand?post=1867"},{"taxonomy":"product_cat","embeddable":true,"href":"https:\/\/gooddealersmeds.com\/da\/wp-json\/wp\/v2\/product_cat?post=1867"},{"taxonomy":"product_tag","embeddable":true,"href":"https:\/\/gooddealersmeds.com\/da\/wp-json\/wp\/v2\/product_tag?post=1867"}],"curies":[{"name":"wp","href":"https:\/\/api.w.org\/{rel}","templated":true}]}}