{"id":1833,"date":"2022-06-22T20:57:16","date_gmt":"2022-06-22T20:57:16","guid":{"rendered":"https:\/\/gooddealersmeds.com\/da\/?post_type=product&#038;p=1833"},"modified":"2023-01-18T04:03:06","modified_gmt":"2023-01-18T04:03:06","slug":"rivotril","status":"publish","type":"product","link":"https:\/\/gooddealersmeds.com\/da\/product\/rivotril\/","title":{"rendered":"K\u00f8b Rivotril online"},"content":{"rendered":"<h2>K\u00f8b Rivotril online fra topklasse<\/h2>\n<p><a href=\"https:\/\/gooddealersmeds.com\/da\/product\/rivotril\/\">Rivotril<\/a> er en medicin, der bruges i behandlingen af \u200b\u200bforh\u00f8jet blodtryk. Den f\u00e5s som en tablet, en kapsel og en tablet med forl\u00e6nget frigivelse. Medicinen tilh\u00f8rer gruppen af \u200b\u200bcalciumkanalblokkere. I mods\u00e6tning til anden medicin mod forh\u00f8jet blodtryk, som afslapper arterierne og reducerer hjertefrekvensen, blokerer dette l\u00e6gemiddel calciumkanaler i hjertet, hvilket f\u00f8rer til en stigning i hjertefrekvens og blodtryk. K\u00f8b Rivotril online<\/p>\n<p>&nbsp;<\/p>\n<p>Rivotril er en medicin, der kan bruges til at behandle depression, angst og panikanfald. Det virker ved at blokere visse kemikalier i hjernen, der kan for\u00e5rsage symptomerne. Det er tilg\u00e6ngeligt som en online apotek.<\/p>\n<p>Medikamentet blev godkendt af U.S. Food and Drug Administration i 1987 og blev tilg\u00e6ngeligt p\u00e5 recept til behandling af depression og <a href=\"https:\/\/www.apotheken -umschau.de\/medikamente\/beipackzettel\/rivotril-2-mg-tabletten-1874385.html\">angstlidelser<\/a>. Siden da er det ogs\u00e5 blevet ordineret til andre tilstande s\u00e5som bipolar lidelse og panikanfald.<\/p>\n<p><strong>\u00a0<\/strong><\/p>\n<p><strong>Hvorfor k\u00f8be Rivotril online?<\/strong><\/p>\n<p><strong>\u00a0<\/strong><\/p>\n<p>Fordelene ved at bruge dette l\u00e6gemiddel omfatter:<\/p>\n<p>1)\u00a0 Det er effektivt til at kontrollere blodtrykket og reducere risikoen for slagtilf\u00e6lde<\/p>\n<p>2)\u00a0 Det hj\u00e6lper med at forebygge nyresten ved at regulere vandladningen<\/p>\n<p>3)\u00a0 Med sine langvarige virkninger kan det hj\u00e6lpe dig med at nyde bedre s\u00f8vn og reducere tr\u00e6thed efter arbejde timer<\/p>\n<p>4)\u00a0 Det hj\u00e6lper med at forhindre nyreskade p\u00e5 grund af overskydende v\u00e6skeophobning for\u00e5rsaget af forh\u00f8jet blodtryk<\/p>\n<p><strong>\u00a0<\/strong><\/p>\n<p><strong> Det bedste sted at k\u00f8be Rivotril Online<\/strong><\/p>\n<p>Mange apoteker giver Rivotril p\u00e5 nettet, men Great Dealers Meds er det bedste sted at spore denne medicin. Vi tilbyder seri\u00f8se omkostninger og et stort antal medicin, herunder Rivotril. Du kan ogs\u00e5 booke Rivotril online gennem Great Dealers Meds ved at bes\u00f8ge vores butiksside online.<\/p>\n","protected":false},"excerpt":{"rendered":"<p>K\u00f8b Rivotril 2mg online, Det er et benzodiazepin, hvilket betyder, at det har en beroligende effekt p\u00e5 hjernen. Det reducerer anfald, angst og bruges til at behandle anfaldslidelser. Rivotril s\u00e6nker aktiviteten af \u200b\u200bnerver i hjernen, afsp\u00e6nder sp\u00e6ndte muskler og kan hj\u00e6lpe med s\u00f8vnbesv\u00e6r (s\u00f8vnl\u00f8shed). Rivotril 2mg er normalt ordineret i en kort periode, hvis det bruges til at behandle s\u00f8vnproblemer. Hvis du har taget Clonazepam i l\u00e6ngere tid eller i h\u00f8je doser, skal du kontakte din l\u00e6ge, f\u00f8r du stopper.<\/p>\n","protected":false},"featured_media":1840,"comment_status":"open","ping_status":"closed","template":"","meta":{"inline_featured_image":false},"product_brand":[],"product_cat":[347],"product_tag":[338,340,339,341],"class_list":{"0":"post-1833","1":"product","2":"type-product","3":"status-publish","4":"has-post-thumbnail","6":"product_cat-opioid-smertestillende-middel","7":"product_tag-barbiturates","8":"product_tag-forsknings-kemikalier","9":"product_tag-nembutal","10":"product_tag-selvmordsst","12":"first","13":"instock","14":"shipping-taxable","15":"purchasable","16":"product-type-variable","17":"has-default-attributes"},"yoast_head":"<!-- This site is optimized with the Yoast SEO Premium plugin v20.6 (Yoast SEO v27.5) - https:\/\/yoast.com\/product\/yoast-seo-premium-wordpress\/ -->\n<title>K\u00f8b Rivotril Online ( Clonazepam ) | Rivotril til salg | Good Dealers Meds<\/title>\n<meta name=\"description\" content=\"K\u00f8b Rivotril online 2mg fra Good Dealers Meds. Det bruges til behandling af anfald, angst og bruges til at behandle anfaldsforstyrrelser.\" \/>\n<meta name=\"robots\" content=\"index, follow, max-snippet:-1, max-image-preview:large, max-video-preview:-1\" \/>\n<link rel=\"canonical\" href=\"https:\/\/gooddealersmeds.com\/da\/product\/rivotril\/\" \/>\n<meta property=\"og:locale\" content=\"en_US\" \/>\n<meta property=\"og:type\" content=\"article\" \/>\n<meta property=\"og:title\" content=\"K\u00f8b Rivotril online\" \/>\n<meta property=\"og:description\" content=\"K\u00f8b Rivotril online 2mg fra Good Dealers Meds. Det bruges til behandling af anfald, angst og bruges til at behandle anfaldsforstyrrelser.\" \/>\n<meta property=\"og:url\" content=\"https:\/\/gooddealersmeds.com\/da\/product\/rivotril\/\" \/>\n<meta property=\"og:site_name\" content=\"Good Dealers Meds\" \/>\n<meta property=\"article:modified_time\" content=\"2023-01-18T04:03:06+00:00\" \/>\n<meta property=\"og:image\" content=\"https:\/\/gooddealersmeds.com\/da\/wp-content\/uploads\/sites\/2\/2022\/06\/Rivotril-2mg.webp\" \/>\n\t<meta property=\"og:image:width\" content=\"600\" \/>\n\t<meta property=\"og:image:height\" content=\"600\" \/>\n\t<meta property=\"og:image:type\" content=\"image\/webp\" \/>\n<meta name=\"twitter:card\" content=\"summary_large_image\" \/>\n<meta name=\"twitter:label1\" content=\"Est. reading time\" \/>\n\t<meta name=\"twitter:data1\" content=\"1 minute\" \/>\n<script type=\"application\/ld+json\" class=\"yoast-schema-graph\">{\"@context\":\"https:\\\/\\\/schema.org\",\"@graph\":[{\"@type\":\"WebPage\",\"@id\":\"https:\\\/\\\/gooddealersmeds.com\\\/da\\\/product\\\/rivotril\\\/\",\"url\":\"https:\\\/\\\/gooddealersmeds.com\\\/da\\\/product\\\/rivotril\\\/\",\"name\":\"K\u00f8b Rivotril Online ( Clonazepam ) | Rivotril til salg | Good Dealers Meds\",\"isPartOf\":{\"@id\":\"https:\\\/\\\/gooddealersmeds.com\\\/da\\\/#website\"},\"primaryImageOfPage\":{\"@id\":\"https:\\\/\\\/gooddealersmeds.com\\\/da\\\/product\\\/rivotril\\\/#primaryimage\"},\"image\":{\"@id\":\"https:\\\/\\\/gooddealersmeds.com\\\/da\\\/product\\\/rivotril\\\/#primaryimage\"},\"thumbnailUrl\":\"https:\\\/\\\/gooddealersmeds.com\\\/da\\\/wp-content\\\/uploads\\\/sites\\\/2\\\/2022\\\/06\\\/Rivotril-2mg.webp\",\"datePublished\":\"2022-06-22T20:57:16+00:00\",\"dateModified\":\"2023-01-18T04:03:06+00:00\",\"description\":\"K\u00f8b Rivotril online 2mg fra Good Dealers Meds. Det bruges til behandling af anfald, angst og bruges til at behandle anfaldsforstyrrelser.\",\"breadcrumb\":{\"@id\":\"https:\\\/\\\/gooddealersmeds.com\\\/da\\\/product\\\/rivotril\\\/#breadcrumb\"},\"inLanguage\":\"en-US\",\"potentialAction\":[{\"@type\":\"ReadAction\",\"target\":[\"https:\\\/\\\/gooddealersmeds.com\\\/da\\\/product\\\/rivotril\\\/\"]}]},{\"@type\":\"ImageObject\",\"inLanguage\":\"en-US\",\"@id\":\"https:\\\/\\\/gooddealersmeds.com\\\/da\\\/product\\\/rivotril\\\/#primaryimage\",\"url\":\"https:\\\/\\\/gooddealersmeds.com\\\/da\\\/wp-content\\\/uploads\\\/sites\\\/2\\\/2022\\\/06\\\/Rivotril-2mg.webp\",\"contentUrl\":\"https:\\\/\\\/gooddealersmeds.com\\\/da\\\/wp-content\\\/uploads\\\/sites\\\/2\\\/2022\\\/06\\\/Rivotril-2mg.webp\",\"width\":600,\"height\":600,\"caption\":\"Buy Rivotril Online\"},{\"@type\":\"BreadcrumbList\",\"@id\":\"https:\\\/\\\/gooddealersmeds.com\\\/da\\\/product\\\/rivotril\\\/#breadcrumb\",\"itemListElement\":[{\"@type\":\"ListItem\",\"position\":1,\"name\":\"Home\",\"item\":\"https:\\\/\\\/gooddealersmeds.com\\\/da\\\/\"},{\"@type\":\"ListItem\",\"position\":2,\"name\":\"Produkter\",\"item\":\"https:\\\/\\\/gooddealersmeds.com\\\/da\\\/produkter\\\/\"},{\"@type\":\"ListItem\",\"position\":3,\"name\":\"K\u00f8b Rivotril online\"}]},{\"@type\":\"WebSite\",\"@id\":\"https:\\\/\\\/gooddealersmeds.com\\\/da\\\/#website\",\"url\":\"https:\\\/\\\/gooddealersmeds.com\\\/da\\\/\",\"name\":\"Good Dealers Meds\",\"description\":\"All our best\",\"publisher\":{\"@id\":\"https:\\\/\\\/gooddealersmeds.com\\\/da\\\/#organization\"},\"potentialAction\":[{\"@type\":\"SearchAction\",\"target\":{\"@type\":\"EntryPoint\",\"urlTemplate\":\"https:\\\/\\\/gooddealersmeds.com\\\/da\\\/?s={search_term_string}\"},\"query-input\":{\"@type\":\"PropertyValueSpecification\",\"valueRequired\":true,\"valueName\":\"search_term_string\"}}],\"inLanguage\":\"en-US\"},{\"@type\":\"Organization\",\"@id\":\"https:\\\/\\\/gooddealersmeds.com\\\/da\\\/#organization\",\"name\":\"Good Dealers Meds\",\"url\":\"https:\\\/\\\/gooddealersmeds.com\\\/da\\\/\",\"logo\":{\"@type\":\"ImageObject\",\"inLanguage\":\"en-US\",\"@id\":\"https:\\\/\\\/gooddealersmeds.com\\\/da\\\/#\\\/schema\\\/logo\\\/image\\\/\",\"url\":\"https:\\\/\\\/gooddealersmeds.com\\\/da\\\/wp-content\\\/uploads\\\/sites\\\/2\\\/2022\\\/03\\\/gooddealersmeds__logo__20220317T222800Z.00.png\",\"contentUrl\":\"https:\\\/\\\/gooddealersmeds.com\\\/da\\\/wp-content\\\/uploads\\\/sites\\\/2\\\/2022\\\/03\\\/gooddealersmeds__logo__20220317T222800Z.00.png\",\"width\":500,\"height\":325,\"caption\":\"Good Dealers Meds\"},\"image\":{\"@id\":\"https:\\\/\\\/gooddealersmeds.com\\\/da\\\/#\\\/schema\\\/logo\\\/image\\\/\"}}]}<\/script>\n<!-- \/ Yoast SEO Premium plugin. -->","yoast_head_json":{"title":"K\u00f8b Rivotril Online ( Clonazepam ) | Rivotril til salg | Good Dealers Meds","description":"K\u00f8b Rivotril online 2mg fra Good Dealers Meds. Det bruges til behandling af anfald, angst og bruges til at behandle anfaldsforstyrrelser.","robots":{"index":"index","follow":"follow","max-snippet":"max-snippet:-1","max-image-preview":"max-image-preview:large","max-video-preview":"max-video-preview:-1"},"canonical":"https:\/\/gooddealersmeds.com\/da\/product\/rivotril\/","og_locale":"en_US","og_type":"article","og_title":"K\u00f8b Rivotril online","og_description":"K\u00f8b Rivotril online 2mg fra Good Dealers Meds. Det bruges til behandling af anfald, angst og bruges til at behandle anfaldsforstyrrelser.","og_url":"https:\/\/gooddealersmeds.com\/da\/product\/rivotril\/","og_site_name":"Good Dealers Meds","article_modified_time":"2023-01-18T04:03:06+00:00","og_image":[{"width":600,"height":600,"url":"https:\/\/gooddealersmeds.com\/da\/wp-content\/uploads\/sites\/2\/2022\/06\/Rivotril-2mg.webp","type":"image\/webp"}],"twitter_card":"summary_large_image","twitter_misc":{"Est. reading time":"1 minute"},"schema":{"@context":"https:\/\/schema.org","@graph":[{"@type":"WebPage","@id":"https:\/\/gooddealersmeds.com\/da\/product\/rivotril\/","url":"https:\/\/gooddealersmeds.com\/da\/product\/rivotril\/","name":"K\u00f8b Rivotril Online ( Clonazepam ) | Rivotril til salg | Good Dealers Meds","isPartOf":{"@id":"https:\/\/gooddealersmeds.com\/da\/#website"},"primaryImageOfPage":{"@id":"https:\/\/gooddealersmeds.com\/da\/product\/rivotril\/#primaryimage"},"image":{"@id":"https:\/\/gooddealersmeds.com\/da\/product\/rivotril\/#primaryimage"},"thumbnailUrl":"https:\/\/gooddealersmeds.com\/da\/wp-content\/uploads\/sites\/2\/2022\/06\/Rivotril-2mg.webp","datePublished":"2022-06-22T20:57:16+00:00","dateModified":"2023-01-18T04:03:06+00:00","description":"K\u00f8b Rivotril online 2mg fra Good Dealers Meds. Det bruges til behandling af anfald, angst og bruges til at behandle anfaldsforstyrrelser.","breadcrumb":{"@id":"https:\/\/gooddealersmeds.com\/da\/product\/rivotril\/#breadcrumb"},"inLanguage":"en-US","potentialAction":[{"@type":"ReadAction","target":["https:\/\/gooddealersmeds.com\/da\/product\/rivotril\/"]}]},{"@type":"ImageObject","inLanguage":"en-US","@id":"https:\/\/gooddealersmeds.com\/da\/product\/rivotril\/#primaryimage","url":"https:\/\/gooddealersmeds.com\/da\/wp-content\/uploads\/sites\/2\/2022\/06\/Rivotril-2mg.webp","contentUrl":"https:\/\/gooddealersmeds.com\/da\/wp-content\/uploads\/sites\/2\/2022\/06\/Rivotril-2mg.webp","width":600,"height":600,"caption":"Buy Rivotril Online"},{"@type":"BreadcrumbList","@id":"https:\/\/gooddealersmeds.com\/da\/product\/rivotril\/#breadcrumb","itemListElement":[{"@type":"ListItem","position":1,"name":"Home","item":"https:\/\/gooddealersmeds.com\/da\/"},{"@type":"ListItem","position":2,"name":"Produkter","item":"https:\/\/gooddealersmeds.com\/da\/produkter\/"},{"@type":"ListItem","position":3,"name":"K\u00f8b Rivotril online"}]},{"@type":"WebSite","@id":"https:\/\/gooddealersmeds.com\/da\/#website","url":"https:\/\/gooddealersmeds.com\/da\/","name":"Good Dealers Meds","description":"All our best","publisher":{"@id":"https:\/\/gooddealersmeds.com\/da\/#organization"},"potentialAction":[{"@type":"SearchAction","target":{"@type":"EntryPoint","urlTemplate":"https:\/\/gooddealersmeds.com\/da\/?s={search_term_string}"},"query-input":{"@type":"PropertyValueSpecification","valueRequired":true,"valueName":"search_term_string"}}],"inLanguage":"en-US"},{"@type":"Organization","@id":"https:\/\/gooddealersmeds.com\/da\/#organization","name":"Good Dealers Meds","url":"https:\/\/gooddealersmeds.com\/da\/","logo":{"@type":"ImageObject","inLanguage":"en-US","@id":"https:\/\/gooddealersmeds.com\/da\/#\/schema\/logo\/image\/","url":"https:\/\/gooddealersmeds.com\/da\/wp-content\/uploads\/sites\/2\/2022\/03\/gooddealersmeds__logo__20220317T222800Z.00.png","contentUrl":"https:\/\/gooddealersmeds.com\/da\/wp-content\/uploads\/sites\/2\/2022\/03\/gooddealersmeds__logo__20220317T222800Z.00.png","width":500,"height":325,"caption":"Good Dealers Meds"},"image":{"@id":"https:\/\/gooddealersmeds.com\/da\/#\/schema\/logo\/image\/"}}]}},"_links":{"self":[{"href":"https:\/\/gooddealersmeds.com\/da\/wp-json\/wp\/v2\/product\/1833","targetHints":{"allow":["GET"]}}],"collection":[{"href":"https:\/\/gooddealersmeds.com\/da\/wp-json\/wp\/v2\/product"}],"about":[{"href":"https:\/\/gooddealersmeds.com\/da\/wp-json\/wp\/v2\/types\/product"}],"replies":[{"embeddable":true,"href":"https:\/\/gooddealersmeds.com\/da\/wp-json\/wp\/v2\/comments?post=1833"}],"wp:featuredmedia":[{"embeddable":true,"href":"https:\/\/gooddealersmeds.com\/da\/wp-json\/wp\/v2\/media\/1840"}],"wp:attachment":[{"href":"https:\/\/gooddealersmeds.com\/da\/wp-json\/wp\/v2\/media?parent=1833"}],"wp:term":[{"taxonomy":"product_brand","embeddable":true,"href":"https:\/\/gooddealersmeds.com\/da\/wp-json\/wp\/v2\/product_brand?post=1833"},{"taxonomy":"product_cat","embeddable":true,"href":"https:\/\/gooddealersmeds.com\/da\/wp-json\/wp\/v2\/product_cat?post=1833"},{"taxonomy":"product_tag","embeddable":true,"href":"https:\/\/gooddealersmeds.com\/da\/wp-json\/wp\/v2\/product_tag?post=1833"}],"curies":[{"name":"wp","href":"https:\/\/api.w.org\/{rel}","templated":true}]}}