{"id":1823,"date":"2022-06-22T20:56:09","date_gmt":"2022-06-22T20:56:09","guid":{"rendered":"https:\/\/gooddealersmeds.com\/da\/?post_type=product&#038;p=1823"},"modified":"2023-01-18T04:32:51","modified_gmt":"2023-01-18T04:32:51","slug":"nembutal-piller","status":"publish","type":"product","link":"https:\/\/gooddealersmeds.com\/da\/product\/nembutal-piller\/","title":{"rendered":"K\u00f8b Nembutal piller online"},"content":{"rendered":"<h2>K\u00f8b Nembutal piller online sikkert og diskret<\/h2>\n<p>Nembutal-piller er en type barbiturat, der bruges til at behandle s\u00f8vnl\u00f8shed og angst . L\u00e6gemidlet kan ogs\u00e5 bruges til andre tilstande, som bestemmes af din l\u00e6ge, Bestil Nembutal piller online<\/p>\n<p>Nembutal-piller er tilg\u00e6ngelige i forskellige styrker (eller niveauer), afh\u00e6ngigt af hvilken medicin du tager , hvilket g\u00f8r dem mere effektive end de fleste andre typer sovemedicin. Disse l\u00e6gemidler virker ved at bremse aktiviteten i din hjerne, hvilket f\u00e5r dig til at f\u00f8le dig d\u00f8sig eller falde i s\u00f8vn hurtigt. Nogle mennesker oplever, at de ikke kan falde i s\u00f8vn, f\u00f8r de tager disse piller, mens andre oplever, at de kan falde i s\u00f8vn hurtigt og forblive i s\u00f8vn hele natten med kun \u00e9n pille.<\/p>\n<p>&nbsp;<\/p>\n<p><strong>Hvorfor k\u00f8be Nembutal-piller online<\/strong><\/p>\n<p>Nembutal kan k\u00f8bes online i stedet for fra et lokalt apotek af forskellige \u00e5rsager. F\u00f8rst og fremmest vil det koste mindre, end hvis du tog dertil personligt; for det andet er det praktisk at bestille online, n\u00e5r du har brug for det; for det tredje sparer det tid, fordi du ikke skal vente ved en apoteksdisk; For det fjerde kan du spare penge ved at k\u00f8be din medicin online i stedet for at betale detailpriser p\u00e5 apoteker hver m\u00e5ned.<\/p>\n<p>&nbsp;<\/p>\n<p><strong>Det bedste sted at bestille <\/strong><strong>Nembutal Pills Online<\/strong><\/p>\n<p>Mange apoteker tilbyder Nembutal Pills online, men Good Dealers Meds er det bedste sted at finde denne medicin. Vi tilbyder konkurrencedygtige priser og et bredt udvalg af l\u00e6gemidler, herunder\u00a0 <a href=\"https:\/\/gooddealersmeds.com\/da\/product\/nembutal-pills\/\">Nembutal-piller<\/a>. Du kan ogs\u00e5 booke sj\u00e6ldne l\u00e6gemidler her ved at klikke p\u00e5 knappen &#8216;Bestil nu&#8217; nedenfor. Bestil Nembutal piller online<\/p>\n","protected":false},"excerpt":{"rendered":"<p>K\u00f8b Nembutal-piller online er en medicin, der er klassificeret under en gruppe l\u00e6gemidler kaldet barbiturater. Det var almindeligt og meget brugt i 1940&#8217;erne og 50&#8217;erne som en sovepille eller som en anti-angstbehandling (beroligende). Selvom Nembutal-piller bruges til behandling af s\u00f8vnl\u00f8shed, er de yderst d\u00f8delige ved overdosis.<\/p>\n","protected":false},"featured_media":1831,"comment_status":"open","ping_status":"closed","template":"","meta":{"inline_featured_image":false},"product_brand":[],"product_cat":[343],"product_tag":[],"class_list":{"0":"post-1823","1":"product","2":"type-product","3":"status-publish","4":"has-post-thumbnail","6":"product_cat-andre","8":"first","9":"instock","10":"shipping-taxable","11":"purchasable","12":"product-type-variable","13":"has-default-attributes"},"yoast_head":"<!-- This site is optimized with the Yoast SEO Premium plugin v20.6 (Yoast SEO v27.3) - https:\/\/yoast.com\/product\/yoast-seo-premium-wordpress\/ -->\n<title>Bestil Nembutal piller online - Nembutal dosis | Good Dealers Meds<\/title>\n<meta name=\"description\" content=\"Bestil Nembutal piller online, vi leverer Nembutal (Pentobarbital) af h\u00f8j kvalitet til de bedste priser. K\u00f8b nu og f\u00e5 det leveret lige til d\u00f8ren.\" \/>\n<meta name=\"robots\" content=\"index, follow, max-snippet:-1, max-image-preview:large, max-video-preview:-1\" \/>\n<link rel=\"canonical\" href=\"https:\/\/gooddealersmeds.com\/da\/product\/nembutal-piller\/\" \/>\n<meta property=\"og:locale\" content=\"en_US\" \/>\n<meta property=\"og:type\" content=\"article\" \/>\n<meta property=\"og:title\" content=\"K\u00f8b Nembutal piller online\" \/>\n<meta property=\"og:description\" content=\"Bestil Nembutal piller online, vi leverer Nembutal (Pentobarbital) af h\u00f8j kvalitet til de bedste priser. K\u00f8b nu og f\u00e5 det leveret lige til d\u00f8ren.\" \/>\n<meta property=\"og:url\" content=\"https:\/\/gooddealersmeds.com\/da\/product\/nembutal-piller\/\" \/>\n<meta property=\"og:site_name\" content=\"Good Dealers Meds\" \/>\n<meta property=\"article:modified_time\" content=\"2023-01-18T04:32:51+00:00\" \/>\n<meta property=\"og:image\" content=\"https:\/\/gooddealersmeds.com\/da\/wp-content\/uploads\/sites\/2\/2022\/06\/Nembutal-Pills.webp\" \/>\n\t<meta property=\"og:image:width\" content=\"1200\" \/>\n\t<meta property=\"og:image:height\" content=\"630\" \/>\n\t<meta property=\"og:image:type\" content=\"image\/webp\" \/>\n<meta name=\"twitter:card\" content=\"summary_large_image\" \/>\n<meta name=\"twitter:label1\" content=\"Est. reading time\" \/>\n\t<meta name=\"twitter:data1\" content=\"1 minute\" \/>\n<script type=\"application\/ld+json\" class=\"yoast-schema-graph\">{\"@context\":\"https:\\\/\\\/schema.org\",\"@graph\":[{\"@type\":\"WebPage\",\"@id\":\"https:\\\/\\\/gooddealersmeds.com\\\/da\\\/product\\\/nembutal-piller\\\/\",\"url\":\"https:\\\/\\\/gooddealersmeds.com\\\/da\\\/product\\\/nembutal-piller\\\/\",\"name\":\"Bestil Nembutal piller online - Nembutal dosis | Good Dealers Meds\",\"isPartOf\":{\"@id\":\"https:\\\/\\\/gooddealersmeds.com\\\/da\\\/#website\"},\"primaryImageOfPage\":{\"@id\":\"https:\\\/\\\/gooddealersmeds.com\\\/da\\\/product\\\/nembutal-piller\\\/#primaryimage\"},\"image\":{\"@id\":\"https:\\\/\\\/gooddealersmeds.com\\\/da\\\/product\\\/nembutal-piller\\\/#primaryimage\"},\"thumbnailUrl\":\"https:\\\/\\\/gooddealersmeds.com\\\/da\\\/wp-content\\\/uploads\\\/sites\\\/2\\\/2022\\\/06\\\/Nembutal-Pills.webp\",\"datePublished\":\"2022-06-22T20:56:09+00:00\",\"dateModified\":\"2023-01-18T04:32:51+00:00\",\"description\":\"Bestil Nembutal piller online, vi leverer Nembutal (Pentobarbital) af h\u00f8j kvalitet til de bedste priser. K\u00f8b nu og f\u00e5 det leveret lige til d\u00f8ren.\",\"breadcrumb\":{\"@id\":\"https:\\\/\\\/gooddealersmeds.com\\\/da\\\/product\\\/nembutal-piller\\\/#breadcrumb\"},\"inLanguage\":\"en-US\",\"potentialAction\":[{\"@type\":\"ReadAction\",\"target\":[\"https:\\\/\\\/gooddealersmeds.com\\\/da\\\/product\\\/nembutal-piller\\\/\"]}]},{\"@type\":\"ImageObject\",\"inLanguage\":\"en-US\",\"@id\":\"https:\\\/\\\/gooddealersmeds.com\\\/da\\\/product\\\/nembutal-piller\\\/#primaryimage\",\"url\":\"https:\\\/\\\/gooddealersmeds.com\\\/da\\\/wp-content\\\/uploads\\\/sites\\\/2\\\/2022\\\/06\\\/Nembutal-Pills.webp\",\"contentUrl\":\"https:\\\/\\\/gooddealersmeds.com\\\/da\\\/wp-content\\\/uploads\\\/sites\\\/2\\\/2022\\\/06\\\/Nembutal-Pills.webp\",\"width\":1200,\"height\":630,\"caption\":\"Nembutal Pills Online\"},{\"@type\":\"BreadcrumbList\",\"@id\":\"https:\\\/\\\/gooddealersmeds.com\\\/da\\\/product\\\/nembutal-piller\\\/#breadcrumb\",\"itemListElement\":[{\"@type\":\"ListItem\",\"position\":1,\"name\":\"Home\",\"item\":\"https:\\\/\\\/gooddealersmeds.com\\\/da\\\/\"},{\"@type\":\"ListItem\",\"position\":2,\"name\":\"Produkter\",\"item\":\"https:\\\/\\\/gooddealersmeds.com\\\/da\\\/produkter\\\/\"},{\"@type\":\"ListItem\",\"position\":3,\"name\":\"K\u00f8b Nembutal piller online\"}]},{\"@type\":\"WebSite\",\"@id\":\"https:\\\/\\\/gooddealersmeds.com\\\/da\\\/#website\",\"url\":\"https:\\\/\\\/gooddealersmeds.com\\\/da\\\/\",\"name\":\"Good Dealers Meds\",\"description\":\"All our best\",\"publisher\":{\"@id\":\"https:\\\/\\\/gooddealersmeds.com\\\/da\\\/#organization\"},\"potentialAction\":[{\"@type\":\"SearchAction\",\"target\":{\"@type\":\"EntryPoint\",\"urlTemplate\":\"https:\\\/\\\/gooddealersmeds.com\\\/da\\\/?s={search_term_string}\"},\"query-input\":{\"@type\":\"PropertyValueSpecification\",\"valueRequired\":true,\"valueName\":\"search_term_string\"}}],\"inLanguage\":\"en-US\"},{\"@type\":\"Organization\",\"@id\":\"https:\\\/\\\/gooddealersmeds.com\\\/da\\\/#organization\",\"name\":\"Good Dealers Meds\",\"url\":\"https:\\\/\\\/gooddealersmeds.com\\\/da\\\/\",\"logo\":{\"@type\":\"ImageObject\",\"inLanguage\":\"en-US\",\"@id\":\"https:\\\/\\\/gooddealersmeds.com\\\/da\\\/#\\\/schema\\\/logo\\\/image\\\/\",\"url\":\"https:\\\/\\\/gooddealersmeds.com\\\/da\\\/wp-content\\\/uploads\\\/sites\\\/2\\\/2022\\\/03\\\/gooddealersmeds__logo__20220317T222800Z.00.png\",\"contentUrl\":\"https:\\\/\\\/gooddealersmeds.com\\\/da\\\/wp-content\\\/uploads\\\/sites\\\/2\\\/2022\\\/03\\\/gooddealersmeds__logo__20220317T222800Z.00.png\",\"width\":500,\"height\":325,\"caption\":\"Good Dealers Meds\"},\"image\":{\"@id\":\"https:\\\/\\\/gooddealersmeds.com\\\/da\\\/#\\\/schema\\\/logo\\\/image\\\/\"}}]}<\/script>\n<!-- \/ Yoast SEO Premium plugin. -->","yoast_head_json":{"title":"Bestil Nembutal piller online - Nembutal dosis | Good Dealers Meds","description":"Bestil Nembutal piller online, vi leverer Nembutal (Pentobarbital) af h\u00f8j kvalitet til de bedste priser. K\u00f8b nu og f\u00e5 det leveret lige til d\u00f8ren.","robots":{"index":"index","follow":"follow","max-snippet":"max-snippet:-1","max-image-preview":"max-image-preview:large","max-video-preview":"max-video-preview:-1"},"canonical":"https:\/\/gooddealersmeds.com\/da\/product\/nembutal-piller\/","og_locale":"en_US","og_type":"article","og_title":"K\u00f8b Nembutal piller online","og_description":"Bestil Nembutal piller online, vi leverer Nembutal (Pentobarbital) af h\u00f8j kvalitet til de bedste priser. K\u00f8b nu og f\u00e5 det leveret lige til d\u00f8ren.","og_url":"https:\/\/gooddealersmeds.com\/da\/product\/nembutal-piller\/","og_site_name":"Good Dealers Meds","article_modified_time":"2023-01-18T04:32:51+00:00","og_image":[{"width":1200,"height":630,"url":"https:\/\/gooddealersmeds.com\/da\/wp-content\/uploads\/sites\/2\/2022\/06\/Nembutal-Pills.webp","type":"image\/webp"}],"twitter_card":"summary_large_image","twitter_misc":{"Est. reading time":"1 minute"},"schema":{"@context":"https:\/\/schema.org","@graph":[{"@type":"WebPage","@id":"https:\/\/gooddealersmeds.com\/da\/product\/nembutal-piller\/","url":"https:\/\/gooddealersmeds.com\/da\/product\/nembutal-piller\/","name":"Bestil Nembutal piller online - Nembutal dosis | Good Dealers Meds","isPartOf":{"@id":"https:\/\/gooddealersmeds.com\/da\/#website"},"primaryImageOfPage":{"@id":"https:\/\/gooddealersmeds.com\/da\/product\/nembutal-piller\/#primaryimage"},"image":{"@id":"https:\/\/gooddealersmeds.com\/da\/product\/nembutal-piller\/#primaryimage"},"thumbnailUrl":"https:\/\/gooddealersmeds.com\/da\/wp-content\/uploads\/sites\/2\/2022\/06\/Nembutal-Pills.webp","datePublished":"2022-06-22T20:56:09+00:00","dateModified":"2023-01-18T04:32:51+00:00","description":"Bestil Nembutal piller online, vi leverer Nembutal (Pentobarbital) af h\u00f8j kvalitet til de bedste priser. K\u00f8b nu og f\u00e5 det leveret lige til d\u00f8ren.","breadcrumb":{"@id":"https:\/\/gooddealersmeds.com\/da\/product\/nembutal-piller\/#breadcrumb"},"inLanguage":"en-US","potentialAction":[{"@type":"ReadAction","target":["https:\/\/gooddealersmeds.com\/da\/product\/nembutal-piller\/"]}]},{"@type":"ImageObject","inLanguage":"en-US","@id":"https:\/\/gooddealersmeds.com\/da\/product\/nembutal-piller\/#primaryimage","url":"https:\/\/gooddealersmeds.com\/da\/wp-content\/uploads\/sites\/2\/2022\/06\/Nembutal-Pills.webp","contentUrl":"https:\/\/gooddealersmeds.com\/da\/wp-content\/uploads\/sites\/2\/2022\/06\/Nembutal-Pills.webp","width":1200,"height":630,"caption":"Nembutal Pills Online"},{"@type":"BreadcrumbList","@id":"https:\/\/gooddealersmeds.com\/da\/product\/nembutal-piller\/#breadcrumb","itemListElement":[{"@type":"ListItem","position":1,"name":"Home","item":"https:\/\/gooddealersmeds.com\/da\/"},{"@type":"ListItem","position":2,"name":"Produkter","item":"https:\/\/gooddealersmeds.com\/da\/produkter\/"},{"@type":"ListItem","position":3,"name":"K\u00f8b Nembutal piller online"}]},{"@type":"WebSite","@id":"https:\/\/gooddealersmeds.com\/da\/#website","url":"https:\/\/gooddealersmeds.com\/da\/","name":"Good Dealers Meds","description":"All our best","publisher":{"@id":"https:\/\/gooddealersmeds.com\/da\/#organization"},"potentialAction":[{"@type":"SearchAction","target":{"@type":"EntryPoint","urlTemplate":"https:\/\/gooddealersmeds.com\/da\/?s={search_term_string}"},"query-input":{"@type":"PropertyValueSpecification","valueRequired":true,"valueName":"search_term_string"}}],"inLanguage":"en-US"},{"@type":"Organization","@id":"https:\/\/gooddealersmeds.com\/da\/#organization","name":"Good Dealers Meds","url":"https:\/\/gooddealersmeds.com\/da\/","logo":{"@type":"ImageObject","inLanguage":"en-US","@id":"https:\/\/gooddealersmeds.com\/da\/#\/schema\/logo\/image\/","url":"https:\/\/gooddealersmeds.com\/da\/wp-content\/uploads\/sites\/2\/2022\/03\/gooddealersmeds__logo__20220317T222800Z.00.png","contentUrl":"https:\/\/gooddealersmeds.com\/da\/wp-content\/uploads\/sites\/2\/2022\/03\/gooddealersmeds__logo__20220317T222800Z.00.png","width":500,"height":325,"caption":"Good Dealers Meds"},"image":{"@id":"https:\/\/gooddealersmeds.com\/da\/#\/schema\/logo\/image\/"}}]}},"_links":{"self":[{"href":"https:\/\/gooddealersmeds.com\/da\/wp-json\/wp\/v2\/product\/1823","targetHints":{"allow":["GET"]}}],"collection":[{"href":"https:\/\/gooddealersmeds.com\/da\/wp-json\/wp\/v2\/product"}],"about":[{"href":"https:\/\/gooddealersmeds.com\/da\/wp-json\/wp\/v2\/types\/product"}],"replies":[{"embeddable":true,"href":"https:\/\/gooddealersmeds.com\/da\/wp-json\/wp\/v2\/comments?post=1823"}],"wp:featuredmedia":[{"embeddable":true,"href":"https:\/\/gooddealersmeds.com\/da\/wp-json\/wp\/v2\/media\/1831"}],"wp:attachment":[{"href":"https:\/\/gooddealersmeds.com\/da\/wp-json\/wp\/v2\/media?parent=1823"}],"wp:term":[{"taxonomy":"product_brand","embeddable":true,"href":"https:\/\/gooddealersmeds.com\/da\/wp-json\/wp\/v2\/product_brand?post=1823"},{"taxonomy":"product_cat","embeddable":true,"href":"https:\/\/gooddealersmeds.com\/da\/wp-json\/wp\/v2\/product_cat?post=1823"},{"taxonomy":"product_tag","embeddable":true,"href":"https:\/\/gooddealersmeds.com\/da\/wp-json\/wp\/v2\/product_tag?post=1823"}],"curies":[{"name":"wp","href":"https:\/\/api.w.org\/{rel}","templated":true}]}}