{"id":1818,"date":"2022-06-22T20:49:15","date_gmt":"2022-06-22T20:49:15","guid":{"rendered":"https:\/\/gooddealersmeds.com\/da\/?post_type=product&#038;p=1818"},"modified":"2023-01-18T04:43:57","modified_gmt":"2023-01-18T04:43:57","slug":"nembutal-oral-vaeske","status":"publish","type":"product","link":"https:\/\/gooddealersmeds.com\/da\/product\/nembutal-oral-vaeske\/","title":{"rendered":"K\u00f8b Nembutal Oral V\u00e6ske"},"content":{"rendered":"<h2>Hvor kan man f\u00e5 Nembutal oral v\u00e6ske online fra det professionelle apotek<\/h2>\n<p>K\u00f8b Nembutal oral v\u00e6ske, Nembutal Liquid har v\u00e6ret en af \u200b\u200bhovedfaktorerne for, hvorfor folk g\u00e5r ind for Pentobarbital til oral brug.<\/p>\n<p>Nembutal Liquid Phenobarbital (handelsnavn: Nembutal) er en barbituratmedicin. Det er almindeligt anvendt som beroligende eller angstd\u00e6mpende medicin. I mods\u00e6tning til moderne sovemedicin er Nembutal ekstremt d\u00f8delig ved overdosis.<\/p>\n<p><a href=\"https:\/\/gooddealersmeds.com\/da\/product\/nembutal-oral-vaeske\/\">Pentobarbital<\/a> (Nembutal) er et barbiturat. Barbiturater er svage syrer, der hurtigt absorberes og fordeles i hele kroppen, med h\u00f8je koncentrationer i hjernen, leveren og nyrerne. Barbituraters lipidopl\u00f8selighed er den vigtigste faktor i deres fordeling i kroppen. Jo mere lipidopl\u00f8seligt barbituratet er, jo hurtigere tr\u00e6nger det igennem alle kropsv\u00e6v. Det reducerer hjerne- og nervesystemets aktivitet. Det bruges som et kortvarigt beroligende middel til at behandle s\u00f8vnl\u00f8shed eller til at f\u00e5 dig til at sove f\u00f8r operationen. Pentobarbital bruges ogs\u00e5 som akut anfaldsbehandling. K\u00f8b Nembutal oral v\u00e6ske<\/p>\n<p><strong>Hvad er Nembutal oral v\u00e6ske, og hvordan bruges det?<\/strong><\/p>\n<p>Efter at have modtaget pentobarbital p\u00e5 et hospital vil dit \u00e5ndedr\u00e6t, blodtryk, iltniveauer, nyrefunktion og andre vitale tegn blive overv\u00e5get n\u00f8je. Hvis pentobarbital har skiftet farve eller indeholder partikler, m\u00e5 du ikke bruge det. Kontakt dit apotek for ny medicin.<\/p>\n<p>Hvis du bruger denne medicin i l\u00e6ngere tid, kan du f\u00e5 brug for hyppige medicinske tests. Stop ikke med at bruge denne medicin pludseligt efter langvarig brug, eller du kan f\u00e5 ubehagelige abstinenssymptomer. Sp\u00f8rg din l\u00e6ge, hvordan du sikkert stopper med at bruge pentobarbital.<\/p>\n<ul>\n<li>Opbevares ved stuetemperatur v\u00e6k fra fugt og varme.<\/li>\n<li>M\u00e5 ikke fryses<\/li>\n<\/ul>\n<p><strong>Nembutal oral v\u00e6ske til eutanasi<\/strong><\/p>\n<p>Barbiturater b\u00f8r anvendes med forsigtighed hos patienter, der lider af akutte eller kroniske smerter, da paradoksal ophidselse eller maskering af vigtige symptomer kan forekomme. Barbiturater har p\u00e5 den anden side en lang historie med brug som beroligende midler i den postoperative kirurgiske periode og som supplement til cancerkemoterapi.<\/p>\n<p>Du kan k\u00f8b Nembutal oral v\u00e6ske fra vores onlinebutik med sikker forsendelse.<\/p>\n","protected":false},"excerpt":{"rendered":"<p>K\u00f8b Pentobarbital online, Under varem\u00e6rket Nembutal er pentobarbitalnatrium tilg\u00e6ngelig som oral opl\u00f8sning, som folk kan tage oralt. Det kan gives af uddannede fagfolk p\u00e5 hospitaler og klinikker eller derhjemme. Det har den bivirkning, at man f\u00f8ler sig d\u00f8sig, men b\u00f8r ikke f\u00f8re til blackouts eller hukommelsestab. Dette produkt b\u00f8r kun bruges under direkte opsyn af en l\u00e6ge.<\/p>\n","protected":false},"featured_media":1822,"comment_status":"open","ping_status":"closed","template":"","meta":{"inline_featured_image":false},"product_brand":[],"product_cat":[343],"product_tag":[],"class_list":{"0":"post-1818","1":"product","2":"type-product","3":"status-publish","4":"has-post-thumbnail","6":"product_cat-andre","8":"first","9":"instock","10":"shipping-taxable","11":"purchasable","12":"product-type-variable","13":"has-default-attributes"},"yoast_head":"<!-- This site is optimized with the Yoast SEO Premium plugin v20.6 (Yoast SEO v27.3) - https:\/\/yoast.com\/product\/yoast-seo-premium-wordpress\/ -->\n<title>K\u00f8b Nembutal oral v\u00e6ske Online (Pentobarbital) | Good Dealers Meds<\/title>\n<meta name=\"description\" content=\"K\u00f8b Nembutal oral v\u00e6ske (Pentobarbital Sodium), et barbiturat, der virker som et depressivt middel, eller beroligende middel, brugt p\u00e5 kort sigt til at behandle s\u00f8vnl\u00f8shed.\" \/>\n<meta name=\"robots\" content=\"index, follow, max-snippet:-1, max-image-preview:large, max-video-preview:-1\" \/>\n<link rel=\"canonical\" href=\"https:\/\/gooddealersmeds.com\/da\/product\/nembutal-oral-vaeske\/\" \/>\n<meta property=\"og:locale\" content=\"en_US\" \/>\n<meta property=\"og:type\" content=\"article\" \/>\n<meta property=\"og:title\" content=\"K\u00f8b Nembutal Oral V\u00e6ske\" \/>\n<meta property=\"og:description\" content=\"K\u00f8b Nembutal oral v\u00e6ske (Pentobarbital Sodium), et barbiturat, der virker som et depressivt middel, eller beroligende middel, brugt p\u00e5 kort sigt til at behandle s\u00f8vnl\u00f8shed.\" \/>\n<meta property=\"og:url\" content=\"https:\/\/gooddealersmeds.com\/da\/product\/nembutal-oral-vaeske\/\" \/>\n<meta property=\"og:site_name\" content=\"Good Dealers Meds\" \/>\n<meta property=\"article:modified_time\" content=\"2023-01-18T04:43:57+00:00\" \/>\n<meta property=\"og:image\" content=\"https:\/\/gooddealersmeds.com\/da\/wp-content\/uploads\/sites\/2\/2022\/06\/Buy-Nembutal-oral-Liquid.webp\" \/>\n\t<meta property=\"og:image:width\" content=\"600\" \/>\n\t<meta property=\"og:image:height\" content=\"600\" \/>\n\t<meta property=\"og:image:type\" content=\"image\/webp\" \/>\n<meta name=\"twitter:card\" content=\"summary_large_image\" \/>\n<meta name=\"twitter:label1\" content=\"Est. reading time\" \/>\n\t<meta name=\"twitter:data1\" content=\"2 minutes\" \/>\n<script type=\"application\/ld+json\" class=\"yoast-schema-graph\">{\"@context\":\"https:\\\/\\\/schema.org\",\"@graph\":[{\"@type\":\"WebPage\",\"@id\":\"https:\\\/\\\/gooddealersmeds.com\\\/da\\\/product\\\/nembutal-oral-vaeske\\\/\",\"url\":\"https:\\\/\\\/gooddealersmeds.com\\\/da\\\/product\\\/nembutal-oral-vaeske\\\/\",\"name\":\"K\u00f8b Nembutal oral v\u00e6ske Online (Pentobarbital) | Good Dealers Meds\",\"isPartOf\":{\"@id\":\"https:\\\/\\\/gooddealersmeds.com\\\/da\\\/#website\"},\"primaryImageOfPage\":{\"@id\":\"https:\\\/\\\/gooddealersmeds.com\\\/da\\\/product\\\/nembutal-oral-vaeske\\\/#primaryimage\"},\"image\":{\"@id\":\"https:\\\/\\\/gooddealersmeds.com\\\/da\\\/product\\\/nembutal-oral-vaeske\\\/#primaryimage\"},\"thumbnailUrl\":\"https:\\\/\\\/gooddealersmeds.com\\\/da\\\/wp-content\\\/uploads\\\/sites\\\/2\\\/2022\\\/06\\\/Buy-Nembutal-oral-Liquid.webp\",\"datePublished\":\"2022-06-22T20:49:15+00:00\",\"dateModified\":\"2023-01-18T04:43:57+00:00\",\"description\":\"K\u00f8b Nembutal oral v\u00e6ske (Pentobarbital Sodium), et barbiturat, der virker som et depressivt middel, eller beroligende middel, brugt p\u00e5 kort sigt til at behandle s\u00f8vnl\u00f8shed.\",\"breadcrumb\":{\"@id\":\"https:\\\/\\\/gooddealersmeds.com\\\/da\\\/product\\\/nembutal-oral-vaeske\\\/#breadcrumb\"},\"inLanguage\":\"en-US\",\"potentialAction\":[{\"@type\":\"ReadAction\",\"target\":[\"https:\\\/\\\/gooddealersmeds.com\\\/da\\\/product\\\/nembutal-oral-vaeske\\\/\"]}]},{\"@type\":\"ImageObject\",\"inLanguage\":\"en-US\",\"@id\":\"https:\\\/\\\/gooddealersmeds.com\\\/da\\\/product\\\/nembutal-oral-vaeske\\\/#primaryimage\",\"url\":\"https:\\\/\\\/gooddealersmeds.com\\\/da\\\/wp-content\\\/uploads\\\/sites\\\/2\\\/2022\\\/06\\\/Buy-Nembutal-oral-Liquid.webp\",\"contentUrl\":\"https:\\\/\\\/gooddealersmeds.com\\\/da\\\/wp-content\\\/uploads\\\/sites\\\/2\\\/2022\\\/06\\\/Buy-Nembutal-oral-Liquid.webp\",\"width\":600,\"height\":600,\"caption\":\"Buy Nembutal Oral Liquid\"},{\"@type\":\"BreadcrumbList\",\"@id\":\"https:\\\/\\\/gooddealersmeds.com\\\/da\\\/product\\\/nembutal-oral-vaeske\\\/#breadcrumb\",\"itemListElement\":[{\"@type\":\"ListItem\",\"position\":1,\"name\":\"Home\",\"item\":\"https:\\\/\\\/gooddealersmeds.com\\\/da\\\/\"},{\"@type\":\"ListItem\",\"position\":2,\"name\":\"Produkter\",\"item\":\"https:\\\/\\\/gooddealersmeds.com\\\/da\\\/produkter\\\/\"},{\"@type\":\"ListItem\",\"position\":3,\"name\":\"K\u00f8b Nembutal Oral V\u00e6ske\"}]},{\"@type\":\"WebSite\",\"@id\":\"https:\\\/\\\/gooddealersmeds.com\\\/da\\\/#website\",\"url\":\"https:\\\/\\\/gooddealersmeds.com\\\/da\\\/\",\"name\":\"Good Dealers Meds\",\"description\":\"All our best\",\"publisher\":{\"@id\":\"https:\\\/\\\/gooddealersmeds.com\\\/da\\\/#organization\"},\"potentialAction\":[{\"@type\":\"SearchAction\",\"target\":{\"@type\":\"EntryPoint\",\"urlTemplate\":\"https:\\\/\\\/gooddealersmeds.com\\\/da\\\/?s={search_term_string}\"},\"query-input\":{\"@type\":\"PropertyValueSpecification\",\"valueRequired\":true,\"valueName\":\"search_term_string\"}}],\"inLanguage\":\"en-US\"},{\"@type\":\"Organization\",\"@id\":\"https:\\\/\\\/gooddealersmeds.com\\\/da\\\/#organization\",\"name\":\"Good Dealers Meds\",\"url\":\"https:\\\/\\\/gooddealersmeds.com\\\/da\\\/\",\"logo\":{\"@type\":\"ImageObject\",\"inLanguage\":\"en-US\",\"@id\":\"https:\\\/\\\/gooddealersmeds.com\\\/da\\\/#\\\/schema\\\/logo\\\/image\\\/\",\"url\":\"https:\\\/\\\/gooddealersmeds.com\\\/da\\\/wp-content\\\/uploads\\\/sites\\\/2\\\/2022\\\/03\\\/gooddealersmeds__logo__20220317T222800Z.00.png\",\"contentUrl\":\"https:\\\/\\\/gooddealersmeds.com\\\/da\\\/wp-content\\\/uploads\\\/sites\\\/2\\\/2022\\\/03\\\/gooddealersmeds__logo__20220317T222800Z.00.png\",\"width\":500,\"height\":325,\"caption\":\"Good Dealers Meds\"},\"image\":{\"@id\":\"https:\\\/\\\/gooddealersmeds.com\\\/da\\\/#\\\/schema\\\/logo\\\/image\\\/\"}}]}<\/script>\n<!-- \/ Yoast SEO Premium plugin. -->","yoast_head_json":{"title":"K\u00f8b Nembutal oral v\u00e6ske Online (Pentobarbital) | Good Dealers Meds","description":"K\u00f8b Nembutal oral v\u00e6ske (Pentobarbital Sodium), et barbiturat, der virker som et depressivt middel, eller beroligende middel, brugt p\u00e5 kort sigt til at behandle s\u00f8vnl\u00f8shed.","robots":{"index":"index","follow":"follow","max-snippet":"max-snippet:-1","max-image-preview":"max-image-preview:large","max-video-preview":"max-video-preview:-1"},"canonical":"https:\/\/gooddealersmeds.com\/da\/product\/nembutal-oral-vaeske\/","og_locale":"en_US","og_type":"article","og_title":"K\u00f8b Nembutal Oral V\u00e6ske","og_description":"K\u00f8b Nembutal oral v\u00e6ske (Pentobarbital Sodium), et barbiturat, der virker som et depressivt middel, eller beroligende middel, brugt p\u00e5 kort sigt til at behandle s\u00f8vnl\u00f8shed.","og_url":"https:\/\/gooddealersmeds.com\/da\/product\/nembutal-oral-vaeske\/","og_site_name":"Good Dealers Meds","article_modified_time":"2023-01-18T04:43:57+00:00","og_image":[{"width":600,"height":600,"url":"https:\/\/gooddealersmeds.com\/da\/wp-content\/uploads\/sites\/2\/2022\/06\/Buy-Nembutal-oral-Liquid.webp","type":"image\/webp"}],"twitter_card":"summary_large_image","twitter_misc":{"Est. reading time":"2 minutes"},"schema":{"@context":"https:\/\/schema.org","@graph":[{"@type":"WebPage","@id":"https:\/\/gooddealersmeds.com\/da\/product\/nembutal-oral-vaeske\/","url":"https:\/\/gooddealersmeds.com\/da\/product\/nembutal-oral-vaeske\/","name":"K\u00f8b Nembutal oral v\u00e6ske Online (Pentobarbital) | Good Dealers Meds","isPartOf":{"@id":"https:\/\/gooddealersmeds.com\/da\/#website"},"primaryImageOfPage":{"@id":"https:\/\/gooddealersmeds.com\/da\/product\/nembutal-oral-vaeske\/#primaryimage"},"image":{"@id":"https:\/\/gooddealersmeds.com\/da\/product\/nembutal-oral-vaeske\/#primaryimage"},"thumbnailUrl":"https:\/\/gooddealersmeds.com\/da\/wp-content\/uploads\/sites\/2\/2022\/06\/Buy-Nembutal-oral-Liquid.webp","datePublished":"2022-06-22T20:49:15+00:00","dateModified":"2023-01-18T04:43:57+00:00","description":"K\u00f8b Nembutal oral v\u00e6ske (Pentobarbital Sodium), et barbiturat, der virker som et depressivt middel, eller beroligende middel, brugt p\u00e5 kort sigt til at behandle s\u00f8vnl\u00f8shed.","breadcrumb":{"@id":"https:\/\/gooddealersmeds.com\/da\/product\/nembutal-oral-vaeske\/#breadcrumb"},"inLanguage":"en-US","potentialAction":[{"@type":"ReadAction","target":["https:\/\/gooddealersmeds.com\/da\/product\/nembutal-oral-vaeske\/"]}]},{"@type":"ImageObject","inLanguage":"en-US","@id":"https:\/\/gooddealersmeds.com\/da\/product\/nembutal-oral-vaeske\/#primaryimage","url":"https:\/\/gooddealersmeds.com\/da\/wp-content\/uploads\/sites\/2\/2022\/06\/Buy-Nembutal-oral-Liquid.webp","contentUrl":"https:\/\/gooddealersmeds.com\/da\/wp-content\/uploads\/sites\/2\/2022\/06\/Buy-Nembutal-oral-Liquid.webp","width":600,"height":600,"caption":"Buy Nembutal Oral Liquid"},{"@type":"BreadcrumbList","@id":"https:\/\/gooddealersmeds.com\/da\/product\/nembutal-oral-vaeske\/#breadcrumb","itemListElement":[{"@type":"ListItem","position":1,"name":"Home","item":"https:\/\/gooddealersmeds.com\/da\/"},{"@type":"ListItem","position":2,"name":"Produkter","item":"https:\/\/gooddealersmeds.com\/da\/produkter\/"},{"@type":"ListItem","position":3,"name":"K\u00f8b Nembutal Oral V\u00e6ske"}]},{"@type":"WebSite","@id":"https:\/\/gooddealersmeds.com\/da\/#website","url":"https:\/\/gooddealersmeds.com\/da\/","name":"Good Dealers Meds","description":"All our best","publisher":{"@id":"https:\/\/gooddealersmeds.com\/da\/#organization"},"potentialAction":[{"@type":"SearchAction","target":{"@type":"EntryPoint","urlTemplate":"https:\/\/gooddealersmeds.com\/da\/?s={search_term_string}"},"query-input":{"@type":"PropertyValueSpecification","valueRequired":true,"valueName":"search_term_string"}}],"inLanguage":"en-US"},{"@type":"Organization","@id":"https:\/\/gooddealersmeds.com\/da\/#organization","name":"Good Dealers Meds","url":"https:\/\/gooddealersmeds.com\/da\/","logo":{"@type":"ImageObject","inLanguage":"en-US","@id":"https:\/\/gooddealersmeds.com\/da\/#\/schema\/logo\/image\/","url":"https:\/\/gooddealersmeds.com\/da\/wp-content\/uploads\/sites\/2\/2022\/03\/gooddealersmeds__logo__20220317T222800Z.00.png","contentUrl":"https:\/\/gooddealersmeds.com\/da\/wp-content\/uploads\/sites\/2\/2022\/03\/gooddealersmeds__logo__20220317T222800Z.00.png","width":500,"height":325,"caption":"Good Dealers Meds"},"image":{"@id":"https:\/\/gooddealersmeds.com\/da\/#\/schema\/logo\/image\/"}}]}},"_links":{"self":[{"href":"https:\/\/gooddealersmeds.com\/da\/wp-json\/wp\/v2\/product\/1818","targetHints":{"allow":["GET"]}}],"collection":[{"href":"https:\/\/gooddealersmeds.com\/da\/wp-json\/wp\/v2\/product"}],"about":[{"href":"https:\/\/gooddealersmeds.com\/da\/wp-json\/wp\/v2\/types\/product"}],"replies":[{"embeddable":true,"href":"https:\/\/gooddealersmeds.com\/da\/wp-json\/wp\/v2\/comments?post=1818"}],"wp:featuredmedia":[{"embeddable":true,"href":"https:\/\/gooddealersmeds.com\/da\/wp-json\/wp\/v2\/media\/1822"}],"wp:attachment":[{"href":"https:\/\/gooddealersmeds.com\/da\/wp-json\/wp\/v2\/media?parent=1818"}],"wp:term":[{"taxonomy":"product_brand","embeddable":true,"href":"https:\/\/gooddealersmeds.com\/da\/wp-json\/wp\/v2\/product_brand?post=1818"},{"taxonomy":"product_cat","embeddable":true,"href":"https:\/\/gooddealersmeds.com\/da\/wp-json\/wp\/v2\/product_cat?post=1818"},{"taxonomy":"product_tag","embeddable":true,"href":"https:\/\/gooddealersmeds.com\/da\/wp-json\/wp\/v2\/product_tag?post=1818"}],"curies":[{"name":"wp","href":"https:\/\/api.w.org\/{rel}","templated":true}]}}