{"id":1799,"date":"2022-06-22T20:40:51","date_gmt":"2022-06-22T20:40:51","guid":{"rendered":"https:\/\/gooddealersmeds.com\/da\/?post_type=product&#038;p=1799"},"modified":"2023-01-18T04:55:06","modified_gmt":"2023-01-18T04:55:06","slug":"kob-vyvanse-online","status":"publish","type":"product","link":"https:\/\/gooddealersmeds.com\/da\/product\/kob-vyvanse-online\/","title":{"rendered":"K\u00f8b Vyvanse online"},"content":{"rendered":"<h2>K\u00f8b \u00e6gte Vyvanse online uden recept<\/h2>\n<p>K\u00f8b Vyvanse online fra vores butik. Lisdexamfetamin er det generiske navn for Vyvanse. Lisdexamfetamin bruges til at behandle ADHD (Attention Deficit Hyperactivity Disorder) som en del af en omfattende behandlingsplan, der omfatter psykologiske, sociale og andre interventioner. Det kan hj\u00e6lpe med at forbedre opm\u00e6rksomhedssp\u00e6ndvidden, forblive fokuseret og reducere fidgeting. Binge eating disorder kan ogs\u00e5 behandles med lisdexamfetamin (BED). Det kan hj\u00e6lpe med at s\u00e6nke antallet af overspisningsdage.<\/p>\n<p>Dette er en stimulerende medicin. Det menes at virke ved at genoprette balancen mellem visse naturlige kemikalier i hjernen (neurotransmittere). P\u00e5 grund af risikoen for alvorlige bivirkninger anbefales denne medicin ikke til v\u00e6gttab.<\/p>\n<p><strong>Hvorfor valg af Good Dealers Meds er den bedste beslutning om at k\u00f8be Vyvanse?<\/strong><\/p>\n<p><a href=\"https:\/\/gooddealersmeds.com\/da\/product\/buy-vyvanse-online\/\"> Vyvanse<\/a> f\u00e5s som en hurtigtvirkende eller langsom frigivelse tablet, samt en tyggetablet. L\u00e6gemidlet begynder at virke inden for 2 timer efter administration og varer typisk 10-12 timer. Det er ogs\u00e5 typisk ordineret i doser p\u00e5 10, 20 eller 30 mg piller eller tyggetabletter. Dette undg\u00e5r mange af de problemer, der er forbundet med Adderall, s\u00e5som at fort\u00e6lle brugere, der ikke er i stand til at tage piller, om at bryde kapslerne op.<\/p>\n<p>Vyvanse b\u00f8r tages en gang dagligt om morgenen. Det er bedst at tage det f\u00f8rst om morgenen, fordi det kan forstyrre s\u00f8vnen senere p\u00e5 dagen. Hvis du eller dit barn tager eller for nylig har taget en monoaminoxidaseh\u00e6mmer, m\u00e5 du ikke tage Vyvanse. Vyvanse bivirkninger omfatter almindeligvis nedsat appetit, s\u00f8vnbesv\u00e6r, v\u00e6gttab og mundt\u00f8rhed. Fort\u00e6l din l\u00e6ge, hvis du har forh\u00f8jet blodtryk.<\/p>\n<p><strong>Ved du hvor du kan bestille Vyvanse piller med hurtig levering<\/strong><\/p>\n<p>De fleste mennesker, der leder efter generisk vyvanse, \u00f8nsker at k\u00f8be og genopfylde deres recept fra en velrenommeret kilde. Vores mission er at tilbyde et sted, hvor patienter kan f\u00e5 deres medicin uanset deres forsikringsd\u00e6kning eller \u00f8konomiske situation. Med vores assistance kan du nemt f\u00e5 generisk vyvanse online og administrere dine recepter.<\/p>\n<p>Vi leverer ren vyvanse, k\u00f8b vyvanse online fra vores <a href=\"https:\/\/gooddealersmeds.com\/da\/products\/\">butik<\/a>. Vores onlinebutik giver ogs\u00e5 patienter de ressourcer, de har brug for til at h\u00e5ndtere deres ADHD og f\u00f8le sig mere i kontrol over deres liv.<\/p>\n","protected":false},"excerpt":{"rendered":"<p>Vyvanse kan ordineres til behandling af ADHD (Attention Deficit Hyperactivity Disorder) hos voksne og b\u00f8rn fra seks \u00e5r og derover, samt til moderat til sv\u00e6r overspisningsforstyrrelse hos voksne. Sikkerheden og effekten af \u200b\u200blisdexamfetamin dimesylat hos b\u00f8rn med ADHD tre til fem \u00e5r er ikke blevet fastsl\u00e5et.<\/p>\n","protected":false},"featured_media":1801,"comment_status":"open","ping_status":"closed","template":"","meta":{"inline_featured_image":false},"product_brand":[],"product_cat":[346],"product_tag":[],"class_list":{"0":"post-1799","1":"product","2":"type-product","3":"status-publish","4":"has-post-thumbnail","6":"product_cat-stimulanser","7":"pa_pills-100-pills","8":"pa_pills-1000-pills","9":"pa_pills-30-pills","10":"pa_pills-300-pills","11":"pa_pills-50-pills","12":"pa_pills-500-pills","14":"first","15":"instock","16":"shipping-taxable","17":"purchasable","18":"product-type-variable","19":"has-default-attributes"},"yoast_head":"<!-- This site is optimized with the Yoast SEO Premium plugin v20.6 (Yoast SEO v27.3) - https:\/\/yoast.com\/product\/yoast-seo-premium-wordpress\/ -->\n<title>K\u00f8b Vyvanse online - bedste kvalitet Vyvanse | Good Dealers Meds<\/title>\n<meta name=\"description\" content=\"K\u00f8b Vyvanse Online til billig pris fra Good Dealers Meds til behandling af ADHD hos b\u00f8rn i alderen 6-12, unge og voksne.\" \/>\n<meta name=\"robots\" content=\"index, follow, max-snippet:-1, max-image-preview:large, max-video-preview:-1\" \/>\n<link rel=\"canonical\" href=\"https:\/\/gooddealersmeds.com\/da\/product\/kob-vyvanse-online\/\" \/>\n<meta property=\"og:locale\" content=\"en_US\" \/>\n<meta property=\"og:type\" content=\"article\" \/>\n<meta property=\"og:title\" content=\"K\u00f8b Vyvanse online\" \/>\n<meta property=\"og:description\" content=\"K\u00f8b Vyvanse Online til billig pris fra Good Dealers Meds til behandling af ADHD hos b\u00f8rn i alderen 6-12, unge og voksne.\" \/>\n<meta property=\"og:url\" content=\"https:\/\/gooddealersmeds.com\/da\/product\/kob-vyvanse-online\/\" \/>\n<meta property=\"og:site_name\" content=\"Good Dealers Meds\" \/>\n<meta property=\"article:modified_time\" content=\"2023-01-18T04:55:06+00:00\" \/>\n<meta property=\"og:image\" content=\"https:\/\/gooddealersmeds.com\/da\/wp-content\/uploads\/sites\/2\/2022\/04\/Sept15Vyvanse-1.png\" \/>\n\t<meta property=\"og:image:width\" content=\"469\" \/>\n\t<meta property=\"og:image:height\" content=\"314\" \/>\n\t<meta property=\"og:image:type\" content=\"image\/png\" \/>\n<meta name=\"twitter:card\" content=\"summary_large_image\" \/>\n<meta name=\"twitter:label1\" content=\"Est. reading time\" \/>\n\t<meta name=\"twitter:data1\" content=\"2 minutes\" \/>\n<script type=\"application\/ld+json\" class=\"yoast-schema-graph\">{\"@context\":\"https:\\\/\\\/schema.org\",\"@graph\":[{\"@type\":\"WebPage\",\"@id\":\"https:\\\/\\\/gooddealersmeds.com\\\/da\\\/product\\\/kob-vyvanse-online\\\/\",\"url\":\"https:\\\/\\\/gooddealersmeds.com\\\/da\\\/product\\\/kob-vyvanse-online\\\/\",\"name\":\"K\u00f8b Vyvanse online - bedste kvalitet Vyvanse | Good Dealers Meds\",\"isPartOf\":{\"@id\":\"https:\\\/\\\/gooddealersmeds.com\\\/da\\\/#website\"},\"primaryImageOfPage\":{\"@id\":\"https:\\\/\\\/gooddealersmeds.com\\\/da\\\/product\\\/kob-vyvanse-online\\\/#primaryimage\"},\"image\":{\"@id\":\"https:\\\/\\\/gooddealersmeds.com\\\/da\\\/product\\\/kob-vyvanse-online\\\/#primaryimage\"},\"thumbnailUrl\":\"https:\\\/\\\/gooddealersmeds.com\\\/da\\\/wp-content\\\/uploads\\\/sites\\\/2\\\/2022\\\/04\\\/Sept15Vyvanse-1.png\",\"datePublished\":\"2022-06-22T20:40:51+00:00\",\"dateModified\":\"2023-01-18T04:55:06+00:00\",\"description\":\"K\u00f8b Vyvanse Online til billig pris fra Good Dealers Meds til behandling af ADHD hos b\u00f8rn i alderen 6-12, unge og voksne.\",\"breadcrumb\":{\"@id\":\"https:\\\/\\\/gooddealersmeds.com\\\/da\\\/product\\\/kob-vyvanse-online\\\/#breadcrumb\"},\"inLanguage\":\"en-US\",\"potentialAction\":[{\"@type\":\"ReadAction\",\"target\":[\"https:\\\/\\\/gooddealersmeds.com\\\/da\\\/product\\\/kob-vyvanse-online\\\/\"]}]},{\"@type\":\"ImageObject\",\"inLanguage\":\"en-US\",\"@id\":\"https:\\\/\\\/gooddealersmeds.com\\\/da\\\/product\\\/kob-vyvanse-online\\\/#primaryimage\",\"url\":\"https:\\\/\\\/gooddealersmeds.com\\\/da\\\/wp-content\\\/uploads\\\/sites\\\/2\\\/2022\\\/04\\\/Sept15Vyvanse-1.png\",\"contentUrl\":\"https:\\\/\\\/gooddealersmeds.com\\\/da\\\/wp-content\\\/uploads\\\/sites\\\/2\\\/2022\\\/04\\\/Sept15Vyvanse-1.png\",\"width\":469,\"height\":314,\"caption\":\"Buy Vyvanse Online\"},{\"@type\":\"BreadcrumbList\",\"@id\":\"https:\\\/\\\/gooddealersmeds.com\\\/da\\\/product\\\/kob-vyvanse-online\\\/#breadcrumb\",\"itemListElement\":[{\"@type\":\"ListItem\",\"position\":1,\"name\":\"Home\",\"item\":\"https:\\\/\\\/gooddealersmeds.com\\\/da\\\/\"},{\"@type\":\"ListItem\",\"position\":2,\"name\":\"Produkter\",\"item\":\"https:\\\/\\\/gooddealersmeds.com\\\/da\\\/produkter\\\/\"},{\"@type\":\"ListItem\",\"position\":3,\"name\":\"K\u00f8b Vyvanse online\"}]},{\"@type\":\"WebSite\",\"@id\":\"https:\\\/\\\/gooddealersmeds.com\\\/da\\\/#website\",\"url\":\"https:\\\/\\\/gooddealersmeds.com\\\/da\\\/\",\"name\":\"Good Dealers Meds\",\"description\":\"All our best\",\"publisher\":{\"@id\":\"https:\\\/\\\/gooddealersmeds.com\\\/da\\\/#organization\"},\"potentialAction\":[{\"@type\":\"SearchAction\",\"target\":{\"@type\":\"EntryPoint\",\"urlTemplate\":\"https:\\\/\\\/gooddealersmeds.com\\\/da\\\/?s={search_term_string}\"},\"query-input\":{\"@type\":\"PropertyValueSpecification\",\"valueRequired\":true,\"valueName\":\"search_term_string\"}}],\"inLanguage\":\"en-US\"},{\"@type\":\"Organization\",\"@id\":\"https:\\\/\\\/gooddealersmeds.com\\\/da\\\/#organization\",\"name\":\"Good Dealers Meds\",\"url\":\"https:\\\/\\\/gooddealersmeds.com\\\/da\\\/\",\"logo\":{\"@type\":\"ImageObject\",\"inLanguage\":\"en-US\",\"@id\":\"https:\\\/\\\/gooddealersmeds.com\\\/da\\\/#\\\/schema\\\/logo\\\/image\\\/\",\"url\":\"https:\\\/\\\/gooddealersmeds.com\\\/da\\\/wp-content\\\/uploads\\\/sites\\\/2\\\/2022\\\/03\\\/gooddealersmeds__logo__20220317T222800Z.00.png\",\"contentUrl\":\"https:\\\/\\\/gooddealersmeds.com\\\/da\\\/wp-content\\\/uploads\\\/sites\\\/2\\\/2022\\\/03\\\/gooddealersmeds__logo__20220317T222800Z.00.png\",\"width\":500,\"height\":325,\"caption\":\"Good Dealers Meds\"},\"image\":{\"@id\":\"https:\\\/\\\/gooddealersmeds.com\\\/da\\\/#\\\/schema\\\/logo\\\/image\\\/\"}}]}<\/script>\n<!-- \/ Yoast SEO Premium plugin. -->","yoast_head_json":{"title":"K\u00f8b Vyvanse online - bedste kvalitet Vyvanse | Good Dealers Meds","description":"K\u00f8b Vyvanse Online til billig pris fra Good Dealers Meds til behandling af ADHD hos b\u00f8rn i alderen 6-12, unge og voksne.","robots":{"index":"index","follow":"follow","max-snippet":"max-snippet:-1","max-image-preview":"max-image-preview:large","max-video-preview":"max-video-preview:-1"},"canonical":"https:\/\/gooddealersmeds.com\/da\/product\/kob-vyvanse-online\/","og_locale":"en_US","og_type":"article","og_title":"K\u00f8b Vyvanse online","og_description":"K\u00f8b Vyvanse Online til billig pris fra Good Dealers Meds til behandling af ADHD hos b\u00f8rn i alderen 6-12, unge og voksne.","og_url":"https:\/\/gooddealersmeds.com\/da\/product\/kob-vyvanse-online\/","og_site_name":"Good Dealers Meds","article_modified_time":"2023-01-18T04:55:06+00:00","og_image":[{"width":469,"height":314,"url":"https:\/\/gooddealersmeds.com\/da\/wp-content\/uploads\/sites\/2\/2022\/04\/Sept15Vyvanse-1.png","type":"image\/png"}],"twitter_card":"summary_large_image","twitter_misc":{"Est. reading time":"2 minutes"},"schema":{"@context":"https:\/\/schema.org","@graph":[{"@type":"WebPage","@id":"https:\/\/gooddealersmeds.com\/da\/product\/kob-vyvanse-online\/","url":"https:\/\/gooddealersmeds.com\/da\/product\/kob-vyvanse-online\/","name":"K\u00f8b Vyvanse online - bedste kvalitet Vyvanse | Good Dealers Meds","isPartOf":{"@id":"https:\/\/gooddealersmeds.com\/da\/#website"},"primaryImageOfPage":{"@id":"https:\/\/gooddealersmeds.com\/da\/product\/kob-vyvanse-online\/#primaryimage"},"image":{"@id":"https:\/\/gooddealersmeds.com\/da\/product\/kob-vyvanse-online\/#primaryimage"},"thumbnailUrl":"https:\/\/gooddealersmeds.com\/da\/wp-content\/uploads\/sites\/2\/2022\/04\/Sept15Vyvanse-1.png","datePublished":"2022-06-22T20:40:51+00:00","dateModified":"2023-01-18T04:55:06+00:00","description":"K\u00f8b Vyvanse Online til billig pris fra Good Dealers Meds til behandling af ADHD hos b\u00f8rn i alderen 6-12, unge og voksne.","breadcrumb":{"@id":"https:\/\/gooddealersmeds.com\/da\/product\/kob-vyvanse-online\/#breadcrumb"},"inLanguage":"en-US","potentialAction":[{"@type":"ReadAction","target":["https:\/\/gooddealersmeds.com\/da\/product\/kob-vyvanse-online\/"]}]},{"@type":"ImageObject","inLanguage":"en-US","@id":"https:\/\/gooddealersmeds.com\/da\/product\/kob-vyvanse-online\/#primaryimage","url":"https:\/\/gooddealersmeds.com\/da\/wp-content\/uploads\/sites\/2\/2022\/04\/Sept15Vyvanse-1.png","contentUrl":"https:\/\/gooddealersmeds.com\/da\/wp-content\/uploads\/sites\/2\/2022\/04\/Sept15Vyvanse-1.png","width":469,"height":314,"caption":"Buy Vyvanse Online"},{"@type":"BreadcrumbList","@id":"https:\/\/gooddealersmeds.com\/da\/product\/kob-vyvanse-online\/#breadcrumb","itemListElement":[{"@type":"ListItem","position":1,"name":"Home","item":"https:\/\/gooddealersmeds.com\/da\/"},{"@type":"ListItem","position":2,"name":"Produkter","item":"https:\/\/gooddealersmeds.com\/da\/produkter\/"},{"@type":"ListItem","position":3,"name":"K\u00f8b Vyvanse online"}]},{"@type":"WebSite","@id":"https:\/\/gooddealersmeds.com\/da\/#website","url":"https:\/\/gooddealersmeds.com\/da\/","name":"Good Dealers Meds","description":"All our best","publisher":{"@id":"https:\/\/gooddealersmeds.com\/da\/#organization"},"potentialAction":[{"@type":"SearchAction","target":{"@type":"EntryPoint","urlTemplate":"https:\/\/gooddealersmeds.com\/da\/?s={search_term_string}"},"query-input":{"@type":"PropertyValueSpecification","valueRequired":true,"valueName":"search_term_string"}}],"inLanguage":"en-US"},{"@type":"Organization","@id":"https:\/\/gooddealersmeds.com\/da\/#organization","name":"Good Dealers Meds","url":"https:\/\/gooddealersmeds.com\/da\/","logo":{"@type":"ImageObject","inLanguage":"en-US","@id":"https:\/\/gooddealersmeds.com\/da\/#\/schema\/logo\/image\/","url":"https:\/\/gooddealersmeds.com\/da\/wp-content\/uploads\/sites\/2\/2022\/03\/gooddealersmeds__logo__20220317T222800Z.00.png","contentUrl":"https:\/\/gooddealersmeds.com\/da\/wp-content\/uploads\/sites\/2\/2022\/03\/gooddealersmeds__logo__20220317T222800Z.00.png","width":500,"height":325,"caption":"Good Dealers Meds"},"image":{"@id":"https:\/\/gooddealersmeds.com\/da\/#\/schema\/logo\/image\/"}}]}},"_links":{"self":[{"href":"https:\/\/gooddealersmeds.com\/da\/wp-json\/wp\/v2\/product\/1799","targetHints":{"allow":["GET"]}}],"collection":[{"href":"https:\/\/gooddealersmeds.com\/da\/wp-json\/wp\/v2\/product"}],"about":[{"href":"https:\/\/gooddealersmeds.com\/da\/wp-json\/wp\/v2\/types\/product"}],"replies":[{"embeddable":true,"href":"https:\/\/gooddealersmeds.com\/da\/wp-json\/wp\/v2\/comments?post=1799"}],"wp:featuredmedia":[{"embeddable":true,"href":"https:\/\/gooddealersmeds.com\/da\/wp-json\/wp\/v2\/media\/1801"}],"wp:attachment":[{"href":"https:\/\/gooddealersmeds.com\/da\/wp-json\/wp\/v2\/media?parent=1799"}],"wp:term":[{"taxonomy":"product_brand","embeddable":true,"href":"https:\/\/gooddealersmeds.com\/da\/wp-json\/wp\/v2\/product_brand?post=1799"},{"taxonomy":"product_cat","embeddable":true,"href":"https:\/\/gooddealersmeds.com\/da\/wp-json\/wp\/v2\/product_cat?post=1799"},{"taxonomy":"product_tag","embeddable":true,"href":"https:\/\/gooddealersmeds.com\/da\/wp-json\/wp\/v2\/product_tag?post=1799"}],"curies":[{"name":"wp","href":"https:\/\/api.w.org\/{rel}","templated":true}]}}