{"id":1791,"date":"2022-04-21T03:36:59","date_gmt":"2022-04-21T03:36:59","guid":{"rendered":"https:\/\/gooddealersmeds.com\/da\/?post_type=product&#038;p=1791"},"modified":"2023-01-18T05:04:20","modified_gmt":"2023-01-18T05:04:20","slug":"kob-anesket-online","status":"publish","type":"product","link":"https:\/\/gooddealersmeds.com\/da\/product\/kob-anesket-online\/","title":{"rendered":"K\u00f8b Anesket Online"},"content":{"rendered":"<h2>Anesket piller til salg med hurtig levering, vi er den f\u00f8rende leverand\u00f8r.<\/h2>\n<p>Vores hovedaktivitet p\u00e5 <a href=\"https:\/\/gooddealersmeds.com\/da\/\">Good Dealers Meds<\/a> er at tilbyde anesket til salg. Af denne grund tilbyder eller leverer vi anesket med eller uden recept. Kunder fra hele verden kan K\u00f8b Anesket online med eller uden recept. Denne medicin har dog samme virkning som ketamin. Det bruges til at berolige patienter under st\u00f8rre kirurgiske indgreb. Som f\u00f8lge heraf tilh\u00f8rer det den samme medicinske gruppe (An\u00e6stesi).<\/p>\n<p>Medikamentet kommer i et farvel\u00f8st h\u00e6tteglas, er injicerbart og er ekstremt potent p\u00e5 grund af dets hallucinogene og beroligende egenskaber. De fleste lande i hele verden bruger anesket til salg som et muskelafslappende middel. Bortset fra dets brug som beroligende eller bed\u00f8velsesmiddel, kan medicinen v\u00e6re ganske gavnlig i behandlingen af \u200b\u200bsmerter, depression, og listen forts\u00e6tter. K\u00f8b Anesket online<\/p>\n<p>Anasket er et l\u00e6gemiddel, der er godkendt af de fleste lande og bruges over hele verden. Vores forsyninger kommer direkte fra producenten. Dette er en laboratoriekontrol, som vi leverer under varem\u00e6rket Anesket.<\/p>\n<p><strong>Receptpligtig<\/strong><\/p>\n<p>Pure Anesket er et receptpligtigt l\u00e6gemiddel. Det er ret potent, og de fleste mennesker bruger det under opsyn af en medicinsk ekspert. For\u00f8g ikke dosis uden f\u00f8rst at bes\u00f8ge din l\u00e6ge. B\u00f8rn har ikke fastsl\u00e5et dets brug, s\u00e5 kontakt en ekspert igen. Hold denne medicin v\u00e6k fra unge. I tilf\u00e6lde af en giftoverdosis, s\u00f8g straks l\u00e6gehj\u00e6lp.<\/p>\n<p><strong>Bivirkning<\/strong><\/p>\n<p>De mest almindelige bivirkninger omfatter udsl\u00e6t, kvalme eller opkastning. Fort\u00e6l din l\u00e6ge, hvis du er gravid eller lider af alvorlig hjertesygdom eller har haft et slagtilf\u00e6lde for nylig eller har f\u00e5et alvorlig hoved- eller hjerneskade. Det er sikkert at bruge til ammende m\u00f8dre.<\/p>\n<p><strong>Levering<\/strong><\/p>\n<p>Good Dealers Meds er meget kendt\u00a0 og\u00a0 p\u00e5lidelig leverand\u00f8r af Pure Anesket 1000 mg \/ 10 ml til salg . Vores levering er sikker, sikker, hurtig, garanti og 100% diskret levering. Ingen personlige oplysninger om kunden afsl\u00f8res fra pakken.<\/p>\n<p>Du kan k\u00f8be <a href=\"https:\/\/gooddealersmeds.com\/da\/product\/buy-anesket-online\/\">Anesket<\/a> a&gt; online fra vores butik med sikker forsendelse over hele Europa.<\/p>\n","protected":false},"excerpt":{"rendered":"<p>K\u00f8b Anesket online, der bruges til at f\u00e5 dig til at sove til operation og for at forhindre smerter og ubehag. K\u00f8b Anesket online hos os online billigt.<\/p>\n","protected":false},"featured_media":1798,"comment_status":"open","ping_status":"closed","template":"","meta":{"inline_featured_image":false},"product_brand":[],"product_cat":[343],"product_tag":[],"class_list":{"0":"post-1791","1":"product","2":"type-product","3":"status-publish","4":"has-post-thumbnail","6":"product_cat-andre","7":"pa_pills-100-pills","8":"pa_pills-1000-pills","9":"pa_pills-30-pills","10":"pa_pills-300-pills","11":"pa_pills-50-pills","12":"pa_pills-500-pills","14":"first","15":"instock","16":"shipping-taxable","17":"purchasable","18":"product-type-variable","19":"has-default-attributes"},"yoast_head":"<!-- This site is optimized with the Yoast SEO Premium plugin v20.6 (Yoast SEO v27.3) - https:\/\/yoast.com\/product\/yoast-seo-premium-wordpress\/ -->\n<title>K\u00f8b Anesket online | Bestil Anesket online p\u00e5 Good Dealers Meds<\/title>\n<meta name=\"description\" content=\"K\u00f8b Anesket Online Tilbydes af Good Dealers Meds, der bruges til at f\u00e5 dig til at sove under st\u00f8rre kirurgiske indgreb og til at forhindre smerter og ubehag.\" \/>\n<meta name=\"robots\" content=\"index, follow, max-snippet:-1, max-image-preview:large, max-video-preview:-1\" \/>\n<link rel=\"canonical\" href=\"https:\/\/gooddealersmeds.com\/da\/product\/kob-anesket-online\/\" \/>\n<meta property=\"og:locale\" content=\"en_US\" \/>\n<meta property=\"og:type\" content=\"article\" \/>\n<meta property=\"og:title\" content=\"K\u00f8b Anesket Online\" \/>\n<meta property=\"og:description\" content=\"K\u00f8b Anesket Online Tilbydes af Good Dealers Meds, der bruges til at f\u00e5 dig til at sove under st\u00f8rre kirurgiske indgreb og til at forhindre smerter og ubehag.\" \/>\n<meta property=\"og:url\" content=\"https:\/\/gooddealersmeds.com\/da\/product\/kob-anesket-online\/\" \/>\n<meta property=\"og:site_name\" content=\"Good Dealers Meds\" \/>\n<meta property=\"article:modified_time\" content=\"2023-01-18T05:04:20+00:00\" \/>\n<meta property=\"og:image\" content=\"https:\/\/gooddealersmeds.com\/da\/wp-content\/uploads\/sites\/2\/2022\/04\/anesket-1000mg-10ml-for-sale.png\" \/>\n\t<meta property=\"og:image:width\" content=\"500\" \/>\n\t<meta property=\"og:image:height\" content=\"500\" \/>\n\t<meta property=\"og:image:type\" content=\"image\/png\" \/>\n<meta name=\"twitter:card\" content=\"summary_large_image\" \/>\n<meta name=\"twitter:label1\" content=\"Est. reading time\" \/>\n\t<meta name=\"twitter:data1\" content=\"2 minutes\" \/>\n<script type=\"application\/ld+json\" class=\"yoast-schema-graph\">{\"@context\":\"https:\\\/\\\/schema.org\",\"@graph\":[{\"@type\":\"WebPage\",\"@id\":\"https:\\\/\\\/gooddealersmeds.com\\\/da\\\/product\\\/kob-anesket-online\\\/\",\"url\":\"https:\\\/\\\/gooddealersmeds.com\\\/da\\\/product\\\/kob-anesket-online\\\/\",\"name\":\"K\u00f8b Anesket online | Bestil Anesket online p\u00e5 Good Dealers Meds\",\"isPartOf\":{\"@id\":\"https:\\\/\\\/gooddealersmeds.com\\\/da\\\/#website\"},\"primaryImageOfPage\":{\"@id\":\"https:\\\/\\\/gooddealersmeds.com\\\/da\\\/product\\\/kob-anesket-online\\\/#primaryimage\"},\"image\":{\"@id\":\"https:\\\/\\\/gooddealersmeds.com\\\/da\\\/product\\\/kob-anesket-online\\\/#primaryimage\"},\"thumbnailUrl\":\"https:\\\/\\\/gooddealersmeds.com\\\/da\\\/wp-content\\\/uploads\\\/sites\\\/2\\\/2022\\\/04\\\/anesket-1000mg-10ml-for-sale.png\",\"datePublished\":\"2022-04-21T03:36:59+00:00\",\"dateModified\":\"2023-01-18T05:04:20+00:00\",\"description\":\"K\u00f8b Anesket Online Tilbydes af Good Dealers Meds, der bruges til at f\u00e5 dig til at sove under st\u00f8rre kirurgiske indgreb og til at forhindre smerter og ubehag.\",\"breadcrumb\":{\"@id\":\"https:\\\/\\\/gooddealersmeds.com\\\/da\\\/product\\\/kob-anesket-online\\\/#breadcrumb\"},\"inLanguage\":\"en-US\",\"potentialAction\":[{\"@type\":\"ReadAction\",\"target\":[\"https:\\\/\\\/gooddealersmeds.com\\\/da\\\/product\\\/kob-anesket-online\\\/\"]}]},{\"@type\":\"ImageObject\",\"inLanguage\":\"en-US\",\"@id\":\"https:\\\/\\\/gooddealersmeds.com\\\/da\\\/product\\\/kob-anesket-online\\\/#primaryimage\",\"url\":\"https:\\\/\\\/gooddealersmeds.com\\\/da\\\/wp-content\\\/uploads\\\/sites\\\/2\\\/2022\\\/04\\\/anesket-1000mg-10ml-for-sale.png\",\"contentUrl\":\"https:\\\/\\\/gooddealersmeds.com\\\/da\\\/wp-content\\\/uploads\\\/sites\\\/2\\\/2022\\\/04\\\/anesket-1000mg-10ml-for-sale.png\",\"width\":500,\"height\":500,\"caption\":\"Buy Anesket online\"},{\"@type\":\"BreadcrumbList\",\"@id\":\"https:\\\/\\\/gooddealersmeds.com\\\/da\\\/product\\\/kob-anesket-online\\\/#breadcrumb\",\"itemListElement\":[{\"@type\":\"ListItem\",\"position\":1,\"name\":\"Home\",\"item\":\"https:\\\/\\\/gooddealersmeds.com\\\/da\\\/\"},{\"@type\":\"ListItem\",\"position\":2,\"name\":\"Produkter\",\"item\":\"https:\\\/\\\/gooddealersmeds.com\\\/da\\\/produkter\\\/\"},{\"@type\":\"ListItem\",\"position\":3,\"name\":\"K\u00f8b Anesket Online\"}]},{\"@type\":\"WebSite\",\"@id\":\"https:\\\/\\\/gooddealersmeds.com\\\/da\\\/#website\",\"url\":\"https:\\\/\\\/gooddealersmeds.com\\\/da\\\/\",\"name\":\"Good Dealers Meds\",\"description\":\"All our best\",\"publisher\":{\"@id\":\"https:\\\/\\\/gooddealersmeds.com\\\/da\\\/#organization\"},\"potentialAction\":[{\"@type\":\"SearchAction\",\"target\":{\"@type\":\"EntryPoint\",\"urlTemplate\":\"https:\\\/\\\/gooddealersmeds.com\\\/da\\\/?s={search_term_string}\"},\"query-input\":{\"@type\":\"PropertyValueSpecification\",\"valueRequired\":true,\"valueName\":\"search_term_string\"}}],\"inLanguage\":\"en-US\"},{\"@type\":\"Organization\",\"@id\":\"https:\\\/\\\/gooddealersmeds.com\\\/da\\\/#organization\",\"name\":\"Good Dealers Meds\",\"url\":\"https:\\\/\\\/gooddealersmeds.com\\\/da\\\/\",\"logo\":{\"@type\":\"ImageObject\",\"inLanguage\":\"en-US\",\"@id\":\"https:\\\/\\\/gooddealersmeds.com\\\/da\\\/#\\\/schema\\\/logo\\\/image\\\/\",\"url\":\"https:\\\/\\\/gooddealersmeds.com\\\/da\\\/wp-content\\\/uploads\\\/sites\\\/2\\\/2022\\\/03\\\/gooddealersmeds__logo__20220317T222800Z.00.png\",\"contentUrl\":\"https:\\\/\\\/gooddealersmeds.com\\\/da\\\/wp-content\\\/uploads\\\/sites\\\/2\\\/2022\\\/03\\\/gooddealersmeds__logo__20220317T222800Z.00.png\",\"width\":500,\"height\":325,\"caption\":\"Good Dealers Meds\"},\"image\":{\"@id\":\"https:\\\/\\\/gooddealersmeds.com\\\/da\\\/#\\\/schema\\\/logo\\\/image\\\/\"}}]}<\/script>\n<!-- \/ Yoast SEO Premium plugin. -->","yoast_head_json":{"title":"K\u00f8b Anesket online | Bestil Anesket online p\u00e5 Good Dealers Meds","description":"K\u00f8b Anesket Online Tilbydes af Good Dealers Meds, der bruges til at f\u00e5 dig til at sove under st\u00f8rre kirurgiske indgreb og til at forhindre smerter og ubehag.","robots":{"index":"index","follow":"follow","max-snippet":"max-snippet:-1","max-image-preview":"max-image-preview:large","max-video-preview":"max-video-preview:-1"},"canonical":"https:\/\/gooddealersmeds.com\/da\/product\/kob-anesket-online\/","og_locale":"en_US","og_type":"article","og_title":"K\u00f8b Anesket Online","og_description":"K\u00f8b Anesket Online Tilbydes af Good Dealers Meds, der bruges til at f\u00e5 dig til at sove under st\u00f8rre kirurgiske indgreb og til at forhindre smerter og ubehag.","og_url":"https:\/\/gooddealersmeds.com\/da\/product\/kob-anesket-online\/","og_site_name":"Good Dealers Meds","article_modified_time":"2023-01-18T05:04:20+00:00","og_image":[{"width":500,"height":500,"url":"https:\/\/gooddealersmeds.com\/da\/wp-content\/uploads\/sites\/2\/2022\/04\/anesket-1000mg-10ml-for-sale.png","type":"image\/png"}],"twitter_card":"summary_large_image","twitter_misc":{"Est. reading time":"2 minutes"},"schema":{"@context":"https:\/\/schema.org","@graph":[{"@type":"WebPage","@id":"https:\/\/gooddealersmeds.com\/da\/product\/kob-anesket-online\/","url":"https:\/\/gooddealersmeds.com\/da\/product\/kob-anesket-online\/","name":"K\u00f8b Anesket online | Bestil Anesket online p\u00e5 Good Dealers Meds","isPartOf":{"@id":"https:\/\/gooddealersmeds.com\/da\/#website"},"primaryImageOfPage":{"@id":"https:\/\/gooddealersmeds.com\/da\/product\/kob-anesket-online\/#primaryimage"},"image":{"@id":"https:\/\/gooddealersmeds.com\/da\/product\/kob-anesket-online\/#primaryimage"},"thumbnailUrl":"https:\/\/gooddealersmeds.com\/da\/wp-content\/uploads\/sites\/2\/2022\/04\/anesket-1000mg-10ml-for-sale.png","datePublished":"2022-04-21T03:36:59+00:00","dateModified":"2023-01-18T05:04:20+00:00","description":"K\u00f8b Anesket Online Tilbydes af Good Dealers Meds, der bruges til at f\u00e5 dig til at sove under st\u00f8rre kirurgiske indgreb og til at forhindre smerter og ubehag.","breadcrumb":{"@id":"https:\/\/gooddealersmeds.com\/da\/product\/kob-anesket-online\/#breadcrumb"},"inLanguage":"en-US","potentialAction":[{"@type":"ReadAction","target":["https:\/\/gooddealersmeds.com\/da\/product\/kob-anesket-online\/"]}]},{"@type":"ImageObject","inLanguage":"en-US","@id":"https:\/\/gooddealersmeds.com\/da\/product\/kob-anesket-online\/#primaryimage","url":"https:\/\/gooddealersmeds.com\/da\/wp-content\/uploads\/sites\/2\/2022\/04\/anesket-1000mg-10ml-for-sale.png","contentUrl":"https:\/\/gooddealersmeds.com\/da\/wp-content\/uploads\/sites\/2\/2022\/04\/anesket-1000mg-10ml-for-sale.png","width":500,"height":500,"caption":"Buy Anesket online"},{"@type":"BreadcrumbList","@id":"https:\/\/gooddealersmeds.com\/da\/product\/kob-anesket-online\/#breadcrumb","itemListElement":[{"@type":"ListItem","position":1,"name":"Home","item":"https:\/\/gooddealersmeds.com\/da\/"},{"@type":"ListItem","position":2,"name":"Produkter","item":"https:\/\/gooddealersmeds.com\/da\/produkter\/"},{"@type":"ListItem","position":3,"name":"K\u00f8b Anesket Online"}]},{"@type":"WebSite","@id":"https:\/\/gooddealersmeds.com\/da\/#website","url":"https:\/\/gooddealersmeds.com\/da\/","name":"Good Dealers Meds","description":"All our best","publisher":{"@id":"https:\/\/gooddealersmeds.com\/da\/#organization"},"potentialAction":[{"@type":"SearchAction","target":{"@type":"EntryPoint","urlTemplate":"https:\/\/gooddealersmeds.com\/da\/?s={search_term_string}"},"query-input":{"@type":"PropertyValueSpecification","valueRequired":true,"valueName":"search_term_string"}}],"inLanguage":"en-US"},{"@type":"Organization","@id":"https:\/\/gooddealersmeds.com\/da\/#organization","name":"Good Dealers Meds","url":"https:\/\/gooddealersmeds.com\/da\/","logo":{"@type":"ImageObject","inLanguage":"en-US","@id":"https:\/\/gooddealersmeds.com\/da\/#\/schema\/logo\/image\/","url":"https:\/\/gooddealersmeds.com\/da\/wp-content\/uploads\/sites\/2\/2022\/03\/gooddealersmeds__logo__20220317T222800Z.00.png","contentUrl":"https:\/\/gooddealersmeds.com\/da\/wp-content\/uploads\/sites\/2\/2022\/03\/gooddealersmeds__logo__20220317T222800Z.00.png","width":500,"height":325,"caption":"Good Dealers Meds"},"image":{"@id":"https:\/\/gooddealersmeds.com\/da\/#\/schema\/logo\/image\/"}}]}},"_links":{"self":[{"href":"https:\/\/gooddealersmeds.com\/da\/wp-json\/wp\/v2\/product\/1791","targetHints":{"allow":["GET"]}}],"collection":[{"href":"https:\/\/gooddealersmeds.com\/da\/wp-json\/wp\/v2\/product"}],"about":[{"href":"https:\/\/gooddealersmeds.com\/da\/wp-json\/wp\/v2\/types\/product"}],"replies":[{"embeddable":true,"href":"https:\/\/gooddealersmeds.com\/da\/wp-json\/wp\/v2\/comments?post=1791"}],"wp:featuredmedia":[{"embeddable":true,"href":"https:\/\/gooddealersmeds.com\/da\/wp-json\/wp\/v2\/media\/1798"}],"wp:attachment":[{"href":"https:\/\/gooddealersmeds.com\/da\/wp-json\/wp\/v2\/media?parent=1791"}],"wp:term":[{"taxonomy":"product_brand","embeddable":true,"href":"https:\/\/gooddealersmeds.com\/da\/wp-json\/wp\/v2\/product_brand?post=1791"},{"taxonomy":"product_cat","embeddable":true,"href":"https:\/\/gooddealersmeds.com\/da\/wp-json\/wp\/v2\/product_cat?post=1791"},{"taxonomy":"product_tag","embeddable":true,"href":"https:\/\/gooddealersmeds.com\/da\/wp-json\/wp\/v2\/product_tag?post=1791"}],"curies":[{"name":"wp","href":"https:\/\/api.w.org\/{rel}","templated":true}]}}