{"id":1749,"date":"2022-03-19T02:56:20","date_gmt":"2022-03-19T02:56:20","guid":{"rendered":"https:\/\/gooddealersmeds.com\/da\/?post_type=product&#038;p=1749"},"modified":"2023-01-18T05:11:07","modified_gmt":"2023-01-18T05:11:07","slug":"kob-fentanyl-naesespray","status":"publish","type":"product","link":"https:\/\/gooddealersmeds.com\/da\/product\/kob-fentanyl-naesespray\/","title":{"rendered":"K\u00f8b fentanyl n\u00e6sespray"},"content":{"rendered":"<h2>Fentanyl n\u00e6sespray til salg online fra os til overkommelige priser<\/h2>\n<p>K\u00f8b Fentanyl N\u00e6sespray, der bruges til at behandle gennembrudssmerter (smerte, der opst\u00e5r p\u00e5 trods af smertestillende d\u00f8gnbehandling) hos cancerpatienter p\u00e5 18 \u00e5r eller \u00e6ldre, som tager regelm\u00e6ssige doser af en anden narkotisk (opiat) smertestillende medicin og er tolerante (vant til virkningerne af medicinen). Fentanyl tilh\u00f8rer klassen af \u200b\u200bl\u00e6gemidler kendt som narkotiske (opiat) analgetika. Det virker ved at \u00e6ndre, hvordan hjernen og nervesystemet reagerer p\u00e5 smerte.<\/p>\n<p>Denne medicin er beregnet til brug i n\u00e6sen. Tjek, at du bruger din n\u00e6sespray korrekt. Kontakt din l\u00e6ge eller en sundhedsperson, hvis du har sp\u00f8rgsm\u00e5l. Tag ikke det oftere end foreskrevet. K\u00f8b fentanyl n\u00e6sespray<\/p>\n<p>Din l\u00e6ge vil starte dig p\u00e5 en lav dosis fentanyl n\u00e6sespray og gradvist \u00f8ge din dosis, indtil du finder den dosis, der vil lindre dine gennembrudssmerter. Hvis du stadig har smerter 30 minutter efter du har brugt fentanyl n\u00e6sespray, kan din l\u00e6ge fort\u00e6lle dig, at du skal bruge en anden smertestillende medicin for at lindre denne smerte, og kan \u00f8ge din dosis af fentanyl n\u00e6sespray for at behandle din n\u00e6ste smerteepisode. For\u00f8g ikke din dosis af fentanyl n\u00e6sespray, medmindre din l\u00e6ge fort\u00e6ller dig, at du b\u00f8r. K\u00f8b fentanyl n\u00e6sespray<\/p>\n<p><strong>Bivirkninger, som du b\u00f8r rapportere til din l\u00e6ge eller sundhedspersonale s\u00e5 hurtigt som muligt:<\/strong><\/p>\n<ul>\n<li>Allergiske reaktioner som hududsl\u00e6t, kl\u00f8e eller n\u00e6ldefeber, h\u00e6velse af ansigt, l\u00e6ber eller tunge<\/li>\n<li>\u00c5ndedr\u00e6tsproblemer<\/li>\n<li>Forvirring<\/li>\n<li>Tegn og symptomer p\u00e5 lavt blodtryk som svimmelhed; f\u00f8ler sig svag eller svimmel, falder; us\u00e6dvanligt svag eller tr\u00e6t<\/li>\n<li>Besv\u00e6r med vandladning eller \u00e6ndring i m\u00e6ngden af \u200b\u200burin<\/li>\n<\/ul>\n<p>Opbevar fentanyl n\u00e6sespray i dens b\u00f8rnesikrede beholder, t\u00e6t lukket og uden for r\u00e6kkevidde af b\u00f8rn. Opbevar den b\u00f8rnesikrede beholder og pose i papkassen, den kom i, n\u00e5r den ikke er i brug.<\/p>\n<p>Kunder fra hele Europa kan nemt k\u00f8be <a href=\"https:\/\/gooddealersmeds.com\/da\/product\/kob-fentanyl-naesespray\/\">fentanyl n\u00e6sespray<\/a> fra vores onlinebutik.<\/p>\n","protected":false},"excerpt":{"rendered":"<p>FENTANYL (FEN ta nil) er et smertestillende middel. Det bruges til at behandle gennembrudskr\u00e6ftsmerter, som din langtidsvirkende smertestillende medicin ikke kontrollerer. Brug ikke denne medicin til smerte, der vil forsvinde i l\u00f8bet af f\u00e5 dage, f.eks. smerter fra operation, l\u00e6ge- eller tandl\u00e6gebes\u00f8g. Medicinen bruges kun af personer, der har taget en opioid eller narkotisk smertestillende medicin i mindst en uge.<\/p>\n<p>Denne medicin kan bruges til andre form\u00e5l; sp\u00f8rg din l\u00e6ge eller apotek, hvis du har sp\u00f8rgsm\u00e5l.<\/p>\n","protected":false},"featured_media":1755,"comment_status":"open","ping_status":"closed","template":"","meta":{"inline_featured_image":false},"product_brand":[],"product_cat":[347],"product_tag":[],"class_list":{"0":"post-1749","1":"product","2":"type-product","3":"status-publish","4":"has-post-thumbnail","6":"product_cat-opioid-smertestillende-middel","8":"first","9":"instock","10":"shipping-taxable","11":"purchasable","12":"product-type-variable","13":"has-default-attributes"},"yoast_head":"<!-- This site is optimized with the Yoast SEO Premium plugin v20.6 (Yoast SEO v27.3) - https:\/\/yoast.com\/product\/yoast-seo-premium-wordpress\/ -->\n<title>K\u00f8b fentanyl n\u00e6sespray | S\u00e5dan bestiller Fentanyl | Good Dealers Meds<\/title>\n<meta name=\"description\" content=\"K\u00f8b Fentanyl N\u00e6sespray, vi leverer Fentanyl N\u00e6sespray af h\u00f8j kvalitet til en god og overkommelig pris kontakt os for mere information.\" \/>\n<meta name=\"robots\" content=\"index, follow, max-snippet:-1, max-image-preview:large, max-video-preview:-1\" \/>\n<link rel=\"canonical\" href=\"https:\/\/gooddealersmeds.com\/da\/product\/kob-fentanyl-naesespray\/\" \/>\n<meta property=\"og:locale\" content=\"en_US\" \/>\n<meta property=\"og:type\" content=\"article\" \/>\n<meta property=\"og:title\" content=\"K\u00f8b fentanyl n\u00e6sespray\" \/>\n<meta property=\"og:description\" content=\"K\u00f8b Fentanyl N\u00e6sespray, vi leverer Fentanyl N\u00e6sespray af h\u00f8j kvalitet til en god og overkommelig pris kontakt os for mere information.\" \/>\n<meta property=\"og:url\" content=\"https:\/\/gooddealersmeds.com\/da\/product\/kob-fentanyl-naesespray\/\" \/>\n<meta property=\"og:site_name\" content=\"Good Dealers Meds\" \/>\n<meta property=\"article:modified_time\" content=\"2023-01-18T05:11:07+00:00\" \/>\n<meta property=\"og:image\" content=\"https:\/\/gooddealersmeds.com\/da\/wp-content\/uploads\/sites\/2\/2022\/03\/Fentanyl-Nasal-Spray-20201024234300-600x600-1.jpg\" \/>\n\t<meta property=\"og:image:width\" content=\"600\" \/>\n\t<meta property=\"og:image:height\" content=\"600\" \/>\n\t<meta property=\"og:image:type\" content=\"image\/jpeg\" \/>\n<meta name=\"twitter:card\" content=\"summary_large_image\" \/>\n<meta name=\"twitter:label1\" content=\"Est. reading time\" \/>\n\t<meta name=\"twitter:data1\" content=\"2 minutes\" \/>\n<script type=\"application\/ld+json\" class=\"yoast-schema-graph\">{\"@context\":\"https:\\\/\\\/schema.org\",\"@graph\":[{\"@type\":\"WebPage\",\"@id\":\"https:\\\/\\\/gooddealersmeds.com\\\/da\\\/product\\\/kob-fentanyl-naesespray\\\/\",\"url\":\"https:\\\/\\\/gooddealersmeds.com\\\/da\\\/product\\\/kob-fentanyl-naesespray\\\/\",\"name\":\"K\u00f8b fentanyl n\u00e6sespray | S\u00e5dan bestiller Fentanyl | Good Dealers Meds\",\"isPartOf\":{\"@id\":\"https:\\\/\\\/gooddealersmeds.com\\\/da\\\/#website\"},\"primaryImageOfPage\":{\"@id\":\"https:\\\/\\\/gooddealersmeds.com\\\/da\\\/product\\\/kob-fentanyl-naesespray\\\/#primaryimage\"},\"image\":{\"@id\":\"https:\\\/\\\/gooddealersmeds.com\\\/da\\\/product\\\/kob-fentanyl-naesespray\\\/#primaryimage\"},\"thumbnailUrl\":\"https:\\\/\\\/gooddealersmeds.com\\\/da\\\/wp-content\\\/uploads\\\/sites\\\/2\\\/2022\\\/03\\\/Fentanyl-Nasal-Spray-20201024234300-600x600-1.jpg\",\"datePublished\":\"2022-03-19T02:56:20+00:00\",\"dateModified\":\"2023-01-18T05:11:07+00:00\",\"description\":\"K\u00f8b Fentanyl N\u00e6sespray, vi leverer Fentanyl N\u00e6sespray af h\u00f8j kvalitet til en god og overkommelig pris kontakt os for mere information.\",\"breadcrumb\":{\"@id\":\"https:\\\/\\\/gooddealersmeds.com\\\/da\\\/product\\\/kob-fentanyl-naesespray\\\/#breadcrumb\"},\"inLanguage\":\"en-US\",\"potentialAction\":[{\"@type\":\"ReadAction\",\"target\":[\"https:\\\/\\\/gooddealersmeds.com\\\/da\\\/product\\\/kob-fentanyl-naesespray\\\/\"]}]},{\"@type\":\"ImageObject\",\"inLanguage\":\"en-US\",\"@id\":\"https:\\\/\\\/gooddealersmeds.com\\\/da\\\/product\\\/kob-fentanyl-naesespray\\\/#primaryimage\",\"url\":\"https:\\\/\\\/gooddealersmeds.com\\\/da\\\/wp-content\\\/uploads\\\/sites\\\/2\\\/2022\\\/03\\\/Fentanyl-Nasal-Spray-20201024234300-600x600-1.jpg\",\"contentUrl\":\"https:\\\/\\\/gooddealersmeds.com\\\/da\\\/wp-content\\\/uploads\\\/sites\\\/2\\\/2022\\\/03\\\/Fentanyl-Nasal-Spray-20201024234300-600x600-1.jpg\",\"width\":600,\"height\":600},{\"@type\":\"BreadcrumbList\",\"@id\":\"https:\\\/\\\/gooddealersmeds.com\\\/da\\\/product\\\/kob-fentanyl-naesespray\\\/#breadcrumb\",\"itemListElement\":[{\"@type\":\"ListItem\",\"position\":1,\"name\":\"Home\",\"item\":\"https:\\\/\\\/gooddealersmeds.com\\\/da\\\/\"},{\"@type\":\"ListItem\",\"position\":2,\"name\":\"Produkter\",\"item\":\"https:\\\/\\\/gooddealersmeds.com\\\/da\\\/produkter\\\/\"},{\"@type\":\"ListItem\",\"position\":3,\"name\":\"K\u00f8b fentanyl n\u00e6sespray\"}]},{\"@type\":\"WebSite\",\"@id\":\"https:\\\/\\\/gooddealersmeds.com\\\/da\\\/#website\",\"url\":\"https:\\\/\\\/gooddealersmeds.com\\\/da\\\/\",\"name\":\"Good Dealers Meds\",\"description\":\"All our best\",\"publisher\":{\"@id\":\"https:\\\/\\\/gooddealersmeds.com\\\/da\\\/#organization\"},\"potentialAction\":[{\"@type\":\"SearchAction\",\"target\":{\"@type\":\"EntryPoint\",\"urlTemplate\":\"https:\\\/\\\/gooddealersmeds.com\\\/da\\\/?s={search_term_string}\"},\"query-input\":{\"@type\":\"PropertyValueSpecification\",\"valueRequired\":true,\"valueName\":\"search_term_string\"}}],\"inLanguage\":\"en-US\"},{\"@type\":\"Organization\",\"@id\":\"https:\\\/\\\/gooddealersmeds.com\\\/da\\\/#organization\",\"name\":\"Good Dealers Meds\",\"url\":\"https:\\\/\\\/gooddealersmeds.com\\\/da\\\/\",\"logo\":{\"@type\":\"ImageObject\",\"inLanguage\":\"en-US\",\"@id\":\"https:\\\/\\\/gooddealersmeds.com\\\/da\\\/#\\\/schema\\\/logo\\\/image\\\/\",\"url\":\"https:\\\/\\\/gooddealersmeds.com\\\/da\\\/wp-content\\\/uploads\\\/sites\\\/2\\\/2022\\\/03\\\/gooddealersmeds__logo__20220317T222800Z.00.png\",\"contentUrl\":\"https:\\\/\\\/gooddealersmeds.com\\\/da\\\/wp-content\\\/uploads\\\/sites\\\/2\\\/2022\\\/03\\\/gooddealersmeds__logo__20220317T222800Z.00.png\",\"width\":500,\"height\":325,\"caption\":\"Good Dealers Meds\"},\"image\":{\"@id\":\"https:\\\/\\\/gooddealersmeds.com\\\/da\\\/#\\\/schema\\\/logo\\\/image\\\/\"}}]}<\/script>\n<!-- \/ Yoast SEO Premium plugin. -->","yoast_head_json":{"title":"K\u00f8b fentanyl n\u00e6sespray | S\u00e5dan bestiller Fentanyl | Good Dealers Meds","description":"K\u00f8b Fentanyl N\u00e6sespray, vi leverer Fentanyl N\u00e6sespray af h\u00f8j kvalitet til en god og overkommelig pris kontakt os for mere information.","robots":{"index":"index","follow":"follow","max-snippet":"max-snippet:-1","max-image-preview":"max-image-preview:large","max-video-preview":"max-video-preview:-1"},"canonical":"https:\/\/gooddealersmeds.com\/da\/product\/kob-fentanyl-naesespray\/","og_locale":"en_US","og_type":"article","og_title":"K\u00f8b fentanyl n\u00e6sespray","og_description":"K\u00f8b Fentanyl N\u00e6sespray, vi leverer Fentanyl N\u00e6sespray af h\u00f8j kvalitet til en god og overkommelig pris kontakt os for mere information.","og_url":"https:\/\/gooddealersmeds.com\/da\/product\/kob-fentanyl-naesespray\/","og_site_name":"Good Dealers Meds","article_modified_time":"2023-01-18T05:11:07+00:00","og_image":[{"width":600,"height":600,"url":"https:\/\/gooddealersmeds.com\/da\/wp-content\/uploads\/sites\/2\/2022\/03\/Fentanyl-Nasal-Spray-20201024234300-600x600-1.jpg","type":"image\/jpeg"}],"twitter_card":"summary_large_image","twitter_misc":{"Est. reading time":"2 minutes"},"schema":{"@context":"https:\/\/schema.org","@graph":[{"@type":"WebPage","@id":"https:\/\/gooddealersmeds.com\/da\/product\/kob-fentanyl-naesespray\/","url":"https:\/\/gooddealersmeds.com\/da\/product\/kob-fentanyl-naesespray\/","name":"K\u00f8b fentanyl n\u00e6sespray | S\u00e5dan bestiller Fentanyl | Good Dealers Meds","isPartOf":{"@id":"https:\/\/gooddealersmeds.com\/da\/#website"},"primaryImageOfPage":{"@id":"https:\/\/gooddealersmeds.com\/da\/product\/kob-fentanyl-naesespray\/#primaryimage"},"image":{"@id":"https:\/\/gooddealersmeds.com\/da\/product\/kob-fentanyl-naesespray\/#primaryimage"},"thumbnailUrl":"https:\/\/gooddealersmeds.com\/da\/wp-content\/uploads\/sites\/2\/2022\/03\/Fentanyl-Nasal-Spray-20201024234300-600x600-1.jpg","datePublished":"2022-03-19T02:56:20+00:00","dateModified":"2023-01-18T05:11:07+00:00","description":"K\u00f8b Fentanyl N\u00e6sespray, vi leverer Fentanyl N\u00e6sespray af h\u00f8j kvalitet til en god og overkommelig pris kontakt os for mere information.","breadcrumb":{"@id":"https:\/\/gooddealersmeds.com\/da\/product\/kob-fentanyl-naesespray\/#breadcrumb"},"inLanguage":"en-US","potentialAction":[{"@type":"ReadAction","target":["https:\/\/gooddealersmeds.com\/da\/product\/kob-fentanyl-naesespray\/"]}]},{"@type":"ImageObject","inLanguage":"en-US","@id":"https:\/\/gooddealersmeds.com\/da\/product\/kob-fentanyl-naesespray\/#primaryimage","url":"https:\/\/gooddealersmeds.com\/da\/wp-content\/uploads\/sites\/2\/2022\/03\/Fentanyl-Nasal-Spray-20201024234300-600x600-1.jpg","contentUrl":"https:\/\/gooddealersmeds.com\/da\/wp-content\/uploads\/sites\/2\/2022\/03\/Fentanyl-Nasal-Spray-20201024234300-600x600-1.jpg","width":600,"height":600},{"@type":"BreadcrumbList","@id":"https:\/\/gooddealersmeds.com\/da\/product\/kob-fentanyl-naesespray\/#breadcrumb","itemListElement":[{"@type":"ListItem","position":1,"name":"Home","item":"https:\/\/gooddealersmeds.com\/da\/"},{"@type":"ListItem","position":2,"name":"Produkter","item":"https:\/\/gooddealersmeds.com\/da\/produkter\/"},{"@type":"ListItem","position":3,"name":"K\u00f8b fentanyl n\u00e6sespray"}]},{"@type":"WebSite","@id":"https:\/\/gooddealersmeds.com\/da\/#website","url":"https:\/\/gooddealersmeds.com\/da\/","name":"Good Dealers Meds","description":"All our best","publisher":{"@id":"https:\/\/gooddealersmeds.com\/da\/#organization"},"potentialAction":[{"@type":"SearchAction","target":{"@type":"EntryPoint","urlTemplate":"https:\/\/gooddealersmeds.com\/da\/?s={search_term_string}"},"query-input":{"@type":"PropertyValueSpecification","valueRequired":true,"valueName":"search_term_string"}}],"inLanguage":"en-US"},{"@type":"Organization","@id":"https:\/\/gooddealersmeds.com\/da\/#organization","name":"Good Dealers Meds","url":"https:\/\/gooddealersmeds.com\/da\/","logo":{"@type":"ImageObject","inLanguage":"en-US","@id":"https:\/\/gooddealersmeds.com\/da\/#\/schema\/logo\/image\/","url":"https:\/\/gooddealersmeds.com\/da\/wp-content\/uploads\/sites\/2\/2022\/03\/gooddealersmeds__logo__20220317T222800Z.00.png","contentUrl":"https:\/\/gooddealersmeds.com\/da\/wp-content\/uploads\/sites\/2\/2022\/03\/gooddealersmeds__logo__20220317T222800Z.00.png","width":500,"height":325,"caption":"Good Dealers Meds"},"image":{"@id":"https:\/\/gooddealersmeds.com\/da\/#\/schema\/logo\/image\/"}}]}},"_links":{"self":[{"href":"https:\/\/gooddealersmeds.com\/da\/wp-json\/wp\/v2\/product\/1749","targetHints":{"allow":["GET"]}}],"collection":[{"href":"https:\/\/gooddealersmeds.com\/da\/wp-json\/wp\/v2\/product"}],"about":[{"href":"https:\/\/gooddealersmeds.com\/da\/wp-json\/wp\/v2\/types\/product"}],"replies":[{"embeddable":true,"href":"https:\/\/gooddealersmeds.com\/da\/wp-json\/wp\/v2\/comments?post=1749"}],"wp:featuredmedia":[{"embeddable":true,"href":"https:\/\/gooddealersmeds.com\/da\/wp-json\/wp\/v2\/media\/1755"}],"wp:attachment":[{"href":"https:\/\/gooddealersmeds.com\/da\/wp-json\/wp\/v2\/media?parent=1749"}],"wp:term":[{"taxonomy":"product_brand","embeddable":true,"href":"https:\/\/gooddealersmeds.com\/da\/wp-json\/wp\/v2\/product_brand?post=1749"},{"taxonomy":"product_cat","embeddable":true,"href":"https:\/\/gooddealersmeds.com\/da\/wp-json\/wp\/v2\/product_cat?post=1749"},{"taxonomy":"product_tag","embeddable":true,"href":"https:\/\/gooddealersmeds.com\/da\/wp-json\/wp\/v2\/product_tag?post=1749"}],"curies":[{"name":"wp","href":"https:\/\/api.w.org\/{rel}","templated":true}]}}