{"id":1744,"date":"2022-03-19T02:44:47","date_gmt":"2022-03-19T02:44:47","guid":{"rendered":"https:\/\/gooddealersmeds.com\/da\/?post_type=product&#038;p=1744"},"modified":"2023-01-18T05:34:17","modified_gmt":"2023-01-18T05:34:17","slug":"kob-lsd-tablets-online","status":"publish","type":"product","link":"https:\/\/gooddealersmeds.com\/da\/product\/kob-lsd-tablets-online\/","title":{"rendered":"K\u00f8b LSD tabletter online"},"content":{"rendered":"<h2>K\u00f8b 50mcg LSD tabletter online.<\/h2>\n<p>K\u00f8b LSD tabletter online, Bestil LSD tabletter i vores LSD tablets butik. Hvis du \u00f8nsker at k\u00f8be LSD tablets med god kvalitet, skal du ikke lede l\u00e6ngere, du er p\u00e5 det rigtige sted. Vores LSD-tablets er de bedste p\u00e5 markedet lige nu.<\/p>\n<p><a href=\"https:\/\/gooddealersmeds.com\/da\/product\/kob-lsd-tablets-online\/\">Lysergsyrediethylamid (LSD)<\/a>, ogs\u00e5 kendt som syre, er et psykedelisk stof kendt for dets psykedeliske virkninger. LSD er den mest potente og berygtede af hallucinogener, og den, der bragte denne klasse af stoffer i offentlighedens \u00f8jne i 1960&#8217;erne. LSD blev oprindeligt syntetiseret fra ergot-alkaloider udvundet fra ergotsvampen Claviceps purpurea. Dette kan omfatte \u00e6ndret bevidsthed om omgivelserne, opfattelser og f\u00f8lelser samt fornemmelser og billeder, der virker \u00e6gte, selvom de ikke er det. Det bruges hovedsageligt som et rekreativt stof og af \u00e5ndelige \u00e5rsager. K\u00f8b LSD tabletter online<\/p>\n<p>LSD er et l\u00e6gemiddel, der \u00e6ndrer sindet. Ved at interagere med serotonin-receptorerne i hjernen, menes det, at LSD for\u00e5rsager dens karakteristiske hallucinogene virkninger. Serotonin er en neurotransmitter, der hj\u00e6lper med at regulere dit hum\u00f8r og din adf\u00e6rd, regulerer dine sanser og modererer dine tanker. K\u00f8b LSD online<\/p>\n<p>Generisk navn: Lysergsyrediethylamid<br \/>\nAlmindelige navne eller gadenavne: LSD s\u00e6lges under mere end 80 gadenavne, herunder syre, blotter, cid, doser, prikker og trips, samt navne, der afspejler designs p\u00e5 arkene af blotter-papir (f.eks. &#8220;lilla drage&#8221;)<\/p>\n<p>&nbsp;<\/p>\n<p>&nbsp;<\/p>\n<pre><strong>K\u00f8b 50mcg LSD tabletter online - k\u00f8b LSD tabletter, k\u00f8b 50mcg LSD tabletter, k\u00f8b 50mcg LSD online, Hvor kan man k\u00f8be 50mcg LSD tabletter, 50mcg LSD tabletter til salg, LSD tabletter tabletter til salg, k\u00f8b tabletter online, hvor kan man k\u00f8be 50mcg LSD tabletter online, 50mcg LSD tabletter til salg i usa, USA, canada,uk, k\u00f8b, online, leverand\u00f8rer, sikker levering, Du kan stadig f\u00e5 50mcg LSD tabletter, Er 50mcg LSD tablets lovlige i usa, k\u00f8b 50mcg LSD tabletter online usa, hvordan bestiller man 50mcg LSD tabletter , Er 50mcg LSD tabletter lovlige i Canada<\/strong><\/pre>\n","protected":false},"excerpt":{"rendered":"<p>K\u00f8b 50mcg LSD-tabletter online fra Good Dealers Meds. LSD-tablets til salg i USA og Canada til en meget billig pris og f\u00e5 din levering til d\u00f8ren inden for en tidsramme.<\/p>\n","protected":false},"featured_media":1748,"comment_status":"open","ping_status":"closed","template":"","meta":{"inline_featured_image":false},"product_brand":[],"product_cat":[345],"product_tag":[306,303,301,300,299,309,105,307,311,308,310,302,305,101,107,109,304,108,110,106,104],"class_list":{"0":"post-1744","1":"product","2":"type-product","3":"status-publish","4":"has-post-thumbnail","6":"product_cat-psykedeliske-stoffer","7":"product_tag-50mcg-lsd-tablets-for-sale-in-usa","8":"product_tag-50mcg-lsd-tabletter-til-salg","9":"product_tag-buy-50mcg-lsd-online","10":"product_tag-buy-50mcg-lsd-tablets","11":"product_tag-buy-50mcg-lsd-tablets-online-buy-lsd-tablets","12":"product_tag-buy-50mcg-lsd-tablets-online-usa","13":"product_tag-canada","14":"product_tag-du-kan-stadig-f-50mcg-lsd-tabletter","15":"product_tag-is-50mcg-lsd-tablets-legal-in-canada","16":"product_tag-is-50mcg-lsd-tablets-legal-in-usa","17":"product_tag-how-to-order-50mcg-lsd-tablets","18":"product_tag-hvor-kan-kbes-50mcg-lsd-tabletter","19":"product_tag-hvor-kan-kbes-50mcg-lsd-tablets-online","20":"product_tag-kb-tablets-online","21":"product_tag-kbe","22":"product_tag-leverandrer","23":"product_tag-lsd-tablets-til-salg","24":"product_tag-online","25":"product_tag-sikker-levering","26":"product_tag-uk","27":"product_tag-usa","29":"first","30":"instock","31":"shipping-taxable","32":"purchasable","33":"product-type-variable","34":"has-default-attributes"},"yoast_head":"<!-- This site is optimized with the Yoast SEO Premium plugin v20.6 (Yoast SEO v27.4) - https:\/\/yoast.com\/product\/yoast-seo-premium-wordpress\/ -->\n<title>K\u00f8b LSD tabletter online | Bedste kvalitets LSD til salg Good Dealers Meds<\/title>\n<meta name=\"description\" content=\"K\u00f8b 50mcg LSD tabletter online fra Good Dealers Meds butik. LSD tablets til salg i USA og Canada til billige priser, F\u00e5 leveret ved d\u00f8ren!\" \/>\n<meta name=\"robots\" content=\"index, follow, max-snippet:-1, max-image-preview:large, max-video-preview:-1\" \/>\n<link rel=\"canonical\" href=\"https:\/\/gooddealersmeds.com\/da\/product\/kob-lsd-tablets-online\/\" \/>\n<meta property=\"og:locale\" content=\"en_US\" \/>\n<meta property=\"og:type\" content=\"article\" \/>\n<meta property=\"og:title\" content=\"K\u00f8b LSD tabletter online\" \/>\n<meta property=\"og:description\" content=\"K\u00f8b 50mcg LSD tabletter online fra Good Dealers Meds butik. LSD tablets til salg i USA og Canada til billige priser, F\u00e5 leveret ved d\u00f8ren!\" \/>\n<meta property=\"og:url\" content=\"https:\/\/gooddealersmeds.com\/da\/product\/kob-lsd-tablets-online\/\" \/>\n<meta property=\"og:site_name\" content=\"Good Dealers Meds\" \/>\n<meta property=\"article:modified_time\" content=\"2023-01-18T05:34:17+00:00\" \/>\n<meta property=\"og:image\" content=\"https:\/\/gooddealersmeds.com\/da\/wp-content\/uploads\/sites\/2\/2022\/03\/buy-50mcg-lsd-tablets-online.jpg\" \/>\n\t<meta property=\"og:image:width\" content=\"600\" \/>\n\t<meta property=\"og:image:height\" content=\"600\" \/>\n\t<meta property=\"og:image:type\" content=\"image\/jpeg\" \/>\n<meta name=\"twitter:card\" content=\"summary_large_image\" \/>\n<meta name=\"twitter:label1\" content=\"Est. reading time\" \/>\n\t<meta name=\"twitter:data1\" content=\"2 minutes\" \/>\n<script type=\"application\/ld+json\" class=\"yoast-schema-graph\">{\"@context\":\"https:\\\/\\\/schema.org\",\"@graph\":[{\"@type\":\"WebPage\",\"@id\":\"https:\\\/\\\/gooddealersmeds.com\\\/da\\\/product\\\/kob-lsd-tablets-online\\\/\",\"url\":\"https:\\\/\\\/gooddealersmeds.com\\\/da\\\/product\\\/kob-lsd-tablets-online\\\/\",\"name\":\"K\u00f8b LSD tabletter online | Bedste kvalitets LSD til salg Good Dealers Meds\",\"isPartOf\":{\"@id\":\"https:\\\/\\\/gooddealersmeds.com\\\/da\\\/#website\"},\"primaryImageOfPage\":{\"@id\":\"https:\\\/\\\/gooddealersmeds.com\\\/da\\\/product\\\/kob-lsd-tablets-online\\\/#primaryimage\"},\"image\":{\"@id\":\"https:\\\/\\\/gooddealersmeds.com\\\/da\\\/product\\\/kob-lsd-tablets-online\\\/#primaryimage\"},\"thumbnailUrl\":\"https:\\\/\\\/gooddealersmeds.com\\\/da\\\/wp-content\\\/uploads\\\/sites\\\/2\\\/2022\\\/03\\\/buy-50mcg-lsd-tablets-online.jpg\",\"datePublished\":\"2022-03-19T02:44:47+00:00\",\"dateModified\":\"2023-01-18T05:34:17+00:00\",\"description\":\"K\u00f8b 50mcg LSD tabletter online fra Good Dealers Meds butik. LSD tablets til salg i USA og Canada til billige priser, F\u00e5 leveret ved d\u00f8ren!\",\"breadcrumb\":{\"@id\":\"https:\\\/\\\/gooddealersmeds.com\\\/da\\\/product\\\/kob-lsd-tablets-online\\\/#breadcrumb\"},\"inLanguage\":\"en-US\",\"potentialAction\":[{\"@type\":\"ReadAction\",\"target\":[\"https:\\\/\\\/gooddealersmeds.com\\\/da\\\/product\\\/kob-lsd-tablets-online\\\/\"]}]},{\"@type\":\"ImageObject\",\"inLanguage\":\"en-US\",\"@id\":\"https:\\\/\\\/gooddealersmeds.com\\\/da\\\/product\\\/kob-lsd-tablets-online\\\/#primaryimage\",\"url\":\"https:\\\/\\\/gooddealersmeds.com\\\/da\\\/wp-content\\\/uploads\\\/sites\\\/2\\\/2022\\\/03\\\/buy-50mcg-lsd-tablets-online.jpg\",\"contentUrl\":\"https:\\\/\\\/gooddealersmeds.com\\\/da\\\/wp-content\\\/uploads\\\/sites\\\/2\\\/2022\\\/03\\\/buy-50mcg-lsd-tablets-online.jpg\",\"width\":600,\"height\":600,\"caption\":\"Buy LSD Tablets Online\"},{\"@type\":\"BreadcrumbList\",\"@id\":\"https:\\\/\\\/gooddealersmeds.com\\\/da\\\/product\\\/kob-lsd-tablets-online\\\/#breadcrumb\",\"itemListElement\":[{\"@type\":\"ListItem\",\"position\":1,\"name\":\"Home\",\"item\":\"https:\\\/\\\/gooddealersmeds.com\\\/da\\\/\"},{\"@type\":\"ListItem\",\"position\":2,\"name\":\"Produkter\",\"item\":\"https:\\\/\\\/gooddealersmeds.com\\\/da\\\/produkter\\\/\"},{\"@type\":\"ListItem\",\"position\":3,\"name\":\"K\u00f8b LSD tabletter online\"}]},{\"@type\":\"WebSite\",\"@id\":\"https:\\\/\\\/gooddealersmeds.com\\\/da\\\/#website\",\"url\":\"https:\\\/\\\/gooddealersmeds.com\\\/da\\\/\",\"name\":\"Good Dealers Meds\",\"description\":\"All our best\",\"publisher\":{\"@id\":\"https:\\\/\\\/gooddealersmeds.com\\\/da\\\/#organization\"},\"potentialAction\":[{\"@type\":\"SearchAction\",\"target\":{\"@type\":\"EntryPoint\",\"urlTemplate\":\"https:\\\/\\\/gooddealersmeds.com\\\/da\\\/?s={search_term_string}\"},\"query-input\":{\"@type\":\"PropertyValueSpecification\",\"valueRequired\":true,\"valueName\":\"search_term_string\"}}],\"inLanguage\":\"en-US\"},{\"@type\":\"Organization\",\"@id\":\"https:\\\/\\\/gooddealersmeds.com\\\/da\\\/#organization\",\"name\":\"Good Dealers Meds\",\"url\":\"https:\\\/\\\/gooddealersmeds.com\\\/da\\\/\",\"logo\":{\"@type\":\"ImageObject\",\"inLanguage\":\"en-US\",\"@id\":\"https:\\\/\\\/gooddealersmeds.com\\\/da\\\/#\\\/schema\\\/logo\\\/image\\\/\",\"url\":\"https:\\\/\\\/gooddealersmeds.com\\\/da\\\/wp-content\\\/uploads\\\/sites\\\/2\\\/2022\\\/03\\\/gooddealersmeds__logo__20220317T222800Z.00.png\",\"contentUrl\":\"https:\\\/\\\/gooddealersmeds.com\\\/da\\\/wp-content\\\/uploads\\\/sites\\\/2\\\/2022\\\/03\\\/gooddealersmeds__logo__20220317T222800Z.00.png\",\"width\":500,\"height\":325,\"caption\":\"Good Dealers Meds\"},\"image\":{\"@id\":\"https:\\\/\\\/gooddealersmeds.com\\\/da\\\/#\\\/schema\\\/logo\\\/image\\\/\"}}]}<\/script>\n<!-- \/ Yoast SEO Premium plugin. -->","yoast_head_json":{"title":"K\u00f8b LSD tabletter online | Bedste kvalitets LSD til salg Good Dealers Meds","description":"K\u00f8b 50mcg LSD tabletter online fra Good Dealers Meds butik. LSD tablets til salg i USA og Canada til billige priser, F\u00e5 leveret ved d\u00f8ren!","robots":{"index":"index","follow":"follow","max-snippet":"max-snippet:-1","max-image-preview":"max-image-preview:large","max-video-preview":"max-video-preview:-1"},"canonical":"https:\/\/gooddealersmeds.com\/da\/product\/kob-lsd-tablets-online\/","og_locale":"en_US","og_type":"article","og_title":"K\u00f8b LSD tabletter online","og_description":"K\u00f8b 50mcg LSD tabletter online fra Good Dealers Meds butik. LSD tablets til salg i USA og Canada til billige priser, F\u00e5 leveret ved d\u00f8ren!","og_url":"https:\/\/gooddealersmeds.com\/da\/product\/kob-lsd-tablets-online\/","og_site_name":"Good Dealers Meds","article_modified_time":"2023-01-18T05:34:17+00:00","og_image":[{"width":600,"height":600,"url":"https:\/\/gooddealersmeds.com\/da\/wp-content\/uploads\/sites\/2\/2022\/03\/buy-50mcg-lsd-tablets-online.jpg","type":"image\/jpeg"}],"twitter_card":"summary_large_image","twitter_misc":{"Est. reading time":"2 minutes"},"schema":{"@context":"https:\/\/schema.org","@graph":[{"@type":"WebPage","@id":"https:\/\/gooddealersmeds.com\/da\/product\/kob-lsd-tablets-online\/","url":"https:\/\/gooddealersmeds.com\/da\/product\/kob-lsd-tablets-online\/","name":"K\u00f8b LSD tabletter online | Bedste kvalitets LSD til salg Good Dealers Meds","isPartOf":{"@id":"https:\/\/gooddealersmeds.com\/da\/#website"},"primaryImageOfPage":{"@id":"https:\/\/gooddealersmeds.com\/da\/product\/kob-lsd-tablets-online\/#primaryimage"},"image":{"@id":"https:\/\/gooddealersmeds.com\/da\/product\/kob-lsd-tablets-online\/#primaryimage"},"thumbnailUrl":"https:\/\/gooddealersmeds.com\/da\/wp-content\/uploads\/sites\/2\/2022\/03\/buy-50mcg-lsd-tablets-online.jpg","datePublished":"2022-03-19T02:44:47+00:00","dateModified":"2023-01-18T05:34:17+00:00","description":"K\u00f8b 50mcg LSD tabletter online fra Good Dealers Meds butik. LSD tablets til salg i USA og Canada til billige priser, F\u00e5 leveret ved d\u00f8ren!","breadcrumb":{"@id":"https:\/\/gooddealersmeds.com\/da\/product\/kob-lsd-tablets-online\/#breadcrumb"},"inLanguage":"en-US","potentialAction":[{"@type":"ReadAction","target":["https:\/\/gooddealersmeds.com\/da\/product\/kob-lsd-tablets-online\/"]}]},{"@type":"ImageObject","inLanguage":"en-US","@id":"https:\/\/gooddealersmeds.com\/da\/product\/kob-lsd-tablets-online\/#primaryimage","url":"https:\/\/gooddealersmeds.com\/da\/wp-content\/uploads\/sites\/2\/2022\/03\/buy-50mcg-lsd-tablets-online.jpg","contentUrl":"https:\/\/gooddealersmeds.com\/da\/wp-content\/uploads\/sites\/2\/2022\/03\/buy-50mcg-lsd-tablets-online.jpg","width":600,"height":600,"caption":"Buy LSD Tablets Online"},{"@type":"BreadcrumbList","@id":"https:\/\/gooddealersmeds.com\/da\/product\/kob-lsd-tablets-online\/#breadcrumb","itemListElement":[{"@type":"ListItem","position":1,"name":"Home","item":"https:\/\/gooddealersmeds.com\/da\/"},{"@type":"ListItem","position":2,"name":"Produkter","item":"https:\/\/gooddealersmeds.com\/da\/produkter\/"},{"@type":"ListItem","position":3,"name":"K\u00f8b LSD tabletter online"}]},{"@type":"WebSite","@id":"https:\/\/gooddealersmeds.com\/da\/#website","url":"https:\/\/gooddealersmeds.com\/da\/","name":"Good Dealers Meds","description":"All our best","publisher":{"@id":"https:\/\/gooddealersmeds.com\/da\/#organization"},"potentialAction":[{"@type":"SearchAction","target":{"@type":"EntryPoint","urlTemplate":"https:\/\/gooddealersmeds.com\/da\/?s={search_term_string}"},"query-input":{"@type":"PropertyValueSpecification","valueRequired":true,"valueName":"search_term_string"}}],"inLanguage":"en-US"},{"@type":"Organization","@id":"https:\/\/gooddealersmeds.com\/da\/#organization","name":"Good Dealers Meds","url":"https:\/\/gooddealersmeds.com\/da\/","logo":{"@type":"ImageObject","inLanguage":"en-US","@id":"https:\/\/gooddealersmeds.com\/da\/#\/schema\/logo\/image\/","url":"https:\/\/gooddealersmeds.com\/da\/wp-content\/uploads\/sites\/2\/2022\/03\/gooddealersmeds__logo__20220317T222800Z.00.png","contentUrl":"https:\/\/gooddealersmeds.com\/da\/wp-content\/uploads\/sites\/2\/2022\/03\/gooddealersmeds__logo__20220317T222800Z.00.png","width":500,"height":325,"caption":"Good Dealers Meds"},"image":{"@id":"https:\/\/gooddealersmeds.com\/da\/#\/schema\/logo\/image\/"}}]}},"_links":{"self":[{"href":"https:\/\/gooddealersmeds.com\/da\/wp-json\/wp\/v2\/product\/1744","targetHints":{"allow":["GET"]}}],"collection":[{"href":"https:\/\/gooddealersmeds.com\/da\/wp-json\/wp\/v2\/product"}],"about":[{"href":"https:\/\/gooddealersmeds.com\/da\/wp-json\/wp\/v2\/types\/product"}],"replies":[{"embeddable":true,"href":"https:\/\/gooddealersmeds.com\/da\/wp-json\/wp\/v2\/comments?post=1744"}],"wp:featuredmedia":[{"embeddable":true,"href":"https:\/\/gooddealersmeds.com\/da\/wp-json\/wp\/v2\/media\/1748"}],"wp:attachment":[{"href":"https:\/\/gooddealersmeds.com\/da\/wp-json\/wp\/v2\/media?parent=1744"}],"wp:term":[{"taxonomy":"product_brand","embeddable":true,"href":"https:\/\/gooddealersmeds.com\/da\/wp-json\/wp\/v2\/product_brand?post=1744"},{"taxonomy":"product_cat","embeddable":true,"href":"https:\/\/gooddealersmeds.com\/da\/wp-json\/wp\/v2\/product_cat?post=1744"},{"taxonomy":"product_tag","embeddable":true,"href":"https:\/\/gooddealersmeds.com\/da\/wp-json\/wp\/v2\/product_tag?post=1744"}],"curies":[{"name":"wp","href":"https:\/\/api.w.org\/{rel}","templated":true}]}}