{"id":1728,"date":"2022-03-19T02:16:28","date_gmt":"2022-03-19T02:16:28","guid":{"rendered":"https:\/\/gooddealersmeds.com\/da\/?post_type=product&#038;p=1728"},"modified":"2023-01-18T06:35:19","modified_gmt":"2023-01-18T06:35:19","slug":"fentanyl-plastre","status":"publish","type":"product","link":"https:\/\/gooddealersmeds.com\/da\/product\/fentanyl-plastre\/","title":{"rendered":"K\u00f8b fentanylplastre online"},"content":{"rendered":"<h2>Hvor kan man k\u00f8be Fentanyl-plastre &#8211; bestil Fentanyl-plastre til en overkommelig pris hos en betroet leverand\u00f8r<\/h2>\n<p>K\u00f8b fentanylplastre online (ogs\u00e5 kendt som fentanil) er et st\u00e6rkt syntetisk smertestillende middel til opioid med en kort virkningsvarighed. Det er en potent agonist ved -opioidreceptorer. Fentanyl ansl\u00e5s at v\u00e6re 50 til 100 gange st\u00e6rkere end morfin.<\/p>\n<p>Fentanyl tilh\u00f8rer en gruppe l\u00e6gemidler, der kaldes opioider. <a href=\"https:\/\/gooddealersmeds.com\/da\/product\/fentanyl-patches\/\">Fentanyl<\/a> bruges til at behandle vedvarende kroniske (langvarige) sv\u00e6re smerter for dem, der har behov for konstant smertelindring og er tager i \u00f8jeblikket anden opioid (narkotisk) medicin.<\/p>\n<p><a href=\"https:\/\/pro.medicin.dk\/Medicin\/Praeparater\/6271\">Opioid<\/a> smertestillende medicin i fentanylplasteret tr\u00e6nger gradvist ind i din krop. Det kan tage op til to dage, f\u00f8r dit f\u00f8rste fentanylplaster har nogen tydelig effekt, men efterf\u00f8lgende plastre vil bevare denne effekt. Det betyder, at du kan holde smertelindringen i gang, s\u00e5 l\u00e6nge du husker at skifte dit plaster hver tredje dag. Skift dit plaster p\u00e5 samme tidspunkt hver dag.<\/p>\n<p><strong>Hvad er fentanylplastre, og hvordan virker det?<\/strong><\/p>\n<p>Opioider (s\u00e5som fentanylplastre) giver sj\u00e6ldent total smertelindring. Din l\u00e6ge, sygeplejerske eller lokale farmaceut vil bestemme den bedste tilgang til at h\u00e5ndtere dine smerter og \u00e6ndre dosis for at give dig smertelindring det meste af tiden. De vil ogs\u00e5 sigte mod at holde de negative virkninger p\u00e5 et minimum.<\/p>\n<p>Hvis disse bivirkninger varer ved i mere end et par dage, kan din l\u00e6ge ordinere yderligere medicin for at hj\u00e6lpe, s\u00e5som medicin mod sygdom. Forstoppelse er en almindelig bivirkning, som ikke forsvinder efter et par dage. For at afhj\u00e6lpe forstoppelse skal du muligvis pr\u00f8ve et aff\u00f8ringsmiddel eller \u00f8ge m\u00e6ngden af \u200b\u200bfibre og vand i din kost. K\u00f8b fentanylplastre online<\/p>\n<p><strong>Effekter<\/strong><\/p>\n<p>Kvalme, opkastning, forstoppelse, svimmelhed, svimmelhed, s\u00f8vnighed eller hovedpine er alle mulige bivirkninger. Mildt ubehag, kl\u00f8e eller r\u00f8dme kan ogs\u00e5 forekomme p\u00e5 applikationsstedet. Nogle af disse bivirkninger kan g\u00e5 v\u00e6k efter en periode med brug af dette l\u00e6gemiddel. Fort\u00e6l din l\u00e6ge eller apoteket \u00e9n gang, hvis nogen af \u200b\u200bdisse bivirkninger forts\u00e6tter eller forv\u00e6rres.<\/p>\n<p>Du kan k\u00f8be fentanylplastre online i vores butik uden recept.<\/p>\n","protected":false},"excerpt":{"rendered":"<p>Fentanyl, ogs\u00e5 stavet fentanil, er et opioid, der bruges som smertestillende medicin og sammen med anden bed\u00f8velsesmedicin. Fentanyl bruges ogs\u00e5 som et rekreativt stof, ofte blandet med heroin eller kokain. Det har en hurtig indtr\u00e6den, og dens virkning varer generelt mindre end to timer. K\u00f8b fentanyl online, k\u00f8b fentanylplastre online<\/p>\n<p>&nbsp;<\/p>\n<p><strong>5 plastre pr. \u00e6ske<\/strong><\/p>\n","protected":false},"featured_media":1734,"comment_status":"open","ping_status":"closed","template":"","meta":{"inline_featured_image":false},"product_brand":[],"product_cat":[347],"product_tag":[298,97,297],"class_list":{"0":"post-1728","1":"product","2":"type-product","3":"status-publish","4":"has-post-thumbnail","6":"product_cat-opioid-smertestillende-middel","7":"product_tag-buy-fentanyl-patches-online","8":"product_tag-kb-fentanyl-online","9":"product_tag-kb-fentanyl-plastre","11":"first","12":"instock","13":"featured","14":"shipping-taxable","15":"purchasable","16":"product-type-variable","17":"has-default-attributes"},"yoast_head":"<!-- This site is optimized with the Yoast SEO Premium plugin v20.6 (Yoast SEO v27.4) - https:\/\/yoast.com\/product\/yoast-seo-premium-wordpress\/ -->\n<title>K\u00f8b fentanylplastre online - fentanyl til salg | Good Dealers Meds<\/title>\n<meta name=\"description\" content=\"K\u00f8b fentanylplastre online uden recept. Fentanyl, er et opioid, der bruges som smertestillende medicin mod an\u00e6stesi eller vedvarende kroniske smerter.\" \/>\n<meta name=\"robots\" content=\"index, follow, max-snippet:-1, max-image-preview:large, max-video-preview:-1\" \/>\n<link rel=\"canonical\" href=\"https:\/\/gooddealersmeds.com\/da\/product\/fentanyl-plastre\/\" \/>\n<meta property=\"og:locale\" content=\"en_US\" \/>\n<meta property=\"og:type\" content=\"article\" \/>\n<meta property=\"og:title\" content=\"K\u00f8b fentanylplastre online\" \/>\n<meta property=\"og:description\" content=\"K\u00f8b fentanylplastre online uden recept. Fentanyl, er et opioid, der bruges som smertestillende medicin mod an\u00e6stesi eller vedvarende kroniske smerter.\" \/>\n<meta property=\"og:url\" content=\"https:\/\/gooddealersmeds.com\/da\/product\/fentanyl-plastre\/\" \/>\n<meta property=\"og:site_name\" content=\"Good Dealers Meds\" \/>\n<meta property=\"article:modified_time\" content=\"2023-01-18T06:35:19+00:00\" \/>\n<meta property=\"og:image\" content=\"https:\/\/gooddealersmeds.com\/da\/wp-content\/uploads\/sites\/2\/2022\/03\/Fentanyl-Patch-75mcg-e1573043473107-500x500-1.jpg\" \/>\n\t<meta property=\"og:image:width\" content=\"500\" \/>\n\t<meta property=\"og:image:height\" content=\"500\" \/>\n\t<meta property=\"og:image:type\" content=\"image\/jpeg\" \/>\n<meta name=\"twitter:card\" content=\"summary_large_image\" \/>\n<meta name=\"twitter:label1\" content=\"Est. reading time\" \/>\n\t<meta name=\"twitter:data1\" content=\"2 minutes\" \/>\n<script type=\"application\/ld+json\" class=\"yoast-schema-graph\">{\"@context\":\"https:\\\/\\\/schema.org\",\"@graph\":[{\"@type\":\"WebPage\",\"@id\":\"https:\\\/\\\/gooddealersmeds.com\\\/da\\\/product\\\/fentanyl-plastre\\\/\",\"url\":\"https:\\\/\\\/gooddealersmeds.com\\\/da\\\/product\\\/fentanyl-plastre\\\/\",\"name\":\"K\u00f8b fentanylplastre online - fentanyl til salg | Good Dealers Meds\",\"isPartOf\":{\"@id\":\"https:\\\/\\\/gooddealersmeds.com\\\/da\\\/#website\"},\"primaryImageOfPage\":{\"@id\":\"https:\\\/\\\/gooddealersmeds.com\\\/da\\\/product\\\/fentanyl-plastre\\\/#primaryimage\"},\"image\":{\"@id\":\"https:\\\/\\\/gooddealersmeds.com\\\/da\\\/product\\\/fentanyl-plastre\\\/#primaryimage\"},\"thumbnailUrl\":\"https:\\\/\\\/gooddealersmeds.com\\\/da\\\/wp-content\\\/uploads\\\/sites\\\/2\\\/2022\\\/03\\\/Fentanyl-Patch-75mcg-e1573043473107-500x500-1.jpg\",\"datePublished\":\"2022-03-19T02:16:28+00:00\",\"dateModified\":\"2023-01-18T06:35:19+00:00\",\"description\":\"K\u00f8b fentanylplastre online uden recept. Fentanyl, er et opioid, der bruges som smertestillende medicin mod an\u00e6stesi eller vedvarende kroniske smerter.\",\"breadcrumb\":{\"@id\":\"https:\\\/\\\/gooddealersmeds.com\\\/da\\\/product\\\/fentanyl-plastre\\\/#breadcrumb\"},\"inLanguage\":\"en-US\",\"potentialAction\":[{\"@type\":\"ReadAction\",\"target\":[\"https:\\\/\\\/gooddealersmeds.com\\\/da\\\/product\\\/fentanyl-plastre\\\/\"]}]},{\"@type\":\"ImageObject\",\"inLanguage\":\"en-US\",\"@id\":\"https:\\\/\\\/gooddealersmeds.com\\\/da\\\/product\\\/fentanyl-plastre\\\/#primaryimage\",\"url\":\"https:\\\/\\\/gooddealersmeds.com\\\/da\\\/wp-content\\\/uploads\\\/sites\\\/2\\\/2022\\\/03\\\/Fentanyl-Patch-75mcg-e1573043473107-500x500-1.jpg\",\"contentUrl\":\"https:\\\/\\\/gooddealersmeds.com\\\/da\\\/wp-content\\\/uploads\\\/sites\\\/2\\\/2022\\\/03\\\/Fentanyl-Patch-75mcg-e1573043473107-500x500-1.jpg\",\"width\":500,\"height\":500,\"caption\":\"Buy Fentanyl Online\"},{\"@type\":\"BreadcrumbList\",\"@id\":\"https:\\\/\\\/gooddealersmeds.com\\\/da\\\/product\\\/fentanyl-plastre\\\/#breadcrumb\",\"itemListElement\":[{\"@type\":\"ListItem\",\"position\":1,\"name\":\"Home\",\"item\":\"https:\\\/\\\/gooddealersmeds.com\\\/da\\\/\"},{\"@type\":\"ListItem\",\"position\":2,\"name\":\"Produkter\",\"item\":\"https:\\\/\\\/gooddealersmeds.com\\\/da\\\/produkter\\\/\"},{\"@type\":\"ListItem\",\"position\":3,\"name\":\"K\u00f8b fentanylplastre online\"}]},{\"@type\":\"WebSite\",\"@id\":\"https:\\\/\\\/gooddealersmeds.com\\\/da\\\/#website\",\"url\":\"https:\\\/\\\/gooddealersmeds.com\\\/da\\\/\",\"name\":\"Good Dealers Meds\",\"description\":\"All our best\",\"publisher\":{\"@id\":\"https:\\\/\\\/gooddealersmeds.com\\\/da\\\/#organization\"},\"potentialAction\":[{\"@type\":\"SearchAction\",\"target\":{\"@type\":\"EntryPoint\",\"urlTemplate\":\"https:\\\/\\\/gooddealersmeds.com\\\/da\\\/?s={search_term_string}\"},\"query-input\":{\"@type\":\"PropertyValueSpecification\",\"valueRequired\":true,\"valueName\":\"search_term_string\"}}],\"inLanguage\":\"en-US\"},{\"@type\":\"Organization\",\"@id\":\"https:\\\/\\\/gooddealersmeds.com\\\/da\\\/#organization\",\"name\":\"Good Dealers Meds\",\"url\":\"https:\\\/\\\/gooddealersmeds.com\\\/da\\\/\",\"logo\":{\"@type\":\"ImageObject\",\"inLanguage\":\"en-US\",\"@id\":\"https:\\\/\\\/gooddealersmeds.com\\\/da\\\/#\\\/schema\\\/logo\\\/image\\\/\",\"url\":\"https:\\\/\\\/gooddealersmeds.com\\\/da\\\/wp-content\\\/uploads\\\/sites\\\/2\\\/2022\\\/03\\\/gooddealersmeds__logo__20220317T222800Z.00.png\",\"contentUrl\":\"https:\\\/\\\/gooddealersmeds.com\\\/da\\\/wp-content\\\/uploads\\\/sites\\\/2\\\/2022\\\/03\\\/gooddealersmeds__logo__20220317T222800Z.00.png\",\"width\":500,\"height\":325,\"caption\":\"Good Dealers Meds\"},\"image\":{\"@id\":\"https:\\\/\\\/gooddealersmeds.com\\\/da\\\/#\\\/schema\\\/logo\\\/image\\\/\"}}]}<\/script>\n<!-- \/ Yoast SEO Premium plugin. -->","yoast_head_json":{"title":"K\u00f8b fentanylplastre online - fentanyl til salg | Good Dealers Meds","description":"K\u00f8b fentanylplastre online uden recept. Fentanyl, er et opioid, der bruges som smertestillende medicin mod an\u00e6stesi eller vedvarende kroniske smerter.","robots":{"index":"index","follow":"follow","max-snippet":"max-snippet:-1","max-image-preview":"max-image-preview:large","max-video-preview":"max-video-preview:-1"},"canonical":"https:\/\/gooddealersmeds.com\/da\/product\/fentanyl-plastre\/","og_locale":"en_US","og_type":"article","og_title":"K\u00f8b fentanylplastre online","og_description":"K\u00f8b fentanylplastre online uden recept. Fentanyl, er et opioid, der bruges som smertestillende medicin mod an\u00e6stesi eller vedvarende kroniske smerter.","og_url":"https:\/\/gooddealersmeds.com\/da\/product\/fentanyl-plastre\/","og_site_name":"Good Dealers Meds","article_modified_time":"2023-01-18T06:35:19+00:00","og_image":[{"width":500,"height":500,"url":"https:\/\/gooddealersmeds.com\/da\/wp-content\/uploads\/sites\/2\/2022\/03\/Fentanyl-Patch-75mcg-e1573043473107-500x500-1.jpg","type":"image\/jpeg"}],"twitter_card":"summary_large_image","twitter_misc":{"Est. reading time":"2 minutes"},"schema":{"@context":"https:\/\/schema.org","@graph":[{"@type":"WebPage","@id":"https:\/\/gooddealersmeds.com\/da\/product\/fentanyl-plastre\/","url":"https:\/\/gooddealersmeds.com\/da\/product\/fentanyl-plastre\/","name":"K\u00f8b fentanylplastre online - fentanyl til salg | Good Dealers Meds","isPartOf":{"@id":"https:\/\/gooddealersmeds.com\/da\/#website"},"primaryImageOfPage":{"@id":"https:\/\/gooddealersmeds.com\/da\/product\/fentanyl-plastre\/#primaryimage"},"image":{"@id":"https:\/\/gooddealersmeds.com\/da\/product\/fentanyl-plastre\/#primaryimage"},"thumbnailUrl":"https:\/\/gooddealersmeds.com\/da\/wp-content\/uploads\/sites\/2\/2022\/03\/Fentanyl-Patch-75mcg-e1573043473107-500x500-1.jpg","datePublished":"2022-03-19T02:16:28+00:00","dateModified":"2023-01-18T06:35:19+00:00","description":"K\u00f8b fentanylplastre online uden recept. Fentanyl, er et opioid, der bruges som smertestillende medicin mod an\u00e6stesi eller vedvarende kroniske smerter.","breadcrumb":{"@id":"https:\/\/gooddealersmeds.com\/da\/product\/fentanyl-plastre\/#breadcrumb"},"inLanguage":"en-US","potentialAction":[{"@type":"ReadAction","target":["https:\/\/gooddealersmeds.com\/da\/product\/fentanyl-plastre\/"]}]},{"@type":"ImageObject","inLanguage":"en-US","@id":"https:\/\/gooddealersmeds.com\/da\/product\/fentanyl-plastre\/#primaryimage","url":"https:\/\/gooddealersmeds.com\/da\/wp-content\/uploads\/sites\/2\/2022\/03\/Fentanyl-Patch-75mcg-e1573043473107-500x500-1.jpg","contentUrl":"https:\/\/gooddealersmeds.com\/da\/wp-content\/uploads\/sites\/2\/2022\/03\/Fentanyl-Patch-75mcg-e1573043473107-500x500-1.jpg","width":500,"height":500,"caption":"Buy Fentanyl Online"},{"@type":"BreadcrumbList","@id":"https:\/\/gooddealersmeds.com\/da\/product\/fentanyl-plastre\/#breadcrumb","itemListElement":[{"@type":"ListItem","position":1,"name":"Home","item":"https:\/\/gooddealersmeds.com\/da\/"},{"@type":"ListItem","position":2,"name":"Produkter","item":"https:\/\/gooddealersmeds.com\/da\/produkter\/"},{"@type":"ListItem","position":3,"name":"K\u00f8b fentanylplastre online"}]},{"@type":"WebSite","@id":"https:\/\/gooddealersmeds.com\/da\/#website","url":"https:\/\/gooddealersmeds.com\/da\/","name":"Good Dealers Meds","description":"All our best","publisher":{"@id":"https:\/\/gooddealersmeds.com\/da\/#organization"},"potentialAction":[{"@type":"SearchAction","target":{"@type":"EntryPoint","urlTemplate":"https:\/\/gooddealersmeds.com\/da\/?s={search_term_string}"},"query-input":{"@type":"PropertyValueSpecification","valueRequired":true,"valueName":"search_term_string"}}],"inLanguage":"en-US"},{"@type":"Organization","@id":"https:\/\/gooddealersmeds.com\/da\/#organization","name":"Good Dealers Meds","url":"https:\/\/gooddealersmeds.com\/da\/","logo":{"@type":"ImageObject","inLanguage":"en-US","@id":"https:\/\/gooddealersmeds.com\/da\/#\/schema\/logo\/image\/","url":"https:\/\/gooddealersmeds.com\/da\/wp-content\/uploads\/sites\/2\/2022\/03\/gooddealersmeds__logo__20220317T222800Z.00.png","contentUrl":"https:\/\/gooddealersmeds.com\/da\/wp-content\/uploads\/sites\/2\/2022\/03\/gooddealersmeds__logo__20220317T222800Z.00.png","width":500,"height":325,"caption":"Good Dealers Meds"},"image":{"@id":"https:\/\/gooddealersmeds.com\/da\/#\/schema\/logo\/image\/"}}]}},"_links":{"self":[{"href":"https:\/\/gooddealersmeds.com\/da\/wp-json\/wp\/v2\/product\/1728","targetHints":{"allow":["GET"]}}],"collection":[{"href":"https:\/\/gooddealersmeds.com\/da\/wp-json\/wp\/v2\/product"}],"about":[{"href":"https:\/\/gooddealersmeds.com\/da\/wp-json\/wp\/v2\/types\/product"}],"replies":[{"embeddable":true,"href":"https:\/\/gooddealersmeds.com\/da\/wp-json\/wp\/v2\/comments?post=1728"}],"wp:featuredmedia":[{"embeddable":true,"href":"https:\/\/gooddealersmeds.com\/da\/wp-json\/wp\/v2\/media\/1734"}],"wp:attachment":[{"href":"https:\/\/gooddealersmeds.com\/da\/wp-json\/wp\/v2\/media?parent=1728"}],"wp:term":[{"taxonomy":"product_brand","embeddable":true,"href":"https:\/\/gooddealersmeds.com\/da\/wp-json\/wp\/v2\/product_brand?post=1728"},{"taxonomy":"product_cat","embeddable":true,"href":"https:\/\/gooddealersmeds.com\/da\/wp-json\/wp\/v2\/product_cat?post=1728"},{"taxonomy":"product_tag","embeddable":true,"href":"https:\/\/gooddealersmeds.com\/da\/wp-json\/wp\/v2\/product_tag?post=1728"}],"curies":[{"name":"wp","href":"https:\/\/api.w.org\/{rel}","templated":true}]}}