{"id":1718,"date":"2022-03-19T01:50:33","date_gmt":"2022-03-19T01:50:33","guid":{"rendered":"https:\/\/gooddealersmeds.com\/da\/?post_type=product&#038;p=1718"},"modified":"2023-01-18T06:38:32","modified_gmt":"2023-01-18T06:38:32","slug":"kob-morfin-sulfat-online","status":"publish","type":"product","link":"https:\/\/gooddealersmeds.com\/da\/product\/kob-morfin-sulfat-online\/","title":{"rendered":"K\u00f8b Morphinsulfat Online"},"content":{"rendered":"<h2>K\u00f8b morfinsulfat online fra topklasse<\/h2>\n<p>K\u00f8b morphinsulfat online. Morfin er et st\u00e6rkt smertestillende middel. Det bruges til at behandle sv\u00e6re smerter. Denne medicin bruges til at behandle alvorlige kroniske smerter (s\u00e5som p\u00e5 grund af kr\u00e6ft). Morfin tilh\u00f8rer klassen af \u200b\u200bopioidanalgetika. Det \u00e6ndrer, hvordan din krop opfatter og reagerer p\u00e5 smerte ved at virke p\u00e5 hjernen. De h\u00f8jere styrker af dette l\u00e6gemiddel (90 og 120 milligram pr. kapsel) b\u00f8r kun bruges, hvis du har taget moderate til h\u00f8je doser af opioid smertestillende medicin p\u00e5 regelm\u00e6ssig basis.<\/p>\n<p>&#8220;Tyg, knus aldrig, eller opl\u00f8s dette l\u00e6gemiddel eller kapslernes indhold. Du m\u00e5 heller ikke indtage alkohol eller bruge andre alkoholholdige produkter, mens du tager denne medicin. Indtagelse af morfinsulfat sammen med alkohol eller knust, tygget eller opl\u00f8st typer morfin med forl\u00e6nget frigivelse kan resultere i en d\u00f8delig overdosis.&#8221; K\u00f8b morphinsulfat online<\/p>\n<p>F\u00f8r du begynder at bruge morfin, og hver gang du f\u00e5r en genopfyldning, skal du l\u00e6se medicinvejledningen udstedt af din apoteker. Kontakt din l\u00e6ge eller apotek, hvis du har sp\u00f8rgsm\u00e5l.<\/p>\n<p><strong>Effekter du f\u00e5r ved at bruge morfinsulfat<\/strong><\/p>\n<p><a href=\"https:\/\/gooddealersmeds.com\/da\/product\/kob-morfin-sulfat-online\/\">Morfin<\/a> virker ved at forhindre smertesignaler i at n\u00e5 hjernen via nerverne. Morfins mest udbredte bivirkninger er forstoppelse, kvalme og tr\u00e6thed. Morfinafh\u00e6ngighed kan t\u00e6nkes, men det er ualmindeligt, hvis du tager det for at h\u00e5ndtere smerter, og din l\u00e6ge vurderer din medicin p\u00e5 en hyppig basis.<\/p>\n<p>Morfin kan tages af b\u00f8rn og voksne i alle aldre. Men babyer, sm\u00e5 b\u00f8rn og \u00e6ldre mennesker er mere tilb\u00f8jelige til at f\u00e5 bivirkninger. Fort\u00e6l det til din l\u00e6ge, f\u00f8r du begynder at tage medicinen, hvis du:<\/p>\n<ul>\n<li>nogensinde har haft en allergisk reaktion over for morfin eller anden medicin<\/li>\n<li>Har vejrtr\u00e6kningsbesv\u00e6r eller lungeproblemer<\/li>\n<li>Har en afh\u00e6ngighed af alkohol<\/li>\n<li>Har en tilstand, der for\u00e5rsager anfald eller anfald<\/li>\n<li>Har en hovedskade<\/li>\n<li>Har lavt skjoldbruskkirtelniveau<\/li>\n<li>Har binyreproblemer<\/li>\n<li>Har nyre- eller leverproblemer<\/li>\n<li>Har en forst\u00f8rret prostata<\/li>\n<li>Har lavt blodtryk<\/li>\n<\/ul>\n<p><strong>Her kan du bestille morfinsulfat, en af \u200b\u200bde bedste til at s\u00e6tte dig selv fri.<\/strong><\/p>\n<p>Vi l\u00e6gger v\u00e6gt p\u00e5 produktkvalitet og sikrer, at vores medicin er rimeligt prissat. N\u00e5r du handler i medicin- og kemibutikken, er dit privatliv altid sikret. Du kan nemt k\u00f8be morfinsulfat online fra vores onlinebutik.<\/p>\n","protected":false},"excerpt":{"rendered":"<p>Morfin bruges til at lindre sv\u00e6r smerte. Det tilh\u00f8rer en klasse af l\u00e6gemidler kendt som opioidanalgetika. Det arbejder i hjernen for at \u00e6ndre, hvordan din krop f\u00f8les og reagerer p\u00e5 smerte.<\/p>\n","protected":false},"featured_media":1727,"comment_status":"open","ping_status":"closed","template":"","meta":{"inline_featured_image":false},"product_brand":[],"product_cat":[347],"product_tag":[],"class_list":{"0":"post-1718","1":"product","2":"type-product","3":"status-publish","4":"has-post-thumbnail","6":"product_cat-opioid-smertestillende-middel","7":"pa_milliliters-100-ml","8":"pa_milliliters-250-ml","9":"pa_milliliters-50-ml","10":"pa_milliliters-500-ml","12":"first","13":"instock","14":"featured","15":"shipping-taxable","16":"purchasable","17":"product-type-variable","18":"has-default-attributes"},"yoast_head":"<!-- This site is optimized with the Yoast SEO Premium plugin v20.6 (Yoast SEO v27.3) - https:\/\/yoast.com\/product\/yoast-seo-premium-wordpress\/ -->\n<title>K\u00f8b morphinsulfat online | Morfin til salg kl Good Dealers Meds<\/title>\n<meta name=\"description\" content=\"K\u00f8b morphinsulfat online h\u00e6tteglas 50mg\/Ml 20ml fra Good Dealers Meds til den bedste pris. Det bruges til at lindre moderat til sv\u00e6r smerte.\" \/>\n<meta name=\"robots\" content=\"index, follow, max-snippet:-1, max-image-preview:large, max-video-preview:-1\" \/>\n<link rel=\"canonical\" href=\"https:\/\/gooddealersmeds.com\/da\/product\/kob-morfin-sulfat-online\/\" \/>\n<meta property=\"og:locale\" content=\"en_US\" \/>\n<meta property=\"og:type\" content=\"article\" \/>\n<meta property=\"og:title\" content=\"K\u00f8b Morphinsulfat Online\" \/>\n<meta property=\"og:description\" content=\"K\u00f8b morphinsulfat online h\u00e6tteglas 50mg\/Ml 20ml fra Good Dealers Meds til den bedste pris. Det bruges til at lindre moderat til sv\u00e6r smerte.\" \/>\n<meta property=\"og:url\" content=\"https:\/\/gooddealersmeds.com\/da\/product\/kob-morfin-sulfat-online\/\" \/>\n<meta property=\"og:site_name\" content=\"Good Dealers Meds\" \/>\n<meta property=\"article:modified_time\" content=\"2023-01-18T06:38:32+00:00\" \/>\n<meta property=\"og:image\" content=\"https:\/\/gooddealersmeds.com\/da\/wp-content\/uploads\/sites\/2\/2022\/03\/Morphine.jpeg\" \/>\n\t<meta property=\"og:image:width\" content=\"800\" \/>\n\t<meta property=\"og:image:height\" content=\"800\" \/>\n\t<meta property=\"og:image:type\" content=\"image\/jpeg\" \/>\n<meta name=\"twitter:card\" content=\"summary_large_image\" \/>\n<meta name=\"twitter:label1\" content=\"Est. reading time\" \/>\n\t<meta name=\"twitter:data1\" content=\"2 minutes\" \/>\n<script type=\"application\/ld+json\" class=\"yoast-schema-graph\">{\"@context\":\"https:\\\/\\\/schema.org\",\"@graph\":[{\"@type\":\"WebPage\",\"@id\":\"https:\\\/\\\/gooddealersmeds.com\\\/da\\\/product\\\/kob-morfin-sulfat-online\\\/\",\"url\":\"https:\\\/\\\/gooddealersmeds.com\\\/da\\\/product\\\/kob-morfin-sulfat-online\\\/\",\"name\":\"K\u00f8b morphinsulfat online | Morfin til salg kl Good Dealers Meds\",\"isPartOf\":{\"@id\":\"https:\\\/\\\/gooddealersmeds.com\\\/da\\\/#website\"},\"primaryImageOfPage\":{\"@id\":\"https:\\\/\\\/gooddealersmeds.com\\\/da\\\/product\\\/kob-morfin-sulfat-online\\\/#primaryimage\"},\"image\":{\"@id\":\"https:\\\/\\\/gooddealersmeds.com\\\/da\\\/product\\\/kob-morfin-sulfat-online\\\/#primaryimage\"},\"thumbnailUrl\":\"https:\\\/\\\/gooddealersmeds.com\\\/da\\\/wp-content\\\/uploads\\\/sites\\\/2\\\/2022\\\/03\\\/Morphine.jpeg\",\"datePublished\":\"2022-03-19T01:50:33+00:00\",\"dateModified\":\"2023-01-18T06:38:32+00:00\",\"description\":\"K\u00f8b morphinsulfat online h\u00e6tteglas 50mg\\\/Ml 20ml fra Good Dealers Meds til den bedste pris. Det bruges til at lindre moderat til sv\u00e6r smerte.\",\"breadcrumb\":{\"@id\":\"https:\\\/\\\/gooddealersmeds.com\\\/da\\\/product\\\/kob-morfin-sulfat-online\\\/#breadcrumb\"},\"inLanguage\":\"en-US\",\"potentialAction\":[{\"@type\":\"ReadAction\",\"target\":[\"https:\\\/\\\/gooddealersmeds.com\\\/da\\\/product\\\/kob-morfin-sulfat-online\\\/\"]}]},{\"@type\":\"ImageObject\",\"inLanguage\":\"en-US\",\"@id\":\"https:\\\/\\\/gooddealersmeds.com\\\/da\\\/product\\\/kob-morfin-sulfat-online\\\/#primaryimage\",\"url\":\"https:\\\/\\\/gooddealersmeds.com\\\/da\\\/wp-content\\\/uploads\\\/sites\\\/2\\\/2022\\\/03\\\/Morphine.jpeg\",\"contentUrl\":\"https:\\\/\\\/gooddealersmeds.com\\\/da\\\/wp-content\\\/uploads\\\/sites\\\/2\\\/2022\\\/03\\\/Morphine.jpeg\",\"width\":800,\"height\":800,\"caption\":\"Buy Morphine Sulfate Online\"},{\"@type\":\"BreadcrumbList\",\"@id\":\"https:\\\/\\\/gooddealersmeds.com\\\/da\\\/product\\\/kob-morfin-sulfat-online\\\/#breadcrumb\",\"itemListElement\":[{\"@type\":\"ListItem\",\"position\":1,\"name\":\"Home\",\"item\":\"https:\\\/\\\/gooddealersmeds.com\\\/da\\\/\"},{\"@type\":\"ListItem\",\"position\":2,\"name\":\"Produkter\",\"item\":\"https:\\\/\\\/gooddealersmeds.com\\\/da\\\/produkter\\\/\"},{\"@type\":\"ListItem\",\"position\":3,\"name\":\"K\u00f8b Morphinsulfat Online\"}]},{\"@type\":\"WebSite\",\"@id\":\"https:\\\/\\\/gooddealersmeds.com\\\/da\\\/#website\",\"url\":\"https:\\\/\\\/gooddealersmeds.com\\\/da\\\/\",\"name\":\"Good Dealers Meds\",\"description\":\"All our best\",\"publisher\":{\"@id\":\"https:\\\/\\\/gooddealersmeds.com\\\/da\\\/#organization\"},\"potentialAction\":[{\"@type\":\"SearchAction\",\"target\":{\"@type\":\"EntryPoint\",\"urlTemplate\":\"https:\\\/\\\/gooddealersmeds.com\\\/da\\\/?s={search_term_string}\"},\"query-input\":{\"@type\":\"PropertyValueSpecification\",\"valueRequired\":true,\"valueName\":\"search_term_string\"}}],\"inLanguage\":\"en-US\"},{\"@type\":\"Organization\",\"@id\":\"https:\\\/\\\/gooddealersmeds.com\\\/da\\\/#organization\",\"name\":\"Good Dealers Meds\",\"url\":\"https:\\\/\\\/gooddealersmeds.com\\\/da\\\/\",\"logo\":{\"@type\":\"ImageObject\",\"inLanguage\":\"en-US\",\"@id\":\"https:\\\/\\\/gooddealersmeds.com\\\/da\\\/#\\\/schema\\\/logo\\\/image\\\/\",\"url\":\"https:\\\/\\\/gooddealersmeds.com\\\/da\\\/wp-content\\\/uploads\\\/sites\\\/2\\\/2022\\\/03\\\/gooddealersmeds__logo__20220317T222800Z.00.png\",\"contentUrl\":\"https:\\\/\\\/gooddealersmeds.com\\\/da\\\/wp-content\\\/uploads\\\/sites\\\/2\\\/2022\\\/03\\\/gooddealersmeds__logo__20220317T222800Z.00.png\",\"width\":500,\"height\":325,\"caption\":\"Good Dealers Meds\"},\"image\":{\"@id\":\"https:\\\/\\\/gooddealersmeds.com\\\/da\\\/#\\\/schema\\\/logo\\\/image\\\/\"}}]}<\/script>\n<!-- \/ Yoast SEO Premium plugin. -->","yoast_head_json":{"title":"K\u00f8b morphinsulfat online | Morfin til salg kl Good Dealers Meds","description":"K\u00f8b morphinsulfat online h\u00e6tteglas 50mg\/Ml 20ml fra Good Dealers Meds til den bedste pris. Det bruges til at lindre moderat til sv\u00e6r smerte.","robots":{"index":"index","follow":"follow","max-snippet":"max-snippet:-1","max-image-preview":"max-image-preview:large","max-video-preview":"max-video-preview:-1"},"canonical":"https:\/\/gooddealersmeds.com\/da\/product\/kob-morfin-sulfat-online\/","og_locale":"en_US","og_type":"article","og_title":"K\u00f8b Morphinsulfat Online","og_description":"K\u00f8b morphinsulfat online h\u00e6tteglas 50mg\/Ml 20ml fra Good Dealers Meds til den bedste pris. Det bruges til at lindre moderat til sv\u00e6r smerte.","og_url":"https:\/\/gooddealersmeds.com\/da\/product\/kob-morfin-sulfat-online\/","og_site_name":"Good Dealers Meds","article_modified_time":"2023-01-18T06:38:32+00:00","og_image":[{"width":800,"height":800,"url":"https:\/\/gooddealersmeds.com\/da\/wp-content\/uploads\/sites\/2\/2022\/03\/Morphine.jpeg","type":"image\/jpeg"}],"twitter_card":"summary_large_image","twitter_misc":{"Est. reading time":"2 minutes"},"schema":{"@context":"https:\/\/schema.org","@graph":[{"@type":"WebPage","@id":"https:\/\/gooddealersmeds.com\/da\/product\/kob-morfin-sulfat-online\/","url":"https:\/\/gooddealersmeds.com\/da\/product\/kob-morfin-sulfat-online\/","name":"K\u00f8b morphinsulfat online | Morfin til salg kl Good Dealers Meds","isPartOf":{"@id":"https:\/\/gooddealersmeds.com\/da\/#website"},"primaryImageOfPage":{"@id":"https:\/\/gooddealersmeds.com\/da\/product\/kob-morfin-sulfat-online\/#primaryimage"},"image":{"@id":"https:\/\/gooddealersmeds.com\/da\/product\/kob-morfin-sulfat-online\/#primaryimage"},"thumbnailUrl":"https:\/\/gooddealersmeds.com\/da\/wp-content\/uploads\/sites\/2\/2022\/03\/Morphine.jpeg","datePublished":"2022-03-19T01:50:33+00:00","dateModified":"2023-01-18T06:38:32+00:00","description":"K\u00f8b morphinsulfat online h\u00e6tteglas 50mg\/Ml 20ml fra Good Dealers Meds til den bedste pris. Det bruges til at lindre moderat til sv\u00e6r smerte.","breadcrumb":{"@id":"https:\/\/gooddealersmeds.com\/da\/product\/kob-morfin-sulfat-online\/#breadcrumb"},"inLanguage":"en-US","potentialAction":[{"@type":"ReadAction","target":["https:\/\/gooddealersmeds.com\/da\/product\/kob-morfin-sulfat-online\/"]}]},{"@type":"ImageObject","inLanguage":"en-US","@id":"https:\/\/gooddealersmeds.com\/da\/product\/kob-morfin-sulfat-online\/#primaryimage","url":"https:\/\/gooddealersmeds.com\/da\/wp-content\/uploads\/sites\/2\/2022\/03\/Morphine.jpeg","contentUrl":"https:\/\/gooddealersmeds.com\/da\/wp-content\/uploads\/sites\/2\/2022\/03\/Morphine.jpeg","width":800,"height":800,"caption":"Buy Morphine Sulfate Online"},{"@type":"BreadcrumbList","@id":"https:\/\/gooddealersmeds.com\/da\/product\/kob-morfin-sulfat-online\/#breadcrumb","itemListElement":[{"@type":"ListItem","position":1,"name":"Home","item":"https:\/\/gooddealersmeds.com\/da\/"},{"@type":"ListItem","position":2,"name":"Produkter","item":"https:\/\/gooddealersmeds.com\/da\/produkter\/"},{"@type":"ListItem","position":3,"name":"K\u00f8b Morphinsulfat Online"}]},{"@type":"WebSite","@id":"https:\/\/gooddealersmeds.com\/da\/#website","url":"https:\/\/gooddealersmeds.com\/da\/","name":"Good Dealers Meds","description":"All our best","publisher":{"@id":"https:\/\/gooddealersmeds.com\/da\/#organization"},"potentialAction":[{"@type":"SearchAction","target":{"@type":"EntryPoint","urlTemplate":"https:\/\/gooddealersmeds.com\/da\/?s={search_term_string}"},"query-input":{"@type":"PropertyValueSpecification","valueRequired":true,"valueName":"search_term_string"}}],"inLanguage":"en-US"},{"@type":"Organization","@id":"https:\/\/gooddealersmeds.com\/da\/#organization","name":"Good Dealers Meds","url":"https:\/\/gooddealersmeds.com\/da\/","logo":{"@type":"ImageObject","inLanguage":"en-US","@id":"https:\/\/gooddealersmeds.com\/da\/#\/schema\/logo\/image\/","url":"https:\/\/gooddealersmeds.com\/da\/wp-content\/uploads\/sites\/2\/2022\/03\/gooddealersmeds__logo__20220317T222800Z.00.png","contentUrl":"https:\/\/gooddealersmeds.com\/da\/wp-content\/uploads\/sites\/2\/2022\/03\/gooddealersmeds__logo__20220317T222800Z.00.png","width":500,"height":325,"caption":"Good Dealers Meds"},"image":{"@id":"https:\/\/gooddealersmeds.com\/da\/#\/schema\/logo\/image\/"}}]}},"_links":{"self":[{"href":"https:\/\/gooddealersmeds.com\/da\/wp-json\/wp\/v2\/product\/1718","targetHints":{"allow":["GET"]}}],"collection":[{"href":"https:\/\/gooddealersmeds.com\/da\/wp-json\/wp\/v2\/product"}],"about":[{"href":"https:\/\/gooddealersmeds.com\/da\/wp-json\/wp\/v2\/types\/product"}],"replies":[{"embeddable":true,"href":"https:\/\/gooddealersmeds.com\/da\/wp-json\/wp\/v2\/comments?post=1718"}],"wp:featuredmedia":[{"embeddable":true,"href":"https:\/\/gooddealersmeds.com\/da\/wp-json\/wp\/v2\/media\/1727"}],"wp:attachment":[{"href":"https:\/\/gooddealersmeds.com\/da\/wp-json\/wp\/v2\/media?parent=1718"}],"wp:term":[{"taxonomy":"product_brand","embeddable":true,"href":"https:\/\/gooddealersmeds.com\/da\/wp-json\/wp\/v2\/product_brand?post=1718"},{"taxonomy":"product_cat","embeddable":true,"href":"https:\/\/gooddealersmeds.com\/da\/wp-json\/wp\/v2\/product_cat?post=1718"},{"taxonomy":"product_tag","embeddable":true,"href":"https:\/\/gooddealersmeds.com\/da\/wp-json\/wp\/v2\/product_tag?post=1718"}],"curies":[{"name":"wp","href":"https:\/\/api.w.org\/{rel}","templated":true}]}}