{"id":1715,"date":"2022-03-19T01:50:06","date_gmt":"2022-03-19T01:50:06","guid":{"rendered":"https:\/\/gooddealersmeds.com\/da\/?post_type=product&#038;p=1715"},"modified":"2023-01-18T06:43:44","modified_gmt":"2023-01-18T06:43:44","slug":"kob-fentanyl-injektioner-online","status":"publish","type":"product","link":"https:\/\/gooddealersmeds.com\/da\/product\/kob-fentanyl-injektioner-online\/","title":{"rendered":"K\u00f8b fentanyl injektioner online"},"content":{"rendered":"<h2>F\u00e5 fentanylinjektion online ved at bestille p\u00e5 vores hjemmeside.<\/h2>\n<p>Injektioner med fentanyl bruges til at behandle ekstrem smerte under og efter operationen. Det kan ogs\u00e5 tages sammen med andre l\u00e6gemidler lige f\u00f8r eller under operationen for at \u00f8ge effektiviteten af \u200b\u200bbed\u00f8velsesmidlet (et bed\u00f8vende middel). K\u00f8b fentanyl-injektion online<\/p>\n<p>Fentanyl er medlem af klassen af \u200b\u200bl\u00e6gemidler kendt som narkotiske analgetika (smertemedicin). Fentanyl er et potent opioidanalgetikum. Det virker p\u00e5 at reducere smerte ved at virke p\u00e5 hjernen eller centralnervesystemet (CNS). CNS er ogs\u00e5 ansvarlig for flere af dets negative virkninger, herunder s\u00f8vnighed og svimmelhed. fentanylinjektion til salg &#8211; Fordelene ved fentanylinjektion skal vurderes i forhold til farerne, n\u00e5r det besluttes, om det skal bruges. Dette er noget, du og din l\u00e6ge vil beslutte.<\/p>\n<p>Fentanyl kan bruges til at behandle sv\u00e6re smerter. Det administreres, n\u00e5r andre smertestillende midler er ineffektive eller ut\u00e5lelige. Det virker ved at blokere hjernens modtagelse af smerte. Det er medlem af opioidklassen af \u200b\u200bl\u00e6gemidler.<\/p>\n<p><strong>Hvad er fentanylinjektion, og hvordan bruges det?<\/strong><\/p>\n<p>Denne medicin kan ogs\u00e5 bruges til andre ting. Tag aldrig mere medicin end anbefalet. Hvis du har vejrtr\u00e6kningsbesv\u00e6r eller f\u00f8ler dig us\u00e6dvanlig svag eller s\u00f8vnig, skal du straks ringe efter akut hj\u00e6lp. Fentanyl-injektion kan v\u00e6re d\u00e5rligt for dig, hvis du nogensinde har oplevet allergiske reaktioner over for fentanyl eller anden medicin, eller hvis du har vejrtr\u00e6kningsproblemer som astma eller en eksisterende lungesygdom. Du b\u00f8r undg\u00e5 fentanyl, hvis du fors\u00f8ger at blive gravid, eller hvis du er gravid eller ammer. Det har v\u00e6ret relateret til flere problemer for din baby i de tidlige stadier af graviditeten. Der er en chance for, at hvis du bruger fentanyl mod slutningen af \u200b\u200bdin graviditet, vil dit uf\u00f8dte barn udvikle fentanylafh\u00e6ngighed eller opleve abstinenssymptomer. Det er dog vigtigt at h\u00e5ndtere graviditetsrelaterede smerter. Fentanyl kan v\u00e6re den bedste l\u00f8sning for visse gravide kvinder, som har alvorligt ubehag. Den bedste person til at vejlede dig i at tr\u00e6ffe det bedste valg for dig og dit uf\u00f8dte barn er din l\u00e6ge.<\/p>\n<p><strong>fentanyl injektion til salg hos Good Dealers Meds<\/strong><\/p>\n<p>Selv hvis du mener, at den anbefalede dosis ikke er nok til at behandle din smerte, <a href=\"https:\/\/gooddealersmeds.com\/da\/product\/buy-fentanyl-injections-online\/\">bestil fentanylinjektion online<\/a>, er det vigtigt at f\u00f8lge anvisningerne n\u00f8jagtigt. Hvis du mener, du har brug for en anden dosis, skal du f\u00f8rst kontakte din l\u00e6ge. For meget fentanyl kan v\u00e6re farligt. Den m\u00e6ngde, der kan for\u00e5rsage en overdosis, er forskellig fra person til person. Ligesom andre opioider kan fentanyl-indspr\u00f8jtninger v\u00e6re vanedannende, hvis der ikke udvises forsigtighed.<\/p>\n","protected":false},"excerpt":{"rendered":"<p>Fentanylcitratinjektion, USP er en steril, ikke-pyrogen, konserveringsmiddelfri vandig opl\u00f8sning til intraven\u00f8s eller<br \/>\nintramuskul\u00e6r injektion<\/p>\n","protected":false},"featured_media":1725,"comment_status":"open","ping_status":"closed","template":"","meta":{"inline_featured_image":false},"product_brand":[],"product_cat":[347],"product_tag":[285,105,292,296,293,287,291,295,286,290,288,284,294,97,289,107,109,108,110,106,104],"class_list":{"0":"post-1715","1":"product","2":"type-product","3":"status-publish","4":"has-post-thumbnail","6":"product_cat-opioid-smertestillende-middel","7":"product_tag-buy-fentanyl-injections","8":"product_tag-canada","9":"product_tag-du-kan-stadig-f-fentanyl-indsprjtninger","10":"product_tag-er-fentanyl-injektioner-lovlige-i-canada","11":"product_tag-er-fentanyl-injektioner-lovlige-i-usa","12":"product_tag-fentanyl-injektioner-til-salg","13":"product_tag-fentanyl-injektioner-til-salg-i-usa","14":"product_tag-how-to-order-fentanyl-injections","15":"product_tag-hvor-kan-kbes-fentanyl-injektioner","16":"product_tag-hvor-kan-kbes-fentanyl-injektioner-online","17":"product_tag-injektioner-til-salg","18":"product_tag-kb-fentanyl-injektioner-online-kb-injektioner","19":"product_tag-kb-fentanyl-injektioner-online-usa","20":"product_tag-kb-fentanyl-online","21":"product_tag-kb-injektioner-online","22":"product_tag-kbe","23":"product_tag-leverandrer","24":"product_tag-online","25":"product_tag-sikker-levering","26":"product_tag-uk","27":"product_tag-usa","28":"pa_milliliters-100-ml","29":"pa_milliliters-250-ml","30":"pa_milliliters-50-ml","31":"pa_milliliters-500-ml","33":"first","34":"instock","35":"featured","36":"shipping-taxable","37":"purchasable","38":"product-type-variable","39":"has-default-attributes"},"yoast_head":"<!-- This site is optimized with the Yoast SEO Premium plugin v20.6 (Yoast SEO v27.4) - https:\/\/yoast.com\/product\/yoast-seo-premium-wordpress\/ -->\n<title>K\u00f8b fentanyl injektion online - bestil fentanylinjektion | Good Dealers Meds<\/title>\n<meta name=\"description\" content=\"K\u00f8b fentanyl injektion online, USP er en steril, ikke-pyrogen, konserveringsmiddelfri vandig opl\u00f8sning til intraven\u00f8s eller intramuskul\u00e6r injektion\" \/>\n<meta name=\"robots\" content=\"index, follow, max-snippet:-1, max-image-preview:large, max-video-preview:-1\" \/>\n<link rel=\"canonical\" href=\"https:\/\/gooddealersmeds.com\/da\/product\/kob-fentanyl-injektioner-online\/\" \/>\n<meta property=\"og:locale\" content=\"en_US\" \/>\n<meta property=\"og:type\" content=\"article\" \/>\n<meta property=\"og:title\" content=\"K\u00f8b fentanyl injektioner online\" \/>\n<meta property=\"og:description\" content=\"K\u00f8b fentanyl injektion online, USP er en steril, ikke-pyrogen, konserveringsmiddelfri vandig opl\u00f8sning til intraven\u00f8s eller intramuskul\u00e6r injektion\" \/>\n<meta property=\"og:url\" content=\"https:\/\/gooddealersmeds.com\/da\/product\/kob-fentanyl-injektioner-online\/\" \/>\n<meta property=\"og:site_name\" content=\"Good Dealers Meds\" \/>\n<meta property=\"article:modified_time\" content=\"2023-01-18T06:43:44+00:00\" \/>\n<meta property=\"og:image\" content=\"https:\/\/gooddealersmeds.com\/da\/wp-content\/uploads\/sites\/2\/2022\/03\/buy-fentanyl-injections-online.jpg\" \/>\n\t<meta property=\"og:image:width\" content=\"600\" \/>\n\t<meta property=\"og:image:height\" content=\"600\" \/>\n\t<meta property=\"og:image:type\" content=\"image\/jpeg\" \/>\n<meta name=\"twitter:card\" content=\"summary_large_image\" \/>\n<meta name=\"twitter:label1\" content=\"Est. reading time\" \/>\n\t<meta name=\"twitter:data1\" content=\"2 minutes\" \/>\n<script type=\"application\/ld+json\" class=\"yoast-schema-graph\">{\"@context\":\"https:\\\/\\\/schema.org\",\"@graph\":[{\"@type\":\"WebPage\",\"@id\":\"https:\\\/\\\/gooddealersmeds.com\\\/da\\\/product\\\/kob-fentanyl-injektioner-online\\\/\",\"url\":\"https:\\\/\\\/gooddealersmeds.com\\\/da\\\/product\\\/kob-fentanyl-injektioner-online\\\/\",\"name\":\"K\u00f8b fentanyl injektion online - bestil fentanylinjektion | Good Dealers Meds\",\"isPartOf\":{\"@id\":\"https:\\\/\\\/gooddealersmeds.com\\\/da\\\/#website\"},\"primaryImageOfPage\":{\"@id\":\"https:\\\/\\\/gooddealersmeds.com\\\/da\\\/product\\\/kob-fentanyl-injektioner-online\\\/#primaryimage\"},\"image\":{\"@id\":\"https:\\\/\\\/gooddealersmeds.com\\\/da\\\/product\\\/kob-fentanyl-injektioner-online\\\/#primaryimage\"},\"thumbnailUrl\":\"https:\\\/\\\/gooddealersmeds.com\\\/da\\\/wp-content\\\/uploads\\\/sites\\\/2\\\/2022\\\/03\\\/buy-fentanyl-injections-online.jpg\",\"datePublished\":\"2022-03-19T01:50:06+00:00\",\"dateModified\":\"2023-01-18T06:43:44+00:00\",\"description\":\"K\u00f8b fentanyl injektion online, USP er en steril, ikke-pyrogen, konserveringsmiddelfri vandig opl\u00f8sning til intraven\u00f8s eller intramuskul\u00e6r injektion\",\"breadcrumb\":{\"@id\":\"https:\\\/\\\/gooddealersmeds.com\\\/da\\\/product\\\/kob-fentanyl-injektioner-online\\\/#breadcrumb\"},\"inLanguage\":\"en-US\",\"potentialAction\":[{\"@type\":\"ReadAction\",\"target\":[\"https:\\\/\\\/gooddealersmeds.com\\\/da\\\/product\\\/kob-fentanyl-injektioner-online\\\/\"]}]},{\"@type\":\"ImageObject\",\"inLanguage\":\"en-US\",\"@id\":\"https:\\\/\\\/gooddealersmeds.com\\\/da\\\/product\\\/kob-fentanyl-injektioner-online\\\/#primaryimage\",\"url\":\"https:\\\/\\\/gooddealersmeds.com\\\/da\\\/wp-content\\\/uploads\\\/sites\\\/2\\\/2022\\\/03\\\/buy-fentanyl-injections-online.jpg\",\"contentUrl\":\"https:\\\/\\\/gooddealersmeds.com\\\/da\\\/wp-content\\\/uploads\\\/sites\\\/2\\\/2022\\\/03\\\/buy-fentanyl-injections-online.jpg\",\"width\":600,\"height\":600,\"caption\":\"Buy fentanyl Injections Online\"},{\"@type\":\"BreadcrumbList\",\"@id\":\"https:\\\/\\\/gooddealersmeds.com\\\/da\\\/product\\\/kob-fentanyl-injektioner-online\\\/#breadcrumb\",\"itemListElement\":[{\"@type\":\"ListItem\",\"position\":1,\"name\":\"Home\",\"item\":\"https:\\\/\\\/gooddealersmeds.com\\\/da\\\/\"},{\"@type\":\"ListItem\",\"position\":2,\"name\":\"Produkter\",\"item\":\"https:\\\/\\\/gooddealersmeds.com\\\/da\\\/produkter\\\/\"},{\"@type\":\"ListItem\",\"position\":3,\"name\":\"K\u00f8b fentanyl injektioner online\"}]},{\"@type\":\"WebSite\",\"@id\":\"https:\\\/\\\/gooddealersmeds.com\\\/da\\\/#website\",\"url\":\"https:\\\/\\\/gooddealersmeds.com\\\/da\\\/\",\"name\":\"Good Dealers Meds\",\"description\":\"All our best\",\"publisher\":{\"@id\":\"https:\\\/\\\/gooddealersmeds.com\\\/da\\\/#organization\"},\"potentialAction\":[{\"@type\":\"SearchAction\",\"target\":{\"@type\":\"EntryPoint\",\"urlTemplate\":\"https:\\\/\\\/gooddealersmeds.com\\\/da\\\/?s={search_term_string}\"},\"query-input\":{\"@type\":\"PropertyValueSpecification\",\"valueRequired\":true,\"valueName\":\"search_term_string\"}}],\"inLanguage\":\"en-US\"},{\"@type\":\"Organization\",\"@id\":\"https:\\\/\\\/gooddealersmeds.com\\\/da\\\/#organization\",\"name\":\"Good Dealers Meds\",\"url\":\"https:\\\/\\\/gooddealersmeds.com\\\/da\\\/\",\"logo\":{\"@type\":\"ImageObject\",\"inLanguage\":\"en-US\",\"@id\":\"https:\\\/\\\/gooddealersmeds.com\\\/da\\\/#\\\/schema\\\/logo\\\/image\\\/\",\"url\":\"https:\\\/\\\/gooddealersmeds.com\\\/da\\\/wp-content\\\/uploads\\\/sites\\\/2\\\/2022\\\/03\\\/gooddealersmeds__logo__20220317T222800Z.00.png\",\"contentUrl\":\"https:\\\/\\\/gooddealersmeds.com\\\/da\\\/wp-content\\\/uploads\\\/sites\\\/2\\\/2022\\\/03\\\/gooddealersmeds__logo__20220317T222800Z.00.png\",\"width\":500,\"height\":325,\"caption\":\"Good Dealers Meds\"},\"image\":{\"@id\":\"https:\\\/\\\/gooddealersmeds.com\\\/da\\\/#\\\/schema\\\/logo\\\/image\\\/\"}}]}<\/script>\n<!-- \/ Yoast SEO Premium plugin. -->","yoast_head_json":{"title":"K\u00f8b fentanyl injektion online - bestil fentanylinjektion | Good Dealers Meds","description":"K\u00f8b fentanyl injektion online, USP er en steril, ikke-pyrogen, konserveringsmiddelfri vandig opl\u00f8sning til intraven\u00f8s eller intramuskul\u00e6r injektion","robots":{"index":"index","follow":"follow","max-snippet":"max-snippet:-1","max-image-preview":"max-image-preview:large","max-video-preview":"max-video-preview:-1"},"canonical":"https:\/\/gooddealersmeds.com\/da\/product\/kob-fentanyl-injektioner-online\/","og_locale":"en_US","og_type":"article","og_title":"K\u00f8b fentanyl injektioner online","og_description":"K\u00f8b fentanyl injektion online, USP er en steril, ikke-pyrogen, konserveringsmiddelfri vandig opl\u00f8sning til intraven\u00f8s eller intramuskul\u00e6r injektion","og_url":"https:\/\/gooddealersmeds.com\/da\/product\/kob-fentanyl-injektioner-online\/","og_site_name":"Good Dealers Meds","article_modified_time":"2023-01-18T06:43:44+00:00","og_image":[{"width":600,"height":600,"url":"https:\/\/gooddealersmeds.com\/da\/wp-content\/uploads\/sites\/2\/2022\/03\/buy-fentanyl-injections-online.jpg","type":"image\/jpeg"}],"twitter_card":"summary_large_image","twitter_misc":{"Est. reading time":"2 minutes"},"schema":{"@context":"https:\/\/schema.org","@graph":[{"@type":"WebPage","@id":"https:\/\/gooddealersmeds.com\/da\/product\/kob-fentanyl-injektioner-online\/","url":"https:\/\/gooddealersmeds.com\/da\/product\/kob-fentanyl-injektioner-online\/","name":"K\u00f8b fentanyl injektion online - bestil fentanylinjektion | Good Dealers Meds","isPartOf":{"@id":"https:\/\/gooddealersmeds.com\/da\/#website"},"primaryImageOfPage":{"@id":"https:\/\/gooddealersmeds.com\/da\/product\/kob-fentanyl-injektioner-online\/#primaryimage"},"image":{"@id":"https:\/\/gooddealersmeds.com\/da\/product\/kob-fentanyl-injektioner-online\/#primaryimage"},"thumbnailUrl":"https:\/\/gooddealersmeds.com\/da\/wp-content\/uploads\/sites\/2\/2022\/03\/buy-fentanyl-injections-online.jpg","datePublished":"2022-03-19T01:50:06+00:00","dateModified":"2023-01-18T06:43:44+00:00","description":"K\u00f8b fentanyl injektion online, USP er en steril, ikke-pyrogen, konserveringsmiddelfri vandig opl\u00f8sning til intraven\u00f8s eller intramuskul\u00e6r injektion","breadcrumb":{"@id":"https:\/\/gooddealersmeds.com\/da\/product\/kob-fentanyl-injektioner-online\/#breadcrumb"},"inLanguage":"en-US","potentialAction":[{"@type":"ReadAction","target":["https:\/\/gooddealersmeds.com\/da\/product\/kob-fentanyl-injektioner-online\/"]}]},{"@type":"ImageObject","inLanguage":"en-US","@id":"https:\/\/gooddealersmeds.com\/da\/product\/kob-fentanyl-injektioner-online\/#primaryimage","url":"https:\/\/gooddealersmeds.com\/da\/wp-content\/uploads\/sites\/2\/2022\/03\/buy-fentanyl-injections-online.jpg","contentUrl":"https:\/\/gooddealersmeds.com\/da\/wp-content\/uploads\/sites\/2\/2022\/03\/buy-fentanyl-injections-online.jpg","width":600,"height":600,"caption":"Buy fentanyl Injections Online"},{"@type":"BreadcrumbList","@id":"https:\/\/gooddealersmeds.com\/da\/product\/kob-fentanyl-injektioner-online\/#breadcrumb","itemListElement":[{"@type":"ListItem","position":1,"name":"Home","item":"https:\/\/gooddealersmeds.com\/da\/"},{"@type":"ListItem","position":2,"name":"Produkter","item":"https:\/\/gooddealersmeds.com\/da\/produkter\/"},{"@type":"ListItem","position":3,"name":"K\u00f8b fentanyl injektioner online"}]},{"@type":"WebSite","@id":"https:\/\/gooddealersmeds.com\/da\/#website","url":"https:\/\/gooddealersmeds.com\/da\/","name":"Good Dealers Meds","description":"All our best","publisher":{"@id":"https:\/\/gooddealersmeds.com\/da\/#organization"},"potentialAction":[{"@type":"SearchAction","target":{"@type":"EntryPoint","urlTemplate":"https:\/\/gooddealersmeds.com\/da\/?s={search_term_string}"},"query-input":{"@type":"PropertyValueSpecification","valueRequired":true,"valueName":"search_term_string"}}],"inLanguage":"en-US"},{"@type":"Organization","@id":"https:\/\/gooddealersmeds.com\/da\/#organization","name":"Good Dealers Meds","url":"https:\/\/gooddealersmeds.com\/da\/","logo":{"@type":"ImageObject","inLanguage":"en-US","@id":"https:\/\/gooddealersmeds.com\/da\/#\/schema\/logo\/image\/","url":"https:\/\/gooddealersmeds.com\/da\/wp-content\/uploads\/sites\/2\/2022\/03\/gooddealersmeds__logo__20220317T222800Z.00.png","contentUrl":"https:\/\/gooddealersmeds.com\/da\/wp-content\/uploads\/sites\/2\/2022\/03\/gooddealersmeds__logo__20220317T222800Z.00.png","width":500,"height":325,"caption":"Good Dealers Meds"},"image":{"@id":"https:\/\/gooddealersmeds.com\/da\/#\/schema\/logo\/image\/"}}]}},"_links":{"self":[{"href":"https:\/\/gooddealersmeds.com\/da\/wp-json\/wp\/v2\/product\/1715","targetHints":{"allow":["GET"]}}],"collection":[{"href":"https:\/\/gooddealersmeds.com\/da\/wp-json\/wp\/v2\/product"}],"about":[{"href":"https:\/\/gooddealersmeds.com\/da\/wp-json\/wp\/v2\/types\/product"}],"replies":[{"embeddable":true,"href":"https:\/\/gooddealersmeds.com\/da\/wp-json\/wp\/v2\/comments?post=1715"}],"wp:featuredmedia":[{"embeddable":true,"href":"https:\/\/gooddealersmeds.com\/da\/wp-json\/wp\/v2\/media\/1725"}],"wp:attachment":[{"href":"https:\/\/gooddealersmeds.com\/da\/wp-json\/wp\/v2\/media?parent=1715"}],"wp:term":[{"taxonomy":"product_brand","embeddable":true,"href":"https:\/\/gooddealersmeds.com\/da\/wp-json\/wp\/v2\/product_brand?post=1715"},{"taxonomy":"product_cat","embeddable":true,"href":"https:\/\/gooddealersmeds.com\/da\/wp-json\/wp\/v2\/product_cat?post=1715"},{"taxonomy":"product_tag","embeddable":true,"href":"https:\/\/gooddealersmeds.com\/da\/wp-json\/wp\/v2\/product_tag?post=1715"}],"curies":[{"name":"wp","href":"https:\/\/api.w.org\/{rel}","templated":true}]}}