{"id":1701,"date":"2022-03-19T01:31:58","date_gmt":"2022-03-19T01:31:58","guid":{"rendered":"https:\/\/gooddealersmeds.com\/da\/?post_type=product&#038;p=1701"},"modified":"2023-01-18T18:20:06","modified_gmt":"2023-01-18T18:20:06","slug":"kob-ketamin-vaeske-online","status":"publish","type":"product","link":"https:\/\/gooddealersmeds.com\/da\/product\/kob-ketamin-vaeske-online\/","title":{"rendered":"K\u00f8b Ketamin V\u00e6ske Online"},"content":{"rendered":"<h2>Hvor kan man f\u00e5 ketaminv\u00e6ske hos en betroet leverand\u00f8r<\/h2>\n<p>K\u00f8b ketamin v\u00e6ske online uden besv\u00e6r og uden skjulte gebyrer hos industrikemikalier online. Ketamin er en unik medicin, og folk er flippet ud, blevet skadet, bestj\u00e5let eller famlet, fordi de var uvidende om ketamins &#8216;disassociative&#8217; egenskaber.<\/p>\n<p>Ketamin kan for\u00e5rsage uvirkelighedsfornemmelser, s\u00e5vel som visuelle og sensoriske forvr\u00e6ngninger, en forvr\u00e6nget f\u00f8lelse af ens egen krop, midlertidigt m\u00e6rkelige tanker og overbevisninger og opstemthed eller en summen.<\/p>\n<p>Selvom ketamin kun varer 15-40 minutter, adskiller det bevidstheden fra kroppen, hvilket g\u00f8r den ude af stand til at f\u00f8le eller kontrollere din krop med sikkerhed. At g\u00e5, l\u00f8be eller overhovedet bev\u00e6ge sig kan v\u00e6re umuligt, hvilket kan v\u00e6re skadeligt, hvis du pludselig befinder dig i en farlig situation.<\/p>\n<p>Dissociative stoffer kan for\u00e5rsage forvr\u00e6ngning af syn, farve, lyd, dig selv og milj\u00f8et. Ketamin kommer som en klar v\u00e6ske eller r\u00e5hvidt pulver til intraven\u00f8s injektion eller n\u00e6sespray.<\/p>\n<p>Hvorfor bruges ketamin medicinsk? Ketamin kan lindre smerter og for\u00e5rsage kortsigtet hukommelsestab (for eksempel hukommelsestab ved en medicinsk procedure).<\/p>\n<p><strong>Bestil ketaminv\u00e6ske her, og f\u00e5 det leveret lige til d\u00f8ren<\/strong><\/p>\n<ul>\n<li><a href=\"https:\/\/gooddealersmeds.com\/da\/product\/buy -ketamine-liquid-online\/\">Ketamin<\/a>, gennem blokering p\u00e5 N-methyl-D-aspartat (NMDA)-stedet, har en hurtig handling til at reducere symptomer p\u00e5 depression og akutte selvmordstanker.<\/li>\n<li>I kirurgi bruges det et induktions- og vedligeholdelsesmiddel til sedation og til at give generel an\u00e6stesi.<\/li>\n<li>Det er ogs\u00e5 blevet brugt til smertekontrol i forbr\u00e6ndingsterapi, slagmarksskader og til b\u00f8rn, der ikke kan bruge andre bed\u00f8velsesmidler p\u00e5 grund af bivirkninger eller allergier.<\/li>\n<\/ul>\n<p>Fordi der kan forekomme st\u00f8rre bivirkninger, s\u00e5som uregelm\u00e6ssige hjerterytmer, b\u00f8r amiodaron eller droxidopa anvendes. Dette er ikke en udt\u00f8mmende liste over alle mulige interaktioner. Sp\u00f8rg din l\u00e6ge, hvis ketamin kan forstyrre andre l\u00e6gemidler, du tager. F\u00f8r du begynder eller stopper, skal du r\u00e5df\u00f8re dig med din l\u00e6ge.<\/p>\n<p>K\u00f8b ketaminv\u00e6ske online fra <a href=\"https:\/\/gooddealersmeds.com\/da\">gooddealersmeds.com\/da<\/a>. Bedste tilbud! Tilg\u00e6ngelig ketaminpulver med h\u00f8j renhed og v\u00e6ske til injektion. Ingen recept p\u00e5kr\u00e6vet. Diskret emballage. Gratis verdensomsp\u00e6ndende levering. K\u00f8b ketamin v\u00e6ske online<\/p>\n","protected":false},"excerpt":{"rendered":"<p>FLYDENDE KETAMINE TIL SALG er et bed\u00f8velsesmiddel, ketamin er faktisk en speciel form for bed\u00f8velse kendt som et dissociativt bed\u00f8velsesmiddel.<\/p>\n","protected":false},"featured_media":1866,"comment_status":"open","ping_status":"closed","template":"","meta":{"inline_featured_image":false},"product_brand":[],"product_cat":[347],"product_tag":[271,267,264,265,266,268,269,270,272,273,274,275,276,278,277,279,280,281,282,283],"class_list":{"0":"post-1701","1":"product","2":"type-product","3":"status-publish","4":"has-post-thumbnail","6":"product_cat-opioid-smertestillende-middel","7":"product_tag-grine-gym","8":"product_tag-gymnopilus-gul","9":"product_tag-gymnopilus-aeruginosus","10":"product_tag-gymnopilus-luteofolius","11":"product_tag-gymnopilus-luteoviridis","12":"product_tag-gymnopilus-purpuratus","13":"product_tag-gymnopilus-viridans","14":"product_tag-inocybe-aeruginascens","15":"product_tag-mycena-cyanorrhiza","16":"product_tag-panaeolus-blte","17":"product_tag-panaeolus-cyanescens","18":"product_tag-pholiotina-cyanopus","19":"product_tag-pholiotina-smithii","20":"product_tag-hylde-pil","21":"product_tag-pluteus-nigroviridis","22":"product_tag-pluteus-villosus","23":"product_tag-psilocybe-allenii","24":"product_tag-psilocybe-azurescens","25":"product_tag-psilocybe-mexicana","26":"product_tag-psilocybe-subaeruginosa","27":"pa_milliliters-100-ml","28":"pa_milliliters-250-ml","29":"pa_milliliters-50-ml","30":"pa_milliliters-500-ml","32":"first","33":"instock","34":"featured","35":"shipping-taxable","36":"purchasable","37":"product-type-variable","38":"has-default-attributes"},"yoast_head":"<!-- This site is optimized with the Yoast SEO Premium plugin v20.6 (Yoast SEO v27.3) - https:\/\/yoast.com\/product\/yoast-seo-premium-wordpress\/ -->\n<title>K\u00f8b ketamin v\u00e6ske online - Ketamin v\u00e6ske Til salg | Good Dealers Meds<\/title>\n<meta name=\"description\" content=\"K\u00f8b ketamin v\u00e6ske online; faktisk en speciel form for bed\u00f8velse kendt som et dissociativt bed\u00f8velsesmiddel, der resulterer i delvist tab af f\u00f8lelse.\" \/>\n<meta name=\"robots\" content=\"index, follow, max-snippet:-1, max-image-preview:large, max-video-preview:-1\" \/>\n<link rel=\"canonical\" href=\"https:\/\/gooddealersmeds.com\/da\/product\/kob-ketamin-vaeske-online\/\" \/>\n<meta property=\"og:locale\" content=\"en_US\" \/>\n<meta property=\"og:type\" content=\"article\" \/>\n<meta property=\"og:title\" content=\"K\u00f8b Ketamin V\u00e6ske Online\" \/>\n<meta property=\"og:description\" content=\"K\u00f8b ketamin v\u00e6ske online; faktisk en speciel form for bed\u00f8velse kendt som et dissociativt bed\u00f8velsesmiddel, der resulterer i delvist tab af f\u00f8lelse.\" \/>\n<meta property=\"og:url\" content=\"https:\/\/gooddealersmeds.com\/da\/product\/kob-ketamin-vaeske-online\/\" \/>\n<meta property=\"og:site_name\" content=\"Good Dealers Meds\" \/>\n<meta property=\"article:modified_time\" content=\"2023-01-18T18:20:06+00:00\" \/>\n<meta property=\"og:image\" content=\"https:\/\/gooddealersmeds.com\/da\/wp-content\/uploads\/sites\/2\/2022\/03\/page_1_thumb_large.jpg\" \/>\n\t<meta property=\"og:image:width\" content=\"480\" \/>\n\t<meta property=\"og:image:height\" content=\"360\" \/>\n\t<meta property=\"og:image:type\" content=\"image\/jpeg\" \/>\n<meta name=\"twitter:card\" content=\"summary_large_image\" \/>\n<meta name=\"twitter:label1\" content=\"Est. reading time\" \/>\n\t<meta name=\"twitter:data1\" content=\"2 minutes\" \/>\n<script type=\"application\/ld+json\" class=\"yoast-schema-graph\">{\"@context\":\"https:\\\/\\\/schema.org\",\"@graph\":[{\"@type\":\"WebPage\",\"@id\":\"https:\\\/\\\/gooddealersmeds.com\\\/da\\\/product\\\/kob-ketamin-vaeske-online\\\/\",\"url\":\"https:\\\/\\\/gooddealersmeds.com\\\/da\\\/product\\\/kob-ketamin-vaeske-online\\\/\",\"name\":\"K\u00f8b ketamin v\u00e6ske online - Ketamin v\u00e6ske Til salg | Good Dealers Meds\",\"isPartOf\":{\"@id\":\"https:\\\/\\\/gooddealersmeds.com\\\/da\\\/#website\"},\"primaryImageOfPage\":{\"@id\":\"https:\\\/\\\/gooddealersmeds.com\\\/da\\\/product\\\/kob-ketamin-vaeske-online\\\/#primaryimage\"},\"image\":{\"@id\":\"https:\\\/\\\/gooddealersmeds.com\\\/da\\\/product\\\/kob-ketamin-vaeske-online\\\/#primaryimage\"},\"thumbnailUrl\":\"https:\\\/\\\/gooddealersmeds.com\\\/da\\\/wp-content\\\/uploads\\\/sites\\\/2\\\/2022\\\/03\\\/page_1_thumb_large.jpg\",\"datePublished\":\"2022-03-19T01:31:58+00:00\",\"dateModified\":\"2023-01-18T18:20:06+00:00\",\"description\":\"K\u00f8b ketamin v\u00e6ske online; faktisk en speciel form for bed\u00f8velse kendt som et dissociativt bed\u00f8velsesmiddel, der resulterer i delvist tab af f\u00f8lelse.\",\"breadcrumb\":{\"@id\":\"https:\\\/\\\/gooddealersmeds.com\\\/da\\\/product\\\/kob-ketamin-vaeske-online\\\/#breadcrumb\"},\"inLanguage\":\"en-US\",\"potentialAction\":[{\"@type\":\"ReadAction\",\"target\":[\"https:\\\/\\\/gooddealersmeds.com\\\/da\\\/product\\\/kob-ketamin-vaeske-online\\\/\"]}]},{\"@type\":\"ImageObject\",\"inLanguage\":\"en-US\",\"@id\":\"https:\\\/\\\/gooddealersmeds.com\\\/da\\\/product\\\/kob-ketamin-vaeske-online\\\/#primaryimage\",\"url\":\"https:\\\/\\\/gooddealersmeds.com\\\/da\\\/wp-content\\\/uploads\\\/sites\\\/2\\\/2022\\\/03\\\/page_1_thumb_large.jpg\",\"contentUrl\":\"https:\\\/\\\/gooddealersmeds.com\\\/da\\\/wp-content\\\/uploads\\\/sites\\\/2\\\/2022\\\/03\\\/page_1_thumb_large.jpg\",\"width\":480,\"height\":360,\"caption\":\"Buy Ketamine Liquid Online\"},{\"@type\":\"BreadcrumbList\",\"@id\":\"https:\\\/\\\/gooddealersmeds.com\\\/da\\\/product\\\/kob-ketamin-vaeske-online\\\/#breadcrumb\",\"itemListElement\":[{\"@type\":\"ListItem\",\"position\":1,\"name\":\"Home\",\"item\":\"https:\\\/\\\/gooddealersmeds.com\\\/da\\\/\"},{\"@type\":\"ListItem\",\"position\":2,\"name\":\"Produkter\",\"item\":\"https:\\\/\\\/gooddealersmeds.com\\\/da\\\/produkter\\\/\"},{\"@type\":\"ListItem\",\"position\":3,\"name\":\"K\u00f8b Ketamin V\u00e6ske Online\"}]},{\"@type\":\"WebSite\",\"@id\":\"https:\\\/\\\/gooddealersmeds.com\\\/da\\\/#website\",\"url\":\"https:\\\/\\\/gooddealersmeds.com\\\/da\\\/\",\"name\":\"Good Dealers Meds\",\"description\":\"All our best\",\"publisher\":{\"@id\":\"https:\\\/\\\/gooddealersmeds.com\\\/da\\\/#organization\"},\"potentialAction\":[{\"@type\":\"SearchAction\",\"target\":{\"@type\":\"EntryPoint\",\"urlTemplate\":\"https:\\\/\\\/gooddealersmeds.com\\\/da\\\/?s={search_term_string}\"},\"query-input\":{\"@type\":\"PropertyValueSpecification\",\"valueRequired\":true,\"valueName\":\"search_term_string\"}}],\"inLanguage\":\"en-US\"},{\"@type\":\"Organization\",\"@id\":\"https:\\\/\\\/gooddealersmeds.com\\\/da\\\/#organization\",\"name\":\"Good Dealers Meds\",\"url\":\"https:\\\/\\\/gooddealersmeds.com\\\/da\\\/\",\"logo\":{\"@type\":\"ImageObject\",\"inLanguage\":\"en-US\",\"@id\":\"https:\\\/\\\/gooddealersmeds.com\\\/da\\\/#\\\/schema\\\/logo\\\/image\\\/\",\"url\":\"https:\\\/\\\/gooddealersmeds.com\\\/da\\\/wp-content\\\/uploads\\\/sites\\\/2\\\/2022\\\/03\\\/gooddealersmeds__logo__20220317T222800Z.00.png\",\"contentUrl\":\"https:\\\/\\\/gooddealersmeds.com\\\/da\\\/wp-content\\\/uploads\\\/sites\\\/2\\\/2022\\\/03\\\/gooddealersmeds__logo__20220317T222800Z.00.png\",\"width\":500,\"height\":325,\"caption\":\"Good Dealers Meds\"},\"image\":{\"@id\":\"https:\\\/\\\/gooddealersmeds.com\\\/da\\\/#\\\/schema\\\/logo\\\/image\\\/\"}}]}<\/script>\n<!-- \/ Yoast SEO Premium plugin. -->","yoast_head_json":{"title":"K\u00f8b ketamin v\u00e6ske online - Ketamin v\u00e6ske Til salg | Good Dealers Meds","description":"K\u00f8b ketamin v\u00e6ske online; faktisk en speciel form for bed\u00f8velse kendt som et dissociativt bed\u00f8velsesmiddel, der resulterer i delvist tab af f\u00f8lelse.","robots":{"index":"index","follow":"follow","max-snippet":"max-snippet:-1","max-image-preview":"max-image-preview:large","max-video-preview":"max-video-preview:-1"},"canonical":"https:\/\/gooddealersmeds.com\/da\/product\/kob-ketamin-vaeske-online\/","og_locale":"en_US","og_type":"article","og_title":"K\u00f8b Ketamin V\u00e6ske Online","og_description":"K\u00f8b ketamin v\u00e6ske online; faktisk en speciel form for bed\u00f8velse kendt som et dissociativt bed\u00f8velsesmiddel, der resulterer i delvist tab af f\u00f8lelse.","og_url":"https:\/\/gooddealersmeds.com\/da\/product\/kob-ketamin-vaeske-online\/","og_site_name":"Good Dealers Meds","article_modified_time":"2023-01-18T18:20:06+00:00","og_image":[{"width":480,"height":360,"url":"https:\/\/gooddealersmeds.com\/da\/wp-content\/uploads\/sites\/2\/2022\/03\/page_1_thumb_large.jpg","type":"image\/jpeg"}],"twitter_card":"summary_large_image","twitter_misc":{"Est. reading time":"2 minutes"},"schema":{"@context":"https:\/\/schema.org","@graph":[{"@type":"WebPage","@id":"https:\/\/gooddealersmeds.com\/da\/product\/kob-ketamin-vaeske-online\/","url":"https:\/\/gooddealersmeds.com\/da\/product\/kob-ketamin-vaeske-online\/","name":"K\u00f8b ketamin v\u00e6ske online - Ketamin v\u00e6ske Til salg | Good Dealers Meds","isPartOf":{"@id":"https:\/\/gooddealersmeds.com\/da\/#website"},"primaryImageOfPage":{"@id":"https:\/\/gooddealersmeds.com\/da\/product\/kob-ketamin-vaeske-online\/#primaryimage"},"image":{"@id":"https:\/\/gooddealersmeds.com\/da\/product\/kob-ketamin-vaeske-online\/#primaryimage"},"thumbnailUrl":"https:\/\/gooddealersmeds.com\/da\/wp-content\/uploads\/sites\/2\/2022\/03\/page_1_thumb_large.jpg","datePublished":"2022-03-19T01:31:58+00:00","dateModified":"2023-01-18T18:20:06+00:00","description":"K\u00f8b ketamin v\u00e6ske online; faktisk en speciel form for bed\u00f8velse kendt som et dissociativt bed\u00f8velsesmiddel, der resulterer i delvist tab af f\u00f8lelse.","breadcrumb":{"@id":"https:\/\/gooddealersmeds.com\/da\/product\/kob-ketamin-vaeske-online\/#breadcrumb"},"inLanguage":"en-US","potentialAction":[{"@type":"ReadAction","target":["https:\/\/gooddealersmeds.com\/da\/product\/kob-ketamin-vaeske-online\/"]}]},{"@type":"ImageObject","inLanguage":"en-US","@id":"https:\/\/gooddealersmeds.com\/da\/product\/kob-ketamin-vaeske-online\/#primaryimage","url":"https:\/\/gooddealersmeds.com\/da\/wp-content\/uploads\/sites\/2\/2022\/03\/page_1_thumb_large.jpg","contentUrl":"https:\/\/gooddealersmeds.com\/da\/wp-content\/uploads\/sites\/2\/2022\/03\/page_1_thumb_large.jpg","width":480,"height":360,"caption":"Buy Ketamine Liquid Online"},{"@type":"BreadcrumbList","@id":"https:\/\/gooddealersmeds.com\/da\/product\/kob-ketamin-vaeske-online\/#breadcrumb","itemListElement":[{"@type":"ListItem","position":1,"name":"Home","item":"https:\/\/gooddealersmeds.com\/da\/"},{"@type":"ListItem","position":2,"name":"Produkter","item":"https:\/\/gooddealersmeds.com\/da\/produkter\/"},{"@type":"ListItem","position":3,"name":"K\u00f8b Ketamin V\u00e6ske Online"}]},{"@type":"WebSite","@id":"https:\/\/gooddealersmeds.com\/da\/#website","url":"https:\/\/gooddealersmeds.com\/da\/","name":"Good Dealers Meds","description":"All our best","publisher":{"@id":"https:\/\/gooddealersmeds.com\/da\/#organization"},"potentialAction":[{"@type":"SearchAction","target":{"@type":"EntryPoint","urlTemplate":"https:\/\/gooddealersmeds.com\/da\/?s={search_term_string}"},"query-input":{"@type":"PropertyValueSpecification","valueRequired":true,"valueName":"search_term_string"}}],"inLanguage":"en-US"},{"@type":"Organization","@id":"https:\/\/gooddealersmeds.com\/da\/#organization","name":"Good Dealers Meds","url":"https:\/\/gooddealersmeds.com\/da\/","logo":{"@type":"ImageObject","inLanguage":"en-US","@id":"https:\/\/gooddealersmeds.com\/da\/#\/schema\/logo\/image\/","url":"https:\/\/gooddealersmeds.com\/da\/wp-content\/uploads\/sites\/2\/2022\/03\/gooddealersmeds__logo__20220317T222800Z.00.png","contentUrl":"https:\/\/gooddealersmeds.com\/da\/wp-content\/uploads\/sites\/2\/2022\/03\/gooddealersmeds__logo__20220317T222800Z.00.png","width":500,"height":325,"caption":"Good Dealers Meds"},"image":{"@id":"https:\/\/gooddealersmeds.com\/da\/#\/schema\/logo\/image\/"}}]}},"_links":{"self":[{"href":"https:\/\/gooddealersmeds.com\/da\/wp-json\/wp\/v2\/product\/1701","targetHints":{"allow":["GET"]}}],"collection":[{"href":"https:\/\/gooddealersmeds.com\/da\/wp-json\/wp\/v2\/product"}],"about":[{"href":"https:\/\/gooddealersmeds.com\/da\/wp-json\/wp\/v2\/types\/product"}],"replies":[{"embeddable":true,"href":"https:\/\/gooddealersmeds.com\/da\/wp-json\/wp\/v2\/comments?post=1701"}],"wp:featuredmedia":[{"embeddable":true,"href":"https:\/\/gooddealersmeds.com\/da\/wp-json\/wp\/v2\/media\/1866"}],"wp:attachment":[{"href":"https:\/\/gooddealersmeds.com\/da\/wp-json\/wp\/v2\/media?parent=1701"}],"wp:term":[{"taxonomy":"product_brand","embeddable":true,"href":"https:\/\/gooddealersmeds.com\/da\/wp-json\/wp\/v2\/product_brand?post=1701"},{"taxonomy":"product_cat","embeddable":true,"href":"https:\/\/gooddealersmeds.com\/da\/wp-json\/wp\/v2\/product_cat?post=1701"},{"taxonomy":"product_tag","embeddable":true,"href":"https:\/\/gooddealersmeds.com\/da\/wp-json\/wp\/v2\/product_tag?post=1701"}],"curies":[{"name":"wp","href":"https:\/\/api.w.org\/{rel}","templated":true}]}}