{"id":1689,"date":"2022-03-19T01:19:42","date_gmt":"2022-03-19T01:19:42","guid":{"rendered":"https:\/\/gooddealersmeds.com\/da\/?post_type=product&#038;p=1689"},"modified":"2023-01-18T18:34:54","modified_gmt":"2023-01-18T18:34:54","slug":"kob-kokain-online","status":"publish","type":"product","link":"https:\/\/gooddealersmeds.com\/da\/product\/kob-kokain-online\/","title":{"rendered":"K\u00f8b kokain online"},"content":{"rendered":"<h2>Kokain til salg online hos Good Dealers Meds<\/h2>\n<p>Kunder fra hele Europa kan K\u00f8b kokain online fra vores side med eller uden recept. Kokain er et hvidt pulver. Det er et centralnervesystemstimulerende middel, som f\u00e5r h\u00f8je niveauer af dopamin til at blive frigivet. Hjernen &#8216;bel\u00f8nner&#8217; os for at engagere os i livsforbedrende adf\u00e6rd ved at frigive en str\u00f8m af behagelige neurokemikalier.<\/p>\n<p>Kokain er et hvidt pulver med en bitter, bed\u00f8vende smag. Det kommer i 3 hovedformer: kokainhydrochlorid, freebase og crack. Det kan prustes op i n\u00e6sen eller blandes med vand og injiceres med en n\u00e5l. Det kan ogs\u00e5 injiceres, gnides ind i tandk\u00f8det eller tils\u00e6ttes mad og drikkevarer. Kokain kan ogs\u00e5 laves om til sm\u00e5 hvide sten, kaldet crack. Crack er r\u00f8get i en lille glaspibe. K\u00f8b kokain online<\/p>\n<p><strong>Kokaineffekter &#8211; Bestil kokain med h\u00f8j renhed hos os?<\/strong><\/p>\n<p>Det s\u00e6tter fart p\u00e5 hele din krop. Du kan f\u00f8le dig fuld af energi, glad og ophidset. Men s\u00e5 kan dit hum\u00f8r \u00e6ndre sig. Du kan blive vred, nerv\u00f8s og bange for, at nogen er ude efter dig. Kokain \u00f8ger pulsen, vejrtr\u00e6kningen og blodtrykket. Op-fasen er hurtig, f\u00f8rer til eufori og en f\u00f8lelse af magt og intellektuel magt. Kokain kan efterligne \u00f8get \u00e5rv\u00e5genhed, hindre f\u00f8lelsen af \u200b\u200btr\u00e6thed og fysisk chok. Du kan g\u00f8re ting, der ikke giver mening. Efter den &#8220;h\u00f8je&#8221; af den forsvinder, kan du &#8220;crash&#8221; og f\u00f8le dig tr\u00e6t og trist i dagevis. Du f\u00e5r ogs\u00e5 en st\u00e6rk trang til at tage stoffet igen for at pr\u00f8ve at f\u00f8le dig bedre.<\/p>\n<p>Det er et st\u00e6rkt vanedannende stimulerende stof lavet af bladene fra kokaplanten, der er hjemmeh\u00f8rende i Sydamerika. Selvom sundhedsudbydere kan bruge det til gyldige medicinske form\u00e5l, s\u00e5som lokalbed\u00f8velse til nogle operationer, er kokain et ulovligt stof. Det er nemt at miste kontrollen over brugen og blive afh\u00e6ngig. S\u00e5 selvom du f\u00e5r behandling, kan det v\u00e6re sv\u00e6rt at holde sig fra stoffet. Folk, der stoppede med at bruge kokain, kan stadig f\u00f8le st\u00e6rk trang til stoffet, nogle gange endda \u00e5r senere.<\/p>\n<p>Du kan k\u00f8be kokain online fra vores <a href=\"https:\/\/gooddealersmeds.com\/da\/products\/\">butik<\/a> med sikker forsendelse over hele Europa.<\/p>\n<p>&nbsp;<\/p>\n","protected":false},"excerpt":{"rendered":"<p>K\u00f8b kokain online i vores butik nu, det er et stimulerende stof udvundet af bladene fra Erythroxylon coca Lam, en art af kokaplanten, som dyrkes i Andesregionen i Sydamerika. Det kan indtages i pulverkokainform, som normalt prustes eller injiceres. Det kan ogs\u00e5 indtages i crack-kokainform, som normalt er r\u00f8get, og i pastaform, som ogs\u00e5 er r\u00f8get.<\/p>\n","protected":false},"featured_media":1700,"comment_status":"open","ping_status":"closed","template":"","meta":{"inline_featured_image":false},"product_brand":[],"product_cat":[343],"product_tag":[243,244,245,246,247,249,250,251,258,259,260,590,592,241,242,256,248,252,253,254,255,257,589,261,262,591,263],"class_list":{"0":"post-1689","1":"product","2":"type-product","3":"status-publish","4":"has-post-thumbnail","6":"product_cat-andre","7":"product_tag-buy-cocaine-online","8":"product_tag-buy-dmt-online","9":"product_tag-buy-lysergic-acid-diethylamide","10":"product_tag-buy-malabar-magic-mushrooms","11":"product_tag-buy-mazatapec-magic-mushroom","12":"product_tag-buy-panaeolus-cyanescens-online","13":"product_tag-buy-psilocybe-azurenscens-online","14":"product_tag-buy-psilocybe-mckennaii-online","15":"product_tag-buy-variety-pack-online","16":"product_tag-kirsebr-lime-gummi-bjrne","17":"product_tag-cookies-and-cream-chocolate","18":"product_tag-hvor-kan-kbes-kokain","19":"product_tag-hvordan-man-kber-kokain-diskret","20":"product_tag-kb-albino-p-e-svamp","21":"product_tag-kb-br-sur-stjerner","22":"product_tag-kb-havsalt-mrk-chokolade","23":"product_tag-kb-metamfetamin-online","24":"product_tag-kb-psilocybe-mexicana-online","25":"product_tag-kb-psilocybe-stuntzil-online","26":"product_tag-kb-psilocybe-tempensis-online","27":"product_tag-kb-psilocybe-weilii-online","28":"product_tag-kb-transkei-magisk-svamp","29":"product_tag-kokain-til-salg","30":"product_tag-mastermind-mrk-chokolade-barer","31":"product_tag-penis-misundelse-magisk-svamp","32":"product_tag-ren-kokain-bestilling-online","33":"product_tag-top-lsd-til-salg","34":"pa_grams-1-kg-1000-g","35":"pa_grams-10-g","36":"pa_grams-100-g","37":"pa_grams-20-g","38":"pa_grams-200-g","39":"pa_grams-35-g","40":"pa_grams-50-g","41":"pa_grams-500-g","43":"first","44":"instock","45":"featured","46":"shipping-taxable","47":"purchasable","48":"product-type-variable","49":"has-default-attributes"},"yoast_head":"<!-- This site is optimized with the Yoast SEO Premium plugin v20.6 (Yoast SEO v27.3) - https:\/\/yoast.com\/product\/yoast-seo-premium-wordpress\/ -->\n<title>K\u00f8b kokain online | Kokainleverand\u00f8r | kokain til salg | Good Dealers Meds<\/title>\n<meta name=\"description\" content=\"K\u00f8b kokain online i vores butik nu, er et stimulerende stof udvundet af bladene fra Erythroxylon coca Lam, en art af kokaplanten.\" \/>\n<meta name=\"robots\" content=\"index, follow, max-snippet:-1, max-image-preview:large, max-video-preview:-1\" \/>\n<link rel=\"canonical\" href=\"https:\/\/gooddealersmeds.com\/da\/product\/kob-kokain-online\/\" \/>\n<meta property=\"og:locale\" content=\"en_US\" \/>\n<meta property=\"og:type\" content=\"article\" \/>\n<meta property=\"og:title\" content=\"K\u00f8b kokain online\" \/>\n<meta property=\"og:description\" content=\"K\u00f8b kokain online i vores butik nu, er et stimulerende stof udvundet af bladene fra Erythroxylon coca Lam, en art af kokaplanten.\" \/>\n<meta property=\"og:url\" content=\"https:\/\/gooddealersmeds.com\/da\/product\/kob-kokain-online\/\" \/>\n<meta property=\"og:site_name\" content=\"Good Dealers Meds\" \/>\n<meta property=\"article:modified_time\" content=\"2023-01-18T18:34:54+00:00\" \/>\n<meta property=\"og:image\" content=\"https:\/\/gooddealersmeds.com\/da\/wp-content\/uploads\/sites\/2\/2022\/03\/8097e257-2271-4a0c-9aeb-1705fa7333e8.jpg\" \/>\n\t<meta property=\"og:image:width\" content=\"687\" \/>\n\t<meta property=\"og:image:height\" content=\"687\" \/>\n\t<meta property=\"og:image:type\" content=\"image\/jpeg\" \/>\n<meta name=\"twitter:card\" content=\"summary_large_image\" \/>\n<meta name=\"twitter:label1\" content=\"Est. reading time\" \/>\n\t<meta name=\"twitter:data1\" content=\"2 minutes\" \/>\n<script type=\"application\/ld+json\" class=\"yoast-schema-graph\">{\"@context\":\"https:\\\/\\\/schema.org\",\"@graph\":[{\"@type\":\"WebPage\",\"@id\":\"https:\\\/\\\/gooddealersmeds.com\\\/da\\\/product\\\/kob-kokain-online\\\/\",\"url\":\"https:\\\/\\\/gooddealersmeds.com\\\/da\\\/product\\\/kob-kokain-online\\\/\",\"name\":\"K\u00f8b kokain online | Kokainleverand\u00f8r | kokain til salg | Good Dealers Meds\",\"isPartOf\":{\"@id\":\"https:\\\/\\\/gooddealersmeds.com\\\/da\\\/#website\"},\"primaryImageOfPage\":{\"@id\":\"https:\\\/\\\/gooddealersmeds.com\\\/da\\\/product\\\/kob-kokain-online\\\/#primaryimage\"},\"image\":{\"@id\":\"https:\\\/\\\/gooddealersmeds.com\\\/da\\\/product\\\/kob-kokain-online\\\/#primaryimage\"},\"thumbnailUrl\":\"https:\\\/\\\/gooddealersmeds.com\\\/da\\\/wp-content\\\/uploads\\\/sites\\\/2\\\/2022\\\/03\\\/8097e257-2271-4a0c-9aeb-1705fa7333e8.jpg\",\"datePublished\":\"2022-03-19T01:19:42+00:00\",\"dateModified\":\"2023-01-18T18:34:54+00:00\",\"description\":\"K\u00f8b kokain online i vores butik nu, er et stimulerende stof udvundet af bladene fra Erythroxylon coca Lam, en art af kokaplanten.\",\"breadcrumb\":{\"@id\":\"https:\\\/\\\/gooddealersmeds.com\\\/da\\\/product\\\/kob-kokain-online\\\/#breadcrumb\"},\"inLanguage\":\"en-US\",\"potentialAction\":[{\"@type\":\"ReadAction\",\"target\":[\"https:\\\/\\\/gooddealersmeds.com\\\/da\\\/product\\\/kob-kokain-online\\\/\"]}]},{\"@type\":\"ImageObject\",\"inLanguage\":\"en-US\",\"@id\":\"https:\\\/\\\/gooddealersmeds.com\\\/da\\\/product\\\/kob-kokain-online\\\/#primaryimage\",\"url\":\"https:\\\/\\\/gooddealersmeds.com\\\/da\\\/wp-content\\\/uploads\\\/sites\\\/2\\\/2022\\\/03\\\/8097e257-2271-4a0c-9aeb-1705fa7333e8.jpg\",\"contentUrl\":\"https:\\\/\\\/gooddealersmeds.com\\\/da\\\/wp-content\\\/uploads\\\/sites\\\/2\\\/2022\\\/03\\\/8097e257-2271-4a0c-9aeb-1705fa7333e8.jpg\",\"width\":687,\"height\":687,\"caption\":\"Buy Cocaine Online\"},{\"@type\":\"BreadcrumbList\",\"@id\":\"https:\\\/\\\/gooddealersmeds.com\\\/da\\\/product\\\/kob-kokain-online\\\/#breadcrumb\",\"itemListElement\":[{\"@type\":\"ListItem\",\"position\":1,\"name\":\"Home\",\"item\":\"https:\\\/\\\/gooddealersmeds.com\\\/da\\\/\"},{\"@type\":\"ListItem\",\"position\":2,\"name\":\"Produkter\",\"item\":\"https:\\\/\\\/gooddealersmeds.com\\\/da\\\/produkter\\\/\"},{\"@type\":\"ListItem\",\"position\":3,\"name\":\"K\u00f8b kokain online\"}]},{\"@type\":\"WebSite\",\"@id\":\"https:\\\/\\\/gooddealersmeds.com\\\/da\\\/#website\",\"url\":\"https:\\\/\\\/gooddealersmeds.com\\\/da\\\/\",\"name\":\"Good Dealers Meds\",\"description\":\"All our best\",\"publisher\":{\"@id\":\"https:\\\/\\\/gooddealersmeds.com\\\/da\\\/#organization\"},\"potentialAction\":[{\"@type\":\"SearchAction\",\"target\":{\"@type\":\"EntryPoint\",\"urlTemplate\":\"https:\\\/\\\/gooddealersmeds.com\\\/da\\\/?s={search_term_string}\"},\"query-input\":{\"@type\":\"PropertyValueSpecification\",\"valueRequired\":true,\"valueName\":\"search_term_string\"}}],\"inLanguage\":\"en-US\"},{\"@type\":\"Organization\",\"@id\":\"https:\\\/\\\/gooddealersmeds.com\\\/da\\\/#organization\",\"name\":\"Good Dealers Meds\",\"url\":\"https:\\\/\\\/gooddealersmeds.com\\\/da\\\/\",\"logo\":{\"@type\":\"ImageObject\",\"inLanguage\":\"en-US\",\"@id\":\"https:\\\/\\\/gooddealersmeds.com\\\/da\\\/#\\\/schema\\\/logo\\\/image\\\/\",\"url\":\"https:\\\/\\\/gooddealersmeds.com\\\/da\\\/wp-content\\\/uploads\\\/sites\\\/2\\\/2022\\\/03\\\/gooddealersmeds__logo__20220317T222800Z.00.png\",\"contentUrl\":\"https:\\\/\\\/gooddealersmeds.com\\\/da\\\/wp-content\\\/uploads\\\/sites\\\/2\\\/2022\\\/03\\\/gooddealersmeds__logo__20220317T222800Z.00.png\",\"width\":500,\"height\":325,\"caption\":\"Good Dealers Meds\"},\"image\":{\"@id\":\"https:\\\/\\\/gooddealersmeds.com\\\/da\\\/#\\\/schema\\\/logo\\\/image\\\/\"}}]}<\/script>\n<!-- \/ Yoast SEO Premium plugin. -->","yoast_head_json":{"title":"K\u00f8b kokain online | Kokainleverand\u00f8r | kokain til salg | Good Dealers Meds","description":"K\u00f8b kokain online i vores butik nu, er et stimulerende stof udvundet af bladene fra Erythroxylon coca Lam, en art af kokaplanten.","robots":{"index":"index","follow":"follow","max-snippet":"max-snippet:-1","max-image-preview":"max-image-preview:large","max-video-preview":"max-video-preview:-1"},"canonical":"https:\/\/gooddealersmeds.com\/da\/product\/kob-kokain-online\/","og_locale":"en_US","og_type":"article","og_title":"K\u00f8b kokain online","og_description":"K\u00f8b kokain online i vores butik nu, er et stimulerende stof udvundet af bladene fra Erythroxylon coca Lam, en art af kokaplanten.","og_url":"https:\/\/gooddealersmeds.com\/da\/product\/kob-kokain-online\/","og_site_name":"Good Dealers Meds","article_modified_time":"2023-01-18T18:34:54+00:00","og_image":[{"width":687,"height":687,"url":"https:\/\/gooddealersmeds.com\/da\/wp-content\/uploads\/sites\/2\/2022\/03\/8097e257-2271-4a0c-9aeb-1705fa7333e8.jpg","type":"image\/jpeg"}],"twitter_card":"summary_large_image","twitter_misc":{"Est. reading time":"2 minutes"},"schema":{"@context":"https:\/\/schema.org","@graph":[{"@type":"WebPage","@id":"https:\/\/gooddealersmeds.com\/da\/product\/kob-kokain-online\/","url":"https:\/\/gooddealersmeds.com\/da\/product\/kob-kokain-online\/","name":"K\u00f8b kokain online | Kokainleverand\u00f8r | kokain til salg | Good Dealers Meds","isPartOf":{"@id":"https:\/\/gooddealersmeds.com\/da\/#website"},"primaryImageOfPage":{"@id":"https:\/\/gooddealersmeds.com\/da\/product\/kob-kokain-online\/#primaryimage"},"image":{"@id":"https:\/\/gooddealersmeds.com\/da\/product\/kob-kokain-online\/#primaryimage"},"thumbnailUrl":"https:\/\/gooddealersmeds.com\/da\/wp-content\/uploads\/sites\/2\/2022\/03\/8097e257-2271-4a0c-9aeb-1705fa7333e8.jpg","datePublished":"2022-03-19T01:19:42+00:00","dateModified":"2023-01-18T18:34:54+00:00","description":"K\u00f8b kokain online i vores butik nu, er et stimulerende stof udvundet af bladene fra Erythroxylon coca Lam, en art af kokaplanten.","breadcrumb":{"@id":"https:\/\/gooddealersmeds.com\/da\/product\/kob-kokain-online\/#breadcrumb"},"inLanguage":"en-US","potentialAction":[{"@type":"ReadAction","target":["https:\/\/gooddealersmeds.com\/da\/product\/kob-kokain-online\/"]}]},{"@type":"ImageObject","inLanguage":"en-US","@id":"https:\/\/gooddealersmeds.com\/da\/product\/kob-kokain-online\/#primaryimage","url":"https:\/\/gooddealersmeds.com\/da\/wp-content\/uploads\/sites\/2\/2022\/03\/8097e257-2271-4a0c-9aeb-1705fa7333e8.jpg","contentUrl":"https:\/\/gooddealersmeds.com\/da\/wp-content\/uploads\/sites\/2\/2022\/03\/8097e257-2271-4a0c-9aeb-1705fa7333e8.jpg","width":687,"height":687,"caption":"Buy Cocaine Online"},{"@type":"BreadcrumbList","@id":"https:\/\/gooddealersmeds.com\/da\/product\/kob-kokain-online\/#breadcrumb","itemListElement":[{"@type":"ListItem","position":1,"name":"Home","item":"https:\/\/gooddealersmeds.com\/da\/"},{"@type":"ListItem","position":2,"name":"Produkter","item":"https:\/\/gooddealersmeds.com\/da\/produkter\/"},{"@type":"ListItem","position":3,"name":"K\u00f8b kokain online"}]},{"@type":"WebSite","@id":"https:\/\/gooddealersmeds.com\/da\/#website","url":"https:\/\/gooddealersmeds.com\/da\/","name":"Good Dealers Meds","description":"All our best","publisher":{"@id":"https:\/\/gooddealersmeds.com\/da\/#organization"},"potentialAction":[{"@type":"SearchAction","target":{"@type":"EntryPoint","urlTemplate":"https:\/\/gooddealersmeds.com\/da\/?s={search_term_string}"},"query-input":{"@type":"PropertyValueSpecification","valueRequired":true,"valueName":"search_term_string"}}],"inLanguage":"en-US"},{"@type":"Organization","@id":"https:\/\/gooddealersmeds.com\/da\/#organization","name":"Good Dealers Meds","url":"https:\/\/gooddealersmeds.com\/da\/","logo":{"@type":"ImageObject","inLanguage":"en-US","@id":"https:\/\/gooddealersmeds.com\/da\/#\/schema\/logo\/image\/","url":"https:\/\/gooddealersmeds.com\/da\/wp-content\/uploads\/sites\/2\/2022\/03\/gooddealersmeds__logo__20220317T222800Z.00.png","contentUrl":"https:\/\/gooddealersmeds.com\/da\/wp-content\/uploads\/sites\/2\/2022\/03\/gooddealersmeds__logo__20220317T222800Z.00.png","width":500,"height":325,"caption":"Good Dealers Meds"},"image":{"@id":"https:\/\/gooddealersmeds.com\/da\/#\/schema\/logo\/image\/"}}]}},"_links":{"self":[{"href":"https:\/\/gooddealersmeds.com\/da\/wp-json\/wp\/v2\/product\/1689","targetHints":{"allow":["GET"]}}],"collection":[{"href":"https:\/\/gooddealersmeds.com\/da\/wp-json\/wp\/v2\/product"}],"about":[{"href":"https:\/\/gooddealersmeds.com\/da\/wp-json\/wp\/v2\/types\/product"}],"replies":[{"embeddable":true,"href":"https:\/\/gooddealersmeds.com\/da\/wp-json\/wp\/v2\/comments?post=1689"}],"wp:featuredmedia":[{"embeddable":true,"href":"https:\/\/gooddealersmeds.com\/da\/wp-json\/wp\/v2\/media\/1700"}],"wp:attachment":[{"href":"https:\/\/gooddealersmeds.com\/da\/wp-json\/wp\/v2\/media?parent=1689"}],"wp:term":[{"taxonomy":"product_brand","embeddable":true,"href":"https:\/\/gooddealersmeds.com\/da\/wp-json\/wp\/v2\/product_brand?post=1689"},{"taxonomy":"product_cat","embeddable":true,"href":"https:\/\/gooddealersmeds.com\/da\/wp-json\/wp\/v2\/product_cat?post=1689"},{"taxonomy":"product_tag","embeddable":true,"href":"https:\/\/gooddealersmeds.com\/da\/wp-json\/wp\/v2\/product_tag?post=1689"}],"curies":[{"name":"wp","href":"https:\/\/api.w.org\/{rel}","templated":true}]}}