{"id":1678,"date":"2022-03-19T01:13:31","date_gmt":"2022-03-19T01:13:31","guid":{"rendered":"https:\/\/gooddealersmeds.com\/da\/?post_type=product&#038;p=1678"},"modified":"2023-01-18T18:42:57","modified_gmt":"2023-01-18T18:42:57","slug":"kob-dmt-krystal-online","status":"publish","type":"product","link":"https:\/\/gooddealersmeds.com\/da\/product\/kob-dmt-krystal-online\/","title":{"rendered":"K\u00f8b DMT Krystal online"},"content":{"rendered":"<h2>Kvalitet DMT krystal til salg online hos Good Dealers Meds<\/h2>\n<p>K\u00f8b DMT krystal online fra vores butik. DMT er en psykedelisk og hallucinogen forbindelse, der stammer fra Ayahuasca-planten. DMT er et naturligt forekommende kemikalie, der findes i en r\u00e6kke forskellige dyr og planter.<\/p>\n<p>Det har ogs\u00e5 vist sig at forekomme naturligt hos mennesker. DMT kommer hovedsageligt fra Sydamerika, specifikt Amazonas regnskoven. N\u00e5r det indtages, har DMT v\u00e6ret kendt for at for\u00e5rsage en r\u00e6kke visuelle og hallucinogene virkninger. Det har ogs\u00e5 v\u00e6ret kendt for at give alle de mentale fordele ved andre psykedeliske stoffer.<\/p>\n<p>K\u00f8b DMT-krystaller online til en meget god pris. Vi har kun DMT-krystaller til laboratoriebrug, fordi de er omkring 98,98% rene. Dette indikerer, at det er ekstremt st\u00e6rkt og, hvis det indtages, kan det skade individet.<\/p>\n<p><strong>Bestil DMT krystal hos os &#8211; ved, hvordan du bruger DMT krystal<\/strong><\/p>\n<p>DMT-krystaller til salg i Europa. Dette er DMT i krystalform. DMT Crystals er en forkortelse for N,N-Dimethyltryptamin. Det er et st\u00e6rkt psykedelisk stof med serotonerge effekter p\u00e5 den menneskelige hjerne, der kan give en hurtig og intens psykedelisk oplevelse kendt som en &#8220;DMT-trip&#8221;. DMT-oplevelser er typisk pr\u00e6get af visuelle hallucinationer, der ofte involverer st\u00e6rke entiteter, og er ofte forbundet med dybere mening. Denne dybe oplevelse omtales ofte som et &#8220;DMT-gennembrud.&#8221; DMT i sin krystalform kan ryges, sn\u00f8ftes eller injiceres som et rekreativt stof. K\u00f8b DMT krystal online<\/p>\n<p>DMT er normalt ikke til oral brug, undtagen n\u00e5r det kombineres med en monoaminoxidaseh\u00e6mmer. Der findes flere absorptionsstrategier; for eksempel ville fordampning, infusion eller insuffling af stoffet skabe banebrydende pipedreams i en kort tidsramme.<\/p>\n<p>DMT kan indtages som te (ayahuasca), men den mest almindelige m\u00e5de at indtage DMT p\u00e5 er at ryge \/fordampe det. N\u00e5r det ryges\/fordampes, indtr\u00e6der det hurtigt, og virkningerne er intense og kortvarige.<\/p>\n<p>Med henblik p\u00e5 skadesreduktion er det ikke tilr\u00e5deligt at kombinere stoffer. En kombination af stoffer vil ikke n\u00f8dvendigvis give en ligelig blanding af effekter. Og er i bund og grund et nyt l\u00e6gemiddel i sig selv.<\/p>\n<p>Du kan k\u00f8be DMT-krystal online fra vores butik.<\/p>\n<p>&nbsp;<\/p>\n","protected":false},"excerpt":{"rendered":"<p>N, N-Dimethyltryptamin er et kemisk stof, der forekommer i mange planter og dyr, og som b\u00e5de er et derivat og en strukturel analog af tryptamin. Det kan indtages som et psykedelisk stof og er historisk blevet tilberedt af forskellige kulturer til rituelle form\u00e5l som enteogen<\/p>\n","protected":false},"featured_media":2018,"comment_status":"open","ping_status":"closed","template":"","meta":{"inline_featured_image":false},"product_brand":[],"product_cat":[345],"product_tag":[],"class_list":{"0":"post-1678","1":"product","2":"type-product","3":"status-publish","4":"has-post-thumbnail","6":"product_cat-psykedeliske-stoffer","7":"pa_grams-1-kg-1000-g","8":"pa_grams-10-g","9":"pa_grams-100-g","10":"pa_grams-20-g","11":"pa_grams-200-g","12":"pa_grams-35-g","13":"pa_grams-50-g","14":"pa_grams-500-g","16":"first","17":"instock","18":"featured","19":"shipping-taxable","20":"purchasable","21":"product-type-variable","22":"has-default-attributes"},"yoast_head":"<!-- This site is optimized with the Yoast SEO Premium plugin v20.6 (Yoast SEO v27.3) - https:\/\/yoast.com\/product\/yoast-seo-premium-wordpress\/ -->\n<title>K\u00f8b DMT krystal online | Bedste kvalitet DMT krystal | Good Dealers Meds<\/title>\n<meta name=\"description\" content=\"K\u00f8b DMT krystal online: DMT er et hallucinogent og psykedelisk stof, der \u00e6ndrer individets opfattelse af verden omkring dem.\" \/>\n<meta name=\"robots\" content=\"index, follow, max-snippet:-1, max-image-preview:large, max-video-preview:-1\" \/>\n<link rel=\"canonical\" href=\"https:\/\/gooddealersmeds.com\/da\/product\/kob-dmt-krystal-online\/\" \/>\n<meta property=\"og:locale\" content=\"en_US\" \/>\n<meta property=\"og:type\" content=\"article\" \/>\n<meta property=\"og:title\" content=\"K\u00f8b DMT Krystal online\" \/>\n<meta property=\"og:description\" content=\"K\u00f8b DMT krystal online: DMT er et hallucinogent og psykedelisk stof, der \u00e6ndrer individets opfattelse af verden omkring dem.\" \/>\n<meta property=\"og:url\" content=\"https:\/\/gooddealersmeds.com\/da\/product\/kob-dmt-krystal-online\/\" \/>\n<meta property=\"og:site_name\" content=\"Good Dealers Meds\" \/>\n<meta property=\"article:modified_time\" content=\"2023-01-18T18:42:57+00:00\" \/>\n<meta property=\"og:image\" content=\"https:\/\/gooddealersmeds.com\/da\/wp-content\/uploads\/sites\/2\/2022\/03\/wcafo2x8fv051-scaled.webp\" \/>\n\t<meta property=\"og:image:width\" content=\"2560\" \/>\n\t<meta property=\"og:image:height\" content=\"1920\" \/>\n\t<meta property=\"og:image:type\" content=\"image\/webp\" \/>\n<meta name=\"twitter:card\" content=\"summary_large_image\" \/>\n<meta name=\"twitter:label1\" content=\"Est. reading time\" \/>\n\t<meta name=\"twitter:data1\" content=\"2 minutes\" \/>\n<script type=\"application\/ld+json\" class=\"yoast-schema-graph\">{\"@context\":\"https:\\\/\\\/schema.org\",\"@graph\":[{\"@type\":\"WebPage\",\"@id\":\"https:\\\/\\\/gooddealersmeds.com\\\/da\\\/product\\\/kob-dmt-krystal-online\\\/\",\"url\":\"https:\\\/\\\/gooddealersmeds.com\\\/da\\\/product\\\/kob-dmt-krystal-online\\\/\",\"name\":\"K\u00f8b DMT krystal online | Bedste kvalitet DMT krystal | Good Dealers Meds\",\"isPartOf\":{\"@id\":\"https:\\\/\\\/gooddealersmeds.com\\\/da\\\/#website\"},\"primaryImageOfPage\":{\"@id\":\"https:\\\/\\\/gooddealersmeds.com\\\/da\\\/product\\\/kob-dmt-krystal-online\\\/#primaryimage\"},\"image\":{\"@id\":\"https:\\\/\\\/gooddealersmeds.com\\\/da\\\/product\\\/kob-dmt-krystal-online\\\/#primaryimage\"},\"thumbnailUrl\":\"https:\\\/\\\/gooddealersmeds.com\\\/da\\\/wp-content\\\/uploads\\\/sites\\\/2\\\/2022\\\/03\\\/wcafo2x8fv051-scaled.webp\",\"datePublished\":\"2022-03-19T01:13:31+00:00\",\"dateModified\":\"2023-01-18T18:42:57+00:00\",\"description\":\"K\u00f8b DMT krystal online: DMT er et hallucinogent og psykedelisk stof, der \u00e6ndrer individets opfattelse af verden omkring dem.\",\"breadcrumb\":{\"@id\":\"https:\\\/\\\/gooddealersmeds.com\\\/da\\\/product\\\/kob-dmt-krystal-online\\\/#breadcrumb\"},\"inLanguage\":\"en-US\",\"potentialAction\":[{\"@type\":\"ReadAction\",\"target\":[\"https:\\\/\\\/gooddealersmeds.com\\\/da\\\/product\\\/kob-dmt-krystal-online\\\/\"]}]},{\"@type\":\"ImageObject\",\"inLanguage\":\"en-US\",\"@id\":\"https:\\\/\\\/gooddealersmeds.com\\\/da\\\/product\\\/kob-dmt-krystal-online\\\/#primaryimage\",\"url\":\"https:\\\/\\\/gooddealersmeds.com\\\/da\\\/wp-content\\\/uploads\\\/sites\\\/2\\\/2022\\\/03\\\/wcafo2x8fv051-scaled.webp\",\"contentUrl\":\"https:\\\/\\\/gooddealersmeds.com\\\/da\\\/wp-content\\\/uploads\\\/sites\\\/2\\\/2022\\\/03\\\/wcafo2x8fv051-scaled.webp\",\"width\":2560,\"height\":1920,\"caption\":\"Buy DMT Crystal Online\"},{\"@type\":\"BreadcrumbList\",\"@id\":\"https:\\\/\\\/gooddealersmeds.com\\\/da\\\/product\\\/kob-dmt-krystal-online\\\/#breadcrumb\",\"itemListElement\":[{\"@type\":\"ListItem\",\"position\":1,\"name\":\"Home\",\"item\":\"https:\\\/\\\/gooddealersmeds.com\\\/da\\\/\"},{\"@type\":\"ListItem\",\"position\":2,\"name\":\"Produkter\",\"item\":\"https:\\\/\\\/gooddealersmeds.com\\\/da\\\/produkter\\\/\"},{\"@type\":\"ListItem\",\"position\":3,\"name\":\"K\u00f8b DMT Krystal online\"}]},{\"@type\":\"WebSite\",\"@id\":\"https:\\\/\\\/gooddealersmeds.com\\\/da\\\/#website\",\"url\":\"https:\\\/\\\/gooddealersmeds.com\\\/da\\\/\",\"name\":\"Good Dealers Meds\",\"description\":\"All our best\",\"publisher\":{\"@id\":\"https:\\\/\\\/gooddealersmeds.com\\\/da\\\/#organization\"},\"potentialAction\":[{\"@type\":\"SearchAction\",\"target\":{\"@type\":\"EntryPoint\",\"urlTemplate\":\"https:\\\/\\\/gooddealersmeds.com\\\/da\\\/?s={search_term_string}\"},\"query-input\":{\"@type\":\"PropertyValueSpecification\",\"valueRequired\":true,\"valueName\":\"search_term_string\"}}],\"inLanguage\":\"en-US\"},{\"@type\":\"Organization\",\"@id\":\"https:\\\/\\\/gooddealersmeds.com\\\/da\\\/#organization\",\"name\":\"Good Dealers Meds\",\"url\":\"https:\\\/\\\/gooddealersmeds.com\\\/da\\\/\",\"logo\":{\"@type\":\"ImageObject\",\"inLanguage\":\"en-US\",\"@id\":\"https:\\\/\\\/gooddealersmeds.com\\\/da\\\/#\\\/schema\\\/logo\\\/image\\\/\",\"url\":\"https:\\\/\\\/gooddealersmeds.com\\\/da\\\/wp-content\\\/uploads\\\/sites\\\/2\\\/2022\\\/03\\\/gooddealersmeds__logo__20220317T222800Z.00.png\",\"contentUrl\":\"https:\\\/\\\/gooddealersmeds.com\\\/da\\\/wp-content\\\/uploads\\\/sites\\\/2\\\/2022\\\/03\\\/gooddealersmeds__logo__20220317T222800Z.00.png\",\"width\":500,\"height\":325,\"caption\":\"Good Dealers Meds\"},\"image\":{\"@id\":\"https:\\\/\\\/gooddealersmeds.com\\\/da\\\/#\\\/schema\\\/logo\\\/image\\\/\"}}]}<\/script>\n<!-- \/ Yoast SEO Premium plugin. -->","yoast_head_json":{"title":"K\u00f8b DMT krystal online | Bedste kvalitet DMT krystal | Good Dealers Meds","description":"K\u00f8b DMT krystal online: DMT er et hallucinogent og psykedelisk stof, der \u00e6ndrer individets opfattelse af verden omkring dem.","robots":{"index":"index","follow":"follow","max-snippet":"max-snippet:-1","max-image-preview":"max-image-preview:large","max-video-preview":"max-video-preview:-1"},"canonical":"https:\/\/gooddealersmeds.com\/da\/product\/kob-dmt-krystal-online\/","og_locale":"en_US","og_type":"article","og_title":"K\u00f8b DMT Krystal online","og_description":"K\u00f8b DMT krystal online: DMT er et hallucinogent og psykedelisk stof, der \u00e6ndrer individets opfattelse af verden omkring dem.","og_url":"https:\/\/gooddealersmeds.com\/da\/product\/kob-dmt-krystal-online\/","og_site_name":"Good Dealers Meds","article_modified_time":"2023-01-18T18:42:57+00:00","og_image":[{"width":2560,"height":1920,"url":"https:\/\/gooddealersmeds.com\/da\/wp-content\/uploads\/sites\/2\/2022\/03\/wcafo2x8fv051-scaled.webp","type":"image\/webp"}],"twitter_card":"summary_large_image","twitter_misc":{"Est. reading time":"2 minutes"},"schema":{"@context":"https:\/\/schema.org","@graph":[{"@type":"WebPage","@id":"https:\/\/gooddealersmeds.com\/da\/product\/kob-dmt-krystal-online\/","url":"https:\/\/gooddealersmeds.com\/da\/product\/kob-dmt-krystal-online\/","name":"K\u00f8b DMT krystal online | Bedste kvalitet DMT krystal | Good Dealers Meds","isPartOf":{"@id":"https:\/\/gooddealersmeds.com\/da\/#website"},"primaryImageOfPage":{"@id":"https:\/\/gooddealersmeds.com\/da\/product\/kob-dmt-krystal-online\/#primaryimage"},"image":{"@id":"https:\/\/gooddealersmeds.com\/da\/product\/kob-dmt-krystal-online\/#primaryimage"},"thumbnailUrl":"https:\/\/gooddealersmeds.com\/da\/wp-content\/uploads\/sites\/2\/2022\/03\/wcafo2x8fv051-scaled.webp","datePublished":"2022-03-19T01:13:31+00:00","dateModified":"2023-01-18T18:42:57+00:00","description":"K\u00f8b DMT krystal online: DMT er et hallucinogent og psykedelisk stof, der \u00e6ndrer individets opfattelse af verden omkring dem.","breadcrumb":{"@id":"https:\/\/gooddealersmeds.com\/da\/product\/kob-dmt-krystal-online\/#breadcrumb"},"inLanguage":"en-US","potentialAction":[{"@type":"ReadAction","target":["https:\/\/gooddealersmeds.com\/da\/product\/kob-dmt-krystal-online\/"]}]},{"@type":"ImageObject","inLanguage":"en-US","@id":"https:\/\/gooddealersmeds.com\/da\/product\/kob-dmt-krystal-online\/#primaryimage","url":"https:\/\/gooddealersmeds.com\/da\/wp-content\/uploads\/sites\/2\/2022\/03\/wcafo2x8fv051-scaled.webp","contentUrl":"https:\/\/gooddealersmeds.com\/da\/wp-content\/uploads\/sites\/2\/2022\/03\/wcafo2x8fv051-scaled.webp","width":2560,"height":1920,"caption":"Buy DMT Crystal Online"},{"@type":"BreadcrumbList","@id":"https:\/\/gooddealersmeds.com\/da\/product\/kob-dmt-krystal-online\/#breadcrumb","itemListElement":[{"@type":"ListItem","position":1,"name":"Home","item":"https:\/\/gooddealersmeds.com\/da\/"},{"@type":"ListItem","position":2,"name":"Produkter","item":"https:\/\/gooddealersmeds.com\/da\/produkter\/"},{"@type":"ListItem","position":3,"name":"K\u00f8b DMT Krystal online"}]},{"@type":"WebSite","@id":"https:\/\/gooddealersmeds.com\/da\/#website","url":"https:\/\/gooddealersmeds.com\/da\/","name":"Good Dealers Meds","description":"All our best","publisher":{"@id":"https:\/\/gooddealersmeds.com\/da\/#organization"},"potentialAction":[{"@type":"SearchAction","target":{"@type":"EntryPoint","urlTemplate":"https:\/\/gooddealersmeds.com\/da\/?s={search_term_string}"},"query-input":{"@type":"PropertyValueSpecification","valueRequired":true,"valueName":"search_term_string"}}],"inLanguage":"en-US"},{"@type":"Organization","@id":"https:\/\/gooddealersmeds.com\/da\/#organization","name":"Good Dealers Meds","url":"https:\/\/gooddealersmeds.com\/da\/","logo":{"@type":"ImageObject","inLanguage":"en-US","@id":"https:\/\/gooddealersmeds.com\/da\/#\/schema\/logo\/image\/","url":"https:\/\/gooddealersmeds.com\/da\/wp-content\/uploads\/sites\/2\/2022\/03\/gooddealersmeds__logo__20220317T222800Z.00.png","contentUrl":"https:\/\/gooddealersmeds.com\/da\/wp-content\/uploads\/sites\/2\/2022\/03\/gooddealersmeds__logo__20220317T222800Z.00.png","width":500,"height":325,"caption":"Good Dealers Meds"},"image":{"@id":"https:\/\/gooddealersmeds.com\/da\/#\/schema\/logo\/image\/"}}]}},"_links":{"self":[{"href":"https:\/\/gooddealersmeds.com\/da\/wp-json\/wp\/v2\/product\/1678","targetHints":{"allow":["GET"]}}],"collection":[{"href":"https:\/\/gooddealersmeds.com\/da\/wp-json\/wp\/v2\/product"}],"about":[{"href":"https:\/\/gooddealersmeds.com\/da\/wp-json\/wp\/v2\/types\/product"}],"replies":[{"embeddable":true,"href":"https:\/\/gooddealersmeds.com\/da\/wp-json\/wp\/v2\/comments?post=1678"}],"wp:featuredmedia":[{"embeddable":true,"href":"https:\/\/gooddealersmeds.com\/da\/wp-json\/wp\/v2\/media\/2018"}],"wp:attachment":[{"href":"https:\/\/gooddealersmeds.com\/da\/wp-json\/wp\/v2\/media?parent=1678"}],"wp:term":[{"taxonomy":"product_brand","embeddable":true,"href":"https:\/\/gooddealersmeds.com\/da\/wp-json\/wp\/v2\/product_brand?post=1678"},{"taxonomy":"product_cat","embeddable":true,"href":"https:\/\/gooddealersmeds.com\/da\/wp-json\/wp\/v2\/product_cat?post=1678"},{"taxonomy":"product_tag","embeddable":true,"href":"https:\/\/gooddealersmeds.com\/da\/wp-json\/wp\/v2\/product_tag?post=1678"}],"curies":[{"name":"wp","href":"https:\/\/api.w.org\/{rel}","templated":true}]}}