{"id":1667,"date":"2022-03-19T01:05:58","date_gmt":"2022-03-19T01:05:58","guid":{"rendered":"https:\/\/gooddealersmeds.com\/da\/?post_type=product&#038;p=1667"},"modified":"2023-01-18T18:47:58","modified_gmt":"2023-01-18T18:47:58","slug":"kob-hvid-heroin-100-ren-online","status":"publish","type":"product","link":"https:\/\/gooddealersmeds.com\/da\/product\/kob-hvid-heroin-100-ren-online\/","title":{"rendered":"K\u00f8b hvid heroin 100% ren online"},"content":{"rendered":"<h2>Hvid heroin 100% ren til salg online<\/h2>\n<p>K\u00f8b hvid heroin 100 % ost online fra vores <a href=\"https:\/\/gooddealersmeds.com\/da\/products\/\"><span style=\"color: #333333\">onlinebutik<\/span><\/a>. Heroin er et hvidt eller brunt pulver eller en sort, kl\u00e6brig goo. Det er et\u00a0<span style=\"color: #333333\"><a id=\"anch_43\" style=\"color: #333333\" href=\"https:\/\/medlineplus.gov\/opioidmisuseandaddiction.html\">opioidstof<\/a> <\/span>\u00a0lavet af morfin, et naturligt stof i fr\u00f8standen af \u200b\u200bden asiatiske valmueplante. Det kan blandes med vand og injiceres med en n\u00e5l. Heroin kan ogs\u00e5 ryges eller prustes op i n\u00e6sen. Alle disse m\u00e5der at tage heroin p\u00e5 sender det meget hurtigt til hjernen. Dette g\u00f8r det meget vanedannende. K\u00f8b hvid heroin online.<\/p>\n<p>Psykiske konsekvenser kan omfatte en st\u00e6rk f\u00f8lelse af eufori, seksuel ophidselse, tab af forbindelse til virkeligheden eller raseri. Fysiske symptomer kan omfatte et hurtigt hjerteslag, sved og store flokke. K\u00f8b kokain online.<\/p>\n<p>Vi sender alle produkter direkte fra vores lager via diskret forsendelsesservice. Af sikkerhedsm\u00e6ssige \u00e5rsager vil du modtage vores fineste kokain i stof-\/f\u00f8devareemballage eller krukker. Afh\u00e6nger af v\u00e6gt og tilg\u00e6ngelighed af emballagematerialer.<\/p>\n<p>Fordi hvidt pulveriseret heroin er letopl\u00f8seligt i vand, skyder de fleste heroinbrugere stoffet. Nogle mennesker snuser til det. Det ryges normalt ikke, fordi det br\u00e6nder ved en meget h\u00f8jere temperatur end andre former for heroin.<\/p>\n<p>Hvidt heroinpulver lugter nogle gange af eddike og smager bittert. Det fine hvide pulver kan let forveksles med kokain.<\/p>\n<p>&nbsp;<\/p>\n<pre><strong>K\u00f8b hvid heroin 100 % ren online - k\u00f8b hvid heroin, k\u00f8b hvid heroin 100 % ren , k\u00f8b Hvid heroin 100 % online, Hvor kan man k\u00f8be hvid heroin 100 % ren , Hvid heroin 100 % ren til salg, Hvid heroin 100 % ren til salg, k\u00f8b hvid heroin online, hvor kan man k\u00f8be hvid heroin 100 % ren online, Hvid heroin 100 % pure til salg i usa , USA, canada,uk, k\u00f8b, online, leverand\u00f8rer, sikker levering, Du kan stadig f\u00e5 hvid heroin 100% ren , Er hvid heroin 100% ren lovlig i usa, k\u00f8b hvid heroin 100% ren online usa, hvordan man bestiller hvid heroin 100 % ren , Er hvid heroin 100 % ren lovlig i Canada<\/strong><\/pre>\n","protected":false},"excerpt":{"rendered":"<p>I disse dage er det blevet meget sv\u00e6rt at k\u00f8be hvid heroin 100 % ren online. Men her p\u00e5 K\u00f8b heroin online kan du finde mange typer heroin til salg med gratis forsendelse p\u00e5 engrosordrer.<\/p>\n","protected":false},"featured_media":1677,"comment_status":"open","ping_status":"closed","template":"","meta":{"inline_featured_image":false},"product_brand":[],"product_cat":[343],"product_tag":[226,225,235,230,105,233,237,234,229,232,228,231,236,227,107,109,108,110,106,104],"class_list":{"0":"post-1667","1":"product","2":"type-product","3":"status-publish","4":"has-post-thumbnail","6":"product_cat-andre","7":"product_tag-buy-white-heroin-100-pure","8":"product_tag-buy-white-heroin-100-pure-online-buy-white-heroin","9":"product_tag-buy-white-heroin-100-pure-online-usa","10":"product_tag-buy-white-heroin-online","11":"product_tag-canada","12":"product_tag-du-kan-stadig-blive-hvid-heroin-100-ren","13":"product_tag-er-hvid-heroin-100-ren-lovlig-i-canada","14":"product_tag-er-hvid-heroin-100-ren-lovlig-i-usa","15":"product_tag-hvid-heroin-100-ren-til-salg","16":"product_tag-hvid-heroin-100-ren-til-salg-i-usa","17":"product_tag-hvor-kan-kbes-hvid-heroin-100-ren","18":"product_tag-hvor-kan-kbes-hvid-heroin-100-ren-online","19":"product_tag-hvordan-bestiller-man-hvid-heroin-100-ren","20":"product_tag-kb-hvid-heroin-100-online","21":"product_tag-kbe","22":"product_tag-leverandrer","23":"product_tag-online","24":"product_tag-sikker-levering","25":"product_tag-uk","26":"product_tag-usa","27":"pa_grams-1-kg-1000-g","28":"pa_grams-10-g","29":"pa_grams-100-g","30":"pa_grams-20-g","31":"pa_grams-200-g","32":"pa_grams-35-g","33":"pa_grams-50-g","34":"pa_grams-500-g","36":"first","37":"instock","38":"featured","39":"shipping-taxable","40":"purchasable","41":"product-type-variable","42":"has-default-attributes"},"yoast_head":"<!-- This site is optimized with the Yoast SEO Premium plugin v20.6 (Yoast SEO v27.4) - https:\/\/yoast.com\/product\/yoast-seo-premium-wordpress\/ -->\n<title>K\u00f8b hvid heroin online (100 % ren) | Heroin til salg Good Dealers Meds<\/title>\n<meta name=\"description\" content=\"I disse dage er det blevet meget sv\u00e6rt at K\u00f8b hvid heroin online 100% ren. Men her hos K\u00f8b Heroin Online, kan du finde mange typer heroin.\" \/>\n<meta name=\"robots\" content=\"index, follow, max-snippet:-1, max-image-preview:large, max-video-preview:-1\" \/>\n<link rel=\"canonical\" href=\"https:\/\/gooddealersmeds.com\/da\/product\/kob-hvid-heroin-100-ren-online\/\" \/>\n<meta property=\"og:locale\" content=\"en_US\" \/>\n<meta property=\"og:type\" content=\"article\" \/>\n<meta property=\"og:title\" content=\"K\u00f8b hvid heroin 100% ren online\" \/>\n<meta property=\"og:description\" content=\"I disse dage er det blevet meget sv\u00e6rt at K\u00f8b hvid heroin online 100% ren. Men her hos K\u00f8b Heroin Online, kan du finde mange typer heroin.\" \/>\n<meta property=\"og:url\" content=\"https:\/\/gooddealersmeds.com\/da\/product\/kob-hvid-heroin-100-ren-online\/\" \/>\n<meta property=\"og:site_name\" content=\"Good Dealers Meds\" \/>\n<meta property=\"article:modified_time\" content=\"2023-01-18T18:47:58+00:00\" \/>\n<meta property=\"og:image\" content=\"https:\/\/gooddealersmeds.com\/da\/wp-content\/uploads\/sites\/2\/2022\/03\/Buy-White-Heroin-100-pure-online.jpg\" \/>\n\t<meta property=\"og:image:width\" content=\"600\" \/>\n\t<meta property=\"og:image:height\" content=\"600\" \/>\n\t<meta property=\"og:image:type\" content=\"image\/jpeg\" \/>\n<meta name=\"twitter:card\" content=\"summary_large_image\" \/>\n<meta name=\"twitter:label1\" content=\"Est. reading time\" \/>\n\t<meta name=\"twitter:data1\" content=\"2 minutes\" \/>\n<script type=\"application\/ld+json\" class=\"yoast-schema-graph\">{\"@context\":\"https:\\\/\\\/schema.org\",\"@graph\":[{\"@type\":\"WebPage\",\"@id\":\"https:\\\/\\\/gooddealersmeds.com\\\/da\\\/product\\\/kob-hvid-heroin-100-ren-online\\\/\",\"url\":\"https:\\\/\\\/gooddealersmeds.com\\\/da\\\/product\\\/kob-hvid-heroin-100-ren-online\\\/\",\"name\":\"K\u00f8b hvid heroin online (100 % ren) | Heroin til salg Good Dealers Meds\",\"isPartOf\":{\"@id\":\"https:\\\/\\\/gooddealersmeds.com\\\/da\\\/#website\"},\"primaryImageOfPage\":{\"@id\":\"https:\\\/\\\/gooddealersmeds.com\\\/da\\\/product\\\/kob-hvid-heroin-100-ren-online\\\/#primaryimage\"},\"image\":{\"@id\":\"https:\\\/\\\/gooddealersmeds.com\\\/da\\\/product\\\/kob-hvid-heroin-100-ren-online\\\/#primaryimage\"},\"thumbnailUrl\":\"https:\\\/\\\/gooddealersmeds.com\\\/da\\\/wp-content\\\/uploads\\\/sites\\\/2\\\/2022\\\/03\\\/Buy-White-Heroin-100-pure-online.jpg\",\"datePublished\":\"2022-03-19T01:05:58+00:00\",\"dateModified\":\"2023-01-18T18:47:58+00:00\",\"description\":\"I disse dage er det blevet meget sv\u00e6rt at K\u00f8b hvid heroin online 100% ren. Men her hos K\u00f8b Heroin Online, kan du finde mange typer heroin.\",\"breadcrumb\":{\"@id\":\"https:\\\/\\\/gooddealersmeds.com\\\/da\\\/product\\\/kob-hvid-heroin-100-ren-online\\\/#breadcrumb\"},\"inLanguage\":\"en-US\",\"potentialAction\":[{\"@type\":\"ReadAction\",\"target\":[\"https:\\\/\\\/gooddealersmeds.com\\\/da\\\/product\\\/kob-hvid-heroin-100-ren-online\\\/\"]}]},{\"@type\":\"ImageObject\",\"inLanguage\":\"en-US\",\"@id\":\"https:\\\/\\\/gooddealersmeds.com\\\/da\\\/product\\\/kob-hvid-heroin-100-ren-online\\\/#primaryimage\",\"url\":\"https:\\\/\\\/gooddealersmeds.com\\\/da\\\/wp-content\\\/uploads\\\/sites\\\/2\\\/2022\\\/03\\\/Buy-White-Heroin-100-pure-online.jpg\",\"contentUrl\":\"https:\\\/\\\/gooddealersmeds.com\\\/da\\\/wp-content\\\/uploads\\\/sites\\\/2\\\/2022\\\/03\\\/Buy-White-Heroin-100-pure-online.jpg\",\"width\":600,\"height\":600,\"caption\":\"Buy White Heroin Online\"},{\"@type\":\"BreadcrumbList\",\"@id\":\"https:\\\/\\\/gooddealersmeds.com\\\/da\\\/product\\\/kob-hvid-heroin-100-ren-online\\\/#breadcrumb\",\"itemListElement\":[{\"@type\":\"ListItem\",\"position\":1,\"name\":\"Home\",\"item\":\"https:\\\/\\\/gooddealersmeds.com\\\/da\\\/\"},{\"@type\":\"ListItem\",\"position\":2,\"name\":\"Produkter\",\"item\":\"https:\\\/\\\/gooddealersmeds.com\\\/da\\\/produkter\\\/\"},{\"@type\":\"ListItem\",\"position\":3,\"name\":\"K\u00f8b hvid heroin 100% ren online\"}]},{\"@type\":\"WebSite\",\"@id\":\"https:\\\/\\\/gooddealersmeds.com\\\/da\\\/#website\",\"url\":\"https:\\\/\\\/gooddealersmeds.com\\\/da\\\/\",\"name\":\"Good Dealers Meds\",\"description\":\"All our best\",\"publisher\":{\"@id\":\"https:\\\/\\\/gooddealersmeds.com\\\/da\\\/#organization\"},\"potentialAction\":[{\"@type\":\"SearchAction\",\"target\":{\"@type\":\"EntryPoint\",\"urlTemplate\":\"https:\\\/\\\/gooddealersmeds.com\\\/da\\\/?s={search_term_string}\"},\"query-input\":{\"@type\":\"PropertyValueSpecification\",\"valueRequired\":true,\"valueName\":\"search_term_string\"}}],\"inLanguage\":\"en-US\"},{\"@type\":\"Organization\",\"@id\":\"https:\\\/\\\/gooddealersmeds.com\\\/da\\\/#organization\",\"name\":\"Good Dealers Meds\",\"url\":\"https:\\\/\\\/gooddealersmeds.com\\\/da\\\/\",\"logo\":{\"@type\":\"ImageObject\",\"inLanguage\":\"en-US\",\"@id\":\"https:\\\/\\\/gooddealersmeds.com\\\/da\\\/#\\\/schema\\\/logo\\\/image\\\/\",\"url\":\"https:\\\/\\\/gooddealersmeds.com\\\/da\\\/wp-content\\\/uploads\\\/sites\\\/2\\\/2022\\\/03\\\/gooddealersmeds__logo__20220317T222800Z.00.png\",\"contentUrl\":\"https:\\\/\\\/gooddealersmeds.com\\\/da\\\/wp-content\\\/uploads\\\/sites\\\/2\\\/2022\\\/03\\\/gooddealersmeds__logo__20220317T222800Z.00.png\",\"width\":500,\"height\":325,\"caption\":\"Good Dealers Meds\"},\"image\":{\"@id\":\"https:\\\/\\\/gooddealersmeds.com\\\/da\\\/#\\\/schema\\\/logo\\\/image\\\/\"}}]}<\/script>\n<!-- \/ Yoast SEO Premium plugin. -->","yoast_head_json":{"title":"K\u00f8b hvid heroin online (100 % ren) | Heroin til salg Good Dealers Meds","description":"I disse dage er det blevet meget sv\u00e6rt at K\u00f8b hvid heroin online 100% ren. Men her hos K\u00f8b Heroin Online, kan du finde mange typer heroin.","robots":{"index":"index","follow":"follow","max-snippet":"max-snippet:-1","max-image-preview":"max-image-preview:large","max-video-preview":"max-video-preview:-1"},"canonical":"https:\/\/gooddealersmeds.com\/da\/product\/kob-hvid-heroin-100-ren-online\/","og_locale":"en_US","og_type":"article","og_title":"K\u00f8b hvid heroin 100% ren online","og_description":"I disse dage er det blevet meget sv\u00e6rt at K\u00f8b hvid heroin online 100% ren. Men her hos K\u00f8b Heroin Online, kan du finde mange typer heroin.","og_url":"https:\/\/gooddealersmeds.com\/da\/product\/kob-hvid-heroin-100-ren-online\/","og_site_name":"Good Dealers Meds","article_modified_time":"2023-01-18T18:47:58+00:00","og_image":[{"width":600,"height":600,"url":"https:\/\/gooddealersmeds.com\/da\/wp-content\/uploads\/sites\/2\/2022\/03\/Buy-White-Heroin-100-pure-online.jpg","type":"image\/jpeg"}],"twitter_card":"summary_large_image","twitter_misc":{"Est. reading time":"2 minutes"},"schema":{"@context":"https:\/\/schema.org","@graph":[{"@type":"WebPage","@id":"https:\/\/gooddealersmeds.com\/da\/product\/kob-hvid-heroin-100-ren-online\/","url":"https:\/\/gooddealersmeds.com\/da\/product\/kob-hvid-heroin-100-ren-online\/","name":"K\u00f8b hvid heroin online (100 % ren) | Heroin til salg Good Dealers Meds","isPartOf":{"@id":"https:\/\/gooddealersmeds.com\/da\/#website"},"primaryImageOfPage":{"@id":"https:\/\/gooddealersmeds.com\/da\/product\/kob-hvid-heroin-100-ren-online\/#primaryimage"},"image":{"@id":"https:\/\/gooddealersmeds.com\/da\/product\/kob-hvid-heroin-100-ren-online\/#primaryimage"},"thumbnailUrl":"https:\/\/gooddealersmeds.com\/da\/wp-content\/uploads\/sites\/2\/2022\/03\/Buy-White-Heroin-100-pure-online.jpg","datePublished":"2022-03-19T01:05:58+00:00","dateModified":"2023-01-18T18:47:58+00:00","description":"I disse dage er det blevet meget sv\u00e6rt at K\u00f8b hvid heroin online 100% ren. Men her hos K\u00f8b Heroin Online, kan du finde mange typer heroin.","breadcrumb":{"@id":"https:\/\/gooddealersmeds.com\/da\/product\/kob-hvid-heroin-100-ren-online\/#breadcrumb"},"inLanguage":"en-US","potentialAction":[{"@type":"ReadAction","target":["https:\/\/gooddealersmeds.com\/da\/product\/kob-hvid-heroin-100-ren-online\/"]}]},{"@type":"ImageObject","inLanguage":"en-US","@id":"https:\/\/gooddealersmeds.com\/da\/product\/kob-hvid-heroin-100-ren-online\/#primaryimage","url":"https:\/\/gooddealersmeds.com\/da\/wp-content\/uploads\/sites\/2\/2022\/03\/Buy-White-Heroin-100-pure-online.jpg","contentUrl":"https:\/\/gooddealersmeds.com\/da\/wp-content\/uploads\/sites\/2\/2022\/03\/Buy-White-Heroin-100-pure-online.jpg","width":600,"height":600,"caption":"Buy White Heroin Online"},{"@type":"BreadcrumbList","@id":"https:\/\/gooddealersmeds.com\/da\/product\/kob-hvid-heroin-100-ren-online\/#breadcrumb","itemListElement":[{"@type":"ListItem","position":1,"name":"Home","item":"https:\/\/gooddealersmeds.com\/da\/"},{"@type":"ListItem","position":2,"name":"Produkter","item":"https:\/\/gooddealersmeds.com\/da\/produkter\/"},{"@type":"ListItem","position":3,"name":"K\u00f8b hvid heroin 100% ren online"}]},{"@type":"WebSite","@id":"https:\/\/gooddealersmeds.com\/da\/#website","url":"https:\/\/gooddealersmeds.com\/da\/","name":"Good Dealers Meds","description":"All our best","publisher":{"@id":"https:\/\/gooddealersmeds.com\/da\/#organization"},"potentialAction":[{"@type":"SearchAction","target":{"@type":"EntryPoint","urlTemplate":"https:\/\/gooddealersmeds.com\/da\/?s={search_term_string}"},"query-input":{"@type":"PropertyValueSpecification","valueRequired":true,"valueName":"search_term_string"}}],"inLanguage":"en-US"},{"@type":"Organization","@id":"https:\/\/gooddealersmeds.com\/da\/#organization","name":"Good Dealers Meds","url":"https:\/\/gooddealersmeds.com\/da\/","logo":{"@type":"ImageObject","inLanguage":"en-US","@id":"https:\/\/gooddealersmeds.com\/da\/#\/schema\/logo\/image\/","url":"https:\/\/gooddealersmeds.com\/da\/wp-content\/uploads\/sites\/2\/2022\/03\/gooddealersmeds__logo__20220317T222800Z.00.png","contentUrl":"https:\/\/gooddealersmeds.com\/da\/wp-content\/uploads\/sites\/2\/2022\/03\/gooddealersmeds__logo__20220317T222800Z.00.png","width":500,"height":325,"caption":"Good Dealers Meds"},"image":{"@id":"https:\/\/gooddealersmeds.com\/da\/#\/schema\/logo\/image\/"}}]}},"_links":{"self":[{"href":"https:\/\/gooddealersmeds.com\/da\/wp-json\/wp\/v2\/product\/1667","targetHints":{"allow":["GET"]}}],"collection":[{"href":"https:\/\/gooddealersmeds.com\/da\/wp-json\/wp\/v2\/product"}],"about":[{"href":"https:\/\/gooddealersmeds.com\/da\/wp-json\/wp\/v2\/types\/product"}],"replies":[{"embeddable":true,"href":"https:\/\/gooddealersmeds.com\/da\/wp-json\/wp\/v2\/comments?post=1667"}],"wp:featuredmedia":[{"embeddable":true,"href":"https:\/\/gooddealersmeds.com\/da\/wp-json\/wp\/v2\/media\/1677"}],"wp:attachment":[{"href":"https:\/\/gooddealersmeds.com\/da\/wp-json\/wp\/v2\/media?parent=1667"}],"wp:term":[{"taxonomy":"product_brand","embeddable":true,"href":"https:\/\/gooddealersmeds.com\/da\/wp-json\/wp\/v2\/product_brand?post=1667"},{"taxonomy":"product_cat","embeddable":true,"href":"https:\/\/gooddealersmeds.com\/da\/wp-json\/wp\/v2\/product_cat?post=1667"},{"taxonomy":"product_tag","embeddable":true,"href":"https:\/\/gooddealersmeds.com\/da\/wp-json\/wp\/v2\/product_tag?post=1667"}],"curies":[{"name":"wp","href":"https:\/\/api.w.org\/{rel}","templated":true}]}}