{"id":1657,"date":"2022-03-19T00:58:27","date_gmt":"2022-03-19T00:58:27","guid":{"rendered":"https:\/\/gooddealersmeds.com\/da\/?post_type=product&#038;p=1657"},"modified":"2023-01-18T18:53:35","modified_gmt":"2023-01-18T18:53:35","slug":"bestille-pulveriseret-kokain-online-98-8-ren","status":"publish","type":"product","link":"https:\/\/gooddealersmeds.com\/da\/product\/bestille-pulveriseret-kokain-online-98-8-ren\/","title":{"rendered":"Bestil pulveriseret kokain online 98,8% ren"},"content":{"rendered":"<h2>K\u00f8b kokainpulver online<\/h2>\n<p>K\u00f8b rent kokainpulver online i bedste kvalitet fra vores <a href=\"https:\/\/gooddealersmeds.com\/da\/products\/\"><span style=\"color: #333333\">onlinebutik<\/span><\/a>. Kokainpulver er den mest almindelige form for kokain. Det er ogs\u00e5 kendt som et gadenarko p\u00e5 grund af denne grund. Dette pulver er fremstillet af Coca-planter, der for det meste og almindeligt findes i de sydlige lande.<\/p>\n<p>Det er et kraftfuldt stimulans, der bruges til behandling af mange sygdomme ved at virke direkte p\u00e5 den centrale hjerne. Dette stimulans forbedrer de s\u00e6rlige kemikalier i hjernen til at udf\u00f8re nogle \u00f8nskede handlinger p\u00e5 det menneskelige organsystem. P\u00e5 grund af flere funktioner bruges det mest i form af kokain i hele verden.<\/p>\n<p>Kokainpulver vs en anden form for <a href=\"https:\/\/www.drugcom.de\/drogen\/alles-ueber-kokain\/\">kokain<\/a><\/p>\n<p><strong>Metode til at bruge kokainpulver<\/strong><\/p>\n<p>M\u00e5de til at bruge kokainpulver<\/p>\n<p>Kokainpulver er ikke kun nyttigt for den menneskelige krop. Men det er ogs\u00e5 mindre skadeligt for menneskers sundhed, som er n\u00f8gletr\u00e6kket bag dens succes. Det bruges ofte ved at blande med andre pro-drugs som fentanyl, talkum, osv. Men det kan v\u00e6re sundhedsskadeligt, n\u00e5r det bruges ved at blande med fentanyl ukontrolleret.<\/p>\n<p>S\u00e5 det b\u00f8r kontrolleres ved brug s\u00e5dan et st\u00e6rkt prodrug. Der er mange m\u00e5der, hvorp\u00e5 folk bruger denne pulverlignende snorken, rygning i form af cigaret eller ved at injicere direkte i venen. Den m\u00e5de, hvorp\u00e5 det skal bruges, afh\u00e6nger af menneskers fysiske og mentale tilstand.<\/p>\n<p>Nogle mennesker brugte ogs\u00e5 dette pulver ved at blande det med sodavand, men det er en meget farlig metode at tage det p\u00e5.<\/p>\n<p><strong>Medicinsk brug af kokainpulver<\/strong><\/p>\n<p>Kokainpulver \u00f8ger ogs\u00e5 det responsive system i den menneskelige hjerne ved at \u00f8ge m\u00e6ngden af \u200b\u200bkemikalier i det. L\u00e6gerne ordinerer denne medicin, n\u00e5r de har at g\u00f8re med de mennesker, der lider af dovenskab i deres bev\u00e6gelser og handlinger.<\/p>\n<p>Det bruges ogs\u00e5 af l\u00e6ger i mange kirurgiske operationer for at mindske f\u00f8lelsen af \u200b\u200bsmerte. Dets korte tidsforbrug er meget nyttigt for mennesker, fordi det giver det menneskelige sind en f\u00f8lelse af lykke og energi. P\u00e5 grund af disse funktioner er det popul\u00e6rt blandt alle slags mennesker i denne verden.<\/p>\n<p>Kokainpulver er tilg\u00e6ngeligt og let tilg\u00e6ngeligt for alle p\u00e5 onlinemarkedspladsen. Vores online butik besk\u00e6ftiger sig ogs\u00e5 med dette unikke pulver til meget rimelige priser. Vi leverer ogs\u00e5 den hurtigste levering af produktet lige uden for d\u00f8ren.<\/p>\n<p>&nbsp;<\/p>\n<p>&nbsp;<\/p>\n<pre><strong>Bestil pulveriseret kokain online 98,8 % ren - k\u00f8b pulveriseret kokain, k\u00f8b pulveriseret kokain online 98,8 % ren, k\u00f8b pulveriseret kokain online, Hvor kan du k\u00f8be pulveriseret kokain online 98,8 % ren, pulveriseret kokain online 98,8 % ren til salg, pulveriseret kokain online 98,8 % ren til salg, k\u00f8b pulveriseret kokain online , hvor kan man k\u00f8be pulveriseret kokain online, pulveriseret kokain online 98,8 % ren til salg i usa , USA, canada, uk, k\u00f8b, online, leverand\u00f8rer, sikker levering, Du kan stadig f\u00e5 pulveriseret kokain online 98,8 % ren, Er pulveriseret kokain online 98,8 % ren lovlig i usa, k\u00f8b pulveriseret kokain online 98,8 % ren online usa, hvordan man bestiller pulveriseret kokain online 98,8 % ren, Er pulveriseret kokain online 98,8 % ren lovlig i Canada<\/strong><\/pre>\n","protected":false},"excerpt":{"rendered":"<p>K\u00f8b pulveriseret kokain online. K\u00f8b kokain, kokain, crak kokain. Rent hvidt pulver, usk\u00e5ret og sk\u00e5ret tilg\u00e6ngeligt p\u00e5 lager. Emballage og forsendelse er meget diskret og omg\u00e5r al s\u00e6dvane eller retsh\u00e5ndh\u00e6velse. k\u00f8b kokain online, Kokain til salg, lovlig kokain, k\u00f8b kokain online med kreditkort, pulveriseret kokain til salg.<\/p>\n","protected":false},"featured_media":1666,"comment_status":"open","ping_status":"closed","template":"","meta":{"inline_featured_image":false},"product_brand":[],"product_cat":[343],"product_tag":[596,594,598,599,593,213,221,105,595,597,222,217,600,107,214,109,108,216,218,110],"class_list":{"0":"post-1657","1":"product","2":"type-product","3":"status-publish","4":"has-post-thumbnail","6":"product_cat-andre","7":"product_tag-8-ren","8":"product_tag-8-ren-kob-pulveriseret-kokain","9":"product_tag-8-rent-lovligt-i-canada","10":"product_tag-8-rent-lovligt-i-usa","11":"product_tag-bestil-pulveriseret-kokain-online-98","12":"product_tag-buy-powdered-cocaine-online-98-8-pure","13":"product_tag-buy-powdered-cocaine-online-98-8-pure-online-usa","14":"product_tag-canada","15":"product_tag-du-kan-stadig-fa-pulveriseret-kokain-online-98","16":"product_tag-er-pulveriseret-kokain-online-98","17":"product_tag-how-to-order-powdered-cocaine-online-98-8-pure","18":"product_tag-hvor-kan-kbes-pulveriseret-kokain-online","19":"product_tag-hvor-kan-man-kobe-pulveriseret-kokain-online-98","20":"product_tag-kbe","21":"product_tag-kb-pulveriseret-kokain-online","22":"product_tag-leverandrer","23":"product_tag-online","24":"product_tag-powdered-cocaine-online-98-8-pure-for-sale","25":"product_tag-powdered-cocaine-online-98-8-pure-for-sale-in-usa","26":"product_tag-sikker-levering","27":"pa_grams-1-kg-1000-g","28":"pa_grams-10-g","29":"pa_grams-100-g","30":"pa_grams-20-g","31":"pa_grams-200-g","32":"pa_grams-35-g","33":"pa_grams-50-g","34":"pa_grams-500-g","36":"first","37":"instock","38":"featured","39":"shipping-taxable","40":"purchasable","41":"product-type-variable","42":"has-default-attributes"},"yoast_head":"<!-- This site is optimized with the Yoast SEO Premium plugin v20.6 (Yoast SEO v27.3) - https:\/\/yoast.com\/product\/yoast-seo-premium-wordpress\/ -->\n<title>K\u00f8b kokainpulver online (98,8 % ren) | Kokain til salg | Good Dealers Meds<\/title>\n<meta name=\"description\" content=\"K\u00f8b rent kokainpulver online i bedste kvalitet. Vi er den mest p\u00e5lidelige og mest diskrete leverand\u00f8r af billig crack-kokain online.\" \/>\n<meta name=\"robots\" content=\"index, follow, max-snippet:-1, max-image-preview:large, max-video-preview:-1\" \/>\n<link rel=\"canonical\" href=\"https:\/\/gooddealersmeds.com\/da\/product\/bestille-pulveriseret-kokain-online-98-8-ren\/\" \/>\n<meta property=\"og:locale\" content=\"en_US\" \/>\n<meta property=\"og:type\" content=\"article\" \/>\n<meta property=\"og:title\" content=\"Bestil pulveriseret kokain online 98,8% ren\" \/>\n<meta property=\"og:description\" content=\"K\u00f8b rent kokainpulver online i bedste kvalitet. Vi er den mest p\u00e5lidelige og mest diskrete leverand\u00f8r af billig crack-kokain online.\" \/>\n<meta property=\"og:url\" content=\"https:\/\/gooddealersmeds.com\/da\/product\/bestille-pulveriseret-kokain-online-98-8-ren\/\" \/>\n<meta property=\"og:site_name\" content=\"Good Dealers Meds\" \/>\n<meta property=\"article:modified_time\" content=\"2023-01-18T18:53:35+00:00\" \/>\n<meta property=\"og:image\" content=\"https:\/\/gooddealersmeds.com\/da\/wp-content\/uploads\/sites\/2\/2022\/03\/coc.jpg\" \/>\n\t<meta property=\"og:image:width\" content=\"600\" \/>\n\t<meta property=\"og:image:height\" content=\"600\" \/>\n\t<meta property=\"og:image:type\" content=\"image\/jpeg\" \/>\n<meta name=\"twitter:card\" content=\"summary_large_image\" \/>\n<meta name=\"twitter:label1\" content=\"Est. reading time\" \/>\n\t<meta name=\"twitter:data1\" content=\"3 minutes\" \/>\n<script type=\"application\/ld+json\" class=\"yoast-schema-graph\">{\"@context\":\"https:\\\/\\\/schema.org\",\"@graph\":[{\"@type\":\"WebPage\",\"@id\":\"https:\\\/\\\/gooddealersmeds.com\\\/da\\\/product\\\/bestille-pulveriseret-kokain-online-98-8-ren\\\/\",\"url\":\"https:\\\/\\\/gooddealersmeds.com\\\/da\\\/product\\\/bestille-pulveriseret-kokain-online-98-8-ren\\\/\",\"name\":\"K\u00f8b kokainpulver online (98,8 % ren) | Kokain til salg | Good Dealers Meds\",\"isPartOf\":{\"@id\":\"https:\\\/\\\/gooddealersmeds.com\\\/da\\\/#website\"},\"primaryImageOfPage\":{\"@id\":\"https:\\\/\\\/gooddealersmeds.com\\\/da\\\/product\\\/bestille-pulveriseret-kokain-online-98-8-ren\\\/#primaryimage\"},\"image\":{\"@id\":\"https:\\\/\\\/gooddealersmeds.com\\\/da\\\/product\\\/bestille-pulveriseret-kokain-online-98-8-ren\\\/#primaryimage\"},\"thumbnailUrl\":\"https:\\\/\\\/gooddealersmeds.com\\\/da\\\/wp-content\\\/uploads\\\/sites\\\/2\\\/2022\\\/03\\\/coc.jpg\",\"datePublished\":\"2022-03-19T00:58:27+00:00\",\"dateModified\":\"2023-01-18T18:53:35+00:00\",\"description\":\"K\u00f8b rent kokainpulver online i bedste kvalitet. Vi er den mest p\u00e5lidelige og mest diskrete leverand\u00f8r af billig crack-kokain online.\",\"breadcrumb\":{\"@id\":\"https:\\\/\\\/gooddealersmeds.com\\\/da\\\/product\\\/bestille-pulveriseret-kokain-online-98-8-ren\\\/#breadcrumb\"},\"inLanguage\":\"en-US\",\"potentialAction\":[{\"@type\":\"ReadAction\",\"target\":[\"https:\\\/\\\/gooddealersmeds.com\\\/da\\\/product\\\/bestille-pulveriseret-kokain-online-98-8-ren\\\/\"]}]},{\"@type\":\"ImageObject\",\"inLanguage\":\"en-US\",\"@id\":\"https:\\\/\\\/gooddealersmeds.com\\\/da\\\/product\\\/bestille-pulveriseret-kokain-online-98-8-ren\\\/#primaryimage\",\"url\":\"https:\\\/\\\/gooddealersmeds.com\\\/da\\\/wp-content\\\/uploads\\\/sites\\\/2\\\/2022\\\/03\\\/coc.jpg\",\"contentUrl\":\"https:\\\/\\\/gooddealersmeds.com\\\/da\\\/wp-content\\\/uploads\\\/sites\\\/2\\\/2022\\\/03\\\/coc.jpg\",\"width\":600,\"height\":600,\"caption\":\"Buy Cocaine Powder Online\"},{\"@type\":\"BreadcrumbList\",\"@id\":\"https:\\\/\\\/gooddealersmeds.com\\\/da\\\/product\\\/bestille-pulveriseret-kokain-online-98-8-ren\\\/#breadcrumb\",\"itemListElement\":[{\"@type\":\"ListItem\",\"position\":1,\"name\":\"Home\",\"item\":\"https:\\\/\\\/gooddealersmeds.com\\\/da\\\/\"},{\"@type\":\"ListItem\",\"position\":2,\"name\":\"Produkter\",\"item\":\"https:\\\/\\\/gooddealersmeds.com\\\/da\\\/produkter\\\/\"},{\"@type\":\"ListItem\",\"position\":3,\"name\":\"Bestil pulveriseret kokain online 98,8% ren\"}]},{\"@type\":\"WebSite\",\"@id\":\"https:\\\/\\\/gooddealersmeds.com\\\/da\\\/#website\",\"url\":\"https:\\\/\\\/gooddealersmeds.com\\\/da\\\/\",\"name\":\"Good Dealers Meds\",\"description\":\"All our best\",\"publisher\":{\"@id\":\"https:\\\/\\\/gooddealersmeds.com\\\/da\\\/#organization\"},\"potentialAction\":[{\"@type\":\"SearchAction\",\"target\":{\"@type\":\"EntryPoint\",\"urlTemplate\":\"https:\\\/\\\/gooddealersmeds.com\\\/da\\\/?s={search_term_string}\"},\"query-input\":{\"@type\":\"PropertyValueSpecification\",\"valueRequired\":true,\"valueName\":\"search_term_string\"}}],\"inLanguage\":\"en-US\"},{\"@type\":\"Organization\",\"@id\":\"https:\\\/\\\/gooddealersmeds.com\\\/da\\\/#organization\",\"name\":\"Good Dealers Meds\",\"url\":\"https:\\\/\\\/gooddealersmeds.com\\\/da\\\/\",\"logo\":{\"@type\":\"ImageObject\",\"inLanguage\":\"en-US\",\"@id\":\"https:\\\/\\\/gooddealersmeds.com\\\/da\\\/#\\\/schema\\\/logo\\\/image\\\/\",\"url\":\"https:\\\/\\\/gooddealersmeds.com\\\/da\\\/wp-content\\\/uploads\\\/sites\\\/2\\\/2022\\\/03\\\/gooddealersmeds__logo__20220317T222800Z.00.png\",\"contentUrl\":\"https:\\\/\\\/gooddealersmeds.com\\\/da\\\/wp-content\\\/uploads\\\/sites\\\/2\\\/2022\\\/03\\\/gooddealersmeds__logo__20220317T222800Z.00.png\",\"width\":500,\"height\":325,\"caption\":\"Good Dealers Meds\"},\"image\":{\"@id\":\"https:\\\/\\\/gooddealersmeds.com\\\/da\\\/#\\\/schema\\\/logo\\\/image\\\/\"}}]}<\/script>\n<!-- \/ Yoast SEO Premium plugin. -->","yoast_head_json":{"title":"K\u00f8b kokainpulver online (98,8 % ren) | Kokain til salg | Good Dealers Meds","description":"K\u00f8b rent kokainpulver online i bedste kvalitet. Vi er den mest p\u00e5lidelige og mest diskrete leverand\u00f8r af billig crack-kokain online.","robots":{"index":"index","follow":"follow","max-snippet":"max-snippet:-1","max-image-preview":"max-image-preview:large","max-video-preview":"max-video-preview:-1"},"canonical":"https:\/\/gooddealersmeds.com\/da\/product\/bestille-pulveriseret-kokain-online-98-8-ren\/","og_locale":"en_US","og_type":"article","og_title":"Bestil pulveriseret kokain online 98,8% ren","og_description":"K\u00f8b rent kokainpulver online i bedste kvalitet. Vi er den mest p\u00e5lidelige og mest diskrete leverand\u00f8r af billig crack-kokain online.","og_url":"https:\/\/gooddealersmeds.com\/da\/product\/bestille-pulveriseret-kokain-online-98-8-ren\/","og_site_name":"Good Dealers Meds","article_modified_time":"2023-01-18T18:53:35+00:00","og_image":[{"width":600,"height":600,"url":"https:\/\/gooddealersmeds.com\/da\/wp-content\/uploads\/sites\/2\/2022\/03\/coc.jpg","type":"image\/jpeg"}],"twitter_card":"summary_large_image","twitter_misc":{"Est. reading time":"3 minutes"},"schema":{"@context":"https:\/\/schema.org","@graph":[{"@type":"WebPage","@id":"https:\/\/gooddealersmeds.com\/da\/product\/bestille-pulveriseret-kokain-online-98-8-ren\/","url":"https:\/\/gooddealersmeds.com\/da\/product\/bestille-pulveriseret-kokain-online-98-8-ren\/","name":"K\u00f8b kokainpulver online (98,8 % ren) | Kokain til salg | Good Dealers Meds","isPartOf":{"@id":"https:\/\/gooddealersmeds.com\/da\/#website"},"primaryImageOfPage":{"@id":"https:\/\/gooddealersmeds.com\/da\/product\/bestille-pulveriseret-kokain-online-98-8-ren\/#primaryimage"},"image":{"@id":"https:\/\/gooddealersmeds.com\/da\/product\/bestille-pulveriseret-kokain-online-98-8-ren\/#primaryimage"},"thumbnailUrl":"https:\/\/gooddealersmeds.com\/da\/wp-content\/uploads\/sites\/2\/2022\/03\/coc.jpg","datePublished":"2022-03-19T00:58:27+00:00","dateModified":"2023-01-18T18:53:35+00:00","description":"K\u00f8b rent kokainpulver online i bedste kvalitet. Vi er den mest p\u00e5lidelige og mest diskrete leverand\u00f8r af billig crack-kokain online.","breadcrumb":{"@id":"https:\/\/gooddealersmeds.com\/da\/product\/bestille-pulveriseret-kokain-online-98-8-ren\/#breadcrumb"},"inLanguage":"en-US","potentialAction":[{"@type":"ReadAction","target":["https:\/\/gooddealersmeds.com\/da\/product\/bestille-pulveriseret-kokain-online-98-8-ren\/"]}]},{"@type":"ImageObject","inLanguage":"en-US","@id":"https:\/\/gooddealersmeds.com\/da\/product\/bestille-pulveriseret-kokain-online-98-8-ren\/#primaryimage","url":"https:\/\/gooddealersmeds.com\/da\/wp-content\/uploads\/sites\/2\/2022\/03\/coc.jpg","contentUrl":"https:\/\/gooddealersmeds.com\/da\/wp-content\/uploads\/sites\/2\/2022\/03\/coc.jpg","width":600,"height":600,"caption":"Buy Cocaine Powder Online"},{"@type":"BreadcrumbList","@id":"https:\/\/gooddealersmeds.com\/da\/product\/bestille-pulveriseret-kokain-online-98-8-ren\/#breadcrumb","itemListElement":[{"@type":"ListItem","position":1,"name":"Home","item":"https:\/\/gooddealersmeds.com\/da\/"},{"@type":"ListItem","position":2,"name":"Produkter","item":"https:\/\/gooddealersmeds.com\/da\/produkter\/"},{"@type":"ListItem","position":3,"name":"Bestil pulveriseret kokain online 98,8% ren"}]},{"@type":"WebSite","@id":"https:\/\/gooddealersmeds.com\/da\/#website","url":"https:\/\/gooddealersmeds.com\/da\/","name":"Good Dealers Meds","description":"All our best","publisher":{"@id":"https:\/\/gooddealersmeds.com\/da\/#organization"},"potentialAction":[{"@type":"SearchAction","target":{"@type":"EntryPoint","urlTemplate":"https:\/\/gooddealersmeds.com\/da\/?s={search_term_string}"},"query-input":{"@type":"PropertyValueSpecification","valueRequired":true,"valueName":"search_term_string"}}],"inLanguage":"en-US"},{"@type":"Organization","@id":"https:\/\/gooddealersmeds.com\/da\/#organization","name":"Good Dealers Meds","url":"https:\/\/gooddealersmeds.com\/da\/","logo":{"@type":"ImageObject","inLanguage":"en-US","@id":"https:\/\/gooddealersmeds.com\/da\/#\/schema\/logo\/image\/","url":"https:\/\/gooddealersmeds.com\/da\/wp-content\/uploads\/sites\/2\/2022\/03\/gooddealersmeds__logo__20220317T222800Z.00.png","contentUrl":"https:\/\/gooddealersmeds.com\/da\/wp-content\/uploads\/sites\/2\/2022\/03\/gooddealersmeds__logo__20220317T222800Z.00.png","width":500,"height":325,"caption":"Good Dealers Meds"},"image":{"@id":"https:\/\/gooddealersmeds.com\/da\/#\/schema\/logo\/image\/"}}]}},"_links":{"self":[{"href":"https:\/\/gooddealersmeds.com\/da\/wp-json\/wp\/v2\/product\/1657","targetHints":{"allow":["GET"]}}],"collection":[{"href":"https:\/\/gooddealersmeds.com\/da\/wp-json\/wp\/v2\/product"}],"about":[{"href":"https:\/\/gooddealersmeds.com\/da\/wp-json\/wp\/v2\/types\/product"}],"replies":[{"embeddable":true,"href":"https:\/\/gooddealersmeds.com\/da\/wp-json\/wp\/v2\/comments?post=1657"}],"wp:featuredmedia":[{"embeddable":true,"href":"https:\/\/gooddealersmeds.com\/da\/wp-json\/wp\/v2\/media\/1666"}],"wp:attachment":[{"href":"https:\/\/gooddealersmeds.com\/da\/wp-json\/wp\/v2\/media?parent=1657"}],"wp:term":[{"taxonomy":"product_brand","embeddable":true,"href":"https:\/\/gooddealersmeds.com\/da\/wp-json\/wp\/v2\/product_brand?post=1657"},{"taxonomy":"product_cat","embeddable":true,"href":"https:\/\/gooddealersmeds.com\/da\/wp-json\/wp\/v2\/product_cat?post=1657"},{"taxonomy":"product_tag","embeddable":true,"href":"https:\/\/gooddealersmeds.com\/da\/wp-json\/wp\/v2\/product_tag?post=1657"}],"curies":[{"name":"wp","href":"https:\/\/api.w.org\/{rel}","templated":true}]}}