{"id":1639,"date":"2022-03-19T00:39:57","date_gmt":"2022-03-19T00:39:57","guid":{"rendered":"https:\/\/gooddealersmeds.com\/da\/?post_type=product&#038;p=1639"},"modified":"2023-01-18T18:56:42","modified_gmt":"2023-01-18T18:56:42","slug":"kob-fentanyl-pulver-online","status":"publish","type":"product","link":"https:\/\/gooddealersmeds.com\/da\/product\/kob-fentanyl-pulver-online\/","title":{"rendered":"K\u00f8b fentanylpulver online"},"content":{"rendered":"<h2>Fentanylpulver til salg online i bedste kvalitet<\/h2>\n<p>K\u00f8b fentanylpulver online; Fentanyl er et medlem af pro-drugs-familien kendt som opioid. Dette pulver bruges til behandling af mange sygdomme. Det findes i b\u00e5de piller og pulverform. Fentanylpulver er det smertestillende middel, der bruges til at f\u00e5 lindring af smerter.<\/p>\n<p>Fentanyl bruges ogs\u00e5 til at reducere eller fjerne enhver form for smerte, dvs. kronisk smerte ogs\u00e5. Det blev f\u00f8rst syntetiseret i 1960&#8217;erne og kom p\u00e5 markedet som medicin. S\u00e5 blev det brugt til mindre form\u00e5l. Men i de seneste \u00e5r er det ikke kun brugt som medicin, men ogs\u00e5 som l\u00e6gemiddel i nogle tilf\u00e6lde.<\/p>\n<p>Fentanylpulver sammenlignes ofte med det mest ber\u00f8mte prodrug, der er kendt som morfin. Det er et meget h\u00f8jt potentiale pro-drug, der bruges og produceres endnu inden for det medicinske omr\u00e5de.<\/p>\n<p>Fentanyl Powder er n\u00e6sten 50-100 gange st\u00e6rkere pro-drug end morfin. Dette er hoved\u00e5rsagen til dets succes og brug i s\u00e5 stor skala, K\u00f8b fentanylpulver online<\/p>\n<p><strong>Oversigt over virkningerne af fentanylpulver<\/strong><\/p>\n<p>Fentanylpulver virker direkte p\u00e5 hjernen og \u00e6ndrer f\u00f8lelsen af \u200b\u200bsmerte fuldst\u00e6ndigt. Det fjerner permanent eller delvist smerten fra kroppen afh\u00e6ngigt af smertetilstanden. P\u00e5 grund af dens h\u00f8je styrke, almindeligvis brugt til at behandle enhver form for smerte lige fra initial til kronisk smerte.<\/p>\n<p>Dette er nogle funktioner, som mange l\u00e6ger bruger dette pro-l\u00e6gemiddel i deres behandlinger af. Mange l\u00e6gemidler, der bruges i kirurgiske operationer, har en vis andel af dette prodrug for at reducere smerten ved operation.<\/p>\n<p>Fentanylpulver er ikke kun popul\u00e6rt blandt l\u00e6gerne, men ogs\u00e5 popul\u00e6rt blandt folk, der kommer til dansebarer og klubber. Folk bruger dette pro-drug til at slappe af, n\u00e5r de bliver tr\u00e6tte af deres arbejde og \u00f8nsker at nyde livet.<\/p>\n<p>Ingredienserne, der bruges til at fremstille dette pro-drug, har ogs\u00e5 nogle egenskaber, der er nyttige til at f\u00e5 ordentlig s\u00f8vn. P\u00e5 grund af denne grund er det blevet meget popul\u00e6rt blandt folk, der st\u00e5r over for problemer som depression.<\/p>\n<p>Fentanylpulver er let tilg\u00e6ngeligt p\u00e5 onlinemarkedet. Vores <span style=\"color: #333333\"><a style=\"color: #333333\" href=\"https:\/\/gooddealersmeds.com\/da\/\">onlinebutik<\/a><\/span> handler ogs\u00e5 med dette pro-drug i b\u00e5de piller og pulverform. Vores butik leverer ogs\u00e5 produktet p\u00e5 meget kort tid lige uden for d\u00f8ren.<\/p>\n<p>&nbsp;<\/p>\n<p>&nbsp;<\/p>\n<pre><strong>K\u00f8b fentanylpulver Online - k\u00f8b pulver , k\u00f8b fentanyl pulver , k\u00f8b fentanyl online, Hvor kan man k\u00f8be fentanyl pulver , Fentanyl pulver til salg, pulver til salg, k\u00f8b pulver online, hvor kan man k\u00f8be fentanyl pulver online , Fentanyl pulver til salg i usa , USA, canada, dk, k\u00f8b, online, leverand\u00f8rer, sikker levering, Du kan stadig f\u00e5 Fentanyl Powder , Er Fentanyl Powder lovligt i usa, k\u00f8b Fentanyl Powder online usa, hvordan bestiller man Fentanyl Powder , Er Fentanyl Powder lovligt i Canada<\/strong><\/pre>\n","protected":false},"excerpt":{"rendered":"<p>Fentanyl behandler alvorlige, vedvarende smerter, som ikke kan kontrolleres med anden medicin. Denne medicin er et narkotisk smertestillende middel.<br \/>\nK\u00f8b Fentanyl i h\u00f8jeste kvalitet online i dag til meget lave pr\u00e6mier fra Vi tilbyder diskret forsendelse og pengene-tilbage-garanti.<\/p>\n<p>produktprisen er som: pr. gram<\/p>\n","protected":false},"featured_media":1648,"comment_status":"open","ping_status":"closed","template":"","meta":{"inline_featured_image":false},"product_brand":[],"product_cat":[347],"product_tag":[199,198,208,105,206,210,207,201,205,200,204,209,97,203,107,109,108,202,110,106,104],"class_list":{"0":"post-1639","1":"product","2":"type-product","3":"status-publish","4":"has-post-thumbnail","6":"product_cat-opioid-smertestillende-middel","7":"product_tag-buy-fentanyl-powder","8":"product_tag-buy-fentanyl-powder-online-buy-powder","9":"product_tag-buy-fentanyl-powder-online-usa","10":"product_tag-canada","11":"product_tag-du-kan-stadig-f-fentanyl-pulver","12":"product_tag-er-fentanyl-pulver-lovligt-i-canada","13":"product_tag-er-fentanyl-pulver-lovligt-i-usa","14":"product_tag-fentanyl-powder-for-sale","15":"product_tag-fentanyl-pulver-til-salg-i-usa","16":"product_tag-hvor-kan-kbes-fentanyl-pulver","17":"product_tag-hvor-kan-kbes-fentanyl-pulver-online","18":"product_tag-hvordan-bestiller-man-fentanyl-pulver","19":"product_tag-kb-fentanyl-online","20":"product_tag-kb-pulver-online","21":"product_tag-kbe","22":"product_tag-leverandrer","23":"product_tag-online","24":"product_tag-pulver-til-salg","25":"product_tag-sikker-levering","26":"product_tag-uk","27":"product_tag-usa","28":"pa_grams-1-kg-1000-g","29":"pa_grams-10-g","30":"pa_grams-100-g","31":"pa_grams-20-g","32":"pa_grams-200-g","33":"pa_grams-35-g","34":"pa_grams-50-g","35":"pa_grams-500-g","37":"first","38":"instock","39":"featured","40":"shipping-taxable","41":"purchasable","42":"product-type-variable","43":"has-default-attributes"},"yoast_head":"<!-- This site is optimized with the Yoast SEO Premium plugin v20.6 (Yoast SEO v27.3) - https:\/\/yoast.com\/product\/yoast-seo-premium-wordpress\/ -->\n<title>K\u00f8b fentanylpulver online | Ren Fentanyl til salg hos Good Dealers Meds<\/title>\n<meta name=\"description\" content=\"Fentanylpulver er meget udbredt som et ekstremt l\u00e6gemiddel. K\u00f8b fentanylpulver online uden recept til de bedste priser fra Good Dealers Meds.\" \/>\n<meta name=\"robots\" content=\"index, follow, max-snippet:-1, max-image-preview:large, max-video-preview:-1\" \/>\n<link rel=\"canonical\" href=\"https:\/\/gooddealersmeds.com\/da\/product\/kob-fentanyl-pulver-online\/\" \/>\n<meta property=\"og:locale\" content=\"en_US\" \/>\n<meta property=\"og:type\" content=\"article\" \/>\n<meta property=\"og:title\" content=\"K\u00f8b fentanylpulver online\" \/>\n<meta property=\"og:description\" content=\"Fentanylpulver er meget udbredt som et ekstremt l\u00e6gemiddel. K\u00f8b fentanylpulver online uden recept til de bedste priser fra Good Dealers Meds.\" \/>\n<meta property=\"og:url\" content=\"https:\/\/gooddealersmeds.com\/da\/product\/kob-fentanyl-pulver-online\/\" \/>\n<meta property=\"og:site_name\" content=\"Good Dealers Meds\" \/>\n<meta property=\"article:modified_time\" content=\"2023-01-18T18:56:42+00:00\" \/>\n<meta property=\"og:image\" content=\"https:\/\/gooddealersmeds.com\/da\/wp-content\/uploads\/sites\/2\/2022\/03\/buy-metizolam-powder-online.jpg\" \/>\n\t<meta property=\"og:image:width\" content=\"600\" \/>\n\t<meta property=\"og:image:height\" content=\"600\" \/>\n\t<meta property=\"og:image:type\" content=\"image\/jpeg\" \/>\n<meta name=\"twitter:card\" content=\"summary_large_image\" \/>\n<meta name=\"twitter:label1\" content=\"Est. reading time\" \/>\n\t<meta name=\"twitter:data1\" content=\"2 minutes\" \/>\n<script type=\"application\/ld+json\" class=\"yoast-schema-graph\">{\"@context\":\"https:\\\/\\\/schema.org\",\"@graph\":[{\"@type\":\"WebPage\",\"@id\":\"https:\\\/\\\/gooddealersmeds.com\\\/da\\\/product\\\/kob-fentanyl-pulver-online\\\/\",\"url\":\"https:\\\/\\\/gooddealersmeds.com\\\/da\\\/product\\\/kob-fentanyl-pulver-online\\\/\",\"name\":\"K\u00f8b fentanylpulver online | Ren Fentanyl til salg hos Good Dealers Meds\",\"isPartOf\":{\"@id\":\"https:\\\/\\\/gooddealersmeds.com\\\/da\\\/#website\"},\"primaryImageOfPage\":{\"@id\":\"https:\\\/\\\/gooddealersmeds.com\\\/da\\\/product\\\/kob-fentanyl-pulver-online\\\/#primaryimage\"},\"image\":{\"@id\":\"https:\\\/\\\/gooddealersmeds.com\\\/da\\\/product\\\/kob-fentanyl-pulver-online\\\/#primaryimage\"},\"thumbnailUrl\":\"https:\\\/\\\/gooddealersmeds.com\\\/da\\\/wp-content\\\/uploads\\\/sites\\\/2\\\/2022\\\/03\\\/buy-metizolam-powder-online.jpg\",\"datePublished\":\"2022-03-19T00:39:57+00:00\",\"dateModified\":\"2023-01-18T18:56:42+00:00\",\"description\":\"Fentanylpulver er meget udbredt som et ekstremt l\u00e6gemiddel. K\u00f8b fentanylpulver online uden recept til de bedste priser fra Good Dealers Meds.\",\"breadcrumb\":{\"@id\":\"https:\\\/\\\/gooddealersmeds.com\\\/da\\\/product\\\/kob-fentanyl-pulver-online\\\/#breadcrumb\"},\"inLanguage\":\"en-US\",\"potentialAction\":[{\"@type\":\"ReadAction\",\"target\":[\"https:\\\/\\\/gooddealersmeds.com\\\/da\\\/product\\\/kob-fentanyl-pulver-online\\\/\"]}]},{\"@type\":\"ImageObject\",\"inLanguage\":\"en-US\",\"@id\":\"https:\\\/\\\/gooddealersmeds.com\\\/da\\\/product\\\/kob-fentanyl-pulver-online\\\/#primaryimage\",\"url\":\"https:\\\/\\\/gooddealersmeds.com\\\/da\\\/wp-content\\\/uploads\\\/sites\\\/2\\\/2022\\\/03\\\/buy-metizolam-powder-online.jpg\",\"contentUrl\":\"https:\\\/\\\/gooddealersmeds.com\\\/da\\\/wp-content\\\/uploads\\\/sites\\\/2\\\/2022\\\/03\\\/buy-metizolam-powder-online.jpg\",\"width\":600,\"height\":600,\"caption\":\"Buy Fentanyl Powder Online\"},{\"@type\":\"BreadcrumbList\",\"@id\":\"https:\\\/\\\/gooddealersmeds.com\\\/da\\\/product\\\/kob-fentanyl-pulver-online\\\/#breadcrumb\",\"itemListElement\":[{\"@type\":\"ListItem\",\"position\":1,\"name\":\"Home\",\"item\":\"https:\\\/\\\/gooddealersmeds.com\\\/da\\\/\"},{\"@type\":\"ListItem\",\"position\":2,\"name\":\"Produkter\",\"item\":\"https:\\\/\\\/gooddealersmeds.com\\\/da\\\/produkter\\\/\"},{\"@type\":\"ListItem\",\"position\":3,\"name\":\"K\u00f8b fentanylpulver online\"}]},{\"@type\":\"WebSite\",\"@id\":\"https:\\\/\\\/gooddealersmeds.com\\\/da\\\/#website\",\"url\":\"https:\\\/\\\/gooddealersmeds.com\\\/da\\\/\",\"name\":\"Good Dealers Meds\",\"description\":\"All our best\",\"publisher\":{\"@id\":\"https:\\\/\\\/gooddealersmeds.com\\\/da\\\/#organization\"},\"potentialAction\":[{\"@type\":\"SearchAction\",\"target\":{\"@type\":\"EntryPoint\",\"urlTemplate\":\"https:\\\/\\\/gooddealersmeds.com\\\/da\\\/?s={search_term_string}\"},\"query-input\":{\"@type\":\"PropertyValueSpecification\",\"valueRequired\":true,\"valueName\":\"search_term_string\"}}],\"inLanguage\":\"en-US\"},{\"@type\":\"Organization\",\"@id\":\"https:\\\/\\\/gooddealersmeds.com\\\/da\\\/#organization\",\"name\":\"Good Dealers Meds\",\"url\":\"https:\\\/\\\/gooddealersmeds.com\\\/da\\\/\",\"logo\":{\"@type\":\"ImageObject\",\"inLanguage\":\"en-US\",\"@id\":\"https:\\\/\\\/gooddealersmeds.com\\\/da\\\/#\\\/schema\\\/logo\\\/image\\\/\",\"url\":\"https:\\\/\\\/gooddealersmeds.com\\\/da\\\/wp-content\\\/uploads\\\/sites\\\/2\\\/2022\\\/03\\\/gooddealersmeds__logo__20220317T222800Z.00.png\",\"contentUrl\":\"https:\\\/\\\/gooddealersmeds.com\\\/da\\\/wp-content\\\/uploads\\\/sites\\\/2\\\/2022\\\/03\\\/gooddealersmeds__logo__20220317T222800Z.00.png\",\"width\":500,\"height\":325,\"caption\":\"Good Dealers Meds\"},\"image\":{\"@id\":\"https:\\\/\\\/gooddealersmeds.com\\\/da\\\/#\\\/schema\\\/logo\\\/image\\\/\"}}]}<\/script>\n<!-- \/ Yoast SEO Premium plugin. -->","yoast_head_json":{"title":"K\u00f8b fentanylpulver online | Ren Fentanyl til salg hos Good Dealers Meds","description":"Fentanylpulver er meget udbredt som et ekstremt l\u00e6gemiddel. K\u00f8b fentanylpulver online uden recept til de bedste priser fra Good Dealers Meds.","robots":{"index":"index","follow":"follow","max-snippet":"max-snippet:-1","max-image-preview":"max-image-preview:large","max-video-preview":"max-video-preview:-1"},"canonical":"https:\/\/gooddealersmeds.com\/da\/product\/kob-fentanyl-pulver-online\/","og_locale":"en_US","og_type":"article","og_title":"K\u00f8b fentanylpulver online","og_description":"Fentanylpulver er meget udbredt som et ekstremt l\u00e6gemiddel. K\u00f8b fentanylpulver online uden recept til de bedste priser fra Good Dealers Meds.","og_url":"https:\/\/gooddealersmeds.com\/da\/product\/kob-fentanyl-pulver-online\/","og_site_name":"Good Dealers Meds","article_modified_time":"2023-01-18T18:56:42+00:00","og_image":[{"width":600,"height":600,"url":"https:\/\/gooddealersmeds.com\/da\/wp-content\/uploads\/sites\/2\/2022\/03\/buy-metizolam-powder-online.jpg","type":"image\/jpeg"}],"twitter_card":"summary_large_image","twitter_misc":{"Est. reading time":"2 minutes"},"schema":{"@context":"https:\/\/schema.org","@graph":[{"@type":"WebPage","@id":"https:\/\/gooddealersmeds.com\/da\/product\/kob-fentanyl-pulver-online\/","url":"https:\/\/gooddealersmeds.com\/da\/product\/kob-fentanyl-pulver-online\/","name":"K\u00f8b fentanylpulver online | Ren Fentanyl til salg hos Good Dealers Meds","isPartOf":{"@id":"https:\/\/gooddealersmeds.com\/da\/#website"},"primaryImageOfPage":{"@id":"https:\/\/gooddealersmeds.com\/da\/product\/kob-fentanyl-pulver-online\/#primaryimage"},"image":{"@id":"https:\/\/gooddealersmeds.com\/da\/product\/kob-fentanyl-pulver-online\/#primaryimage"},"thumbnailUrl":"https:\/\/gooddealersmeds.com\/da\/wp-content\/uploads\/sites\/2\/2022\/03\/buy-metizolam-powder-online.jpg","datePublished":"2022-03-19T00:39:57+00:00","dateModified":"2023-01-18T18:56:42+00:00","description":"Fentanylpulver er meget udbredt som et ekstremt l\u00e6gemiddel. K\u00f8b fentanylpulver online uden recept til de bedste priser fra Good Dealers Meds.","breadcrumb":{"@id":"https:\/\/gooddealersmeds.com\/da\/product\/kob-fentanyl-pulver-online\/#breadcrumb"},"inLanguage":"en-US","potentialAction":[{"@type":"ReadAction","target":["https:\/\/gooddealersmeds.com\/da\/product\/kob-fentanyl-pulver-online\/"]}]},{"@type":"ImageObject","inLanguage":"en-US","@id":"https:\/\/gooddealersmeds.com\/da\/product\/kob-fentanyl-pulver-online\/#primaryimage","url":"https:\/\/gooddealersmeds.com\/da\/wp-content\/uploads\/sites\/2\/2022\/03\/buy-metizolam-powder-online.jpg","contentUrl":"https:\/\/gooddealersmeds.com\/da\/wp-content\/uploads\/sites\/2\/2022\/03\/buy-metizolam-powder-online.jpg","width":600,"height":600,"caption":"Buy Fentanyl Powder Online"},{"@type":"BreadcrumbList","@id":"https:\/\/gooddealersmeds.com\/da\/product\/kob-fentanyl-pulver-online\/#breadcrumb","itemListElement":[{"@type":"ListItem","position":1,"name":"Home","item":"https:\/\/gooddealersmeds.com\/da\/"},{"@type":"ListItem","position":2,"name":"Produkter","item":"https:\/\/gooddealersmeds.com\/da\/produkter\/"},{"@type":"ListItem","position":3,"name":"K\u00f8b fentanylpulver online"}]},{"@type":"WebSite","@id":"https:\/\/gooddealersmeds.com\/da\/#website","url":"https:\/\/gooddealersmeds.com\/da\/","name":"Good Dealers Meds","description":"All our best","publisher":{"@id":"https:\/\/gooddealersmeds.com\/da\/#organization"},"potentialAction":[{"@type":"SearchAction","target":{"@type":"EntryPoint","urlTemplate":"https:\/\/gooddealersmeds.com\/da\/?s={search_term_string}"},"query-input":{"@type":"PropertyValueSpecification","valueRequired":true,"valueName":"search_term_string"}}],"inLanguage":"en-US"},{"@type":"Organization","@id":"https:\/\/gooddealersmeds.com\/da\/#organization","name":"Good Dealers Meds","url":"https:\/\/gooddealersmeds.com\/da\/","logo":{"@type":"ImageObject","inLanguage":"en-US","@id":"https:\/\/gooddealersmeds.com\/da\/#\/schema\/logo\/image\/","url":"https:\/\/gooddealersmeds.com\/da\/wp-content\/uploads\/sites\/2\/2022\/03\/gooddealersmeds__logo__20220317T222800Z.00.png","contentUrl":"https:\/\/gooddealersmeds.com\/da\/wp-content\/uploads\/sites\/2\/2022\/03\/gooddealersmeds__logo__20220317T222800Z.00.png","width":500,"height":325,"caption":"Good Dealers Meds"},"image":{"@id":"https:\/\/gooddealersmeds.com\/da\/#\/schema\/logo\/image\/"}}]}},"_links":{"self":[{"href":"https:\/\/gooddealersmeds.com\/da\/wp-json\/wp\/v2\/product\/1639","targetHints":{"allow":["GET"]}}],"collection":[{"href":"https:\/\/gooddealersmeds.com\/da\/wp-json\/wp\/v2\/product"}],"about":[{"href":"https:\/\/gooddealersmeds.com\/da\/wp-json\/wp\/v2\/types\/product"}],"replies":[{"embeddable":true,"href":"https:\/\/gooddealersmeds.com\/da\/wp-json\/wp\/v2\/comments?post=1639"}],"wp:featuredmedia":[{"embeddable":true,"href":"https:\/\/gooddealersmeds.com\/da\/wp-json\/wp\/v2\/media\/1648"}],"wp:attachment":[{"href":"https:\/\/gooddealersmeds.com\/da\/wp-json\/wp\/v2\/media?parent=1639"}],"wp:term":[{"taxonomy":"product_brand","embeddable":true,"href":"https:\/\/gooddealersmeds.com\/da\/wp-json\/wp\/v2\/product_brand?post=1639"},{"taxonomy":"product_cat","embeddable":true,"href":"https:\/\/gooddealersmeds.com\/da\/wp-json\/wp\/v2\/product_cat?post=1639"},{"taxonomy":"product_tag","embeddable":true,"href":"https:\/\/gooddealersmeds.com\/da\/wp-json\/wp\/v2\/product_tag?post=1639"}],"curies":[{"name":"wp","href":"https:\/\/api.w.org\/{rel}","templated":true}]}}