{"id":1627,"date":"2022-03-19T00:28:52","date_gmt":"2022-03-19T00:28:52","guid":{"rendered":"https:\/\/gooddealersmeds.com\/da\/?post_type=product&#038;p=1627"},"modified":"2023-01-18T19:12:50","modified_gmt":"2023-01-18T19:12:50","slug":"kob-rene-mdma-krystaller-online","status":"publish","type":"product","link":"https:\/\/gooddealersmeds.com\/da\/product\/kob-rene-mdma-krystaller-online\/","title":{"rendered":"K\u00f8b rene MDMA-krystaller online"},"content":{"rendered":"<h2>Bestil MDMA-krystaller online og\u00a0MDMA-krystaller til salg til en overkommelig pris<\/h2>\n<p>K\u00f8b MDMA krystal online fra vores butik. <a href=\"https:\/\/gooddealersmeds.com\/da\/product\/buy-pure-mdma-crystals-online\/\">MDMA<\/a> er et stimulerende stof med euforiske og let hallucinogene egenskaber. MDMA findes i to former, piller og pulver\/krystaller og kan indtages oralt eller prustes.<\/p>\n<p>Stoffet 3, 4-methylendioxymethamfetamin er et amfetaminderivat, der har vundet betydelig popularitet i de senere \u00e5r og er blevet det rekreative valgfrit stof til mange unge og unge voksne. Personer, der tager MDMA, beskriver en f\u00f8lelse af eufori, tab af h\u00e6mning, en f\u00f8lelse af n\u00e6rhed og\/eller empati og \u00f8get sensualitet. &#8220;Molly&#8221;, pulver- eller krystalformen af \u200b\u200bMDMA, kemikaliet brugt i ecstasy, har v\u00e6ret et popul\u00e6rt stof.<\/p>\n<p>Dosis vil afh\u00e6nge af en r\u00e6kke faktorer, herunder tolerance, k\u00f8n og hvordan det tages (enten nasalt) eller mundtligt). Dette er kun en vejledning.<\/p>\n<p>Anbefalet dosis = 50 mg + din kropsv\u00e6gt i kilo<\/p>\n<h2>K\u00f8b MDMA krystal online : Blandt de virkninger, der kan opst\u00e5 som f\u00f8lge af MDMA-brug, er f\u00f8lgende:<\/h2>\n<ul>\n<li>\u00d8get vitalitet\/bevidsthed<\/li>\n<li>Eufori<\/li>\n<li>\u00d8get empati eller f\u00f8lelsen af \u200b\u200bat v\u00e6re &#8216;elsket&#8217;<\/li>\n<li>\u00d8get agtelse for musik<\/li>\n<li>Hallucinationer af mild karakter<\/li>\n<li>Temperaturstigning<\/li>\n<li>K\u00e6besammenknytting, slibning af t\u00e6nder og tygning af tunge og kinder (gurk)<\/li>\n<li>Kvalme\/opkastning<\/li>\n<li>Manglende evne til orgasme\/erektil dysfunktion<\/li>\n<\/ul>\n<p>Vores ordre er fuldst\u00e6ndig privat og sikker. Desuden behandler vi vores ordrer med den st\u00f8rste hensyntagen til dit privatliv som kunde. For det andet arbejder vi h\u00e5rdt p\u00e5 at holde din levering s\u00e5 diskret som muligt. Til din VIP-levering bruger vi et velrenommeret fragtfirma.<\/p>\n<p>Desuden kan vi forsikre din pakke for at sikre dens sikkerhed under transport fra skibet til din d\u00f8r. Endelig holder vi alle dine oplysninger sikre og vil aldrig give dem v\u00e6k eller afsl\u00f8re dem uden din tilladelse.<\/p>\n<p>Kunder over hele verden kan k\u00f8be rene MDMA-krystaller online med eller uden recept fra vores <a href=\"https:\/\/gooddealersmeds.com\/da\/products\/\">butik<\/a>.<\/p>\n","protected":false},"excerpt":{"rendered":"<p>Ecstasy\/Molly Crystals til salg (k\u00f8b Ecstasy\/Molly Crystals online). K\u00f8b rene MDMA-krystaller online, Methylone-krystaller online, K\u00f8b Methylone online, K\u00f8b Ecstasy-krystaller online, K\u00f8b Molly-krystaller online<\/p>\n","protected":false},"featured_media":1637,"comment_status":"open","ping_status":"closed","template":"","meta":{"inline_featured_image":false},"product_brand":[],"product_cat":[343],"product_tag":[185,191,187,186,194,197,195,196,188,192,107,190,189,193],"class_list":{"0":"post-1627","1":"product","2":"type-product","3":"status-publish","4":"has-post-thumbnail","6":"product_cat-andre","7":"product_tag-buy-pure-mdma-crystals-online-buy-pure-mdma-crystals","8":"product_tag-buy-pure-mdma-crystals-online-near-me","9":"product_tag-buy-pure-mdma-crystals-online-usa","10":"product_tag-buy-pure-mdma-crystals-usa","11":"product_tag-du-kan-stadig-f-rene-mdma-krystaller","12":"product_tag-er-rene-mdma-krystaller-lovlige-i-canada","13":"product_tag-er-rene-mdma-krystaller-lovlige-i-usa","14":"product_tag-how-to-order-pure-mdma-crystals","15":"product_tag-hvor-kan-kbes-rene-mdma-krystaller","16":"product_tag-hvor-kan-kbes-rene-mdma-krystaller-online","17":"product_tag-kbe","18":"product_tag-pure-mdma-crystals-for-sale-near-me","19":"product_tag-rene-mdma-krystaller-til-salg","20":"product_tag-rene-mdma-krystaller-til-salg-i-usa","21":"pa_grams-1-kg-1000-g","22":"pa_grams-100-g","23":"pa_grams-20-g","24":"pa_grams-200-g","25":"pa_grams-250-g","26":"pa_grams-35-g","27":"pa_grams-50-g","28":"pa_grams-500-g","30":"first","31":"instock","32":"featured","33":"shipping-taxable","34":"purchasable","35":"product-type-variable","36":"has-default-attributes"},"yoast_head":"<!-- This site is optimized with the Yoast SEO Premium plugin v20.6 (Yoast SEO v27.4) - https:\/\/yoast.com\/product\/yoast-seo-premium-wordpress\/ -->\n<title>K\u00f8b MDMA krystal online | Ren MDMA krystal s\u00e6lgesGood Dealers Meds<\/title>\n<meta name=\"description\" content=\"K\u00f8b MDMA krystal online. Vi s\u00e6lger Pure MDMA med billigere tilbud, der kan k\u00f8bes i l\u00f8s v\u00e6gt fra Good Dealers Meds og forbliver anonyme.\" \/>\n<meta name=\"robots\" content=\"index, follow, max-snippet:-1, max-image-preview:large, max-video-preview:-1\" \/>\n<link rel=\"canonical\" href=\"https:\/\/gooddealersmeds.com\/da\/product\/kob-rene-mdma-krystaller-online\/\" \/>\n<meta property=\"og:locale\" content=\"en_US\" \/>\n<meta property=\"og:type\" content=\"article\" \/>\n<meta property=\"og:title\" content=\"K\u00f8b rene MDMA-krystaller online\" \/>\n<meta property=\"og:description\" content=\"K\u00f8b MDMA krystal online. Vi s\u00e6lger Pure MDMA med billigere tilbud, der kan k\u00f8bes i l\u00f8s v\u00e6gt fra Good Dealers Meds og forbliver anonyme.\" \/>\n<meta property=\"og:url\" content=\"https:\/\/gooddealersmeds.com\/da\/product\/kob-rene-mdma-krystaller-online\/\" \/>\n<meta property=\"og:site_name\" content=\"Good Dealers Meds\" \/>\n<meta property=\"article:modified_time\" content=\"2023-01-18T19:12:50+00:00\" \/>\n<meta property=\"og:image\" content=\"https:\/\/gooddealersmeds.com\/da\/wp-content\/uploads\/sites\/2\/2022\/03\/Buy-pure-MDMA-Crystals-online.jpg\" \/>\n\t<meta property=\"og:image:width\" content=\"600\" \/>\n\t<meta property=\"og:image:height\" content=\"600\" \/>\n\t<meta property=\"og:image:type\" content=\"image\/jpeg\" \/>\n<meta name=\"twitter:card\" content=\"summary_large_image\" \/>\n<meta name=\"twitter:label1\" content=\"Est. reading time\" \/>\n\t<meta name=\"twitter:data1\" content=\"2 minutes\" \/>\n<script type=\"application\/ld+json\" class=\"yoast-schema-graph\">{\"@context\":\"https:\\\/\\\/schema.org\",\"@graph\":[{\"@type\":\"WebPage\",\"@id\":\"https:\\\/\\\/gooddealersmeds.com\\\/da\\\/product\\\/kob-rene-mdma-krystaller-online\\\/\",\"url\":\"https:\\\/\\\/gooddealersmeds.com\\\/da\\\/product\\\/kob-rene-mdma-krystaller-online\\\/\",\"name\":\"K\u00f8b MDMA krystal online | Ren MDMA krystal s\u00e6lgesGood Dealers Meds\",\"isPartOf\":{\"@id\":\"https:\\\/\\\/gooddealersmeds.com\\\/da\\\/#website\"},\"primaryImageOfPage\":{\"@id\":\"https:\\\/\\\/gooddealersmeds.com\\\/da\\\/product\\\/kob-rene-mdma-krystaller-online\\\/#primaryimage\"},\"image\":{\"@id\":\"https:\\\/\\\/gooddealersmeds.com\\\/da\\\/product\\\/kob-rene-mdma-krystaller-online\\\/#primaryimage\"},\"thumbnailUrl\":\"https:\\\/\\\/gooddealersmeds.com\\\/da\\\/wp-content\\\/uploads\\\/sites\\\/2\\\/2022\\\/03\\\/Buy-pure-MDMA-Crystals-online.jpg\",\"datePublished\":\"2022-03-19T00:28:52+00:00\",\"dateModified\":\"2023-01-18T19:12:50+00:00\",\"description\":\"K\u00f8b MDMA krystal online. Vi s\u00e6lger Pure MDMA med billigere tilbud, der kan k\u00f8bes i l\u00f8s v\u00e6gt fra Good Dealers Meds og forbliver anonyme.\",\"breadcrumb\":{\"@id\":\"https:\\\/\\\/gooddealersmeds.com\\\/da\\\/product\\\/kob-rene-mdma-krystaller-online\\\/#breadcrumb\"},\"inLanguage\":\"en-US\",\"potentialAction\":[{\"@type\":\"ReadAction\",\"target\":[\"https:\\\/\\\/gooddealersmeds.com\\\/da\\\/product\\\/kob-rene-mdma-krystaller-online\\\/\"]}]},{\"@type\":\"ImageObject\",\"inLanguage\":\"en-US\",\"@id\":\"https:\\\/\\\/gooddealersmeds.com\\\/da\\\/product\\\/kob-rene-mdma-krystaller-online\\\/#primaryimage\",\"url\":\"https:\\\/\\\/gooddealersmeds.com\\\/da\\\/wp-content\\\/uploads\\\/sites\\\/2\\\/2022\\\/03\\\/Buy-pure-MDMA-Crystals-online.jpg\",\"contentUrl\":\"https:\\\/\\\/gooddealersmeds.com\\\/da\\\/wp-content\\\/uploads\\\/sites\\\/2\\\/2022\\\/03\\\/Buy-pure-MDMA-Crystals-online.jpg\",\"width\":600,\"height\":600,\"caption\":\"Buy MDMA Powder Online\"},{\"@type\":\"BreadcrumbList\",\"@id\":\"https:\\\/\\\/gooddealersmeds.com\\\/da\\\/product\\\/kob-rene-mdma-krystaller-online\\\/#breadcrumb\",\"itemListElement\":[{\"@type\":\"ListItem\",\"position\":1,\"name\":\"Home\",\"item\":\"https:\\\/\\\/gooddealersmeds.com\\\/da\\\/\"},{\"@type\":\"ListItem\",\"position\":2,\"name\":\"Produkter\",\"item\":\"https:\\\/\\\/gooddealersmeds.com\\\/da\\\/produkter\\\/\"},{\"@type\":\"ListItem\",\"position\":3,\"name\":\"K\u00f8b rene MDMA-krystaller online\"}]},{\"@type\":\"WebSite\",\"@id\":\"https:\\\/\\\/gooddealersmeds.com\\\/da\\\/#website\",\"url\":\"https:\\\/\\\/gooddealersmeds.com\\\/da\\\/\",\"name\":\"Good Dealers Meds\",\"description\":\"All our best\",\"publisher\":{\"@id\":\"https:\\\/\\\/gooddealersmeds.com\\\/da\\\/#organization\"},\"potentialAction\":[{\"@type\":\"SearchAction\",\"target\":{\"@type\":\"EntryPoint\",\"urlTemplate\":\"https:\\\/\\\/gooddealersmeds.com\\\/da\\\/?s={search_term_string}\"},\"query-input\":{\"@type\":\"PropertyValueSpecification\",\"valueRequired\":true,\"valueName\":\"search_term_string\"}}],\"inLanguage\":\"en-US\"},{\"@type\":\"Organization\",\"@id\":\"https:\\\/\\\/gooddealersmeds.com\\\/da\\\/#organization\",\"name\":\"Good Dealers Meds\",\"url\":\"https:\\\/\\\/gooddealersmeds.com\\\/da\\\/\",\"logo\":{\"@type\":\"ImageObject\",\"inLanguage\":\"en-US\",\"@id\":\"https:\\\/\\\/gooddealersmeds.com\\\/da\\\/#\\\/schema\\\/logo\\\/image\\\/\",\"url\":\"https:\\\/\\\/gooddealersmeds.com\\\/da\\\/wp-content\\\/uploads\\\/sites\\\/2\\\/2022\\\/03\\\/gooddealersmeds__logo__20220317T222800Z.00.png\",\"contentUrl\":\"https:\\\/\\\/gooddealersmeds.com\\\/da\\\/wp-content\\\/uploads\\\/sites\\\/2\\\/2022\\\/03\\\/gooddealersmeds__logo__20220317T222800Z.00.png\",\"width\":500,\"height\":325,\"caption\":\"Good Dealers Meds\"},\"image\":{\"@id\":\"https:\\\/\\\/gooddealersmeds.com\\\/da\\\/#\\\/schema\\\/logo\\\/image\\\/\"}}]}<\/script>\n<!-- \/ Yoast SEO Premium plugin. -->","yoast_head_json":{"title":"K\u00f8b MDMA krystal online | Ren MDMA krystal s\u00e6lgesGood Dealers Meds","description":"K\u00f8b MDMA krystal online. Vi s\u00e6lger Pure MDMA med billigere tilbud, der kan k\u00f8bes i l\u00f8s v\u00e6gt fra Good Dealers Meds og forbliver anonyme.","robots":{"index":"index","follow":"follow","max-snippet":"max-snippet:-1","max-image-preview":"max-image-preview:large","max-video-preview":"max-video-preview:-1"},"canonical":"https:\/\/gooddealersmeds.com\/da\/product\/kob-rene-mdma-krystaller-online\/","og_locale":"en_US","og_type":"article","og_title":"K\u00f8b rene MDMA-krystaller online","og_description":"K\u00f8b MDMA krystal online. Vi s\u00e6lger Pure MDMA med billigere tilbud, der kan k\u00f8bes i l\u00f8s v\u00e6gt fra Good Dealers Meds og forbliver anonyme.","og_url":"https:\/\/gooddealersmeds.com\/da\/product\/kob-rene-mdma-krystaller-online\/","og_site_name":"Good Dealers Meds","article_modified_time":"2023-01-18T19:12:50+00:00","og_image":[{"width":600,"height":600,"url":"https:\/\/gooddealersmeds.com\/da\/wp-content\/uploads\/sites\/2\/2022\/03\/Buy-pure-MDMA-Crystals-online.jpg","type":"image\/jpeg"}],"twitter_card":"summary_large_image","twitter_misc":{"Est. reading time":"2 minutes"},"schema":{"@context":"https:\/\/schema.org","@graph":[{"@type":"WebPage","@id":"https:\/\/gooddealersmeds.com\/da\/product\/kob-rene-mdma-krystaller-online\/","url":"https:\/\/gooddealersmeds.com\/da\/product\/kob-rene-mdma-krystaller-online\/","name":"K\u00f8b MDMA krystal online | Ren MDMA krystal s\u00e6lgesGood Dealers Meds","isPartOf":{"@id":"https:\/\/gooddealersmeds.com\/da\/#website"},"primaryImageOfPage":{"@id":"https:\/\/gooddealersmeds.com\/da\/product\/kob-rene-mdma-krystaller-online\/#primaryimage"},"image":{"@id":"https:\/\/gooddealersmeds.com\/da\/product\/kob-rene-mdma-krystaller-online\/#primaryimage"},"thumbnailUrl":"https:\/\/gooddealersmeds.com\/da\/wp-content\/uploads\/sites\/2\/2022\/03\/Buy-pure-MDMA-Crystals-online.jpg","datePublished":"2022-03-19T00:28:52+00:00","dateModified":"2023-01-18T19:12:50+00:00","description":"K\u00f8b MDMA krystal online. Vi s\u00e6lger Pure MDMA med billigere tilbud, der kan k\u00f8bes i l\u00f8s v\u00e6gt fra Good Dealers Meds og forbliver anonyme.","breadcrumb":{"@id":"https:\/\/gooddealersmeds.com\/da\/product\/kob-rene-mdma-krystaller-online\/#breadcrumb"},"inLanguage":"en-US","potentialAction":[{"@type":"ReadAction","target":["https:\/\/gooddealersmeds.com\/da\/product\/kob-rene-mdma-krystaller-online\/"]}]},{"@type":"ImageObject","inLanguage":"en-US","@id":"https:\/\/gooddealersmeds.com\/da\/product\/kob-rene-mdma-krystaller-online\/#primaryimage","url":"https:\/\/gooddealersmeds.com\/da\/wp-content\/uploads\/sites\/2\/2022\/03\/Buy-pure-MDMA-Crystals-online.jpg","contentUrl":"https:\/\/gooddealersmeds.com\/da\/wp-content\/uploads\/sites\/2\/2022\/03\/Buy-pure-MDMA-Crystals-online.jpg","width":600,"height":600,"caption":"Buy MDMA Powder Online"},{"@type":"BreadcrumbList","@id":"https:\/\/gooddealersmeds.com\/da\/product\/kob-rene-mdma-krystaller-online\/#breadcrumb","itemListElement":[{"@type":"ListItem","position":1,"name":"Home","item":"https:\/\/gooddealersmeds.com\/da\/"},{"@type":"ListItem","position":2,"name":"Produkter","item":"https:\/\/gooddealersmeds.com\/da\/produkter\/"},{"@type":"ListItem","position":3,"name":"K\u00f8b rene MDMA-krystaller online"}]},{"@type":"WebSite","@id":"https:\/\/gooddealersmeds.com\/da\/#website","url":"https:\/\/gooddealersmeds.com\/da\/","name":"Good Dealers Meds","description":"All our best","publisher":{"@id":"https:\/\/gooddealersmeds.com\/da\/#organization"},"potentialAction":[{"@type":"SearchAction","target":{"@type":"EntryPoint","urlTemplate":"https:\/\/gooddealersmeds.com\/da\/?s={search_term_string}"},"query-input":{"@type":"PropertyValueSpecification","valueRequired":true,"valueName":"search_term_string"}}],"inLanguage":"en-US"},{"@type":"Organization","@id":"https:\/\/gooddealersmeds.com\/da\/#organization","name":"Good Dealers Meds","url":"https:\/\/gooddealersmeds.com\/da\/","logo":{"@type":"ImageObject","inLanguage":"en-US","@id":"https:\/\/gooddealersmeds.com\/da\/#\/schema\/logo\/image\/","url":"https:\/\/gooddealersmeds.com\/da\/wp-content\/uploads\/sites\/2\/2022\/03\/gooddealersmeds__logo__20220317T222800Z.00.png","contentUrl":"https:\/\/gooddealersmeds.com\/da\/wp-content\/uploads\/sites\/2\/2022\/03\/gooddealersmeds__logo__20220317T222800Z.00.png","width":500,"height":325,"caption":"Good Dealers Meds"},"image":{"@id":"https:\/\/gooddealersmeds.com\/da\/#\/schema\/logo\/image\/"}}]}},"_links":{"self":[{"href":"https:\/\/gooddealersmeds.com\/da\/wp-json\/wp\/v2\/product\/1627","targetHints":{"allow":["GET"]}}],"collection":[{"href":"https:\/\/gooddealersmeds.com\/da\/wp-json\/wp\/v2\/product"}],"about":[{"href":"https:\/\/gooddealersmeds.com\/da\/wp-json\/wp\/v2\/types\/product"}],"replies":[{"embeddable":true,"href":"https:\/\/gooddealersmeds.com\/da\/wp-json\/wp\/v2\/comments?post=1627"}],"wp:featuredmedia":[{"embeddable":true,"href":"https:\/\/gooddealersmeds.com\/da\/wp-json\/wp\/v2\/media\/1637"}],"wp:attachment":[{"href":"https:\/\/gooddealersmeds.com\/da\/wp-json\/wp\/v2\/media?parent=1627"}],"wp:term":[{"taxonomy":"product_brand","embeddable":true,"href":"https:\/\/gooddealersmeds.com\/da\/wp-json\/wp\/v2\/product_brand?post=1627"},{"taxonomy":"product_cat","embeddable":true,"href":"https:\/\/gooddealersmeds.com\/da\/wp-json\/wp\/v2\/product_cat?post=1627"},{"taxonomy":"product_tag","embeddable":true,"href":"https:\/\/gooddealersmeds.com\/da\/wp-json\/wp\/v2\/product_tag?post=1627"}],"curies":[{"name":"wp","href":"https:\/\/api.w.org\/{rel}","templated":true}]}}