{"id":1615,"date":"2022-03-19T00:11:34","date_gmt":"2022-03-19T00:11:34","guid":{"rendered":"https:\/\/gooddealersmeds.com\/da\/?post_type=product&#038;p=1615"},"modified":"2023-01-18T19:48:35","modified_gmt":"2023-01-18T19:48:35","slug":"kob-krystal-meth-metamfetamin-online","status":"publish","type":"product","link":"https:\/\/gooddealersmeds.com\/da\/product\/kob-krystal-meth-metamfetamin-online\/","title":{"rendered":"K\u00f8b Crystal Meth (metamfetamin) online"},"content":{"rendered":"<h2>K\u00f8b af Crystal Meth (metamfetamin) online fra topklasse<\/h2>\n<p>Is (crystal meth) er en metamfetamin, et medlem af amfetaminfamilien af \u200b\u200bstoffer. Det er et potent, st\u00e6rkt vanedannende stimulans, der p\u00e5virker centralnervesystemet. K\u00f8b Crystal Meth Online er ulovligt handlet og solgt p\u00e5 grund af deres potentiale til rekreativt brug.<\/p>\n<p>Methamphetamin er et medlem af phenethylamin-familien, som omfatter en r\u00e6kke stoffer, der kan v\u00e6re stimulerende, hallucinogener eller hallucinogener. Crystal meth er et CNS-stimulerende middel, der for\u00e5rsager hypertension og takykardi med en f\u00f8lelse af \u00f8get selvtillid, omg\u00e6ngelighed og energi. Metamfetamin har lejlighedsvis terapeutisk brug i behandlingen af \u200b\u200bnarkolepsi og opm\u00e6rksomhedsunderskud hyperaktivitetsforstyrrelse (ADHD).<\/p>\n<p>Ogs\u00e5 kendt som meth, kridt, is og krystal, blandt mange andre udtryk, har det form af en hvid , lugtfrit, bittert smagende krystallinsk pulver, der let opl\u00f8ses i vand eller alkohol. blev udviklet tidligt i det 20. \u00e5rhundrede fra dets moderkemikalie, amfetamin, og blev oprindeligt brugt i nasale dekongestanter og bronkialinhalatorer.<\/p>\n<p><strong>Hvorfor skal du bestille\u00a0Crystal Meth (metamfetamin) hos os?<\/strong><\/p>\n<p>Dette relativt almindelige stof er forblevet popul\u00e6rt blandt rekreative stofbrugere, fordi det virker hurtigt og producerer en intens euforisk fornemmelse. Da det nemt kan laves i hjemmelaboratorier, er der en j\u00e6vn og let tilg\u00e6ngelig str\u00f8m af produktet for dem, der bliver afh\u00e6ngige.<\/p>\n<p>Ligesom amfetamin for\u00e5rsager crystal meth \u00f8get aktivitet og snakkesalighed, nedsat appetit og en dejlig f\u00f8lelse af trivsel eller eufori. Men crystal meth adskiller sig fra amfetamin ved, at der ved sammenlignelige doser kommer langt flere m\u00e6ngder af stoffet ind i hjernen, hvilket g\u00f8r det til et mere effektivt stimulans. Det har ogs\u00e5 l\u00e6ngerevarende og mere alvorlige virkninger p\u00e5 centralnervesystemet. Disse egenskaber g\u00f8r det til et l\u00e6gemiddel med betydeligt potentiale for udbredt misbrug.<\/p>\n<p>Crystal meth kan ryges, prustes, sluges eller injiceres. Det bruges ofte til fester, fordi det \u00f8ger v\u00e5genheden og giver dig mulighed for at v\u00e6re opm\u00e6rksom i l\u00e6ngere tid end normalt.<\/p>\n<p>Det kraftige hastv\u00e6rk, folk f\u00e5r af at bruge meth, f\u00e5r mange til at blive hooked lige fra starten. N\u00e5r det bruges, oversv\u00f8mmer et kemikalie kaldet dopamin de dele af hjernen, der regulerer f\u00f8lelsen af \u200b\u200bnydelse. Brugere f\u00f8ler sig ogs\u00e5 selvsikre og energiske.<\/p>\n<p>Du kan bestille Crystal Meth online fra vores <a href=\"https:\/\/gooddealersmeds.com\/da\/products\/\">butik<\/a> med sikker forsendelse af alt over Europa.<\/p>\n","protected":false},"excerpt":{"rendered":"<p>Bedste butik til at bestille glas. Du kan k\u00f8be <strong>crystal meth<\/strong> online nu og f\u00e5 det leveret til dig n\u00e6ste dag. Den seneste eller seneste form for krystalmetamfetamin er n\u00e6sten 100 procent ren. Den er lugtfri og kan ryges i glaspiber.<\/p>\n<p>Vi leverer produkter med h\u00f8j renhed med et meget godt og diskret forsendelsessystem. Med 12 \u00e5rs erfaring med levering inden for forskningskemikalier; vi koncentrerer os om sikkerhed.<\/p>\n<p>Vi er p\u00e5lidelige, trov\u00e6rdige, hurtig levering og produkter af h\u00f8j kvalitet kun til en overkommelig pris.<\/p>\n","protected":false},"featured_media":1626,"comment_status":"open","ping_status":"closed","template":"","meta":{"inline_featured_image":false},"product_brand":[],"product_cat":[343],"product_tag":[176,178,169,175,167,164,165,168,173,171,179,172,166,107,177,183,182,170,174,181,108,184,180],"class_list":{"0":"post-1615","1":"product","2":"type-product","3":"status-publish","4":"has-post-thumbnail","6":"product_cat-andre","7":"product_tag-bestil-crystal-meth-online","8":"product_tag-bestille-krystal-metamfetamin","9":"product_tag-bestille-metamfetamin-online","10":"product_tag-ordre-meth","11":"product_tag-buy-meth-crystal-methamphetamine-online","12":"product_tag-buy-meth-crystal-methamphetamine-online-cheaply","13":"product_tag-buy-meth-crystal-online","14":"product_tag-buy-methamphetamine","15":"product_tag-hvor-kan-kbes-crystal-meth","16":"product_tag-hvor-kan-kbes-metamfetamin","17":"product_tag-kb","18":"product_tag-kb-forskningskemikalier-online-kb-crystal-meth","19":"product_tag-kb-meth-krystal","20":"product_tag-kbe","21":"product_tag-kb-krystal-metamfetamin","22":"product_tag-krystal","23":"product_tag-metamfetamin","24":"product_tag-metamfetamin-til-salg","25":"product_tag-metamfetamin-til-salg-online","26":"product_tag-meth","27":"product_tag-online","28":"product_tag-pulver","29":"product_tag-sikker","30":"pa_grams-1-kg-1000-g","31":"pa_grams-100-g","32":"pa_grams-20-g","33":"pa_grams-200-g","34":"pa_grams-250-g","35":"pa_grams-35-g","36":"pa_grams-50-g","37":"pa_grams-500-g","39":"first","40":"instock","41":"featured","42":"shipping-taxable","43":"purchasable","44":"product-type-variable","45":"has-default-attributes"},"yoast_head":"<!-- This site is optimized with the Yoast SEO Premium plugin v20.6 (Yoast SEO v27.4) - https:\/\/yoast.com\/product\/yoast-seo-premium-wordpress\/ -->\n<title>K\u00f8b Crystal Meth Online (metamfetamin) | Good Dealers Meds<\/title>\n<meta name=\"description\" content=\"K\u00f8b Crystal Meth ( Metamfetamin ) Online fra Good Dealers Meds. Vi leverer sikker og sikker forsendelse til USA, Canada og verden.\" \/>\n<meta name=\"robots\" content=\"index, follow, max-snippet:-1, max-image-preview:large, max-video-preview:-1\" \/>\n<link rel=\"canonical\" href=\"https:\/\/gooddealersmeds.com\/da\/product\/kob-krystal-meth-metamfetamin-online\/\" \/>\n<meta property=\"og:locale\" content=\"en_US\" \/>\n<meta property=\"og:type\" content=\"article\" \/>\n<meta property=\"og:title\" content=\"K\u00f8b Crystal Meth (metamfetamin) online\" \/>\n<meta property=\"og:description\" content=\"K\u00f8b Crystal Meth ( Metamfetamin ) Online fra Good Dealers Meds. Vi leverer sikker og sikker forsendelse til USA, Canada og verden.\" \/>\n<meta property=\"og:url\" content=\"https:\/\/gooddealersmeds.com\/da\/product\/kob-krystal-meth-metamfetamin-online\/\" \/>\n<meta property=\"og:site_name\" content=\"Good Dealers Meds\" \/>\n<meta property=\"article:modified_time\" content=\"2023-01-18T19:48:35+00:00\" \/>\n<meta property=\"og:image\" content=\"https:\/\/gooddealersmeds.com\/da\/wp-content\/uploads\/sites\/2\/2022\/03\/Buy-Crystal-Meth-Online.jpg\" \/>\n\t<meta property=\"og:image:width\" content=\"600\" \/>\n\t<meta property=\"og:image:height\" content=\"600\" \/>\n\t<meta property=\"og:image:type\" content=\"image\/jpeg\" \/>\n<meta name=\"twitter:card\" content=\"summary_large_image\" \/>\n<meta name=\"twitter:label1\" content=\"Est. reading time\" \/>\n\t<meta name=\"twitter:data1\" content=\"2 minutes\" \/>\n<script type=\"application\/ld+json\" class=\"yoast-schema-graph\">{\"@context\":\"https:\\\/\\\/schema.org\",\"@graph\":[{\"@type\":\"WebPage\",\"@id\":\"https:\\\/\\\/gooddealersmeds.com\\\/da\\\/product\\\/kob-krystal-meth-metamfetamin-online\\\/\",\"url\":\"https:\\\/\\\/gooddealersmeds.com\\\/da\\\/product\\\/kob-krystal-meth-metamfetamin-online\\\/\",\"name\":\"K\u00f8b Crystal Meth Online (metamfetamin) | Good Dealers Meds\",\"isPartOf\":{\"@id\":\"https:\\\/\\\/gooddealersmeds.com\\\/da\\\/#website\"},\"primaryImageOfPage\":{\"@id\":\"https:\\\/\\\/gooddealersmeds.com\\\/da\\\/product\\\/kob-krystal-meth-metamfetamin-online\\\/#primaryimage\"},\"image\":{\"@id\":\"https:\\\/\\\/gooddealersmeds.com\\\/da\\\/product\\\/kob-krystal-meth-metamfetamin-online\\\/#primaryimage\"},\"thumbnailUrl\":\"https:\\\/\\\/gooddealersmeds.com\\\/da\\\/wp-content\\\/uploads\\\/sites\\\/2\\\/2022\\\/03\\\/Buy-Crystal-Meth-Online.jpg\",\"datePublished\":\"2022-03-19T00:11:34+00:00\",\"dateModified\":\"2023-01-18T19:48:35+00:00\",\"description\":\"K\u00f8b Crystal Meth ( Metamfetamin ) Online fra Good Dealers Meds. Vi leverer sikker og sikker forsendelse til USA, Canada og verden.\",\"breadcrumb\":{\"@id\":\"https:\\\/\\\/gooddealersmeds.com\\\/da\\\/product\\\/kob-krystal-meth-metamfetamin-online\\\/#breadcrumb\"},\"inLanguage\":\"en-US\",\"potentialAction\":[{\"@type\":\"ReadAction\",\"target\":[\"https:\\\/\\\/gooddealersmeds.com\\\/da\\\/product\\\/kob-krystal-meth-metamfetamin-online\\\/\"]}]},{\"@type\":\"ImageObject\",\"inLanguage\":\"en-US\",\"@id\":\"https:\\\/\\\/gooddealersmeds.com\\\/da\\\/product\\\/kob-krystal-meth-metamfetamin-online\\\/#primaryimage\",\"url\":\"https:\\\/\\\/gooddealersmeds.com\\\/da\\\/wp-content\\\/uploads\\\/sites\\\/2\\\/2022\\\/03\\\/Buy-Crystal-Meth-Online.jpg\",\"contentUrl\":\"https:\\\/\\\/gooddealersmeds.com\\\/da\\\/wp-content\\\/uploads\\\/sites\\\/2\\\/2022\\\/03\\\/Buy-Crystal-Meth-Online.jpg\",\"width\":600,\"height\":600,\"caption\":\"Buy Crystal Meth Online\"},{\"@type\":\"BreadcrumbList\",\"@id\":\"https:\\\/\\\/gooddealersmeds.com\\\/da\\\/product\\\/kob-krystal-meth-metamfetamin-online\\\/#breadcrumb\",\"itemListElement\":[{\"@type\":\"ListItem\",\"position\":1,\"name\":\"Home\",\"item\":\"https:\\\/\\\/gooddealersmeds.com\\\/da\\\/\"},{\"@type\":\"ListItem\",\"position\":2,\"name\":\"Produkter\",\"item\":\"https:\\\/\\\/gooddealersmeds.com\\\/da\\\/produkter\\\/\"},{\"@type\":\"ListItem\",\"position\":3,\"name\":\"K\u00f8b Crystal Meth (metamfetamin) online\"}]},{\"@type\":\"WebSite\",\"@id\":\"https:\\\/\\\/gooddealersmeds.com\\\/da\\\/#website\",\"url\":\"https:\\\/\\\/gooddealersmeds.com\\\/da\\\/\",\"name\":\"Good Dealers Meds\",\"description\":\"All our best\",\"publisher\":{\"@id\":\"https:\\\/\\\/gooddealersmeds.com\\\/da\\\/#organization\"},\"potentialAction\":[{\"@type\":\"SearchAction\",\"target\":{\"@type\":\"EntryPoint\",\"urlTemplate\":\"https:\\\/\\\/gooddealersmeds.com\\\/da\\\/?s={search_term_string}\"},\"query-input\":{\"@type\":\"PropertyValueSpecification\",\"valueRequired\":true,\"valueName\":\"search_term_string\"}}],\"inLanguage\":\"en-US\"},{\"@type\":\"Organization\",\"@id\":\"https:\\\/\\\/gooddealersmeds.com\\\/da\\\/#organization\",\"name\":\"Good Dealers Meds\",\"url\":\"https:\\\/\\\/gooddealersmeds.com\\\/da\\\/\",\"logo\":{\"@type\":\"ImageObject\",\"inLanguage\":\"en-US\",\"@id\":\"https:\\\/\\\/gooddealersmeds.com\\\/da\\\/#\\\/schema\\\/logo\\\/image\\\/\",\"url\":\"https:\\\/\\\/gooddealersmeds.com\\\/da\\\/wp-content\\\/uploads\\\/sites\\\/2\\\/2022\\\/03\\\/gooddealersmeds__logo__20220317T222800Z.00.png\",\"contentUrl\":\"https:\\\/\\\/gooddealersmeds.com\\\/da\\\/wp-content\\\/uploads\\\/sites\\\/2\\\/2022\\\/03\\\/gooddealersmeds__logo__20220317T222800Z.00.png\",\"width\":500,\"height\":325,\"caption\":\"Good Dealers Meds\"},\"image\":{\"@id\":\"https:\\\/\\\/gooddealersmeds.com\\\/da\\\/#\\\/schema\\\/logo\\\/image\\\/\"}}]}<\/script>\n<!-- \/ Yoast SEO Premium plugin. -->","yoast_head_json":{"title":"K\u00f8b Crystal Meth Online (metamfetamin) | Good Dealers Meds","description":"K\u00f8b Crystal Meth ( Metamfetamin ) Online fra Good Dealers Meds. Vi leverer sikker og sikker forsendelse til USA, Canada og verden.","robots":{"index":"index","follow":"follow","max-snippet":"max-snippet:-1","max-image-preview":"max-image-preview:large","max-video-preview":"max-video-preview:-1"},"canonical":"https:\/\/gooddealersmeds.com\/da\/product\/kob-krystal-meth-metamfetamin-online\/","og_locale":"en_US","og_type":"article","og_title":"K\u00f8b Crystal Meth (metamfetamin) online","og_description":"K\u00f8b Crystal Meth ( Metamfetamin ) Online fra Good Dealers Meds. Vi leverer sikker og sikker forsendelse til USA, Canada og verden.","og_url":"https:\/\/gooddealersmeds.com\/da\/product\/kob-krystal-meth-metamfetamin-online\/","og_site_name":"Good Dealers Meds","article_modified_time":"2023-01-18T19:48:35+00:00","og_image":[{"width":600,"height":600,"url":"https:\/\/gooddealersmeds.com\/da\/wp-content\/uploads\/sites\/2\/2022\/03\/Buy-Crystal-Meth-Online.jpg","type":"image\/jpeg"}],"twitter_card":"summary_large_image","twitter_misc":{"Est. reading time":"2 minutes"},"schema":{"@context":"https:\/\/schema.org","@graph":[{"@type":"WebPage","@id":"https:\/\/gooddealersmeds.com\/da\/product\/kob-krystal-meth-metamfetamin-online\/","url":"https:\/\/gooddealersmeds.com\/da\/product\/kob-krystal-meth-metamfetamin-online\/","name":"K\u00f8b Crystal Meth Online (metamfetamin) | Good Dealers Meds","isPartOf":{"@id":"https:\/\/gooddealersmeds.com\/da\/#website"},"primaryImageOfPage":{"@id":"https:\/\/gooddealersmeds.com\/da\/product\/kob-krystal-meth-metamfetamin-online\/#primaryimage"},"image":{"@id":"https:\/\/gooddealersmeds.com\/da\/product\/kob-krystal-meth-metamfetamin-online\/#primaryimage"},"thumbnailUrl":"https:\/\/gooddealersmeds.com\/da\/wp-content\/uploads\/sites\/2\/2022\/03\/Buy-Crystal-Meth-Online.jpg","datePublished":"2022-03-19T00:11:34+00:00","dateModified":"2023-01-18T19:48:35+00:00","description":"K\u00f8b Crystal Meth ( Metamfetamin ) Online fra Good Dealers Meds. Vi leverer sikker og sikker forsendelse til USA, Canada og verden.","breadcrumb":{"@id":"https:\/\/gooddealersmeds.com\/da\/product\/kob-krystal-meth-metamfetamin-online\/#breadcrumb"},"inLanguage":"en-US","potentialAction":[{"@type":"ReadAction","target":["https:\/\/gooddealersmeds.com\/da\/product\/kob-krystal-meth-metamfetamin-online\/"]}]},{"@type":"ImageObject","inLanguage":"en-US","@id":"https:\/\/gooddealersmeds.com\/da\/product\/kob-krystal-meth-metamfetamin-online\/#primaryimage","url":"https:\/\/gooddealersmeds.com\/da\/wp-content\/uploads\/sites\/2\/2022\/03\/Buy-Crystal-Meth-Online.jpg","contentUrl":"https:\/\/gooddealersmeds.com\/da\/wp-content\/uploads\/sites\/2\/2022\/03\/Buy-Crystal-Meth-Online.jpg","width":600,"height":600,"caption":"Buy Crystal Meth Online"},{"@type":"BreadcrumbList","@id":"https:\/\/gooddealersmeds.com\/da\/product\/kob-krystal-meth-metamfetamin-online\/#breadcrumb","itemListElement":[{"@type":"ListItem","position":1,"name":"Home","item":"https:\/\/gooddealersmeds.com\/da\/"},{"@type":"ListItem","position":2,"name":"Produkter","item":"https:\/\/gooddealersmeds.com\/da\/produkter\/"},{"@type":"ListItem","position":3,"name":"K\u00f8b Crystal Meth (metamfetamin) online"}]},{"@type":"WebSite","@id":"https:\/\/gooddealersmeds.com\/da\/#website","url":"https:\/\/gooddealersmeds.com\/da\/","name":"Good Dealers Meds","description":"All our best","publisher":{"@id":"https:\/\/gooddealersmeds.com\/da\/#organization"},"potentialAction":[{"@type":"SearchAction","target":{"@type":"EntryPoint","urlTemplate":"https:\/\/gooddealersmeds.com\/da\/?s={search_term_string}"},"query-input":{"@type":"PropertyValueSpecification","valueRequired":true,"valueName":"search_term_string"}}],"inLanguage":"en-US"},{"@type":"Organization","@id":"https:\/\/gooddealersmeds.com\/da\/#organization","name":"Good Dealers Meds","url":"https:\/\/gooddealersmeds.com\/da\/","logo":{"@type":"ImageObject","inLanguage":"en-US","@id":"https:\/\/gooddealersmeds.com\/da\/#\/schema\/logo\/image\/","url":"https:\/\/gooddealersmeds.com\/da\/wp-content\/uploads\/sites\/2\/2022\/03\/gooddealersmeds__logo__20220317T222800Z.00.png","contentUrl":"https:\/\/gooddealersmeds.com\/da\/wp-content\/uploads\/sites\/2\/2022\/03\/gooddealersmeds__logo__20220317T222800Z.00.png","width":500,"height":325,"caption":"Good Dealers Meds"},"image":{"@id":"https:\/\/gooddealersmeds.com\/da\/#\/schema\/logo\/image\/"}}]}},"_links":{"self":[{"href":"https:\/\/gooddealersmeds.com\/da\/wp-json\/wp\/v2\/product\/1615","targetHints":{"allow":["GET"]}}],"collection":[{"href":"https:\/\/gooddealersmeds.com\/da\/wp-json\/wp\/v2\/product"}],"about":[{"href":"https:\/\/gooddealersmeds.com\/da\/wp-json\/wp\/v2\/types\/product"}],"replies":[{"embeddable":true,"href":"https:\/\/gooddealersmeds.com\/da\/wp-json\/wp\/v2\/comments?post=1615"}],"wp:featuredmedia":[{"embeddable":true,"href":"https:\/\/gooddealersmeds.com\/da\/wp-json\/wp\/v2\/media\/1626"}],"wp:attachment":[{"href":"https:\/\/gooddealersmeds.com\/da\/wp-json\/wp\/v2\/media?parent=1615"}],"wp:term":[{"taxonomy":"product_brand","embeddable":true,"href":"https:\/\/gooddealersmeds.com\/da\/wp-json\/wp\/v2\/product_brand?post=1615"},{"taxonomy":"product_cat","embeddable":true,"href":"https:\/\/gooddealersmeds.com\/da\/wp-json\/wp\/v2\/product_cat?post=1615"},{"taxonomy":"product_tag","embeddable":true,"href":"https:\/\/gooddealersmeds.com\/da\/wp-json\/wp\/v2\/product_tag?post=1615"}],"curies":[{"name":"wp","href":"https:\/\/api.w.org\/{rel}","templated":true}]}}