{"id":1605,"date":"2022-03-19T00:01:04","date_gmt":"2022-03-19T00:01:04","guid":{"rendered":"https:\/\/gooddealersmeds.com\/da\/?post_type=product&#038;p=1605"},"modified":"2023-01-18T20:06:58","modified_gmt":"2023-01-18T20:06:58","slug":"kob-4mmc-mephedrone-online","status":"publish","type":"product","link":"https:\/\/gooddealersmeds.com\/da\/product\/kob-4mmc-mephedrone-online\/","title":{"rendered":"K\u00f8b 4MMC ( mephedron ) online"},"content":{"rendered":"<h2>Kvalitet 4MMC ( Mephedrone ) Til salg online hos Good Dealers Meds<\/h2>\n<p>K\u00f8b mephedron online fra vores hjemmeside med eller uden recept. Vi leverer forskningskemikalier af h\u00f8j kvalitet. Vores kemikalier er 99,5% rene og er blevet standardiseret til b\u00e5de forskning og personlig brug. Vi s\u00e6lger til meget lave priser og tilbyder masserabatter. Fordi vi har direkte adgang til en produktionsfacilitet, er vores forskningskemiske produkter meget konkurrencedygtige priser.<\/p>\n<p>Mephedrone <a href=\"https:\/\/gooddealersmeds.com\/da\/product\/buy-4mmc-mephedrone- online\/\">4MMC til salg<\/a> online. Det kaldes ogs\u00e5 <a href=\"https:\/\/www.drugcom.de\/drogenlexikon\/buchstabe-m\/mephedron\/\">4-methylmethcathinone<\/a> (4-MMC), eller 4-methylephedron, og m\u00e5 ikke forveksles<br \/>\nmed metadon, som er et helt andet stof. Det er et chiralt kemikalie, og begge dets molekyler har lignende styrke som dopamintransportersubstrater. R-Mephedrone er et v\u00e6sentligt svagere substrat end S-Mephedrone. Mephedrone kan k\u00f8bes online.<\/p>\n<p>Mephedrone (4-MMC) er meget udbredt i forbindelse med spiritus. En museunders\u00f8gelse s\u00e5 p\u00e5 interaktionen mellem disse to stoffer og fokuserede p\u00e5 de psykostimulerende og bel\u00f8nningsegenskaber ved 4-MMC. Det blev afsl\u00f8ret, at lave doser spiritus (ikke-energigiver) fundamentalt forbedrede de psykostimulerende virkninger af 4-MMC. Denne virkning blev mildnet af en stigning i synaptisk dopamin, da haloperidol, men ikke ketanserin, havde evnen til at forhindre forst\u00e6rkning af spiritus. En mindre, ikke-kompenserende del af spiritus blev ogs\u00e5 tilsat til 4-MMC&#8217;s l\u00f8nnende egenskaber.<\/p>\n<p>Mephedron fungerer ligesom andre phenylethylaminer som et dopamin (DA) og serotonin (5-HT) transportsubstrat, der afbryder vesikul\u00e6r lagring og signifikant stigning af dopamin- og serotoninniveauer, hvilket resulterer i potente psykostimulerende, enaktogene og hallucinogene virkninger.<\/p>\n<p><strong>Brugere af mephedron siger, at det giver en f\u00f8lelse af stimulation, og at det booster f\u00f8lgende funktioner:<\/strong><\/p>\n<ul>\n<li>Opm\u00e6rksomhed<\/li>\n<li>Rustl\u00f8shed<\/li>\n<li>Eufori<\/li>\n<li>Sp\u00e6nding<\/li>\n<li>Trangen til at tale<\/li>\n<li>\u00c5benhed<\/li>\n<li>Sexlyst<\/li>\n<\/ul>\n<p>At bestille Mephedrone (4-MMC) online er altid en god beslutning, da det hj\u00e6lper dig med at spare b\u00e5de penge og tid. Og den eneste p\u00e5lidelige m\u00e5de at k\u00f8be Mephedrone (4-MMC) online p\u00e5 er at oprette forbindelse til et onlineapotek. Du kan forvente f\u00f8rsteklasses kvalitetsprodukter og rettidig levering fra dem og f\u00f8ler ingen byrde af nogen art. K\u00f8b mephedron online<\/p>\n<p>Du kan nemt k\u00f8be mephedron online fra vores <a href=\"https:\/\/gooddealersmeds.com\/da \/products\/\">websted<\/a> med eller uden recept.<\/p>\n<p>&nbsp;<\/p>\n","protected":false},"excerpt":{"rendered":"<p><strong>Vi er her for at hj\u00e6lpe dig med alle dine behov og krav. Kom nemt i kontakt med vores online butik og g\u00f8r dit k\u00f8b komfortabelt. Dine krav er nu kun et klik v\u00e6k. Kontakt os med det samme! (K\u00f8b Mephedrone 4MMC)<\/strong><\/p>\n<p>Vi leverer produkter med h\u00f8j renhed med et meget godt og diskret forsendelsessystem. Med 12 \u00e5rs erfaring med levering inden for forskningskemikalier; vi koncentrerer os om sikkerhed.<\/p>\n","protected":false},"featured_media":1698,"comment_status":"open","ping_status":"closed","template":"","meta":{"inline_featured_image":false},"product_brand":[],"product_cat":[343],"product_tag":[158,161,120,121,149,129,133,130,144,134,105,124,128,125,147,127,145,151,148,136,119,123,150,118,117,116,122,126,135,156,137,131,143,142,155,160,107,132,109,141,146,157,162,152,153,139,154,138,108,159,110,163,106,104],"class_list":{"0":"post-1605","1":"product","2":"type-product","3":"status-publish","4":"has-post-thumbnail","6":"product_cat-andre","7":"product_tag-4-mmc-mephedron","8":"product_tag-4-methylmethcathinon-mephedron","9":"product_tag-4mmc-mephedron-til-salg","10":"product_tag-4mmc-mephedrone-til-salg-i-usa","11":"product_tag-bedste-sted-at-kbe-mephedron","12":"product_tag-buy-mephedrone-4mmc-online-buy-mephedrone","13":"product_tag-buy-mephedrone-online-usa","14":"product_tag-buy-mephedrone-plant-food","15":"product_tag-buy-mephedrone-plant-food-for-marijuana-plant","16":"product_tag-buy-mephedrone-plant-food-online-supplier","17":"product_tag-canada","18":"product_tag-du-kan-stadig-f-4mmc-mephedron","19":"product_tag-er-4mmc-mephedrone-i-canada","20":"product_tag-er-4mmc-mephedrone-legal-i-usa","21":"product_tag-how-to-buy-mephedrone-online","22":"product_tag-how-to-order-4mmc-mephedrone","23":"product_tag-hvor-kan-jeg-kbe-mefedron","24":"product_tag-hvor-kan-jeg-kbe-mephedrone-i-usa","25":"product_tag-hvor-kan-jeg-kbe-mephedrone-online","26":"product_tag-hvor-kan-jeg-kbe-mephedrone-uk","27":"product_tag-hvor-kan-kbes-4mmc-mephedrone","28":"product_tag-hvor-kan-kbes-4mmc-mephedrone-online","29":"product_tag-hvor-kan-kbes-mephedrone-i-usa","30":"product_tag-hvordan-man-kber-4mmc-mephedrone-online","31":"product_tag-kb-4mmc-mefedron-nr-mig","32":"product_tag-kb-4mmc-mephedrone-online-buy-mephedrone","33":"product_tag-kb-4mmc-mephedrone-online-nu","34":"product_tag-kb-4mmc-mephedrone-online-usa","35":"product_tag-kb-mephedron-badesalte","36":"product_tag-kb-mefedron-engros","37":"product_tag-kb-mefedron-fra-kina","38":"product_tag-kb-mephedrone-online","39":"product_tag-kb-mephedrone-usa-mastercard","40":"product_tag-kb-mephedron-pulver","41":"product_tag-kb-plante-mad-online-mefedron","42":"product_tag-kb-plante-gdning-mephedron","43":"product_tag-kbe","44":"product_tag-kb-mefedron-tjekkiet-republik","45":"product_tag-leverandrer","46":"product_tag-plante-mad-mefedron-leverandrer","47":"product_tag-mefedron-til-kb","48":"product_tag-mephedron-4-mmc","49":"product_tag-mephedron-4-methylmethcathinon","50":"product_tag-mefedron-kb-online-usa","51":"product_tag-mefedron-plante-mad-kb","52":"product_tag-mefedron-plante-mad","53":"product_tag-mefedron-plante-mad-kb-online","54":"product_tag-mefedron-til-salg","55":"product_tag-online","56":"product_tag-snort-mefedron","57":"product_tag-sikker-levering","58":"product_tag-lgemiddel-forum-mephedron","59":"product_tag-uk","60":"product_tag-usa","61":"pa_grams-1-kg-1000-g","62":"pa_grams-100-g","63":"pa_grams-20-g","64":"pa_grams-200-g","65":"pa_grams-250-g","66":"pa_grams-35-g","67":"pa_grams-50-g","68":"pa_grams-500-g","70":"first","71":"instock","72":"featured","73":"shipping-taxable","74":"purchasable","75":"product-type-variable","76":"has-default-attributes"},"yoast_head":"<!-- This site is optimized with the Yoast SEO Premium plugin v20.6 (Yoast SEO v27.4) - https:\/\/yoast.com\/product\/yoast-seo-premium-wordpress\/ -->\n<title>K\u00f8b mephedron online (4MMC) |Mephedrone til salg | Bestil 4MMC<\/title>\n<meta name=\"description\" content=\"K\u00f8b mephedron online (4MMC). Kvalitets-angstmedicin og forskningskemikalier, der kan k\u00f8bes online hos Good Dealers Meds.\" \/>\n<meta name=\"robots\" content=\"index, follow, max-snippet:-1, max-image-preview:large, max-video-preview:-1\" \/>\n<link rel=\"canonical\" href=\"https:\/\/gooddealersmeds.com\/da\/product\/kob-4mmc-mephedrone-online\/\" \/>\n<meta property=\"og:locale\" content=\"en_US\" \/>\n<meta property=\"og:type\" content=\"article\" \/>\n<meta property=\"og:title\" content=\"K\u00f8b 4MMC ( mephedron ) online\" \/>\n<meta property=\"og:description\" content=\"K\u00f8b mephedron online (4MMC). Kvalitets-angstmedicin og forskningskemikalier, der kan k\u00f8bes online hos Good Dealers Meds.\" \/>\n<meta property=\"og:url\" content=\"https:\/\/gooddealersmeds.com\/da\/product\/kob-4mmc-mephedrone-online\/\" \/>\n<meta property=\"og:site_name\" content=\"Good Dealers Meds\" \/>\n<meta property=\"article:modified_time\" content=\"2023-01-18T20:06:58+00:00\" \/>\n<meta property=\"og:image\" content=\"https:\/\/gooddealersmeds.com\/da\/wp-content\/uploads\/sites\/2\/2022\/03\/ff.jpg\" \/>\n\t<meta property=\"og:image:width\" content=\"550\" \/>\n\t<meta property=\"og:image:height\" content=\"412\" \/>\n\t<meta property=\"og:image:type\" content=\"image\/jpeg\" \/>\n<meta name=\"twitter:card\" content=\"summary_large_image\" \/>\n<meta name=\"twitter:label1\" content=\"Est. reading time\" \/>\n\t<meta name=\"twitter:data1\" content=\"2 minutes\" \/>\n<script type=\"application\/ld+json\" class=\"yoast-schema-graph\">{\"@context\":\"https:\\\/\\\/schema.org\",\"@graph\":[{\"@type\":\"WebPage\",\"@id\":\"https:\\\/\\\/gooddealersmeds.com\\\/da\\\/product\\\/kob-4mmc-mephedrone-online\\\/\",\"url\":\"https:\\\/\\\/gooddealersmeds.com\\\/da\\\/product\\\/kob-4mmc-mephedrone-online\\\/\",\"name\":\"K\u00f8b mephedron online (4MMC) |Mephedrone til salg | Bestil 4MMC\",\"isPartOf\":{\"@id\":\"https:\\\/\\\/gooddealersmeds.com\\\/da\\\/#website\"},\"primaryImageOfPage\":{\"@id\":\"https:\\\/\\\/gooddealersmeds.com\\\/da\\\/product\\\/kob-4mmc-mephedrone-online\\\/#primaryimage\"},\"image\":{\"@id\":\"https:\\\/\\\/gooddealersmeds.com\\\/da\\\/product\\\/kob-4mmc-mephedrone-online\\\/#primaryimage\"},\"thumbnailUrl\":\"https:\\\/\\\/gooddealersmeds.com\\\/da\\\/wp-content\\\/uploads\\\/sites\\\/2\\\/2022\\\/03\\\/ff.jpg\",\"datePublished\":\"2022-03-19T00:01:04+00:00\",\"dateModified\":\"2023-01-18T20:06:58+00:00\",\"description\":\"K\u00f8b mephedron online (4MMC). Kvalitets-angstmedicin og forskningskemikalier, der kan k\u00f8bes online hos Good Dealers Meds.\",\"breadcrumb\":{\"@id\":\"https:\\\/\\\/gooddealersmeds.com\\\/da\\\/product\\\/kob-4mmc-mephedrone-online\\\/#breadcrumb\"},\"inLanguage\":\"en-US\",\"potentialAction\":[{\"@type\":\"ReadAction\",\"target\":[\"https:\\\/\\\/gooddealersmeds.com\\\/da\\\/product\\\/kob-4mmc-mephedrone-online\\\/\"]}]},{\"@type\":\"ImageObject\",\"inLanguage\":\"en-US\",\"@id\":\"https:\\\/\\\/gooddealersmeds.com\\\/da\\\/product\\\/kob-4mmc-mephedrone-online\\\/#primaryimage\",\"url\":\"https:\\\/\\\/gooddealersmeds.com\\\/da\\\/wp-content\\\/uploads\\\/sites\\\/2\\\/2022\\\/03\\\/ff.jpg\",\"contentUrl\":\"https:\\\/\\\/gooddealersmeds.com\\\/da\\\/wp-content\\\/uploads\\\/sites\\\/2\\\/2022\\\/03\\\/ff.jpg\",\"width\":550,\"height\":412,\"caption\":\"Buy 4MMC Mephedrone Online\"},{\"@type\":\"BreadcrumbList\",\"@id\":\"https:\\\/\\\/gooddealersmeds.com\\\/da\\\/product\\\/kob-4mmc-mephedrone-online\\\/#breadcrumb\",\"itemListElement\":[{\"@type\":\"ListItem\",\"position\":1,\"name\":\"Home\",\"item\":\"https:\\\/\\\/gooddealersmeds.com\\\/da\\\/\"},{\"@type\":\"ListItem\",\"position\":2,\"name\":\"Produkter\",\"item\":\"https:\\\/\\\/gooddealersmeds.com\\\/da\\\/produkter\\\/\"},{\"@type\":\"ListItem\",\"position\":3,\"name\":\"K\u00f8b 4MMC ( mephedron ) online\"}]},{\"@type\":\"WebSite\",\"@id\":\"https:\\\/\\\/gooddealersmeds.com\\\/da\\\/#website\",\"url\":\"https:\\\/\\\/gooddealersmeds.com\\\/da\\\/\",\"name\":\"Good Dealers Meds\",\"description\":\"All our best\",\"publisher\":{\"@id\":\"https:\\\/\\\/gooddealersmeds.com\\\/da\\\/#organization\"},\"potentialAction\":[{\"@type\":\"SearchAction\",\"target\":{\"@type\":\"EntryPoint\",\"urlTemplate\":\"https:\\\/\\\/gooddealersmeds.com\\\/da\\\/?s={search_term_string}\"},\"query-input\":{\"@type\":\"PropertyValueSpecification\",\"valueRequired\":true,\"valueName\":\"search_term_string\"}}],\"inLanguage\":\"en-US\"},{\"@type\":\"Organization\",\"@id\":\"https:\\\/\\\/gooddealersmeds.com\\\/da\\\/#organization\",\"name\":\"Good Dealers Meds\",\"url\":\"https:\\\/\\\/gooddealersmeds.com\\\/da\\\/\",\"logo\":{\"@type\":\"ImageObject\",\"inLanguage\":\"en-US\",\"@id\":\"https:\\\/\\\/gooddealersmeds.com\\\/da\\\/#\\\/schema\\\/logo\\\/image\\\/\",\"url\":\"https:\\\/\\\/gooddealersmeds.com\\\/da\\\/wp-content\\\/uploads\\\/sites\\\/2\\\/2022\\\/03\\\/gooddealersmeds__logo__20220317T222800Z.00.png\",\"contentUrl\":\"https:\\\/\\\/gooddealersmeds.com\\\/da\\\/wp-content\\\/uploads\\\/sites\\\/2\\\/2022\\\/03\\\/gooddealersmeds__logo__20220317T222800Z.00.png\",\"width\":500,\"height\":325,\"caption\":\"Good Dealers Meds\"},\"image\":{\"@id\":\"https:\\\/\\\/gooddealersmeds.com\\\/da\\\/#\\\/schema\\\/logo\\\/image\\\/\"}}]}<\/script>\n<!-- \/ Yoast SEO Premium plugin. -->","yoast_head_json":{"title":"K\u00f8b mephedron online (4MMC) |Mephedrone til salg | Bestil 4MMC","description":"K\u00f8b mephedron online (4MMC). Kvalitets-angstmedicin og forskningskemikalier, der kan k\u00f8bes online hos Good Dealers Meds.","robots":{"index":"index","follow":"follow","max-snippet":"max-snippet:-1","max-image-preview":"max-image-preview:large","max-video-preview":"max-video-preview:-1"},"canonical":"https:\/\/gooddealersmeds.com\/da\/product\/kob-4mmc-mephedrone-online\/","og_locale":"en_US","og_type":"article","og_title":"K\u00f8b 4MMC ( mephedron ) online","og_description":"K\u00f8b mephedron online (4MMC). Kvalitets-angstmedicin og forskningskemikalier, der kan k\u00f8bes online hos Good Dealers Meds.","og_url":"https:\/\/gooddealersmeds.com\/da\/product\/kob-4mmc-mephedrone-online\/","og_site_name":"Good Dealers Meds","article_modified_time":"2023-01-18T20:06:58+00:00","og_image":[{"width":550,"height":412,"url":"https:\/\/gooddealersmeds.com\/da\/wp-content\/uploads\/sites\/2\/2022\/03\/ff.jpg","type":"image\/jpeg"}],"twitter_card":"summary_large_image","twitter_misc":{"Est. reading time":"2 minutes"},"schema":{"@context":"https:\/\/schema.org","@graph":[{"@type":"WebPage","@id":"https:\/\/gooddealersmeds.com\/da\/product\/kob-4mmc-mephedrone-online\/","url":"https:\/\/gooddealersmeds.com\/da\/product\/kob-4mmc-mephedrone-online\/","name":"K\u00f8b mephedron online (4MMC) |Mephedrone til salg | Bestil 4MMC","isPartOf":{"@id":"https:\/\/gooddealersmeds.com\/da\/#website"},"primaryImageOfPage":{"@id":"https:\/\/gooddealersmeds.com\/da\/product\/kob-4mmc-mephedrone-online\/#primaryimage"},"image":{"@id":"https:\/\/gooddealersmeds.com\/da\/product\/kob-4mmc-mephedrone-online\/#primaryimage"},"thumbnailUrl":"https:\/\/gooddealersmeds.com\/da\/wp-content\/uploads\/sites\/2\/2022\/03\/ff.jpg","datePublished":"2022-03-19T00:01:04+00:00","dateModified":"2023-01-18T20:06:58+00:00","description":"K\u00f8b mephedron online (4MMC). Kvalitets-angstmedicin og forskningskemikalier, der kan k\u00f8bes online hos Good Dealers Meds.","breadcrumb":{"@id":"https:\/\/gooddealersmeds.com\/da\/product\/kob-4mmc-mephedrone-online\/#breadcrumb"},"inLanguage":"en-US","potentialAction":[{"@type":"ReadAction","target":["https:\/\/gooddealersmeds.com\/da\/product\/kob-4mmc-mephedrone-online\/"]}]},{"@type":"ImageObject","inLanguage":"en-US","@id":"https:\/\/gooddealersmeds.com\/da\/product\/kob-4mmc-mephedrone-online\/#primaryimage","url":"https:\/\/gooddealersmeds.com\/da\/wp-content\/uploads\/sites\/2\/2022\/03\/ff.jpg","contentUrl":"https:\/\/gooddealersmeds.com\/da\/wp-content\/uploads\/sites\/2\/2022\/03\/ff.jpg","width":550,"height":412,"caption":"Buy 4MMC Mephedrone Online"},{"@type":"BreadcrumbList","@id":"https:\/\/gooddealersmeds.com\/da\/product\/kob-4mmc-mephedrone-online\/#breadcrumb","itemListElement":[{"@type":"ListItem","position":1,"name":"Home","item":"https:\/\/gooddealersmeds.com\/da\/"},{"@type":"ListItem","position":2,"name":"Produkter","item":"https:\/\/gooddealersmeds.com\/da\/produkter\/"},{"@type":"ListItem","position":3,"name":"K\u00f8b 4MMC ( mephedron ) online"}]},{"@type":"WebSite","@id":"https:\/\/gooddealersmeds.com\/da\/#website","url":"https:\/\/gooddealersmeds.com\/da\/","name":"Good Dealers Meds","description":"All our best","publisher":{"@id":"https:\/\/gooddealersmeds.com\/da\/#organization"},"potentialAction":[{"@type":"SearchAction","target":{"@type":"EntryPoint","urlTemplate":"https:\/\/gooddealersmeds.com\/da\/?s={search_term_string}"},"query-input":{"@type":"PropertyValueSpecification","valueRequired":true,"valueName":"search_term_string"}}],"inLanguage":"en-US"},{"@type":"Organization","@id":"https:\/\/gooddealersmeds.com\/da\/#organization","name":"Good Dealers Meds","url":"https:\/\/gooddealersmeds.com\/da\/","logo":{"@type":"ImageObject","inLanguage":"en-US","@id":"https:\/\/gooddealersmeds.com\/da\/#\/schema\/logo\/image\/","url":"https:\/\/gooddealersmeds.com\/da\/wp-content\/uploads\/sites\/2\/2022\/03\/gooddealersmeds__logo__20220317T222800Z.00.png","contentUrl":"https:\/\/gooddealersmeds.com\/da\/wp-content\/uploads\/sites\/2\/2022\/03\/gooddealersmeds__logo__20220317T222800Z.00.png","width":500,"height":325,"caption":"Good Dealers Meds"},"image":{"@id":"https:\/\/gooddealersmeds.com\/da\/#\/schema\/logo\/image\/"}}]}},"_links":{"self":[{"href":"https:\/\/gooddealersmeds.com\/da\/wp-json\/wp\/v2\/product\/1605","targetHints":{"allow":["GET"]}}],"collection":[{"href":"https:\/\/gooddealersmeds.com\/da\/wp-json\/wp\/v2\/product"}],"about":[{"href":"https:\/\/gooddealersmeds.com\/da\/wp-json\/wp\/v2\/types\/product"}],"replies":[{"embeddable":true,"href":"https:\/\/gooddealersmeds.com\/da\/wp-json\/wp\/v2\/comments?post=1605"}],"wp:featuredmedia":[{"embeddable":true,"href":"https:\/\/gooddealersmeds.com\/da\/wp-json\/wp\/v2\/media\/1698"}],"wp:attachment":[{"href":"https:\/\/gooddealersmeds.com\/da\/wp-json\/wp\/v2\/media?parent=1605"}],"wp:term":[{"taxonomy":"product_brand","embeddable":true,"href":"https:\/\/gooddealersmeds.com\/da\/wp-json\/wp\/v2\/product_brand?post=1605"},{"taxonomy":"product_cat","embeddable":true,"href":"https:\/\/gooddealersmeds.com\/da\/wp-json\/wp\/v2\/product_cat?post=1605"},{"taxonomy":"product_tag","embeddable":true,"href":"https:\/\/gooddealersmeds.com\/da\/wp-json\/wp\/v2\/product_tag?post=1605"}],"curies":[{"name":"wp","href":"https:\/\/api.w.org\/{rel}","templated":true}]}}