{"id":1588,"date":"2022-03-18T23:47:24","date_gmt":"2022-03-18T23:47:24","guid":{"rendered":"https:\/\/gooddealersmeds.com\/da\/?post_type=product&#038;p=1588"},"modified":"2023-01-18T20:10:56","modified_gmt":"2023-01-18T20:10:56","slug":"kob-fentanyl-tabletter-online","status":"publish","type":"product","link":"https:\/\/gooddealersmeds.com\/da\/product\/kob-fentanyl-tabletter-online\/","title":{"rendered":"K\u00f8b Fentanyl-tabletter online"},"content":{"rendered":"<h2>K\u00f8b Fentanyl-tabletter online<\/h2>\n<p>Fentanyl er et medlem af klassen af \u200b\u200bl\u00e6gemidler kendt som fentanyl; det er et hurtigtvirkende opioid (syntetisk opiat) l\u00e6gemiddel, der lindrer smerte uden at for\u00e5rsage tab af bevidsthed (analgetisk) &#8211; K\u00f8b Fentanyl-tabletter online. Funktionen af \u200b\u200bcentralnervesystemet (CNS) og respirationsfunktionen s\u00e6nkes begge af fentanyl. Det er 50-100 gange st\u00e6rkere end morfin, men er meget identisk med det.<\/p>\n<p>\u00c5ndedr\u00e6ttet hos ofre for overdosis fentanyl kan blive anstrengt eller helt oph\u00f8re. En overdosis opst\u00e5r, n\u00e5r et l\u00e6gemiddel giver alvorlige bivirkninger og livstruende symptomer. N\u00e5r mennesker overdoserer fentanyl, kan deres vejrtr\u00e6kning bremse eller stoppe. Dette kan mindske m\u00e6ngden af \u200b\u200bilt, der n\u00e5r cellerne i kroppen, en tilstand kaldet hypoxi. Fentanyls styrke g\u00f8r det vanedannende. N\u00e5r du bruger fentanyl p\u00e5 recept som anvist af en l\u00e6ge, kan en person udvikle afh\u00e6ngighed, som er pr\u00e6get af abstinenssymptomer efter at have stoppet medicinen. Selvom en person kan v\u00e6re afh\u00e6ngig af et stof uden at v\u00e6re afh\u00e6ngig af det, kan afh\u00e6ngighed lejlighedsvis f\u00f8lge afh\u00e6ngighed af hjernen &#8211; Hvordan kan jeg k\u00f8be fentanyl-tablet. Det er det mest effektive opioid smertestillende middel, der nu bruges i l\u00e6gebehandling.<\/p>\n<p>P\u00e5 trods af det faktum, at fentanyl anses for at v\u00e6re sikkert og effektivt, n\u00e5r det bruges i et kontrolleret medicinsk milj\u00f8, har stoffet et stort potentiale for misbrug. Nogle mennesker fremstiller fentanylanaloger, som minder meget om det originale l\u00e6gemiddel. Fentanyl binder sig til receptorerne i hjernen, der styrer smerte og f\u00f8lelser, ligesom andre opioidmedicin g\u00f8r. Fentanyl for\u00e5rsager normalt bivirkninger s\u00e5som kvalme, opkastning, forstoppelse, kl\u00f8e, d\u00f8sighed, forvirring og skade fra manglende koordination. Respirationsdepression, hallucinationer, serotonergt syndrom, lavt blodtryk eller fremkomsten af \u200b\u200bet problem med opioidbrug er eksempler p\u00e5 alvorlige negative virkninger.<\/p>\n<p><strong>Hvorfor skal du bestille fentanyl-tabletter hos os?<\/strong><\/p>\n<p>Derudover bruges det til behandling af vedvarende smerter, s\u00e5som kr\u00e6ftsmerter. . Patienter, der ikke kan tage morfin, eller hvis \u00e5nden\u00f8d er resistent over for morfin, kan ogs\u00e5 bruge fentanyl til at behandle deres symptomer. I palliative plejemilj\u00f8er, hvor sv\u00e6re smerter og \u00e5nden\u00f8d skal behandles med h\u00f8jstyrke opioider, er fentanyl s\u00e6rligt nyttigt til at vise en kombination.<\/p>\n<p>P\u00e5 grund af dets ekstremt varierende d\u00f8delige dosis, n\u00e5r det kombineres med andre l\u00e6gemidler, fentanyl udg\u00f8r en us\u00e6dvanlig h\u00f8j risiko for overdosering hos mennesker. Overdoser er kun marginalt uforudsigelige i deres reneste form. Hvor kan man f\u00e5 fentanyltabletter uden recept<\/p>\n<p><a href=\"https:\/\/gooddealersmeds.com\/da\/product\/buy-fentanyl-tablets-online\/\">Fentanylpiller til salg<\/a> p\u00e5 GoodDealersMeds, Det ville v\u00e6re relevant at understrege, at de gavnlige og rekreative egenskaber ved de n\u00e6vnte produkter afh\u00e6nger af ansvarlig brug.<\/p>\n","protected":false},"excerpt":{"rendered":"<h1>K\u00f8b fentanyl plaster til transdermal system<\/h1>\n<p>Risikoen for alvorlige bivirkninger (s\u00e5som langsom\/overfladisk vejrtr\u00e6kning, sv\u00e6r d\u00f8sighed\/svimmelhed) kan \u00f8ges, hvis denne medicin bruges sammen med andre produkter, der ogs\u00e5 kan for\u00e5rsage d\u00f8sighed eller vejrtr\u00e6kningsproblemer.<\/p>\n","protected":false},"featured_media":1596,"comment_status":"open","ping_status":"closed","template":"","meta":{"inline_featured_image":false},"product_brand":[],"product_cat":[347],"product_tag":[111,115,112,99,103,102,98,114,97,95,113,96,101,110,100],"class_list":{"0":"post-1588","1":"product","2":"type-product","3":"status-publish","4":"has-post-thumbnail","6":"product_cat-opioid-smertestillende-middel","7":"product_tag-du-kan-stadig-f-fentanyl-tabletter","8":"product_tag-er-fentanyl-tabletter-lovlige-i-canada","9":"product_tag-er-fentanyl-tabletter-lovlige-i-usa","10":"product_tag-fentanyl-tabletter-til-salg","11":"product_tag-fentanyl-tabletter-til-salg-i-usa","12":"product_tag-hvor-kan-kbes-fentanyl-tablets-online","13":"product_tag-hvor-kan-kbes-fentanyl-tabletter","14":"product_tag-hvordan-man-bestiller-fentanyl-tabletter","15":"product_tag-kb-fentanyl-online","16":"product_tag-kb-fentanyl-tabletter-online-kb-tabletter","17":"product_tag-kb-fentanyl-tabletter-online-usa","18":"product_tag-kb-fentanyl-tablet","19":"product_tag-kb-tablets-online","20":"product_tag-sikker-levering","21":"product_tag-tabletter-til-salg","22":"pa_pills-100-pills","23":"pa_pills-1000-pills","24":"pa_pills-30-pills","25":"pa_pills-300-pills","26":"pa_pills-50-pills","27":"pa_pills-500-pills","29":"first","30":"instock","31":"featured","32":"shipping-taxable","33":"purchasable","34":"product-type-variable","35":"has-default-attributes"},"yoast_head":"<!-- This site is optimized with the Yoast SEO Premium plugin v20.6 (Yoast SEO v27.3) - https:\/\/yoast.com\/product\/yoast-seo-premium-wordpress\/ -->\n<title>K\u00f8b Fentanyl-tabletter online uden recept | Gode \u200b\u200bforhandlere medicin<\/title>\n<meta name=\"description\" content=\"K\u00f8b Fentanyl-tabletter online fra Good Dealers Meds. Fentanyl piller til salg i hele verden. Bestil nu og f\u00e5 din levering lige ved d\u00f8ren.\" \/>\n<meta name=\"robots\" content=\"index, follow, max-snippet:-1, max-image-preview:large, max-video-preview:-1\" \/>\n<link rel=\"canonical\" href=\"https:\/\/gooddealersmeds.com\/da\/product\/kob-fentanyl-tabletter-online\/\" \/>\n<meta property=\"og:locale\" content=\"en_US\" \/>\n<meta property=\"og:type\" content=\"article\" \/>\n<meta property=\"og:title\" content=\"K\u00f8b Fentanyl-tabletter online\" \/>\n<meta property=\"og:description\" content=\"K\u00f8b Fentanyl-tabletter online fra Good Dealers Meds. Fentanyl piller til salg i hele verden. Bestil nu og f\u00e5 din levering lige ved d\u00f8ren.\" \/>\n<meta property=\"og:url\" content=\"https:\/\/gooddealersmeds.com\/da\/product\/kob-fentanyl-tabletter-online\/\" \/>\n<meta property=\"og:site_name\" content=\"Good Dealers Meds\" \/>\n<meta property=\"article:modified_time\" content=\"2023-01-18T20:10:56+00:00\" \/>\n<meta property=\"og:image\" content=\"https:\/\/gooddealersmeds.com\/da\/wp-content\/uploads\/sites\/2\/2022\/03\/buy-fentanyl-tablets-online.jpg\" \/>\n\t<meta property=\"og:image:width\" content=\"600\" \/>\n\t<meta property=\"og:image:height\" content=\"600\" \/>\n\t<meta property=\"og:image:type\" content=\"image\/jpeg\" \/>\n<meta name=\"twitter:card\" content=\"summary_large_image\" \/>\n<meta name=\"twitter:label1\" content=\"Est. reading time\" \/>\n\t<meta name=\"twitter:data1\" content=\"2 minutes\" \/>\n<script type=\"application\/ld+json\" class=\"yoast-schema-graph\">{\"@context\":\"https:\\\/\\\/schema.org\",\"@graph\":[{\"@type\":\"WebPage\",\"@id\":\"https:\\\/\\\/gooddealersmeds.com\\\/da\\\/product\\\/kob-fentanyl-tabletter-online\\\/\",\"url\":\"https:\\\/\\\/gooddealersmeds.com\\\/da\\\/product\\\/kob-fentanyl-tabletter-online\\\/\",\"name\":\"K\u00f8b Fentanyl-tabletter online uden recept | Gode \u200b\u200bforhandlere medicin\",\"isPartOf\":{\"@id\":\"https:\\\/\\\/gooddealersmeds.com\\\/da\\\/#website\"},\"primaryImageOfPage\":{\"@id\":\"https:\\\/\\\/gooddealersmeds.com\\\/da\\\/product\\\/kob-fentanyl-tabletter-online\\\/#primaryimage\"},\"image\":{\"@id\":\"https:\\\/\\\/gooddealersmeds.com\\\/da\\\/product\\\/kob-fentanyl-tabletter-online\\\/#primaryimage\"},\"thumbnailUrl\":\"https:\\\/\\\/gooddealersmeds.com\\\/da\\\/wp-content\\\/uploads\\\/sites\\\/2\\\/2022\\\/03\\\/buy-fentanyl-tablets-online.jpg\",\"datePublished\":\"2022-03-18T23:47:24+00:00\",\"dateModified\":\"2023-01-18T20:10:56+00:00\",\"description\":\"K\u00f8b Fentanyl-tabletter online fra Good Dealers Meds. Fentanyl piller til salg i hele verden. Bestil nu og f\u00e5 din levering lige ved d\u00f8ren.\",\"breadcrumb\":{\"@id\":\"https:\\\/\\\/gooddealersmeds.com\\\/da\\\/product\\\/kob-fentanyl-tabletter-online\\\/#breadcrumb\"},\"inLanguage\":\"en-US\",\"potentialAction\":[{\"@type\":\"ReadAction\",\"target\":[\"https:\\\/\\\/gooddealersmeds.com\\\/da\\\/product\\\/kob-fentanyl-tabletter-online\\\/\"]}]},{\"@type\":\"ImageObject\",\"inLanguage\":\"en-US\",\"@id\":\"https:\\\/\\\/gooddealersmeds.com\\\/da\\\/product\\\/kob-fentanyl-tabletter-online\\\/#primaryimage\",\"url\":\"https:\\\/\\\/gooddealersmeds.com\\\/da\\\/wp-content\\\/uploads\\\/sites\\\/2\\\/2022\\\/03\\\/buy-fentanyl-tablets-online.jpg\",\"contentUrl\":\"https:\\\/\\\/gooddealersmeds.com\\\/da\\\/wp-content\\\/uploads\\\/sites\\\/2\\\/2022\\\/03\\\/buy-fentanyl-tablets-online.jpg\",\"width\":600,\"height\":600,\"caption\":\"Buy Fentanyl Tablets Online\"},{\"@type\":\"BreadcrumbList\",\"@id\":\"https:\\\/\\\/gooddealersmeds.com\\\/da\\\/product\\\/kob-fentanyl-tabletter-online\\\/#breadcrumb\",\"itemListElement\":[{\"@type\":\"ListItem\",\"position\":1,\"name\":\"Home\",\"item\":\"https:\\\/\\\/gooddealersmeds.com\\\/da\\\/\"},{\"@type\":\"ListItem\",\"position\":2,\"name\":\"Produkter\",\"item\":\"https:\\\/\\\/gooddealersmeds.com\\\/da\\\/produkter\\\/\"},{\"@type\":\"ListItem\",\"position\":3,\"name\":\"K\u00f8b Fentanyl-tabletter online\"}]},{\"@type\":\"WebSite\",\"@id\":\"https:\\\/\\\/gooddealersmeds.com\\\/da\\\/#website\",\"url\":\"https:\\\/\\\/gooddealersmeds.com\\\/da\\\/\",\"name\":\"Good Dealers Meds\",\"description\":\"All our best\",\"publisher\":{\"@id\":\"https:\\\/\\\/gooddealersmeds.com\\\/da\\\/#organization\"},\"potentialAction\":[{\"@type\":\"SearchAction\",\"target\":{\"@type\":\"EntryPoint\",\"urlTemplate\":\"https:\\\/\\\/gooddealersmeds.com\\\/da\\\/?s={search_term_string}\"},\"query-input\":{\"@type\":\"PropertyValueSpecification\",\"valueRequired\":true,\"valueName\":\"search_term_string\"}}],\"inLanguage\":\"en-US\"},{\"@type\":\"Organization\",\"@id\":\"https:\\\/\\\/gooddealersmeds.com\\\/da\\\/#organization\",\"name\":\"Good Dealers Meds\",\"url\":\"https:\\\/\\\/gooddealersmeds.com\\\/da\\\/\",\"logo\":{\"@type\":\"ImageObject\",\"inLanguage\":\"en-US\",\"@id\":\"https:\\\/\\\/gooddealersmeds.com\\\/da\\\/#\\\/schema\\\/logo\\\/image\\\/\",\"url\":\"https:\\\/\\\/gooddealersmeds.com\\\/da\\\/wp-content\\\/uploads\\\/sites\\\/2\\\/2022\\\/03\\\/gooddealersmeds__logo__20220317T222800Z.00.png\",\"contentUrl\":\"https:\\\/\\\/gooddealersmeds.com\\\/da\\\/wp-content\\\/uploads\\\/sites\\\/2\\\/2022\\\/03\\\/gooddealersmeds__logo__20220317T222800Z.00.png\",\"width\":500,\"height\":325,\"caption\":\"Good Dealers Meds\"},\"image\":{\"@id\":\"https:\\\/\\\/gooddealersmeds.com\\\/da\\\/#\\\/schema\\\/logo\\\/image\\\/\"}}]}<\/script>\n<!-- \/ Yoast SEO Premium plugin. -->","yoast_head_json":{"title":"K\u00f8b Fentanyl-tabletter online uden recept | Gode \u200b\u200bforhandlere medicin","description":"K\u00f8b Fentanyl-tabletter online fra Good Dealers Meds. Fentanyl piller til salg i hele verden. Bestil nu og f\u00e5 din levering lige ved d\u00f8ren.","robots":{"index":"index","follow":"follow","max-snippet":"max-snippet:-1","max-image-preview":"max-image-preview:large","max-video-preview":"max-video-preview:-1"},"canonical":"https:\/\/gooddealersmeds.com\/da\/product\/kob-fentanyl-tabletter-online\/","og_locale":"en_US","og_type":"article","og_title":"K\u00f8b Fentanyl-tabletter online","og_description":"K\u00f8b Fentanyl-tabletter online fra Good Dealers Meds. Fentanyl piller til salg i hele verden. Bestil nu og f\u00e5 din levering lige ved d\u00f8ren.","og_url":"https:\/\/gooddealersmeds.com\/da\/product\/kob-fentanyl-tabletter-online\/","og_site_name":"Good Dealers Meds","article_modified_time":"2023-01-18T20:10:56+00:00","og_image":[{"width":600,"height":600,"url":"https:\/\/gooddealersmeds.com\/da\/wp-content\/uploads\/sites\/2\/2022\/03\/buy-fentanyl-tablets-online.jpg","type":"image\/jpeg"}],"twitter_card":"summary_large_image","twitter_misc":{"Est. reading time":"2 minutes"},"schema":{"@context":"https:\/\/schema.org","@graph":[{"@type":"WebPage","@id":"https:\/\/gooddealersmeds.com\/da\/product\/kob-fentanyl-tabletter-online\/","url":"https:\/\/gooddealersmeds.com\/da\/product\/kob-fentanyl-tabletter-online\/","name":"K\u00f8b Fentanyl-tabletter online uden recept | Gode \u200b\u200bforhandlere medicin","isPartOf":{"@id":"https:\/\/gooddealersmeds.com\/da\/#website"},"primaryImageOfPage":{"@id":"https:\/\/gooddealersmeds.com\/da\/product\/kob-fentanyl-tabletter-online\/#primaryimage"},"image":{"@id":"https:\/\/gooddealersmeds.com\/da\/product\/kob-fentanyl-tabletter-online\/#primaryimage"},"thumbnailUrl":"https:\/\/gooddealersmeds.com\/da\/wp-content\/uploads\/sites\/2\/2022\/03\/buy-fentanyl-tablets-online.jpg","datePublished":"2022-03-18T23:47:24+00:00","dateModified":"2023-01-18T20:10:56+00:00","description":"K\u00f8b Fentanyl-tabletter online fra Good Dealers Meds. Fentanyl piller til salg i hele verden. Bestil nu og f\u00e5 din levering lige ved d\u00f8ren.","breadcrumb":{"@id":"https:\/\/gooddealersmeds.com\/da\/product\/kob-fentanyl-tabletter-online\/#breadcrumb"},"inLanguage":"en-US","potentialAction":[{"@type":"ReadAction","target":["https:\/\/gooddealersmeds.com\/da\/product\/kob-fentanyl-tabletter-online\/"]}]},{"@type":"ImageObject","inLanguage":"en-US","@id":"https:\/\/gooddealersmeds.com\/da\/product\/kob-fentanyl-tabletter-online\/#primaryimage","url":"https:\/\/gooddealersmeds.com\/da\/wp-content\/uploads\/sites\/2\/2022\/03\/buy-fentanyl-tablets-online.jpg","contentUrl":"https:\/\/gooddealersmeds.com\/da\/wp-content\/uploads\/sites\/2\/2022\/03\/buy-fentanyl-tablets-online.jpg","width":600,"height":600,"caption":"Buy Fentanyl Tablets Online"},{"@type":"BreadcrumbList","@id":"https:\/\/gooddealersmeds.com\/da\/product\/kob-fentanyl-tabletter-online\/#breadcrumb","itemListElement":[{"@type":"ListItem","position":1,"name":"Home","item":"https:\/\/gooddealersmeds.com\/da\/"},{"@type":"ListItem","position":2,"name":"Produkter","item":"https:\/\/gooddealersmeds.com\/da\/produkter\/"},{"@type":"ListItem","position":3,"name":"K\u00f8b Fentanyl-tabletter online"}]},{"@type":"WebSite","@id":"https:\/\/gooddealersmeds.com\/da\/#website","url":"https:\/\/gooddealersmeds.com\/da\/","name":"Good Dealers Meds","description":"All our best","publisher":{"@id":"https:\/\/gooddealersmeds.com\/da\/#organization"},"potentialAction":[{"@type":"SearchAction","target":{"@type":"EntryPoint","urlTemplate":"https:\/\/gooddealersmeds.com\/da\/?s={search_term_string}"},"query-input":{"@type":"PropertyValueSpecification","valueRequired":true,"valueName":"search_term_string"}}],"inLanguage":"en-US"},{"@type":"Organization","@id":"https:\/\/gooddealersmeds.com\/da\/#organization","name":"Good Dealers Meds","url":"https:\/\/gooddealersmeds.com\/da\/","logo":{"@type":"ImageObject","inLanguage":"en-US","@id":"https:\/\/gooddealersmeds.com\/da\/#\/schema\/logo\/image\/","url":"https:\/\/gooddealersmeds.com\/da\/wp-content\/uploads\/sites\/2\/2022\/03\/gooddealersmeds__logo__20220317T222800Z.00.png","contentUrl":"https:\/\/gooddealersmeds.com\/da\/wp-content\/uploads\/sites\/2\/2022\/03\/gooddealersmeds__logo__20220317T222800Z.00.png","width":500,"height":325,"caption":"Good Dealers Meds"},"image":{"@id":"https:\/\/gooddealersmeds.com\/da\/#\/schema\/logo\/image\/"}}]}},"_links":{"self":[{"href":"https:\/\/gooddealersmeds.com\/da\/wp-json\/wp\/v2\/product\/1588","targetHints":{"allow":["GET"]}}],"collection":[{"href":"https:\/\/gooddealersmeds.com\/da\/wp-json\/wp\/v2\/product"}],"about":[{"href":"https:\/\/gooddealersmeds.com\/da\/wp-json\/wp\/v2\/types\/product"}],"replies":[{"embeddable":true,"href":"https:\/\/gooddealersmeds.com\/da\/wp-json\/wp\/v2\/comments?post=1588"}],"wp:featuredmedia":[{"embeddable":true,"href":"https:\/\/gooddealersmeds.com\/da\/wp-json\/wp\/v2\/media\/1596"}],"wp:attachment":[{"href":"https:\/\/gooddealersmeds.com\/da\/wp-json\/wp\/v2\/media?parent=1588"}],"wp:term":[{"taxonomy":"product_brand","embeddable":true,"href":"https:\/\/gooddealersmeds.com\/da\/wp-json\/wp\/v2\/product_brand?post=1588"},{"taxonomy":"product_cat","embeddable":true,"href":"https:\/\/gooddealersmeds.com\/da\/wp-json\/wp\/v2\/product_cat?post=1588"},{"taxonomy":"product_tag","embeddable":true,"href":"https:\/\/gooddealersmeds.com\/da\/wp-json\/wp\/v2\/product_tag?post=1588"}],"curies":[{"name":"wp","href":"https:\/\/api.w.org\/{rel}","templated":true}]}}