{"id":1582,"date":"2022-03-18T23:46:33","date_gmt":"2022-03-18T23:46:33","guid":{"rendered":"https:\/\/gooddealersmeds.com\/da\/?post_type=product&#038;p=1582"},"modified":"2023-01-18T20:19:00","modified_gmt":"2023-01-18T20:19:00","slug":"amfetamin-kapsel","status":"publish","type":"product","link":"https:\/\/gooddealersmeds.com\/da\/product\/amfetamin-kapsel\/","title":{"rendered":"K\u00f8b amfetaminkapsel online"},"content":{"rendered":"<h2>Amfetamin kapsel til salg &#8211; K\u00f8b amfetamin online<\/h2>\n<p>K\u00f8b amfetamin online: Amfetamin (kontrakt fra <u>a<\/u>lpha\u2013<u>m<\/u>ethyl<u>ph<\/u>en<u>et<\/u>hyl<u>amin<\/u>) er et centralnervesystem (CNS) stimulerende middel, som blandt andet markedsf\u00f8res under varem\u00e6rket Evekeo. For det f\u00f8rste bruges det til behandling af ADHD, narkolepsi og fedme. Desuden er amfetaminer stimulerende stoffer, hvilket betyder, at de fremskynder de beskeder, der bev\u00e6ger sig mellem hjernen og kroppen. Amfetamin pulver. Bestil amfetamin online.<\/p>\n<p>Derudover bruges amfetamin ogs\u00e5 som en atletisk pr\u00e6stationsforst\u00e6rker og kognitiv forst\u00e6rker, og rekreativt som et afrodisiakum og euforiserende middel. Desuden er det et receptpligtigt l\u00e6gemiddel i mange lande, og uautoriseret besiddelse og distribution af amfetamin er ofte strengt kontrolleret p\u00e5 grund af de betydelige sundhedsrisici, der er forbundet med rekreativ brug. Amfetaminpulver.<\/p>\n<p><strong>Yderligere information<\/strong><\/p>\n<p>Nogle typer amfetamin er lovligt ordineret af l\u00e6ger til behandling af tilstande som ADHD og narkolepsi (hvor en person har en ukontrollerbar trang til at sove).<\/p>\n<p>Desuden varierer udseendet af amfetamin. Desuden kan de v\u00e6re i form af et pulver, tabletter, krystaller og kapsler. Desuden pakker vi i \u2018folier\u2019 (alufolie), plastikposer eller sm\u00e5 balloner ved forsendelse. Bestil amfetamin online.<\/p>\n<p>Amfetaminpulver kan variere i farve fra hvid til brun, nogle gange kan det have spor af gr\u00e5t eller pink. Den har en st\u00e6rk lugt og bitter smag. Derudover varierer amfetaminkapsler og tabletter betydeligt i st\u00f8rrelse og farve. Amfetamin til salg.<\/p>\n<p>Desuden kan ulovligt producerede amfetaminer v\u00e6re en blanding af stoffer, bindemidler, koffein og sukker. Bestil amfetamin online.<\/p>\n<p><strong>S\u00e5dan bruges<\/strong><\/p>\n<p>Amfetamin sluges, injiceres eller ryges generelt. De bliver ogs\u00e5 prustet. K\u00f8b amfetaminpulver online.<\/p>\n<p><strong>Effekter af amfetamin<\/strong><\/p>\n<p>For det f\u00f8rste p\u00e5virker amfetamin alle forskelligt, baseret p\u00e5 st\u00f8rrelse, v\u00e6gt og helbred, om personen er vant til at tage det, om andre stoffer er taget omkring samme tid, m\u00e6ngden der tages, stoffets styrke (varierer fra batch til batch med ulovligt producerede stoffer). K\u00f8b amfetamin online.<\/p>\n<p>Derfor kan virkningen af \u200b\u200bamfetamin m\u00e6rkes med det samme (hvis den injiceres eller ryges) eller inden for 30 minutter (hvis den prustes eller synkes).<\/p>\n<p>Desuden kan f\u00f8lgende virkninger opleves:<\/p>\n<ul>\n<li>Gl\u00e6de og selvtillid<\/li>\n<li>At tale mere og f\u00f8le sig energisk<\/li>\n<li>Gentagelse af simple ting som kl\u00f8e og kl\u00f8e<\/li>\n<li>Store pupiller og t\u00f8r mund<\/li>\n<li>Hurtig hjerterytme og vejrtr\u00e6kning<\/li>\n<li>Tandsk\u00e6ren<\/li>\n<li>Reduceret appetit<\/li>\n<li>Overdreven svedtendens<\/li>\n<li>\u00d8get sexlyst<\/li>\n<\/ul>\n<p>Yderligere brug af et depressivt stof som alkohol, benzodiazepiner eller cannabis for at hj\u00e6lpe med at komme down&#8217;-effekter kan resultere i en cyklus af afh\u00e6ngighed af begge typer l\u00e6gemidler. K\u00f8b desuden amfetamin online. <a href=\"https:\/\/gooddealersmeds.com\/da\/product\/amphetamine-capsule\/\">Amfetamin af h\u00f8j kvalitet til salg<\/a><\/p>\n<p>Amfetaminpsykose<\/p>\n<p>Og h\u00f8j kvalitet doser og hyppig kraftig brug kan ogs\u00e5 skabe en &#8216;amfetaminpsykose&#8217;, karakteriseret ved paranoide vrangforestillinger, hallucinationer og ude af karakter aggressiv eller voldelig adf\u00e6rd. Disse symptomer forsvinder normalt et par dage efter, at personen holder op med at bruge amfetamin.<\/p>\n<p>Blanding af amfetamin med andre stoffer<\/p>\n<p>For det f\u00f8rste kan l\u00e6gemiddelinteraktioner \u00e6ndre, hvordan amfetamin virker eller \u00f8ge din risiko for alvorlige bivirkninger. Hold en liste over alle de produkter, du bruger (inklusive receptpligtig\/receptpligtig medicin og naturl\u00e6gemidler), og del den med os:<\/p>\n<p>Desuden kan amfetaminer og nogle antidepressiva forh\u00f8je blodtrykket, hvilket kan f\u00f8re til uregelm\u00e6ssig hjerterytme , hjertesvigt og slagtilf\u00e6lde. Amfetamin af bedste kvalitet til salg online hos <span style=\"color: #333333\"><a style=\"color: #333333\" href=\"https:\/\/gooddealersmeds.com\/da\/\">Good Dealers Meds<\/a> <\/span>.<\/p>\n<p>Ogs\u00e5 at blande amfetamin med alkohol, hash eller benzodiazepiner s\u00e6tter kroppen under en h\u00f8j grad af stress, da den fors\u00f8ger at h\u00e5ndtere de modstridende virkninger af begge typer l\u00e6gemidler, hvilket kan f\u00f8re til en overdosis. Amfetamin til salg.<\/p>\n","protected":false},"excerpt":{"rendered":"<p>K\u00f8b amfetamin online fra en betroet leverand\u00f8r og f\u00e5 den bedste kvalitet. Vi giver dig den bedste forsendelsesoplevelse. K\u00f8b metamfetamin.<\/p>\n","protected":false},"featured_media":1950,"comment_status":"open","ping_status":"closed","template":"","meta":{"inline_featured_image":false},"product_brand":[],"product_cat":[346],"product_tag":[],"class_list":{"0":"post-1582","1":"product","2":"type-product","3":"status-publish","4":"has-post-thumbnail","6":"product_cat-stimulanser","7":"pa_pills-100-pills","8":"pa_pills-1000-pills","9":"pa_pills-30-pills","10":"pa_pills-300-pills","11":"pa_pills-50-pills","12":"pa_pills-500-pills","14":"first","15":"instock","16":"featured","17":"shipping-taxable","18":"purchasable","19":"product-type-variable","20":"has-default-attributes"},"yoast_head":"<!-- This site is optimized with the Yoast SEO Premium plugin v20.6 (Yoast SEO v27.3) - https:\/\/yoast.com\/product\/yoast-seo-premium-wordpress\/ -->\n<title>K\u00f8b amfetamin online | amfetamin til salg | Good Dealers Meds<\/title>\n<meta name=\"description\" content=\"K\u00f8b Amfetamin Online til billig pris fra Good Dealers Meds i bedste kvalitet til behandling af ADHD, Narkolepsi og Fedme.\" \/>\n<meta name=\"robots\" content=\"index, follow, max-snippet:-1, max-image-preview:large, max-video-preview:-1\" \/>\n<link rel=\"canonical\" href=\"https:\/\/gooddealersmeds.com\/da\/product\/amfetamin-kapsel\/\" \/>\n<meta property=\"og:locale\" content=\"en_US\" \/>\n<meta property=\"og:type\" content=\"article\" \/>\n<meta property=\"og:title\" content=\"K\u00f8b amfetaminkapsel online\" \/>\n<meta property=\"og:description\" content=\"K\u00f8b Amfetamin Online til billig pris fra Good Dealers Meds i bedste kvalitet til behandling af ADHD, Narkolepsi og Fedme.\" \/>\n<meta property=\"og:url\" content=\"https:\/\/gooddealersmeds.com\/da\/product\/amfetamin-kapsel\/\" \/>\n<meta property=\"og:site_name\" content=\"Good Dealers Meds\" \/>\n<meta property=\"article:modified_time\" content=\"2023-01-18T20:19:00+00:00\" \/>\n<meta property=\"og:image\" content=\"https:\/\/gooddealersmeds.com\/da\/wp-content\/uploads\/sites\/2\/2022\/03\/Amphetamine-Capsule.jpg\" \/>\n\t<meta property=\"og:image:width\" content=\"400\" \/>\n\t<meta property=\"og:image:height\" content=\"533\" \/>\n\t<meta property=\"og:image:type\" content=\"image\/jpeg\" \/>\n<meta name=\"twitter:card\" content=\"summary_large_image\" \/>\n<meta name=\"twitter:label1\" content=\"Est. reading time\" \/>\n\t<meta name=\"twitter:data1\" content=\"3 minutes\" \/>\n<script type=\"application\/ld+json\" class=\"yoast-schema-graph\">{\"@context\":\"https:\\\/\\\/schema.org\",\"@graph\":[{\"@type\":\"WebPage\",\"@id\":\"https:\\\/\\\/gooddealersmeds.com\\\/da\\\/product\\\/amfetamin-kapsel\\\/\",\"url\":\"https:\\\/\\\/gooddealersmeds.com\\\/da\\\/product\\\/amfetamin-kapsel\\\/\",\"name\":\"K\u00f8b amfetamin online | amfetamin til salg | Good Dealers Meds\",\"isPartOf\":{\"@id\":\"https:\\\/\\\/gooddealersmeds.com\\\/da\\\/#website\"},\"primaryImageOfPage\":{\"@id\":\"https:\\\/\\\/gooddealersmeds.com\\\/da\\\/product\\\/amfetamin-kapsel\\\/#primaryimage\"},\"image\":{\"@id\":\"https:\\\/\\\/gooddealersmeds.com\\\/da\\\/product\\\/amfetamin-kapsel\\\/#primaryimage\"},\"thumbnailUrl\":\"https:\\\/\\\/gooddealersmeds.com\\\/da\\\/wp-content\\\/uploads\\\/sites\\\/2\\\/2022\\\/03\\\/Amphetamine-Capsule.jpg\",\"datePublished\":\"2022-03-18T23:46:33+00:00\",\"dateModified\":\"2023-01-18T20:19:00+00:00\",\"description\":\"K\u00f8b Amfetamin Online til billig pris fra Good Dealers Meds i bedste kvalitet til behandling af ADHD, Narkolepsi og Fedme.\",\"breadcrumb\":{\"@id\":\"https:\\\/\\\/gooddealersmeds.com\\\/da\\\/product\\\/amfetamin-kapsel\\\/#breadcrumb\"},\"inLanguage\":\"en-US\",\"potentialAction\":[{\"@type\":\"ReadAction\",\"target\":[\"https:\\\/\\\/gooddealersmeds.com\\\/da\\\/product\\\/amfetamin-kapsel\\\/\"]}]},{\"@type\":\"ImageObject\",\"inLanguage\":\"en-US\",\"@id\":\"https:\\\/\\\/gooddealersmeds.com\\\/da\\\/product\\\/amfetamin-kapsel\\\/#primaryimage\",\"url\":\"https:\\\/\\\/gooddealersmeds.com\\\/da\\\/wp-content\\\/uploads\\\/sites\\\/2\\\/2022\\\/03\\\/Amphetamine-Capsule.jpg\",\"contentUrl\":\"https:\\\/\\\/gooddealersmeds.com\\\/da\\\/wp-content\\\/uploads\\\/sites\\\/2\\\/2022\\\/03\\\/Amphetamine-Capsule.jpg\",\"width\":400,\"height\":533,\"caption\":\"Buy Amphetamine Online\"},{\"@type\":\"BreadcrumbList\",\"@id\":\"https:\\\/\\\/gooddealersmeds.com\\\/da\\\/product\\\/amfetamin-kapsel\\\/#breadcrumb\",\"itemListElement\":[{\"@type\":\"ListItem\",\"position\":1,\"name\":\"Home\",\"item\":\"https:\\\/\\\/gooddealersmeds.com\\\/da\\\/\"},{\"@type\":\"ListItem\",\"position\":2,\"name\":\"Produkter\",\"item\":\"https:\\\/\\\/gooddealersmeds.com\\\/da\\\/produkter\\\/\"},{\"@type\":\"ListItem\",\"position\":3,\"name\":\"K\u00f8b amfetaminkapsel online\"}]},{\"@type\":\"WebSite\",\"@id\":\"https:\\\/\\\/gooddealersmeds.com\\\/da\\\/#website\",\"url\":\"https:\\\/\\\/gooddealersmeds.com\\\/da\\\/\",\"name\":\"Good Dealers Meds\",\"description\":\"All our best\",\"publisher\":{\"@id\":\"https:\\\/\\\/gooddealersmeds.com\\\/da\\\/#organization\"},\"potentialAction\":[{\"@type\":\"SearchAction\",\"target\":{\"@type\":\"EntryPoint\",\"urlTemplate\":\"https:\\\/\\\/gooddealersmeds.com\\\/da\\\/?s={search_term_string}\"},\"query-input\":{\"@type\":\"PropertyValueSpecification\",\"valueRequired\":true,\"valueName\":\"search_term_string\"}}],\"inLanguage\":\"en-US\"},{\"@type\":\"Organization\",\"@id\":\"https:\\\/\\\/gooddealersmeds.com\\\/da\\\/#organization\",\"name\":\"Good Dealers Meds\",\"url\":\"https:\\\/\\\/gooddealersmeds.com\\\/da\\\/\",\"logo\":{\"@type\":\"ImageObject\",\"inLanguage\":\"en-US\",\"@id\":\"https:\\\/\\\/gooddealersmeds.com\\\/da\\\/#\\\/schema\\\/logo\\\/image\\\/\",\"url\":\"https:\\\/\\\/gooddealersmeds.com\\\/da\\\/wp-content\\\/uploads\\\/sites\\\/2\\\/2022\\\/03\\\/gooddealersmeds__logo__20220317T222800Z.00.png\",\"contentUrl\":\"https:\\\/\\\/gooddealersmeds.com\\\/da\\\/wp-content\\\/uploads\\\/sites\\\/2\\\/2022\\\/03\\\/gooddealersmeds__logo__20220317T222800Z.00.png\",\"width\":500,\"height\":325,\"caption\":\"Good Dealers Meds\"},\"image\":{\"@id\":\"https:\\\/\\\/gooddealersmeds.com\\\/da\\\/#\\\/schema\\\/logo\\\/image\\\/\"}}]}<\/script>\n<!-- \/ Yoast SEO Premium plugin. -->","yoast_head_json":{"title":"K\u00f8b amfetamin online | amfetamin til salg | Good Dealers Meds","description":"K\u00f8b Amfetamin Online til billig pris fra Good Dealers Meds i bedste kvalitet til behandling af ADHD, Narkolepsi og Fedme.","robots":{"index":"index","follow":"follow","max-snippet":"max-snippet:-1","max-image-preview":"max-image-preview:large","max-video-preview":"max-video-preview:-1"},"canonical":"https:\/\/gooddealersmeds.com\/da\/product\/amfetamin-kapsel\/","og_locale":"en_US","og_type":"article","og_title":"K\u00f8b amfetaminkapsel online","og_description":"K\u00f8b Amfetamin Online til billig pris fra Good Dealers Meds i bedste kvalitet til behandling af ADHD, Narkolepsi og Fedme.","og_url":"https:\/\/gooddealersmeds.com\/da\/product\/amfetamin-kapsel\/","og_site_name":"Good Dealers Meds","article_modified_time":"2023-01-18T20:19:00+00:00","og_image":[{"width":400,"height":533,"url":"https:\/\/gooddealersmeds.com\/da\/wp-content\/uploads\/sites\/2\/2022\/03\/Amphetamine-Capsule.jpg","type":"image\/jpeg"}],"twitter_card":"summary_large_image","twitter_misc":{"Est. reading time":"3 minutes"},"schema":{"@context":"https:\/\/schema.org","@graph":[{"@type":"WebPage","@id":"https:\/\/gooddealersmeds.com\/da\/product\/amfetamin-kapsel\/","url":"https:\/\/gooddealersmeds.com\/da\/product\/amfetamin-kapsel\/","name":"K\u00f8b amfetamin online | amfetamin til salg | Good Dealers Meds","isPartOf":{"@id":"https:\/\/gooddealersmeds.com\/da\/#website"},"primaryImageOfPage":{"@id":"https:\/\/gooddealersmeds.com\/da\/product\/amfetamin-kapsel\/#primaryimage"},"image":{"@id":"https:\/\/gooddealersmeds.com\/da\/product\/amfetamin-kapsel\/#primaryimage"},"thumbnailUrl":"https:\/\/gooddealersmeds.com\/da\/wp-content\/uploads\/sites\/2\/2022\/03\/Amphetamine-Capsule.jpg","datePublished":"2022-03-18T23:46:33+00:00","dateModified":"2023-01-18T20:19:00+00:00","description":"K\u00f8b Amfetamin Online til billig pris fra Good Dealers Meds i bedste kvalitet til behandling af ADHD, Narkolepsi og Fedme.","breadcrumb":{"@id":"https:\/\/gooddealersmeds.com\/da\/product\/amfetamin-kapsel\/#breadcrumb"},"inLanguage":"en-US","potentialAction":[{"@type":"ReadAction","target":["https:\/\/gooddealersmeds.com\/da\/product\/amfetamin-kapsel\/"]}]},{"@type":"ImageObject","inLanguage":"en-US","@id":"https:\/\/gooddealersmeds.com\/da\/product\/amfetamin-kapsel\/#primaryimage","url":"https:\/\/gooddealersmeds.com\/da\/wp-content\/uploads\/sites\/2\/2022\/03\/Amphetamine-Capsule.jpg","contentUrl":"https:\/\/gooddealersmeds.com\/da\/wp-content\/uploads\/sites\/2\/2022\/03\/Amphetamine-Capsule.jpg","width":400,"height":533,"caption":"Buy Amphetamine Online"},{"@type":"BreadcrumbList","@id":"https:\/\/gooddealersmeds.com\/da\/product\/amfetamin-kapsel\/#breadcrumb","itemListElement":[{"@type":"ListItem","position":1,"name":"Home","item":"https:\/\/gooddealersmeds.com\/da\/"},{"@type":"ListItem","position":2,"name":"Produkter","item":"https:\/\/gooddealersmeds.com\/da\/produkter\/"},{"@type":"ListItem","position":3,"name":"K\u00f8b amfetaminkapsel online"}]},{"@type":"WebSite","@id":"https:\/\/gooddealersmeds.com\/da\/#website","url":"https:\/\/gooddealersmeds.com\/da\/","name":"Good Dealers Meds","description":"All our best","publisher":{"@id":"https:\/\/gooddealersmeds.com\/da\/#organization"},"potentialAction":[{"@type":"SearchAction","target":{"@type":"EntryPoint","urlTemplate":"https:\/\/gooddealersmeds.com\/da\/?s={search_term_string}"},"query-input":{"@type":"PropertyValueSpecification","valueRequired":true,"valueName":"search_term_string"}}],"inLanguage":"en-US"},{"@type":"Organization","@id":"https:\/\/gooddealersmeds.com\/da\/#organization","name":"Good Dealers Meds","url":"https:\/\/gooddealersmeds.com\/da\/","logo":{"@type":"ImageObject","inLanguage":"en-US","@id":"https:\/\/gooddealersmeds.com\/da\/#\/schema\/logo\/image\/","url":"https:\/\/gooddealersmeds.com\/da\/wp-content\/uploads\/sites\/2\/2022\/03\/gooddealersmeds__logo__20220317T222800Z.00.png","contentUrl":"https:\/\/gooddealersmeds.com\/da\/wp-content\/uploads\/sites\/2\/2022\/03\/gooddealersmeds__logo__20220317T222800Z.00.png","width":500,"height":325,"caption":"Good Dealers Meds"},"image":{"@id":"https:\/\/gooddealersmeds.com\/da\/#\/schema\/logo\/image\/"}}]}},"_links":{"self":[{"href":"https:\/\/gooddealersmeds.com\/da\/wp-json\/wp\/v2\/product\/1582","targetHints":{"allow":["GET"]}}],"collection":[{"href":"https:\/\/gooddealersmeds.com\/da\/wp-json\/wp\/v2\/product"}],"about":[{"href":"https:\/\/gooddealersmeds.com\/da\/wp-json\/wp\/v2\/types\/product"}],"replies":[{"embeddable":true,"href":"https:\/\/gooddealersmeds.com\/da\/wp-json\/wp\/v2\/comments?post=1582"}],"wp:featuredmedia":[{"embeddable":true,"href":"https:\/\/gooddealersmeds.com\/da\/wp-json\/wp\/v2\/media\/1950"}],"wp:attachment":[{"href":"https:\/\/gooddealersmeds.com\/da\/wp-json\/wp\/v2\/media?parent=1582"}],"wp:term":[{"taxonomy":"product_brand","embeddable":true,"href":"https:\/\/gooddealersmeds.com\/da\/wp-json\/wp\/v2\/product_brand?post=1582"},{"taxonomy":"product_cat","embeddable":true,"href":"https:\/\/gooddealersmeds.com\/da\/wp-json\/wp\/v2\/product_cat?post=1582"},{"taxonomy":"product_tag","embeddable":true,"href":"https:\/\/gooddealersmeds.com\/da\/wp-json\/wp\/v2\/product_tag?post=1582"}],"curies":[{"name":"wp","href":"https:\/\/api.w.org\/{rel}","templated":true}]}}