{"id":1572,"date":"2022-03-18T01:52:51","date_gmt":"2022-03-18T01:52:51","guid":{"rendered":"https:\/\/gooddealersmeds.com\/da\/?post_type=product&#038;p=1572"},"modified":"2023-01-18T20:28:04","modified_gmt":"2023-01-18T20:28:04","slug":"mdma-ecstasy-eller-molly","status":"publish","type":"product","link":"https:\/\/gooddealersmeds.com\/da\/product\/mdma-ecstasy-eller-molly\/","title":{"rendered":"MDMA (Ecstasy eller Molly)"},"content":{"rendered":"<h2>MDMA Online (MOLLY\/ECSTASY) Til salg<\/h2>\n<p>K\u00f8b MDMA online,<strong><em>\u00a0<\/em><\/strong>fra <a style=\"color: #333333\" href=\"https:\/\/gooddealersmeds.com\/da\/\">Good Dealers Meds<\/a>. MDMA eller 3,4-methylendioxymetamfetamin, der almindeligvis omtales som <a href=\"https:\/\/gooddealersmeds.com\/da\/product\/mdma-ecstasy-or-molly\/\">ecstasy<\/a>, kan v\u00e6re et \u00e5nds\u00e6ndrende stof prim\u00e6rt brugt som <span style=\"color: #333333\"><a style=\"color: #333333\" href=\"https:\/\/en.wikipedia.org\/wiki\/Narcotic\">narkotikum<\/a><\/span>. \u00d8nskede virkninger af MDMA omfatter \u00e6ndrede fornemmelser og \u00f8get energi, empati og forn\u00f8jelse.<\/p>\n<p>ABON MDMA-test er en hurtig, et-trins, immunokromatografisk analyse designet til kvalitativ p\u00e5visning af l\u00e6gemiddelmetabolit i human urin ved en cut-off koncentration.<\/p>\n<p>St\u00f8rstedelen af \u200b\u200btidligere forskning har koncentreret sig om farerne forbundet med ikke-klinisk (&#8216;rekreativ&#8217;) MDMA-brug. Sp\u00f8rgsm\u00e5let om, hvorvidt rekreative MDMA-brugere kan opleve nogen gunstige langsigtede virkninger af MDMA-brug, rejses af potentielle fordele ved MDMA-assisteret psykoterapi, K\u00f8b MDMA online<\/p>\n<p><strong>HVORDAN P\u00c5VIRKER MDMA Hjernen?\u00a0<\/strong><\/p>\n<p>MDMA \u00f8ger aktiviteterne af tre hjernekemikalier, som er:<\/p>\n<ul>\n<li>DOPAMINE \u00f8ger energi\/aktivitet og fungerer som et system til at styrke adf\u00e6rd.<\/li>\n<li>NOREPINEFRIN- \u00f8ger puls og vitale tegn, som er risikabelt for mennesker med hjerte- og karproblemer.<\/li>\n<li>SEROTONIN- p\u00e5virker hum\u00f8r, appetit, s\u00f8vn og andre funktioner. Det udl\u00f8ser ogs\u00e5 hormoner, der kan p\u00e5virke seksuel ophidselse og tillid. Frigivelsen af \u200b\u200benorme m\u00e6ngder serotonin kan sandsynligvis for\u00e5rsage den f\u00f8lelsesm\u00e6ssige n\u00e6rhed, h\u00f8jne hum\u00f8r og empati, som de, der bruger MDMA, f\u00f8ler.<\/li>\n<\/ul>\n<p><strong>ANDRE SUNDHEDSEFFEKTER INKL.:<\/strong><\/p>\n<ul>\n<li>Kvalme<\/li>\n<li>Kramper i musklerne<\/li>\n<li>Ufrivillig sammenbidning af t\u00e6nder<\/li>\n<li>Sl\u00f8ret syn<\/li>\n<li>Frysterystelser<\/li>\n<li>Sveder<\/li>\n<\/ul>\n<p>Mennesker, der bruger MDMA, beskriver sig selv som at de f\u00f8ler sig euforiske, \u00e5bne, accepterende, ikke bange og forbundet med dem omkring dem. Typisk brugt i sociale omgivelser som festivaler, koncerter og klubber, stimuleres MDMA-effekter af billeder, lyde, lugte og ber\u00f8ring, hvilket f\u00f8rer til \u00f8gede fornemmelser og et \u00f8nske om at intensivere disse f\u00f8lelser ved at danse, tale og r\u00f8re.<\/p>\n","protected":false},"excerpt":{"rendered":"<p>MDMA eller 3,4-methylendioxymetamfetamin, der almindeligvis omtales som ecstasy, kan v\u00e6re et \u00e5nds\u00e6ndrende stof, der prim\u00e6rt bruges som et narkotikum. \u00d8nskede virkninger af MDMA omfatter \u00e6ndrede fornemmelser og \u00f8get energi, empati og forn\u00f8jelse.<\/p>\n","protected":false},"featured_media":1581,"comment_status":"open","ping_status":"closed","template":"","meta":{"inline_featured_image":false},"product_brand":[],"product_cat":[345],"product_tag":[],"class_list":{"0":"post-1572","1":"product","2":"type-product","3":"status-publish","4":"has-post-thumbnail","6":"product_cat-psykedeliske-stoffer","7":"pa_pills-100-pills","8":"pa_pills-1000-pills","9":"pa_pills-30-pills","10":"pa_pills-300-pills","11":"pa_pills-50-pills","12":"pa_pills-500-pills","14":"first","15":"instock","16":"featured","17":"shipping-taxable","18":"purchasable","19":"product-type-variable","20":"has-default-attributes"},"yoast_head":"<!-- This site is optimized with the Yoast SEO Premium plugin v20.6 (Yoast SEO v27.4) - https:\/\/yoast.com\/product\/yoast-seo-premium-wordpress\/ -->\n<title>K\u00f8b MDMA online | Kvalitet MDMA til salg | Good Dealers Meds<\/title>\n<meta name=\"description\" content=\"K\u00f8b MDMA online, almindeligvis omtalt som ecstasy, kan v\u00e6re et sind\u00e6ndrende stof, der prim\u00e6rt bruges som et narkotikum fra Good Dealers Meds.\" \/>\n<meta name=\"robots\" content=\"index, follow, max-snippet:-1, max-image-preview:large, max-video-preview:-1\" \/>\n<link rel=\"canonical\" href=\"https:\/\/gooddealersmeds.com\/da\/product\/mdma-ecstasy-eller-molly\/\" \/>\n<meta property=\"og:locale\" content=\"en_US\" \/>\n<meta property=\"og:type\" content=\"article\" \/>\n<meta property=\"og:title\" content=\"MDMA (Ecstasy eller Molly)\" \/>\n<meta property=\"og:description\" content=\"K\u00f8b MDMA online, almindeligvis omtalt som ecstasy, kan v\u00e6re et sind\u00e6ndrende stof, der prim\u00e6rt bruges som et narkotikum fra Good Dealers Meds.\" \/>\n<meta property=\"og:url\" content=\"https:\/\/gooddealersmeds.com\/da\/product\/mdma-ecstasy-eller-molly\/\" \/>\n<meta property=\"og:site_name\" content=\"Good Dealers Meds\" \/>\n<meta property=\"article:modified_time\" content=\"2023-01-18T20:28:04+00:00\" \/>\n<meta property=\"og:image\" content=\"https:\/\/gooddealersmeds.com\/da\/wp-content\/uploads\/sites\/2\/2022\/03\/MDMA-Ecstasy-or-Molly-1.jpeg\" \/>\n\t<meta property=\"og:image:width\" content=\"600\" \/>\n\t<meta property=\"og:image:height\" content=\"600\" \/>\n\t<meta property=\"og:image:type\" content=\"image\/jpeg\" \/>\n<meta name=\"twitter:card\" content=\"summary_large_image\" \/>\n<meta name=\"twitter:label1\" content=\"Est. reading time\" \/>\n\t<meta name=\"twitter:data1\" content=\"1 minute\" \/>\n<script type=\"application\/ld+json\" class=\"yoast-schema-graph\">{\"@context\":\"https:\\\/\\\/schema.org\",\"@graph\":[{\"@type\":\"WebPage\",\"@id\":\"https:\\\/\\\/gooddealersmeds.com\\\/da\\\/product\\\/mdma-ecstasy-eller-molly\\\/\",\"url\":\"https:\\\/\\\/gooddealersmeds.com\\\/da\\\/product\\\/mdma-ecstasy-eller-molly\\\/\",\"name\":\"K\u00f8b MDMA online | Kvalitet MDMA til salg | Good Dealers Meds\",\"isPartOf\":{\"@id\":\"https:\\\/\\\/gooddealersmeds.com\\\/da\\\/#website\"},\"primaryImageOfPage\":{\"@id\":\"https:\\\/\\\/gooddealersmeds.com\\\/da\\\/product\\\/mdma-ecstasy-eller-molly\\\/#primaryimage\"},\"image\":{\"@id\":\"https:\\\/\\\/gooddealersmeds.com\\\/da\\\/product\\\/mdma-ecstasy-eller-molly\\\/#primaryimage\"},\"thumbnailUrl\":\"https:\\\/\\\/gooddealersmeds.com\\\/da\\\/wp-content\\\/uploads\\\/sites\\\/2\\\/2022\\\/03\\\/MDMA-Ecstasy-or-Molly-1.jpeg\",\"datePublished\":\"2022-03-18T01:52:51+00:00\",\"dateModified\":\"2023-01-18T20:28:04+00:00\",\"description\":\"K\u00f8b MDMA online, almindeligvis omtalt som ecstasy, kan v\u00e6re et sind\u00e6ndrende stof, der prim\u00e6rt bruges som et narkotikum fra Good Dealers Meds.\",\"breadcrumb\":{\"@id\":\"https:\\\/\\\/gooddealersmeds.com\\\/da\\\/product\\\/mdma-ecstasy-eller-molly\\\/#breadcrumb\"},\"inLanguage\":\"en-US\",\"potentialAction\":[{\"@type\":\"ReadAction\",\"target\":[\"https:\\\/\\\/gooddealersmeds.com\\\/da\\\/product\\\/mdma-ecstasy-eller-molly\\\/\"]}]},{\"@type\":\"ImageObject\",\"inLanguage\":\"en-US\",\"@id\":\"https:\\\/\\\/gooddealersmeds.com\\\/da\\\/product\\\/mdma-ecstasy-eller-molly\\\/#primaryimage\",\"url\":\"https:\\\/\\\/gooddealersmeds.com\\\/da\\\/wp-content\\\/uploads\\\/sites\\\/2\\\/2022\\\/03\\\/MDMA-Ecstasy-or-Molly-1.jpeg\",\"contentUrl\":\"https:\\\/\\\/gooddealersmeds.com\\\/da\\\/wp-content\\\/uploads\\\/sites\\\/2\\\/2022\\\/03\\\/MDMA-Ecstasy-or-Molly-1.jpeg\",\"width\":600,\"height\":600,\"caption\":\"Buy MDMA Online\"},{\"@type\":\"BreadcrumbList\",\"@id\":\"https:\\\/\\\/gooddealersmeds.com\\\/da\\\/product\\\/mdma-ecstasy-eller-molly\\\/#breadcrumb\",\"itemListElement\":[{\"@type\":\"ListItem\",\"position\":1,\"name\":\"Home\",\"item\":\"https:\\\/\\\/gooddealersmeds.com\\\/da\\\/\"},{\"@type\":\"ListItem\",\"position\":2,\"name\":\"Produkter\",\"item\":\"https:\\\/\\\/gooddealersmeds.com\\\/da\\\/produkter\\\/\"},{\"@type\":\"ListItem\",\"position\":3,\"name\":\"MDMA (Ecstasy eller Molly)\"}]},{\"@type\":\"WebSite\",\"@id\":\"https:\\\/\\\/gooddealersmeds.com\\\/da\\\/#website\",\"url\":\"https:\\\/\\\/gooddealersmeds.com\\\/da\\\/\",\"name\":\"Good Dealers Meds\",\"description\":\"All our best\",\"publisher\":{\"@id\":\"https:\\\/\\\/gooddealersmeds.com\\\/da\\\/#organization\"},\"potentialAction\":[{\"@type\":\"SearchAction\",\"target\":{\"@type\":\"EntryPoint\",\"urlTemplate\":\"https:\\\/\\\/gooddealersmeds.com\\\/da\\\/?s={search_term_string}\"},\"query-input\":{\"@type\":\"PropertyValueSpecification\",\"valueRequired\":true,\"valueName\":\"search_term_string\"}}],\"inLanguage\":\"en-US\"},{\"@type\":\"Organization\",\"@id\":\"https:\\\/\\\/gooddealersmeds.com\\\/da\\\/#organization\",\"name\":\"Good Dealers Meds\",\"url\":\"https:\\\/\\\/gooddealersmeds.com\\\/da\\\/\",\"logo\":{\"@type\":\"ImageObject\",\"inLanguage\":\"en-US\",\"@id\":\"https:\\\/\\\/gooddealersmeds.com\\\/da\\\/#\\\/schema\\\/logo\\\/image\\\/\",\"url\":\"https:\\\/\\\/gooddealersmeds.com\\\/da\\\/wp-content\\\/uploads\\\/sites\\\/2\\\/2022\\\/03\\\/gooddealersmeds__logo__20220317T222800Z.00.png\",\"contentUrl\":\"https:\\\/\\\/gooddealersmeds.com\\\/da\\\/wp-content\\\/uploads\\\/sites\\\/2\\\/2022\\\/03\\\/gooddealersmeds__logo__20220317T222800Z.00.png\",\"width\":500,\"height\":325,\"caption\":\"Good Dealers Meds\"},\"image\":{\"@id\":\"https:\\\/\\\/gooddealersmeds.com\\\/da\\\/#\\\/schema\\\/logo\\\/image\\\/\"}}]}<\/script>\n<!-- \/ Yoast SEO Premium plugin. -->","yoast_head_json":{"title":"K\u00f8b MDMA online | Kvalitet MDMA til salg | Good Dealers Meds","description":"K\u00f8b MDMA online, almindeligvis omtalt som ecstasy, kan v\u00e6re et sind\u00e6ndrende stof, der prim\u00e6rt bruges som et narkotikum fra Good Dealers Meds.","robots":{"index":"index","follow":"follow","max-snippet":"max-snippet:-1","max-image-preview":"max-image-preview:large","max-video-preview":"max-video-preview:-1"},"canonical":"https:\/\/gooddealersmeds.com\/da\/product\/mdma-ecstasy-eller-molly\/","og_locale":"en_US","og_type":"article","og_title":"MDMA (Ecstasy eller Molly)","og_description":"K\u00f8b MDMA online, almindeligvis omtalt som ecstasy, kan v\u00e6re et sind\u00e6ndrende stof, der prim\u00e6rt bruges som et narkotikum fra Good Dealers Meds.","og_url":"https:\/\/gooddealersmeds.com\/da\/product\/mdma-ecstasy-eller-molly\/","og_site_name":"Good Dealers Meds","article_modified_time":"2023-01-18T20:28:04+00:00","og_image":[{"width":600,"height":600,"url":"https:\/\/gooddealersmeds.com\/da\/wp-content\/uploads\/sites\/2\/2022\/03\/MDMA-Ecstasy-or-Molly-1.jpeg","type":"image\/jpeg"}],"twitter_card":"summary_large_image","twitter_misc":{"Est. reading time":"1 minute"},"schema":{"@context":"https:\/\/schema.org","@graph":[{"@type":"WebPage","@id":"https:\/\/gooddealersmeds.com\/da\/product\/mdma-ecstasy-eller-molly\/","url":"https:\/\/gooddealersmeds.com\/da\/product\/mdma-ecstasy-eller-molly\/","name":"K\u00f8b MDMA online | Kvalitet MDMA til salg | Good Dealers Meds","isPartOf":{"@id":"https:\/\/gooddealersmeds.com\/da\/#website"},"primaryImageOfPage":{"@id":"https:\/\/gooddealersmeds.com\/da\/product\/mdma-ecstasy-eller-molly\/#primaryimage"},"image":{"@id":"https:\/\/gooddealersmeds.com\/da\/product\/mdma-ecstasy-eller-molly\/#primaryimage"},"thumbnailUrl":"https:\/\/gooddealersmeds.com\/da\/wp-content\/uploads\/sites\/2\/2022\/03\/MDMA-Ecstasy-or-Molly-1.jpeg","datePublished":"2022-03-18T01:52:51+00:00","dateModified":"2023-01-18T20:28:04+00:00","description":"K\u00f8b MDMA online, almindeligvis omtalt som ecstasy, kan v\u00e6re et sind\u00e6ndrende stof, der prim\u00e6rt bruges som et narkotikum fra Good Dealers Meds.","breadcrumb":{"@id":"https:\/\/gooddealersmeds.com\/da\/product\/mdma-ecstasy-eller-molly\/#breadcrumb"},"inLanguage":"en-US","potentialAction":[{"@type":"ReadAction","target":["https:\/\/gooddealersmeds.com\/da\/product\/mdma-ecstasy-eller-molly\/"]}]},{"@type":"ImageObject","inLanguage":"en-US","@id":"https:\/\/gooddealersmeds.com\/da\/product\/mdma-ecstasy-eller-molly\/#primaryimage","url":"https:\/\/gooddealersmeds.com\/da\/wp-content\/uploads\/sites\/2\/2022\/03\/MDMA-Ecstasy-or-Molly-1.jpeg","contentUrl":"https:\/\/gooddealersmeds.com\/da\/wp-content\/uploads\/sites\/2\/2022\/03\/MDMA-Ecstasy-or-Molly-1.jpeg","width":600,"height":600,"caption":"Buy MDMA Online"},{"@type":"BreadcrumbList","@id":"https:\/\/gooddealersmeds.com\/da\/product\/mdma-ecstasy-eller-molly\/#breadcrumb","itemListElement":[{"@type":"ListItem","position":1,"name":"Home","item":"https:\/\/gooddealersmeds.com\/da\/"},{"@type":"ListItem","position":2,"name":"Produkter","item":"https:\/\/gooddealersmeds.com\/da\/produkter\/"},{"@type":"ListItem","position":3,"name":"MDMA (Ecstasy eller Molly)"}]},{"@type":"WebSite","@id":"https:\/\/gooddealersmeds.com\/da\/#website","url":"https:\/\/gooddealersmeds.com\/da\/","name":"Good Dealers Meds","description":"All our best","publisher":{"@id":"https:\/\/gooddealersmeds.com\/da\/#organization"},"potentialAction":[{"@type":"SearchAction","target":{"@type":"EntryPoint","urlTemplate":"https:\/\/gooddealersmeds.com\/da\/?s={search_term_string}"},"query-input":{"@type":"PropertyValueSpecification","valueRequired":true,"valueName":"search_term_string"}}],"inLanguage":"en-US"},{"@type":"Organization","@id":"https:\/\/gooddealersmeds.com\/da\/#organization","name":"Good Dealers Meds","url":"https:\/\/gooddealersmeds.com\/da\/","logo":{"@type":"ImageObject","inLanguage":"en-US","@id":"https:\/\/gooddealersmeds.com\/da\/#\/schema\/logo\/image\/","url":"https:\/\/gooddealersmeds.com\/da\/wp-content\/uploads\/sites\/2\/2022\/03\/gooddealersmeds__logo__20220317T222800Z.00.png","contentUrl":"https:\/\/gooddealersmeds.com\/da\/wp-content\/uploads\/sites\/2\/2022\/03\/gooddealersmeds__logo__20220317T222800Z.00.png","width":500,"height":325,"caption":"Good Dealers Meds"},"image":{"@id":"https:\/\/gooddealersmeds.com\/da\/#\/schema\/logo\/image\/"}}]}},"_links":{"self":[{"href":"https:\/\/gooddealersmeds.com\/da\/wp-json\/wp\/v2\/product\/1572","targetHints":{"allow":["GET"]}}],"collection":[{"href":"https:\/\/gooddealersmeds.com\/da\/wp-json\/wp\/v2\/product"}],"about":[{"href":"https:\/\/gooddealersmeds.com\/da\/wp-json\/wp\/v2\/types\/product"}],"replies":[{"embeddable":true,"href":"https:\/\/gooddealersmeds.com\/da\/wp-json\/wp\/v2\/comments?post=1572"}],"wp:featuredmedia":[{"embeddable":true,"href":"https:\/\/gooddealersmeds.com\/da\/wp-json\/wp\/v2\/media\/1581"}],"wp:attachment":[{"href":"https:\/\/gooddealersmeds.com\/da\/wp-json\/wp\/v2\/media?parent=1572"}],"wp:term":[{"taxonomy":"product_brand","embeddable":true,"href":"https:\/\/gooddealersmeds.com\/da\/wp-json\/wp\/v2\/product_brand?post=1572"},{"taxonomy":"product_cat","embeddable":true,"href":"https:\/\/gooddealersmeds.com\/da\/wp-json\/wp\/v2\/product_cat?post=1572"},{"taxonomy":"product_tag","embeddable":true,"href":"https:\/\/gooddealersmeds.com\/da\/wp-json\/wp\/v2\/product_tag?post=1572"}],"curies":[{"name":"wp","href":"https:\/\/api.w.org\/{rel}","templated":true}]}}