{"id":1563,"date":"2022-03-18T01:19:50","date_gmt":"2022-03-18T01:19:50","guid":{"rendered":"https:\/\/gooddealersmeds.com\/da\/?post_type=product&#038;p=1563"},"modified":"2023-01-18T20:30:46","modified_gmt":"2023-01-18T20:30:46","slug":"kob-amfetamin-pulver-online","status":"publish","type":"product","link":"https:\/\/gooddealersmeds.com\/da\/product\/kob-amfetamin-pulver-online\/","title":{"rendered":"K\u00f8b amfetaminpulver online"},"content":{"rendered":"<h2>Amfetaminpulver til salg fra topklasse<\/h2>\n<p>K\u00f8b amfetaminpulver online. Amfetamin er stimulerende medicin, der stimulerer aktiviteten af \u200b\u200bvisse hjernekemikalier. Disse l\u00e6gemidler indeholder amfetamin, et centralnervesystemstimulerende middel, der bruges til at behandle opm\u00e6rksomhedsunderskud hyperaktivitetsforstyrrelse, narkolepsi og fedme. I de fleste tilf\u00e6lde forenes to kemikalier for at danne det. Der er to af dem: levoamphetamin og dextroamphetamin. Den faktiske medicin, der bruges til at behandle ADHD, er dextroamphetamin. Levoamfetamin er p\u00e5 den anden side et psykostimulerende middel, der fremmer \u00e5rv\u00e5genhed og fokus.<\/p>\n<p>Dexamfetamin, sulfat og metamfetamin, en mere potent version af amfetamin, er andre eksempler. Amfetaminholdige l\u00e6gemidler s\u00e6lges dog under en r\u00e6kke forskellige m\u00e6rkenavne i Europa. <a href=\"https:\/\/gooddealersmeds.com\/da\/product\/buy-amphetamine-powder-online\/\">Amfetaminpulver til salg<\/a> bruges til behandling af opm\u00e6rksomhedsunderskud hyperaktivitetsforstyrrelser via medicinsk af l\u00e6ger med anbefaling.<\/p>\n<p>Pudret sluges eller prustes. Amfetaminsulfat er utilstr\u00e6kkeligt flygtigt til at blive r\u00f8get I mods\u00e6tning til hydrochloridsaltet af metamfetamin. K\u00f8b amfetaminpulver online<\/p>\n<p><strong>Effekter<\/strong><\/p>\n<p>For det f\u00f8rste p\u00e5virker det alle forskelligt, afh\u00e6ngigt af st\u00f8rrelse, v\u00e6gt, og sundhed, om den enkelte er vant til at tage det, om andre stoffer tages p\u00e5 samme tid, m\u00e6ngden der indtages og stoffets styrke (varierer fra batch til batch med ulovligt producerede stoffer).<\/p>\n<p>Som som et resultat, kan dets virkning m\u00e6rkes med det samme (hvis den injiceres eller ryges) eller inden for 30 minutter (hvis den prustes eller synkes).<\/p>\n<p>F\u00f8lgende virkninger kan opleves:<\/p>\n<ul>\n<li>Gl\u00e6de og selvtillid<\/li>\n<li>Snakke mere og f\u00f8le sig energisk<\/li>\n<li>Gentagelse af simple ting som kl\u00f8e og kl\u00f8e<\/li>\n<li>Store pupiller og t\u00f8r mund<\/li>\n<li>Hurtig hjerterytme og vejrtr\u00e6kning<\/li>\n<li>Tandsk\u00e6ren<\/li>\n<li>Reduceret appetit<\/li>\n<li>Overdreven svedtendens<\/li>\n<li>\u00d8get sexlyst<\/li>\n<\/ul>\n<p><strong>Hvordan virker amfetaminpulver?<\/strong><\/p>\n<p>T hans b\u00f8r tages i henhold til l\u00e6gens anvisninger for medicinske behov. Start med den mindst mulige m\u00e6ngde til rekreative form\u00e5l for at sikre, at stoffet ikke har en negativ indflydelse. Den milde dosis er 5-20 mg, mens alt over det betragtes som en st\u00e6rk dosis (40-70 mg).<\/p>\n<p><strong>Bivirkninger<\/strong><\/p>\n<p>Uregelm\u00e6ssig hjerterytme, h\u00f8jt blodtryk og h\u00f8j temperatur. Der er ogs\u00e5 chancer for, at blodkarrene brister, et hjerteanfald eller slagtilf\u00e6lde. Selv d\u00f8den kan forekomme.<\/p>\n<p>Du kan k\u00f8be amfetaminpulver online fra vores <a href=\"https:\/\/gooddealersmeds.com\/da\/products\/\">butik<\/a> med sikker forsendelse over hele Europa .<\/p>\n","protected":false},"excerpt":{"rendered":"<p>K\u00f8b amfetaminpulver online fra en p\u00e5lidelig leverand\u00f8r og f\u00e5 den bedste kvalitet. Vi giver dig den bedste forsendelsesoplevelse. K\u00f8b metamfetamin.<\/p>\n","protected":false},"featured_media":1571,"comment_status":"open","ping_status":"closed","template":"","meta":{"inline_featured_image":false},"product_brand":[],"product_cat":[343],"product_tag":[],"class_list":{"0":"post-1563","1":"product","2":"type-product","3":"status-publish","4":"has-post-thumbnail","6":"product_cat-andre","7":"pa_grams-1-kg-1000-g","8":"pa_grams-100-g","9":"pa_grams-20-g","10":"pa_grams-200-g","11":"pa_grams-250-g","12":"pa_grams-35-g","13":"pa_grams-50-g","14":"pa_grams-500-g","16":"first","17":"instock","18":"featured","19":"shipping-taxable","20":"purchasable","21":"product-type-variable","22":"has-default-attributes"},"yoast_head":"<!-- This site is optimized with the Yoast SEO Premium plugin v20.6 (Yoast SEO v27.3) - https:\/\/yoast.com\/product\/yoast-seo-premium-wordpress\/ -->\n<title>K\u00f8b amfetaminpulver online | Bestil amfetamin | Good Dealers Meds<\/title>\n<meta name=\"description\" content=\"K\u00f8b amfetaminpulver online fra en betroet leverand\u00f8r og f\u00e5 den bedste kvalitet. Vi giver dig den bedste forsendelsesoplevelse.\" \/>\n<meta name=\"robots\" content=\"index, follow, max-snippet:-1, max-image-preview:large, max-video-preview:-1\" \/>\n<link rel=\"canonical\" href=\"https:\/\/gooddealersmeds.com\/da\/product\/kob-amfetamin-pulver-online\/\" \/>\n<meta property=\"og:locale\" content=\"en_US\" \/>\n<meta property=\"og:type\" content=\"article\" \/>\n<meta property=\"og:title\" content=\"K\u00f8b amfetaminpulver online\" \/>\n<meta property=\"og:description\" content=\"K\u00f8b amfetaminpulver online fra en betroet leverand\u00f8r og f\u00e5 den bedste kvalitet. Vi giver dig den bedste forsendelsesoplevelse.\" \/>\n<meta property=\"og:url\" content=\"https:\/\/gooddealersmeds.com\/da\/product\/kob-amfetamin-pulver-online\/\" \/>\n<meta property=\"og:site_name\" content=\"Good Dealers Meds\" \/>\n<meta property=\"article:modified_time\" content=\"2023-01-18T20:30:46+00:00\" \/>\n<meta property=\"og:image\" content=\"https:\/\/gooddealersmeds.com\/da\/wp-content\/uploads\/sites\/2\/2022\/03\/AMPHETAMINE-POWDER.jpg\" \/>\n\t<meta property=\"og:image:width\" content=\"480\" \/>\n\t<meta property=\"og:image:height\" content=\"480\" \/>\n\t<meta property=\"og:image:type\" content=\"image\/jpeg\" \/>\n<meta name=\"twitter:card\" content=\"summary_large_image\" \/>\n<meta name=\"twitter:label1\" content=\"Est. reading time\" \/>\n\t<meta name=\"twitter:data1\" content=\"2 minutes\" \/>\n<script type=\"application\/ld+json\" class=\"yoast-schema-graph\">{\"@context\":\"https:\\\/\\\/schema.org\",\"@graph\":[{\"@type\":\"WebPage\",\"@id\":\"https:\\\/\\\/gooddealersmeds.com\\\/da\\\/product\\\/kob-amfetamin-pulver-online\\\/\",\"url\":\"https:\\\/\\\/gooddealersmeds.com\\\/da\\\/product\\\/kob-amfetamin-pulver-online\\\/\",\"name\":\"K\u00f8b amfetaminpulver online | Bestil amfetamin | Good Dealers Meds\",\"isPartOf\":{\"@id\":\"https:\\\/\\\/gooddealersmeds.com\\\/da\\\/#website\"},\"primaryImageOfPage\":{\"@id\":\"https:\\\/\\\/gooddealersmeds.com\\\/da\\\/product\\\/kob-amfetamin-pulver-online\\\/#primaryimage\"},\"image\":{\"@id\":\"https:\\\/\\\/gooddealersmeds.com\\\/da\\\/product\\\/kob-amfetamin-pulver-online\\\/#primaryimage\"},\"thumbnailUrl\":\"https:\\\/\\\/gooddealersmeds.com\\\/da\\\/wp-content\\\/uploads\\\/sites\\\/2\\\/2022\\\/03\\\/AMPHETAMINE-POWDER.jpg\",\"datePublished\":\"2022-03-18T01:19:50+00:00\",\"dateModified\":\"2023-01-18T20:30:46+00:00\",\"description\":\"K\u00f8b amfetaminpulver online fra en betroet leverand\u00f8r og f\u00e5 den bedste kvalitet. Vi giver dig den bedste forsendelsesoplevelse.\",\"breadcrumb\":{\"@id\":\"https:\\\/\\\/gooddealersmeds.com\\\/da\\\/product\\\/kob-amfetamin-pulver-online\\\/#breadcrumb\"},\"inLanguage\":\"en-US\",\"potentialAction\":[{\"@type\":\"ReadAction\",\"target\":[\"https:\\\/\\\/gooddealersmeds.com\\\/da\\\/product\\\/kob-amfetamin-pulver-online\\\/\"]}]},{\"@type\":\"ImageObject\",\"inLanguage\":\"en-US\",\"@id\":\"https:\\\/\\\/gooddealersmeds.com\\\/da\\\/product\\\/kob-amfetamin-pulver-online\\\/#primaryimage\",\"url\":\"https:\\\/\\\/gooddealersmeds.com\\\/da\\\/wp-content\\\/uploads\\\/sites\\\/2\\\/2022\\\/03\\\/AMPHETAMINE-POWDER.jpg\",\"contentUrl\":\"https:\\\/\\\/gooddealersmeds.com\\\/da\\\/wp-content\\\/uploads\\\/sites\\\/2\\\/2022\\\/03\\\/AMPHETAMINE-POWDER.jpg\",\"width\":480,\"height\":480,\"caption\":\"Buy Amphetamine Powder Online\"},{\"@type\":\"BreadcrumbList\",\"@id\":\"https:\\\/\\\/gooddealersmeds.com\\\/da\\\/product\\\/kob-amfetamin-pulver-online\\\/#breadcrumb\",\"itemListElement\":[{\"@type\":\"ListItem\",\"position\":1,\"name\":\"Home\",\"item\":\"https:\\\/\\\/gooddealersmeds.com\\\/da\\\/\"},{\"@type\":\"ListItem\",\"position\":2,\"name\":\"Produkter\",\"item\":\"https:\\\/\\\/gooddealersmeds.com\\\/da\\\/produkter\\\/\"},{\"@type\":\"ListItem\",\"position\":3,\"name\":\"K\u00f8b amfetaminpulver online\"}]},{\"@type\":\"WebSite\",\"@id\":\"https:\\\/\\\/gooddealersmeds.com\\\/da\\\/#website\",\"url\":\"https:\\\/\\\/gooddealersmeds.com\\\/da\\\/\",\"name\":\"Good Dealers Meds\",\"description\":\"All our best\",\"publisher\":{\"@id\":\"https:\\\/\\\/gooddealersmeds.com\\\/da\\\/#organization\"},\"potentialAction\":[{\"@type\":\"SearchAction\",\"target\":{\"@type\":\"EntryPoint\",\"urlTemplate\":\"https:\\\/\\\/gooddealersmeds.com\\\/da\\\/?s={search_term_string}\"},\"query-input\":{\"@type\":\"PropertyValueSpecification\",\"valueRequired\":true,\"valueName\":\"search_term_string\"}}],\"inLanguage\":\"en-US\"},{\"@type\":\"Organization\",\"@id\":\"https:\\\/\\\/gooddealersmeds.com\\\/da\\\/#organization\",\"name\":\"Good Dealers Meds\",\"url\":\"https:\\\/\\\/gooddealersmeds.com\\\/da\\\/\",\"logo\":{\"@type\":\"ImageObject\",\"inLanguage\":\"en-US\",\"@id\":\"https:\\\/\\\/gooddealersmeds.com\\\/da\\\/#\\\/schema\\\/logo\\\/image\\\/\",\"url\":\"https:\\\/\\\/gooddealersmeds.com\\\/da\\\/wp-content\\\/uploads\\\/sites\\\/2\\\/2022\\\/03\\\/gooddealersmeds__logo__20220317T222800Z.00.png\",\"contentUrl\":\"https:\\\/\\\/gooddealersmeds.com\\\/da\\\/wp-content\\\/uploads\\\/sites\\\/2\\\/2022\\\/03\\\/gooddealersmeds__logo__20220317T222800Z.00.png\",\"width\":500,\"height\":325,\"caption\":\"Good Dealers Meds\"},\"image\":{\"@id\":\"https:\\\/\\\/gooddealersmeds.com\\\/da\\\/#\\\/schema\\\/logo\\\/image\\\/\"}}]}<\/script>\n<!-- \/ Yoast SEO Premium plugin. -->","yoast_head_json":{"title":"K\u00f8b amfetaminpulver online | Bestil amfetamin | Good Dealers Meds","description":"K\u00f8b amfetaminpulver online fra en betroet leverand\u00f8r og f\u00e5 den bedste kvalitet. Vi giver dig den bedste forsendelsesoplevelse.","robots":{"index":"index","follow":"follow","max-snippet":"max-snippet:-1","max-image-preview":"max-image-preview:large","max-video-preview":"max-video-preview:-1"},"canonical":"https:\/\/gooddealersmeds.com\/da\/product\/kob-amfetamin-pulver-online\/","og_locale":"en_US","og_type":"article","og_title":"K\u00f8b amfetaminpulver online","og_description":"K\u00f8b amfetaminpulver online fra en betroet leverand\u00f8r og f\u00e5 den bedste kvalitet. Vi giver dig den bedste forsendelsesoplevelse.","og_url":"https:\/\/gooddealersmeds.com\/da\/product\/kob-amfetamin-pulver-online\/","og_site_name":"Good Dealers Meds","article_modified_time":"2023-01-18T20:30:46+00:00","og_image":[{"width":480,"height":480,"url":"https:\/\/gooddealersmeds.com\/da\/wp-content\/uploads\/sites\/2\/2022\/03\/AMPHETAMINE-POWDER.jpg","type":"image\/jpeg"}],"twitter_card":"summary_large_image","twitter_misc":{"Est. reading time":"2 minutes"},"schema":{"@context":"https:\/\/schema.org","@graph":[{"@type":"WebPage","@id":"https:\/\/gooddealersmeds.com\/da\/product\/kob-amfetamin-pulver-online\/","url":"https:\/\/gooddealersmeds.com\/da\/product\/kob-amfetamin-pulver-online\/","name":"K\u00f8b amfetaminpulver online | Bestil amfetamin | Good Dealers Meds","isPartOf":{"@id":"https:\/\/gooddealersmeds.com\/da\/#website"},"primaryImageOfPage":{"@id":"https:\/\/gooddealersmeds.com\/da\/product\/kob-amfetamin-pulver-online\/#primaryimage"},"image":{"@id":"https:\/\/gooddealersmeds.com\/da\/product\/kob-amfetamin-pulver-online\/#primaryimage"},"thumbnailUrl":"https:\/\/gooddealersmeds.com\/da\/wp-content\/uploads\/sites\/2\/2022\/03\/AMPHETAMINE-POWDER.jpg","datePublished":"2022-03-18T01:19:50+00:00","dateModified":"2023-01-18T20:30:46+00:00","description":"K\u00f8b amfetaminpulver online fra en betroet leverand\u00f8r og f\u00e5 den bedste kvalitet. Vi giver dig den bedste forsendelsesoplevelse.","breadcrumb":{"@id":"https:\/\/gooddealersmeds.com\/da\/product\/kob-amfetamin-pulver-online\/#breadcrumb"},"inLanguage":"en-US","potentialAction":[{"@type":"ReadAction","target":["https:\/\/gooddealersmeds.com\/da\/product\/kob-amfetamin-pulver-online\/"]}]},{"@type":"ImageObject","inLanguage":"en-US","@id":"https:\/\/gooddealersmeds.com\/da\/product\/kob-amfetamin-pulver-online\/#primaryimage","url":"https:\/\/gooddealersmeds.com\/da\/wp-content\/uploads\/sites\/2\/2022\/03\/AMPHETAMINE-POWDER.jpg","contentUrl":"https:\/\/gooddealersmeds.com\/da\/wp-content\/uploads\/sites\/2\/2022\/03\/AMPHETAMINE-POWDER.jpg","width":480,"height":480,"caption":"Buy Amphetamine Powder Online"},{"@type":"BreadcrumbList","@id":"https:\/\/gooddealersmeds.com\/da\/product\/kob-amfetamin-pulver-online\/#breadcrumb","itemListElement":[{"@type":"ListItem","position":1,"name":"Home","item":"https:\/\/gooddealersmeds.com\/da\/"},{"@type":"ListItem","position":2,"name":"Produkter","item":"https:\/\/gooddealersmeds.com\/da\/produkter\/"},{"@type":"ListItem","position":3,"name":"K\u00f8b amfetaminpulver online"}]},{"@type":"WebSite","@id":"https:\/\/gooddealersmeds.com\/da\/#website","url":"https:\/\/gooddealersmeds.com\/da\/","name":"Good Dealers Meds","description":"All our best","publisher":{"@id":"https:\/\/gooddealersmeds.com\/da\/#organization"},"potentialAction":[{"@type":"SearchAction","target":{"@type":"EntryPoint","urlTemplate":"https:\/\/gooddealersmeds.com\/da\/?s={search_term_string}"},"query-input":{"@type":"PropertyValueSpecification","valueRequired":true,"valueName":"search_term_string"}}],"inLanguage":"en-US"},{"@type":"Organization","@id":"https:\/\/gooddealersmeds.com\/da\/#organization","name":"Good Dealers Meds","url":"https:\/\/gooddealersmeds.com\/da\/","logo":{"@type":"ImageObject","inLanguage":"en-US","@id":"https:\/\/gooddealersmeds.com\/da\/#\/schema\/logo\/image\/","url":"https:\/\/gooddealersmeds.com\/da\/wp-content\/uploads\/sites\/2\/2022\/03\/gooddealersmeds__logo__20220317T222800Z.00.png","contentUrl":"https:\/\/gooddealersmeds.com\/da\/wp-content\/uploads\/sites\/2\/2022\/03\/gooddealersmeds__logo__20220317T222800Z.00.png","width":500,"height":325,"caption":"Good Dealers Meds"},"image":{"@id":"https:\/\/gooddealersmeds.com\/da\/#\/schema\/logo\/image\/"}}]}},"_links":{"self":[{"href":"https:\/\/gooddealersmeds.com\/da\/wp-json\/wp\/v2\/product\/1563","targetHints":{"allow":["GET"]}}],"collection":[{"href":"https:\/\/gooddealersmeds.com\/da\/wp-json\/wp\/v2\/product"}],"about":[{"href":"https:\/\/gooddealersmeds.com\/da\/wp-json\/wp\/v2\/types\/product"}],"replies":[{"embeddable":true,"href":"https:\/\/gooddealersmeds.com\/da\/wp-json\/wp\/v2\/comments?post=1563"}],"wp:featuredmedia":[{"embeddable":true,"href":"https:\/\/gooddealersmeds.com\/da\/wp-json\/wp\/v2\/media\/1571"}],"wp:attachment":[{"href":"https:\/\/gooddealersmeds.com\/da\/wp-json\/wp\/v2\/media?parent=1563"}],"wp:term":[{"taxonomy":"product_brand","embeddable":true,"href":"https:\/\/gooddealersmeds.com\/da\/wp-json\/wp\/v2\/product_brand?post=1563"},{"taxonomy":"product_cat","embeddable":true,"href":"https:\/\/gooddealersmeds.com\/da\/wp-json\/wp\/v2\/product_cat?post=1563"},{"taxonomy":"product_tag","embeddable":true,"href":"https:\/\/gooddealersmeds.com\/da\/wp-json\/wp\/v2\/product_tag?post=1563"}],"curies":[{"name":"wp","href":"https:\/\/api.w.org\/{rel}","templated":true}]}}