{"id":1554,"date":"2022-03-18T00:49:43","date_gmt":"2022-03-18T00:49:43","guid":{"rendered":"https:\/\/gooddealersmeds.com\/da\/?post_type=product&#038;p=1554"},"modified":"2023-01-18T20:31:53","modified_gmt":"2023-01-18T20:31:53","slug":"efedrin-hcl","status":"publish","type":"product","link":"https:\/\/gooddealersmeds.com\/da\/product\/efedrin-hcl\/","title":{"rendered":"K\u00f8b efedrin HCL online"},"content":{"rendered":"<h2>K\u00f8b efedrin online uden recept med til en overkommelig pris<\/h2>\n<p>Ephedrin er en medicin og et stimulerende middel. Det bruges ofte til at forhindre lavt blodtryk under spinal an\u00e6stesi. Det er ogs\u00e5 blevet brugt til <a href=\"https:\/\/www.cdc.gov\/asthma\/faqs.htm\" target=\"_blank\"><span style=\"color: #333333\">astma<\/span><\/a>, narkolepsi og fedme, men er ikke den foretrukne behandling. Det er til uklar fordel ved tilstoppet n\u00e6se. Det kan tages gennem munden eller ved injektion i en muskel, vene eller lige under huden. k\u00f8b dette produkt hos os, begynder med intraven\u00f8s brug er hurtigt, mens injektion i en muskel kan tage 20 minutter, og gennem munden kan tage en time for effekt. N\u00e5r det gives som injektion, varer det omkring en time, og n\u00e5r det tages gennem munden, kan det vare op til fire timer. <a href=\"https:\/\/gooddealersmeds.com\/da\/product\/ephedrine-hcl\/\">efedrin til salg<\/a> online fra <span style=\"color: #333333\"><a style=\"color: #333333\" href=\"https:\/\/gooddealersmeds.com\/da\/\" target=\"_blank\">Good Dealers Meds<\/a><\/span>.<\/p>\n<p>Selv om det sandsynligvis er sikkert under graviditet, er dets brug i denne population er d\u00e5rligt unders\u00f8gt. Brug under amning anbefales ikke. Efedrin virker ved at \u00f8ge aktiviteten af \u200b\u200bde \u03b1- og \u03b2-adrenerge receptorer.<\/p>\n<p>Ephedrin bruges til midlertidig lindring af \u00e5nden\u00f8d, trykken for brystet og hv\u00e6sende vejrtr\u00e6kning p\u00e5 grund af bronkial astma. Efedrin kan ogs\u00e5 bruges til andre tilstande, som bestemmes af din l\u00e6ge.<\/p>\n<p>Ephedrin er et dekongestativt middel og bronkodilatator. Det virker ved at reducere h\u00e6velse og sammentr\u00e6kning af blodkar i n\u00e6sepassagerne og udvide lungeluftvejene, s\u00e5 du lettere kan tr\u00e6kke vejret.<\/p>\n<p>Med erfaring og den \u00e6gte karakter af vores medicin har vi hjulpet en masse patienter at opn\u00e5 et godt helbred. Vores effektive team af farmaceuter og teknikere str\u00e6ber efter at yde hurtig og venlig service. Kvalitet og n\u00f8jagtighed er v\u00e6rdier, vi n\u00e6gter at g\u00e5 p\u00e5 kompromis med. k\u00f8b efedrin online<\/p>\n","protected":false},"excerpt":{"rendered":"<p>Ephedrin bruges til midlertidig lindring af \u00e5nden\u00f8d, trykken for brystet og hv\u00e6sende vejrtr\u00e6kning p\u00e5 grund af bronkial astma.<\/p>\n","protected":false},"featured_media":1562,"comment_status":"open","ping_status":"closed","template":"","meta":{"inline_featured_image":false},"product_brand":[],"product_cat":[346],"product_tag":[],"class_list":{"0":"post-1554","1":"product","2":"type-product","3":"status-publish","4":"has-post-thumbnail","6":"product_cat-stimulanser","7":"pa_pills-100-pills","8":"pa_pills-1000-pills","9":"pa_pills-30-pills","10":"pa_pills-300-pills","11":"pa_pills-50-pills","12":"pa_pills-500-pills","14":"first","15":"instock","16":"featured","17":"shipping-taxable","18":"purchasable","19":"product-type-variable","20":"has-default-attributes"},"yoast_head":"<!-- This site is optimized with the Yoast SEO Premium plugin v20.6 (Yoast SEO v27.4) - https:\/\/yoast.com\/product\/yoast-seo-premium-wordpress\/ -->\n<title>K\u00f8b efedrin online uden recept | Bestil efedrin online | Good Dealers Meds<\/title>\n<meta name=\"description\" content=\"K\u00f8b efedrin online i bedste kvalitet fra gode forhandlere Medicin, der bruges til midlertidig lindring af \u00e5nden\u00f8d, trykken for brystet og hv\u00e6sen.\" \/>\n<meta name=\"robots\" content=\"index, follow, max-snippet:-1, max-image-preview:large, max-video-preview:-1\" \/>\n<link rel=\"canonical\" href=\"https:\/\/gooddealersmeds.com\/da\/product\/efedrin-hcl\/\" \/>\n<meta property=\"og:locale\" content=\"en_US\" \/>\n<meta property=\"og:type\" content=\"article\" \/>\n<meta property=\"og:title\" content=\"K\u00f8b efedrin HCL online\" \/>\n<meta property=\"og:description\" content=\"K\u00f8b efedrin online i bedste kvalitet fra gode forhandlere Medicin, der bruges til midlertidig lindring af \u00e5nden\u00f8d, trykken for brystet og hv\u00e6sen.\" \/>\n<meta property=\"og:url\" content=\"https:\/\/gooddealersmeds.com\/da\/product\/efedrin-hcl\/\" \/>\n<meta property=\"og:site_name\" content=\"Good Dealers Meds\" \/>\n<meta property=\"article:modified_time\" content=\"2023-01-18T20:31:53+00:00\" \/>\n<meta property=\"og:image\" content=\"https:\/\/gooddealersmeds.com\/da\/wp-content\/uploads\/sites\/2\/2022\/03\/buy-ephedrine-online.jpg\" \/>\n\t<meta property=\"og:image:width\" content=\"900\" \/>\n\t<meta property=\"og:image:height\" content=\"800\" \/>\n\t<meta property=\"og:image:type\" content=\"image\/jpeg\" \/>\n<meta name=\"twitter:card\" content=\"summary_large_image\" \/>\n<meta name=\"twitter:label1\" content=\"Est. reading time\" \/>\n\t<meta name=\"twitter:data1\" content=\"1 minute\" \/>\n<script type=\"application\/ld+json\" class=\"yoast-schema-graph\">{\"@context\":\"https:\\\/\\\/schema.org\",\"@graph\":[{\"@type\":\"WebPage\",\"@id\":\"https:\\\/\\\/gooddealersmeds.com\\\/da\\\/product\\\/efedrin-hcl\\\/\",\"url\":\"https:\\\/\\\/gooddealersmeds.com\\\/da\\\/product\\\/efedrin-hcl\\\/\",\"name\":\"K\u00f8b efedrin online uden recept | Bestil efedrin online | Good Dealers Meds\",\"isPartOf\":{\"@id\":\"https:\\\/\\\/gooddealersmeds.com\\\/da\\\/#website\"},\"primaryImageOfPage\":{\"@id\":\"https:\\\/\\\/gooddealersmeds.com\\\/da\\\/product\\\/efedrin-hcl\\\/#primaryimage\"},\"image\":{\"@id\":\"https:\\\/\\\/gooddealersmeds.com\\\/da\\\/product\\\/efedrin-hcl\\\/#primaryimage\"},\"thumbnailUrl\":\"https:\\\/\\\/gooddealersmeds.com\\\/da\\\/wp-content\\\/uploads\\\/sites\\\/2\\\/2022\\\/03\\\/buy-ephedrine-online.jpg\",\"datePublished\":\"2022-03-18T00:49:43+00:00\",\"dateModified\":\"2023-01-18T20:31:53+00:00\",\"description\":\"K\u00f8b efedrin online i bedste kvalitet fra gode forhandlere Medicin, der bruges til midlertidig lindring af \u00e5nden\u00f8d, trykken for brystet og hv\u00e6sen.\",\"breadcrumb\":{\"@id\":\"https:\\\/\\\/gooddealersmeds.com\\\/da\\\/product\\\/efedrin-hcl\\\/#breadcrumb\"},\"inLanguage\":\"en-US\",\"potentialAction\":[{\"@type\":\"ReadAction\",\"target\":[\"https:\\\/\\\/gooddealersmeds.com\\\/da\\\/product\\\/efedrin-hcl\\\/\"]}]},{\"@type\":\"ImageObject\",\"inLanguage\":\"en-US\",\"@id\":\"https:\\\/\\\/gooddealersmeds.com\\\/da\\\/product\\\/efedrin-hcl\\\/#primaryimage\",\"url\":\"https:\\\/\\\/gooddealersmeds.com\\\/da\\\/wp-content\\\/uploads\\\/sites\\\/2\\\/2022\\\/03\\\/buy-ephedrine-online.jpg\",\"contentUrl\":\"https:\\\/\\\/gooddealersmeds.com\\\/da\\\/wp-content\\\/uploads\\\/sites\\\/2\\\/2022\\\/03\\\/buy-ephedrine-online.jpg\",\"width\":900,\"height\":800,\"caption\":\"Buy Ephedrine Online\"},{\"@type\":\"BreadcrumbList\",\"@id\":\"https:\\\/\\\/gooddealersmeds.com\\\/da\\\/product\\\/efedrin-hcl\\\/#breadcrumb\",\"itemListElement\":[{\"@type\":\"ListItem\",\"position\":1,\"name\":\"Home\",\"item\":\"https:\\\/\\\/gooddealersmeds.com\\\/da\\\/\"},{\"@type\":\"ListItem\",\"position\":2,\"name\":\"Produkter\",\"item\":\"https:\\\/\\\/gooddealersmeds.com\\\/da\\\/produkter\\\/\"},{\"@type\":\"ListItem\",\"position\":3,\"name\":\"K\u00f8b efedrin HCL online\"}]},{\"@type\":\"WebSite\",\"@id\":\"https:\\\/\\\/gooddealersmeds.com\\\/da\\\/#website\",\"url\":\"https:\\\/\\\/gooddealersmeds.com\\\/da\\\/\",\"name\":\"Good Dealers Meds\",\"description\":\"All our best\",\"publisher\":{\"@id\":\"https:\\\/\\\/gooddealersmeds.com\\\/da\\\/#organization\"},\"potentialAction\":[{\"@type\":\"SearchAction\",\"target\":{\"@type\":\"EntryPoint\",\"urlTemplate\":\"https:\\\/\\\/gooddealersmeds.com\\\/da\\\/?s={search_term_string}\"},\"query-input\":{\"@type\":\"PropertyValueSpecification\",\"valueRequired\":true,\"valueName\":\"search_term_string\"}}],\"inLanguage\":\"en-US\"},{\"@type\":\"Organization\",\"@id\":\"https:\\\/\\\/gooddealersmeds.com\\\/da\\\/#organization\",\"name\":\"Good Dealers Meds\",\"url\":\"https:\\\/\\\/gooddealersmeds.com\\\/da\\\/\",\"logo\":{\"@type\":\"ImageObject\",\"inLanguage\":\"en-US\",\"@id\":\"https:\\\/\\\/gooddealersmeds.com\\\/da\\\/#\\\/schema\\\/logo\\\/image\\\/\",\"url\":\"https:\\\/\\\/gooddealersmeds.com\\\/da\\\/wp-content\\\/uploads\\\/sites\\\/2\\\/2022\\\/03\\\/gooddealersmeds__logo__20220317T222800Z.00.png\",\"contentUrl\":\"https:\\\/\\\/gooddealersmeds.com\\\/da\\\/wp-content\\\/uploads\\\/sites\\\/2\\\/2022\\\/03\\\/gooddealersmeds__logo__20220317T222800Z.00.png\",\"width\":500,\"height\":325,\"caption\":\"Good Dealers Meds\"},\"image\":{\"@id\":\"https:\\\/\\\/gooddealersmeds.com\\\/da\\\/#\\\/schema\\\/logo\\\/image\\\/\"}}]}<\/script>\n<!-- \/ Yoast SEO Premium plugin. -->","yoast_head_json":{"title":"K\u00f8b efedrin online uden recept | Bestil efedrin online | Good Dealers Meds","description":"K\u00f8b efedrin online i bedste kvalitet fra gode forhandlere Medicin, der bruges til midlertidig lindring af \u00e5nden\u00f8d, trykken for brystet og hv\u00e6sen.","robots":{"index":"index","follow":"follow","max-snippet":"max-snippet:-1","max-image-preview":"max-image-preview:large","max-video-preview":"max-video-preview:-1"},"canonical":"https:\/\/gooddealersmeds.com\/da\/product\/efedrin-hcl\/","og_locale":"en_US","og_type":"article","og_title":"K\u00f8b efedrin HCL online","og_description":"K\u00f8b efedrin online i bedste kvalitet fra gode forhandlere Medicin, der bruges til midlertidig lindring af \u00e5nden\u00f8d, trykken for brystet og hv\u00e6sen.","og_url":"https:\/\/gooddealersmeds.com\/da\/product\/efedrin-hcl\/","og_site_name":"Good Dealers Meds","article_modified_time":"2023-01-18T20:31:53+00:00","og_image":[{"width":900,"height":800,"url":"https:\/\/gooddealersmeds.com\/da\/wp-content\/uploads\/sites\/2\/2022\/03\/buy-ephedrine-online.jpg","type":"image\/jpeg"}],"twitter_card":"summary_large_image","twitter_misc":{"Est. reading time":"1 minute"},"schema":{"@context":"https:\/\/schema.org","@graph":[{"@type":"WebPage","@id":"https:\/\/gooddealersmeds.com\/da\/product\/efedrin-hcl\/","url":"https:\/\/gooddealersmeds.com\/da\/product\/efedrin-hcl\/","name":"K\u00f8b efedrin online uden recept | Bestil efedrin online | Good Dealers Meds","isPartOf":{"@id":"https:\/\/gooddealersmeds.com\/da\/#website"},"primaryImageOfPage":{"@id":"https:\/\/gooddealersmeds.com\/da\/product\/efedrin-hcl\/#primaryimage"},"image":{"@id":"https:\/\/gooddealersmeds.com\/da\/product\/efedrin-hcl\/#primaryimage"},"thumbnailUrl":"https:\/\/gooddealersmeds.com\/da\/wp-content\/uploads\/sites\/2\/2022\/03\/buy-ephedrine-online.jpg","datePublished":"2022-03-18T00:49:43+00:00","dateModified":"2023-01-18T20:31:53+00:00","description":"K\u00f8b efedrin online i bedste kvalitet fra gode forhandlere Medicin, der bruges til midlertidig lindring af \u00e5nden\u00f8d, trykken for brystet og hv\u00e6sen.","breadcrumb":{"@id":"https:\/\/gooddealersmeds.com\/da\/product\/efedrin-hcl\/#breadcrumb"},"inLanguage":"en-US","potentialAction":[{"@type":"ReadAction","target":["https:\/\/gooddealersmeds.com\/da\/product\/efedrin-hcl\/"]}]},{"@type":"ImageObject","inLanguage":"en-US","@id":"https:\/\/gooddealersmeds.com\/da\/product\/efedrin-hcl\/#primaryimage","url":"https:\/\/gooddealersmeds.com\/da\/wp-content\/uploads\/sites\/2\/2022\/03\/buy-ephedrine-online.jpg","contentUrl":"https:\/\/gooddealersmeds.com\/da\/wp-content\/uploads\/sites\/2\/2022\/03\/buy-ephedrine-online.jpg","width":900,"height":800,"caption":"Buy Ephedrine Online"},{"@type":"BreadcrumbList","@id":"https:\/\/gooddealersmeds.com\/da\/product\/efedrin-hcl\/#breadcrumb","itemListElement":[{"@type":"ListItem","position":1,"name":"Home","item":"https:\/\/gooddealersmeds.com\/da\/"},{"@type":"ListItem","position":2,"name":"Produkter","item":"https:\/\/gooddealersmeds.com\/da\/produkter\/"},{"@type":"ListItem","position":3,"name":"K\u00f8b efedrin HCL online"}]},{"@type":"WebSite","@id":"https:\/\/gooddealersmeds.com\/da\/#website","url":"https:\/\/gooddealersmeds.com\/da\/","name":"Good Dealers Meds","description":"All our best","publisher":{"@id":"https:\/\/gooddealersmeds.com\/da\/#organization"},"potentialAction":[{"@type":"SearchAction","target":{"@type":"EntryPoint","urlTemplate":"https:\/\/gooddealersmeds.com\/da\/?s={search_term_string}"},"query-input":{"@type":"PropertyValueSpecification","valueRequired":true,"valueName":"search_term_string"}}],"inLanguage":"en-US"},{"@type":"Organization","@id":"https:\/\/gooddealersmeds.com\/da\/#organization","name":"Good Dealers Meds","url":"https:\/\/gooddealersmeds.com\/da\/","logo":{"@type":"ImageObject","inLanguage":"en-US","@id":"https:\/\/gooddealersmeds.com\/da\/#\/schema\/logo\/image\/","url":"https:\/\/gooddealersmeds.com\/da\/wp-content\/uploads\/sites\/2\/2022\/03\/gooddealersmeds__logo__20220317T222800Z.00.png","contentUrl":"https:\/\/gooddealersmeds.com\/da\/wp-content\/uploads\/sites\/2\/2022\/03\/gooddealersmeds__logo__20220317T222800Z.00.png","width":500,"height":325,"caption":"Good Dealers Meds"},"image":{"@id":"https:\/\/gooddealersmeds.com\/da\/#\/schema\/logo\/image\/"}}]}},"_links":{"self":[{"href":"https:\/\/gooddealersmeds.com\/da\/wp-json\/wp\/v2\/product\/1554","targetHints":{"allow":["GET"]}}],"collection":[{"href":"https:\/\/gooddealersmeds.com\/da\/wp-json\/wp\/v2\/product"}],"about":[{"href":"https:\/\/gooddealersmeds.com\/da\/wp-json\/wp\/v2\/types\/product"}],"replies":[{"embeddable":true,"href":"https:\/\/gooddealersmeds.com\/da\/wp-json\/wp\/v2\/comments?post=1554"}],"wp:featuredmedia":[{"embeddable":true,"href":"https:\/\/gooddealersmeds.com\/da\/wp-json\/wp\/v2\/media\/1562"}],"wp:attachment":[{"href":"https:\/\/gooddealersmeds.com\/da\/wp-json\/wp\/v2\/media?parent=1554"}],"wp:term":[{"taxonomy":"product_brand","embeddable":true,"href":"https:\/\/gooddealersmeds.com\/da\/wp-json\/wp\/v2\/product_brand?post=1554"},{"taxonomy":"product_cat","embeddable":true,"href":"https:\/\/gooddealersmeds.com\/da\/wp-json\/wp\/v2\/product_cat?post=1554"},{"taxonomy":"product_tag","embeddable":true,"href":"https:\/\/gooddealersmeds.com\/da\/wp-json\/wp\/v2\/product_tag?post=1554"}],"curies":[{"name":"wp","href":"https:\/\/api.w.org\/{rel}","templated":true}]}}