{"id":1544,"date":"2022-03-18T00:24:33","date_gmt":"2022-03-18T00:24:33","guid":{"rendered":"https:\/\/gooddealersmeds.com\/da\/?post_type=product&#038;p=1544"},"modified":"2023-01-18T20:34:54","modified_gmt":"2023-01-18T20:34:54","slug":"oxycontin","status":"publish","type":"product","link":"https:\/\/gooddealersmeds.com\/da\/product\/oxycontin\/","title":{"rendered":"Oxycontin til salg"},"content":{"rendered":"<h2>Oxycontin til salg online<\/h2>\n<p class=\"p1\">K\u00f8b Oxycontin online, Denne medicin bruges til at hj\u00e6lpe med at lindre alvorlige vedvarende smerter (f.eks. som p\u00e5 grund af kr\u00e6ft). Oxycodon tilh\u00f8rer en klasse af l\u00e6gemidler kendt som opioidanalgetika. Det arbejder i hjernen for at \u00e6ndre, hvordan din krop f\u00f8les og reagerer p\u00e5 smerte. <a href=\"https:\/\/gooddealersmeds.com\/da\/product\/oxycontin\/\">K\u00f8b Oxycontin<\/a> online, k\u00f8b oxy online uden recept<\/p>\n<p class=\"p1\">De h\u00f8jere styrker af dette l\u00e6gemiddel (mere end 40 milligram pr. tablet) b\u00f8r kun bruges, hvis du regelm\u00e6ssigt har taget moderate til store m\u00e6ngder opioid smertestillende medicin. Disse styrker kan for\u00e5rsage overdosis (selv d\u00f8d), hvis de tages af en person, der ikke regelm\u00e6ssigt har taget opioider.<\/p>\n<p class=\"p1\">Brug ikke oxycodon-formen med forl\u00e6nget frigivelse til at lindre smerte, der er mild. eller det vil forsvinde om et par dage. Denne medicin er ikke til lejlighedsvis (\u201cefter behov\u201d) brug.<\/p>\n<p class=\"p1\">Denne medicin bruges til at lindre alvorlige vedvarende smerter (s\u00e5som p\u00e5 grund af kr\u00e6ft). Oxycodon tilh\u00f8rer en klasse af l\u00e6gemidler kendt som opioidanalgetika. Det virker i hjernen for at \u00e6ndre, hvordan din krop f\u00f8les og reagerer p\u00e5 smerte.<\/p>\n<p class=\"p1\">Brug ikke oxycodon-formen med forl\u00e6nget frigivelse til at lindre smerter, der er milde, eller som vil forsvinde i et par dage. Denne medicin er ikke til lejlighedsvis (\u201cefter behov\u201d) brug.<\/p>\n<h3 class=\"p1\">Misbrug, misbrug og afledning af opioider<\/h3>\n<p class=\" p1\">Oxycodon er en opioidagonist af morfin-typen. S\u00e5danne stoffer s\u00f8ges af stofmisbrugere og personer med afh\u00e6ngighedsforstyrrelser og er genstand for kriminel omledning. <span style=\"color: #000000\"><a style=\"color: #000000\" href=\"https:\/\/gooddealersmeds.com\/da\/products\/\">Oxycodon<\/a><\/span> kan misbruges p\u00e5 en m\u00e5de, der ligner andre opioidagonister, lovlige eller ulovlige. Dette b\u00f8r overvejes, n\u00e5r OxyContin ordineres eller udleveres i situationer, hvor l\u00e6gen eller apoteket er bekymret over en \u00f8get risiko for misbrug, misbrug eller omdirigering. OxyContin er blevet rapporteret som misbrugt ved at knuse, tygge, pruste eller injicere det opl\u00f8ste produkt.<\/p>\n<h3 class=\"p1\">FORHOLDSREGLER<\/h3>\n<p class=\"p1 \">Opioidanalgetika har et sn\u00e6vert terapeutisk indeks i visse patientpopulationer, is\u00e6r n\u00e5r de kombineres med CNS-depressive l\u00e6gemidler, og b\u00f8r forbeholdes tilf\u00e6lde, hvor fordelene ved opioidanalgesi opvejer de kendte risici for respirationsdepression, \u00e6ndret mental tilstand og postural hypotension. Brug af Oxycontin er forbundet med \u00f8gede potentielle risici og b\u00f8r kun anvendes med forsigtighed under f\u00f8lgende tilstande: akut alkoholisme; binyrebarkinsufficiens (f.eks. Addisons sygdom); CNS-depression eller koma; delirium tremens; sv\u00e6kkede patienter; kyphoscoliosis forbundet med respiratorisk depression; myxedema eller hypothyroidisme; prostatahypertrofi eller urethral striktur; alvorlig sv\u00e6kkelse af lever-, lunge- eller nyrefunktion; og toksisk psykose. Administration af oxycodon kan sl\u00f8re diagnosen eller det kliniske forl\u00f8b hos patienter med akut <span style=\"color: #333333\"><a style=\"color: #333333\" href=\"https:\/\/www.mountsinai.org\/health -library\/symptoms\/abdominal-pain\">abdominale tilstande<\/a><\/span>. Oxycodon kan forv\u00e6rre kramper hos patienter med konvulsive lidelser, og alle opioider kan fremkalde eller forv\u00e6rre anfald i nogle kliniske omgivelser.<\/p>\n","protected":false},"excerpt":{"rendered":"<p>Oxycontin 40mg er et smertestillende middel. Det bruges til at behandle konstante smerter, der varer i mere end et par dage. Det bruges af personer, der har taget en opioid eller narkotisk smertestillende medicin<\/p>\n","protected":false},"featured_media":1553,"comment_status":"open","ping_status":"closed","template":"","meta":{"inline_featured_image":false},"product_brand":[],"product_cat":[347],"product_tag":[85,87,88,89,86,91,92,90],"class_list":{"0":"post-1544","1":"product","2":"type-product","3":"status-publish","4":"has-post-thumbnail","6":"product_cat-opioid-smertestillende-middel","7":"product_tag-buy-legal-oxycontin-online","8":"product_tag-buy-oxycontin-online-no-prescription","9":"product_tag-buy-oxycontin-online-pharmacy","10":"product_tag-buy-oxycontin-online-uk","11":"product_tag-kb-online-oxycontin","12":"product_tag-oxycontin-piller-til-salg","13":"product_tag-oxycontin-tabletter-til-salg","14":"product_tag-oxycontin-til-salg-australien","15":"pa_pills-100-pills","16":"pa_pills-1000-pills","17":"pa_pills-30-pills","18":"pa_pills-300-pills","19":"pa_pills-50-pills","20":"pa_pills-500-pills","22":"first","23":"instock","24":"featured","25":"shipping-taxable","26":"purchasable","27":"product-type-variable","28":"has-default-attributes"},"yoast_head":"<!-- This site is optimized with the Yoast SEO Premium plugin v20.6 (Yoast SEO v27.3) - https:\/\/yoast.com\/product\/yoast-seo-premium-wordpress\/ -->\n<title>K\u00f8b Oxycontin Online | K\u00f8b Oxy online uden recept | Good Dealers Meds<\/title>\n<meta name=\"description\" content=\"Oxycontin bruges til at lindre sv\u00e6r smerte. Det p\u00e5virker hjernen til at g\u00f8re det muligt for kroppen at modst\u00e5 smerte. k\u00f8b Oxycontin online, k\u00f8b oxy online.\" \/>\n<meta name=\"robots\" content=\"index, follow, max-snippet:-1, max-image-preview:large, max-video-preview:-1\" \/>\n<link rel=\"canonical\" href=\"https:\/\/gooddealersmeds.com\/da\/product\/oxycontin\/\" \/>\n<meta property=\"og:locale\" content=\"en_US\" \/>\n<meta property=\"og:type\" content=\"article\" \/>\n<meta property=\"og:title\" content=\"Oxycontin til salg\" \/>\n<meta property=\"og:description\" content=\"Oxycontin bruges til at lindre sv\u00e6r smerte. Det p\u00e5virker hjernen til at g\u00f8re det muligt for kroppen at modst\u00e5 smerte. k\u00f8b Oxycontin online, k\u00f8b oxy online.\" \/>\n<meta property=\"og:url\" content=\"https:\/\/gooddealersmeds.com\/da\/product\/oxycontin\/\" \/>\n<meta property=\"og:site_name\" content=\"Good Dealers Meds\" \/>\n<meta property=\"article:modified_time\" content=\"2023-01-18T20:34:54+00:00\" \/>\n<meta property=\"og:image\" content=\"https:\/\/gooddealersmeds.com\/da\/wp-content\/uploads\/sites\/2\/2022\/03\/Buy-Oxycontin-online-one.jpg\" \/>\n\t<meta property=\"og:image:width\" content=\"600\" \/>\n\t<meta property=\"og:image:height\" content=\"450\" \/>\n\t<meta property=\"og:image:type\" content=\"image\/jpeg\" \/>\n<meta name=\"twitter:card\" content=\"summary_large_image\" \/>\n<meta name=\"twitter:label1\" content=\"Est. reading time\" \/>\n\t<meta name=\"twitter:data1\" content=\"2 minutes\" \/>\n<script type=\"application\/ld+json\" class=\"yoast-schema-graph\">{\"@context\":\"https:\\\/\\\/schema.org\",\"@graph\":[{\"@type\":\"WebPage\",\"@id\":\"https:\\\/\\\/gooddealersmeds.com\\\/da\\\/product\\\/oxycontin\\\/\",\"url\":\"https:\\\/\\\/gooddealersmeds.com\\\/da\\\/product\\\/oxycontin\\\/\",\"name\":\"K\u00f8b Oxycontin Online | K\u00f8b Oxy online uden recept | Good Dealers Meds\",\"isPartOf\":{\"@id\":\"https:\\\/\\\/gooddealersmeds.com\\\/da\\\/#website\"},\"primaryImageOfPage\":{\"@id\":\"https:\\\/\\\/gooddealersmeds.com\\\/da\\\/product\\\/oxycontin\\\/#primaryimage\"},\"image\":{\"@id\":\"https:\\\/\\\/gooddealersmeds.com\\\/da\\\/product\\\/oxycontin\\\/#primaryimage\"},\"thumbnailUrl\":\"https:\\\/\\\/gooddealersmeds.com\\\/da\\\/wp-content\\\/uploads\\\/sites\\\/2\\\/2022\\\/03\\\/Buy-Oxycontin-online-one.jpg\",\"datePublished\":\"2022-03-18T00:24:33+00:00\",\"dateModified\":\"2023-01-18T20:34:54+00:00\",\"description\":\"Oxycontin bruges til at lindre sv\u00e6r smerte. Det p\u00e5virker hjernen til at g\u00f8re det muligt for kroppen at modst\u00e5 smerte. k\u00f8b Oxycontin online, k\u00f8b oxy online.\",\"breadcrumb\":{\"@id\":\"https:\\\/\\\/gooddealersmeds.com\\\/da\\\/product\\\/oxycontin\\\/#breadcrumb\"},\"inLanguage\":\"en-US\",\"potentialAction\":[{\"@type\":\"ReadAction\",\"target\":[\"https:\\\/\\\/gooddealersmeds.com\\\/da\\\/product\\\/oxycontin\\\/\"]}]},{\"@type\":\"ImageObject\",\"inLanguage\":\"en-US\",\"@id\":\"https:\\\/\\\/gooddealersmeds.com\\\/da\\\/product\\\/oxycontin\\\/#primaryimage\",\"url\":\"https:\\\/\\\/gooddealersmeds.com\\\/da\\\/wp-content\\\/uploads\\\/sites\\\/2\\\/2022\\\/03\\\/Buy-Oxycontin-online-one.jpg\",\"contentUrl\":\"https:\\\/\\\/gooddealersmeds.com\\\/da\\\/wp-content\\\/uploads\\\/sites\\\/2\\\/2022\\\/03\\\/Buy-Oxycontin-online-one.jpg\",\"width\":600,\"height\":450,\"caption\":\"Buy Oxycontin Online\"},{\"@type\":\"BreadcrumbList\",\"@id\":\"https:\\\/\\\/gooddealersmeds.com\\\/da\\\/product\\\/oxycontin\\\/#breadcrumb\",\"itemListElement\":[{\"@type\":\"ListItem\",\"position\":1,\"name\":\"Home\",\"item\":\"https:\\\/\\\/gooddealersmeds.com\\\/da\\\/\"},{\"@type\":\"ListItem\",\"position\":2,\"name\":\"Produkter\",\"item\":\"https:\\\/\\\/gooddealersmeds.com\\\/da\\\/produkter\\\/\"},{\"@type\":\"ListItem\",\"position\":3,\"name\":\"Oxycontin til salg\"}]},{\"@type\":\"WebSite\",\"@id\":\"https:\\\/\\\/gooddealersmeds.com\\\/da\\\/#website\",\"url\":\"https:\\\/\\\/gooddealersmeds.com\\\/da\\\/\",\"name\":\"Good Dealers Meds\",\"description\":\"All our best\",\"publisher\":{\"@id\":\"https:\\\/\\\/gooddealersmeds.com\\\/da\\\/#organization\"},\"potentialAction\":[{\"@type\":\"SearchAction\",\"target\":{\"@type\":\"EntryPoint\",\"urlTemplate\":\"https:\\\/\\\/gooddealersmeds.com\\\/da\\\/?s={search_term_string}\"},\"query-input\":{\"@type\":\"PropertyValueSpecification\",\"valueRequired\":true,\"valueName\":\"search_term_string\"}}],\"inLanguage\":\"en-US\"},{\"@type\":\"Organization\",\"@id\":\"https:\\\/\\\/gooddealersmeds.com\\\/da\\\/#organization\",\"name\":\"Good Dealers Meds\",\"url\":\"https:\\\/\\\/gooddealersmeds.com\\\/da\\\/\",\"logo\":{\"@type\":\"ImageObject\",\"inLanguage\":\"en-US\",\"@id\":\"https:\\\/\\\/gooddealersmeds.com\\\/da\\\/#\\\/schema\\\/logo\\\/image\\\/\",\"url\":\"https:\\\/\\\/gooddealersmeds.com\\\/da\\\/wp-content\\\/uploads\\\/sites\\\/2\\\/2022\\\/03\\\/gooddealersmeds__logo__20220317T222800Z.00.png\",\"contentUrl\":\"https:\\\/\\\/gooddealersmeds.com\\\/da\\\/wp-content\\\/uploads\\\/sites\\\/2\\\/2022\\\/03\\\/gooddealersmeds__logo__20220317T222800Z.00.png\",\"width\":500,\"height\":325,\"caption\":\"Good Dealers Meds\"},\"image\":{\"@id\":\"https:\\\/\\\/gooddealersmeds.com\\\/da\\\/#\\\/schema\\\/logo\\\/image\\\/\"}}]}<\/script>\n<!-- \/ Yoast SEO Premium plugin. -->","yoast_head_json":{"title":"K\u00f8b Oxycontin Online | K\u00f8b Oxy online uden recept | Good Dealers Meds","description":"Oxycontin bruges til at lindre sv\u00e6r smerte. Det p\u00e5virker hjernen til at g\u00f8re det muligt for kroppen at modst\u00e5 smerte. k\u00f8b Oxycontin online, k\u00f8b oxy online.","robots":{"index":"index","follow":"follow","max-snippet":"max-snippet:-1","max-image-preview":"max-image-preview:large","max-video-preview":"max-video-preview:-1"},"canonical":"https:\/\/gooddealersmeds.com\/da\/product\/oxycontin\/","og_locale":"en_US","og_type":"article","og_title":"Oxycontin til salg","og_description":"Oxycontin bruges til at lindre sv\u00e6r smerte. Det p\u00e5virker hjernen til at g\u00f8re det muligt for kroppen at modst\u00e5 smerte. k\u00f8b Oxycontin online, k\u00f8b oxy online.","og_url":"https:\/\/gooddealersmeds.com\/da\/product\/oxycontin\/","og_site_name":"Good Dealers Meds","article_modified_time":"2023-01-18T20:34:54+00:00","og_image":[{"width":600,"height":450,"url":"https:\/\/gooddealersmeds.com\/da\/wp-content\/uploads\/sites\/2\/2022\/03\/Buy-Oxycontin-online-one.jpg","type":"image\/jpeg"}],"twitter_card":"summary_large_image","twitter_misc":{"Est. reading time":"2 minutes"},"schema":{"@context":"https:\/\/schema.org","@graph":[{"@type":"WebPage","@id":"https:\/\/gooddealersmeds.com\/da\/product\/oxycontin\/","url":"https:\/\/gooddealersmeds.com\/da\/product\/oxycontin\/","name":"K\u00f8b Oxycontin Online | K\u00f8b Oxy online uden recept | Good Dealers Meds","isPartOf":{"@id":"https:\/\/gooddealersmeds.com\/da\/#website"},"primaryImageOfPage":{"@id":"https:\/\/gooddealersmeds.com\/da\/product\/oxycontin\/#primaryimage"},"image":{"@id":"https:\/\/gooddealersmeds.com\/da\/product\/oxycontin\/#primaryimage"},"thumbnailUrl":"https:\/\/gooddealersmeds.com\/da\/wp-content\/uploads\/sites\/2\/2022\/03\/Buy-Oxycontin-online-one.jpg","datePublished":"2022-03-18T00:24:33+00:00","dateModified":"2023-01-18T20:34:54+00:00","description":"Oxycontin bruges til at lindre sv\u00e6r smerte. Det p\u00e5virker hjernen til at g\u00f8re det muligt for kroppen at modst\u00e5 smerte. k\u00f8b Oxycontin online, k\u00f8b oxy online.","breadcrumb":{"@id":"https:\/\/gooddealersmeds.com\/da\/product\/oxycontin\/#breadcrumb"},"inLanguage":"en-US","potentialAction":[{"@type":"ReadAction","target":["https:\/\/gooddealersmeds.com\/da\/product\/oxycontin\/"]}]},{"@type":"ImageObject","inLanguage":"en-US","@id":"https:\/\/gooddealersmeds.com\/da\/product\/oxycontin\/#primaryimage","url":"https:\/\/gooddealersmeds.com\/da\/wp-content\/uploads\/sites\/2\/2022\/03\/Buy-Oxycontin-online-one.jpg","contentUrl":"https:\/\/gooddealersmeds.com\/da\/wp-content\/uploads\/sites\/2\/2022\/03\/Buy-Oxycontin-online-one.jpg","width":600,"height":450,"caption":"Buy Oxycontin Online"},{"@type":"BreadcrumbList","@id":"https:\/\/gooddealersmeds.com\/da\/product\/oxycontin\/#breadcrumb","itemListElement":[{"@type":"ListItem","position":1,"name":"Home","item":"https:\/\/gooddealersmeds.com\/da\/"},{"@type":"ListItem","position":2,"name":"Produkter","item":"https:\/\/gooddealersmeds.com\/da\/produkter\/"},{"@type":"ListItem","position":3,"name":"Oxycontin til salg"}]},{"@type":"WebSite","@id":"https:\/\/gooddealersmeds.com\/da\/#website","url":"https:\/\/gooddealersmeds.com\/da\/","name":"Good Dealers Meds","description":"All our best","publisher":{"@id":"https:\/\/gooddealersmeds.com\/da\/#organization"},"potentialAction":[{"@type":"SearchAction","target":{"@type":"EntryPoint","urlTemplate":"https:\/\/gooddealersmeds.com\/da\/?s={search_term_string}"},"query-input":{"@type":"PropertyValueSpecification","valueRequired":true,"valueName":"search_term_string"}}],"inLanguage":"en-US"},{"@type":"Organization","@id":"https:\/\/gooddealersmeds.com\/da\/#organization","name":"Good Dealers Meds","url":"https:\/\/gooddealersmeds.com\/da\/","logo":{"@type":"ImageObject","inLanguage":"en-US","@id":"https:\/\/gooddealersmeds.com\/da\/#\/schema\/logo\/image\/","url":"https:\/\/gooddealersmeds.com\/da\/wp-content\/uploads\/sites\/2\/2022\/03\/gooddealersmeds__logo__20220317T222800Z.00.png","contentUrl":"https:\/\/gooddealersmeds.com\/da\/wp-content\/uploads\/sites\/2\/2022\/03\/gooddealersmeds__logo__20220317T222800Z.00.png","width":500,"height":325,"caption":"Good Dealers Meds"},"image":{"@id":"https:\/\/gooddealersmeds.com\/da\/#\/schema\/logo\/image\/"}}]}},"_links":{"self":[{"href":"https:\/\/gooddealersmeds.com\/da\/wp-json\/wp\/v2\/product\/1544","targetHints":{"allow":["GET"]}}],"collection":[{"href":"https:\/\/gooddealersmeds.com\/da\/wp-json\/wp\/v2\/product"}],"about":[{"href":"https:\/\/gooddealersmeds.com\/da\/wp-json\/wp\/v2\/types\/product"}],"replies":[{"embeddable":true,"href":"https:\/\/gooddealersmeds.com\/da\/wp-json\/wp\/v2\/comments?post=1544"}],"wp:featuredmedia":[{"embeddable":true,"href":"https:\/\/gooddealersmeds.com\/da\/wp-json\/wp\/v2\/media\/1553"}],"wp:attachment":[{"href":"https:\/\/gooddealersmeds.com\/da\/wp-json\/wp\/v2\/media?parent=1544"}],"wp:term":[{"taxonomy":"product_brand","embeddable":true,"href":"https:\/\/gooddealersmeds.com\/da\/wp-json\/wp\/v2\/product_brand?post=1544"},{"taxonomy":"product_cat","embeddable":true,"href":"https:\/\/gooddealersmeds.com\/da\/wp-json\/wp\/v2\/product_cat?post=1544"},{"taxonomy":"product_tag","embeddable":true,"href":"https:\/\/gooddealersmeds.com\/da\/wp-json\/wp\/v2\/product_tag?post=1544"}],"curies":[{"name":"wp","href":"https:\/\/api.w.org\/{rel}","templated":true}]}}