{"id":1524,"date":"2022-03-17T23:13:27","date_gmt":"2022-03-17T23:13:27","guid":{"rendered":"https:\/\/gooddealersmeds.com\/da\/?post_type=product&#038;p=1524"},"modified":"2023-01-18T20:41:37","modified_gmt":"2023-01-18T20:41:37","slug":"kob-adderall-online","status":"publish","type":"product","link":"https:\/\/gooddealersmeds.com\/da\/product\/kob-adderall-online\/","title":{"rendered":"K\u00f8b Adderall online"},"content":{"rendered":"<h2>K\u00f8b af Adderall online fra topklasse<\/h2>\n<p>De fleste kunder, der s\u00f8ger en 30-dages levering af generisk Adderall, foretr\u00e6kker at erhverve og genopfylde deres recept fra en velrenommeret kilde. Vores m\u00e5l er at tilbyde et sted, hvor patienter kan f\u00e5 deres recepter uanset deres forsikringsd\u00e6kning eller \u00f8konomiske situation. Med vores assistance kan du nemt K\u00f8b Adderall online og administrere dine recepter!<\/p>\n<p>Generisk Adderall (dextroamphetamin\/amfetamin) er en blanding af to centralnervesystemstimulerende l\u00e6gemidler, der bruges til at behandle opm\u00e6rksomhedsunderskud hyperaktivitetsforstyrrelser &#8211; ADHD. Det virker ved at h\u00e6ve noradrenalin og dopamin, to naturligt forekommende kemikalier i hjernen, der stimulerer hjerneaktivitet og kan hj\u00e6lpe dig med at v\u00e6re opm\u00e6rksom, holde fokus p\u00e5 en opgave og kontrollere adf\u00e6rdsproblemer. Det virker ved at \u00e6ndre m\u00e6ngden af \u200b\u200bvisse kemiske molekyler i hjernen.<\/p>\n<p><strong>Hvorfor skal du bestille Adderall hos os?<\/strong><\/p>\n<p>Amfetamin\/dextroamphetamin tilh\u00f8rer klassen af \u200b\u200bstimulerende stoffer. Det kan ogs\u00e5 hj\u00e6lpe med tilrettel\u00e6ggelse af arbejdet og udvikling af lytteevner. Denne medicin bruges ogs\u00e5 til at behandle en specifik s\u00f8vnforstyrrelse kendt som narkolepsi for at hj\u00e6lpe dig med at holde dig v\u00e5gen i l\u00f8bet af dagen. Det b\u00f8r ikke bruges til at behandle tr\u00e6thed eller til at udskyde at g\u00e5 i seng hos dem, der ikke har et s\u00f8vnproblem. K\u00f8b Adderall online<\/p>\n<p>Dosis er baseret p\u00e5 din medicinske tilstand og respons p\u00e5 behandlingen. For at f\u00e5 de st\u00f8rste fordele ved dette l\u00e6gemiddel, tag det ofte. Tag det p\u00e5 samme tid(er) hver dag for at hj\u00e6lpe med hukommelsen. Inaktive kemikalier i dette produkt kan for\u00e5rsage allergiske reaktioner eller andre komplikationer.<\/p>\n<p>Med det rigtige onlineapotek kan du finde genopfyldninger til din <a href=\"https:\/\/gooddealersmeds.com\/da\/product\/buy -adderall-online\/\">Adderall<\/a> recept til rimelige priser. Vi \u00f8nsker at nedbryde barrierer mellem patienter og den medicin, de skal bruge for at leve deres liv med minimale bivirkninger. Ved at f\u00e5 en forsyning af generisk Adderall hos os, f\u00e5r du adgang til den mest overkommelige m\u00e5de at f\u00e5 din ADHD-medicin p\u00e5.<\/p>\n<p>Du kan k\u00f8be Adderall online fra vores <a href=\"https:\/\/gooddealersmeds.com \/da\/products\/\">butik<\/a> med sikker forsendelse i hele vores Europa.<\/p>\n","protected":false},"excerpt":{"rendered":"<p>ADHD og narkolepsi er to hovedsygdomme, der kan \u00f8del\u00e6gge det f\u00e6lles liv for mennesker over hele verden. ADHD generelt er Attention Deficit Hypersensitivity Disorder, hvor de fleste mennesker m\u00e5ske ikke er i stand til at v\u00e6re opm\u00e6rksomme p\u00e5 eller fokusere p\u00e5 bestemte opgaver og ting i livet. Dette skyldes ubalancen i hjernens kemikalier, der f\u00f8rer til uopm\u00e6rksomhed. Man kan g\u00f8re brug af Adderall medicin til at behandle sp\u00f8rgsm\u00e5let om uopm\u00e6rksomhed, narkolepsi og hyperaktivitet. F\u00f8lelsen af \u200b\u200bdistraktion er meget almindelig ved ADHD-lidelser og med narkolepsi; folk har en tendens til at sove selv under de sk\u00e6ve timer af tiden. Med alt det sagt, kan Adderall blive en vane, hvis det misbruges uden ordentlig konsultation af en l\u00e6ge. S\u00f8rg ogs\u00e5 for ikke at give Adderall 30 mg til ukendte fremmede eller venner med historie med stofafh\u00e6ngighed og misbrug.<\/p>\n","protected":false},"featured_media":1532,"comment_status":"open","ping_status":"closed","template":"","meta":{"inline_featured_image":false},"product_brand":[],"product_cat":[346],"product_tag":[],"class_list":{"0":"post-1524","1":"product","2":"type-product","3":"status-publish","4":"has-post-thumbnail","6":"product_cat-stimulanser","7":"pa_pills-100-pills","8":"pa_pills-1000-pills","9":"pa_pills-30-pills","10":"pa_pills-300-pills","11":"pa_pills-50-pills","12":"pa_pills-500-pills","14":"first","15":"instock","16":"featured","17":"shipping-taxable","18":"purchasable","19":"product-type-variable","20":"has-default-attributes"},"yoast_head":"<!-- This site is optimized with the Yoast SEO Premium plugin v20.6 (Yoast SEO v27.4) - https:\/\/yoast.com\/product\/yoast-seo-premium-wordpress\/ -->\n<title>K\u00f8b Adderall Online - Billig Adderall til salg 30mg | Good Dealers Meds<\/title>\n<meta name=\"description\" content=\"K\u00f8b adderall online 30mg uden recept til billig pris fra Good Dealers Meds til behandling af ADHD og Narkolepsi.\" \/>\n<meta name=\"robots\" content=\"index, follow, max-snippet:-1, max-image-preview:large, max-video-preview:-1\" \/>\n<link rel=\"canonical\" href=\"https:\/\/gooddealersmeds.com\/da\/product\/kob-adderall-online\/\" \/>\n<meta property=\"og:locale\" content=\"en_US\" \/>\n<meta property=\"og:type\" content=\"article\" \/>\n<meta property=\"og:title\" content=\"K\u00f8b Adderall online\" \/>\n<meta property=\"og:description\" content=\"K\u00f8b adderall online 30mg uden recept til billig pris fra Good Dealers Meds til behandling af ADHD og Narkolepsi.\" \/>\n<meta property=\"og:url\" content=\"https:\/\/gooddealersmeds.com\/da\/product\/kob-adderall-online\/\" \/>\n<meta property=\"og:site_name\" content=\"Good Dealers Meds\" \/>\n<meta property=\"article:modified_time\" content=\"2023-01-18T20:41:37+00:00\" \/>\n<meta property=\"og:image\" content=\"https:\/\/gooddealersmeds.com\/da\/wp-content\/uploads\/sites\/2\/2022\/03\/buy-adderall-online1.jpg\" \/>\n\t<meta property=\"og:image:width\" content=\"300\" \/>\n\t<meta property=\"og:image:height\" content=\"300\" \/>\n\t<meta property=\"og:image:type\" content=\"image\/jpeg\" \/>\n<meta name=\"twitter:card\" content=\"summary_large_image\" \/>\n<meta name=\"twitter:label1\" content=\"Est. reading time\" \/>\n\t<meta name=\"twitter:data1\" content=\"2 minutes\" \/>\n<script type=\"application\/ld+json\" class=\"yoast-schema-graph\">{\"@context\":\"https:\\\/\\\/schema.org\",\"@graph\":[{\"@type\":\"WebPage\",\"@id\":\"https:\\\/\\\/gooddealersmeds.com\\\/da\\\/product\\\/kob-adderall-online\\\/\",\"url\":\"https:\\\/\\\/gooddealersmeds.com\\\/da\\\/product\\\/kob-adderall-online\\\/\",\"name\":\"K\u00f8b Adderall Online - Billig Adderall til salg 30mg | Good Dealers Meds\",\"isPartOf\":{\"@id\":\"https:\\\/\\\/gooddealersmeds.com\\\/da\\\/#website\"},\"primaryImageOfPage\":{\"@id\":\"https:\\\/\\\/gooddealersmeds.com\\\/da\\\/product\\\/kob-adderall-online\\\/#primaryimage\"},\"image\":{\"@id\":\"https:\\\/\\\/gooddealersmeds.com\\\/da\\\/product\\\/kob-adderall-online\\\/#primaryimage\"},\"thumbnailUrl\":\"https:\\\/\\\/gooddealersmeds.com\\\/da\\\/wp-content\\\/uploads\\\/sites\\\/2\\\/2022\\\/03\\\/buy-adderall-online1.jpg\",\"datePublished\":\"2022-03-17T23:13:27+00:00\",\"dateModified\":\"2023-01-18T20:41:37+00:00\",\"description\":\"K\u00f8b adderall online 30mg uden recept til billig pris fra Good Dealers Meds til behandling af ADHD og Narkolepsi.\",\"breadcrumb\":{\"@id\":\"https:\\\/\\\/gooddealersmeds.com\\\/da\\\/product\\\/kob-adderall-online\\\/#breadcrumb\"},\"inLanguage\":\"en-US\",\"potentialAction\":[{\"@type\":\"ReadAction\",\"target\":[\"https:\\\/\\\/gooddealersmeds.com\\\/da\\\/product\\\/kob-adderall-online\\\/\"]}]},{\"@type\":\"ImageObject\",\"inLanguage\":\"en-US\",\"@id\":\"https:\\\/\\\/gooddealersmeds.com\\\/da\\\/product\\\/kob-adderall-online\\\/#primaryimage\",\"url\":\"https:\\\/\\\/gooddealersmeds.com\\\/da\\\/wp-content\\\/uploads\\\/sites\\\/2\\\/2022\\\/03\\\/buy-adderall-online1.jpg\",\"contentUrl\":\"https:\\\/\\\/gooddealersmeds.com\\\/da\\\/wp-content\\\/uploads\\\/sites\\\/2\\\/2022\\\/03\\\/buy-adderall-online1.jpg\",\"width\":300,\"height\":300,\"caption\":\"Buy Adderall Online\"},{\"@type\":\"BreadcrumbList\",\"@id\":\"https:\\\/\\\/gooddealersmeds.com\\\/da\\\/product\\\/kob-adderall-online\\\/#breadcrumb\",\"itemListElement\":[{\"@type\":\"ListItem\",\"position\":1,\"name\":\"Home\",\"item\":\"https:\\\/\\\/gooddealersmeds.com\\\/da\\\/\"},{\"@type\":\"ListItem\",\"position\":2,\"name\":\"Produkter\",\"item\":\"https:\\\/\\\/gooddealersmeds.com\\\/da\\\/produkter\\\/\"},{\"@type\":\"ListItem\",\"position\":3,\"name\":\"K\u00f8b Adderall online\"}]},{\"@type\":\"WebSite\",\"@id\":\"https:\\\/\\\/gooddealersmeds.com\\\/da\\\/#website\",\"url\":\"https:\\\/\\\/gooddealersmeds.com\\\/da\\\/\",\"name\":\"Good Dealers Meds\",\"description\":\"All our best\",\"publisher\":{\"@id\":\"https:\\\/\\\/gooddealersmeds.com\\\/da\\\/#organization\"},\"potentialAction\":[{\"@type\":\"SearchAction\",\"target\":{\"@type\":\"EntryPoint\",\"urlTemplate\":\"https:\\\/\\\/gooddealersmeds.com\\\/da\\\/?s={search_term_string}\"},\"query-input\":{\"@type\":\"PropertyValueSpecification\",\"valueRequired\":true,\"valueName\":\"search_term_string\"}}],\"inLanguage\":\"en-US\"},{\"@type\":\"Organization\",\"@id\":\"https:\\\/\\\/gooddealersmeds.com\\\/da\\\/#organization\",\"name\":\"Good Dealers Meds\",\"url\":\"https:\\\/\\\/gooddealersmeds.com\\\/da\\\/\",\"logo\":{\"@type\":\"ImageObject\",\"inLanguage\":\"en-US\",\"@id\":\"https:\\\/\\\/gooddealersmeds.com\\\/da\\\/#\\\/schema\\\/logo\\\/image\\\/\",\"url\":\"https:\\\/\\\/gooddealersmeds.com\\\/da\\\/wp-content\\\/uploads\\\/sites\\\/2\\\/2022\\\/03\\\/gooddealersmeds__logo__20220317T222800Z.00.png\",\"contentUrl\":\"https:\\\/\\\/gooddealersmeds.com\\\/da\\\/wp-content\\\/uploads\\\/sites\\\/2\\\/2022\\\/03\\\/gooddealersmeds__logo__20220317T222800Z.00.png\",\"width\":500,\"height\":325,\"caption\":\"Good Dealers Meds\"},\"image\":{\"@id\":\"https:\\\/\\\/gooddealersmeds.com\\\/da\\\/#\\\/schema\\\/logo\\\/image\\\/\"}}]}<\/script>\n<!-- \/ Yoast SEO Premium plugin. -->","yoast_head_json":{"title":"K\u00f8b Adderall Online - Billig Adderall til salg 30mg | Good Dealers Meds","description":"K\u00f8b adderall online 30mg uden recept til billig pris fra Good Dealers Meds til behandling af ADHD og Narkolepsi.","robots":{"index":"index","follow":"follow","max-snippet":"max-snippet:-1","max-image-preview":"max-image-preview:large","max-video-preview":"max-video-preview:-1"},"canonical":"https:\/\/gooddealersmeds.com\/da\/product\/kob-adderall-online\/","og_locale":"en_US","og_type":"article","og_title":"K\u00f8b Adderall online","og_description":"K\u00f8b adderall online 30mg uden recept til billig pris fra Good Dealers Meds til behandling af ADHD og Narkolepsi.","og_url":"https:\/\/gooddealersmeds.com\/da\/product\/kob-adderall-online\/","og_site_name":"Good Dealers Meds","article_modified_time":"2023-01-18T20:41:37+00:00","og_image":[{"width":300,"height":300,"url":"https:\/\/gooddealersmeds.com\/da\/wp-content\/uploads\/sites\/2\/2022\/03\/buy-adderall-online1.jpg","type":"image\/jpeg"}],"twitter_card":"summary_large_image","twitter_misc":{"Est. reading time":"2 minutes"},"schema":{"@context":"https:\/\/schema.org","@graph":[{"@type":"WebPage","@id":"https:\/\/gooddealersmeds.com\/da\/product\/kob-adderall-online\/","url":"https:\/\/gooddealersmeds.com\/da\/product\/kob-adderall-online\/","name":"K\u00f8b Adderall Online - Billig Adderall til salg 30mg | Good Dealers Meds","isPartOf":{"@id":"https:\/\/gooddealersmeds.com\/da\/#website"},"primaryImageOfPage":{"@id":"https:\/\/gooddealersmeds.com\/da\/product\/kob-adderall-online\/#primaryimage"},"image":{"@id":"https:\/\/gooddealersmeds.com\/da\/product\/kob-adderall-online\/#primaryimage"},"thumbnailUrl":"https:\/\/gooddealersmeds.com\/da\/wp-content\/uploads\/sites\/2\/2022\/03\/buy-adderall-online1.jpg","datePublished":"2022-03-17T23:13:27+00:00","dateModified":"2023-01-18T20:41:37+00:00","description":"K\u00f8b adderall online 30mg uden recept til billig pris fra Good Dealers Meds til behandling af ADHD og Narkolepsi.","breadcrumb":{"@id":"https:\/\/gooddealersmeds.com\/da\/product\/kob-adderall-online\/#breadcrumb"},"inLanguage":"en-US","potentialAction":[{"@type":"ReadAction","target":["https:\/\/gooddealersmeds.com\/da\/product\/kob-adderall-online\/"]}]},{"@type":"ImageObject","inLanguage":"en-US","@id":"https:\/\/gooddealersmeds.com\/da\/product\/kob-adderall-online\/#primaryimage","url":"https:\/\/gooddealersmeds.com\/da\/wp-content\/uploads\/sites\/2\/2022\/03\/buy-adderall-online1.jpg","contentUrl":"https:\/\/gooddealersmeds.com\/da\/wp-content\/uploads\/sites\/2\/2022\/03\/buy-adderall-online1.jpg","width":300,"height":300,"caption":"Buy Adderall Online"},{"@type":"BreadcrumbList","@id":"https:\/\/gooddealersmeds.com\/da\/product\/kob-adderall-online\/#breadcrumb","itemListElement":[{"@type":"ListItem","position":1,"name":"Home","item":"https:\/\/gooddealersmeds.com\/da\/"},{"@type":"ListItem","position":2,"name":"Produkter","item":"https:\/\/gooddealersmeds.com\/da\/produkter\/"},{"@type":"ListItem","position":3,"name":"K\u00f8b Adderall online"}]},{"@type":"WebSite","@id":"https:\/\/gooddealersmeds.com\/da\/#website","url":"https:\/\/gooddealersmeds.com\/da\/","name":"Good Dealers Meds","description":"All our best","publisher":{"@id":"https:\/\/gooddealersmeds.com\/da\/#organization"},"potentialAction":[{"@type":"SearchAction","target":{"@type":"EntryPoint","urlTemplate":"https:\/\/gooddealersmeds.com\/da\/?s={search_term_string}"},"query-input":{"@type":"PropertyValueSpecification","valueRequired":true,"valueName":"search_term_string"}}],"inLanguage":"en-US"},{"@type":"Organization","@id":"https:\/\/gooddealersmeds.com\/da\/#organization","name":"Good Dealers Meds","url":"https:\/\/gooddealersmeds.com\/da\/","logo":{"@type":"ImageObject","inLanguage":"en-US","@id":"https:\/\/gooddealersmeds.com\/da\/#\/schema\/logo\/image\/","url":"https:\/\/gooddealersmeds.com\/da\/wp-content\/uploads\/sites\/2\/2022\/03\/gooddealersmeds__logo__20220317T222800Z.00.png","contentUrl":"https:\/\/gooddealersmeds.com\/da\/wp-content\/uploads\/sites\/2\/2022\/03\/gooddealersmeds__logo__20220317T222800Z.00.png","width":500,"height":325,"caption":"Good Dealers Meds"},"image":{"@id":"https:\/\/gooddealersmeds.com\/da\/#\/schema\/logo\/image\/"}}]}},"_links":{"self":[{"href":"https:\/\/gooddealersmeds.com\/da\/wp-json\/wp\/v2\/product\/1524","targetHints":{"allow":["GET"]}}],"collection":[{"href":"https:\/\/gooddealersmeds.com\/da\/wp-json\/wp\/v2\/product"}],"about":[{"href":"https:\/\/gooddealersmeds.com\/da\/wp-json\/wp\/v2\/types\/product"}],"replies":[{"embeddable":true,"href":"https:\/\/gooddealersmeds.com\/da\/wp-json\/wp\/v2\/comments?post=1524"}],"wp:featuredmedia":[{"embeddable":true,"href":"https:\/\/gooddealersmeds.com\/da\/wp-json\/wp\/v2\/media\/1532"}],"wp:attachment":[{"href":"https:\/\/gooddealersmeds.com\/da\/wp-json\/wp\/v2\/media?parent=1524"}],"wp:term":[{"taxonomy":"product_brand","embeddable":true,"href":"https:\/\/gooddealersmeds.com\/da\/wp-json\/wp\/v2\/product_brand?post=1524"},{"taxonomy":"product_cat","embeddable":true,"href":"https:\/\/gooddealersmeds.com\/da\/wp-json\/wp\/v2\/product_cat?post=1524"},{"taxonomy":"product_tag","embeddable":true,"href":"https:\/\/gooddealersmeds.com\/da\/wp-json\/wp\/v2\/product_tag?post=1524"}],"curies":[{"name":"wp","href":"https:\/\/api.w.org\/{rel}","templated":true}]}}